{"id":10056,"date":"2018-12-29T22:05:19","date_gmt":"2018-12-29T21:05:19","guid":{"rendered":"https:\/\/www.gleichcom.samuraidev.ch\/?product=weisser-blindenstock-aus-holz-ossenberg-gehstock-fritzgriff"},"modified":"1000-01-01T00:00:00","modified_gmt":"1000-01-01T00:00:00","slug":"weisser-blindenstock-aus-holz-ossenberg-gehstock-fritzgriff","status":"publish","type":"product","link":"https:\/\/www.gleichcom.samuraidev.ch\/fr\/shop\/weisser-blindenstock-aus-holz-ossenberg-gehstock-fritzgriff\/","title":{"rendered":"Canne blanche en bois Ossenberg Poign\u00e9e Fritz"},"content":{"rendered":"<p><strong>Canne blanche en bois Ossenberg Canne Fritz poign\u00e9e<\/strong><br \/>\n\u00a0<br \/>\nVisibilit\u00e9 optimale et prise en main parfaite<br \/>\nQue ce soit pour faire vos courses, pour vous promener ou dans votre appartement : avec cette canne en bois, vous vous d\u00e9placez en toute s\u00e9curit\u00e9 au quotidien. La capsule en caoutchouc fix\u00e9e \u00e0 l&rsquo;extr\u00e9mit\u00e9 de la canne est antid\u00e9rapante et assure un maintien parfait. Gr\u00e2ce \u00e0 sa couleur blanche lumineuse, la canne a un effet de signalisation optique qui vous permet d&rsquo;\u00eatre bien vu m\u00eame dans des conditions de faible luminosit\u00e9. C&rsquo;est justement tr\u00e8s important pour les personnes aveugles. Pour \u00eatre encore plus visible, la canne en bois peut \u00eatre \u00e9quip\u00e9e en option d&rsquo;un film adh\u00e9sif r\u00e9fl\u00e9chissant de couleur argent\u00e9e ou jaune. Il suffit de le commander !<br \/>\n\u00a0<br \/>\n<strong>Poign\u00e9e Fritz pratique<\/strong><br \/>\nLa forme de la poign\u00e9e remonte au roi de Prusse Fr\u00e9d\u00e9ric II (\u00e9galement appel\u00e9 Le Vieux Fritz), qui a popularis\u00e9 cette forme. La poign\u00e9e n&rsquo;est pas courb\u00e9e, mais plac\u00e9e presque \u00e0 angle droit par rapport \u00e0 la canne, ce qui facilite l&rsquo;appui.<br \/>\n\u00a0<br \/>\nConvient pour la droite et la gauche<br \/>\nLa canne avec poign\u00e9e Fritz convient aux gauchers et aux droitiers. La canne peut supporter une charge allant jusqu&rsquo;\u00e0 100 kg.<br \/>\n\u00a0<br \/>\n<strong>En un coup d&rsquo;\u0153il<\/strong><\/p>\n<p>\u00a0\u00a0\u00a0 Canne en bois robuste et stable<br \/>\n\u00a0\u00a0\u00a0 La couleur blanche assure un effet de signalisation optimal<br \/>\n\u00a0\u00a0\u00a0 Finition avec capsule en caoutchouc pour un maintien s\u00fbr<br \/>\n\u00a0\u00a0\u00a0 Poign\u00e9e adapt\u00e9e aux droitiers et aux gauchers<br \/>\n\u00a0\u00a0\u00a0 Poign\u00e9e Fritz<br \/>\n\u00a0\u00a0\u00a0 Unisexe<br \/>\n\u00a0\u00a0\u00a0 Capacit\u00e9 de charge : jusqu&rsquo;\u00e0 100 Kg<br \/>\n\u00a0\u00a0\u00a0 Longueur : max. 91 cm<\/p>\n<p><strong>Contenu de la livraison<\/strong><\/p>\n<p>\u00a0\u00a0\u00a0 1 x canne en bois blanche avec poign\u00e9e Fritz<\/p>\n","protected":false},"excerpt":{"rendered":"<p>Canne blanche pour aveugles en bois avec poign\u00e9e Fritz et pied en caoutchouc. Stable et antid\u00e9rapante.<\/p>\n","protected":false},"featured_media":10051,"template":"","meta":{"inline_featured_image":false,"_uag_custom_page_level_css":"","site-sidebar-layout":"default","site-content-layout":"","ast-site-content-layout":"default","site-content-style":"default","site-sidebar-style":"default","ast-global-header-display":"","ast-banner-title-visibility":"","ast-main-header-display":"","ast-hfb-above-header-display":"","ast-hfb-below-header-display":"","ast-hfb-mobile-header-display":"","site-post-title":"","ast-breadcrumbs-content":"","ast-featured-img":"","footer-sml-layout":"","ast-disable-related-posts":"","theme-transparent-header-meta":"","adv-header-id-meta":"","stick-header-meta":"","header-above-stick-meta":"","header-main-stick-meta":"","header-below-stick-meta":"","astra-migrate-meta-layouts":"default","ast-page-background-enabled":"default","ast-page-background-meta":{"desktop":{"background-color":"","background-image":"","background-repeat":"repeat","background-position":"center center","background-size":"auto","background-attachment":"scroll","background-type":"","background-media":"","overlay-type":"","overlay-color":"","overlay-opacity":"","overlay-gradient":""},"tablet":{"background-color":"","background-image":"","background-repeat":"repeat","background-position":"center center","background-size":"auto","background-attachment":"scroll","background-type":"","background-media":"","overlay-type":"","overlay-color":"","overlay-opacity":"","overlay-gradient":""},"mobile":{"background-color":"","background-image":"","background-repeat":"repeat","background-position":"center center","background-size":"auto","background-attachment":"scroll","background-type":"","background-media":"","overlay-type":"","overlay-color":"","overlay-opacity":"","overlay-gradient":""}},"ast-content-background-meta":{"desktop":{"background-color":"var(--ast-global-color-5)","background-image":"","background-repeat":"repeat","background-position":"center center","background-size":"auto","background-attachment":"scroll","background-type":"","background-media":"","overlay-type":"","overlay-color":"","overlay-opacity":"","overlay-gradient":""},"tablet":{"background-color":"var(--ast-global-color-5)","background-image":"","background-repeat":"repeat","background-position":"center center","background-size":"auto","background-attachment":"scroll","background-type":"","background-media":"","overlay-type":"","overlay-color":"","overlay-opacity":"","overlay-gradient":""},"mobile":{"background-color":"var(--ast-global-color-5)","background-image":"","background-repeat":"repeat","background-position":"center center","background-size":"auto","background-attachment":"scroll","background-type":"","background-media":"","overlay-type":"","overlay-color":"","overlay-opacity":"","overlay-gradient":""}}},"product_brand":[],"product_cat":[3008],"product_tag":[],"class_list":{"0":"post-10056","1":"product","2":"type-product","3":"status-publish","4":"has-post-thumbnail","6":"product_cat-canne-pour-aveugles-fr","7":"desktop-align-center","8":"tablet-align-center","9":"mobile-align-center","10":"ast-product-gallery-layout-horizontal-slider","11":"ast-product-tabs-layout-accordion","13":"first","14":"onbackorder","15":"taxable","16":"shipping-taxable","17":"purchasable","18":"product-type-simple"},"yoast_head":"<!-- This site is optimized with the Yoast SEO plugin v27.6 - https:\/\/yoast.com\/product\/yoast-seo-wordpress\/ -->\n<title>Canne blanche en bois Ossenberg Poign\u00e9e Fritz im Onlineshop | Gleichcom AG<\/title>\n<meta name=\"description\" content=\"\u2705 Canne blanche pour aveugles en bois avec poign\u00e9e Fritz et pied en caoutchouc. Stable et antid\u00e9rapante.\" \/>\n<meta name=\"robots\" content=\"noindex, follow, max-snippet:-1, max-image-preview:large, max-video-preview:-1\" \/>\n<meta property=\"og:locale\" content=\"fr_FR\" \/>\n<meta property=\"og:type\" content=\"article\" \/>\n<meta property=\"og:title\" content=\"Canne blanche en bois Ossenberg Poign\u00e9e Fritz im Onlineshop | Gleichcom AG\" \/>\n<meta property=\"og:description\" content=\"\u2705 Canne blanche pour aveugles en bois avec poign\u00e9e Fritz et pied en caoutchouc. Stable et antid\u00e9rapante.\" \/>\n<meta property=\"og:url\" content=\"https:\/\/www.gleichcom.samuraidev.ch\/fr\/shop\/weisser-blindenstock-aus-holz-ossenberg-gehstock-fritzgriff\/\" \/>\n<meta property=\"og:site_name\" content=\"Gleichcom AG\" \/>\n<meta property=\"article:publisher\" content=\"https:\/\/www.facebook.com\/profile.php?id=100068749126981\" \/>\n<meta property=\"og:image\" content=\"https:\/\/www.gleichcom.samuraidev.ch\/wp-content\/uploads\/2023\/09\/weisserblindenstockausholzossenberggehstockfritzgriffots008601_z1.jpg\" \/>\n\t<meta property=\"og:image:width\" content=\"500\" \/>\n\t<meta property=\"og:image:height\" content=\"500\" \/>\n\t<meta property=\"og:image:type\" content=\"image\/jpeg\" \/>\n<meta name=\"twitter:card\" content=\"summary_large_image\" \/>\n<script type=\"application\/ld+json\" class=\"yoast-schema-graph\">{\"@context\":\"https:\\\/\\\/schema.org\",\"@graph\":[{\"@type\":\"WebPage\",\"@id\":\"https:\\\/\\\/www.gleichcom.samuraidev.ch\\\/fr\\\/shop\\\/weisser-blindenstock-aus-holz-ossenberg-gehstock-fritzgriff\\\/\",\"url\":\"https:\\\/\\\/www.gleichcom.samuraidev.ch\\\/fr\\\/shop\\\/weisser-blindenstock-aus-holz-ossenberg-gehstock-fritzgriff\\\/\",\"name\":\"Canne blanche en bois Ossenberg Poign\u00e9e Fritz im Onlineshop | Gleichcom AG\",\"isPartOf\":{\"@id\":\"https:\\\/\\\/www.gleichcom.samuraidev.ch\\\/fr\\\/#website\"},\"primaryImageOfPage\":{\"@id\":\"https:\\\/\\\/www.gleichcom.samuraidev.ch\\\/fr\\\/shop\\\/weisser-blindenstock-aus-holz-ossenberg-gehstock-fritzgriff\\\/#primaryimage\"},\"image\":{\"@id\":\"https:\\\/\\\/www.gleichcom.samuraidev.ch\\\/fr\\\/shop\\\/weisser-blindenstock-aus-holz-ossenberg-gehstock-fritzgriff\\\/#primaryimage\"},\"thumbnailUrl\":\"https:\\\/\\\/www.gleichcom.samuraidev.ch\\\/wp-content\\\/uploads\\\/2023\\\/09\\\/weisserblindenstockausholzossenberggehstockfritzgriffots008601_z1.jpg\",\"datePublished\":\"2018-12-29T21:05:19+00:00\",\"description\":\"\u2705 Canne blanche pour aveugles en bois avec poign\u00e9e Fritz et pied en caoutchouc. Stable et antid\u00e9rapante.\",\"breadcrumb\":{\"@id\":\"https:\\\/\\\/www.gleichcom.samuraidev.ch\\\/fr\\\/shop\\\/weisser-blindenstock-aus-holz-ossenberg-gehstock-fritzgriff\\\/#breadcrumb\"},\"inLanguage\":\"fr-FR\",\"potentialAction\":[{\"@type\":\"ReadAction\",\"target\":[\"https:\\\/\\\/www.gleichcom.samuraidev.ch\\\/fr\\\/shop\\\/weisser-blindenstock-aus-holz-ossenberg-gehstock-fritzgriff\\\/\"]}]},{\"@type\":\"ImageObject\",\"inLanguage\":\"fr-FR\",\"@id\":\"https:\\\/\\\/www.gleichcom.samuraidev.ch\\\/fr\\\/shop\\\/weisser-blindenstock-aus-holz-ossenberg-gehstock-fritzgriff\\\/#primaryimage\",\"url\":\"https:\\\/\\\/www.gleichcom.samuraidev.ch\\\/wp-content\\\/uploads\\\/2023\\\/09\\\/weisserblindenstockausholzossenberggehstockfritzgriffots008601_z1.jpg\",\"contentUrl\":\"https:\\\/\\\/www.gleichcom.samuraidev.ch\\\/wp-content\\\/uploads\\\/2023\\\/09\\\/weisserblindenstockausholzossenberggehstockfritzgriffots008601_z1.jpg\",\"width\":500,\"height\":500},{\"@type\":\"BreadcrumbList\",\"@id\":\"https:\\\/\\\/www.gleichcom.samuraidev.ch\\\/fr\\\/shop\\\/weisser-blindenstock-aus-holz-ossenberg-gehstock-fritzgriff\\\/#breadcrumb\",\"itemListElement\":[{\"@type\":\"ListItem\",\"position\":1,\"name\":\"Startseite\",\"item\":\"https:\\\/\\\/www.gleichcom.samuraidev.ch\\\/fr\\\/\"},{\"@type\":\"ListItem\",\"position\":2,\"name\":\"Shop\",\"item\":\"https:\\\/\\\/www.gleichcom.samuraidev.ch\\\/fr\\\/shop\\\/\"},{\"@type\":\"ListItem\",\"position\":3,\"name\":\"Canne blanche en bois Ossenberg Poign\u00e9e Fritz\"}]},{\"@type\":\"WebSite\",\"@id\":\"https:\\\/\\\/www.gleichcom.samuraidev.ch\\\/fr\\\/#website\",\"url\":\"https:\\\/\\\/www.gleichcom.samuraidev.ch\\\/fr\\\/\",\"name\":\"Gleichcom AG\",\"description\":\"besser h\u00f6ren. besser sehen. besser leben.\",\"publisher\":{\"@id\":\"https:\\\/\\\/www.gleichcom.samuraidev.ch\\\/fr\\\/#organization\"},\"alternateName\":\"Gleichcom\",\"potentialAction\":[{\"@type\":\"SearchAction\",\"target\":{\"@type\":\"EntryPoint\",\"urlTemplate\":\"https:\\\/\\\/www.gleichcom.samuraidev.ch\\\/fr\\\/?s={search_term_string}\"},\"query-input\":{\"@type\":\"PropertyValueSpecification\",\"valueRequired\":true,\"valueName\":\"search_term_string\"}}],\"inLanguage\":\"fr-FR\"},{\"@type\":\"Organization\",\"@id\":\"https:\\\/\\\/www.gleichcom.samuraidev.ch\\\/fr\\\/#organization\",\"name\":\"Gleichcom AG\",\"alternateName\":\"Gleichcom\",\"url\":\"https:\\\/\\\/www.gleichcom.samuraidev.ch\\\/fr\\\/\",\"logo\":{\"@type\":\"ImageObject\",\"inLanguage\":\"fr-FR\",\"@id\":\"https:\\\/\\\/www.gleichcom.samuraidev.ch\\\/fr\\\/#\\\/schema\\\/logo\\\/image\\\/\",\"url\":\"https:\\\/\\\/www.gleichcom.samuraidev.ch\\\/wp-content\\\/uploads\\\/2023\\\/09\\\/gleichcom-ag-logo-quadrat-farbig-mitte@696.png\",\"contentUrl\":\"https:\\\/\\\/www.gleichcom.samuraidev.ch\\\/wp-content\\\/uploads\\\/2023\\\/09\\\/gleichcom-ag-logo-quadrat-farbig-mitte@696.png\",\"width\":437,\"height\":437,\"caption\":\"Gleichcom AG\"},\"image\":{\"@id\":\"https:\\\/\\\/www.gleichcom.samuraidev.ch\\\/fr\\\/#\\\/schema\\\/logo\\\/image\\\/\"},\"sameAs\":[\"https:\\\/\\\/www.facebook.com\\\/profile.php?id=100068749126981\"]}]}<\/script>\n<!-- \/ Yoast SEO plugin. -->","yoast_head_json":{"title":"Canne blanche en bois Ossenberg Poign\u00e9e Fritz im Onlineshop | Gleichcom AG","description":"\u2705 Canne blanche pour aveugles en bois avec poign\u00e9e Fritz et pied en caoutchouc. Stable et antid\u00e9rapante.","robots":{"index":"noindex","follow":"follow","max-snippet":"max-snippet:-1","max-image-preview":"max-image-preview:large","max-video-preview":"max-video-preview:-1"},"og_locale":"fr_FR","og_type":"article","og_title":"Canne blanche en bois Ossenberg Poign\u00e9e Fritz im Onlineshop | Gleichcom AG","og_description":"\u2705 Canne blanche pour aveugles en bois avec poign\u00e9e Fritz et pied en caoutchouc. Stable et antid\u00e9rapante.","og_url":"https:\/\/www.gleichcom.samuraidev.ch\/fr\/shop\/weisser-blindenstock-aus-holz-ossenberg-gehstock-fritzgriff\/","og_site_name":"Gleichcom AG","article_publisher":"https:\/\/www.facebook.com\/profile.php?id=100068749126981","og_image":[{"width":500,"height":500,"url":"https:\/\/www.gleichcom.samuraidev.ch\/wp-content\/uploads\/2023\/09\/weisserblindenstockausholzossenberggehstockfritzgriffots008601_z1.jpg","type":"image\/jpeg"}],"twitter_card":"summary_large_image","schema":{"@context":"https:\/\/schema.org","@graph":[{"@type":"WebPage","@id":"https:\/\/www.gleichcom.samuraidev.ch\/fr\/shop\/weisser-blindenstock-aus-holz-ossenberg-gehstock-fritzgriff\/","url":"https:\/\/www.gleichcom.samuraidev.ch\/fr\/shop\/weisser-blindenstock-aus-holz-ossenberg-gehstock-fritzgriff\/","name":"Canne blanche en bois Ossenberg Poign\u00e9e Fritz im Onlineshop | Gleichcom AG","isPartOf":{"@id":"https:\/\/www.gleichcom.samuraidev.ch\/fr\/#website"},"primaryImageOfPage":{"@id":"https:\/\/www.gleichcom.samuraidev.ch\/fr\/shop\/weisser-blindenstock-aus-holz-ossenberg-gehstock-fritzgriff\/#primaryimage"},"image":{"@id":"https:\/\/www.gleichcom.samuraidev.ch\/fr\/shop\/weisser-blindenstock-aus-holz-ossenberg-gehstock-fritzgriff\/#primaryimage"},"thumbnailUrl":"https:\/\/www.gleichcom.samuraidev.ch\/wp-content\/uploads\/2023\/09\/weisserblindenstockausholzossenberggehstockfritzgriffots008601_z1.jpg","datePublished":"2018-12-29T21:05:19+00:00","description":"\u2705 Canne blanche pour aveugles en bois avec poign\u00e9e Fritz et pied en caoutchouc. Stable et antid\u00e9rapante.","breadcrumb":{"@id":"https:\/\/www.gleichcom.samuraidev.ch\/fr\/shop\/weisser-blindenstock-aus-holz-ossenberg-gehstock-fritzgriff\/#breadcrumb"},"inLanguage":"fr-FR","potentialAction":[{"@type":"ReadAction","target":["https:\/\/www.gleichcom.samuraidev.ch\/fr\/shop\/weisser-blindenstock-aus-holz-ossenberg-gehstock-fritzgriff\/"]}]},{"@type":"ImageObject","inLanguage":"fr-FR","@id":"https:\/\/www.gleichcom.samuraidev.ch\/fr\/shop\/weisser-blindenstock-aus-holz-ossenberg-gehstock-fritzgriff\/#primaryimage","url":"https:\/\/www.gleichcom.samuraidev.ch\/wp-content\/uploads\/2023\/09\/weisserblindenstockausholzossenberggehstockfritzgriffots008601_z1.jpg","contentUrl":"https:\/\/www.gleichcom.samuraidev.ch\/wp-content\/uploads\/2023\/09\/weisserblindenstockausholzossenberggehstockfritzgriffots008601_z1.jpg","width":500,"height":500},{"@type":"BreadcrumbList","@id":"https:\/\/www.gleichcom.samuraidev.ch\/fr\/shop\/weisser-blindenstock-aus-holz-ossenberg-gehstock-fritzgriff\/#breadcrumb","itemListElement":[{"@type":"ListItem","position":1,"name":"Startseite","item":"https:\/\/www.gleichcom.samuraidev.ch\/fr\/"},{"@type":"ListItem","position":2,"name":"Shop","item":"https:\/\/www.gleichcom.samuraidev.ch\/fr\/shop\/"},{"@type":"ListItem","position":3,"name":"Canne blanche en bois Ossenberg Poign\u00e9e Fritz"}]},{"@type":"WebSite","@id":"https:\/\/www.gleichcom.samuraidev.ch\/fr\/#website","url":"https:\/\/www.gleichcom.samuraidev.ch\/fr\/","name":"Gleichcom AG","description":"besser h\u00f6ren. besser sehen. besser leben.","publisher":{"@id":"https:\/\/www.gleichcom.samuraidev.ch\/fr\/#organization"},"alternateName":"Gleichcom","potentialAction":[{"@type":"SearchAction","target":{"@type":"EntryPoint","urlTemplate":"https:\/\/www.gleichcom.samuraidev.ch\/fr\/?s={search_term_string}"},"query-input":{"@type":"PropertyValueSpecification","valueRequired":true,"valueName":"search_term_string"}}],"inLanguage":"fr-FR"},{"@type":"Organization","@id":"https:\/\/www.gleichcom.samuraidev.ch\/fr\/#organization","name":"Gleichcom AG","alternateName":"Gleichcom","url":"https:\/\/www.gleichcom.samuraidev.ch\/fr\/","logo":{"@type":"ImageObject","inLanguage":"fr-FR","@id":"https:\/\/www.gleichcom.samuraidev.ch\/fr\/#\/schema\/logo\/image\/","url":"https:\/\/www.gleichcom.samuraidev.ch\/wp-content\/uploads\/2023\/09\/gleichcom-ag-logo-quadrat-farbig-mitte@696.png","contentUrl":"https:\/\/www.gleichcom.samuraidev.ch\/wp-content\/uploads\/2023\/09\/gleichcom-ag-logo-quadrat-farbig-mitte@696.png","width":437,"height":437,"caption":"Gleichcom AG"},"image":{"@id":"https:\/\/www.gleichcom.samuraidev.ch\/fr\/#\/schema\/logo\/image\/"},"sameAs":["https:\/\/www.facebook.com\/profile.php?id=100068749126981"]}]}},"uagb_featured_image_src":{"full":["https:\/\/www.gleichcom.samuraidev.ch\/wp-content\/uploads\/2023\/09\/weisserblindenstockausholzossenberggehstockfritzgriffots008601_z1.jpg",500,500,false],"thumbnail":["https:\/\/www.gleichcom.samuraidev.ch\/wp-content\/uploads\/2023\/09\/weisserblindenstockausholzossenberggehstockfritzgriffots008601_z1.jpg",150,150,false],"medium":["https:\/\/www.gleichcom.samuraidev.ch\/wp-content\/uploads\/2023\/09\/weisserblindenstockausholzossenberggehstockfritzgriffots008601_z1.jpg",300,300,false],"medium_large":["https:\/\/www.gleichcom.samuraidev.ch\/wp-content\/uploads\/2023\/09\/weisserblindenstockausholzossenberggehstockfritzgriffots008601_z1.jpg",500,500,false],"large":["https:\/\/www.gleichcom.samuraidev.ch\/wp-content\/uploads\/2023\/09\/weisserblindenstockausholzossenberggehstockfritzgriffots008601_z1.jpg",500,500,false],"1536x1536":["https:\/\/www.gleichcom.samuraidev.ch\/wp-content\/uploads\/2023\/09\/weisserblindenstockausholzossenberggehstockfritzgriffots008601_z1.jpg",500,500,false],"2048x2048":["https:\/\/www.gleichcom.samuraidev.ch\/wp-content\/uploads\/2023\/09\/weisserblindenstockausholzossenberggehstockfritzgriffots008601_z1.jpg",500,500,false],"woocommerce_thumbnail":["https:\/\/www.gleichcom.samuraidev.ch\/wp-content\/uploads\/2023\/09\/weisserblindenstockausholzossenberggehstockfritzgriffots008601_z1.jpg",300,300,false],"woocommerce_single":["https:\/\/www.gleichcom.samuraidev.ch\/wp-content\/uploads\/2023\/09\/weisserblindenstockausholzossenberggehstockfritzgriffots008601_z1.jpg",500,500,false],"woocommerce_gallery_thumbnail":["https:\/\/www.gleichcom.samuraidev.ch\/wp-content\/uploads\/2023\/09\/weisserblindenstockausholzossenberggehstockfritzgriffots008601_z1.jpg",100,100,false]},"uagb_author_info":{"display_name":"","author_link":"https:\/\/www.gleichcom.samuraidev.ch\/fr\/author\/"},"uagb_comment_info":0,"uagb_excerpt":"Canne blanche pour aveugles en bois avec poign\u00e9e Fritz et pied en caoutchouc. Stable et antid\u00e9rapante.","_links":{"self":[{"href":"https:\/\/www.gleichcom.samuraidev.ch\/fr\/wp-json\/wp\/v2\/product\/10056","targetHints":{"allow":["GET"]}}],"collection":[{"href":"https:\/\/www.gleichcom.samuraidev.ch\/fr\/wp-json\/wp\/v2\/product"}],"about":[{"href":"https:\/\/www.gleichcom.samuraidev.ch\/fr\/wp-json\/wp\/v2\/types\/product"}],"wp:featuredmedia":[{"embeddable":true,"href":"https:\/\/www.gleichcom.samuraidev.ch\/fr\/wp-json\/wp\/v2\/media\/10051"}],"wp:attachment":[{"href":"https:\/\/www.gleichcom.samuraidev.ch\/fr\/wp-json\/wp\/v2\/media?parent=10056"}],"wp:term":[{"taxonomy":"product_brand","embeddable":true,"href":"https:\/\/www.gleichcom.samuraidev.ch\/fr\/wp-json\/wp\/v2\/product_brand?post=10056"},{"taxonomy":"product_cat","embeddable":true,"href":"https:\/\/www.gleichcom.samuraidev.ch\/fr\/wp-json\/wp\/v2\/product_cat?post=10056"},{"taxonomy":"product_tag","embeddable":true,"href":"https:\/\/www.gleichcom.samuraidev.ch\/fr\/wp-json\/wp\/v2\/product_tag?post=10056"}],"curies":[{"name":"wp","href":"https:\/\/api.w.org\/{rel}","templated":true}]}}