{"id":10833,"date":"2019-03-19T08:47:47","date_gmt":"2019-03-19T07:47:47","guid":{"rendered":"https:\/\/www.gleichcom.samuraidev.ch\/?product=zusaetzliches-dect-sos-pro-295-geemarc"},"modified":"1000-01-01T00:00:00","modified_gmt":"1000-01-01T00:00:00","slug":"zusaetzliches-dect-sos-pro-295-geemarc","status":"publish","type":"product","link":"https:\/\/www.gleichcom.samuraidev.ch\/fr\/shop\/zusaetzliches-dect-sos-pro-295-geemarc\/","title":{"rendered":"Dect suppl\u00e9mentaire SOS-PRO 295 Geemarc"},"content":{"rendered":"<p><span style=\"color:#000000;\"><span style=\"font-size:16px;\"><strong>Dect suppl\u00e9mentaire SOS-PRO 295 Geemarc <\/strong><\/span><br \/>\n\u00a0<br \/>\nAvec le Dect suppl\u00e9mentaire &#8211; compatible avec l&rsquo;AmpliDect295 SOS-PRO GEEMARC &#8211; vous pouvez accepter les appels entrants et utiliser la fonction mains libres. Deux touches uniques (M1+M2) vous permettent de contacter vos contacts favoris plus rapidement. Il permet m\u00eame les appels d&rsquo;urgence &#8211; lorsqu&rsquo;il est connect\u00e9 \u00e0 AmpliDect 295 SOS-PRO.<br \/>\n\u00a0<br \/>\n<strong>En un coup d&rsquo;\u0153il <\/strong><\/span><\/p>\n<ul>\n<li><span style=\"color:#000000;\">5 boutons sur le SOS-PRO 295:<br \/>\n\t\u2013\u00a0 Volume +, Volume\u2013, 2 touches directes<br \/>\n\t\u2013\u00a0 Touche SOS\/r\u00e9sponse pour les appels entrants<\/span><\/li>\n<li><span style=\"color:#000000;\">Volume de cloche r\u00e9glable<\/span><\/li>\n<li><span style=\"color:#000000;\">Volume du haut-parleur r\u00e9glable (5 niveaux)<\/span><\/li>\n<li><span style=\"color:#000000;\">fonction mains-libres<\/span><\/li>\n<li><span style=\"color:#000000;\">Bip lorsque le SOS-PRO 295 est hors de port\u00e9e de la station de base.<\/span><\/li>\n<li><span style=\"color:#000000;\">Indication visuelle du niveau de la batterie (LED rouge)<\/span><\/li>\n<li><span style=\"color:#000000;\">Affichage optique en cas d&rsquo;appel ou pendant un appel t\u00e9l\u00e9phonique (LED verte)<\/span><\/li>\n<li><span style=\"color:#000000;\">4 num\u00e9ros d&rsquo;urgence programmables<\/span><\/li>\n<li><span style=\"color:#000000;\">Utilisez l&rsquo;accueil d&rsquo;urgence auto-enregistr\u00e9 ou l&rsquo;accueil existant dans 3 langues au choix (anglais, fran\u00e7ais, allemand)<\/span><\/li>\n<\/ul>\n<p><a href=\"http:\/\/geemarc.com\/fr\/wp-content\/uploads\/sites\/3\/2017\/05\/QUGSOS-PRO295_Fr_halfA3_V1.0.pdf\"><span style=\"color:#000000;\"><strong>Notice d&rsquo;utilisation<\/strong><\/span><\/a><\/p>\n","protected":false},"excerpt":{"rendered":"<p>\tAvec le SOS-PRO295, vous pouvez r\u00e9pondre aux appels entrants et utiliser la fonction mains libres. Deux touches uniques (M1+M2) vous permettent de contacter vos contacts favoris plus rapidement.<\/p>\n<p>Uniquement compatible avec le GEEMARC AmpliDect295 SOS-PRO<\/p>\n","protected":false},"featured_media":10828,"template":"","meta":{"inline_featured_image":false,"_uag_custom_page_level_css":"","site-sidebar-layout":"default","site-content-layout":"","ast-site-content-layout":"default","site-content-style":"default","site-sidebar-style":"default","ast-global-header-display":"","ast-banner-title-visibility":"","ast-main-header-display":"","ast-hfb-above-header-display":"","ast-hfb-below-header-display":"","ast-hfb-mobile-header-display":"","site-post-title":"","ast-breadcrumbs-content":"","ast-featured-img":"","footer-sml-layout":"","ast-disable-related-posts":"","theme-transparent-header-meta":"","adv-header-id-meta":"","stick-header-meta":"","header-above-stick-meta":"","header-main-stick-meta":"","header-below-stick-meta":"","astra-migrate-meta-layouts":"default","ast-page-background-enabled":"default","ast-page-background-meta":{"desktop":{"background-color":"","background-image":"","background-repeat":"repeat","background-position":"center center","background-size":"auto","background-attachment":"scroll","background-type":"","background-media":"","overlay-type":"","overlay-color":"","overlay-opacity":"","overlay-gradient":""},"tablet":{"background-color":"","background-image":"","background-repeat":"repeat","background-position":"center center","background-size":"auto","background-attachment":"scroll","background-type":"","background-media":"","overlay-type":"","overlay-color":"","overlay-opacity":"","overlay-gradient":""},"mobile":{"background-color":"","background-image":"","background-repeat":"repeat","background-position":"center center","background-size":"auto","background-attachment":"scroll","background-type":"","background-media":"","overlay-type":"","overlay-color":"","overlay-opacity":"","overlay-gradient":""}},"ast-content-background-meta":{"desktop":{"background-color":"var(--ast-global-color-5)","background-image":"","background-repeat":"repeat","background-position":"center center","background-size":"auto","background-attachment":"scroll","background-type":"","background-media":"","overlay-type":"","overlay-color":"","overlay-opacity":"","overlay-gradient":""},"tablet":{"background-color":"var(--ast-global-color-5)","background-image":"","background-repeat":"repeat","background-position":"center center","background-size":"auto","background-attachment":"scroll","background-type":"","background-media":"","overlay-type":"","overlay-color":"","overlay-opacity":"","overlay-gradient":""},"mobile":{"background-color":"var(--ast-global-color-5)","background-image":"","background-repeat":"repeat","background-position":"center center","background-size":"auto","background-attachment":"scroll","background-type":"","background-media":"","overlay-type":"","overlay-color":"","overlay-opacity":"","overlay-gradient":""}}},"product_brand":[],"product_cat":[1776],"product_tag":[],"class_list":{"0":"post-10833","1":"product","2":"type-product","3":"status-publish","4":"has-post-thumbnail","6":"product_cat-unkategorisiert","7":"desktop-align-center","8":"tablet-align-center","9":"mobile-align-center","10":"ast-product-gallery-layout-horizontal-slider","11":"ast-product-tabs-layout-accordion","13":"first","14":"instock","15":"taxable","16":"shipping-taxable","17":"purchasable","18":"product-type-simple"},"yoast_head":"<!-- This site is optimized with the Yoast SEO plugin v27.5 - https:\/\/yoast.com\/product\/yoast-seo-wordpress\/ -->\n<title>Dect suppl\u00e9mentaire SOS-PRO 295 Geemarc im Onlineshop | Gleichcom AG<\/title>\n<meta name=\"description\" content=\"\u2705 Avec le SOS-PRO295, vous pouvez r\u00e9pondre aux appels entrants et utiliser la fonction mains libres. Deux touches uniques (M1+M2) vous permettent de contacter vos contacts favoris plus rapidement.   Uniquement compatible avec le GEEMARC AmpliDect295 SOS-PRO\" \/>\n<meta name=\"robots\" content=\"noindex, follow, max-snippet:-1, max-image-preview:large, max-video-preview:-1\" \/>\n<meta property=\"og:locale\" content=\"fr_FR\" \/>\n<meta property=\"og:type\" content=\"article\" \/>\n<meta property=\"og:title\" content=\"Dect suppl\u00e9mentaire SOS-PRO 295 Geemarc im Onlineshop | Gleichcom AG\" \/>\n<meta property=\"og:description\" content=\"\u2705 Avec le SOS-PRO295, vous pouvez r\u00e9pondre aux appels entrants et utiliser la fonction mains libres. Deux touches uniques (M1+M2) vous permettent de contacter vos contacts favoris plus rapidement.   Uniquement compatible avec le GEEMARC AmpliDect295 SOS-PRO\" \/>\n<meta property=\"og:url\" content=\"https:\/\/www.gleichcom.samuraidev.ch\/fr\/shop\/zusaetzliches-dect-sos-pro-295-geemarc\/\" \/>\n<meta property=\"og:site_name\" content=\"Gleichcom AG\" \/>\n<meta property=\"article:publisher\" content=\"https:\/\/www.facebook.com\/profile.php?id=100068749126981\" \/>\n<meta property=\"og:image\" content=\"https:\/\/www.gleichcom.samuraidev.ch\/wp-content\/uploads\/2023\/09\/SOSPRONotrufDECTPendant_0.jpg\" \/>\n\t<meta property=\"og:image:width\" content=\"500\" \/>\n\t<meta property=\"og:image:height\" content=\"453\" \/>\n\t<meta property=\"og:image:type\" content=\"image\/jpeg\" \/>\n<meta name=\"twitter:card\" content=\"summary_large_image\" \/>\n<script type=\"application\/ld+json\" class=\"yoast-schema-graph\">{\"@context\":\"https:\\\/\\\/schema.org\",\"@graph\":[{\"@type\":\"WebPage\",\"@id\":\"https:\\\/\\\/www.gleichcom.samuraidev.ch\\\/fr\\\/shop\\\/zusaetzliches-dect-sos-pro-295-geemarc\\\/\",\"url\":\"https:\\\/\\\/www.gleichcom.samuraidev.ch\\\/fr\\\/shop\\\/zusaetzliches-dect-sos-pro-295-geemarc\\\/\",\"name\":\"Dect suppl\u00e9mentaire SOS-PRO 295 Geemarc im Onlineshop | Gleichcom AG\",\"isPartOf\":{\"@id\":\"https:\\\/\\\/www.gleichcom.samuraidev.ch\\\/fr\\\/#website\"},\"primaryImageOfPage\":{\"@id\":\"https:\\\/\\\/www.gleichcom.samuraidev.ch\\\/fr\\\/shop\\\/zusaetzliches-dect-sos-pro-295-geemarc\\\/#primaryimage\"},\"image\":{\"@id\":\"https:\\\/\\\/www.gleichcom.samuraidev.ch\\\/fr\\\/shop\\\/zusaetzliches-dect-sos-pro-295-geemarc\\\/#primaryimage\"},\"thumbnailUrl\":\"https:\\\/\\\/www.gleichcom.samuraidev.ch\\\/wp-content\\\/uploads\\\/2023\\\/09\\\/SOSPRONotrufDECTPendant_0.jpg\",\"datePublished\":\"2019-03-19T07:47:47+00:00\",\"description\":\"\u2705 Avec le SOS-PRO295, vous pouvez r\u00e9pondre aux appels entrants et utiliser la fonction mains libres. Deux touches uniques (M1+M2) vous permettent de contacter vos contacts favoris plus rapidement. Uniquement compatible avec le GEEMARC AmpliDect295 SOS-PRO\",\"breadcrumb\":{\"@id\":\"https:\\\/\\\/www.gleichcom.samuraidev.ch\\\/fr\\\/shop\\\/zusaetzliches-dect-sos-pro-295-geemarc\\\/#breadcrumb\"},\"inLanguage\":\"fr-FR\",\"potentialAction\":[{\"@type\":\"ReadAction\",\"target\":[\"https:\\\/\\\/www.gleichcom.samuraidev.ch\\\/fr\\\/shop\\\/zusaetzliches-dect-sos-pro-295-geemarc\\\/\"]}]},{\"@type\":\"ImageObject\",\"inLanguage\":\"fr-FR\",\"@id\":\"https:\\\/\\\/www.gleichcom.samuraidev.ch\\\/fr\\\/shop\\\/zusaetzliches-dect-sos-pro-295-geemarc\\\/#primaryimage\",\"url\":\"https:\\\/\\\/www.gleichcom.samuraidev.ch\\\/wp-content\\\/uploads\\\/2023\\\/09\\\/SOSPRONotrufDECTPendant_0.jpg\",\"contentUrl\":\"https:\\\/\\\/www.gleichcom.samuraidev.ch\\\/wp-content\\\/uploads\\\/2023\\\/09\\\/SOSPRONotrufDECTPendant_0.jpg\",\"width\":500,\"height\":453},{\"@type\":\"BreadcrumbList\",\"@id\":\"https:\\\/\\\/www.gleichcom.samuraidev.ch\\\/fr\\\/shop\\\/zusaetzliches-dect-sos-pro-295-geemarc\\\/#breadcrumb\",\"itemListElement\":[{\"@type\":\"ListItem\",\"position\":1,\"name\":\"Startseite\",\"item\":\"https:\\\/\\\/www.gleichcom.samuraidev.ch\\\/fr\\\/\"},{\"@type\":\"ListItem\",\"position\":2,\"name\":\"Shop\",\"item\":\"https:\\\/\\\/www.gleichcom.samuraidev.ch\\\/fr\\\/shop\\\/\"},{\"@type\":\"ListItem\",\"position\":3,\"name\":\"Dect suppl\u00e9mentaire SOS-PRO 295 Geemarc\"}]},{\"@type\":\"WebSite\",\"@id\":\"https:\\\/\\\/www.gleichcom.samuraidev.ch\\\/fr\\\/#website\",\"url\":\"https:\\\/\\\/www.gleichcom.samuraidev.ch\\\/fr\\\/\",\"name\":\"Gleichcom AG\",\"description\":\"besser h\u00f6ren. besser sehen. besser leben.\",\"publisher\":{\"@id\":\"https:\\\/\\\/www.gleichcom.samuraidev.ch\\\/fr\\\/#organization\"},\"alternateName\":\"Gleichcom\",\"potentialAction\":[{\"@type\":\"SearchAction\",\"target\":{\"@type\":\"EntryPoint\",\"urlTemplate\":\"https:\\\/\\\/www.gleichcom.samuraidev.ch\\\/fr\\\/?s={search_term_string}\"},\"query-input\":{\"@type\":\"PropertyValueSpecification\",\"valueRequired\":true,\"valueName\":\"search_term_string\"}}],\"inLanguage\":\"fr-FR\"},{\"@type\":\"Organization\",\"@id\":\"https:\\\/\\\/www.gleichcom.samuraidev.ch\\\/fr\\\/#organization\",\"name\":\"Gleichcom AG\",\"alternateName\":\"Gleichcom\",\"url\":\"https:\\\/\\\/www.gleichcom.samuraidev.ch\\\/fr\\\/\",\"logo\":{\"@type\":\"ImageObject\",\"inLanguage\":\"fr-FR\",\"@id\":\"https:\\\/\\\/www.gleichcom.samuraidev.ch\\\/fr\\\/#\\\/schema\\\/logo\\\/image\\\/\",\"url\":\"https:\\\/\\\/www.gleichcom.samuraidev.ch\\\/wp-content\\\/uploads\\\/2023\\\/09\\\/gleichcom-ag-logo-quadrat-farbig-mitte@696.png\",\"contentUrl\":\"https:\\\/\\\/www.gleichcom.samuraidev.ch\\\/wp-content\\\/uploads\\\/2023\\\/09\\\/gleichcom-ag-logo-quadrat-farbig-mitte@696.png\",\"width\":437,\"height\":437,\"caption\":\"Gleichcom AG\"},\"image\":{\"@id\":\"https:\\\/\\\/www.gleichcom.samuraidev.ch\\\/fr\\\/#\\\/schema\\\/logo\\\/image\\\/\"},\"sameAs\":[\"https:\\\/\\\/www.facebook.com\\\/profile.php?id=100068749126981\"]}]}<\/script>\n<!-- \/ Yoast SEO plugin. -->","yoast_head_json":{"title":"Dect suppl\u00e9mentaire SOS-PRO 295 Geemarc im Onlineshop | Gleichcom AG","description":"\u2705 Avec le SOS-PRO295, vous pouvez r\u00e9pondre aux appels entrants et utiliser la fonction mains libres. Deux touches uniques (M1+M2) vous permettent de contacter vos contacts favoris plus rapidement.   Uniquement compatible avec le GEEMARC AmpliDect295 SOS-PRO","robots":{"index":"noindex","follow":"follow","max-snippet":"max-snippet:-1","max-image-preview":"max-image-preview:large","max-video-preview":"max-video-preview:-1"},"og_locale":"fr_FR","og_type":"article","og_title":"Dect suppl\u00e9mentaire SOS-PRO 295 Geemarc im Onlineshop | Gleichcom AG","og_description":"\u2705 Avec le SOS-PRO295, vous pouvez r\u00e9pondre aux appels entrants et utiliser la fonction mains libres. Deux touches uniques (M1+M2) vous permettent de contacter vos contacts favoris plus rapidement.   Uniquement compatible avec le GEEMARC AmpliDect295 SOS-PRO","og_url":"https:\/\/www.gleichcom.samuraidev.ch\/fr\/shop\/zusaetzliches-dect-sos-pro-295-geemarc\/","og_site_name":"Gleichcom AG","article_publisher":"https:\/\/www.facebook.com\/profile.php?id=100068749126981","og_image":[{"width":500,"height":453,"url":"https:\/\/www.gleichcom.samuraidev.ch\/wp-content\/uploads\/2023\/09\/SOSPRONotrufDECTPendant_0.jpg","type":"image\/jpeg"}],"twitter_card":"summary_large_image","schema":{"@context":"https:\/\/schema.org","@graph":[{"@type":"WebPage","@id":"https:\/\/www.gleichcom.samuraidev.ch\/fr\/shop\/zusaetzliches-dect-sos-pro-295-geemarc\/","url":"https:\/\/www.gleichcom.samuraidev.ch\/fr\/shop\/zusaetzliches-dect-sos-pro-295-geemarc\/","name":"Dect suppl\u00e9mentaire SOS-PRO 295 Geemarc im Onlineshop | Gleichcom AG","isPartOf":{"@id":"https:\/\/www.gleichcom.samuraidev.ch\/fr\/#website"},"primaryImageOfPage":{"@id":"https:\/\/www.gleichcom.samuraidev.ch\/fr\/shop\/zusaetzliches-dect-sos-pro-295-geemarc\/#primaryimage"},"image":{"@id":"https:\/\/www.gleichcom.samuraidev.ch\/fr\/shop\/zusaetzliches-dect-sos-pro-295-geemarc\/#primaryimage"},"thumbnailUrl":"https:\/\/www.gleichcom.samuraidev.ch\/wp-content\/uploads\/2023\/09\/SOSPRONotrufDECTPendant_0.jpg","datePublished":"2019-03-19T07:47:47+00:00","description":"\u2705 Avec le SOS-PRO295, vous pouvez r\u00e9pondre aux appels entrants et utiliser la fonction mains libres. Deux touches uniques (M1+M2) vous permettent de contacter vos contacts favoris plus rapidement. Uniquement compatible avec le GEEMARC AmpliDect295 SOS-PRO","breadcrumb":{"@id":"https:\/\/www.gleichcom.samuraidev.ch\/fr\/shop\/zusaetzliches-dect-sos-pro-295-geemarc\/#breadcrumb"},"inLanguage":"fr-FR","potentialAction":[{"@type":"ReadAction","target":["https:\/\/www.gleichcom.samuraidev.ch\/fr\/shop\/zusaetzliches-dect-sos-pro-295-geemarc\/"]}]},{"@type":"ImageObject","inLanguage":"fr-FR","@id":"https:\/\/www.gleichcom.samuraidev.ch\/fr\/shop\/zusaetzliches-dect-sos-pro-295-geemarc\/#primaryimage","url":"https:\/\/www.gleichcom.samuraidev.ch\/wp-content\/uploads\/2023\/09\/SOSPRONotrufDECTPendant_0.jpg","contentUrl":"https:\/\/www.gleichcom.samuraidev.ch\/wp-content\/uploads\/2023\/09\/SOSPRONotrufDECTPendant_0.jpg","width":500,"height":453},{"@type":"BreadcrumbList","@id":"https:\/\/www.gleichcom.samuraidev.ch\/fr\/shop\/zusaetzliches-dect-sos-pro-295-geemarc\/#breadcrumb","itemListElement":[{"@type":"ListItem","position":1,"name":"Startseite","item":"https:\/\/www.gleichcom.samuraidev.ch\/fr\/"},{"@type":"ListItem","position":2,"name":"Shop","item":"https:\/\/www.gleichcom.samuraidev.ch\/fr\/shop\/"},{"@type":"ListItem","position":3,"name":"Dect suppl\u00e9mentaire SOS-PRO 295 Geemarc"}]},{"@type":"WebSite","@id":"https:\/\/www.gleichcom.samuraidev.ch\/fr\/#website","url":"https:\/\/www.gleichcom.samuraidev.ch\/fr\/","name":"Gleichcom AG","description":"besser h\u00f6ren. besser sehen. besser leben.","publisher":{"@id":"https:\/\/www.gleichcom.samuraidev.ch\/fr\/#organization"},"alternateName":"Gleichcom","potentialAction":[{"@type":"SearchAction","target":{"@type":"EntryPoint","urlTemplate":"https:\/\/www.gleichcom.samuraidev.ch\/fr\/?s={search_term_string}"},"query-input":{"@type":"PropertyValueSpecification","valueRequired":true,"valueName":"search_term_string"}}],"inLanguage":"fr-FR"},{"@type":"Organization","@id":"https:\/\/www.gleichcom.samuraidev.ch\/fr\/#organization","name":"Gleichcom AG","alternateName":"Gleichcom","url":"https:\/\/www.gleichcom.samuraidev.ch\/fr\/","logo":{"@type":"ImageObject","inLanguage":"fr-FR","@id":"https:\/\/www.gleichcom.samuraidev.ch\/fr\/#\/schema\/logo\/image\/","url":"https:\/\/www.gleichcom.samuraidev.ch\/wp-content\/uploads\/2023\/09\/gleichcom-ag-logo-quadrat-farbig-mitte@696.png","contentUrl":"https:\/\/www.gleichcom.samuraidev.ch\/wp-content\/uploads\/2023\/09\/gleichcom-ag-logo-quadrat-farbig-mitte@696.png","width":437,"height":437,"caption":"Gleichcom AG"},"image":{"@id":"https:\/\/www.gleichcom.samuraidev.ch\/fr\/#\/schema\/logo\/image\/"},"sameAs":["https:\/\/www.facebook.com\/profile.php?id=100068749126981"]}]}},"uagb_featured_image_src":{"full":["https:\/\/www.gleichcom.samuraidev.ch\/wp-content\/uploads\/2023\/09\/SOSPRONotrufDECTPendant_0.jpg",500,453,false],"thumbnail":["https:\/\/www.gleichcom.samuraidev.ch\/wp-content\/uploads\/2023\/09\/SOSPRONotrufDECTPendant_0.jpg",150,136,false],"medium":["https:\/\/www.gleichcom.samuraidev.ch\/wp-content\/uploads\/2023\/09\/SOSPRONotrufDECTPendant_0.jpg",300,272,false],"medium_large":["https:\/\/www.gleichcom.samuraidev.ch\/wp-content\/uploads\/2023\/09\/SOSPRONotrufDECTPendant_0.jpg",500,453,false],"large":["https:\/\/www.gleichcom.samuraidev.ch\/wp-content\/uploads\/2023\/09\/SOSPRONotrufDECTPendant_0.jpg",500,453,false],"1536x1536":["https:\/\/www.gleichcom.samuraidev.ch\/wp-content\/uploads\/2023\/09\/SOSPRONotrufDECTPendant_0.jpg",500,453,false],"2048x2048":["https:\/\/www.gleichcom.samuraidev.ch\/wp-content\/uploads\/2023\/09\/SOSPRONotrufDECTPendant_0.jpg",500,453,false],"woocommerce_thumbnail":["https:\/\/www.gleichcom.samuraidev.ch\/wp-content\/uploads\/2023\/09\/SOSPRONotrufDECTPendant_0.jpg",300,272,false],"woocommerce_single":["https:\/\/www.gleichcom.samuraidev.ch\/wp-content\/uploads\/2023\/09\/SOSPRONotrufDECTPendant_0.jpg",500,453,false],"woocommerce_gallery_thumbnail":["https:\/\/www.gleichcom.samuraidev.ch\/wp-content\/uploads\/2023\/09\/SOSPRONotrufDECTPendant_0-100x100.jpg",100,100,true]},"uagb_author_info":{"display_name":"","author_link":"https:\/\/www.gleichcom.samuraidev.ch\/fr\/author\/"},"uagb_comment_info":0,"uagb_excerpt":"Avec le SOS-PRO295, vous pouvez r\u00e9pondre aux appels entrants et utiliser la fonction mains libres. Deux touches uniques (M1+M2) vous permettent de contacter vos contacts favoris plus rapidement. Uniquement compatible avec le GEEMARC AmpliDect295 SOS-PRO","_links":{"self":[{"href":"https:\/\/www.gleichcom.samuraidev.ch\/fr\/wp-json\/wp\/v2\/product\/10833","targetHints":{"allow":["GET"]}}],"collection":[{"href":"https:\/\/www.gleichcom.samuraidev.ch\/fr\/wp-json\/wp\/v2\/product"}],"about":[{"href":"https:\/\/www.gleichcom.samuraidev.ch\/fr\/wp-json\/wp\/v2\/types\/product"}],"wp:featuredmedia":[{"embeddable":true,"href":"https:\/\/www.gleichcom.samuraidev.ch\/fr\/wp-json\/wp\/v2\/media\/10828"}],"wp:attachment":[{"href":"https:\/\/www.gleichcom.samuraidev.ch\/fr\/wp-json\/wp\/v2\/media?parent=10833"}],"wp:term":[{"taxonomy":"product_brand","embeddable":true,"href":"https:\/\/www.gleichcom.samuraidev.ch\/fr\/wp-json\/wp\/v2\/product_brand?post=10833"},{"taxonomy":"product_cat","embeddable":true,"href":"https:\/\/www.gleichcom.samuraidev.ch\/fr\/wp-json\/wp\/v2\/product_cat?post=10833"},{"taxonomy":"product_tag","embeddable":true,"href":"https:\/\/www.gleichcom.samuraidev.ch\/fr\/wp-json\/wp\/v2\/product_tag?post=10833"}],"curies":[{"name":"wp","href":"https:\/\/api.w.org\/{rel}","templated":true}]}}