{"id":11052,"date":"2019-06-06T16:47:48","date_gmt":"2019-06-06T14:47:48","guid":{"rendered":"https:\/\/www.gleichcom.samuraidev.ch\/?product=handlupe-leseglas-mobilux-economy-3-5x-eckig-eschenbach"},"modified":"1000-01-01T00:00:00","modified_gmt":"1000-01-01T00:00:00","slug":"handlupe-leseglas-mobilux-economy-3-5x-eckig-eschenbach","status":"publish","type":"product","link":"https:\/\/www.gleichcom.samuraidev.ch\/fr\/shop\/handlupe-leseglas-mobilux-economy-3-5x-eckig-eschenbach\/","title":{"rendered":"Loupe \u00e0 main  loupe de lecture Mobilux Economy 3.5x anguleux\u200b\u00a0Eschenbach"},"content":{"rendered":"<p><span style=\"font-size:16px;\"><strong>Loupe \u00e0 main \/ loupe de lecture Mobilux Economy 3.5x anguleux\u200b\u00a0Eschenbach<\/strong><\/span><\/p>\n<p>Cette loupe de lampe de poche bon march\u00e9 avec ampoule NF est tr\u00e8s bien adapt\u00e9e \u00e0 la lecture de petits caract\u00e8res \u00e0 la maison ou sur la route, par exemple pour la recherche d&rsquo;un num\u00e9ro de t\u00e9l\u00e9phone, la reconnaissance des prix au supermarch\u00e9, etc.<\/p>\n<p><strong>Caract\u00e9ristiques du produit<\/strong><\/p>\n<ul>\n<li>Lentille asph\u00e9rique PXM\u00ae pour une image nette et sans distorsion.<\/li>\n<li>Remplacement pratique des piles &#8211; lorsque le compartiment des piles est ouvert, les parties sup\u00e9rieure et inf\u00e9rieure du bo\u00eetier restent reli\u00e9es par une charni\u00e8re et peuvent \u00eatre facilement relev\u00e9es.<\/li>\n<li>Disponible en forme ronde ou carr\u00e9e<\/li>\n<li>Lampe : lampe \u00e0 lentille NF 2,5 V, 250 mA, E10. 2x piles AA.<\/li>\n<\/ul>\n<p>\u00a0<br \/>\n<strong>Accessoires non compris dans la livraison<\/strong><\/p>\n<ul>\n<li>Pochette en microfibre pour ranger la loupe, adapt\u00e9e au nettoyage simultan\u00e9 de la lentille ! Art. No. selon la liste ci-dessous<\/li>\n<li>Lampe de rechange : R\u00e9f. 1544<\/li>\n<\/ul>\n<p>\u00a0<\/p>\n<table border=\"0\" cellpadding=\"0\">\n<thead>\n<tr>\n<th>R\u00e9f\u00e9rence<\/th>\n<th><strong>Dimensions<\/strong><\/th>\n<th><strong>Grossissement<\/strong><\/th>\n<th><strong>Dioptrie<\/strong><\/th>\n<th>R\u00e9f\u00e9rence N\u00b0 Affaire<\/th>\n<\/tr>\n<\/thead>\n<tbody>\n<tr>\n<td>15103<\/td>\n<td>75 x 50 mm<\/td>\n<td>3,5x<\/td>\n<td>10,0<\/td>\n<td>151002<\/td>\n<\/tr>\n<tr>\n<td>15105<\/td>\n<td>\u00f8 58 mm<\/td>\n<td>5,0x<\/td>\n<td>20,0<\/td>\n<td>151002<\/td>\n<\/tr>\n<tr>\n<td>15107<\/td>\n<td>\u00f8 35 mm<\/td>\n<td>7,0x<\/td>\n<td>28,0<\/td>\n<td>15711<\/td>\n<\/tr>\n<tr>\n<td>151010<\/td>\n<td>\u00f8 35 mm<\/td>\n<td>10,0x<\/td>\n<td>38,0<\/td>\n<td>15711<\/td>\n<\/tr>\n<\/tbody>\n<\/table>\n<p>\u00a0<\/p>\n","protected":false},"excerpt":{"rendered":"<p>Loupe pratique et abordable avec un grossissement de 3,5x pour lire les petits caract\u00e8res \u00e0 la maison ou sur la route.<\/p>\n","protected":false},"featured_media":11050,"template":"","meta":{"inline_featured_image":false,"_uag_custom_page_level_css":"","site-sidebar-layout":"default","site-content-layout":"","ast-site-content-layout":"default","site-content-style":"default","site-sidebar-style":"default","ast-global-header-display":"","ast-banner-title-visibility":"","ast-main-header-display":"","ast-hfb-above-header-display":"","ast-hfb-below-header-display":"","ast-hfb-mobile-header-display":"","site-post-title":"","ast-breadcrumbs-content":"","ast-featured-img":"","footer-sml-layout":"","ast-disable-related-posts":"","theme-transparent-header-meta":"","adv-header-id-meta":"","stick-header-meta":"","header-above-stick-meta":"","header-main-stick-meta":"","header-below-stick-meta":"","astra-migrate-meta-layouts":"default","ast-page-background-enabled":"default","ast-page-background-meta":{"desktop":{"background-color":"","background-image":"","background-repeat":"repeat","background-position":"center center","background-size":"auto","background-attachment":"scroll","background-type":"","background-media":"","overlay-type":"","overlay-color":"","overlay-opacity":"","overlay-gradient":""},"tablet":{"background-color":"","background-image":"","background-repeat":"repeat","background-position":"center center","background-size":"auto","background-attachment":"scroll","background-type":"","background-media":"","overlay-type":"","overlay-color":"","overlay-opacity":"","overlay-gradient":""},"mobile":{"background-color":"","background-image":"","background-repeat":"repeat","background-position":"center center","background-size":"auto","background-attachment":"scroll","background-type":"","background-media":"","overlay-type":"","overlay-color":"","overlay-opacity":"","overlay-gradient":""}},"ast-content-background-meta":{"desktop":{"background-color":"var(--ast-global-color-5)","background-image":"","background-repeat":"repeat","background-position":"center center","background-size":"auto","background-attachment":"scroll","background-type":"","background-media":"","overlay-type":"","overlay-color":"","overlay-opacity":"","overlay-gradient":""},"tablet":{"background-color":"var(--ast-global-color-5)","background-image":"","background-repeat":"repeat","background-position":"center center","background-size":"auto","background-attachment":"scroll","background-type":"","background-media":"","overlay-type":"","overlay-color":"","overlay-opacity":"","overlay-gradient":""},"mobile":{"background-color":"var(--ast-global-color-5)","background-image":"","background-repeat":"repeat","background-position":"center center","background-size":"auto","background-attachment":"scroll","background-type":"","background-media":"","overlay-type":"","overlay-color":"","overlay-opacity":"","overlay-gradient":""}}},"product_brand":[],"product_cat":[2997],"product_tag":[],"class_list":{"0":"post-11052","1":"product","2":"type-product","3":"status-publish","4":"has-post-thumbnail","6":"product_cat-loupes-pour-la-lecture-fr","7":"desktop-align-center","8":"tablet-align-center","9":"mobile-align-center","10":"ast-product-gallery-layout-horizontal-slider","11":"ast-product-gallery-with-no-image","12":"ast-product-tabs-layout-accordion","14":"first","15":"onbackorder","16":"taxable","17":"shipping-taxable","18":"purchasable","19":"product-type-simple"},"yoast_head":"<!-- This site is optimized with the Yoast SEO plugin v27.5 - https:\/\/yoast.com\/product\/yoast-seo-wordpress\/ -->\n<title>Loupe \u00e0 main loupe de lecture Mobilux Economy 3.5x anguleux\u200b\u00a0Eschenbach im Onlineshop | Gleichcom AG<\/title>\n<meta name=\"description\" content=\"\u2705 Loupe pratique et abordable avec un grossissement de 3,5x pour lire les petits caract\u00e8res \u00e0 la maison ou sur la route.\" \/>\n<meta name=\"robots\" content=\"noindex, follow, max-snippet:-1, max-image-preview:large, max-video-preview:-1\" \/>\n<meta property=\"og:locale\" content=\"fr_FR\" \/>\n<meta property=\"og:type\" content=\"article\" \/>\n<meta property=\"og:title\" content=\"Loupe \u00e0 main loupe de lecture Mobilux Economy 3.5x anguleux\u200b\u00a0Eschenbach im Onlineshop | Gleichcom AG\" \/>\n<meta property=\"og:description\" content=\"\u2705 Loupe pratique et abordable avec un grossissement de 3,5x pour lire les petits caract\u00e8res \u00e0 la maison ou sur la route.\" \/>\n<meta property=\"og:url\" content=\"https:\/\/www.gleichcom.samuraidev.ch\/fr\/shop\/handlupe-leseglas-mobilux-economy-3-5x-eckig-eschenbach\/\" \/>\n<meta property=\"og:site_name\" content=\"Gleichcom AG\" \/>\n<meta property=\"article:publisher\" content=\"https:\/\/www.facebook.com\/profile.php?id=100068749126981\" \/>\n<meta property=\"og:image\" content=\"https:\/\/www.gleichcom.samuraidev.ch\/wp-content\/uploads\/2023\/09\/MobiluxEconomy3.5x.jpg\" \/>\n\t<meta property=\"og:image:width\" content=\"500\" \/>\n\t<meta property=\"og:image:height\" content=\"276\" \/>\n\t<meta property=\"og:image:type\" content=\"image\/jpeg\" \/>\n<meta name=\"twitter:card\" content=\"summary_large_image\" \/>\n<script type=\"application\/ld+json\" class=\"yoast-schema-graph\">{\"@context\":\"https:\\\/\\\/schema.org\",\"@graph\":[{\"@type\":\"WebPage\",\"@id\":\"https:\\\/\\\/www.gleichcom.samuraidev.ch\\\/fr\\\/shop\\\/handlupe-leseglas-mobilux-economy-3-5x-eckig-eschenbach\\\/\",\"url\":\"https:\\\/\\\/www.gleichcom.samuraidev.ch\\\/fr\\\/shop\\\/handlupe-leseglas-mobilux-economy-3-5x-eckig-eschenbach\\\/\",\"name\":\"Loupe \u00e0 main loupe de lecture Mobilux Economy 3.5x anguleux\u200b\u00a0Eschenbach im Onlineshop | Gleichcom AG\",\"isPartOf\":{\"@id\":\"https:\\\/\\\/www.gleichcom.samuraidev.ch\\\/fr\\\/#website\"},\"primaryImageOfPage\":{\"@id\":\"https:\\\/\\\/www.gleichcom.samuraidev.ch\\\/fr\\\/shop\\\/handlupe-leseglas-mobilux-economy-3-5x-eckig-eschenbach\\\/#primaryimage\"},\"image\":{\"@id\":\"https:\\\/\\\/www.gleichcom.samuraidev.ch\\\/fr\\\/shop\\\/handlupe-leseglas-mobilux-economy-3-5x-eckig-eschenbach\\\/#primaryimage\"},\"thumbnailUrl\":\"https:\\\/\\\/www.gleichcom.samuraidev.ch\\\/wp-content\\\/uploads\\\/2023\\\/09\\\/MobiluxEconomy3.5x.jpg\",\"datePublished\":\"2019-06-06T14:47:48+00:00\",\"description\":\"\u2705 Loupe pratique et abordable avec un grossissement de 3,5x pour lire les petits caract\u00e8res \u00e0 la maison ou sur la route.\",\"breadcrumb\":{\"@id\":\"https:\\\/\\\/www.gleichcom.samuraidev.ch\\\/fr\\\/shop\\\/handlupe-leseglas-mobilux-economy-3-5x-eckig-eschenbach\\\/#breadcrumb\"},\"inLanguage\":\"fr-FR\",\"potentialAction\":[{\"@type\":\"ReadAction\",\"target\":[\"https:\\\/\\\/www.gleichcom.samuraidev.ch\\\/fr\\\/shop\\\/handlupe-leseglas-mobilux-economy-3-5x-eckig-eschenbach\\\/\"]}]},{\"@type\":\"ImageObject\",\"inLanguage\":\"fr-FR\",\"@id\":\"https:\\\/\\\/www.gleichcom.samuraidev.ch\\\/fr\\\/shop\\\/handlupe-leseglas-mobilux-economy-3-5x-eckig-eschenbach\\\/#primaryimage\",\"url\":\"https:\\\/\\\/www.gleichcom.samuraidev.ch\\\/wp-content\\\/uploads\\\/2023\\\/09\\\/MobiluxEconomy3.5x.jpg\",\"contentUrl\":\"https:\\\/\\\/www.gleichcom.samuraidev.ch\\\/wp-content\\\/uploads\\\/2023\\\/09\\\/MobiluxEconomy3.5x.jpg\",\"width\":500,\"height\":276},{\"@type\":\"BreadcrumbList\",\"@id\":\"https:\\\/\\\/www.gleichcom.samuraidev.ch\\\/fr\\\/shop\\\/handlupe-leseglas-mobilux-economy-3-5x-eckig-eschenbach\\\/#breadcrumb\",\"itemListElement\":[{\"@type\":\"ListItem\",\"position\":1,\"name\":\"Startseite\",\"item\":\"https:\\\/\\\/www.gleichcom.samuraidev.ch\\\/fr\\\/\"},{\"@type\":\"ListItem\",\"position\":2,\"name\":\"Shop\",\"item\":\"https:\\\/\\\/www.gleichcom.samuraidev.ch\\\/fr\\\/shop\\\/\"},{\"@type\":\"ListItem\",\"position\":3,\"name\":\"Loupe \u00e0 main loupe de lecture Mobilux Economy 3.5x anguleux\u200b\u00a0Eschenbach\"}]},{\"@type\":\"WebSite\",\"@id\":\"https:\\\/\\\/www.gleichcom.samuraidev.ch\\\/fr\\\/#website\",\"url\":\"https:\\\/\\\/www.gleichcom.samuraidev.ch\\\/fr\\\/\",\"name\":\"Gleichcom AG\",\"description\":\"besser h\u00f6ren. besser sehen. besser leben.\",\"publisher\":{\"@id\":\"https:\\\/\\\/www.gleichcom.samuraidev.ch\\\/fr\\\/#organization\"},\"alternateName\":\"Gleichcom\",\"potentialAction\":[{\"@type\":\"SearchAction\",\"target\":{\"@type\":\"EntryPoint\",\"urlTemplate\":\"https:\\\/\\\/www.gleichcom.samuraidev.ch\\\/fr\\\/?s={search_term_string}\"},\"query-input\":{\"@type\":\"PropertyValueSpecification\",\"valueRequired\":true,\"valueName\":\"search_term_string\"}}],\"inLanguage\":\"fr-FR\"},{\"@type\":\"Organization\",\"@id\":\"https:\\\/\\\/www.gleichcom.samuraidev.ch\\\/fr\\\/#organization\",\"name\":\"Gleichcom AG\",\"alternateName\":\"Gleichcom\",\"url\":\"https:\\\/\\\/www.gleichcom.samuraidev.ch\\\/fr\\\/\",\"logo\":{\"@type\":\"ImageObject\",\"inLanguage\":\"fr-FR\",\"@id\":\"https:\\\/\\\/www.gleichcom.samuraidev.ch\\\/fr\\\/#\\\/schema\\\/logo\\\/image\\\/\",\"url\":\"https:\\\/\\\/www.gleichcom.samuraidev.ch\\\/wp-content\\\/uploads\\\/2023\\\/09\\\/gleichcom-ag-logo-quadrat-farbig-mitte@696.png\",\"contentUrl\":\"https:\\\/\\\/www.gleichcom.samuraidev.ch\\\/wp-content\\\/uploads\\\/2023\\\/09\\\/gleichcom-ag-logo-quadrat-farbig-mitte@696.png\",\"width\":437,\"height\":437,\"caption\":\"Gleichcom AG\"},\"image\":{\"@id\":\"https:\\\/\\\/www.gleichcom.samuraidev.ch\\\/fr\\\/#\\\/schema\\\/logo\\\/image\\\/\"},\"sameAs\":[\"https:\\\/\\\/www.facebook.com\\\/profile.php?id=100068749126981\"]}]}<\/script>\n<!-- \/ Yoast SEO plugin. -->","yoast_head_json":{"title":"Loupe \u00e0 main loupe de lecture Mobilux Economy 3.5x anguleux\u200b\u00a0Eschenbach im Onlineshop | Gleichcom AG","description":"\u2705 Loupe pratique et abordable avec un grossissement de 3,5x pour lire les petits caract\u00e8res \u00e0 la maison ou sur la route.","robots":{"index":"noindex","follow":"follow","max-snippet":"max-snippet:-1","max-image-preview":"max-image-preview:large","max-video-preview":"max-video-preview:-1"},"og_locale":"fr_FR","og_type":"article","og_title":"Loupe \u00e0 main loupe de lecture Mobilux Economy 3.5x anguleux\u200b\u00a0Eschenbach im Onlineshop | Gleichcom AG","og_description":"\u2705 Loupe pratique et abordable avec un grossissement de 3,5x pour lire les petits caract\u00e8res \u00e0 la maison ou sur la route.","og_url":"https:\/\/www.gleichcom.samuraidev.ch\/fr\/shop\/handlupe-leseglas-mobilux-economy-3-5x-eckig-eschenbach\/","og_site_name":"Gleichcom AG","article_publisher":"https:\/\/www.facebook.com\/profile.php?id=100068749126981","og_image":[{"width":500,"height":276,"url":"https:\/\/www.gleichcom.samuraidev.ch\/wp-content\/uploads\/2023\/09\/MobiluxEconomy3.5x.jpg","type":"image\/jpeg"}],"twitter_card":"summary_large_image","schema":{"@context":"https:\/\/schema.org","@graph":[{"@type":"WebPage","@id":"https:\/\/www.gleichcom.samuraidev.ch\/fr\/shop\/handlupe-leseglas-mobilux-economy-3-5x-eckig-eschenbach\/","url":"https:\/\/www.gleichcom.samuraidev.ch\/fr\/shop\/handlupe-leseglas-mobilux-economy-3-5x-eckig-eschenbach\/","name":"Loupe \u00e0 main loupe de lecture Mobilux Economy 3.5x anguleux\u200b\u00a0Eschenbach im Onlineshop | Gleichcom AG","isPartOf":{"@id":"https:\/\/www.gleichcom.samuraidev.ch\/fr\/#website"},"primaryImageOfPage":{"@id":"https:\/\/www.gleichcom.samuraidev.ch\/fr\/shop\/handlupe-leseglas-mobilux-economy-3-5x-eckig-eschenbach\/#primaryimage"},"image":{"@id":"https:\/\/www.gleichcom.samuraidev.ch\/fr\/shop\/handlupe-leseglas-mobilux-economy-3-5x-eckig-eschenbach\/#primaryimage"},"thumbnailUrl":"https:\/\/www.gleichcom.samuraidev.ch\/wp-content\/uploads\/2023\/09\/MobiluxEconomy3.5x.jpg","datePublished":"2019-06-06T14:47:48+00:00","description":"\u2705 Loupe pratique et abordable avec un grossissement de 3,5x pour lire les petits caract\u00e8res \u00e0 la maison ou sur la route.","breadcrumb":{"@id":"https:\/\/www.gleichcom.samuraidev.ch\/fr\/shop\/handlupe-leseglas-mobilux-economy-3-5x-eckig-eschenbach\/#breadcrumb"},"inLanguage":"fr-FR","potentialAction":[{"@type":"ReadAction","target":["https:\/\/www.gleichcom.samuraidev.ch\/fr\/shop\/handlupe-leseglas-mobilux-economy-3-5x-eckig-eschenbach\/"]}]},{"@type":"ImageObject","inLanguage":"fr-FR","@id":"https:\/\/www.gleichcom.samuraidev.ch\/fr\/shop\/handlupe-leseglas-mobilux-economy-3-5x-eckig-eschenbach\/#primaryimage","url":"https:\/\/www.gleichcom.samuraidev.ch\/wp-content\/uploads\/2023\/09\/MobiluxEconomy3.5x.jpg","contentUrl":"https:\/\/www.gleichcom.samuraidev.ch\/wp-content\/uploads\/2023\/09\/MobiluxEconomy3.5x.jpg","width":500,"height":276},{"@type":"BreadcrumbList","@id":"https:\/\/www.gleichcom.samuraidev.ch\/fr\/shop\/handlupe-leseglas-mobilux-economy-3-5x-eckig-eschenbach\/#breadcrumb","itemListElement":[{"@type":"ListItem","position":1,"name":"Startseite","item":"https:\/\/www.gleichcom.samuraidev.ch\/fr\/"},{"@type":"ListItem","position":2,"name":"Shop","item":"https:\/\/www.gleichcom.samuraidev.ch\/fr\/shop\/"},{"@type":"ListItem","position":3,"name":"Loupe \u00e0 main loupe de lecture Mobilux Economy 3.5x anguleux\u200b\u00a0Eschenbach"}]},{"@type":"WebSite","@id":"https:\/\/www.gleichcom.samuraidev.ch\/fr\/#website","url":"https:\/\/www.gleichcom.samuraidev.ch\/fr\/","name":"Gleichcom AG","description":"besser h\u00f6ren. besser sehen. besser leben.","publisher":{"@id":"https:\/\/www.gleichcom.samuraidev.ch\/fr\/#organization"},"alternateName":"Gleichcom","potentialAction":[{"@type":"SearchAction","target":{"@type":"EntryPoint","urlTemplate":"https:\/\/www.gleichcom.samuraidev.ch\/fr\/?s={search_term_string}"},"query-input":{"@type":"PropertyValueSpecification","valueRequired":true,"valueName":"search_term_string"}}],"inLanguage":"fr-FR"},{"@type":"Organization","@id":"https:\/\/www.gleichcom.samuraidev.ch\/fr\/#organization","name":"Gleichcom AG","alternateName":"Gleichcom","url":"https:\/\/www.gleichcom.samuraidev.ch\/fr\/","logo":{"@type":"ImageObject","inLanguage":"fr-FR","@id":"https:\/\/www.gleichcom.samuraidev.ch\/fr\/#\/schema\/logo\/image\/","url":"https:\/\/www.gleichcom.samuraidev.ch\/wp-content\/uploads\/2023\/09\/gleichcom-ag-logo-quadrat-farbig-mitte@696.png","contentUrl":"https:\/\/www.gleichcom.samuraidev.ch\/wp-content\/uploads\/2023\/09\/gleichcom-ag-logo-quadrat-farbig-mitte@696.png","width":437,"height":437,"caption":"Gleichcom AG"},"image":{"@id":"https:\/\/www.gleichcom.samuraidev.ch\/fr\/#\/schema\/logo\/image\/"},"sameAs":["https:\/\/www.facebook.com\/profile.php?id=100068749126981"]}]}},"uagb_featured_image_src":{"full":["https:\/\/www.gleichcom.samuraidev.ch\/wp-content\/uploads\/2023\/09\/MobiluxEconomy3.5x.jpg",500,276,false],"thumbnail":["https:\/\/www.gleichcom.samuraidev.ch\/wp-content\/uploads\/2023\/09\/MobiluxEconomy3.5x.jpg",150,83,false],"medium":["https:\/\/www.gleichcom.samuraidev.ch\/wp-content\/uploads\/2023\/09\/MobiluxEconomy3.5x.jpg",300,166,false],"medium_large":["https:\/\/www.gleichcom.samuraidev.ch\/wp-content\/uploads\/2023\/09\/MobiluxEconomy3.5x.jpg",500,276,false],"large":["https:\/\/www.gleichcom.samuraidev.ch\/wp-content\/uploads\/2023\/09\/MobiluxEconomy3.5x.jpg",500,276,false],"1536x1536":["https:\/\/www.gleichcom.samuraidev.ch\/wp-content\/uploads\/2023\/09\/MobiluxEconomy3.5x.jpg",500,276,false],"2048x2048":["https:\/\/www.gleichcom.samuraidev.ch\/wp-content\/uploads\/2023\/09\/MobiluxEconomy3.5x.jpg",500,276,false],"woocommerce_thumbnail":["https:\/\/www.gleichcom.samuraidev.ch\/wp-content\/uploads\/2023\/09\/MobiluxEconomy3.5x.jpg",300,166,false],"woocommerce_single":["https:\/\/www.gleichcom.samuraidev.ch\/wp-content\/uploads\/2023\/09\/MobiluxEconomy3.5x.jpg",500,276,false],"woocommerce_gallery_thumbnail":["https:\/\/www.gleichcom.samuraidev.ch\/wp-content\/uploads\/2023\/09\/MobiluxEconomy3.5x-100x100.jpg",100,100,true]},"uagb_author_info":{"display_name":"","author_link":"https:\/\/www.gleichcom.samuraidev.ch\/fr\/author\/"},"uagb_comment_info":0,"uagb_excerpt":"Loupe pratique et abordable avec un grossissement de 3,5x pour lire les petits caract\u00e8res \u00e0 la maison ou sur la route.","_links":{"self":[{"href":"https:\/\/www.gleichcom.samuraidev.ch\/fr\/wp-json\/wp\/v2\/product\/11052","targetHints":{"allow":["GET"]}}],"collection":[{"href":"https:\/\/www.gleichcom.samuraidev.ch\/fr\/wp-json\/wp\/v2\/product"}],"about":[{"href":"https:\/\/www.gleichcom.samuraidev.ch\/fr\/wp-json\/wp\/v2\/types\/product"}],"wp:featuredmedia":[{"embeddable":true,"href":"https:\/\/www.gleichcom.samuraidev.ch\/fr\/wp-json\/wp\/v2\/media\/11050"}],"wp:attachment":[{"href":"https:\/\/www.gleichcom.samuraidev.ch\/fr\/wp-json\/wp\/v2\/media?parent=11052"}],"wp:term":[{"taxonomy":"product_brand","embeddable":true,"href":"https:\/\/www.gleichcom.samuraidev.ch\/fr\/wp-json\/wp\/v2\/product_brand?post=11052"},{"taxonomy":"product_cat","embeddable":true,"href":"https:\/\/www.gleichcom.samuraidev.ch\/fr\/wp-json\/wp\/v2\/product_cat?post=11052"},{"taxonomy":"product_tag","embeddable":true,"href":"https:\/\/www.gleichcom.samuraidev.ch\/fr\/wp-json\/wp\/v2\/product_tag?post=11052"}],"curies":[{"name":"wp","href":"https:\/\/api.w.org\/{rel}","templated":true}]}}