{"id":11112,"date":"2019-06-07T09:23:28","date_gmt":"2019-06-07T07:23:28","guid":{"rendered":"https:\/\/www.gleichcom.samuraidev.ch\/?product=handupe-leseglas-economic-2x-100x50o-eschenbach"},"modified":"1000-01-01T00:00:00","modified_gmt":"1000-01-01T00:00:00","slug":"handupe-leseglas-economic-2x-100x50o-eschenbach","status":"publish","type":"product","link":"https:\/\/www.gleichcom.samuraidev.ch\/fr\/shop\/handupe-leseglas-economic-2x-100x50o-eschenbach\/","title":{"rendered":"Loupe de lecture \u00e0 main Economic 2.0x Eschenbach"},"content":{"rendered":"<p><span style=\"font-size:16px;\"><strong>Loupe de lecture \u00e0 main Economic 2.0x Eschenbach<\/strong><\/span><br \/>\n\u00a0<br \/>\nLes loupes de la ligne \u00e9conomique sont adapt\u00e9es aux t\u00e2ches n\u00e9cessitant un faible ou moyen grossissement. Une lentille suppl\u00e9mentaire \u00e0 fort grossissement dans l&rsquo;attache de la poign\u00e9e permet \u00e9galement de voir les petits d\u00e9tails. L&rsquo;orientation pendant la lecture est facilit\u00e9e par le cadre clair. L&rsquo;\u0153illet \u00e0 l&rsquo;extr\u00e9mit\u00e9 de la poign\u00e9e sert \u00e0 nouer le cordon du cou (inclus dans la livraison) afin que la loupe puisse \u00eatre port\u00e9e autour du cou.<br \/>\n\u00a0<br \/>\n<strong>En un coup d&rsquo;\u0153il<\/strong><\/p>\n<ul>\n<li>Lentille biconvexe PXM\u00ae, rev\u00eatement DUPLEX pour des images nettes et sans distorsion<\/li>\n<li>Lentille suppl\u00e9mentaire \u00e0 fort grossissement dans la fixation de la poign\u00e9e<\/li>\n<li>Disponible en forme ronde ou carr\u00e9e<\/li>\n<li>Avec cordon pratique pour le cou<\/li>\n<\/ul>\n<p>\u00a0<\/p>\n<table border=\"0\" cellpadding=\"0\">\n<thead>\n<tr>\n<th style=\"text-align: left;\"><strong>R\u00e9f.<\/strong><\/th>\n<th><strong>Dimensions<\/strong><\/th>\n<th><strong>Grossissement<\/strong><\/th>\n<th><strong>Dioptrie<\/strong><\/th>\n<\/tr>\n<\/thead>\n<tbody>\n<tr>\n<td>264265\u00a0<\/td>\n<td>\u00f8 65 mm<\/td>\n<td>3,0x\u00a0<\/td>\n<td>7,4\u00a0<\/td>\n<\/tr>\n<tr>\n<td>264280\u00a0<\/td>\n<td>\u00f8 80 mm<\/td>\n<td>2,3x\u00a0<\/td>\n<td>5,1\u00a0<\/td>\n<\/tr>\n<tr>\n<td>2642100\u00a0<\/td>\n<td>\u00f8 100 mm<\/td>\n<td>2,0x\u00a0<\/td>\n<td>3,9\u00a0<\/td>\n<\/tr>\n<tr>\n<td>2642120\u00a0<\/td>\n<td>\u00f8 120 mm<\/td>\n<td>1,9x\u00a0<\/td>\n<td>3,2\u00a0<\/td>\n<\/tr>\n<tr>\n<td>2642840\u00a0<\/td>\n<td>80 x 40 mm\u00a0<\/td>\n<td>2,4x\u00a0<\/td>\n<td>5,0\u00a0<\/td>\n<\/tr>\n<tr>\n<td>2642150\u00a0<\/td>\n<td>100 x 50 mm\u00a0<\/td>\n<td>2,0x\u00a0<\/td>\n<td>3,9\u00a0<\/td>\n<\/tr>\n<tr>\n<td>26421255\u00a0<\/td>\n<td>120 x 55 mm\u00a0<\/td>\n<td>1,85x\u00a0<\/td>\n<td>3,3\u00a0<\/td>\n<\/tr>\n<\/tbody>\n<\/table>\n<p>\n\u00a0<\/p>\n","protected":false},"excerpt":{"rendered":"<p>\u200bVerre de lecture \u00e0 faible \u00e0 moyen grossissement pour une image nette et sans distorsion. Avec lentille suppl\u00e9mentaire \u00e0 fort grossissement dans la poign\u00e9e pour voir les petits d\u00e9tails.<\/p>\n","protected":false},"featured_media":11110,"template":"","meta":{"inline_featured_image":false,"_uag_custom_page_level_css":"","site-sidebar-layout":"default","site-content-layout":"","ast-site-content-layout":"default","site-content-style":"default","site-sidebar-style":"default","ast-global-header-display":"","ast-banner-title-visibility":"","ast-main-header-display":"","ast-hfb-above-header-display":"","ast-hfb-below-header-display":"","ast-hfb-mobile-header-display":"","site-post-title":"","ast-breadcrumbs-content":"","ast-featured-img":"","footer-sml-layout":"","ast-disable-related-posts":"","theme-transparent-header-meta":"","adv-header-id-meta":"","stick-header-meta":"","header-above-stick-meta":"","header-main-stick-meta":"","header-below-stick-meta":"","astra-migrate-meta-layouts":"default","ast-page-background-enabled":"default","ast-page-background-meta":{"desktop":{"background-color":"","background-image":"","background-repeat":"repeat","background-position":"center center","background-size":"auto","background-attachment":"scroll","background-type":"","background-media":"","overlay-type":"","overlay-color":"","overlay-opacity":"","overlay-gradient":""},"tablet":{"background-color":"","background-image":"","background-repeat":"repeat","background-position":"center center","background-size":"auto","background-attachment":"scroll","background-type":"","background-media":"","overlay-type":"","overlay-color":"","overlay-opacity":"","overlay-gradient":""},"mobile":{"background-color":"","background-image":"","background-repeat":"repeat","background-position":"center center","background-size":"auto","background-attachment":"scroll","background-type":"","background-media":"","overlay-type":"","overlay-color":"","overlay-opacity":"","overlay-gradient":""}},"ast-content-background-meta":{"desktop":{"background-color":"var(--ast-global-color-5)","background-image":"","background-repeat":"repeat","background-position":"center center","background-size":"auto","background-attachment":"scroll","background-type":"","background-media":"","overlay-type":"","overlay-color":"","overlay-opacity":"","overlay-gradient":""},"tablet":{"background-color":"var(--ast-global-color-5)","background-image":"","background-repeat":"repeat","background-position":"center center","background-size":"auto","background-attachment":"scroll","background-type":"","background-media":"","overlay-type":"","overlay-color":"","overlay-opacity":"","overlay-gradient":""},"mobile":{"background-color":"var(--ast-global-color-5)","background-image":"","background-repeat":"repeat","background-position":"center center","background-size":"auto","background-attachment":"scroll","background-type":"","background-media":"","overlay-type":"","overlay-color":"","overlay-opacity":"","overlay-gradient":""}}},"product_brand":[],"product_cat":[2997],"product_tag":[],"class_list":{"0":"post-11112","1":"product","2":"type-product","3":"status-publish","4":"has-post-thumbnail","6":"product_cat-loupes-pour-la-lecture-fr","7":"desktop-align-center","8":"tablet-align-center","9":"mobile-align-center","10":"ast-product-gallery-layout-horizontal-slider","11":"ast-product-gallery-with-no-image","12":"ast-product-tabs-layout-accordion","14":"first","15":"onbackorder","16":"taxable","17":"shipping-taxable","18":"purchasable","19":"product-type-simple"},"yoast_head":"<!-- This site is optimized with the Yoast SEO plugin v27.5 - https:\/\/yoast.com\/product\/yoast-seo-wordpress\/ -->\n<title>Loupe de lecture \u00e0 main Economic 2.0x Eschenbach im Onlineshop | Gleichcom AG<\/title>\n<meta name=\"description\" content=\"\u2705 \u200bVerre de lecture \u00e0 faible \u00e0 moyen grossissement pour une image nette et sans distorsion. Avec lentille suppl\u00e9mentaire \u00e0 fort grossissement dans la poign\u00e9e pour voir les petits d\u00e9tails.\" \/>\n<meta name=\"robots\" content=\"noindex, follow, max-snippet:-1, max-image-preview:large, max-video-preview:-1\" \/>\n<meta property=\"og:locale\" content=\"fr_FR\" \/>\n<meta property=\"og:type\" content=\"article\" \/>\n<meta property=\"og:title\" content=\"Loupe de lecture \u00e0 main Economic 2.0x Eschenbach im Onlineshop | Gleichcom AG\" \/>\n<meta property=\"og:description\" content=\"\u2705 \u200bVerre de lecture \u00e0 faible \u00e0 moyen grossissement pour une image nette et sans distorsion. Avec lentille suppl\u00e9mentaire \u00e0 fort grossissement dans la poign\u00e9e pour voir les petits d\u00e9tails.\" \/>\n<meta property=\"og:url\" content=\"https:\/\/www.gleichcom.samuraidev.ch\/fr\/shop\/handupe-leseglas-economic-2x-100x50o-eschenbach\/\" \/>\n<meta property=\"og:site_name\" content=\"Gleichcom AG\" \/>\n<meta property=\"article:publisher\" content=\"https:\/\/www.facebook.com\/profile.php?id=100068749126981\" \/>\n<meta property=\"og:image\" content=\"https:\/\/www.gleichcom.samuraidev.ch\/wp-content\/uploads\/2023\/09\/2642150.jpg\" \/>\n\t<meta property=\"og:image:width\" content=\"500\" \/>\n\t<meta property=\"og:image:height\" content=\"188\" \/>\n\t<meta property=\"og:image:type\" content=\"image\/jpeg\" \/>\n<meta name=\"twitter:card\" content=\"summary_large_image\" \/>\n<script type=\"application\/ld+json\" class=\"yoast-schema-graph\">{\"@context\":\"https:\\\/\\\/schema.org\",\"@graph\":[{\"@type\":\"WebPage\",\"@id\":\"https:\\\/\\\/www.gleichcom.samuraidev.ch\\\/fr\\\/shop\\\/handupe-leseglas-economic-2x-100x50o-eschenbach\\\/\",\"url\":\"https:\\\/\\\/www.gleichcom.samuraidev.ch\\\/fr\\\/shop\\\/handupe-leseglas-economic-2x-100x50o-eschenbach\\\/\",\"name\":\"Loupe de lecture \u00e0 main Economic 2.0x Eschenbach im Onlineshop | Gleichcom AG\",\"isPartOf\":{\"@id\":\"https:\\\/\\\/www.gleichcom.samuraidev.ch\\\/fr\\\/#website\"},\"primaryImageOfPage\":{\"@id\":\"https:\\\/\\\/www.gleichcom.samuraidev.ch\\\/fr\\\/shop\\\/handupe-leseglas-economic-2x-100x50o-eschenbach\\\/#primaryimage\"},\"image\":{\"@id\":\"https:\\\/\\\/www.gleichcom.samuraidev.ch\\\/fr\\\/shop\\\/handupe-leseglas-economic-2x-100x50o-eschenbach\\\/#primaryimage\"},\"thumbnailUrl\":\"https:\\\/\\\/www.gleichcom.samuraidev.ch\\\/wp-content\\\/uploads\\\/2023\\\/09\\\/2642150.jpg\",\"datePublished\":\"2019-06-07T07:23:28+00:00\",\"description\":\"\u2705 \u200bVerre de lecture \u00e0 faible \u00e0 moyen grossissement pour une image nette et sans distorsion. Avec lentille suppl\u00e9mentaire \u00e0 fort grossissement dans la poign\u00e9e pour voir les petits d\u00e9tails.\",\"breadcrumb\":{\"@id\":\"https:\\\/\\\/www.gleichcom.samuraidev.ch\\\/fr\\\/shop\\\/handupe-leseglas-economic-2x-100x50o-eschenbach\\\/#breadcrumb\"},\"inLanguage\":\"fr-FR\",\"potentialAction\":[{\"@type\":\"ReadAction\",\"target\":[\"https:\\\/\\\/www.gleichcom.samuraidev.ch\\\/fr\\\/shop\\\/handupe-leseglas-economic-2x-100x50o-eschenbach\\\/\"]}]},{\"@type\":\"ImageObject\",\"inLanguage\":\"fr-FR\",\"@id\":\"https:\\\/\\\/www.gleichcom.samuraidev.ch\\\/fr\\\/shop\\\/handupe-leseglas-economic-2x-100x50o-eschenbach\\\/#primaryimage\",\"url\":\"https:\\\/\\\/www.gleichcom.samuraidev.ch\\\/wp-content\\\/uploads\\\/2023\\\/09\\\/2642150.jpg\",\"contentUrl\":\"https:\\\/\\\/www.gleichcom.samuraidev.ch\\\/wp-content\\\/uploads\\\/2023\\\/09\\\/2642150.jpg\",\"width\":500,\"height\":188},{\"@type\":\"BreadcrumbList\",\"@id\":\"https:\\\/\\\/www.gleichcom.samuraidev.ch\\\/fr\\\/shop\\\/handupe-leseglas-economic-2x-100x50o-eschenbach\\\/#breadcrumb\",\"itemListElement\":[{\"@type\":\"ListItem\",\"position\":1,\"name\":\"Startseite\",\"item\":\"https:\\\/\\\/www.gleichcom.samuraidev.ch\\\/fr\\\/\"},{\"@type\":\"ListItem\",\"position\":2,\"name\":\"Shop\",\"item\":\"https:\\\/\\\/www.gleichcom.samuraidev.ch\\\/fr\\\/shop\\\/\"},{\"@type\":\"ListItem\",\"position\":3,\"name\":\"Loupe de lecture \u00e0 main Economic 2.0x Eschenbach\"}]},{\"@type\":\"WebSite\",\"@id\":\"https:\\\/\\\/www.gleichcom.samuraidev.ch\\\/fr\\\/#website\",\"url\":\"https:\\\/\\\/www.gleichcom.samuraidev.ch\\\/fr\\\/\",\"name\":\"Gleichcom AG\",\"description\":\"besser h\u00f6ren. besser sehen. besser leben.\",\"publisher\":{\"@id\":\"https:\\\/\\\/www.gleichcom.samuraidev.ch\\\/fr\\\/#organization\"},\"alternateName\":\"Gleichcom\",\"potentialAction\":[{\"@type\":\"SearchAction\",\"target\":{\"@type\":\"EntryPoint\",\"urlTemplate\":\"https:\\\/\\\/www.gleichcom.samuraidev.ch\\\/fr\\\/?s={search_term_string}\"},\"query-input\":{\"@type\":\"PropertyValueSpecification\",\"valueRequired\":true,\"valueName\":\"search_term_string\"}}],\"inLanguage\":\"fr-FR\"},{\"@type\":\"Organization\",\"@id\":\"https:\\\/\\\/www.gleichcom.samuraidev.ch\\\/fr\\\/#organization\",\"name\":\"Gleichcom AG\",\"alternateName\":\"Gleichcom\",\"url\":\"https:\\\/\\\/www.gleichcom.samuraidev.ch\\\/fr\\\/\",\"logo\":{\"@type\":\"ImageObject\",\"inLanguage\":\"fr-FR\",\"@id\":\"https:\\\/\\\/www.gleichcom.samuraidev.ch\\\/fr\\\/#\\\/schema\\\/logo\\\/image\\\/\",\"url\":\"https:\\\/\\\/www.gleichcom.samuraidev.ch\\\/wp-content\\\/uploads\\\/2023\\\/09\\\/gleichcom-ag-logo-quadrat-farbig-mitte@696.png\",\"contentUrl\":\"https:\\\/\\\/www.gleichcom.samuraidev.ch\\\/wp-content\\\/uploads\\\/2023\\\/09\\\/gleichcom-ag-logo-quadrat-farbig-mitte@696.png\",\"width\":437,\"height\":437,\"caption\":\"Gleichcom AG\"},\"image\":{\"@id\":\"https:\\\/\\\/www.gleichcom.samuraidev.ch\\\/fr\\\/#\\\/schema\\\/logo\\\/image\\\/\"},\"sameAs\":[\"https:\\\/\\\/www.facebook.com\\\/profile.php?id=100068749126981\"]}]}<\/script>\n<!-- \/ Yoast SEO plugin. -->","yoast_head_json":{"title":"Loupe de lecture \u00e0 main Economic 2.0x Eschenbach im Onlineshop | Gleichcom AG","description":"\u2705 \u200bVerre de lecture \u00e0 faible \u00e0 moyen grossissement pour une image nette et sans distorsion. Avec lentille suppl\u00e9mentaire \u00e0 fort grossissement dans la poign\u00e9e pour voir les petits d\u00e9tails.","robots":{"index":"noindex","follow":"follow","max-snippet":"max-snippet:-1","max-image-preview":"max-image-preview:large","max-video-preview":"max-video-preview:-1"},"og_locale":"fr_FR","og_type":"article","og_title":"Loupe de lecture \u00e0 main Economic 2.0x Eschenbach im Onlineshop | Gleichcom AG","og_description":"\u2705 \u200bVerre de lecture \u00e0 faible \u00e0 moyen grossissement pour une image nette et sans distorsion. Avec lentille suppl\u00e9mentaire \u00e0 fort grossissement dans la poign\u00e9e pour voir les petits d\u00e9tails.","og_url":"https:\/\/www.gleichcom.samuraidev.ch\/fr\/shop\/handupe-leseglas-economic-2x-100x50o-eschenbach\/","og_site_name":"Gleichcom AG","article_publisher":"https:\/\/www.facebook.com\/profile.php?id=100068749126981","og_image":[{"width":500,"height":188,"url":"https:\/\/www.gleichcom.samuraidev.ch\/wp-content\/uploads\/2023\/09\/2642150.jpg","type":"image\/jpeg"}],"twitter_card":"summary_large_image","schema":{"@context":"https:\/\/schema.org","@graph":[{"@type":"WebPage","@id":"https:\/\/www.gleichcom.samuraidev.ch\/fr\/shop\/handupe-leseglas-economic-2x-100x50o-eschenbach\/","url":"https:\/\/www.gleichcom.samuraidev.ch\/fr\/shop\/handupe-leseglas-economic-2x-100x50o-eschenbach\/","name":"Loupe de lecture \u00e0 main Economic 2.0x Eschenbach im Onlineshop | Gleichcom AG","isPartOf":{"@id":"https:\/\/www.gleichcom.samuraidev.ch\/fr\/#website"},"primaryImageOfPage":{"@id":"https:\/\/www.gleichcom.samuraidev.ch\/fr\/shop\/handupe-leseglas-economic-2x-100x50o-eschenbach\/#primaryimage"},"image":{"@id":"https:\/\/www.gleichcom.samuraidev.ch\/fr\/shop\/handupe-leseglas-economic-2x-100x50o-eschenbach\/#primaryimage"},"thumbnailUrl":"https:\/\/www.gleichcom.samuraidev.ch\/wp-content\/uploads\/2023\/09\/2642150.jpg","datePublished":"2019-06-07T07:23:28+00:00","description":"\u2705 \u200bVerre de lecture \u00e0 faible \u00e0 moyen grossissement pour une image nette et sans distorsion. Avec lentille suppl\u00e9mentaire \u00e0 fort grossissement dans la poign\u00e9e pour voir les petits d\u00e9tails.","breadcrumb":{"@id":"https:\/\/www.gleichcom.samuraidev.ch\/fr\/shop\/handupe-leseglas-economic-2x-100x50o-eschenbach\/#breadcrumb"},"inLanguage":"fr-FR","potentialAction":[{"@type":"ReadAction","target":["https:\/\/www.gleichcom.samuraidev.ch\/fr\/shop\/handupe-leseglas-economic-2x-100x50o-eschenbach\/"]}]},{"@type":"ImageObject","inLanguage":"fr-FR","@id":"https:\/\/www.gleichcom.samuraidev.ch\/fr\/shop\/handupe-leseglas-economic-2x-100x50o-eschenbach\/#primaryimage","url":"https:\/\/www.gleichcom.samuraidev.ch\/wp-content\/uploads\/2023\/09\/2642150.jpg","contentUrl":"https:\/\/www.gleichcom.samuraidev.ch\/wp-content\/uploads\/2023\/09\/2642150.jpg","width":500,"height":188},{"@type":"BreadcrumbList","@id":"https:\/\/www.gleichcom.samuraidev.ch\/fr\/shop\/handupe-leseglas-economic-2x-100x50o-eschenbach\/#breadcrumb","itemListElement":[{"@type":"ListItem","position":1,"name":"Startseite","item":"https:\/\/www.gleichcom.samuraidev.ch\/fr\/"},{"@type":"ListItem","position":2,"name":"Shop","item":"https:\/\/www.gleichcom.samuraidev.ch\/fr\/shop\/"},{"@type":"ListItem","position":3,"name":"Loupe de lecture \u00e0 main Economic 2.0x Eschenbach"}]},{"@type":"WebSite","@id":"https:\/\/www.gleichcom.samuraidev.ch\/fr\/#website","url":"https:\/\/www.gleichcom.samuraidev.ch\/fr\/","name":"Gleichcom AG","description":"besser h\u00f6ren. besser sehen. besser leben.","publisher":{"@id":"https:\/\/www.gleichcom.samuraidev.ch\/fr\/#organization"},"alternateName":"Gleichcom","potentialAction":[{"@type":"SearchAction","target":{"@type":"EntryPoint","urlTemplate":"https:\/\/www.gleichcom.samuraidev.ch\/fr\/?s={search_term_string}"},"query-input":{"@type":"PropertyValueSpecification","valueRequired":true,"valueName":"search_term_string"}}],"inLanguage":"fr-FR"},{"@type":"Organization","@id":"https:\/\/www.gleichcom.samuraidev.ch\/fr\/#organization","name":"Gleichcom AG","alternateName":"Gleichcom","url":"https:\/\/www.gleichcom.samuraidev.ch\/fr\/","logo":{"@type":"ImageObject","inLanguage":"fr-FR","@id":"https:\/\/www.gleichcom.samuraidev.ch\/fr\/#\/schema\/logo\/image\/","url":"https:\/\/www.gleichcom.samuraidev.ch\/wp-content\/uploads\/2023\/09\/gleichcom-ag-logo-quadrat-farbig-mitte@696.png","contentUrl":"https:\/\/www.gleichcom.samuraidev.ch\/wp-content\/uploads\/2023\/09\/gleichcom-ag-logo-quadrat-farbig-mitte@696.png","width":437,"height":437,"caption":"Gleichcom AG"},"image":{"@id":"https:\/\/www.gleichcom.samuraidev.ch\/fr\/#\/schema\/logo\/image\/"},"sameAs":["https:\/\/www.facebook.com\/profile.php?id=100068749126981"]}]}},"uagb_featured_image_src":{"full":["https:\/\/www.gleichcom.samuraidev.ch\/wp-content\/uploads\/2023\/09\/2642150.jpg",500,188,false],"thumbnail":["https:\/\/www.gleichcom.samuraidev.ch\/wp-content\/uploads\/2023\/09\/2642150.jpg",150,56,false],"medium":["https:\/\/www.gleichcom.samuraidev.ch\/wp-content\/uploads\/2023\/09\/2642150.jpg",300,113,false],"medium_large":["https:\/\/www.gleichcom.samuraidev.ch\/wp-content\/uploads\/2023\/09\/2642150.jpg",500,188,false],"large":["https:\/\/www.gleichcom.samuraidev.ch\/wp-content\/uploads\/2023\/09\/2642150.jpg",500,188,false],"1536x1536":["https:\/\/www.gleichcom.samuraidev.ch\/wp-content\/uploads\/2023\/09\/2642150.jpg",500,188,false],"2048x2048":["https:\/\/www.gleichcom.samuraidev.ch\/wp-content\/uploads\/2023\/09\/2642150.jpg",500,188,false],"woocommerce_thumbnail":["https:\/\/www.gleichcom.samuraidev.ch\/wp-content\/uploads\/2023\/09\/2642150.jpg",300,113,false],"woocommerce_single":["https:\/\/www.gleichcom.samuraidev.ch\/wp-content\/uploads\/2023\/09\/2642150.jpg",500,188,false],"woocommerce_gallery_thumbnail":["https:\/\/www.gleichcom.samuraidev.ch\/wp-content\/uploads\/2023\/09\/2642150-100x100.jpg",100,100,true]},"uagb_author_info":{"display_name":"","author_link":"https:\/\/www.gleichcom.samuraidev.ch\/fr\/author\/"},"uagb_comment_info":0,"uagb_excerpt":"\u200bVerre de lecture \u00e0 faible \u00e0 moyen grossissement pour une image nette et sans distorsion. Avec lentille suppl\u00e9mentaire \u00e0 fort grossissement dans la poign\u00e9e pour voir les petits d\u00e9tails.","_links":{"self":[{"href":"https:\/\/www.gleichcom.samuraidev.ch\/fr\/wp-json\/wp\/v2\/product\/11112","targetHints":{"allow":["GET"]}}],"collection":[{"href":"https:\/\/www.gleichcom.samuraidev.ch\/fr\/wp-json\/wp\/v2\/product"}],"about":[{"href":"https:\/\/www.gleichcom.samuraidev.ch\/fr\/wp-json\/wp\/v2\/types\/product"}],"wp:featuredmedia":[{"embeddable":true,"href":"https:\/\/www.gleichcom.samuraidev.ch\/fr\/wp-json\/wp\/v2\/media\/11110"}],"wp:attachment":[{"href":"https:\/\/www.gleichcom.samuraidev.ch\/fr\/wp-json\/wp\/v2\/media?parent=11112"}],"wp:term":[{"taxonomy":"product_brand","embeddable":true,"href":"https:\/\/www.gleichcom.samuraidev.ch\/fr\/wp-json\/wp\/v2\/product_brand?post=11112"},{"taxonomy":"product_cat","embeddable":true,"href":"https:\/\/www.gleichcom.samuraidev.ch\/fr\/wp-json\/wp\/v2\/product_cat?post=11112"},{"taxonomy":"product_tag","embeddable":true,"href":"https:\/\/www.gleichcom.samuraidev.ch\/fr\/wp-json\/wp\/v2\/product_tag?post=11112"}],"curies":[{"name":"wp","href":"https:\/\/api.w.org\/{rel}","templated":true}]}}