{"id":11151,"date":"2019-06-11T14:09:52","date_gmt":"2019-06-11T12:09:52","guid":{"rendered":"https:\/\/www.gleichcom.samuraidev.ch\/?product=handlupe-aspheric-ii-2-8x-eschenbach"},"modified":"1000-01-01T00:00:00","modified_gmt":"1000-01-01T00:00:00","slug":"handlupe-aspheric-ii-2-8x-eschenbach","status":"publish","type":"product","link":"https:\/\/www.gleichcom.samuraidev.ch\/fr\/shop\/handlupe-aspheric-ii-2-8x-eschenbach\/","title":{"rendered":"Loupe de lecture \u00e0 main Asph\u00e9rique II 2.8x Eschenbach"},"content":{"rendered":"<div>\n\t<span style=\"font-size:16px;\"><strong>Loupe de lecture \u00e0 main Asph\u00e9rique II 2.8x Eschenbach<\/strong><\/span><br \/>\n\t\u00a0<br \/>\n\tLes lunettes de lecture asph\u00e9riques II sont particuli\u00e8rement adapt\u00e9es \u00e0 la lecture et \u00e0 la visualisation d&rsquo;images avec un \u00e9clairage ambiant suffisant (nous recommandons les lampes visionLED d&rsquo;Eschenbach (confort, \u00e9conomie, basic) comme lampes de lecture appropri\u00e9es). La lentille asph\u00e9rique rev\u00eatue PXM\u00ae light lens cera-tec\u00ae assure une image nette et sans distorsion. Un cordon pour le cou est inclus dans la livraison.<br \/>\n\t\u00a0<br \/>\n\t<strong>En un coup d&rsquo;\u0153il<\/strong>\n<\/div>\n<ul>\n<li>Grossissement \u00e9lev\u00e9 avec grand champ de vision<\/li>\n<li>Lentille particuli\u00e8rement r\u00e9sistante aux rayures avec un confort visuel et de port \u00e9lev\u00e9<\/li>\n<li>Disponible en forme ronde ou carr\u00e9e<\/li>\n<li>Oeillet amovible \u00e0 l&rsquo;extr\u00e9mit\u00e9 de la poign\u00e9e pour cordon de cou<\/li>\n<\/ul>\n<div>\n\t\u00a0<br \/>\n\t<strong>Accessoires non compris dans la livraison:<\/strong>\n<\/div>\n<ul>\n<li>Etui en cuir v\u00e9ritable noir : Art. No. selon la liste ci-dessous<\/li>\n<li>Feux auxiliaires appropri\u00e9s : Art. No. 16033, Art. N\u00ba 16031<\/li>\n<li>Lanyard Art. N\u00ba 15981<\/li>\n<\/ul>\n<div>\n\t\u00a0<br \/>\n\t\u00a0\n<\/div>\n<table border=\"0\" cellpadding=\"0\">\n<thead>\n<tr>\n<th style=\"text-align: left;\">R\u00e9f.<\/th>\n<th>Dimensions<\/th>\n<th>Grossissement<\/th>\n<th>Dioptrie<\/th>\n<th>R\u00e9f. N\u00b0 d&rsquo;\u00c9tui<\/th>\n<\/tr>\n<\/thead>\n<tbody>\n<tr>\n<td>265550\u00a0<\/td>\n<td>\u00f8 50 mm<\/td>\n<td>6,0x\u00a0<\/td>\n<td>24,0\u00a0<\/td>\n<td>285550\u00a0<\/td>\n<\/tr>\n<tr>\n<td>265560\u00a0<\/td>\n<td>\u00f8 58 mm<\/td>\n<td>5,0x\u00a0<\/td>\n<td>20,0\u00a0<\/td>\n<td>285560\u00a0<\/td>\n<\/tr>\n<tr>\n<td>265570\u00a0<\/td>\n<td>\u00f8 70 mm<\/td>\n<td>4,0x\u00a0<\/td>\n<td>16,0\u00a0<\/td>\n<td>285570\u00a0<\/td>\n<\/tr>\n<tr>\n<td>2655750\u00a0<\/td>\n<td>70 x 50 mm\u00a0<\/td>\n<td>3,5x\u00a0<\/td>\n<td>10,0\u00a0<\/td>\n<td>2855750\u00a0<\/td>\n<\/tr>\n<tr>\n<td>2655150\u00a0<\/td>\n<td>100 x 50 mm\u00a0<\/td>\n<td>3,0x\u00a0<\/td>\n<td>7,6\u00a0<\/td>\n<td>2855150\u00a0<\/td>\n<\/tr>\n<tr>\n<td>2655175\u00a0<\/td>\n<td>100 x 75 mm\u00a0<\/td>\n<td>2,8x\u00a0<\/td>\n<td>7,0\u00a0<\/td>\n<td>2855175\u00a0<\/td>\n<\/tr>\n<\/tbody>\n<\/table>\n","protected":false},"excerpt":{"rendered":"<p>Verre de lecture avec grossissement 2,8x pour la lecture et la visualisation d&rsquo;images avec un \u00e9clairage ambiant suffisant. Pour une image nette et sans distorsion.<\/p>\n","protected":false},"featured_media":11149,"template":"","meta":{"inline_featured_image":false,"_uag_custom_page_level_css":"","site-sidebar-layout":"default","site-content-layout":"","ast-site-content-layout":"default","site-content-style":"default","site-sidebar-style":"default","ast-global-header-display":"","ast-banner-title-visibility":"","ast-main-header-display":"","ast-hfb-above-header-display":"","ast-hfb-below-header-display":"","ast-hfb-mobile-header-display":"","site-post-title":"","ast-breadcrumbs-content":"","ast-featured-img":"","footer-sml-layout":"","ast-disable-related-posts":"","theme-transparent-header-meta":"","adv-header-id-meta":"","stick-header-meta":"","header-above-stick-meta":"","header-main-stick-meta":"","header-below-stick-meta":"","astra-migrate-meta-layouts":"default","ast-page-background-enabled":"default","ast-page-background-meta":{"desktop":{"background-color":"","background-image":"","background-repeat":"repeat","background-position":"center center","background-size":"auto","background-attachment":"scroll","background-type":"","background-media":"","overlay-type":"","overlay-color":"","overlay-opacity":"","overlay-gradient":""},"tablet":{"background-color":"","background-image":"","background-repeat":"repeat","background-position":"center center","background-size":"auto","background-attachment":"scroll","background-type":"","background-media":"","overlay-type":"","overlay-color":"","overlay-opacity":"","overlay-gradient":""},"mobile":{"background-color":"","background-image":"","background-repeat":"repeat","background-position":"center center","background-size":"auto","background-attachment":"scroll","background-type":"","background-media":"","overlay-type":"","overlay-color":"","overlay-opacity":"","overlay-gradient":""}},"ast-content-background-meta":{"desktop":{"background-color":"var(--ast-global-color-5)","background-image":"","background-repeat":"repeat","background-position":"center center","background-size":"auto","background-attachment":"scroll","background-type":"","background-media":"","overlay-type":"","overlay-color":"","overlay-opacity":"","overlay-gradient":""},"tablet":{"background-color":"var(--ast-global-color-5)","background-image":"","background-repeat":"repeat","background-position":"center center","background-size":"auto","background-attachment":"scroll","background-type":"","background-media":"","overlay-type":"","overlay-color":"","overlay-opacity":"","overlay-gradient":""},"mobile":{"background-color":"var(--ast-global-color-5)","background-image":"","background-repeat":"repeat","background-position":"center center","background-size":"auto","background-attachment":"scroll","background-type":"","background-media":"","overlay-type":"","overlay-color":"","overlay-opacity":"","overlay-gradient":""}}},"product_brand":[],"product_cat":[2997],"product_tag":[],"class_list":{"0":"post-11151","1":"product","2":"type-product","3":"status-publish","4":"has-post-thumbnail","6":"product_cat-loupes-pour-la-lecture-fr","7":"desktop-align-center","8":"tablet-align-center","9":"mobile-align-center","10":"ast-product-gallery-layout-horizontal-slider","11":"ast-product-gallery-with-no-image","12":"ast-product-tabs-layout-accordion","14":"first","15":"onbackorder","16":"taxable","17":"shipping-taxable","18":"purchasable","19":"product-type-simple"},"yoast_head":"<!-- This site is optimized with the Yoast SEO plugin v27.5 - https:\/\/yoast.com\/product\/yoast-seo-wordpress\/ -->\n<title>Loupe de lecture \u00e0 main Asph\u00e9rique II 2.8x Eschenbach im Onlineshop | Gleichcom AG<\/title>\n<meta name=\"description\" content=\"\u2705 Verre de lecture avec grossissement 2,8x pour la lecture et la visualisation d&#039;images avec un \u00e9clairage ambiant suffisant. Pour une image nette et sans distorsion.\" \/>\n<meta name=\"robots\" content=\"noindex, follow, max-snippet:-1, max-image-preview:large, max-video-preview:-1\" \/>\n<meta property=\"og:locale\" content=\"fr_FR\" \/>\n<meta property=\"og:type\" content=\"article\" \/>\n<meta property=\"og:title\" content=\"Loupe de lecture \u00e0 main Asph\u00e9rique II 2.8x Eschenbach im Onlineshop | Gleichcom AG\" \/>\n<meta property=\"og:description\" content=\"\u2705 Verre de lecture avec grossissement 2,8x pour la lecture et la visualisation d&#039;images avec un \u00e9clairage ambiant suffisant. Pour une image nette et sans distorsion.\" \/>\n<meta property=\"og:url\" content=\"https:\/\/www.gleichcom.samuraidev.ch\/fr\/shop\/handlupe-aspheric-ii-2-8x-eschenbach\/\" \/>\n<meta property=\"og:site_name\" content=\"Gleichcom AG\" \/>\n<meta property=\"article:publisher\" content=\"https:\/\/www.facebook.com\/profile.php?id=100068749126981\" \/>\n<meta property=\"og:image\" content=\"https:\/\/www.gleichcom.samuraidev.ch\/wp-content\/uploads\/2023\/09\/AsphericII2.75.jpg\" \/>\n\t<meta property=\"og:image:width\" content=\"500\" \/>\n\t<meta property=\"og:image:height\" content=\"281\" \/>\n\t<meta property=\"og:image:type\" content=\"image\/jpeg\" \/>\n<meta name=\"twitter:card\" content=\"summary_large_image\" \/>\n<script type=\"application\/ld+json\" class=\"yoast-schema-graph\">{\"@context\":\"https:\\\/\\\/schema.org\",\"@graph\":[{\"@type\":\"WebPage\",\"@id\":\"https:\\\/\\\/www.gleichcom.samuraidev.ch\\\/fr\\\/shop\\\/handlupe-aspheric-ii-2-8x-eschenbach\\\/\",\"url\":\"https:\\\/\\\/www.gleichcom.samuraidev.ch\\\/fr\\\/shop\\\/handlupe-aspheric-ii-2-8x-eschenbach\\\/\",\"name\":\"Loupe de lecture \u00e0 main Asph\u00e9rique II 2.8x Eschenbach im Onlineshop | Gleichcom AG\",\"isPartOf\":{\"@id\":\"https:\\\/\\\/www.gleichcom.samuraidev.ch\\\/fr\\\/#website\"},\"primaryImageOfPage\":{\"@id\":\"https:\\\/\\\/www.gleichcom.samuraidev.ch\\\/fr\\\/shop\\\/handlupe-aspheric-ii-2-8x-eschenbach\\\/#primaryimage\"},\"image\":{\"@id\":\"https:\\\/\\\/www.gleichcom.samuraidev.ch\\\/fr\\\/shop\\\/handlupe-aspheric-ii-2-8x-eschenbach\\\/#primaryimage\"},\"thumbnailUrl\":\"https:\\\/\\\/www.gleichcom.samuraidev.ch\\\/wp-content\\\/uploads\\\/2023\\\/09\\\/AsphericII2.75.jpg\",\"datePublished\":\"2019-06-11T12:09:52+00:00\",\"description\":\"\u2705 Verre de lecture avec grossissement 2,8x pour la lecture et la visualisation d'images avec un \u00e9clairage ambiant suffisant. Pour une image nette et sans distorsion.\",\"breadcrumb\":{\"@id\":\"https:\\\/\\\/www.gleichcom.samuraidev.ch\\\/fr\\\/shop\\\/handlupe-aspheric-ii-2-8x-eschenbach\\\/#breadcrumb\"},\"inLanguage\":\"fr-FR\",\"potentialAction\":[{\"@type\":\"ReadAction\",\"target\":[\"https:\\\/\\\/www.gleichcom.samuraidev.ch\\\/fr\\\/shop\\\/handlupe-aspheric-ii-2-8x-eschenbach\\\/\"]}]},{\"@type\":\"ImageObject\",\"inLanguage\":\"fr-FR\",\"@id\":\"https:\\\/\\\/www.gleichcom.samuraidev.ch\\\/fr\\\/shop\\\/handlupe-aspheric-ii-2-8x-eschenbach\\\/#primaryimage\",\"url\":\"https:\\\/\\\/www.gleichcom.samuraidev.ch\\\/wp-content\\\/uploads\\\/2023\\\/09\\\/AsphericII2.75.jpg\",\"contentUrl\":\"https:\\\/\\\/www.gleichcom.samuraidev.ch\\\/wp-content\\\/uploads\\\/2023\\\/09\\\/AsphericII2.75.jpg\",\"width\":500,\"height\":281},{\"@type\":\"BreadcrumbList\",\"@id\":\"https:\\\/\\\/www.gleichcom.samuraidev.ch\\\/fr\\\/shop\\\/handlupe-aspheric-ii-2-8x-eschenbach\\\/#breadcrumb\",\"itemListElement\":[{\"@type\":\"ListItem\",\"position\":1,\"name\":\"Startseite\",\"item\":\"https:\\\/\\\/www.gleichcom.samuraidev.ch\\\/fr\\\/\"},{\"@type\":\"ListItem\",\"position\":2,\"name\":\"Shop\",\"item\":\"https:\\\/\\\/www.gleichcom.samuraidev.ch\\\/fr\\\/shop\\\/\"},{\"@type\":\"ListItem\",\"position\":3,\"name\":\"Loupe de lecture \u00e0 main Asph\u00e9rique II 2.8x Eschenbach\"}]},{\"@type\":\"WebSite\",\"@id\":\"https:\\\/\\\/www.gleichcom.samuraidev.ch\\\/fr\\\/#website\",\"url\":\"https:\\\/\\\/www.gleichcom.samuraidev.ch\\\/fr\\\/\",\"name\":\"Gleichcom AG\",\"description\":\"besser h\u00f6ren. besser sehen. besser leben.\",\"publisher\":{\"@id\":\"https:\\\/\\\/www.gleichcom.samuraidev.ch\\\/fr\\\/#organization\"},\"alternateName\":\"Gleichcom\",\"potentialAction\":[{\"@type\":\"SearchAction\",\"target\":{\"@type\":\"EntryPoint\",\"urlTemplate\":\"https:\\\/\\\/www.gleichcom.samuraidev.ch\\\/fr\\\/?s={search_term_string}\"},\"query-input\":{\"@type\":\"PropertyValueSpecification\",\"valueRequired\":true,\"valueName\":\"search_term_string\"}}],\"inLanguage\":\"fr-FR\"},{\"@type\":\"Organization\",\"@id\":\"https:\\\/\\\/www.gleichcom.samuraidev.ch\\\/fr\\\/#organization\",\"name\":\"Gleichcom AG\",\"alternateName\":\"Gleichcom\",\"url\":\"https:\\\/\\\/www.gleichcom.samuraidev.ch\\\/fr\\\/\",\"logo\":{\"@type\":\"ImageObject\",\"inLanguage\":\"fr-FR\",\"@id\":\"https:\\\/\\\/www.gleichcom.samuraidev.ch\\\/fr\\\/#\\\/schema\\\/logo\\\/image\\\/\",\"url\":\"https:\\\/\\\/www.gleichcom.samuraidev.ch\\\/wp-content\\\/uploads\\\/2023\\\/09\\\/gleichcom-ag-logo-quadrat-farbig-mitte@696.png\",\"contentUrl\":\"https:\\\/\\\/www.gleichcom.samuraidev.ch\\\/wp-content\\\/uploads\\\/2023\\\/09\\\/gleichcom-ag-logo-quadrat-farbig-mitte@696.png\",\"width\":437,\"height\":437,\"caption\":\"Gleichcom AG\"},\"image\":{\"@id\":\"https:\\\/\\\/www.gleichcom.samuraidev.ch\\\/fr\\\/#\\\/schema\\\/logo\\\/image\\\/\"},\"sameAs\":[\"https:\\\/\\\/www.facebook.com\\\/profile.php?id=100068749126981\"]}]}<\/script>\n<!-- \/ Yoast SEO plugin. -->","yoast_head_json":{"title":"Loupe de lecture \u00e0 main Asph\u00e9rique II 2.8x Eschenbach im Onlineshop | Gleichcom AG","description":"\u2705 Verre de lecture avec grossissement 2,8x pour la lecture et la visualisation d'images avec un \u00e9clairage ambiant suffisant. Pour une image nette et sans distorsion.","robots":{"index":"noindex","follow":"follow","max-snippet":"max-snippet:-1","max-image-preview":"max-image-preview:large","max-video-preview":"max-video-preview:-1"},"og_locale":"fr_FR","og_type":"article","og_title":"Loupe de lecture \u00e0 main Asph\u00e9rique II 2.8x Eschenbach im Onlineshop | Gleichcom AG","og_description":"\u2705 Verre de lecture avec grossissement 2,8x pour la lecture et la visualisation d'images avec un \u00e9clairage ambiant suffisant. Pour une image nette et sans distorsion.","og_url":"https:\/\/www.gleichcom.samuraidev.ch\/fr\/shop\/handlupe-aspheric-ii-2-8x-eschenbach\/","og_site_name":"Gleichcom AG","article_publisher":"https:\/\/www.facebook.com\/profile.php?id=100068749126981","og_image":[{"width":500,"height":281,"url":"https:\/\/www.gleichcom.samuraidev.ch\/wp-content\/uploads\/2023\/09\/AsphericII2.75.jpg","type":"image\/jpeg"}],"twitter_card":"summary_large_image","schema":{"@context":"https:\/\/schema.org","@graph":[{"@type":"WebPage","@id":"https:\/\/www.gleichcom.samuraidev.ch\/fr\/shop\/handlupe-aspheric-ii-2-8x-eschenbach\/","url":"https:\/\/www.gleichcom.samuraidev.ch\/fr\/shop\/handlupe-aspheric-ii-2-8x-eschenbach\/","name":"Loupe de lecture \u00e0 main Asph\u00e9rique II 2.8x Eschenbach im Onlineshop | Gleichcom AG","isPartOf":{"@id":"https:\/\/www.gleichcom.samuraidev.ch\/fr\/#website"},"primaryImageOfPage":{"@id":"https:\/\/www.gleichcom.samuraidev.ch\/fr\/shop\/handlupe-aspheric-ii-2-8x-eschenbach\/#primaryimage"},"image":{"@id":"https:\/\/www.gleichcom.samuraidev.ch\/fr\/shop\/handlupe-aspheric-ii-2-8x-eschenbach\/#primaryimage"},"thumbnailUrl":"https:\/\/www.gleichcom.samuraidev.ch\/wp-content\/uploads\/2023\/09\/AsphericII2.75.jpg","datePublished":"2019-06-11T12:09:52+00:00","description":"\u2705 Verre de lecture avec grossissement 2,8x pour la lecture et la visualisation d'images avec un \u00e9clairage ambiant suffisant. Pour une image nette et sans distorsion.","breadcrumb":{"@id":"https:\/\/www.gleichcom.samuraidev.ch\/fr\/shop\/handlupe-aspheric-ii-2-8x-eschenbach\/#breadcrumb"},"inLanguage":"fr-FR","potentialAction":[{"@type":"ReadAction","target":["https:\/\/www.gleichcom.samuraidev.ch\/fr\/shop\/handlupe-aspheric-ii-2-8x-eschenbach\/"]}]},{"@type":"ImageObject","inLanguage":"fr-FR","@id":"https:\/\/www.gleichcom.samuraidev.ch\/fr\/shop\/handlupe-aspheric-ii-2-8x-eschenbach\/#primaryimage","url":"https:\/\/www.gleichcom.samuraidev.ch\/wp-content\/uploads\/2023\/09\/AsphericII2.75.jpg","contentUrl":"https:\/\/www.gleichcom.samuraidev.ch\/wp-content\/uploads\/2023\/09\/AsphericII2.75.jpg","width":500,"height":281},{"@type":"BreadcrumbList","@id":"https:\/\/www.gleichcom.samuraidev.ch\/fr\/shop\/handlupe-aspheric-ii-2-8x-eschenbach\/#breadcrumb","itemListElement":[{"@type":"ListItem","position":1,"name":"Startseite","item":"https:\/\/www.gleichcom.samuraidev.ch\/fr\/"},{"@type":"ListItem","position":2,"name":"Shop","item":"https:\/\/www.gleichcom.samuraidev.ch\/fr\/shop\/"},{"@type":"ListItem","position":3,"name":"Loupe de lecture \u00e0 main Asph\u00e9rique II 2.8x Eschenbach"}]},{"@type":"WebSite","@id":"https:\/\/www.gleichcom.samuraidev.ch\/fr\/#website","url":"https:\/\/www.gleichcom.samuraidev.ch\/fr\/","name":"Gleichcom AG","description":"besser h\u00f6ren. besser sehen. besser leben.","publisher":{"@id":"https:\/\/www.gleichcom.samuraidev.ch\/fr\/#organization"},"alternateName":"Gleichcom","potentialAction":[{"@type":"SearchAction","target":{"@type":"EntryPoint","urlTemplate":"https:\/\/www.gleichcom.samuraidev.ch\/fr\/?s={search_term_string}"},"query-input":{"@type":"PropertyValueSpecification","valueRequired":true,"valueName":"search_term_string"}}],"inLanguage":"fr-FR"},{"@type":"Organization","@id":"https:\/\/www.gleichcom.samuraidev.ch\/fr\/#organization","name":"Gleichcom AG","alternateName":"Gleichcom","url":"https:\/\/www.gleichcom.samuraidev.ch\/fr\/","logo":{"@type":"ImageObject","inLanguage":"fr-FR","@id":"https:\/\/www.gleichcom.samuraidev.ch\/fr\/#\/schema\/logo\/image\/","url":"https:\/\/www.gleichcom.samuraidev.ch\/wp-content\/uploads\/2023\/09\/gleichcom-ag-logo-quadrat-farbig-mitte@696.png","contentUrl":"https:\/\/www.gleichcom.samuraidev.ch\/wp-content\/uploads\/2023\/09\/gleichcom-ag-logo-quadrat-farbig-mitte@696.png","width":437,"height":437,"caption":"Gleichcom AG"},"image":{"@id":"https:\/\/www.gleichcom.samuraidev.ch\/fr\/#\/schema\/logo\/image\/"},"sameAs":["https:\/\/www.facebook.com\/profile.php?id=100068749126981"]}]}},"uagb_featured_image_src":{"full":["https:\/\/www.gleichcom.samuraidev.ch\/wp-content\/uploads\/2023\/09\/AsphericII2.75.jpg",500,281,false],"thumbnail":["https:\/\/www.gleichcom.samuraidev.ch\/wp-content\/uploads\/2023\/09\/AsphericII2.75.jpg",150,84,false],"medium":["https:\/\/www.gleichcom.samuraidev.ch\/wp-content\/uploads\/2023\/09\/AsphericII2.75.jpg",300,169,false],"medium_large":["https:\/\/www.gleichcom.samuraidev.ch\/wp-content\/uploads\/2023\/09\/AsphericII2.75.jpg",500,281,false],"large":["https:\/\/www.gleichcom.samuraidev.ch\/wp-content\/uploads\/2023\/09\/AsphericII2.75.jpg",500,281,false],"1536x1536":["https:\/\/www.gleichcom.samuraidev.ch\/wp-content\/uploads\/2023\/09\/AsphericII2.75.jpg",500,281,false],"2048x2048":["https:\/\/www.gleichcom.samuraidev.ch\/wp-content\/uploads\/2023\/09\/AsphericII2.75.jpg",500,281,false],"woocommerce_thumbnail":["https:\/\/www.gleichcom.samuraidev.ch\/wp-content\/uploads\/2023\/09\/AsphericII2.75.jpg",300,169,false],"woocommerce_single":["https:\/\/www.gleichcom.samuraidev.ch\/wp-content\/uploads\/2023\/09\/AsphericII2.75.jpg",500,281,false],"woocommerce_gallery_thumbnail":["https:\/\/www.gleichcom.samuraidev.ch\/wp-content\/uploads\/2023\/09\/AsphericII2.75-100x100.jpg",100,100,true]},"uagb_author_info":{"display_name":"","author_link":"https:\/\/www.gleichcom.samuraidev.ch\/fr\/author\/"},"uagb_comment_info":0,"uagb_excerpt":"Verre de lecture avec grossissement 2,8x pour la lecture et la visualisation d'images avec un \u00e9clairage ambiant suffisant. Pour une image nette et sans distorsion.","_links":{"self":[{"href":"https:\/\/www.gleichcom.samuraidev.ch\/fr\/wp-json\/wp\/v2\/product\/11151","targetHints":{"allow":["GET"]}}],"collection":[{"href":"https:\/\/www.gleichcom.samuraidev.ch\/fr\/wp-json\/wp\/v2\/product"}],"about":[{"href":"https:\/\/www.gleichcom.samuraidev.ch\/fr\/wp-json\/wp\/v2\/types\/product"}],"wp:featuredmedia":[{"embeddable":true,"href":"https:\/\/www.gleichcom.samuraidev.ch\/fr\/wp-json\/wp\/v2\/media\/11149"}],"wp:attachment":[{"href":"https:\/\/www.gleichcom.samuraidev.ch\/fr\/wp-json\/wp\/v2\/media?parent=11151"}],"wp:term":[{"taxonomy":"product_brand","embeddable":true,"href":"https:\/\/www.gleichcom.samuraidev.ch\/fr\/wp-json\/wp\/v2\/product_brand?post=11151"},{"taxonomy":"product_cat","embeddable":true,"href":"https:\/\/www.gleichcom.samuraidev.ch\/fr\/wp-json\/wp\/v2\/product_cat?post=11151"},{"taxonomy":"product_tag","embeddable":true,"href":"https:\/\/www.gleichcom.samuraidev.ch\/fr\/wp-json\/wp\/v2\/product_tag?post=11151"}],"curies":[{"name":"wp","href":"https:\/\/api.w.org\/{rel}","templated":true}]}}