{"id":11973,"date":"2019-12-01T16:48:15","date_gmt":"2019-12-01T15:48:15","guid":{"rendered":"https:\/\/www.gleichcom.samuraidev.ch\/?product=geemarc-viso-memoday-grosse-schreibtafel-mit-funkuhr-fuer-demenz-und-alzheimerpatienten"},"modified":"1000-01-01T00:00:00","modified_gmt":"1000-01-01T00:00:00","slug":"geemarc-viso-memoday-grosse-schreibtafel-mit-funkuhr-fuer-demenz-und-alzheimerpatienten","status":"publish","type":"product","link":"https:\/\/www.gleichcom.samuraidev.ch\/fr\/shop\/geemarc-viso-memoday-grosse-schreibtafel-mit-funkuhr-fuer-demenz-und-alzheimerpatienten\/","title":{"rendered":"Geemarc VISO Memoday grand tableau d&rsquo;\u00e9criture avec horloge radiocommand\u00e9e pour les patients atteints de d\u00e9mence et d&rsquo;Alzheimer"},"content":{"rendered":"<h2><strong>Memory aid for your everyday life &#8211; Tableau blanc Memoday<\/strong><\/h2>\n<p>Soutenez votre m\u00e9moire avec cet outil pratique. Le tableau magn\u00e9tique inscriptible offre beaucoup d&rsquo;espace pour les notes et les informations importantes. Par exemple, vous pouvez \u00e9crire votre routine quotidienne ou votre liste d&rsquo;achats et simplement l&rsquo;effacer si n\u00e9cessaire, afin d&rsquo;avoir \u00e0 nouveau de la place pour de nouvelles notes. De plus, vous pouvez utiliser des aimants pour attacher des photos de membres de la famille ou des papiers importants au tableau noir. En plus des aimants, vous obtenez \u00e9galement quatre \u00e9tiquettes m\u00e9mo pratiques, que vous pouvez ajouter avec vos informations personnelles telles que votre nom, num\u00e9ro de t\u00e9l\u00e9phone, adresse.<\/p>\n<p>Orientation temporelle<br \/>\nDe plus, une horloge radiocommand\u00e9e est int\u00e9gr\u00e9e au tableau d&rsquo;\u00e9criture. La VISO 50 est une tr\u00e8s grande horloge qui vous offre un affichage analogique et num\u00e9rique de l&rsquo;heure. Il a un total de 4 options d&rsquo;affichage. Vous pouvez choisir entre : Jour \/ heure du jour, mois \/ date, jour \/ heure ou toutes les informations en alternance de 5 secondes. Gr\u00e2ce \u00e0 la combinaison de l&rsquo;heure, de la date et du jour de la semaine, cette horloge radio convient de mani\u00e8re optimale aux patients atteints de d\u00e9mence et d&rsquo;Alzheimer. Parce qu&rsquo;avec un seul point de vue, la personne concern\u00e9e a \u00e0 nouveau une orientation temporelle.<\/p>\n<p>En un coup d&rsquo;\u0153il<\/p>\n<p>\u00a0\u00a0\u00a0 Grand tableau magn\u00e9tique avec de nombreux accessoires<br \/>\n\u00a0\u00a0\u00a0 Id\u00e9alement adapt\u00e9 aux besoins des patients atteints de d\u00e9mence et de la maladie d&rsquo;Alzheimer<br \/>\n\u00a0\u00a0\u00a0 Un aide-m\u00e9moire utile dans la vie de tous les jours<br \/>\n\u00a0\u00a0\u00a0 Les informations et les notes peuvent \u00eatre facilement captur\u00e9es et effac\u00e9es.<br \/>\n\u00a0\u00a0\u00a0 Id\u00e9al pour noter des listes d&rsquo;achats, des num\u00e9ros de t\u00e9l\u00e9phone, des adresses et des rappels.<br \/>\n\u00a0\u00a0\u00a0 4 aimants : faciles \u00e0 attacher des photos et des papiers importants<br \/>\n\u00a0\u00a0\u00a0 \u00c9tiquettes pratiques pour notes de service pour plus d&rsquo;informations<br \/>\n\u00a0\u00a0\u00a0 Avec essuie-glace de table et marqueur inclus<br \/>\n\u00a0\u00a0\u00a0 Horloge radio-command\u00e9e VISO 50 int\u00e9gr\u00e9e avec affichage num\u00e9rique de l&rsquo;heure, du jour de la semaine et de la date<br \/>\n\u00a0\u00a0\u00a0 La montre n\u00e9cessite 3 piles AA (non fournies)<br \/>\n\u00a0\u00a0\u00a0 Dimensions de la planche : 700 x 500 x 30 mm<br \/>\n\u00a0\u00a0\u00a0 Taille horloge : 260 x 380 x 45 mm<br \/>\n\u00a0\u00a0\u00a0 Pour montage mural<br \/>\n\u00a0\u00a0\u00a0 Poids total (table et horloge) : 1,9 kg<\/p>\n<p>Contenu de la livraison<\/p>\n<p>\u00a0\u00a0\u00a0 1 x tableau magn\u00e9tique<br \/>\n\u00a0\u00a0\u00a0 1 x horloge radiocommand\u00e9e VISO 50<br \/>\n\u00a0\u00a0\u00a0 4 x aimants<br \/>\n\u00a0\u00a0\u00a0 1 x essuie-glace de table<br \/>\n\u00a0\u00a0\u00a0 1 x marqueur<br \/>\n\u00a0\u00a0\u00a0 4 x \u00e9tiquettes<br \/>\n\u00a0\u00a0\u00a0 2 x crochets de fixation<br \/>\n\u00a0\u00a0\u00a0 1 x manuel d&rsquo;instructions<\/p>\n<p>Attention les piles ne sont pas incluses.<br \/>\nA commander s\u00e9par\u00e9ment :<br \/>\n4x piles AA<\/p>\n","protected":false},"excerpt":{"rendered":"<p>Grand tableau magn\u00e9tique inscriptible pour l&rsquo;enregistrement des informations importantes. Comprend une horloge radiocommand\u00e9e int\u00e9gr\u00e9e avec affichage num\u00e9rique de l&rsquo;heure, du jour de la semaine et de la date. Id\u00e9al pour les patients atteints de d\u00e9mence et d&rsquo;Alzheimer.<\/p>\n","protected":false},"featured_media":11968,"template":"","meta":{"inline_featured_image":false,"_uag_custom_page_level_css":"","site-sidebar-layout":"default","site-content-layout":"","ast-site-content-layout":"default","site-content-style":"default","site-sidebar-style":"default","ast-global-header-display":"","ast-banner-title-visibility":"","ast-main-header-display":"","ast-hfb-above-header-display":"","ast-hfb-below-header-display":"","ast-hfb-mobile-header-display":"","site-post-title":"","ast-breadcrumbs-content":"","ast-featured-img":"","footer-sml-layout":"","ast-disable-related-posts":"","theme-transparent-header-meta":"","adv-header-id-meta":"","stick-header-meta":"","header-above-stick-meta":"","header-main-stick-meta":"","header-below-stick-meta":"","astra-migrate-meta-layouts":"default","ast-page-background-enabled":"default","ast-page-background-meta":{"desktop":{"background-color":"","background-image":"","background-repeat":"repeat","background-position":"center center","background-size":"auto","background-attachment":"scroll","background-type":"","background-media":"","overlay-type":"","overlay-color":"","overlay-opacity":"","overlay-gradient":""},"tablet":{"background-color":"","background-image":"","background-repeat":"repeat","background-position":"center center","background-size":"auto","background-attachment":"scroll","background-type":"","background-media":"","overlay-type":"","overlay-color":"","overlay-opacity":"","overlay-gradient":""},"mobile":{"background-color":"","background-image":"","background-repeat":"repeat","background-position":"center center","background-size":"auto","background-attachment":"scroll","background-type":"","background-media":"","overlay-type":"","overlay-color":"","overlay-opacity":"","overlay-gradient":""}},"ast-content-background-meta":{"desktop":{"background-color":"var(--ast-global-color-5)","background-image":"","background-repeat":"repeat","background-position":"center center","background-size":"auto","background-attachment":"scroll","background-type":"","background-media":"","overlay-type":"","overlay-color":"","overlay-opacity":"","overlay-gradient":""},"tablet":{"background-color":"var(--ast-global-color-5)","background-image":"","background-repeat":"repeat","background-position":"center center","background-size":"auto","background-attachment":"scroll","background-type":"","background-media":"","overlay-type":"","overlay-color":"","overlay-opacity":"","overlay-gradient":""},"mobile":{"background-color":"var(--ast-global-color-5)","background-image":"","background-repeat":"repeat","background-position":"center center","background-size":"auto","background-attachment":"scroll","background-type":"","background-media":"","overlay-type":"","overlay-color":"","overlay-opacity":"","overlay-gradient":""}}},"product_brand":[],"product_cat":[2910],"product_tag":[],"class_list":{"0":"post-11973","1":"product","2":"type-product","3":"status-publish","4":"has-post-thumbnail","6":"product_cat-demence-et-maladie-dalzheimer","7":"desktop-align-center","8":"tablet-align-center","9":"mobile-align-center","10":"ast-product-gallery-layout-horizontal-slider","11":"ast-product-tabs-layout-accordion","13":"first","14":"instock","15":"taxable","16":"shipping-taxable","17":"purchasable","18":"product-type-simple"},"yoast_head":"<!-- This site is optimized with the Yoast SEO plugin v27.5 - https:\/\/yoast.com\/product\/yoast-seo-wordpress\/ -->\n<title>Geemarc VISO Memoday grand tableau d&#039;\u00e9criture avec horloge radiocommand\u00e9e pour les patients atteints de d\u00e9mence et d&#039;Alzheimer im Onlineshop | Gleichcom AG<\/title>\n<meta name=\"description\" content=\"\u2705 Grand tableau magn\u00e9tique inscriptible pour l&#039;enregistrement des informations importantes. Comprend une horloge radiocommand\u00e9e int\u00e9gr\u00e9e avec affichage num\u00e9rique de l&#039;heure, du jour de la semaine et de la date. Id\u00e9al pour les patients atteints de d\u00e9mence et d&#039;Alzheimer.\" \/>\n<meta name=\"robots\" content=\"noindex, follow, max-snippet:-1, max-image-preview:large, max-video-preview:-1\" \/>\n<meta property=\"og:locale\" content=\"fr_FR\" \/>\n<meta property=\"og:type\" content=\"article\" \/>\n<meta property=\"og:title\" content=\"Geemarc VISO Memoday grand tableau d&#039;\u00e9criture avec horloge radiocommand\u00e9e pour les patients atteints de d\u00e9mence et d&#039;Alzheimer im Onlineshop | Gleichcom AG\" \/>\n<meta property=\"og:description\" content=\"\u2705 Grand tableau magn\u00e9tique inscriptible pour l&#039;enregistrement des informations importantes. Comprend une horloge radiocommand\u00e9e int\u00e9gr\u00e9e avec affichage num\u00e9rique de l&#039;heure, du jour de la semaine et de la date. Id\u00e9al pour les patients atteints de d\u00e9mence et d&#039;Alzheimer.\" \/>\n<meta property=\"og:url\" content=\"https:\/\/www.gleichcom.samuraidev.ch\/fr\/shop\/geemarc-viso-memoday-grosse-schreibtafel-mit-funkuhr-fuer-demenz-und-alzheimerpatienten\/\" \/>\n<meta property=\"og:site_name\" content=\"Gleichcom AG\" \/>\n<meta property=\"article:publisher\" content=\"https:\/\/www.facebook.com\/profile.php?id=100068749126981\" \/>\n<meta property=\"og:image\" content=\"https:\/\/www.gleichcom.samuraidev.ch\/wp-content\/uploads\/2023\/09\/Schreibtafel1.jpg\" \/>\n\t<meta property=\"og:image:width\" content=\"500\" \/>\n\t<meta property=\"og:image:height\" content=\"500\" \/>\n\t<meta property=\"og:image:type\" content=\"image\/jpeg\" \/>\n<meta name=\"twitter:card\" content=\"summary_large_image\" \/>\n<script type=\"application\/ld+json\" class=\"yoast-schema-graph\">{\"@context\":\"https:\\\/\\\/schema.org\",\"@graph\":[{\"@type\":\"WebPage\",\"@id\":\"https:\\\/\\\/www.gleichcom.samuraidev.ch\\\/fr\\\/shop\\\/geemarc-viso-memoday-grosse-schreibtafel-mit-funkuhr-fuer-demenz-und-alzheimerpatienten\\\/\",\"url\":\"https:\\\/\\\/www.gleichcom.samuraidev.ch\\\/fr\\\/shop\\\/geemarc-viso-memoday-grosse-schreibtafel-mit-funkuhr-fuer-demenz-und-alzheimerpatienten\\\/\",\"name\":\"Geemarc VISO Memoday grand tableau d'\u00e9criture avec horloge radiocommand\u00e9e pour les patients atteints de d\u00e9mence et d'Alzheimer im Onlineshop | Gleichcom AG\",\"isPartOf\":{\"@id\":\"https:\\\/\\\/www.gleichcom.samuraidev.ch\\\/fr\\\/#website\"},\"primaryImageOfPage\":{\"@id\":\"https:\\\/\\\/www.gleichcom.samuraidev.ch\\\/fr\\\/shop\\\/geemarc-viso-memoday-grosse-schreibtafel-mit-funkuhr-fuer-demenz-und-alzheimerpatienten\\\/#primaryimage\"},\"image\":{\"@id\":\"https:\\\/\\\/www.gleichcom.samuraidev.ch\\\/fr\\\/shop\\\/geemarc-viso-memoday-grosse-schreibtafel-mit-funkuhr-fuer-demenz-und-alzheimerpatienten\\\/#primaryimage\"},\"thumbnailUrl\":\"https:\\\/\\\/www.gleichcom.samuraidev.ch\\\/wp-content\\\/uploads\\\/2023\\\/09\\\/Schreibtafel1.jpg\",\"datePublished\":\"2019-12-01T15:48:15+00:00\",\"description\":\"\u2705 Grand tableau magn\u00e9tique inscriptible pour l'enregistrement des informations importantes. Comprend une horloge radiocommand\u00e9e int\u00e9gr\u00e9e avec affichage num\u00e9rique de l'heure, du jour de la semaine et de la date. Id\u00e9al pour les patients atteints de d\u00e9mence et d'Alzheimer.\",\"breadcrumb\":{\"@id\":\"https:\\\/\\\/www.gleichcom.samuraidev.ch\\\/fr\\\/shop\\\/geemarc-viso-memoday-grosse-schreibtafel-mit-funkuhr-fuer-demenz-und-alzheimerpatienten\\\/#breadcrumb\"},\"inLanguage\":\"fr-FR\",\"potentialAction\":[{\"@type\":\"ReadAction\",\"target\":[\"https:\\\/\\\/www.gleichcom.samuraidev.ch\\\/fr\\\/shop\\\/geemarc-viso-memoday-grosse-schreibtafel-mit-funkuhr-fuer-demenz-und-alzheimerpatienten\\\/\"]}]},{\"@type\":\"ImageObject\",\"inLanguage\":\"fr-FR\",\"@id\":\"https:\\\/\\\/www.gleichcom.samuraidev.ch\\\/fr\\\/shop\\\/geemarc-viso-memoday-grosse-schreibtafel-mit-funkuhr-fuer-demenz-und-alzheimerpatienten\\\/#primaryimage\",\"url\":\"https:\\\/\\\/www.gleichcom.samuraidev.ch\\\/wp-content\\\/uploads\\\/2023\\\/09\\\/Schreibtafel1.jpg\",\"contentUrl\":\"https:\\\/\\\/www.gleichcom.samuraidev.ch\\\/wp-content\\\/uploads\\\/2023\\\/09\\\/Schreibtafel1.jpg\",\"width\":500,\"height\":500},{\"@type\":\"BreadcrumbList\",\"@id\":\"https:\\\/\\\/www.gleichcom.samuraidev.ch\\\/fr\\\/shop\\\/geemarc-viso-memoday-grosse-schreibtafel-mit-funkuhr-fuer-demenz-und-alzheimerpatienten\\\/#breadcrumb\",\"itemListElement\":[{\"@type\":\"ListItem\",\"position\":1,\"name\":\"Startseite\",\"item\":\"https:\\\/\\\/www.gleichcom.samuraidev.ch\\\/fr\\\/\"},{\"@type\":\"ListItem\",\"position\":2,\"name\":\"Shop\",\"item\":\"https:\\\/\\\/www.gleichcom.samuraidev.ch\\\/fr\\\/shop\\\/\"},{\"@type\":\"ListItem\",\"position\":3,\"name\":\"Geemarc VISO Memoday grand tableau d&#8217;\u00e9criture avec horloge radiocommand\u00e9e pour les patients atteints de d\u00e9mence et d&#8217;Alzheimer\"}]},{\"@type\":\"WebSite\",\"@id\":\"https:\\\/\\\/www.gleichcom.samuraidev.ch\\\/fr\\\/#website\",\"url\":\"https:\\\/\\\/www.gleichcom.samuraidev.ch\\\/fr\\\/\",\"name\":\"Gleichcom AG\",\"description\":\"besser h\u00f6ren. besser sehen. besser leben.\",\"publisher\":{\"@id\":\"https:\\\/\\\/www.gleichcom.samuraidev.ch\\\/fr\\\/#organization\"},\"alternateName\":\"Gleichcom\",\"potentialAction\":[{\"@type\":\"SearchAction\",\"target\":{\"@type\":\"EntryPoint\",\"urlTemplate\":\"https:\\\/\\\/www.gleichcom.samuraidev.ch\\\/fr\\\/?s={search_term_string}\"},\"query-input\":{\"@type\":\"PropertyValueSpecification\",\"valueRequired\":true,\"valueName\":\"search_term_string\"}}],\"inLanguage\":\"fr-FR\"},{\"@type\":\"Organization\",\"@id\":\"https:\\\/\\\/www.gleichcom.samuraidev.ch\\\/fr\\\/#organization\",\"name\":\"Gleichcom AG\",\"alternateName\":\"Gleichcom\",\"url\":\"https:\\\/\\\/www.gleichcom.samuraidev.ch\\\/fr\\\/\",\"logo\":{\"@type\":\"ImageObject\",\"inLanguage\":\"fr-FR\",\"@id\":\"https:\\\/\\\/www.gleichcom.samuraidev.ch\\\/fr\\\/#\\\/schema\\\/logo\\\/image\\\/\",\"url\":\"https:\\\/\\\/www.gleichcom.samuraidev.ch\\\/wp-content\\\/uploads\\\/2023\\\/09\\\/gleichcom-ag-logo-quadrat-farbig-mitte@696.png\",\"contentUrl\":\"https:\\\/\\\/www.gleichcom.samuraidev.ch\\\/wp-content\\\/uploads\\\/2023\\\/09\\\/gleichcom-ag-logo-quadrat-farbig-mitte@696.png\",\"width\":437,\"height\":437,\"caption\":\"Gleichcom AG\"},\"image\":{\"@id\":\"https:\\\/\\\/www.gleichcom.samuraidev.ch\\\/fr\\\/#\\\/schema\\\/logo\\\/image\\\/\"},\"sameAs\":[\"https:\\\/\\\/www.facebook.com\\\/profile.php?id=100068749126981\"]}]}<\/script>\n<!-- \/ Yoast SEO plugin. -->","yoast_head_json":{"title":"Geemarc VISO Memoday grand tableau d'\u00e9criture avec horloge radiocommand\u00e9e pour les patients atteints de d\u00e9mence et d'Alzheimer im Onlineshop | Gleichcom AG","description":"\u2705 Grand tableau magn\u00e9tique inscriptible pour l'enregistrement des informations importantes. Comprend une horloge radiocommand\u00e9e int\u00e9gr\u00e9e avec affichage num\u00e9rique de l'heure, du jour de la semaine et de la date. Id\u00e9al pour les patients atteints de d\u00e9mence et d'Alzheimer.","robots":{"index":"noindex","follow":"follow","max-snippet":"max-snippet:-1","max-image-preview":"max-image-preview:large","max-video-preview":"max-video-preview:-1"},"og_locale":"fr_FR","og_type":"article","og_title":"Geemarc VISO Memoday grand tableau d'\u00e9criture avec horloge radiocommand\u00e9e pour les patients atteints de d\u00e9mence et d'Alzheimer im Onlineshop | Gleichcom AG","og_description":"\u2705 Grand tableau magn\u00e9tique inscriptible pour l'enregistrement des informations importantes. Comprend une horloge radiocommand\u00e9e int\u00e9gr\u00e9e avec affichage num\u00e9rique de l'heure, du jour de la semaine et de la date. Id\u00e9al pour les patients atteints de d\u00e9mence et d'Alzheimer.","og_url":"https:\/\/www.gleichcom.samuraidev.ch\/fr\/shop\/geemarc-viso-memoday-grosse-schreibtafel-mit-funkuhr-fuer-demenz-und-alzheimerpatienten\/","og_site_name":"Gleichcom AG","article_publisher":"https:\/\/www.facebook.com\/profile.php?id=100068749126981","og_image":[{"width":500,"height":500,"url":"https:\/\/www.gleichcom.samuraidev.ch\/wp-content\/uploads\/2023\/09\/Schreibtafel1.jpg","type":"image\/jpeg"}],"twitter_card":"summary_large_image","schema":{"@context":"https:\/\/schema.org","@graph":[{"@type":"WebPage","@id":"https:\/\/www.gleichcom.samuraidev.ch\/fr\/shop\/geemarc-viso-memoday-grosse-schreibtafel-mit-funkuhr-fuer-demenz-und-alzheimerpatienten\/","url":"https:\/\/www.gleichcom.samuraidev.ch\/fr\/shop\/geemarc-viso-memoday-grosse-schreibtafel-mit-funkuhr-fuer-demenz-und-alzheimerpatienten\/","name":"Geemarc VISO Memoday grand tableau d'\u00e9criture avec horloge radiocommand\u00e9e pour les patients atteints de d\u00e9mence et d'Alzheimer im Onlineshop | Gleichcom AG","isPartOf":{"@id":"https:\/\/www.gleichcom.samuraidev.ch\/fr\/#website"},"primaryImageOfPage":{"@id":"https:\/\/www.gleichcom.samuraidev.ch\/fr\/shop\/geemarc-viso-memoday-grosse-schreibtafel-mit-funkuhr-fuer-demenz-und-alzheimerpatienten\/#primaryimage"},"image":{"@id":"https:\/\/www.gleichcom.samuraidev.ch\/fr\/shop\/geemarc-viso-memoday-grosse-schreibtafel-mit-funkuhr-fuer-demenz-und-alzheimerpatienten\/#primaryimage"},"thumbnailUrl":"https:\/\/www.gleichcom.samuraidev.ch\/wp-content\/uploads\/2023\/09\/Schreibtafel1.jpg","datePublished":"2019-12-01T15:48:15+00:00","description":"\u2705 Grand tableau magn\u00e9tique inscriptible pour l'enregistrement des informations importantes. Comprend une horloge radiocommand\u00e9e int\u00e9gr\u00e9e avec affichage num\u00e9rique de l'heure, du jour de la semaine et de la date. Id\u00e9al pour les patients atteints de d\u00e9mence et d'Alzheimer.","breadcrumb":{"@id":"https:\/\/www.gleichcom.samuraidev.ch\/fr\/shop\/geemarc-viso-memoday-grosse-schreibtafel-mit-funkuhr-fuer-demenz-und-alzheimerpatienten\/#breadcrumb"},"inLanguage":"fr-FR","potentialAction":[{"@type":"ReadAction","target":["https:\/\/www.gleichcom.samuraidev.ch\/fr\/shop\/geemarc-viso-memoday-grosse-schreibtafel-mit-funkuhr-fuer-demenz-und-alzheimerpatienten\/"]}]},{"@type":"ImageObject","inLanguage":"fr-FR","@id":"https:\/\/www.gleichcom.samuraidev.ch\/fr\/shop\/geemarc-viso-memoday-grosse-schreibtafel-mit-funkuhr-fuer-demenz-und-alzheimerpatienten\/#primaryimage","url":"https:\/\/www.gleichcom.samuraidev.ch\/wp-content\/uploads\/2023\/09\/Schreibtafel1.jpg","contentUrl":"https:\/\/www.gleichcom.samuraidev.ch\/wp-content\/uploads\/2023\/09\/Schreibtafel1.jpg","width":500,"height":500},{"@type":"BreadcrumbList","@id":"https:\/\/www.gleichcom.samuraidev.ch\/fr\/shop\/geemarc-viso-memoday-grosse-schreibtafel-mit-funkuhr-fuer-demenz-und-alzheimerpatienten\/#breadcrumb","itemListElement":[{"@type":"ListItem","position":1,"name":"Startseite","item":"https:\/\/www.gleichcom.samuraidev.ch\/fr\/"},{"@type":"ListItem","position":2,"name":"Shop","item":"https:\/\/www.gleichcom.samuraidev.ch\/fr\/shop\/"},{"@type":"ListItem","position":3,"name":"Geemarc VISO Memoday grand tableau d&#8217;\u00e9criture avec horloge radiocommand\u00e9e pour les patients atteints de d\u00e9mence et d&#8217;Alzheimer"}]},{"@type":"WebSite","@id":"https:\/\/www.gleichcom.samuraidev.ch\/fr\/#website","url":"https:\/\/www.gleichcom.samuraidev.ch\/fr\/","name":"Gleichcom AG","description":"besser h\u00f6ren. besser sehen. besser leben.","publisher":{"@id":"https:\/\/www.gleichcom.samuraidev.ch\/fr\/#organization"},"alternateName":"Gleichcom","potentialAction":[{"@type":"SearchAction","target":{"@type":"EntryPoint","urlTemplate":"https:\/\/www.gleichcom.samuraidev.ch\/fr\/?s={search_term_string}"},"query-input":{"@type":"PropertyValueSpecification","valueRequired":true,"valueName":"search_term_string"}}],"inLanguage":"fr-FR"},{"@type":"Organization","@id":"https:\/\/www.gleichcom.samuraidev.ch\/fr\/#organization","name":"Gleichcom AG","alternateName":"Gleichcom","url":"https:\/\/www.gleichcom.samuraidev.ch\/fr\/","logo":{"@type":"ImageObject","inLanguage":"fr-FR","@id":"https:\/\/www.gleichcom.samuraidev.ch\/fr\/#\/schema\/logo\/image\/","url":"https:\/\/www.gleichcom.samuraidev.ch\/wp-content\/uploads\/2023\/09\/gleichcom-ag-logo-quadrat-farbig-mitte@696.png","contentUrl":"https:\/\/www.gleichcom.samuraidev.ch\/wp-content\/uploads\/2023\/09\/gleichcom-ag-logo-quadrat-farbig-mitte@696.png","width":437,"height":437,"caption":"Gleichcom AG"},"image":{"@id":"https:\/\/www.gleichcom.samuraidev.ch\/fr\/#\/schema\/logo\/image\/"},"sameAs":["https:\/\/www.facebook.com\/profile.php?id=100068749126981"]}]}},"uagb_featured_image_src":{"full":["https:\/\/www.gleichcom.samuraidev.ch\/wp-content\/uploads\/2023\/09\/Schreibtafel1.jpg",500,500,false],"thumbnail":["https:\/\/www.gleichcom.samuraidev.ch\/wp-content\/uploads\/2023\/09\/Schreibtafel1.jpg",150,150,false],"medium":["https:\/\/www.gleichcom.samuraidev.ch\/wp-content\/uploads\/2023\/09\/Schreibtafel1.jpg",300,300,false],"medium_large":["https:\/\/www.gleichcom.samuraidev.ch\/wp-content\/uploads\/2023\/09\/Schreibtafel1.jpg",500,500,false],"large":["https:\/\/www.gleichcom.samuraidev.ch\/wp-content\/uploads\/2023\/09\/Schreibtafel1.jpg",500,500,false],"1536x1536":["https:\/\/www.gleichcom.samuraidev.ch\/wp-content\/uploads\/2023\/09\/Schreibtafel1.jpg",500,500,false],"2048x2048":["https:\/\/www.gleichcom.samuraidev.ch\/wp-content\/uploads\/2023\/09\/Schreibtafel1.jpg",500,500,false],"woocommerce_thumbnail":["https:\/\/www.gleichcom.samuraidev.ch\/wp-content\/uploads\/2023\/09\/Schreibtafel1.jpg",300,300,false],"woocommerce_single":["https:\/\/www.gleichcom.samuraidev.ch\/wp-content\/uploads\/2023\/09\/Schreibtafel1.jpg",500,500,false],"woocommerce_gallery_thumbnail":["https:\/\/www.gleichcom.samuraidev.ch\/wp-content\/uploads\/2023\/09\/Schreibtafel1.jpg",100,100,false]},"uagb_author_info":{"display_name":"","author_link":"https:\/\/www.gleichcom.samuraidev.ch\/fr\/author\/"},"uagb_comment_info":0,"uagb_excerpt":"Grand tableau magn\u00e9tique inscriptible pour l'enregistrement des informations importantes. Comprend une horloge radiocommand\u00e9e int\u00e9gr\u00e9e avec affichage num\u00e9rique de l'heure, du jour de la semaine et de la date. Id\u00e9al pour les patients atteints de d\u00e9mence et d'Alzheimer.","_links":{"self":[{"href":"https:\/\/www.gleichcom.samuraidev.ch\/fr\/wp-json\/wp\/v2\/product\/11973","targetHints":{"allow":["GET"]}}],"collection":[{"href":"https:\/\/www.gleichcom.samuraidev.ch\/fr\/wp-json\/wp\/v2\/product"}],"about":[{"href":"https:\/\/www.gleichcom.samuraidev.ch\/fr\/wp-json\/wp\/v2\/types\/product"}],"wp:featuredmedia":[{"embeddable":true,"href":"https:\/\/www.gleichcom.samuraidev.ch\/fr\/wp-json\/wp\/v2\/media\/11968"}],"wp:attachment":[{"href":"https:\/\/www.gleichcom.samuraidev.ch\/fr\/wp-json\/wp\/v2\/media?parent=11973"}],"wp:term":[{"taxonomy":"product_brand","embeddable":true,"href":"https:\/\/www.gleichcom.samuraidev.ch\/fr\/wp-json\/wp\/v2\/product_brand?post=11973"},{"taxonomy":"product_cat","embeddable":true,"href":"https:\/\/www.gleichcom.samuraidev.ch\/fr\/wp-json\/wp\/v2\/product_cat?post=11973"},{"taxonomy":"product_tag","embeddable":true,"href":"https:\/\/www.gleichcom.samuraidev.ch\/fr\/wp-json\/wp\/v2\/product_tag?post=11973"}],"curies":[{"name":"wp","href":"https:\/\/api.w.org\/{rel}","templated":true}]}}