{"id":12000,"date":"2019-12-02T08:08:29","date_gmt":"2019-12-02T07:08:29","guid":{"rendered":"https:\/\/www.gleichcom.samuraidev.ch\/?product=maximex-pillenbox-mit-alarmfunktion"},"modified":"1000-01-01T00:00:00","modified_gmt":"1000-01-01T00:00:00","slug":"maximex-pillenbox-mit-alarmfunktion","status":"publish","type":"product","link":"https:\/\/www.gleichcom.samuraidev.ch\/fr\/shop\/maximex-pillenbox-mit-alarmfunktion\/","title":{"rendered":"Pilulier Maximex avec fonction alarme"},"content":{"rendered":"<p><strong>Tout simplement fiable<\/strong><br \/>\nAvec le pilulier Maximex, vous ne manquerez plus jamais la prise de vos m\u00e9dicaments. Les 7 doses individuelles avec 4 compartiments chacune sont de couleurs diff\u00e9rentes pour une meilleure distinction et peuvent \u00eatre prises individuellement. L&rsquo;utilisation et la programmation sont tr\u00e8s simples et peuvent \u00eatre reprises pour d&rsquo;autres jours apr\u00e8s un seul r\u00e9glage. L&rsquo;\u00e9cran est bien lisible gr\u00e2ce \u00e0 la loupe int\u00e9gr\u00e9e dans le couvercle. La programmation peut \u00eatre r\u00e9gl\u00e9e \u00e0 chaque heure pleine \u00e0 l&rsquo;aide des 24 r\u00e9gulateurs. Avec le signal d&rsquo;alarme fiable, vous n&rsquo;oublierez plus aucun de vos m\u00e9dicaments !<\/p>\n<p><strong>Rappel pour les d\u00e9placements<\/strong><\/p>\n<p>Les diff\u00e9rents compartiments peuvent \u00eatre ferm\u00e9s herm\u00e9tiquement de mani\u00e8re fiable, ce qui permet de les emporter sans risque en d\u00e9placement. De m\u00eame, l&rsquo;\u00e9l\u00e9ment de programmation peut \u00eatre facilement retir\u00e9 et rang\u00e9 de mani\u00e8re peu encombrante. La prise de m\u00e9dicaments devient ainsi un jeu d&rsquo;enfant, m\u00eame en d\u00e9placement !<\/p>\n<p><strong>En un coup d&rsquo;\u0153il<\/strong><\/p>\n<p>\u00a0\u00a0\u00a0 Pilulier programmable<br \/>\n\u00a0\u00a0\u00a0 7 piluliers individuels color\u00e9s avec 4 compartiments chacun<br \/>\n\u00a0\u00a0\u00a0 24 possibilit\u00e9s de programmation<br \/>\n\u00a0\u00a0\u00a0 \u00c9l\u00e9ment de programmation amovible<br \/>\n\u00a0\u00a0\u00a0 Lecture facile de l&rsquo;\u00e9cran avec loupe int\u00e9gr\u00e9e<br \/>\n\u00a0\u00a0\u00a0 Utilisation tr\u00e8s simple<br \/>\n\u00a0\u00a0\u00a0 Un seul r\u00e9glage n\u00e9cessaire<br \/>\n\u00a0\u00a0\u00a0 \u00c9l\u00e9ments journaliers amovibles pour le transport<br \/>\n\u00a0\u00a0\u00a0 Fonctionne sur piles avec 1 x CR 2032 (inclus dans la livraison)<br \/>\n\u00a0\u00a0\u00a0 Mat\u00e9riau : PP et HIPS<br \/>\n\u00a0\u00a0\u00a0 Dimensions : 23,5 x 11,5 x 3 cm<br \/>\n\u00a0\u00a0\u00a0 Poids : 209 g<\/p>\n<p><strong>Contenu de la livraison<\/strong><\/p>\n<p>\u00a0\u00a0\u00a0 1 x pilulier<br \/>\n\u00a0\u00a0\u00a0 1 x pile CR 2032<br \/>\n\u00a0<\/p>\n","protected":false},"excerpt":{"rendered":"<p>Pilulier facile \u00e0 programmer avec fonction d&rsquo;alarme et \u00e9l\u00e9ments journaliers color\u00e9s et amovibles. Parfait pour les d\u00e9placements.<\/p>\n","protected":false},"featured_media":11977,"template":"","meta":{"inline_featured_image":false,"_uag_custom_page_level_css":"","site-sidebar-layout":"default","site-content-layout":"","ast-site-content-layout":"default","site-content-style":"default","site-sidebar-style":"default","ast-global-header-display":"","ast-banner-title-visibility":"","ast-main-header-display":"","ast-hfb-above-header-display":"","ast-hfb-below-header-display":"","ast-hfb-mobile-header-display":"","site-post-title":"","ast-breadcrumbs-content":"","ast-featured-img":"","footer-sml-layout":"","ast-disable-related-posts":"","theme-transparent-header-meta":"","adv-header-id-meta":"","stick-header-meta":"","header-above-stick-meta":"","header-main-stick-meta":"","header-below-stick-meta":"","astra-migrate-meta-layouts":"default","ast-page-background-enabled":"default","ast-page-background-meta":{"desktop":{"background-color":"","background-image":"","background-repeat":"repeat","background-position":"center center","background-size":"auto","background-attachment":"scroll","background-type":"","background-media":"","overlay-type":"","overlay-color":"","overlay-opacity":"","overlay-gradient":""},"tablet":{"background-color":"","background-image":"","background-repeat":"repeat","background-position":"center center","background-size":"auto","background-attachment":"scroll","background-type":"","background-media":"","overlay-type":"","overlay-color":"","overlay-opacity":"","overlay-gradient":""},"mobile":{"background-color":"","background-image":"","background-repeat":"repeat","background-position":"center center","background-size":"auto","background-attachment":"scroll","background-type":"","background-media":"","overlay-type":"","overlay-color":"","overlay-opacity":"","overlay-gradient":""}},"ast-content-background-meta":{"desktop":{"background-color":"var(--ast-global-color-5)","background-image":"","background-repeat":"repeat","background-position":"center center","background-size":"auto","background-attachment":"scroll","background-type":"","background-media":"","overlay-type":"","overlay-color":"","overlay-opacity":"","overlay-gradient":""},"tablet":{"background-color":"var(--ast-global-color-5)","background-image":"","background-repeat":"repeat","background-position":"center center","background-size":"auto","background-attachment":"scroll","background-type":"","background-media":"","overlay-type":"","overlay-color":"","overlay-opacity":"","overlay-gradient":""},"mobile":{"background-color":"var(--ast-global-color-5)","background-image":"","background-repeat":"repeat","background-position":"center center","background-size":"auto","background-attachment":"scroll","background-type":"","background-media":"","overlay-type":"","overlay-color":"","overlay-opacity":"","overlay-gradient":""}}},"product_brand":[],"product_cat":[2910],"product_tag":[],"class_list":{"0":"post-12000","1":"product","2":"type-product","3":"status-publish","4":"has-post-thumbnail","6":"product_cat-demence-et-maladie-dalzheimer","7":"desktop-align-center","8":"tablet-align-center","9":"mobile-align-center","10":"ast-product-gallery-layout-horizontal-slider","11":"ast-product-tabs-layout-accordion","13":"first","14":"instock","15":"taxable","16":"shipping-taxable","17":"purchasable","18":"product-type-simple"},"yoast_head":"<!-- This site is optimized with the Yoast SEO plugin v27.5 - https:\/\/yoast.com\/product\/yoast-seo-wordpress\/ -->\n<title>Pilulier Maximex avec fonction alarme im Onlineshop | Gleichcom AG<\/title>\n<meta name=\"description\" content=\"\u2705 Pilulier facile \u00e0 programmer avec fonction d&#039;alarme et \u00e9l\u00e9ments journaliers color\u00e9s et amovibles. Parfait pour les d\u00e9placements.\" \/>\n<meta name=\"robots\" content=\"noindex, follow, max-snippet:-1, max-image-preview:large, max-video-preview:-1\" \/>\n<meta property=\"og:locale\" content=\"fr_FR\" \/>\n<meta property=\"og:type\" content=\"article\" \/>\n<meta property=\"og:title\" content=\"Pilulier Maximex avec fonction alarme im Onlineshop | Gleichcom AG\" \/>\n<meta property=\"og:description\" content=\"\u2705 Pilulier facile \u00e0 programmer avec fonction d&#039;alarme et \u00e9l\u00e9ments journaliers color\u00e9s et amovibles. Parfait pour les d\u00e9placements.\" \/>\n<meta property=\"og:url\" content=\"https:\/\/www.gleichcom.samuraidev.ch\/fr\/shop\/maximex-pillenbox-mit-alarmfunktion\/\" \/>\n<meta property=\"og:site_name\" content=\"Gleichcom AG\" \/>\n<meta property=\"article:publisher\" content=\"https:\/\/www.facebook.com\/profile.php?id=100068749126981\" \/>\n<meta property=\"og:image\" content=\"https:\/\/www.gleichcom.samuraidev.ch\/wp-content\/uploads\/2023\/09\/gdimportpillendosemitalarmfunktiongdi006001.jpg\" \/>\n\t<meta property=\"og:image:width\" content=\"500\" \/>\n\t<meta property=\"og:image:height\" content=\"500\" \/>\n\t<meta property=\"og:image:type\" content=\"image\/jpeg\" \/>\n<meta name=\"twitter:card\" content=\"summary_large_image\" \/>\n<script type=\"application\/ld+json\" class=\"yoast-schema-graph\">{\"@context\":\"https:\\\/\\\/schema.org\",\"@graph\":[{\"@type\":\"WebPage\",\"@id\":\"https:\\\/\\\/www.gleichcom.samuraidev.ch\\\/fr\\\/shop\\\/maximex-pillenbox-mit-alarmfunktion\\\/\",\"url\":\"https:\\\/\\\/www.gleichcom.samuraidev.ch\\\/fr\\\/shop\\\/maximex-pillenbox-mit-alarmfunktion\\\/\",\"name\":\"Pilulier Maximex avec fonction alarme im Onlineshop | Gleichcom AG\",\"isPartOf\":{\"@id\":\"https:\\\/\\\/www.gleichcom.samuraidev.ch\\\/fr\\\/#website\"},\"primaryImageOfPage\":{\"@id\":\"https:\\\/\\\/www.gleichcom.samuraidev.ch\\\/fr\\\/shop\\\/maximex-pillenbox-mit-alarmfunktion\\\/#primaryimage\"},\"image\":{\"@id\":\"https:\\\/\\\/www.gleichcom.samuraidev.ch\\\/fr\\\/shop\\\/maximex-pillenbox-mit-alarmfunktion\\\/#primaryimage\"},\"thumbnailUrl\":\"https:\\\/\\\/www.gleichcom.samuraidev.ch\\\/wp-content\\\/uploads\\\/2023\\\/09\\\/gdimportpillendosemitalarmfunktiongdi006001.jpg\",\"datePublished\":\"2019-12-02T07:08:29+00:00\",\"description\":\"\u2705 Pilulier facile \u00e0 programmer avec fonction d'alarme et \u00e9l\u00e9ments journaliers color\u00e9s et amovibles. Parfait pour les d\u00e9placements.\",\"breadcrumb\":{\"@id\":\"https:\\\/\\\/www.gleichcom.samuraidev.ch\\\/fr\\\/shop\\\/maximex-pillenbox-mit-alarmfunktion\\\/#breadcrumb\"},\"inLanguage\":\"fr-FR\",\"potentialAction\":[{\"@type\":\"ReadAction\",\"target\":[\"https:\\\/\\\/www.gleichcom.samuraidev.ch\\\/fr\\\/shop\\\/maximex-pillenbox-mit-alarmfunktion\\\/\"]}]},{\"@type\":\"ImageObject\",\"inLanguage\":\"fr-FR\",\"@id\":\"https:\\\/\\\/www.gleichcom.samuraidev.ch\\\/fr\\\/shop\\\/maximex-pillenbox-mit-alarmfunktion\\\/#primaryimage\",\"url\":\"https:\\\/\\\/www.gleichcom.samuraidev.ch\\\/wp-content\\\/uploads\\\/2023\\\/09\\\/gdimportpillendosemitalarmfunktiongdi006001.jpg\",\"contentUrl\":\"https:\\\/\\\/www.gleichcom.samuraidev.ch\\\/wp-content\\\/uploads\\\/2023\\\/09\\\/gdimportpillendosemitalarmfunktiongdi006001.jpg\",\"width\":500,\"height\":500},{\"@type\":\"BreadcrumbList\",\"@id\":\"https:\\\/\\\/www.gleichcom.samuraidev.ch\\\/fr\\\/shop\\\/maximex-pillenbox-mit-alarmfunktion\\\/#breadcrumb\",\"itemListElement\":[{\"@type\":\"ListItem\",\"position\":1,\"name\":\"Startseite\",\"item\":\"https:\\\/\\\/www.gleichcom.samuraidev.ch\\\/fr\\\/\"},{\"@type\":\"ListItem\",\"position\":2,\"name\":\"Shop\",\"item\":\"https:\\\/\\\/www.gleichcom.samuraidev.ch\\\/fr\\\/shop\\\/\"},{\"@type\":\"ListItem\",\"position\":3,\"name\":\"Pilulier Maximex avec fonction alarme\"}]},{\"@type\":\"WebSite\",\"@id\":\"https:\\\/\\\/www.gleichcom.samuraidev.ch\\\/fr\\\/#website\",\"url\":\"https:\\\/\\\/www.gleichcom.samuraidev.ch\\\/fr\\\/\",\"name\":\"Gleichcom AG\",\"description\":\"besser h\u00f6ren. besser sehen. besser leben.\",\"publisher\":{\"@id\":\"https:\\\/\\\/www.gleichcom.samuraidev.ch\\\/fr\\\/#organization\"},\"alternateName\":\"Gleichcom\",\"potentialAction\":[{\"@type\":\"SearchAction\",\"target\":{\"@type\":\"EntryPoint\",\"urlTemplate\":\"https:\\\/\\\/www.gleichcom.samuraidev.ch\\\/fr\\\/?s={search_term_string}\"},\"query-input\":{\"@type\":\"PropertyValueSpecification\",\"valueRequired\":true,\"valueName\":\"search_term_string\"}}],\"inLanguage\":\"fr-FR\"},{\"@type\":\"Organization\",\"@id\":\"https:\\\/\\\/www.gleichcom.samuraidev.ch\\\/fr\\\/#organization\",\"name\":\"Gleichcom AG\",\"alternateName\":\"Gleichcom\",\"url\":\"https:\\\/\\\/www.gleichcom.samuraidev.ch\\\/fr\\\/\",\"logo\":{\"@type\":\"ImageObject\",\"inLanguage\":\"fr-FR\",\"@id\":\"https:\\\/\\\/www.gleichcom.samuraidev.ch\\\/fr\\\/#\\\/schema\\\/logo\\\/image\\\/\",\"url\":\"https:\\\/\\\/www.gleichcom.samuraidev.ch\\\/wp-content\\\/uploads\\\/2023\\\/09\\\/gleichcom-ag-logo-quadrat-farbig-mitte@696.png\",\"contentUrl\":\"https:\\\/\\\/www.gleichcom.samuraidev.ch\\\/wp-content\\\/uploads\\\/2023\\\/09\\\/gleichcom-ag-logo-quadrat-farbig-mitte@696.png\",\"width\":437,\"height\":437,\"caption\":\"Gleichcom AG\"},\"image\":{\"@id\":\"https:\\\/\\\/www.gleichcom.samuraidev.ch\\\/fr\\\/#\\\/schema\\\/logo\\\/image\\\/\"},\"sameAs\":[\"https:\\\/\\\/www.facebook.com\\\/profile.php?id=100068749126981\"]}]}<\/script>\n<!-- \/ Yoast SEO plugin. -->","yoast_head_json":{"title":"Pilulier Maximex avec fonction alarme im Onlineshop | Gleichcom AG","description":"\u2705 Pilulier facile \u00e0 programmer avec fonction d'alarme et \u00e9l\u00e9ments journaliers color\u00e9s et amovibles. Parfait pour les d\u00e9placements.","robots":{"index":"noindex","follow":"follow","max-snippet":"max-snippet:-1","max-image-preview":"max-image-preview:large","max-video-preview":"max-video-preview:-1"},"og_locale":"fr_FR","og_type":"article","og_title":"Pilulier Maximex avec fonction alarme im Onlineshop | Gleichcom AG","og_description":"\u2705 Pilulier facile \u00e0 programmer avec fonction d'alarme et \u00e9l\u00e9ments journaliers color\u00e9s et amovibles. Parfait pour les d\u00e9placements.","og_url":"https:\/\/www.gleichcom.samuraidev.ch\/fr\/shop\/maximex-pillenbox-mit-alarmfunktion\/","og_site_name":"Gleichcom AG","article_publisher":"https:\/\/www.facebook.com\/profile.php?id=100068749126981","og_image":[{"width":500,"height":500,"url":"https:\/\/www.gleichcom.samuraidev.ch\/wp-content\/uploads\/2023\/09\/gdimportpillendosemitalarmfunktiongdi006001.jpg","type":"image\/jpeg"}],"twitter_card":"summary_large_image","schema":{"@context":"https:\/\/schema.org","@graph":[{"@type":"WebPage","@id":"https:\/\/www.gleichcom.samuraidev.ch\/fr\/shop\/maximex-pillenbox-mit-alarmfunktion\/","url":"https:\/\/www.gleichcom.samuraidev.ch\/fr\/shop\/maximex-pillenbox-mit-alarmfunktion\/","name":"Pilulier Maximex avec fonction alarme im Onlineshop | Gleichcom AG","isPartOf":{"@id":"https:\/\/www.gleichcom.samuraidev.ch\/fr\/#website"},"primaryImageOfPage":{"@id":"https:\/\/www.gleichcom.samuraidev.ch\/fr\/shop\/maximex-pillenbox-mit-alarmfunktion\/#primaryimage"},"image":{"@id":"https:\/\/www.gleichcom.samuraidev.ch\/fr\/shop\/maximex-pillenbox-mit-alarmfunktion\/#primaryimage"},"thumbnailUrl":"https:\/\/www.gleichcom.samuraidev.ch\/wp-content\/uploads\/2023\/09\/gdimportpillendosemitalarmfunktiongdi006001.jpg","datePublished":"2019-12-02T07:08:29+00:00","description":"\u2705 Pilulier facile \u00e0 programmer avec fonction d'alarme et \u00e9l\u00e9ments journaliers color\u00e9s et amovibles. Parfait pour les d\u00e9placements.","breadcrumb":{"@id":"https:\/\/www.gleichcom.samuraidev.ch\/fr\/shop\/maximex-pillenbox-mit-alarmfunktion\/#breadcrumb"},"inLanguage":"fr-FR","potentialAction":[{"@type":"ReadAction","target":["https:\/\/www.gleichcom.samuraidev.ch\/fr\/shop\/maximex-pillenbox-mit-alarmfunktion\/"]}]},{"@type":"ImageObject","inLanguage":"fr-FR","@id":"https:\/\/www.gleichcom.samuraidev.ch\/fr\/shop\/maximex-pillenbox-mit-alarmfunktion\/#primaryimage","url":"https:\/\/www.gleichcom.samuraidev.ch\/wp-content\/uploads\/2023\/09\/gdimportpillendosemitalarmfunktiongdi006001.jpg","contentUrl":"https:\/\/www.gleichcom.samuraidev.ch\/wp-content\/uploads\/2023\/09\/gdimportpillendosemitalarmfunktiongdi006001.jpg","width":500,"height":500},{"@type":"BreadcrumbList","@id":"https:\/\/www.gleichcom.samuraidev.ch\/fr\/shop\/maximex-pillenbox-mit-alarmfunktion\/#breadcrumb","itemListElement":[{"@type":"ListItem","position":1,"name":"Startseite","item":"https:\/\/www.gleichcom.samuraidev.ch\/fr\/"},{"@type":"ListItem","position":2,"name":"Shop","item":"https:\/\/www.gleichcom.samuraidev.ch\/fr\/shop\/"},{"@type":"ListItem","position":3,"name":"Pilulier Maximex avec fonction alarme"}]},{"@type":"WebSite","@id":"https:\/\/www.gleichcom.samuraidev.ch\/fr\/#website","url":"https:\/\/www.gleichcom.samuraidev.ch\/fr\/","name":"Gleichcom AG","description":"besser h\u00f6ren. besser sehen. besser leben.","publisher":{"@id":"https:\/\/www.gleichcom.samuraidev.ch\/fr\/#organization"},"alternateName":"Gleichcom","potentialAction":[{"@type":"SearchAction","target":{"@type":"EntryPoint","urlTemplate":"https:\/\/www.gleichcom.samuraidev.ch\/fr\/?s={search_term_string}"},"query-input":{"@type":"PropertyValueSpecification","valueRequired":true,"valueName":"search_term_string"}}],"inLanguage":"fr-FR"},{"@type":"Organization","@id":"https:\/\/www.gleichcom.samuraidev.ch\/fr\/#organization","name":"Gleichcom AG","alternateName":"Gleichcom","url":"https:\/\/www.gleichcom.samuraidev.ch\/fr\/","logo":{"@type":"ImageObject","inLanguage":"fr-FR","@id":"https:\/\/www.gleichcom.samuraidev.ch\/fr\/#\/schema\/logo\/image\/","url":"https:\/\/www.gleichcom.samuraidev.ch\/wp-content\/uploads\/2023\/09\/gleichcom-ag-logo-quadrat-farbig-mitte@696.png","contentUrl":"https:\/\/www.gleichcom.samuraidev.ch\/wp-content\/uploads\/2023\/09\/gleichcom-ag-logo-quadrat-farbig-mitte@696.png","width":437,"height":437,"caption":"Gleichcom AG"},"image":{"@id":"https:\/\/www.gleichcom.samuraidev.ch\/fr\/#\/schema\/logo\/image\/"},"sameAs":["https:\/\/www.facebook.com\/profile.php?id=100068749126981"]}]}},"uagb_featured_image_src":{"full":["https:\/\/www.gleichcom.samuraidev.ch\/wp-content\/uploads\/2023\/09\/gdimportpillendosemitalarmfunktiongdi006001.jpg",500,500,false],"thumbnail":["https:\/\/www.gleichcom.samuraidev.ch\/wp-content\/uploads\/2023\/09\/gdimportpillendosemitalarmfunktiongdi006001.jpg",150,150,false],"medium":["https:\/\/www.gleichcom.samuraidev.ch\/wp-content\/uploads\/2023\/09\/gdimportpillendosemitalarmfunktiongdi006001.jpg",300,300,false],"medium_large":["https:\/\/www.gleichcom.samuraidev.ch\/wp-content\/uploads\/2023\/09\/gdimportpillendosemitalarmfunktiongdi006001.jpg",500,500,false],"large":["https:\/\/www.gleichcom.samuraidev.ch\/wp-content\/uploads\/2023\/09\/gdimportpillendosemitalarmfunktiongdi006001.jpg",500,500,false],"1536x1536":["https:\/\/www.gleichcom.samuraidev.ch\/wp-content\/uploads\/2023\/09\/gdimportpillendosemitalarmfunktiongdi006001.jpg",500,500,false],"2048x2048":["https:\/\/www.gleichcom.samuraidev.ch\/wp-content\/uploads\/2023\/09\/gdimportpillendosemitalarmfunktiongdi006001.jpg",500,500,false],"woocommerce_thumbnail":["https:\/\/www.gleichcom.samuraidev.ch\/wp-content\/uploads\/2023\/09\/gdimportpillendosemitalarmfunktiongdi006001.jpg",300,300,false],"woocommerce_single":["https:\/\/www.gleichcom.samuraidev.ch\/wp-content\/uploads\/2023\/09\/gdimportpillendosemitalarmfunktiongdi006001.jpg",500,500,false],"woocommerce_gallery_thumbnail":["https:\/\/www.gleichcom.samuraidev.ch\/wp-content\/uploads\/2023\/09\/gdimportpillendosemitalarmfunktiongdi006001.jpg",100,100,false]},"uagb_author_info":{"display_name":"","author_link":"https:\/\/www.gleichcom.samuraidev.ch\/fr\/author\/"},"uagb_comment_info":0,"uagb_excerpt":"Pilulier facile \u00e0 programmer avec fonction d'alarme et \u00e9l\u00e9ments journaliers color\u00e9s et amovibles. Parfait pour les d\u00e9placements.","_links":{"self":[{"href":"https:\/\/www.gleichcom.samuraidev.ch\/fr\/wp-json\/wp\/v2\/product\/12000","targetHints":{"allow":["GET"]}}],"collection":[{"href":"https:\/\/www.gleichcom.samuraidev.ch\/fr\/wp-json\/wp\/v2\/product"}],"about":[{"href":"https:\/\/www.gleichcom.samuraidev.ch\/fr\/wp-json\/wp\/v2\/types\/product"}],"wp:featuredmedia":[{"embeddable":true,"href":"https:\/\/www.gleichcom.samuraidev.ch\/fr\/wp-json\/wp\/v2\/media\/11977"}],"wp:attachment":[{"href":"https:\/\/www.gleichcom.samuraidev.ch\/fr\/wp-json\/wp\/v2\/media?parent=12000"}],"wp:term":[{"taxonomy":"product_brand","embeddable":true,"href":"https:\/\/www.gleichcom.samuraidev.ch\/fr\/wp-json\/wp\/v2\/product_brand?post=12000"},{"taxonomy":"product_cat","embeddable":true,"href":"https:\/\/www.gleichcom.samuraidev.ch\/fr\/wp-json\/wp\/v2\/product_cat?post=12000"},{"taxonomy":"product_tag","embeddable":true,"href":"https:\/\/www.gleichcom.samuraidev.ch\/fr\/wp-json\/wp\/v2\/product_tag?post=12000"}],"curies":[{"name":"wp","href":"https:\/\/api.w.org\/{rel}","templated":true}]}}