{"id":14415,"date":"2020-03-13T14:59:24","date_gmt":"2020-03-13T13:59:24","guid":{"rendered":"https:\/\/www.gleichcom.samuraidev.ch\/?product=vario-digital-fhd-advanced-bildschirmlesegeraet-eschenbach"},"modified":"1000-01-01T00:00:00","modified_gmt":"1000-01-01T00:00:00","slug":"vario-digital-fhd-advanced-bildschirmlesegeraet-eschenbach","status":"publish","type":"product","link":"https:\/\/www.gleichcom.samuraidev.ch\/fr\/shop\/vario-digital-fhd-advanced-bildschirmlesegeraet-eschenbach\/","title":{"rendered":"Vario DIGITAL FHD Lecteur d&rsquo;\u00e9cran avanc\u00e9 Eschenbach"},"content":{"rendered":"<h2><strong>Vario DIGITAL FHD Lecteur d&rsquo;\u00e9cran avanc\u00e9 Eschenbach<\/strong><\/h2>\n<p>\nLe lecteur d&rsquo;\u00e9cran portable offre le meilleur confort de lecture pour chaque lecture. Sa conception flexible, ses caract\u00e9ristiques modernes et son fonctionnement intuitif en font un support de premier ordre pour les loisirs, le travail et l&rsquo;universit\u00e9.<\/p>\n<h3>\n<a href=\"https:\/\/www.youtube.com\/watch?v=Kfu3vDQb3O8\" target=\"_blank\"><strong>&#8211; Vid\u00e9o du produit<\/strong><\/a><\/h3>\n<p>\u00a0<br \/>\nCaract\u00e9ristiques du produit<\/p>\n<p>\u00a0\u00a0\u00a0 Cam\u00e9ra haute r\u00e9solution avec zoom num\u00e9rique optique<br \/>\n\u00a0\u00a0\u00a0 Fort grossissement de 1,3x \u00e0 45x<br \/>\n\u00a0\u00a0\u00a0 \u00c9cran LCD-TFT sans reflet au format 15,6<br \/>\n\u00a0\u00a0\u00a0 Image nette et fid\u00e8le aux couleurs en r\u00e9solution Full-HD<br \/>\n\u00a0\u00a0\u00a0 L&rsquo;autofocus tr\u00e8s rapide assure un confort de lecture parfait \u00e0 tout moment<br \/>\n\u00a0\u00a0\u00a0 L&rsquo;autofocus peut \u00eatre d\u00e9sactiv\u00e9 pour mieux \u00e9crire sous l&rsquo;appareil<br \/>\n\u00a0\u00a0\u00a0 Tr\u00e8s grand champ de vision de 265 mm<br \/>\n\u00a0\u00a0\u00a0 D\u00e9filement dynamique des lignes : d\u00e9placement horizontal et vertical de la zone de lecture dans l&rsquo;\u00e9cran<br \/>\n\u00a0\u00a0\u00a0 T\u00e9l\u00e9commande incluse pour une utilisation encore plus confortable<br \/>\n\u00a0\u00a0\u00a0 Entr\u00e9e HDMI suppl\u00e9mentaire pour la connexion d&rsquo;une cam\u00e9ra externe avec transmission d&rsquo;images en direct<br \/>\n\u00a0\u00a0\u00a0 Un \u00e9clairage LED puissant<br \/>\n\u00a0\u00a0\u00a0 Aides optiques \u00e0 l&rsquo;orientation commutables avec ligne de lecture ou ligne de lecture<br \/>\n\u00a0\u00a0\u00a0 Orientation rapide gr\u00e2ce \u00e0 l&rsquo;affichage de la vue d&rsquo;ensemble<br \/>\n\u00a0\u00a0\u00a0 Peut \u00e9galement \u00eatre utilis\u00e9 comme miroir gr\u00e2ce \u00e0 sa construction flexible<br \/>\n\u00a0\u00a0\u00a0 Menu convivial avec des param\u00e8tres personnalisables<br \/>\n\u00a0\u00a0\u00a0 Sortie vocale facilement compr\u00e9hensible de toutes les \u00e9tapes du menu (peut \u00eatre d\u00e9sactiv\u00e9e)<br \/>\n\u00a0\u00a0\u00a0 14 modes de fausses couleurs \u00e0 contraste am\u00e9lior\u00e9 s\u00e9lectionnables<br \/>\n\u00a0\u00a0\u00a0 Fonction photo avec possibilit\u00e9 de stockage sur la carte SD ins\u00e9r\u00e9e (peut \u00eatre d\u00e9sactiv\u00e9e)<br \/>\n\u00a0\u00a0\u00a0 Stable, robuste et ergonomique<br \/>\n\u00a0\u00a0\u00a0 Cam\u00e9ra pivotante pour effectuer des travaux manuels ou pour mieux lire la partie sup\u00e9rieure du mat\u00e9riel de lecture<br \/>\n\u00a0\u00a0\u00a0 Couverture de l&rsquo;appareil photo pour prot\u00e9ger de la poussi\u00e8re et de la salet\u00e9<br \/>\n\u00a0\u00a0\u00a0 Ex\u00e9cution ind\u00e9pendante des mises \u00e0 jour et des r\u00e9initialisations de logiciels<br \/>\n\u00a0\u00a0\u00a0 Connecteur USB de type C pour le transfert de donn\u00e9es<br \/>\n\u00a0\u00a0\u00a0 Poids : 6,3 kg<br \/>\n\u00a0\u00a0\u00a0 Inclus dans la livraison : T\u00e9l\u00e9commande, c\u00e2ble HDMI, c\u00e2ble USB de type C, carte SD de 8 Go, chargeur universel pour une utilisation mondiale, chiffon en microfibre<\/p>\n<p>\u00a0<br \/>\nAvantages pour les clients<\/p>\n<p>\u00a0\u00a0\u00a0 Meilleure qualit\u00e9 d&rsquo;image<br \/>\n\u00a0\u00a0\u00a0 Tr\u00e8s grand champ de vision et reproduction d&rsquo;images en couleurs<br \/>\n\u00a0\u00a0\u00a0 Utilisation mobile gr\u00e2ce \u00e0 un m\u00e9canisme de pliage convivial et une poign\u00e9e ergonomique<br \/>\n\u00a0\u00a0\u00a0 Facile \u00e0 utiliser<br \/>\n\u00a0\u00a0\u00a0 Touches et boutons rotatifs attribu\u00e9s de mani\u00e8re intuitive<br \/>\n\u00a0\u00a0\u00a0 Navigation simple par menu<br \/>\n\u00a0\u00a0\u00a0 Un comportement de zoom fluide par pas pairs<br \/>\n\u00a0\u00a0\u00a0 \u00c9clairage homog\u00e8ne et sans ombre gr\u00e2ce \u00e0 des LED dans le bras de base et sur la face inf\u00e9rieure du moniteur<br \/>\n\u00a0\u00a0\u00a0 Grande stabilit\u00e9 m\u00e9canique contre les vibrations<br \/>\n\u00a0\u00a0\u00a0 Connexion d&rsquo;une cam\u00e9ra externe avec transmission d&rsquo;images en direct<\/p>\n<p>\u00a0<br \/>\nAccessoires<\/p>\n<p>\u00a0\u00a0\u00a0 1659109 vario Digital Carrying Case Ordonnance facultative<\/p>\n<p>\u00a0<\/p>\n","protected":false},"excerpt":{"rendered":"<p>Le lecteur d&rsquo;\u00e9cran portable offre le meilleur confort de lecture pour chaque lecture. Sa conception flexible, ses caract\u00e9ristiques modernes et son fonctionnement intuitif en font un support de premier ordre pour les loisirs, le travail et l&rsquo;universit\u00e9.<\/p>\n","protected":false},"featured_media":14365,"template":"","meta":{"inline_featured_image":false,"_uag_custom_page_level_css":"","site-sidebar-layout":"default","site-content-layout":"","ast-site-content-layout":"default","site-content-style":"default","site-sidebar-style":"default","ast-global-header-display":"","ast-banner-title-visibility":"","ast-main-header-display":"","ast-hfb-above-header-display":"","ast-hfb-below-header-display":"","ast-hfb-mobile-header-display":"","site-post-title":"","ast-breadcrumbs-content":"","ast-featured-img":"","footer-sml-layout":"","ast-disable-related-posts":"","theme-transparent-header-meta":"","adv-header-id-meta":"","stick-header-meta":"","header-above-stick-meta":"","header-main-stick-meta":"","header-below-stick-meta":"","astra-migrate-meta-layouts":"default","ast-page-background-enabled":"default","ast-page-background-meta":{"desktop":{"background-color":"","background-image":"","background-repeat":"repeat","background-position":"center center","background-size":"auto","background-attachment":"scroll","background-type":"","background-media":"","overlay-type":"","overlay-color":"","overlay-opacity":"","overlay-gradient":""},"tablet":{"background-color":"","background-image":"","background-repeat":"repeat","background-position":"center center","background-size":"auto","background-attachment":"scroll","background-type":"","background-media":"","overlay-type":"","overlay-color":"","overlay-opacity":"","overlay-gradient":""},"mobile":{"background-color":"","background-image":"","background-repeat":"repeat","background-position":"center center","background-size":"auto","background-attachment":"scroll","background-type":"","background-media":"","overlay-type":"","overlay-color":"","overlay-opacity":"","overlay-gradient":""}},"ast-content-background-meta":{"desktop":{"background-color":"var(--ast-global-color-5)","background-image":"","background-repeat":"repeat","background-position":"center center","background-size":"auto","background-attachment":"scroll","background-type":"","background-media":"","overlay-type":"","overlay-color":"","overlay-opacity":"","overlay-gradient":""},"tablet":{"background-color":"var(--ast-global-color-5)","background-image":"","background-repeat":"repeat","background-position":"center center","background-size":"auto","background-attachment":"scroll","background-type":"","background-media":"","overlay-type":"","overlay-color":"","overlay-opacity":"","overlay-gradient":""},"mobile":{"background-color":"var(--ast-global-color-5)","background-image":"","background-repeat":"repeat","background-position":"center center","background-size":"auto","background-attachment":"scroll","background-type":"","background-media":"","overlay-type":"","overlay-color":"","overlay-opacity":"","overlay-gradient":""}}},"product_brand":[],"product_cat":[2999],"product_tag":[],"class_list":{"0":"post-14415","1":"product","2":"type-product","3":"status-publish","4":"has-post-thumbnail","6":"product_cat-produits-dentretien-pour-les-aides-visuelles-fr","7":"desktop-align-center","8":"tablet-align-center","9":"mobile-align-center","10":"ast-product-gallery-layout-horizontal-slider","11":"ast-product-tabs-layout-accordion","13":"first","14":"onbackorder","15":"taxable","16":"shipping-taxable","17":"purchasable","18":"product-type-simple"},"yoast_head":"<!-- This site is optimized with the Yoast SEO plugin v27.5 - https:\/\/yoast.com\/product\/yoast-seo-wordpress\/ -->\n<title>Vario DIGITAL FHD Lecteur d&#039;\u00e9cran avanc\u00e9 Eschenbach im Onlineshop | Gleichcom AG<\/title>\n<meta name=\"description\" content=\"\u2705 Le lecteur d&#039;\u00e9cran portable offre le meilleur confort de lecture pour chaque lecture. Sa conception flexible, ses caract\u00e9ristiques modernes et son fonctionnement intuitif en font un support de premier ordre pour les loisirs, le travail et l&#039;universit\u00e9.\" \/>\n<meta name=\"robots\" content=\"noindex, follow, max-snippet:-1, max-image-preview:large, max-video-preview:-1\" \/>\n<meta property=\"og:locale\" content=\"fr_FR\" \/>\n<meta property=\"og:type\" content=\"article\" \/>\n<meta property=\"og:title\" content=\"Vario DIGITAL FHD Lecteur d&#039;\u00e9cran avanc\u00e9 Eschenbach im Onlineshop | Gleichcom AG\" \/>\n<meta property=\"og:description\" content=\"\u2705 Le lecteur d&#039;\u00e9cran portable offre le meilleur confort de lecture pour chaque lecture. Sa conception flexible, ses caract\u00e9ristiques modernes et son fonctionnement intuitif en font un support de premier ordre pour les loisirs, le travail et l&#039;universit\u00e9.\" \/>\n<meta property=\"og:url\" content=\"https:\/\/www.gleichcom.samuraidev.ch\/fr\/shop\/vario-digital-fhd-advanced-bildschirmlesegeraet-eschenbach\/\" \/>\n<meta property=\"og:site_name\" content=\"Gleichcom AG\" \/>\n<meta property=\"article:publisher\" content=\"https:\/\/www.facebook.com\/profile.php?id=100068749126981\" \/>\n<meta property=\"og:image\" content=\"https:\/\/www.gleichcom.samuraidev.ch\/wp-content\/uploads\/2023\/09\/16591.jpg\" \/>\n\t<meta property=\"og:image:width\" content=\"478\" \/>\n\t<meta property=\"og:image:height\" content=\"500\" \/>\n\t<meta property=\"og:image:type\" content=\"image\/jpeg\" \/>\n<meta name=\"twitter:card\" content=\"summary_large_image\" \/>\n<script type=\"application\/ld+json\" class=\"yoast-schema-graph\">{\"@context\":\"https:\\\/\\\/schema.org\",\"@graph\":[{\"@type\":\"WebPage\",\"@id\":\"https:\\\/\\\/www.gleichcom.samuraidev.ch\\\/fr\\\/shop\\\/vario-digital-fhd-advanced-bildschirmlesegeraet-eschenbach\\\/\",\"url\":\"https:\\\/\\\/www.gleichcom.samuraidev.ch\\\/fr\\\/shop\\\/vario-digital-fhd-advanced-bildschirmlesegeraet-eschenbach\\\/\",\"name\":\"Vario DIGITAL FHD Lecteur d'\u00e9cran avanc\u00e9 Eschenbach im Onlineshop | Gleichcom AG\",\"isPartOf\":{\"@id\":\"https:\\\/\\\/www.gleichcom.samuraidev.ch\\\/fr\\\/#website\"},\"primaryImageOfPage\":{\"@id\":\"https:\\\/\\\/www.gleichcom.samuraidev.ch\\\/fr\\\/shop\\\/vario-digital-fhd-advanced-bildschirmlesegeraet-eschenbach\\\/#primaryimage\"},\"image\":{\"@id\":\"https:\\\/\\\/www.gleichcom.samuraidev.ch\\\/fr\\\/shop\\\/vario-digital-fhd-advanced-bildschirmlesegeraet-eschenbach\\\/#primaryimage\"},\"thumbnailUrl\":\"https:\\\/\\\/www.gleichcom.samuraidev.ch\\\/wp-content\\\/uploads\\\/2023\\\/09\\\/16591.jpg\",\"datePublished\":\"2020-03-13T13:59:24+00:00\",\"description\":\"\u2705 Le lecteur d'\u00e9cran portable offre le meilleur confort de lecture pour chaque lecture. Sa conception flexible, ses caract\u00e9ristiques modernes et son fonctionnement intuitif en font un support de premier ordre pour les loisirs, le travail et l'universit\u00e9.\",\"breadcrumb\":{\"@id\":\"https:\\\/\\\/www.gleichcom.samuraidev.ch\\\/fr\\\/shop\\\/vario-digital-fhd-advanced-bildschirmlesegeraet-eschenbach\\\/#breadcrumb\"},\"inLanguage\":\"fr-FR\",\"potentialAction\":[{\"@type\":\"ReadAction\",\"target\":[\"https:\\\/\\\/www.gleichcom.samuraidev.ch\\\/fr\\\/shop\\\/vario-digital-fhd-advanced-bildschirmlesegeraet-eschenbach\\\/\"]}]},{\"@type\":\"ImageObject\",\"inLanguage\":\"fr-FR\",\"@id\":\"https:\\\/\\\/www.gleichcom.samuraidev.ch\\\/fr\\\/shop\\\/vario-digital-fhd-advanced-bildschirmlesegeraet-eschenbach\\\/#primaryimage\",\"url\":\"https:\\\/\\\/www.gleichcom.samuraidev.ch\\\/wp-content\\\/uploads\\\/2023\\\/09\\\/16591.jpg\",\"contentUrl\":\"https:\\\/\\\/www.gleichcom.samuraidev.ch\\\/wp-content\\\/uploads\\\/2023\\\/09\\\/16591.jpg\",\"width\":478,\"height\":500},{\"@type\":\"BreadcrumbList\",\"@id\":\"https:\\\/\\\/www.gleichcom.samuraidev.ch\\\/fr\\\/shop\\\/vario-digital-fhd-advanced-bildschirmlesegeraet-eschenbach\\\/#breadcrumb\",\"itemListElement\":[{\"@type\":\"ListItem\",\"position\":1,\"name\":\"Startseite\",\"item\":\"https:\\\/\\\/www.gleichcom.samuraidev.ch\\\/fr\\\/\"},{\"@type\":\"ListItem\",\"position\":2,\"name\":\"Shop\",\"item\":\"https:\\\/\\\/www.gleichcom.samuraidev.ch\\\/fr\\\/shop\\\/\"},{\"@type\":\"ListItem\",\"position\":3,\"name\":\"Vario DIGITAL FHD Lecteur d&#8217;\u00e9cran avanc\u00e9 Eschenbach\"}]},{\"@type\":\"WebSite\",\"@id\":\"https:\\\/\\\/www.gleichcom.samuraidev.ch\\\/fr\\\/#website\",\"url\":\"https:\\\/\\\/www.gleichcom.samuraidev.ch\\\/fr\\\/\",\"name\":\"Gleichcom AG\",\"description\":\"besser h\u00f6ren. besser sehen. besser leben.\",\"publisher\":{\"@id\":\"https:\\\/\\\/www.gleichcom.samuraidev.ch\\\/fr\\\/#organization\"},\"alternateName\":\"Gleichcom\",\"potentialAction\":[{\"@type\":\"SearchAction\",\"target\":{\"@type\":\"EntryPoint\",\"urlTemplate\":\"https:\\\/\\\/www.gleichcom.samuraidev.ch\\\/fr\\\/?s={search_term_string}\"},\"query-input\":{\"@type\":\"PropertyValueSpecification\",\"valueRequired\":true,\"valueName\":\"search_term_string\"}}],\"inLanguage\":\"fr-FR\"},{\"@type\":\"Organization\",\"@id\":\"https:\\\/\\\/www.gleichcom.samuraidev.ch\\\/fr\\\/#organization\",\"name\":\"Gleichcom AG\",\"alternateName\":\"Gleichcom\",\"url\":\"https:\\\/\\\/www.gleichcom.samuraidev.ch\\\/fr\\\/\",\"logo\":{\"@type\":\"ImageObject\",\"inLanguage\":\"fr-FR\",\"@id\":\"https:\\\/\\\/www.gleichcom.samuraidev.ch\\\/fr\\\/#\\\/schema\\\/logo\\\/image\\\/\",\"url\":\"https:\\\/\\\/www.gleichcom.samuraidev.ch\\\/wp-content\\\/uploads\\\/2023\\\/09\\\/gleichcom-ag-logo-quadrat-farbig-mitte@696.png\",\"contentUrl\":\"https:\\\/\\\/www.gleichcom.samuraidev.ch\\\/wp-content\\\/uploads\\\/2023\\\/09\\\/gleichcom-ag-logo-quadrat-farbig-mitte@696.png\",\"width\":437,\"height\":437,\"caption\":\"Gleichcom AG\"},\"image\":{\"@id\":\"https:\\\/\\\/www.gleichcom.samuraidev.ch\\\/fr\\\/#\\\/schema\\\/logo\\\/image\\\/\"},\"sameAs\":[\"https:\\\/\\\/www.facebook.com\\\/profile.php?id=100068749126981\"]}]}<\/script>\n<!-- \/ Yoast SEO plugin. -->","yoast_head_json":{"title":"Vario DIGITAL FHD Lecteur d'\u00e9cran avanc\u00e9 Eschenbach im Onlineshop | Gleichcom AG","description":"\u2705 Le lecteur d'\u00e9cran portable offre le meilleur confort de lecture pour chaque lecture. Sa conception flexible, ses caract\u00e9ristiques modernes et son fonctionnement intuitif en font un support de premier ordre pour les loisirs, le travail et l'universit\u00e9.","robots":{"index":"noindex","follow":"follow","max-snippet":"max-snippet:-1","max-image-preview":"max-image-preview:large","max-video-preview":"max-video-preview:-1"},"og_locale":"fr_FR","og_type":"article","og_title":"Vario DIGITAL FHD Lecteur d'\u00e9cran avanc\u00e9 Eschenbach im Onlineshop | Gleichcom AG","og_description":"\u2705 Le lecteur d'\u00e9cran portable offre le meilleur confort de lecture pour chaque lecture. Sa conception flexible, ses caract\u00e9ristiques modernes et son fonctionnement intuitif en font un support de premier ordre pour les loisirs, le travail et l'universit\u00e9.","og_url":"https:\/\/www.gleichcom.samuraidev.ch\/fr\/shop\/vario-digital-fhd-advanced-bildschirmlesegeraet-eschenbach\/","og_site_name":"Gleichcom AG","article_publisher":"https:\/\/www.facebook.com\/profile.php?id=100068749126981","og_image":[{"width":478,"height":500,"url":"https:\/\/www.gleichcom.samuraidev.ch\/wp-content\/uploads\/2023\/09\/16591.jpg","type":"image\/jpeg"}],"twitter_card":"summary_large_image","schema":{"@context":"https:\/\/schema.org","@graph":[{"@type":"WebPage","@id":"https:\/\/www.gleichcom.samuraidev.ch\/fr\/shop\/vario-digital-fhd-advanced-bildschirmlesegeraet-eschenbach\/","url":"https:\/\/www.gleichcom.samuraidev.ch\/fr\/shop\/vario-digital-fhd-advanced-bildschirmlesegeraet-eschenbach\/","name":"Vario DIGITAL FHD Lecteur d'\u00e9cran avanc\u00e9 Eschenbach im Onlineshop | Gleichcom AG","isPartOf":{"@id":"https:\/\/www.gleichcom.samuraidev.ch\/fr\/#website"},"primaryImageOfPage":{"@id":"https:\/\/www.gleichcom.samuraidev.ch\/fr\/shop\/vario-digital-fhd-advanced-bildschirmlesegeraet-eschenbach\/#primaryimage"},"image":{"@id":"https:\/\/www.gleichcom.samuraidev.ch\/fr\/shop\/vario-digital-fhd-advanced-bildschirmlesegeraet-eschenbach\/#primaryimage"},"thumbnailUrl":"https:\/\/www.gleichcom.samuraidev.ch\/wp-content\/uploads\/2023\/09\/16591.jpg","datePublished":"2020-03-13T13:59:24+00:00","description":"\u2705 Le lecteur d'\u00e9cran portable offre le meilleur confort de lecture pour chaque lecture. Sa conception flexible, ses caract\u00e9ristiques modernes et son fonctionnement intuitif en font un support de premier ordre pour les loisirs, le travail et l'universit\u00e9.","breadcrumb":{"@id":"https:\/\/www.gleichcom.samuraidev.ch\/fr\/shop\/vario-digital-fhd-advanced-bildschirmlesegeraet-eschenbach\/#breadcrumb"},"inLanguage":"fr-FR","potentialAction":[{"@type":"ReadAction","target":["https:\/\/www.gleichcom.samuraidev.ch\/fr\/shop\/vario-digital-fhd-advanced-bildschirmlesegeraet-eschenbach\/"]}]},{"@type":"ImageObject","inLanguage":"fr-FR","@id":"https:\/\/www.gleichcom.samuraidev.ch\/fr\/shop\/vario-digital-fhd-advanced-bildschirmlesegeraet-eschenbach\/#primaryimage","url":"https:\/\/www.gleichcom.samuraidev.ch\/wp-content\/uploads\/2023\/09\/16591.jpg","contentUrl":"https:\/\/www.gleichcom.samuraidev.ch\/wp-content\/uploads\/2023\/09\/16591.jpg","width":478,"height":500},{"@type":"BreadcrumbList","@id":"https:\/\/www.gleichcom.samuraidev.ch\/fr\/shop\/vario-digital-fhd-advanced-bildschirmlesegeraet-eschenbach\/#breadcrumb","itemListElement":[{"@type":"ListItem","position":1,"name":"Startseite","item":"https:\/\/www.gleichcom.samuraidev.ch\/fr\/"},{"@type":"ListItem","position":2,"name":"Shop","item":"https:\/\/www.gleichcom.samuraidev.ch\/fr\/shop\/"},{"@type":"ListItem","position":3,"name":"Vario DIGITAL FHD Lecteur d&#8217;\u00e9cran avanc\u00e9 Eschenbach"}]},{"@type":"WebSite","@id":"https:\/\/www.gleichcom.samuraidev.ch\/fr\/#website","url":"https:\/\/www.gleichcom.samuraidev.ch\/fr\/","name":"Gleichcom AG","description":"besser h\u00f6ren. besser sehen. besser leben.","publisher":{"@id":"https:\/\/www.gleichcom.samuraidev.ch\/fr\/#organization"},"alternateName":"Gleichcom","potentialAction":[{"@type":"SearchAction","target":{"@type":"EntryPoint","urlTemplate":"https:\/\/www.gleichcom.samuraidev.ch\/fr\/?s={search_term_string}"},"query-input":{"@type":"PropertyValueSpecification","valueRequired":true,"valueName":"search_term_string"}}],"inLanguage":"fr-FR"},{"@type":"Organization","@id":"https:\/\/www.gleichcom.samuraidev.ch\/fr\/#organization","name":"Gleichcom AG","alternateName":"Gleichcom","url":"https:\/\/www.gleichcom.samuraidev.ch\/fr\/","logo":{"@type":"ImageObject","inLanguage":"fr-FR","@id":"https:\/\/www.gleichcom.samuraidev.ch\/fr\/#\/schema\/logo\/image\/","url":"https:\/\/www.gleichcom.samuraidev.ch\/wp-content\/uploads\/2023\/09\/gleichcom-ag-logo-quadrat-farbig-mitte@696.png","contentUrl":"https:\/\/www.gleichcom.samuraidev.ch\/wp-content\/uploads\/2023\/09\/gleichcom-ag-logo-quadrat-farbig-mitte@696.png","width":437,"height":437,"caption":"Gleichcom AG"},"image":{"@id":"https:\/\/www.gleichcom.samuraidev.ch\/fr\/#\/schema\/logo\/image\/"},"sameAs":["https:\/\/www.facebook.com\/profile.php?id=100068749126981"]}]}},"uagb_featured_image_src":{"full":["https:\/\/www.gleichcom.samuraidev.ch\/wp-content\/uploads\/2023\/09\/16591.jpg",478,500,false],"thumbnail":["https:\/\/www.gleichcom.samuraidev.ch\/wp-content\/uploads\/2023\/09\/16591.jpg",143,150,false],"medium":["https:\/\/www.gleichcom.samuraidev.ch\/wp-content\/uploads\/2023\/09\/16591.jpg",287,300,false],"medium_large":["https:\/\/www.gleichcom.samuraidev.ch\/wp-content\/uploads\/2023\/09\/16591.jpg",478,500,false],"large":["https:\/\/www.gleichcom.samuraidev.ch\/wp-content\/uploads\/2023\/09\/16591.jpg",478,500,false],"1536x1536":["https:\/\/www.gleichcom.samuraidev.ch\/wp-content\/uploads\/2023\/09\/16591.jpg",478,500,false],"2048x2048":["https:\/\/www.gleichcom.samuraidev.ch\/wp-content\/uploads\/2023\/09\/16591.jpg",478,500,false],"woocommerce_thumbnail":["https:\/\/www.gleichcom.samuraidev.ch\/wp-content\/uploads\/2023\/09\/16591.jpg",300,314,false],"woocommerce_single":["https:\/\/www.gleichcom.samuraidev.ch\/wp-content\/uploads\/2023\/09\/16591.jpg",478,500,false],"woocommerce_gallery_thumbnail":["https:\/\/www.gleichcom.samuraidev.ch\/wp-content\/uploads\/2023\/09\/16591-100x100.jpg",100,100,true]},"uagb_author_info":{"display_name":"","author_link":"https:\/\/www.gleichcom.samuraidev.ch\/fr\/author\/"},"uagb_comment_info":0,"uagb_excerpt":"Le lecteur d'\u00e9cran portable offre le meilleur confort de lecture pour chaque lecture. Sa conception flexible, ses caract\u00e9ristiques modernes et son fonctionnement intuitif en font un support de premier ordre pour les loisirs, le travail et l'universit\u00e9.","_links":{"self":[{"href":"https:\/\/www.gleichcom.samuraidev.ch\/fr\/wp-json\/wp\/v2\/product\/14415","targetHints":{"allow":["GET"]}}],"collection":[{"href":"https:\/\/www.gleichcom.samuraidev.ch\/fr\/wp-json\/wp\/v2\/product"}],"about":[{"href":"https:\/\/www.gleichcom.samuraidev.ch\/fr\/wp-json\/wp\/v2\/types\/product"}],"wp:featuredmedia":[{"embeddable":true,"href":"https:\/\/www.gleichcom.samuraidev.ch\/fr\/wp-json\/wp\/v2\/media\/14365"}],"wp:attachment":[{"href":"https:\/\/www.gleichcom.samuraidev.ch\/fr\/wp-json\/wp\/v2\/media?parent=14415"}],"wp:term":[{"taxonomy":"product_brand","embeddable":true,"href":"https:\/\/www.gleichcom.samuraidev.ch\/fr\/wp-json\/wp\/v2\/product_brand?post=14415"},{"taxonomy":"product_cat","embeddable":true,"href":"https:\/\/www.gleichcom.samuraidev.ch\/fr\/wp-json\/wp\/v2\/product_cat?post=14415"},{"taxonomy":"product_tag","embeddable":true,"href":"https:\/\/www.gleichcom.samuraidev.ch\/fr\/wp-json\/wp\/v2\/product_tag?post=14415"}],"curies":[{"name":"wp","href":"https:\/\/api.w.org\/{rel}","templated":true}]}}