{"id":14583,"date":"2020-05-23T19:12:51","date_gmt":"2020-05-23T17:12:51","guid":{"rendered":"https:\/\/www.gleichcom.samuraidev.ch\/?product=schallschlauch-meterware-2-x-3-4-mm-transparent-l-fuer-hoergeraete"},"modified":"1000-01-01T00:00:00","modified_gmt":"1000-01-01T00:00:00","slug":"schallschlauch-meterware-2-x-3-4-mm-transparent-l-fuer-hoergeraete","status":"publish","type":"product","link":"https:\/\/www.gleichcom.samuraidev.ch\/fr\/shop\/schallschlauch-meterware-2-x-3-4-mm-transparent-l-fuer-hoergeraete\/","title":{"rendered":"Tube sonore au m\u00e8tre 2 x 3,4 mm transparent L pour les appareils auditifs"},"content":{"rendered":"<h2><strong>Tube sonore pour appareils auditifs 2 x 3,4 mm transparent L<\/strong><\/h2>\n<p>\nUn tube sonore doit \u00eatre remplac\u00e9 de temps en temps. (environ tous les 3 mois) En raison du processus naturel de vieillissement, il devient cassant, voire dur, et peut changer de couleur pour prendre une teinte jaun\u00e2tre qui n&rsquo;est pas tr\u00e8s agr\u00e9able \u00e0 regarder.<br \/>\nCar seul un tube sonore non endommag\u00e9 et non pollu\u00e9 garantit le fonctionnement optimal de votre appareil auditif !<br \/>\nLe tube de 100 cm de long peut \u00eatre coup\u00e9 individuellement \u00e0 la longueur requise avec des ciseaux normaux.<br \/>\nAssez pour environ 10 \u00e0 12 fois le changement<br \/>\nConvient parfaitement aux appareillages discrets.<\/p>\n<p>Les frais d&rsquo;exp\u00e9dition sont inclus<\/p>\n<p>Caract\u00e9ristiques<\/p>\n<p>\u00a0\u00a0\u00a0 Couleur : transparent<br \/>\n\u00a0\u00a0\u00a0 Diam\u00e8tre int\u00e9rieur : 2 mm<br \/>\n\u00a0\u00a0\u00a0 Diam\u00e8tre ext\u00e9rieur : 3,4 mm<br \/>\n\u00a0\u00a0\u00a0 Mat\u00e9riau : PVC 35 shore<br \/>\n\u00a0\u00a0\u00a0 sans plastifiant DEHP<\/p>\n<p>Champ d&rsquo;application<\/p>\n<p>\u00a0\u00a0\u00a0 1 x tube sonore de 100 cm de long 2 mm x 3,4 mm<br \/>\n\u00a0<\/p>\n","protected":false},"excerpt":{"rendered":"<p>Un tube sonore de qualit\u00e9 pour se couper et se changer<\/p>\n<p>Les frais d&rsquo;exp\u00e9dition sont inclus<\/p>\n","protected":false},"featured_media":14575,"template":"","meta":{"inline_featured_image":false,"_uag_custom_page_level_css":"","site-sidebar-layout":"default","site-content-layout":"","ast-site-content-layout":"default","site-content-style":"default","site-sidebar-style":"default","ast-global-header-display":"","ast-banner-title-visibility":"","ast-main-header-display":"","ast-hfb-above-header-display":"","ast-hfb-below-header-display":"","ast-hfb-mobile-header-display":"","site-post-title":"","ast-breadcrumbs-content":"","ast-featured-img":"","footer-sml-layout":"","ast-disable-related-posts":"","theme-transparent-header-meta":"","adv-header-id-meta":"","stick-header-meta":"","header-above-stick-meta":"","header-main-stick-meta":"","header-below-stick-meta":"","astra-migrate-meta-layouts":"default","ast-page-background-enabled":"default","ast-page-background-meta":{"desktop":{"background-color":"","background-image":"","background-repeat":"repeat","background-position":"center center","background-size":"auto","background-attachment":"scroll","background-type":"","background-media":"","overlay-type":"","overlay-color":"","overlay-opacity":"","overlay-gradient":""},"tablet":{"background-color":"","background-image":"","background-repeat":"repeat","background-position":"center center","background-size":"auto","background-attachment":"scroll","background-type":"","background-media":"","overlay-type":"","overlay-color":"","overlay-opacity":"","overlay-gradient":""},"mobile":{"background-color":"","background-image":"","background-repeat":"repeat","background-position":"center center","background-size":"auto","background-attachment":"scroll","background-type":"","background-media":"","overlay-type":"","overlay-color":"","overlay-opacity":"","overlay-gradient":""}},"ast-content-background-meta":{"desktop":{"background-color":"var(--ast-global-color-5)","background-image":"","background-repeat":"repeat","background-position":"center center","background-size":"auto","background-attachment":"scroll","background-type":"","background-media":"","overlay-type":"","overlay-color":"","overlay-opacity":"","overlay-gradient":""},"tablet":{"background-color":"var(--ast-global-color-5)","background-image":"","background-repeat":"repeat","background-position":"center center","background-size":"auto","background-attachment":"scroll","background-type":"","background-media":"","overlay-type":"","overlay-color":"","overlay-opacity":"","overlay-gradient":""},"mobile":{"background-color":"var(--ast-global-color-5)","background-image":"","background-repeat":"repeat","background-position":"center center","background-size":"auto","background-attachment":"scroll","background-type":"","background-media":"","overlay-type":"","overlay-color":"","overlay-opacity":"","overlay-gradient":""}}},"product_brand":[],"product_cat":[2908],"product_tag":[],"class_list":{"0":"post-14583","1":"product","2":"type-product","3":"status-publish","4":"has-post-thumbnail","6":"product_cat-microphones-supplementaires-pour-appareils-auditifs-fr","7":"desktop-align-center","8":"tablet-align-center","9":"mobile-align-center","10":"ast-product-gallery-layout-horizontal-slider","11":"ast-product-tabs-layout-accordion","13":"first","14":"instock","15":"taxable","16":"shipping-taxable","17":"purchasable","18":"product-type-simple"},"yoast_head":"<!-- This site is optimized with the Yoast SEO plugin v27.5 - https:\/\/yoast.com\/product\/yoast-seo-wordpress\/ -->\n<title>Tube sonore au m\u00e8tre 2 x 3,4 mm transparent L pour les appareils auditifs im Onlineshop | Gleichcom AG<\/title>\n<meta name=\"description\" content=\"\u2705 Un tube sonore de qualit\u00e9 pour se couper et se changer  Les frais d&#039;exp\u00e9dition sont inclus\" \/>\n<meta name=\"robots\" content=\"noindex, follow, max-snippet:-1, max-image-preview:large, max-video-preview:-1\" \/>\n<meta property=\"og:locale\" content=\"fr_FR\" \/>\n<meta property=\"og:type\" content=\"article\" \/>\n<meta property=\"og:title\" content=\"Tube sonore au m\u00e8tre 2 x 3,4 mm transparent L pour les appareils auditifs im Onlineshop | Gleichcom AG\" \/>\n<meta property=\"og:description\" content=\"\u2705 Un tube sonore de qualit\u00e9 pour se couper et se changer  Les frais d&#039;exp\u00e9dition sont inclus\" \/>\n<meta property=\"og:url\" content=\"https:\/\/www.gleichcom.samuraidev.ch\/fr\/shop\/schallschlauch-meterware-2-x-3-4-mm-transparent-l-fuer-hoergeraete\/\" \/>\n<meta property=\"og:site_name\" content=\"Gleichcom AG\" \/>\n<meta property=\"article:publisher\" content=\"https:\/\/www.facebook.com\/profile.php?id=100068749126981\" \/>\n<meta property=\"og:image\" content=\"https:\/\/www.gleichcom.samuraidev.ch\/wp-content\/uploads\/2023\/09\/Schallschlauch_2_3572_0_3573_0_3582_0.jpg\" \/>\n\t<meta property=\"og:image:width\" content=\"500\" \/>\n\t<meta property=\"og:image:height\" content=\"455\" \/>\n\t<meta property=\"og:image:type\" content=\"image\/jpeg\" \/>\n<meta name=\"twitter:card\" content=\"summary_large_image\" \/>\n<script type=\"application\/ld+json\" class=\"yoast-schema-graph\">{\"@context\":\"https:\\\/\\\/schema.org\",\"@graph\":[{\"@type\":\"WebPage\",\"@id\":\"https:\\\/\\\/www.gleichcom.samuraidev.ch\\\/fr\\\/shop\\\/schallschlauch-meterware-2-x-3-4-mm-transparent-l-fuer-hoergeraete\\\/\",\"url\":\"https:\\\/\\\/www.gleichcom.samuraidev.ch\\\/fr\\\/shop\\\/schallschlauch-meterware-2-x-3-4-mm-transparent-l-fuer-hoergeraete\\\/\",\"name\":\"Tube sonore au m\u00e8tre 2 x 3,4 mm transparent L pour les appareils auditifs im Onlineshop | Gleichcom AG\",\"isPartOf\":{\"@id\":\"https:\\\/\\\/www.gleichcom.samuraidev.ch\\\/fr\\\/#website\"},\"primaryImageOfPage\":{\"@id\":\"https:\\\/\\\/www.gleichcom.samuraidev.ch\\\/fr\\\/shop\\\/schallschlauch-meterware-2-x-3-4-mm-transparent-l-fuer-hoergeraete\\\/#primaryimage\"},\"image\":{\"@id\":\"https:\\\/\\\/www.gleichcom.samuraidev.ch\\\/fr\\\/shop\\\/schallschlauch-meterware-2-x-3-4-mm-transparent-l-fuer-hoergeraete\\\/#primaryimage\"},\"thumbnailUrl\":\"https:\\\/\\\/www.gleichcom.samuraidev.ch\\\/wp-content\\\/uploads\\\/2023\\\/09\\\/Schallschlauch_2_3572_0_3573_0_3582_0.jpg\",\"datePublished\":\"2020-05-23T17:12:51+00:00\",\"description\":\"\u2705 Un tube sonore de qualit\u00e9 pour se couper et se changer Les frais d'exp\u00e9dition sont inclus\",\"breadcrumb\":{\"@id\":\"https:\\\/\\\/www.gleichcom.samuraidev.ch\\\/fr\\\/shop\\\/schallschlauch-meterware-2-x-3-4-mm-transparent-l-fuer-hoergeraete\\\/#breadcrumb\"},\"inLanguage\":\"fr-FR\",\"potentialAction\":[{\"@type\":\"ReadAction\",\"target\":[\"https:\\\/\\\/www.gleichcom.samuraidev.ch\\\/fr\\\/shop\\\/schallschlauch-meterware-2-x-3-4-mm-transparent-l-fuer-hoergeraete\\\/\"]}]},{\"@type\":\"ImageObject\",\"inLanguage\":\"fr-FR\",\"@id\":\"https:\\\/\\\/www.gleichcom.samuraidev.ch\\\/fr\\\/shop\\\/schallschlauch-meterware-2-x-3-4-mm-transparent-l-fuer-hoergeraete\\\/#primaryimage\",\"url\":\"https:\\\/\\\/www.gleichcom.samuraidev.ch\\\/wp-content\\\/uploads\\\/2023\\\/09\\\/Schallschlauch_2_3572_0_3573_0_3582_0.jpg\",\"contentUrl\":\"https:\\\/\\\/www.gleichcom.samuraidev.ch\\\/wp-content\\\/uploads\\\/2023\\\/09\\\/Schallschlauch_2_3572_0_3573_0_3582_0.jpg\",\"width\":500,\"height\":455},{\"@type\":\"BreadcrumbList\",\"@id\":\"https:\\\/\\\/www.gleichcom.samuraidev.ch\\\/fr\\\/shop\\\/schallschlauch-meterware-2-x-3-4-mm-transparent-l-fuer-hoergeraete\\\/#breadcrumb\",\"itemListElement\":[{\"@type\":\"ListItem\",\"position\":1,\"name\":\"Startseite\",\"item\":\"https:\\\/\\\/www.gleichcom.samuraidev.ch\\\/fr\\\/\"},{\"@type\":\"ListItem\",\"position\":2,\"name\":\"Shop\",\"item\":\"https:\\\/\\\/www.gleichcom.samuraidev.ch\\\/fr\\\/shop\\\/\"},{\"@type\":\"ListItem\",\"position\":3,\"name\":\"Tube sonore au m\u00e8tre 2 x 3,4 mm transparent L pour les appareils auditifs\"}]},{\"@type\":\"WebSite\",\"@id\":\"https:\\\/\\\/www.gleichcom.samuraidev.ch\\\/fr\\\/#website\",\"url\":\"https:\\\/\\\/www.gleichcom.samuraidev.ch\\\/fr\\\/\",\"name\":\"Gleichcom AG\",\"description\":\"besser h\u00f6ren. besser sehen. besser leben.\",\"publisher\":{\"@id\":\"https:\\\/\\\/www.gleichcom.samuraidev.ch\\\/fr\\\/#organization\"},\"alternateName\":\"Gleichcom\",\"potentialAction\":[{\"@type\":\"SearchAction\",\"target\":{\"@type\":\"EntryPoint\",\"urlTemplate\":\"https:\\\/\\\/www.gleichcom.samuraidev.ch\\\/fr\\\/?s={search_term_string}\"},\"query-input\":{\"@type\":\"PropertyValueSpecification\",\"valueRequired\":true,\"valueName\":\"search_term_string\"}}],\"inLanguage\":\"fr-FR\"},{\"@type\":\"Organization\",\"@id\":\"https:\\\/\\\/www.gleichcom.samuraidev.ch\\\/fr\\\/#organization\",\"name\":\"Gleichcom AG\",\"alternateName\":\"Gleichcom\",\"url\":\"https:\\\/\\\/www.gleichcom.samuraidev.ch\\\/fr\\\/\",\"logo\":{\"@type\":\"ImageObject\",\"inLanguage\":\"fr-FR\",\"@id\":\"https:\\\/\\\/www.gleichcom.samuraidev.ch\\\/fr\\\/#\\\/schema\\\/logo\\\/image\\\/\",\"url\":\"https:\\\/\\\/www.gleichcom.samuraidev.ch\\\/wp-content\\\/uploads\\\/2023\\\/09\\\/gleichcom-ag-logo-quadrat-farbig-mitte@696.png\",\"contentUrl\":\"https:\\\/\\\/www.gleichcom.samuraidev.ch\\\/wp-content\\\/uploads\\\/2023\\\/09\\\/gleichcom-ag-logo-quadrat-farbig-mitte@696.png\",\"width\":437,\"height\":437,\"caption\":\"Gleichcom AG\"},\"image\":{\"@id\":\"https:\\\/\\\/www.gleichcom.samuraidev.ch\\\/fr\\\/#\\\/schema\\\/logo\\\/image\\\/\"},\"sameAs\":[\"https:\\\/\\\/www.facebook.com\\\/profile.php?id=100068749126981\"]}]}<\/script>\n<!-- \/ Yoast SEO plugin. -->","yoast_head_json":{"title":"Tube sonore au m\u00e8tre 2 x 3,4 mm transparent L pour les appareils auditifs im Onlineshop | Gleichcom AG","description":"\u2705 Un tube sonore de qualit\u00e9 pour se couper et se changer  Les frais d'exp\u00e9dition sont inclus","robots":{"index":"noindex","follow":"follow","max-snippet":"max-snippet:-1","max-image-preview":"max-image-preview:large","max-video-preview":"max-video-preview:-1"},"og_locale":"fr_FR","og_type":"article","og_title":"Tube sonore au m\u00e8tre 2 x 3,4 mm transparent L pour les appareils auditifs im Onlineshop | Gleichcom AG","og_description":"\u2705 Un tube sonore de qualit\u00e9 pour se couper et se changer  Les frais d'exp\u00e9dition sont inclus","og_url":"https:\/\/www.gleichcom.samuraidev.ch\/fr\/shop\/schallschlauch-meterware-2-x-3-4-mm-transparent-l-fuer-hoergeraete\/","og_site_name":"Gleichcom AG","article_publisher":"https:\/\/www.facebook.com\/profile.php?id=100068749126981","og_image":[{"width":500,"height":455,"url":"https:\/\/www.gleichcom.samuraidev.ch\/wp-content\/uploads\/2023\/09\/Schallschlauch_2_3572_0_3573_0_3582_0.jpg","type":"image\/jpeg"}],"twitter_card":"summary_large_image","schema":{"@context":"https:\/\/schema.org","@graph":[{"@type":"WebPage","@id":"https:\/\/www.gleichcom.samuraidev.ch\/fr\/shop\/schallschlauch-meterware-2-x-3-4-mm-transparent-l-fuer-hoergeraete\/","url":"https:\/\/www.gleichcom.samuraidev.ch\/fr\/shop\/schallschlauch-meterware-2-x-3-4-mm-transparent-l-fuer-hoergeraete\/","name":"Tube sonore au m\u00e8tre 2 x 3,4 mm transparent L pour les appareils auditifs im Onlineshop | Gleichcom AG","isPartOf":{"@id":"https:\/\/www.gleichcom.samuraidev.ch\/fr\/#website"},"primaryImageOfPage":{"@id":"https:\/\/www.gleichcom.samuraidev.ch\/fr\/shop\/schallschlauch-meterware-2-x-3-4-mm-transparent-l-fuer-hoergeraete\/#primaryimage"},"image":{"@id":"https:\/\/www.gleichcom.samuraidev.ch\/fr\/shop\/schallschlauch-meterware-2-x-3-4-mm-transparent-l-fuer-hoergeraete\/#primaryimage"},"thumbnailUrl":"https:\/\/www.gleichcom.samuraidev.ch\/wp-content\/uploads\/2023\/09\/Schallschlauch_2_3572_0_3573_0_3582_0.jpg","datePublished":"2020-05-23T17:12:51+00:00","description":"\u2705 Un tube sonore de qualit\u00e9 pour se couper et se changer Les frais d'exp\u00e9dition sont inclus","breadcrumb":{"@id":"https:\/\/www.gleichcom.samuraidev.ch\/fr\/shop\/schallschlauch-meterware-2-x-3-4-mm-transparent-l-fuer-hoergeraete\/#breadcrumb"},"inLanguage":"fr-FR","potentialAction":[{"@type":"ReadAction","target":["https:\/\/www.gleichcom.samuraidev.ch\/fr\/shop\/schallschlauch-meterware-2-x-3-4-mm-transparent-l-fuer-hoergeraete\/"]}]},{"@type":"ImageObject","inLanguage":"fr-FR","@id":"https:\/\/www.gleichcom.samuraidev.ch\/fr\/shop\/schallschlauch-meterware-2-x-3-4-mm-transparent-l-fuer-hoergeraete\/#primaryimage","url":"https:\/\/www.gleichcom.samuraidev.ch\/wp-content\/uploads\/2023\/09\/Schallschlauch_2_3572_0_3573_0_3582_0.jpg","contentUrl":"https:\/\/www.gleichcom.samuraidev.ch\/wp-content\/uploads\/2023\/09\/Schallschlauch_2_3572_0_3573_0_3582_0.jpg","width":500,"height":455},{"@type":"BreadcrumbList","@id":"https:\/\/www.gleichcom.samuraidev.ch\/fr\/shop\/schallschlauch-meterware-2-x-3-4-mm-transparent-l-fuer-hoergeraete\/#breadcrumb","itemListElement":[{"@type":"ListItem","position":1,"name":"Startseite","item":"https:\/\/www.gleichcom.samuraidev.ch\/fr\/"},{"@type":"ListItem","position":2,"name":"Shop","item":"https:\/\/www.gleichcom.samuraidev.ch\/fr\/shop\/"},{"@type":"ListItem","position":3,"name":"Tube sonore au m\u00e8tre 2 x 3,4 mm transparent L pour les appareils auditifs"}]},{"@type":"WebSite","@id":"https:\/\/www.gleichcom.samuraidev.ch\/fr\/#website","url":"https:\/\/www.gleichcom.samuraidev.ch\/fr\/","name":"Gleichcom AG","description":"besser h\u00f6ren. besser sehen. besser leben.","publisher":{"@id":"https:\/\/www.gleichcom.samuraidev.ch\/fr\/#organization"},"alternateName":"Gleichcom","potentialAction":[{"@type":"SearchAction","target":{"@type":"EntryPoint","urlTemplate":"https:\/\/www.gleichcom.samuraidev.ch\/fr\/?s={search_term_string}"},"query-input":{"@type":"PropertyValueSpecification","valueRequired":true,"valueName":"search_term_string"}}],"inLanguage":"fr-FR"},{"@type":"Organization","@id":"https:\/\/www.gleichcom.samuraidev.ch\/fr\/#organization","name":"Gleichcom AG","alternateName":"Gleichcom","url":"https:\/\/www.gleichcom.samuraidev.ch\/fr\/","logo":{"@type":"ImageObject","inLanguage":"fr-FR","@id":"https:\/\/www.gleichcom.samuraidev.ch\/fr\/#\/schema\/logo\/image\/","url":"https:\/\/www.gleichcom.samuraidev.ch\/wp-content\/uploads\/2023\/09\/gleichcom-ag-logo-quadrat-farbig-mitte@696.png","contentUrl":"https:\/\/www.gleichcom.samuraidev.ch\/wp-content\/uploads\/2023\/09\/gleichcom-ag-logo-quadrat-farbig-mitte@696.png","width":437,"height":437,"caption":"Gleichcom AG"},"image":{"@id":"https:\/\/www.gleichcom.samuraidev.ch\/fr\/#\/schema\/logo\/image\/"},"sameAs":["https:\/\/www.facebook.com\/profile.php?id=100068749126981"]}]}},"uagb_featured_image_src":{"full":["https:\/\/www.gleichcom.samuraidev.ch\/wp-content\/uploads\/2023\/09\/Schallschlauch_2_3572_0_3573_0_3582_0.jpg",500,455,false],"thumbnail":["https:\/\/www.gleichcom.samuraidev.ch\/wp-content\/uploads\/2023\/09\/Schallschlauch_2_3572_0_3573_0_3582_0.jpg",150,137,false],"medium":["https:\/\/www.gleichcom.samuraidev.ch\/wp-content\/uploads\/2023\/09\/Schallschlauch_2_3572_0_3573_0_3582_0.jpg",300,273,false],"medium_large":["https:\/\/www.gleichcom.samuraidev.ch\/wp-content\/uploads\/2023\/09\/Schallschlauch_2_3572_0_3573_0_3582_0.jpg",500,455,false],"large":["https:\/\/www.gleichcom.samuraidev.ch\/wp-content\/uploads\/2023\/09\/Schallschlauch_2_3572_0_3573_0_3582_0.jpg",500,455,false],"1536x1536":["https:\/\/www.gleichcom.samuraidev.ch\/wp-content\/uploads\/2023\/09\/Schallschlauch_2_3572_0_3573_0_3582_0.jpg",500,455,false],"2048x2048":["https:\/\/www.gleichcom.samuraidev.ch\/wp-content\/uploads\/2023\/09\/Schallschlauch_2_3572_0_3573_0_3582_0.jpg",500,455,false],"woocommerce_thumbnail":["https:\/\/www.gleichcom.samuraidev.ch\/wp-content\/uploads\/2023\/09\/Schallschlauch_2_3572_0_3573_0_3582_0.jpg",300,273,false],"woocommerce_single":["https:\/\/www.gleichcom.samuraidev.ch\/wp-content\/uploads\/2023\/09\/Schallschlauch_2_3572_0_3573_0_3582_0.jpg",500,455,false],"woocommerce_gallery_thumbnail":["https:\/\/www.gleichcom.samuraidev.ch\/wp-content\/uploads\/2023\/09\/Schallschlauch_2_3572_0_3573_0_3582_0-100x100.jpg",100,100,true]},"uagb_author_info":{"display_name":"","author_link":"https:\/\/www.gleichcom.samuraidev.ch\/fr\/author\/"},"uagb_comment_info":0,"uagb_excerpt":"Un tube sonore de qualit\u00e9 pour se couper et se changer Les frais d'exp\u00e9dition sont inclus","_links":{"self":[{"href":"https:\/\/www.gleichcom.samuraidev.ch\/fr\/wp-json\/wp\/v2\/product\/14583","targetHints":{"allow":["GET"]}}],"collection":[{"href":"https:\/\/www.gleichcom.samuraidev.ch\/fr\/wp-json\/wp\/v2\/product"}],"about":[{"href":"https:\/\/www.gleichcom.samuraidev.ch\/fr\/wp-json\/wp\/v2\/types\/product"}],"wp:featuredmedia":[{"embeddable":true,"href":"https:\/\/www.gleichcom.samuraidev.ch\/fr\/wp-json\/wp\/v2\/media\/14575"}],"wp:attachment":[{"href":"https:\/\/www.gleichcom.samuraidev.ch\/fr\/wp-json\/wp\/v2\/media?parent=14583"}],"wp:term":[{"taxonomy":"product_brand","embeddable":true,"href":"https:\/\/www.gleichcom.samuraidev.ch\/fr\/wp-json\/wp\/v2\/product_brand?post=14583"},{"taxonomy":"product_cat","embeddable":true,"href":"https:\/\/www.gleichcom.samuraidev.ch\/fr\/wp-json\/wp\/v2\/product_cat?post=14583"},{"taxonomy":"product_tag","embeddable":true,"href":"https:\/\/www.gleichcom.samuraidev.ch\/fr\/wp-json\/wp\/v2\/product_tag?post=14583"}],"curies":[{"name":"wp","href":"https:\/\/api.w.org\/{rel}","templated":true}]}}