{"id":15156,"date":"2020-11-13T14:03:58","date_gmt":"2020-11-13T13:03:58","guid":{"rendered":"https:\/\/www.gleichcom.samuraidev.ch\/?product=medel-samba-2-go-externer-streamer-hoerhilfe"},"modified":"1000-01-01T00:00:00","modified_gmt":"1000-01-01T00:00:00","slug":"medel-samba-2-go-externer-streamer-hoerhilfe","status":"publish","type":"product","link":"https:\/\/www.gleichcom.samuraidev.ch\/fr\/shop\/medel-samba-2-go-externer-streamer-hoerhilfe\/","title":{"rendered":"Medel Aide auditive \u00e0 streamer externe Samba 2 GO"},"content":{"rendered":"<div>\n<div id=\"tw-target\">\n<div id=\"kAz1tf\">\n<div id=\"tw-target-text-container\" tabindex=\"0\">\n<pre data-placeholder=\"\u00dcbersetzung\" dir=\"ltr\" id=\"tw-target-text\">\r\n<span style=\"font-family:arial,helvetica,sans-serif;\"><strong>SAMBA 2 GO connecte votre SAMBA 2 \u00e0 votre smartphone.<\/strong> \r\nCette aide auditive externe en option peut transmettre la parole et la musique de votre t\u00e9l\u00e9phone portable, t\u00e9l\u00e9viseur, tablette et de nombreux autres appareils \u00e0 votre SAMBA 2. Avec SAMBA 2 GO, les appels t\u00e9l\u00e9phoniques peuvent \u00eatre pass\u00e9s \u00e0 l'aide de la fonction mains libres. Ce que dit votre interlocuteur va droit \u00e0 votre oreille.\r\n\r\n    Passer des appels mains libres\r\n    \u00e9couter de la musique\r\n    Connectez-vous aux microphones et aux syst\u00e8mes FM\r\n\r\n\r\nContenu de la livraison:\r\n1x Med el Samba 2 GO\r\n\r\n\r\nConseils disponibles chez nous. <\/span><\/pre>\n<pre data-placeholder=\"\u00dcbersetzung\" dir=\"ltr\" id=\"tw-target-text\">\r\n<span style=\"font-family:arial,helvetica,sans-serif;\">Vous pouvez \u00e9galement nous contacter pour le financement du lieu de travail<\/span><\/pre>\n<pre data-placeholder=\"\u00dcbersetzung\" dir=\"ltr\">\r\n <span style=\"font-family:arial,helvetica,sans-serif;\">\r\n <\/span><img decoding=\"async\" alt=\"SAMBA 2 GO - \u00dcbersicht\" class=\"img-responsive center-block\" data-displaymode=\"Original\" src=\"https:\/\/www.gleichcom.samuraidev.ch\/wp-content\/uploads\/content\/template_images_samba2gosa2_qg_v006_bm_samba_2_go.jpg\" title=\"SAMBA 2 GO - \u00dcbersicht\" \/><span style=\"font-family:arial,helvetica,sans-serif;\">\r\nSAMBA 2 GO - pr\u00e9sentation\r\n1 connecteur pour appareils audio\r\n2 Connexion pour r\u00e9cepteur FM\r\n3 bouton de r\u00e9initialisation\r\n4 ports USB\r\n5 t\u00e9l\u00e9-boucle\r\n6 bouton multifonction\r\n7 ouvertures de microphone\r\n8 boutons de volume\r\nAffichage d'\u00e9tat \u00e0 9 LED (bleu, vert, orange)<\/span><\/pre>\n<\/p><\/div>\n<div id=\"tw-target-rmn-container\">\n<pre data-placeholder=\"\" dir=\"ltr\" id=\"tw-target-rmn\">\r\n\r\n\u00a0<\/pre>\n<\/p><\/div>\n<\/p><\/div>\n<\/p><\/div>\n<\/div>\n","protected":false},"excerpt":{"rendered":"<p>SAMBA 2 GO connecte votre SAMBA 2 \u00e0 votre smartphone. Cette aide auditive externe en option peut transmettre la parole et la musique de votre t\u00e9l\u00e9phone portable, t\u00e9l\u00e9viseur, tablette et de nombreux autres appareils \u00e0 votre SAMBA 2. Avec SAMBA 2 GO, les appels t\u00e9l\u00e9phoniques peuvent \u00eatre pass\u00e9s \u00e0 l&rsquo;aide de la fonction mains libres. Ce que dit votre interlocuteur va droit \u00e0 votre oreille.<\/p>\n<p>\u00a0<\/p>\n","protected":false},"featured_media":15145,"template":"","meta":{"inline_featured_image":false,"_uag_custom_page_level_css":"","site-sidebar-layout":"default","site-content-layout":"","ast-site-content-layout":"default","site-content-style":"default","site-sidebar-style":"default","ast-global-header-display":"","ast-banner-title-visibility":"","ast-main-header-display":"","ast-hfb-above-header-display":"","ast-hfb-below-header-display":"","ast-hfb-mobile-header-display":"","site-post-title":"","ast-breadcrumbs-content":"","ast-featured-img":"","footer-sml-layout":"","ast-disable-related-posts":"","theme-transparent-header-meta":"","adv-header-id-meta":"","stick-header-meta":"","header-above-stick-meta":"","header-main-stick-meta":"","header-below-stick-meta":"","astra-migrate-meta-layouts":"default","ast-page-background-enabled":"default","ast-page-background-meta":{"desktop":{"background-color":"","background-image":"","background-repeat":"repeat","background-position":"center center","background-size":"auto","background-attachment":"scroll","background-type":"","background-media":"","overlay-type":"","overlay-color":"","overlay-opacity":"","overlay-gradient":""},"tablet":{"background-color":"","background-image":"","background-repeat":"repeat","background-position":"center center","background-size":"auto","background-attachment":"scroll","background-type":"","background-media":"","overlay-type":"","overlay-color":"","overlay-opacity":"","overlay-gradient":""},"mobile":{"background-color":"","background-image":"","background-repeat":"repeat","background-position":"center center","background-size":"auto","background-attachment":"scroll","background-type":"","background-media":"","overlay-type":"","overlay-color":"","overlay-opacity":"","overlay-gradient":""}},"ast-content-background-meta":{"desktop":{"background-color":"var(--ast-global-color-5)","background-image":"","background-repeat":"repeat","background-position":"center center","background-size":"auto","background-attachment":"scroll","background-type":"","background-media":"","overlay-type":"","overlay-color":"","overlay-opacity":"","overlay-gradient":""},"tablet":{"background-color":"var(--ast-global-color-5)","background-image":"","background-repeat":"repeat","background-position":"center center","background-size":"auto","background-attachment":"scroll","background-type":"","background-media":"","overlay-type":"","overlay-color":"","overlay-opacity":"","overlay-gradient":""},"mobile":{"background-color":"var(--ast-global-color-5)","background-image":"","background-repeat":"repeat","background-position":"center center","background-size":"auto","background-attachment":"scroll","background-type":"","background-media":"","overlay-type":"","overlay-color":"","overlay-opacity":"","overlay-gradient":""}}},"product_brand":[],"product_cat":[2884],"product_tag":[],"class_list":{"0":"post-15156","1":"product","2":"type-product","3":"status-publish","4":"has-post-thumbnail","6":"product_cat-medel-fr","7":"desktop-align-center","8":"tablet-align-center","9":"mobile-align-center","10":"ast-product-gallery-layout-horizontal-slider","11":"ast-product-tabs-layout-accordion","13":"first","14":"instock","15":"taxable","16":"shipping-taxable","17":"purchasable","18":"product-type-simple"},"yoast_head":"<!-- This site is optimized with the Yoast SEO plugin v27.5 - https:\/\/yoast.com\/product\/yoast-seo-wordpress\/ -->\n<title>Medel Aide auditive \u00e0 streamer externe Samba 2 GO im Onlineshop | Gleichcom AG<\/title>\n<meta name=\"description\" content=\"\u2705 SAMBA 2 GO connecte votre SAMBA 2 \u00e0 votre smartphone. Cette aide auditive externe en option peut transmettre la parole et la musique de votre t\u00e9l\u00e9phone portable, t\u00e9l\u00e9viseur, tablette et de nombreux autres appareils \u00e0 votre SAMBA 2. Avec SAMBA 2 GO, les appels t\u00e9l\u00e9phoniques peuvent \u00eatre pass\u00e9s \u00e0 l&#039;aide de la fonction mains libres. Ce que dit votre interlocuteur va droit \u00e0 votre oreille.       \u00a0\" \/>\n<meta name=\"robots\" content=\"noindex, follow, max-snippet:-1, max-image-preview:large, max-video-preview:-1\" \/>\n<meta property=\"og:locale\" content=\"fr_FR\" \/>\n<meta property=\"og:type\" content=\"article\" \/>\n<meta property=\"og:title\" content=\"Medel Aide auditive \u00e0 streamer externe Samba 2 GO im Onlineshop | Gleichcom AG\" \/>\n<meta property=\"og:description\" content=\"\u2705 SAMBA 2 GO connecte votre SAMBA 2 \u00e0 votre smartphone. Cette aide auditive externe en option peut transmettre la parole et la musique de votre t\u00e9l\u00e9phone portable, t\u00e9l\u00e9viseur, tablette et de nombreux autres appareils \u00e0 votre SAMBA 2. Avec SAMBA 2 GO, les appels t\u00e9l\u00e9phoniques peuvent \u00eatre pass\u00e9s \u00e0 l&#039;aide de la fonction mains libres. Ce que dit votre interlocuteur va droit \u00e0 votre oreille.       \u00a0\" \/>\n<meta property=\"og:url\" content=\"https:\/\/www.gleichcom.samuraidev.ch\/fr\/shop\/medel-samba-2-go-externer-streamer-hoerhilfe\/\" \/>\n<meta property=\"og:site_name\" content=\"Gleichcom AG\" \/>\n<meta property=\"article:publisher\" content=\"https:\/\/www.facebook.com\/profile.php?id=100068749126981\" \/>\n<meta property=\"og:image\" content=\"https:\/\/www.gleichcom.samuraidev.ch\/wp-content\/uploads\/2023\/09\/52507_samba_to_go.jpg\" \/>\n\t<meta property=\"og:image:width\" content=\"495\" \/>\n\t<meta property=\"og:image:height\" content=\"500\" \/>\n\t<meta property=\"og:image:type\" content=\"image\/jpeg\" \/>\n<meta name=\"twitter:card\" content=\"summary_large_image\" \/>\n<script type=\"application\/ld+json\" class=\"yoast-schema-graph\">{\"@context\":\"https:\\\/\\\/schema.org\",\"@graph\":[{\"@type\":\"WebPage\",\"@id\":\"https:\\\/\\\/www.gleichcom.samuraidev.ch\\\/fr\\\/shop\\\/medel-samba-2-go-externer-streamer-hoerhilfe\\\/\",\"url\":\"https:\\\/\\\/www.gleichcom.samuraidev.ch\\\/fr\\\/shop\\\/medel-samba-2-go-externer-streamer-hoerhilfe\\\/\",\"name\":\"Medel Aide auditive \u00e0 streamer externe Samba 2 GO im Onlineshop | Gleichcom AG\",\"isPartOf\":{\"@id\":\"https:\\\/\\\/www.gleichcom.samuraidev.ch\\\/fr\\\/#website\"},\"primaryImageOfPage\":{\"@id\":\"https:\\\/\\\/www.gleichcom.samuraidev.ch\\\/fr\\\/shop\\\/medel-samba-2-go-externer-streamer-hoerhilfe\\\/#primaryimage\"},\"image\":{\"@id\":\"https:\\\/\\\/www.gleichcom.samuraidev.ch\\\/fr\\\/shop\\\/medel-samba-2-go-externer-streamer-hoerhilfe\\\/#primaryimage\"},\"thumbnailUrl\":\"https:\\\/\\\/www.gleichcom.samuraidev.ch\\\/wp-content\\\/uploads\\\/2023\\\/09\\\/52507_samba_to_go.jpg\",\"datePublished\":\"2020-11-13T13:03:58+00:00\",\"description\":\"\u2705 SAMBA 2 GO connecte votre SAMBA 2 \u00e0 votre smartphone. Cette aide auditive externe en option peut transmettre la parole et la musique de votre t\u00e9l\u00e9phone portable, t\u00e9l\u00e9viseur, tablette et de nombreux autres appareils \u00e0 votre SAMBA 2. Avec SAMBA 2 GO, les appels t\u00e9l\u00e9phoniques peuvent \u00eatre pass\u00e9s \u00e0 l'aide de la fonction mains libres. Ce que dit votre interlocuteur va droit \u00e0 votre oreille. \u00a0\",\"breadcrumb\":{\"@id\":\"https:\\\/\\\/www.gleichcom.samuraidev.ch\\\/fr\\\/shop\\\/medel-samba-2-go-externer-streamer-hoerhilfe\\\/#breadcrumb\"},\"inLanguage\":\"fr-FR\",\"potentialAction\":[{\"@type\":\"ReadAction\",\"target\":[\"https:\\\/\\\/www.gleichcom.samuraidev.ch\\\/fr\\\/shop\\\/medel-samba-2-go-externer-streamer-hoerhilfe\\\/\"]}]},{\"@type\":\"ImageObject\",\"inLanguage\":\"fr-FR\",\"@id\":\"https:\\\/\\\/www.gleichcom.samuraidev.ch\\\/fr\\\/shop\\\/medel-samba-2-go-externer-streamer-hoerhilfe\\\/#primaryimage\",\"url\":\"https:\\\/\\\/www.gleichcom.samuraidev.ch\\\/wp-content\\\/uploads\\\/2023\\\/09\\\/52507_samba_to_go.jpg\",\"contentUrl\":\"https:\\\/\\\/www.gleichcom.samuraidev.ch\\\/wp-content\\\/uploads\\\/2023\\\/09\\\/52507_samba_to_go.jpg\",\"width\":495,\"height\":500},{\"@type\":\"BreadcrumbList\",\"@id\":\"https:\\\/\\\/www.gleichcom.samuraidev.ch\\\/fr\\\/shop\\\/medel-samba-2-go-externer-streamer-hoerhilfe\\\/#breadcrumb\",\"itemListElement\":[{\"@type\":\"ListItem\",\"position\":1,\"name\":\"Startseite\",\"item\":\"https:\\\/\\\/www.gleichcom.samuraidev.ch\\\/fr\\\/\"},{\"@type\":\"ListItem\",\"position\":2,\"name\":\"Shop\",\"item\":\"https:\\\/\\\/www.gleichcom.samuraidev.ch\\\/fr\\\/shop\\\/\"},{\"@type\":\"ListItem\",\"position\":3,\"name\":\"Medel Aide auditive \u00e0 streamer externe Samba 2 GO\"}]},{\"@type\":\"WebSite\",\"@id\":\"https:\\\/\\\/www.gleichcom.samuraidev.ch\\\/fr\\\/#website\",\"url\":\"https:\\\/\\\/www.gleichcom.samuraidev.ch\\\/fr\\\/\",\"name\":\"Gleichcom AG\",\"description\":\"besser h\u00f6ren. besser sehen. besser leben.\",\"publisher\":{\"@id\":\"https:\\\/\\\/www.gleichcom.samuraidev.ch\\\/fr\\\/#organization\"},\"alternateName\":\"Gleichcom\",\"potentialAction\":[{\"@type\":\"SearchAction\",\"target\":{\"@type\":\"EntryPoint\",\"urlTemplate\":\"https:\\\/\\\/www.gleichcom.samuraidev.ch\\\/fr\\\/?s={search_term_string}\"},\"query-input\":{\"@type\":\"PropertyValueSpecification\",\"valueRequired\":true,\"valueName\":\"search_term_string\"}}],\"inLanguage\":\"fr-FR\"},{\"@type\":\"Organization\",\"@id\":\"https:\\\/\\\/www.gleichcom.samuraidev.ch\\\/fr\\\/#organization\",\"name\":\"Gleichcom AG\",\"alternateName\":\"Gleichcom\",\"url\":\"https:\\\/\\\/www.gleichcom.samuraidev.ch\\\/fr\\\/\",\"logo\":{\"@type\":\"ImageObject\",\"inLanguage\":\"fr-FR\",\"@id\":\"https:\\\/\\\/www.gleichcom.samuraidev.ch\\\/fr\\\/#\\\/schema\\\/logo\\\/image\\\/\",\"url\":\"https:\\\/\\\/www.gleichcom.samuraidev.ch\\\/wp-content\\\/uploads\\\/2023\\\/09\\\/gleichcom-ag-logo-quadrat-farbig-mitte@696.png\",\"contentUrl\":\"https:\\\/\\\/www.gleichcom.samuraidev.ch\\\/wp-content\\\/uploads\\\/2023\\\/09\\\/gleichcom-ag-logo-quadrat-farbig-mitte@696.png\",\"width\":437,\"height\":437,\"caption\":\"Gleichcom AG\"},\"image\":{\"@id\":\"https:\\\/\\\/www.gleichcom.samuraidev.ch\\\/fr\\\/#\\\/schema\\\/logo\\\/image\\\/\"},\"sameAs\":[\"https:\\\/\\\/www.facebook.com\\\/profile.php?id=100068749126981\"]}]}<\/script>\n<!-- \/ Yoast SEO plugin. -->","yoast_head_json":{"title":"Medel Aide auditive \u00e0 streamer externe Samba 2 GO im Onlineshop | Gleichcom AG","description":"\u2705 SAMBA 2 GO connecte votre SAMBA 2 \u00e0 votre smartphone. Cette aide auditive externe en option peut transmettre la parole et la musique de votre t\u00e9l\u00e9phone portable, t\u00e9l\u00e9viseur, tablette et de nombreux autres appareils \u00e0 votre SAMBA 2. Avec SAMBA 2 GO, les appels t\u00e9l\u00e9phoniques peuvent \u00eatre pass\u00e9s \u00e0 l'aide de la fonction mains libres. Ce que dit votre interlocuteur va droit \u00e0 votre oreille.       \u00a0","robots":{"index":"noindex","follow":"follow","max-snippet":"max-snippet:-1","max-image-preview":"max-image-preview:large","max-video-preview":"max-video-preview:-1"},"og_locale":"fr_FR","og_type":"article","og_title":"Medel Aide auditive \u00e0 streamer externe Samba 2 GO im Onlineshop | Gleichcom AG","og_description":"\u2705 SAMBA 2 GO connecte votre SAMBA 2 \u00e0 votre smartphone. Cette aide auditive externe en option peut transmettre la parole et la musique de votre t\u00e9l\u00e9phone portable, t\u00e9l\u00e9viseur, tablette et de nombreux autres appareils \u00e0 votre SAMBA 2. Avec SAMBA 2 GO, les appels t\u00e9l\u00e9phoniques peuvent \u00eatre pass\u00e9s \u00e0 l'aide de la fonction mains libres. Ce que dit votre interlocuteur va droit \u00e0 votre oreille.       \u00a0","og_url":"https:\/\/www.gleichcom.samuraidev.ch\/fr\/shop\/medel-samba-2-go-externer-streamer-hoerhilfe\/","og_site_name":"Gleichcom AG","article_publisher":"https:\/\/www.facebook.com\/profile.php?id=100068749126981","og_image":[{"width":495,"height":500,"url":"https:\/\/www.gleichcom.samuraidev.ch\/wp-content\/uploads\/2023\/09\/52507_samba_to_go.jpg","type":"image\/jpeg"}],"twitter_card":"summary_large_image","schema":{"@context":"https:\/\/schema.org","@graph":[{"@type":"WebPage","@id":"https:\/\/www.gleichcom.samuraidev.ch\/fr\/shop\/medel-samba-2-go-externer-streamer-hoerhilfe\/","url":"https:\/\/www.gleichcom.samuraidev.ch\/fr\/shop\/medel-samba-2-go-externer-streamer-hoerhilfe\/","name":"Medel Aide auditive \u00e0 streamer externe Samba 2 GO im Onlineshop | Gleichcom AG","isPartOf":{"@id":"https:\/\/www.gleichcom.samuraidev.ch\/fr\/#website"},"primaryImageOfPage":{"@id":"https:\/\/www.gleichcom.samuraidev.ch\/fr\/shop\/medel-samba-2-go-externer-streamer-hoerhilfe\/#primaryimage"},"image":{"@id":"https:\/\/www.gleichcom.samuraidev.ch\/fr\/shop\/medel-samba-2-go-externer-streamer-hoerhilfe\/#primaryimage"},"thumbnailUrl":"https:\/\/www.gleichcom.samuraidev.ch\/wp-content\/uploads\/2023\/09\/52507_samba_to_go.jpg","datePublished":"2020-11-13T13:03:58+00:00","description":"\u2705 SAMBA 2 GO connecte votre SAMBA 2 \u00e0 votre smartphone. Cette aide auditive externe en option peut transmettre la parole et la musique de votre t\u00e9l\u00e9phone portable, t\u00e9l\u00e9viseur, tablette et de nombreux autres appareils \u00e0 votre SAMBA 2. Avec SAMBA 2 GO, les appels t\u00e9l\u00e9phoniques peuvent \u00eatre pass\u00e9s \u00e0 l'aide de la fonction mains libres. Ce que dit votre interlocuteur va droit \u00e0 votre oreille. \u00a0","breadcrumb":{"@id":"https:\/\/www.gleichcom.samuraidev.ch\/fr\/shop\/medel-samba-2-go-externer-streamer-hoerhilfe\/#breadcrumb"},"inLanguage":"fr-FR","potentialAction":[{"@type":"ReadAction","target":["https:\/\/www.gleichcom.samuraidev.ch\/fr\/shop\/medel-samba-2-go-externer-streamer-hoerhilfe\/"]}]},{"@type":"ImageObject","inLanguage":"fr-FR","@id":"https:\/\/www.gleichcom.samuraidev.ch\/fr\/shop\/medel-samba-2-go-externer-streamer-hoerhilfe\/#primaryimage","url":"https:\/\/www.gleichcom.samuraidev.ch\/wp-content\/uploads\/2023\/09\/52507_samba_to_go.jpg","contentUrl":"https:\/\/www.gleichcom.samuraidev.ch\/wp-content\/uploads\/2023\/09\/52507_samba_to_go.jpg","width":495,"height":500},{"@type":"BreadcrumbList","@id":"https:\/\/www.gleichcom.samuraidev.ch\/fr\/shop\/medel-samba-2-go-externer-streamer-hoerhilfe\/#breadcrumb","itemListElement":[{"@type":"ListItem","position":1,"name":"Startseite","item":"https:\/\/www.gleichcom.samuraidev.ch\/fr\/"},{"@type":"ListItem","position":2,"name":"Shop","item":"https:\/\/www.gleichcom.samuraidev.ch\/fr\/shop\/"},{"@type":"ListItem","position":3,"name":"Medel Aide auditive \u00e0 streamer externe Samba 2 GO"}]},{"@type":"WebSite","@id":"https:\/\/www.gleichcom.samuraidev.ch\/fr\/#website","url":"https:\/\/www.gleichcom.samuraidev.ch\/fr\/","name":"Gleichcom AG","description":"besser h\u00f6ren. besser sehen. besser leben.","publisher":{"@id":"https:\/\/www.gleichcom.samuraidev.ch\/fr\/#organization"},"alternateName":"Gleichcom","potentialAction":[{"@type":"SearchAction","target":{"@type":"EntryPoint","urlTemplate":"https:\/\/www.gleichcom.samuraidev.ch\/fr\/?s={search_term_string}"},"query-input":{"@type":"PropertyValueSpecification","valueRequired":true,"valueName":"search_term_string"}}],"inLanguage":"fr-FR"},{"@type":"Organization","@id":"https:\/\/www.gleichcom.samuraidev.ch\/fr\/#organization","name":"Gleichcom AG","alternateName":"Gleichcom","url":"https:\/\/www.gleichcom.samuraidev.ch\/fr\/","logo":{"@type":"ImageObject","inLanguage":"fr-FR","@id":"https:\/\/www.gleichcom.samuraidev.ch\/fr\/#\/schema\/logo\/image\/","url":"https:\/\/www.gleichcom.samuraidev.ch\/wp-content\/uploads\/2023\/09\/gleichcom-ag-logo-quadrat-farbig-mitte@696.png","contentUrl":"https:\/\/www.gleichcom.samuraidev.ch\/wp-content\/uploads\/2023\/09\/gleichcom-ag-logo-quadrat-farbig-mitte@696.png","width":437,"height":437,"caption":"Gleichcom AG"},"image":{"@id":"https:\/\/www.gleichcom.samuraidev.ch\/fr\/#\/schema\/logo\/image\/"},"sameAs":["https:\/\/www.facebook.com\/profile.php?id=100068749126981"]}]}},"uagb_featured_image_src":{"full":["https:\/\/www.gleichcom.samuraidev.ch\/wp-content\/uploads\/2023\/09\/52507_samba_to_go.jpg",495,500,false],"thumbnail":["https:\/\/www.gleichcom.samuraidev.ch\/wp-content\/uploads\/2023\/09\/52507_samba_to_go.jpg",150,150,false],"medium":["https:\/\/www.gleichcom.samuraidev.ch\/wp-content\/uploads\/2023\/09\/52507_samba_to_go.jpg",297,300,false],"medium_large":["https:\/\/www.gleichcom.samuraidev.ch\/wp-content\/uploads\/2023\/09\/52507_samba_to_go.jpg",495,500,false],"large":["https:\/\/www.gleichcom.samuraidev.ch\/wp-content\/uploads\/2023\/09\/52507_samba_to_go.jpg",495,500,false],"1536x1536":["https:\/\/www.gleichcom.samuraidev.ch\/wp-content\/uploads\/2023\/09\/52507_samba_to_go.jpg",495,500,false],"2048x2048":["https:\/\/www.gleichcom.samuraidev.ch\/wp-content\/uploads\/2023\/09\/52507_samba_to_go.jpg",495,500,false],"woocommerce_thumbnail":["https:\/\/www.gleichcom.samuraidev.ch\/wp-content\/uploads\/2023\/09\/52507_samba_to_go.jpg",300,303,false],"woocommerce_single":["https:\/\/www.gleichcom.samuraidev.ch\/wp-content\/uploads\/2023\/09\/52507_samba_to_go.jpg",495,500,false],"woocommerce_gallery_thumbnail":["https:\/\/www.gleichcom.samuraidev.ch\/wp-content\/uploads\/2023\/09\/52507_samba_to_go.jpg",100,100,false]},"uagb_author_info":{"display_name":"","author_link":"https:\/\/www.gleichcom.samuraidev.ch\/fr\/author\/"},"uagb_comment_info":0,"uagb_excerpt":"SAMBA 2 GO connecte votre SAMBA 2 \u00e0 votre smartphone. Cette aide auditive externe en option peut transmettre la parole et la musique de votre t\u00e9l\u00e9phone portable, t\u00e9l\u00e9viseur, tablette et de nombreux autres appareils \u00e0 votre SAMBA 2. Avec SAMBA 2 GO, les appels t\u00e9l\u00e9phoniques peuvent \u00eatre pass\u00e9s \u00e0 l'aide de la fonction mains libres.\u2026","_links":{"self":[{"href":"https:\/\/www.gleichcom.samuraidev.ch\/fr\/wp-json\/wp\/v2\/product\/15156","targetHints":{"allow":["GET"]}}],"collection":[{"href":"https:\/\/www.gleichcom.samuraidev.ch\/fr\/wp-json\/wp\/v2\/product"}],"about":[{"href":"https:\/\/www.gleichcom.samuraidev.ch\/fr\/wp-json\/wp\/v2\/types\/product"}],"wp:featuredmedia":[{"embeddable":true,"href":"https:\/\/www.gleichcom.samuraidev.ch\/fr\/wp-json\/wp\/v2\/media\/15145"}],"wp:attachment":[{"href":"https:\/\/www.gleichcom.samuraidev.ch\/fr\/wp-json\/wp\/v2\/media?parent=15156"}],"wp:term":[{"taxonomy":"product_brand","embeddable":true,"href":"https:\/\/www.gleichcom.samuraidev.ch\/fr\/wp-json\/wp\/v2\/product_brand?post=15156"},{"taxonomy":"product_cat","embeddable":true,"href":"https:\/\/www.gleichcom.samuraidev.ch\/fr\/wp-json\/wp\/v2\/product_cat?post=15156"},{"taxonomy":"product_tag","embeddable":true,"href":"https:\/\/www.gleichcom.samuraidev.ch\/fr\/wp-json\/wp\/v2\/product_tag?post=15156"}],"curies":[{"name":"wp","href":"https:\/\/api.w.org\/{rel}","templated":true}]}}