{"id":15158,"date":"2020-11-20T08:54:54","date_gmt":"2020-11-20T08:54:54","guid":{"rendered":"https:\/\/www.gleichcom.samuraidev.ch\/?product=marschall-solar-hybrid-sprechende-funkarmbanduhr-weiss-milanaise"},"modified":"2023-12-11T11:23:34","modified_gmt":"2023-12-11T10:23:34","slug":"marschall-solar-hybrid-sprechende-funkarmbanduhr-weiss-milanaise","status":"publish","type":"product","link":"https:\/\/www.gleichcom.samuraidev.ch\/fr\/shop\/marschall-solar-hybrid-sprechende-funkarmbanduhr-weiss-milanaise\/","title":{"rendered":"Marschall Solar-Hybrid sprechende Funkarmbanduhr Weiss Milanaise"},"content":{"rendered":"<p>\n\t<b>Mehr Unterst\u00fctzung durch Sprachausgaben-Funktion<\/b><br \/>\n\tBei sehbehinderten Menschen kann es sehr unterst\u00fctzend sein, eine Armbanduhr zu besitzen, welche die Uhrzeit und das Datum laut ausspricht. Dies ist mit den Funkarmbanduhren von Marschall m\u00f6glich! Eine angenehm weibliche Stimme spricht Ihnen nach Wunsch die Zeit (Beispiel: \u201eEs ist neun Uhr vierzehn\u201c) und das Datum (\u201eHeute ist Montag zweiter Juni\u201c) vor.\n<\/p>\n<p>\n\t<b>Modern und Batteriesparend<\/b><br \/>\n\tEine weitere tolle Funktion ergibt sich durch die Dual-Power Versorgung. Nicht nur eine Batterie betreibt die Armbanduhr, sondern auch ein Solarpanel. Durch nachtleuchtende Zeiger ist die Uhrzeit auch bei Dunkelheit gut zu entziffern. Des Weiteren k\u00f6nnen Sie die L\u00e4nge des Bandes selbst bestimmen und hochwertige Qualit\u00e4t genie\u00dfen.\n<\/p>\n<p>\n\t<b>Auf einen Blick<\/b>\n<\/p>\n<ul>\n<li>Solar-Hybrid Funkarmbanduhr<\/li>\n<li>Hochwertige Qualit\u00e4t<\/li>\n<li>Dual-Power Versorgung<\/li>\n<li>Solarpanel \u2013 batteriesparend<\/li>\n<li>Batterie unterhalb 500 Lux<\/li>\n<li>Weibliche Ansage der Uhrzeit und des Datums<\/li>\n<li>Automatischer Empfang des DCF Funksignals\u00a0<\/li>\n<li>Keine Einstellungen n\u00f6tig<\/li>\n<li>Milanaise-Edelstahlband mit Faltschlie\u00dfe<\/li>\n<li>Gew\u00fcnschte L\u00e4nge kann bequem selbst eingestellt werden<\/li>\n<li>CR 2032 Batterie zur Unterst\u00fctzung der Solarfunktion bei Dunkelheit<\/li>\n<li>Nachtleuchtende Zeiger, Mineralglas<\/li>\n<li>Weisses Ziffernblatt<\/li>\n<li>Durchmesser: 41 mm<\/li>\n<\/ul>\n<p>\n\t<b>Lieferumfang<\/b>\n<\/p>\n<ul>\n<li>1 x Funkarmbanduhr<\/li>\n<\/ul>\n","protected":false},"excerpt":{"rendered":"<p>Armbanduhr mit weissem Ziffernblatt und Milanaise Armband. Mit Sprachausgabe (deutsch) und Solarfunktion.<\/p>\n","protected":false},"featured_media":15159,"template":"","meta":{"inline_featured_image":false,"_uag_custom_page_level_css":"","site-sidebar-layout":"default","site-content-layout":"","ast-site-content-layout":"default","site-content-style":"default","site-sidebar-style":"default","ast-global-header-display":"","ast-banner-title-visibility":"","ast-main-header-display":"","ast-hfb-above-header-display":"","ast-hfb-below-header-display":"","ast-hfb-mobile-header-display":"","site-post-title":"","ast-breadcrumbs-content":"","ast-featured-img":"","footer-sml-layout":"","ast-disable-related-posts":"","theme-transparent-header-meta":"","adv-header-id-meta":"","stick-header-meta":"","header-above-stick-meta":"","header-main-stick-meta":"","header-below-stick-meta":"","astra-migrate-meta-layouts":"default","ast-page-background-enabled":"default","ast-page-background-meta":{"desktop":{"background-color":"","background-image":"","background-repeat":"repeat","background-position":"center center","background-size":"auto","background-attachment":"scroll","background-type":"","background-media":"","overlay-type":"","overlay-color":"","overlay-opacity":"","overlay-gradient":""},"tablet":{"background-color":"","background-image":"","background-repeat":"repeat","background-position":"center center","background-size":"auto","background-attachment":"scroll","background-type":"","background-media":"","overlay-type":"","overlay-color":"","overlay-opacity":"","overlay-gradient":""},"mobile":{"background-color":"","background-image":"","background-repeat":"repeat","background-position":"center center","background-size":"auto","background-attachment":"scroll","background-type":"","background-media":"","overlay-type":"","overlay-color":"","overlay-opacity":"","overlay-gradient":""}},"ast-content-background-meta":{"desktop":{"background-color":"var(--ast-global-color-5)","background-image":"","background-repeat":"repeat","background-position":"center center","background-size":"auto","background-attachment":"scroll","background-type":"","background-media":"","overlay-type":"","overlay-color":"","overlay-opacity":"","overlay-gradient":""},"tablet":{"background-color":"var(--ast-global-color-5)","background-image":"","background-repeat":"repeat","background-position":"center center","background-size":"auto","background-attachment":"scroll","background-type":"","background-media":"","overlay-type":"","overlay-color":"","overlay-opacity":"","overlay-gradient":""},"mobile":{"background-color":"var(--ast-global-color-5)","background-image":"","background-repeat":"repeat","background-position":"center center","background-size":"auto","background-attachment":"scroll","background-type":"","background-media":"","overlay-type":"","overlay-color":"","overlay-opacity":"","overlay-gradient":""}}},"product_brand":[],"product_cat":[2852],"product_tag":[],"class_list":{"0":"post-15158","1":"product","2":"type-product","3":"status-publish","4":"has-post-thumbnail","6":"product_cat-sprechende-armbanduhren","7":"desktop-align-center","8":"tablet-align-center","9":"mobile-align-center","10":"ast-product-gallery-layout-horizontal-slider","11":"ast-product-tabs-layout-accordion","13":"first","14":"onbackorder","15":"taxable","16":"shipping-taxable","17":"purchasable","18":"product-type-simple"},"yoast_head":"<!-- This site is optimized with the Yoast SEO plugin v27.5 - https:\/\/yoast.com\/product\/yoast-seo-wordpress\/ -->\n<title>Marschall Solar-Hybrid sprechende Funkarmbanduhr Weiss Milanaise im Onlineshop | Gleichcom AG<\/title>\n<meta name=\"description\" content=\"\u2705 Armbanduhr mit weissem Ziffernblatt und Milanaise Armband. Mit Sprachausgabe (deutsch) und Solarfunktion.\" \/>\n<meta name=\"robots\" content=\"noindex, follow, max-snippet:-1, max-image-preview:large, max-video-preview:-1\" \/>\n<meta property=\"og:locale\" content=\"fr_FR\" \/>\n<meta property=\"og:type\" content=\"article\" \/>\n<meta property=\"og:title\" content=\"Marschall Solar-Hybrid sprechende Funkarmbanduhr Weiss Milanaise im Onlineshop | Gleichcom AG\" \/>\n<meta property=\"og:description\" content=\"\u2705 Armbanduhr mit weissem Ziffernblatt und Milanaise Armband. Mit Sprachausgabe (deutsch) und Solarfunktion.\" \/>\n<meta property=\"og:url\" content=\"https:\/\/www.gleichcom.samuraidev.ch\/fr\/shop\/marschall-solar-hybrid-sprechende-funkarmbanduhr-weiss-milanaise\/\" \/>\n<meta property=\"og:site_name\" content=\"Gleichcom AG\" \/>\n<meta property=\"article:publisher\" content=\"https:\/\/www.facebook.com\/profile.php?id=100068749126981\" \/>\n<meta property=\"article:modified_time\" content=\"2023-12-11T10:23:34+00:00\" \/>\n<meta property=\"og:image\" content=\"https:\/\/www.gleichcom.samuraidev.ch\/wp-content\/uploads\/2023\/09\/marschallsolarhybridfunkarmbanduhrweissmilanaisemas004002.jpg\" \/>\n\t<meta property=\"og:image:width\" content=\"500\" \/>\n\t<meta property=\"og:image:height\" content=\"500\" \/>\n\t<meta property=\"og:image:type\" content=\"image\/jpeg\" \/>\n<meta name=\"twitter:card\" content=\"summary_large_image\" \/>\n<script type=\"application\/ld+json\" class=\"yoast-schema-graph\">{\"@context\":\"https:\\\/\\\/schema.org\",\"@graph\":[{\"@type\":\"WebPage\",\"@id\":\"https:\\\/\\\/www.gleichcom.samuraidev.ch\\\/fr\\\/shop\\\/marschall-solar-hybrid-sprechende-funkarmbanduhr-weiss-milanaise\\\/\",\"url\":\"https:\\\/\\\/www.gleichcom.samuraidev.ch\\\/fr\\\/shop\\\/marschall-solar-hybrid-sprechende-funkarmbanduhr-weiss-milanaise\\\/\",\"name\":\"Marschall Solar-Hybrid sprechende Funkarmbanduhr Weiss Milanaise im Onlineshop | Gleichcom AG\",\"isPartOf\":{\"@id\":\"https:\\\/\\\/www.gleichcom.samuraidev.ch\\\/fr\\\/#website\"},\"primaryImageOfPage\":{\"@id\":\"https:\\\/\\\/www.gleichcom.samuraidev.ch\\\/fr\\\/shop\\\/marschall-solar-hybrid-sprechende-funkarmbanduhr-weiss-milanaise\\\/#primaryimage\"},\"image\":{\"@id\":\"https:\\\/\\\/www.gleichcom.samuraidev.ch\\\/fr\\\/shop\\\/marschall-solar-hybrid-sprechende-funkarmbanduhr-weiss-milanaise\\\/#primaryimage\"},\"thumbnailUrl\":\"https:\\\/\\\/www.gleichcom.samuraidev.ch\\\/wp-content\\\/uploads\\\/2023\\\/09\\\/marschallsolarhybridfunkarmbanduhrweissmilanaisemas004002.jpg\",\"datePublished\":\"2020-11-20T08:54:54+00:00\",\"dateModified\":\"2023-12-11T10:23:34+00:00\",\"description\":\"\u2705 Armbanduhr mit weissem Ziffernblatt und Milanaise Armband. Mit Sprachausgabe (deutsch) und Solarfunktion.\",\"breadcrumb\":{\"@id\":\"https:\\\/\\\/www.gleichcom.samuraidev.ch\\\/fr\\\/shop\\\/marschall-solar-hybrid-sprechende-funkarmbanduhr-weiss-milanaise\\\/#breadcrumb\"},\"inLanguage\":\"fr-FR\",\"potentialAction\":[{\"@type\":\"ReadAction\",\"target\":[\"https:\\\/\\\/www.gleichcom.samuraidev.ch\\\/fr\\\/shop\\\/marschall-solar-hybrid-sprechende-funkarmbanduhr-weiss-milanaise\\\/\"]}]},{\"@type\":\"ImageObject\",\"inLanguage\":\"fr-FR\",\"@id\":\"https:\\\/\\\/www.gleichcom.samuraidev.ch\\\/fr\\\/shop\\\/marschall-solar-hybrid-sprechende-funkarmbanduhr-weiss-milanaise\\\/#primaryimage\",\"url\":\"https:\\\/\\\/www.gleichcom.samuraidev.ch\\\/wp-content\\\/uploads\\\/2023\\\/09\\\/marschallsolarhybridfunkarmbanduhrweissmilanaisemas004002.jpg\",\"contentUrl\":\"https:\\\/\\\/www.gleichcom.samuraidev.ch\\\/wp-content\\\/uploads\\\/2023\\\/09\\\/marschallsolarhybridfunkarmbanduhrweissmilanaisemas004002.jpg\",\"width\":500,\"height\":500,\"caption\":\"Marschall Solar-Hybrid sprechende Funkarmbanduhr Weiss Milanaise - Gleichcom AG - - Onlineshop besser h\u00f6ren. besser sehen. besser leben. - H\u00fcnenberg\"},{\"@type\":\"BreadcrumbList\",\"@id\":\"https:\\\/\\\/www.gleichcom.samuraidev.ch\\\/fr\\\/shop\\\/marschall-solar-hybrid-sprechende-funkarmbanduhr-weiss-milanaise\\\/#breadcrumb\",\"itemListElement\":[{\"@type\":\"ListItem\",\"position\":1,\"name\":\"Startseite\",\"item\":\"https:\\\/\\\/www.gleichcom.samuraidev.ch\\\/fr\\\/\"},{\"@type\":\"ListItem\",\"position\":2,\"name\":\"Shop\",\"item\":\"https:\\\/\\\/www.gleichcom.samuraidev.ch\\\/fr\\\/shop\\\/\"},{\"@type\":\"ListItem\",\"position\":3,\"name\":\"Marschall Solar-Hybrid sprechende Funkarmbanduhr Weiss Milanaise\"}]},{\"@type\":\"WebSite\",\"@id\":\"https:\\\/\\\/www.gleichcom.samuraidev.ch\\\/fr\\\/#website\",\"url\":\"https:\\\/\\\/www.gleichcom.samuraidev.ch\\\/fr\\\/\",\"name\":\"Gleichcom AG\",\"description\":\"besser h\u00f6ren. besser sehen. besser leben.\",\"publisher\":{\"@id\":\"https:\\\/\\\/www.gleichcom.samuraidev.ch\\\/fr\\\/#organization\"},\"alternateName\":\"Gleichcom\",\"potentialAction\":[{\"@type\":\"SearchAction\",\"target\":{\"@type\":\"EntryPoint\",\"urlTemplate\":\"https:\\\/\\\/www.gleichcom.samuraidev.ch\\\/fr\\\/?s={search_term_string}\"},\"query-input\":{\"@type\":\"PropertyValueSpecification\",\"valueRequired\":true,\"valueName\":\"search_term_string\"}}],\"inLanguage\":\"fr-FR\"},{\"@type\":\"Organization\",\"@id\":\"https:\\\/\\\/www.gleichcom.samuraidev.ch\\\/fr\\\/#organization\",\"name\":\"Gleichcom AG\",\"alternateName\":\"Gleichcom\",\"url\":\"https:\\\/\\\/www.gleichcom.samuraidev.ch\\\/fr\\\/\",\"logo\":{\"@type\":\"ImageObject\",\"inLanguage\":\"fr-FR\",\"@id\":\"https:\\\/\\\/www.gleichcom.samuraidev.ch\\\/fr\\\/#\\\/schema\\\/logo\\\/image\\\/\",\"url\":\"https:\\\/\\\/www.gleichcom.samuraidev.ch\\\/wp-content\\\/uploads\\\/2023\\\/09\\\/gleichcom-ag-logo-quadrat-farbig-mitte@696.png\",\"contentUrl\":\"https:\\\/\\\/www.gleichcom.samuraidev.ch\\\/wp-content\\\/uploads\\\/2023\\\/09\\\/gleichcom-ag-logo-quadrat-farbig-mitte@696.png\",\"width\":437,\"height\":437,\"caption\":\"Gleichcom AG\"},\"image\":{\"@id\":\"https:\\\/\\\/www.gleichcom.samuraidev.ch\\\/fr\\\/#\\\/schema\\\/logo\\\/image\\\/\"},\"sameAs\":[\"https:\\\/\\\/www.facebook.com\\\/profile.php?id=100068749126981\"]}]}<\/script>\n<!-- \/ Yoast SEO plugin. -->","yoast_head_json":{"title":"Marschall Solar-Hybrid sprechende Funkarmbanduhr Weiss Milanaise im Onlineshop | Gleichcom AG","description":"\u2705 Armbanduhr mit weissem Ziffernblatt und Milanaise Armband. Mit Sprachausgabe (deutsch) und Solarfunktion.","robots":{"index":"noindex","follow":"follow","max-snippet":"max-snippet:-1","max-image-preview":"max-image-preview:large","max-video-preview":"max-video-preview:-1"},"og_locale":"fr_FR","og_type":"article","og_title":"Marschall Solar-Hybrid sprechende Funkarmbanduhr Weiss Milanaise im Onlineshop | Gleichcom AG","og_description":"\u2705 Armbanduhr mit weissem Ziffernblatt und Milanaise Armband. Mit Sprachausgabe (deutsch) und Solarfunktion.","og_url":"https:\/\/www.gleichcom.samuraidev.ch\/fr\/shop\/marschall-solar-hybrid-sprechende-funkarmbanduhr-weiss-milanaise\/","og_site_name":"Gleichcom AG","article_publisher":"https:\/\/www.facebook.com\/profile.php?id=100068749126981","article_modified_time":"2023-12-11T10:23:34+00:00","og_image":[{"width":500,"height":500,"url":"https:\/\/www.gleichcom.samuraidev.ch\/wp-content\/uploads\/2023\/09\/marschallsolarhybridfunkarmbanduhrweissmilanaisemas004002.jpg","type":"image\/jpeg"}],"twitter_card":"summary_large_image","schema":{"@context":"https:\/\/schema.org","@graph":[{"@type":"WebPage","@id":"https:\/\/www.gleichcom.samuraidev.ch\/fr\/shop\/marschall-solar-hybrid-sprechende-funkarmbanduhr-weiss-milanaise\/","url":"https:\/\/www.gleichcom.samuraidev.ch\/fr\/shop\/marschall-solar-hybrid-sprechende-funkarmbanduhr-weiss-milanaise\/","name":"Marschall Solar-Hybrid sprechende Funkarmbanduhr Weiss Milanaise im Onlineshop | Gleichcom AG","isPartOf":{"@id":"https:\/\/www.gleichcom.samuraidev.ch\/fr\/#website"},"primaryImageOfPage":{"@id":"https:\/\/www.gleichcom.samuraidev.ch\/fr\/shop\/marschall-solar-hybrid-sprechende-funkarmbanduhr-weiss-milanaise\/#primaryimage"},"image":{"@id":"https:\/\/www.gleichcom.samuraidev.ch\/fr\/shop\/marschall-solar-hybrid-sprechende-funkarmbanduhr-weiss-milanaise\/#primaryimage"},"thumbnailUrl":"https:\/\/www.gleichcom.samuraidev.ch\/wp-content\/uploads\/2023\/09\/marschallsolarhybridfunkarmbanduhrweissmilanaisemas004002.jpg","datePublished":"2020-11-20T08:54:54+00:00","dateModified":"2023-12-11T10:23:34+00:00","description":"\u2705 Armbanduhr mit weissem Ziffernblatt und Milanaise Armband. Mit Sprachausgabe (deutsch) und Solarfunktion.","breadcrumb":{"@id":"https:\/\/www.gleichcom.samuraidev.ch\/fr\/shop\/marschall-solar-hybrid-sprechende-funkarmbanduhr-weiss-milanaise\/#breadcrumb"},"inLanguage":"fr-FR","potentialAction":[{"@type":"ReadAction","target":["https:\/\/www.gleichcom.samuraidev.ch\/fr\/shop\/marschall-solar-hybrid-sprechende-funkarmbanduhr-weiss-milanaise\/"]}]},{"@type":"ImageObject","inLanguage":"fr-FR","@id":"https:\/\/www.gleichcom.samuraidev.ch\/fr\/shop\/marschall-solar-hybrid-sprechende-funkarmbanduhr-weiss-milanaise\/#primaryimage","url":"https:\/\/www.gleichcom.samuraidev.ch\/wp-content\/uploads\/2023\/09\/marschallsolarhybridfunkarmbanduhrweissmilanaisemas004002.jpg","contentUrl":"https:\/\/www.gleichcom.samuraidev.ch\/wp-content\/uploads\/2023\/09\/marschallsolarhybridfunkarmbanduhrweissmilanaisemas004002.jpg","width":500,"height":500,"caption":"Marschall Solar-Hybrid sprechende Funkarmbanduhr Weiss Milanaise - Gleichcom AG - - Onlineshop besser h\u00f6ren. besser sehen. besser leben. - H\u00fcnenberg"},{"@type":"BreadcrumbList","@id":"https:\/\/www.gleichcom.samuraidev.ch\/fr\/shop\/marschall-solar-hybrid-sprechende-funkarmbanduhr-weiss-milanaise\/#breadcrumb","itemListElement":[{"@type":"ListItem","position":1,"name":"Startseite","item":"https:\/\/www.gleichcom.samuraidev.ch\/fr\/"},{"@type":"ListItem","position":2,"name":"Shop","item":"https:\/\/www.gleichcom.samuraidev.ch\/fr\/shop\/"},{"@type":"ListItem","position":3,"name":"Marschall Solar-Hybrid sprechende Funkarmbanduhr Weiss Milanaise"}]},{"@type":"WebSite","@id":"https:\/\/www.gleichcom.samuraidev.ch\/fr\/#website","url":"https:\/\/www.gleichcom.samuraidev.ch\/fr\/","name":"Gleichcom AG","description":"besser h\u00f6ren. besser sehen. besser leben.","publisher":{"@id":"https:\/\/www.gleichcom.samuraidev.ch\/fr\/#organization"},"alternateName":"Gleichcom","potentialAction":[{"@type":"SearchAction","target":{"@type":"EntryPoint","urlTemplate":"https:\/\/www.gleichcom.samuraidev.ch\/fr\/?s={search_term_string}"},"query-input":{"@type":"PropertyValueSpecification","valueRequired":true,"valueName":"search_term_string"}}],"inLanguage":"fr-FR"},{"@type":"Organization","@id":"https:\/\/www.gleichcom.samuraidev.ch\/fr\/#organization","name":"Gleichcom AG","alternateName":"Gleichcom","url":"https:\/\/www.gleichcom.samuraidev.ch\/fr\/","logo":{"@type":"ImageObject","inLanguage":"fr-FR","@id":"https:\/\/www.gleichcom.samuraidev.ch\/fr\/#\/schema\/logo\/image\/","url":"https:\/\/www.gleichcom.samuraidev.ch\/wp-content\/uploads\/2023\/09\/gleichcom-ag-logo-quadrat-farbig-mitte@696.png","contentUrl":"https:\/\/www.gleichcom.samuraidev.ch\/wp-content\/uploads\/2023\/09\/gleichcom-ag-logo-quadrat-farbig-mitte@696.png","width":437,"height":437,"caption":"Gleichcom AG"},"image":{"@id":"https:\/\/www.gleichcom.samuraidev.ch\/fr\/#\/schema\/logo\/image\/"},"sameAs":["https:\/\/www.facebook.com\/profile.php?id=100068749126981"]}]}},"uagb_featured_image_src":{"full":["https:\/\/www.gleichcom.samuraidev.ch\/wp-content\/uploads\/2023\/09\/marschallsolarhybridfunkarmbanduhrweissmilanaisemas004002.jpg",500,500,false],"thumbnail":["https:\/\/www.gleichcom.samuraidev.ch\/wp-content\/uploads\/2023\/09\/marschallsolarhybridfunkarmbanduhrweissmilanaisemas004002.jpg",150,150,false],"medium":["https:\/\/www.gleichcom.samuraidev.ch\/wp-content\/uploads\/2023\/09\/marschallsolarhybridfunkarmbanduhrweissmilanaisemas004002.jpg",300,300,false],"medium_large":["https:\/\/www.gleichcom.samuraidev.ch\/wp-content\/uploads\/2023\/09\/marschallsolarhybridfunkarmbanduhrweissmilanaisemas004002.jpg",500,500,false],"large":["https:\/\/www.gleichcom.samuraidev.ch\/wp-content\/uploads\/2023\/09\/marschallsolarhybridfunkarmbanduhrweissmilanaisemas004002.jpg",500,500,false],"1536x1536":["https:\/\/www.gleichcom.samuraidev.ch\/wp-content\/uploads\/2023\/09\/marschallsolarhybridfunkarmbanduhrweissmilanaisemas004002.jpg",500,500,false],"2048x2048":["https:\/\/www.gleichcom.samuraidev.ch\/wp-content\/uploads\/2023\/09\/marschallsolarhybridfunkarmbanduhrweissmilanaisemas004002.jpg",500,500,false],"woocommerce_thumbnail":["https:\/\/www.gleichcom.samuraidev.ch\/wp-content\/uploads\/2023\/09\/marschallsolarhybridfunkarmbanduhrweissmilanaisemas004002.jpg",300,300,false],"woocommerce_single":["https:\/\/www.gleichcom.samuraidev.ch\/wp-content\/uploads\/2023\/09\/marschallsolarhybridfunkarmbanduhrweissmilanaisemas004002.jpg",500,500,false],"woocommerce_gallery_thumbnail":["https:\/\/www.gleichcom.samuraidev.ch\/wp-content\/uploads\/2023\/09\/marschallsolarhybridfunkarmbanduhrweissmilanaisemas004002.jpg",100,100,false]},"uagb_author_info":{"display_name":"","author_link":"https:\/\/www.gleichcom.samuraidev.ch\/fr\/author\/"},"uagb_comment_info":0,"uagb_excerpt":"Armbanduhr mit weissem Ziffernblatt und Milanaise Armband. Mit Sprachausgabe (deutsch) und Solarfunktion.","_links":{"self":[{"href":"https:\/\/www.gleichcom.samuraidev.ch\/fr\/wp-json\/wp\/v2\/product\/15158","targetHints":{"allow":["GET"]}}],"collection":[{"href":"https:\/\/www.gleichcom.samuraidev.ch\/fr\/wp-json\/wp\/v2\/product"}],"about":[{"href":"https:\/\/www.gleichcom.samuraidev.ch\/fr\/wp-json\/wp\/v2\/types\/product"}],"wp:featuredmedia":[{"embeddable":true,"href":"https:\/\/www.gleichcom.samuraidev.ch\/fr\/wp-json\/wp\/v2\/media\/15159"}],"wp:attachment":[{"href":"https:\/\/www.gleichcom.samuraidev.ch\/fr\/wp-json\/wp\/v2\/media?parent=15158"}],"wp:term":[{"taxonomy":"product_brand","embeddable":true,"href":"https:\/\/www.gleichcom.samuraidev.ch\/fr\/wp-json\/wp\/v2\/product_brand?post=15158"},{"taxonomy":"product_cat","embeddable":true,"href":"https:\/\/www.gleichcom.samuraidev.ch\/fr\/wp-json\/wp\/v2\/product_cat?post=15158"},{"taxonomy":"product_tag","embeddable":true,"href":"https:\/\/www.gleichcom.samuraidev.ch\/fr\/wp-json\/wp\/v2\/product_tag?post=15158"}],"curies":[{"name":"wp","href":"https:\/\/api.w.org\/{rel}","templated":true}]}}