{"id":15573,"date":"2021-04-21T09:48:27","date_gmt":"2021-04-21T07:48:27","guid":{"rendered":"https:\/\/www.gleichcom.samuraidev.ch\/?product=dschunke-perlfluss-pflegecreme-20ml-dose"},"modified":"1000-01-01T00:00:00","modified_gmt":"1000-01-01T00:00:00","slug":"dschunke-perlfluss-pflegecreme-20ml-dose","status":"publish","type":"product","link":"https:\/\/www.gleichcom.samuraidev.ch\/fr\/shop\/dschunke-perlfluss-pflegecreme-20ml-dose\/","title":{"rendered":"Dschunke  Cr\u00e8me de soin Pearl flow 20ml"},"content":{"rendered":"<p><strong>Dschunke\u00a0 Cr\u00e8me de soin Pearl flow 20ml<\/strong><\/p>\n<p>Une cr\u00e8me naturelle rafra\u00eechissante et douce pour tout le corps, y compris le visage. Il est d\u00e9licatement nourrissant pour la peau et a une odeur neutre (sans parfum).<\/p>\n<p>La cr\u00e8me nourrissante Dschunkes Pearl River est d\u00e9crite par son inventeur, le professeur Zao, du point de vue de la m\u00e9decine traditionnelle chinoise, comme suit :<br \/>\n\u00ab\u00a0L\u00e9g\u00e8rement rafra\u00eechissant, d\u00e9place et harmonise le Qi, ce qui apaise le corps, mais rafra\u00eechit l&rsquo;esprit et la conscience. Purifier les tissus en m\u00eame temps et favoriser la croissance de nouvelles cellules.\u00a0\u00bb<\/p>\n<p>\nQuatre ingr\u00e9dients naturels de haute qualit\u00e9 contenus dans la formule naturelle Pearl River sont responsables de son utilisation polyvalente :<\/p>\n<p>\u00a0\u00a0\u00a0 La perle d&rsquo;eau sal\u00e9e est l&rsquo;un des rem\u00e8des les plus anciens et aussi les plus myst\u00e9rieux de toute l&rsquo;Asie. Il favorise la formation de nouvelles cellules cutan\u00e9es, rajeunissant ainsi la peau et la nettoyant en m\u00eame temps.<br \/>\n\u00a0\u00a0\u00a0 L&rsquo;huile de jojoba \u00e9tait d\u00e9j\u00e0 utilis\u00e9e par les Indiens pour les soins intensifs de la peau et appel\u00e9e \u00ab\u00a0or liquide\u00a0\u00bb. En fait, il ne s&rsquo;agit pas d&rsquo;une huile mais d&rsquo;une cire liquide. Il p\u00e9n\u00e8tre donc facilement dans les couches inf\u00e9rieures de la peau. Entre autres choses, il peut gu\u00e9rir les inflammations de l&rsquo;int\u00e9rieur. Entre-temps, on sait aussi qu&rsquo;il prot\u00e8ge contre les coups de soleil et qu&rsquo;il aide \u00e0 soigner le psoriasis et l&rsquo;ecz\u00e9ma.<br \/>\n\u00a0\u00a0\u00a0 L&rsquo;aloe vera rafra\u00eechit et nourrit la peau. Il am\u00e9liore la circulation de la peau et est souvent utilis\u00e9 pour les plaies mineures, les br\u00fblures et les n\u00e9vrodermites.<br \/>\n\u00a0\u00a0\u00a0 La r\u00e9glisse apaise les peaux agit\u00e9es, les r\u00e9pare et stoppe les inflammations. En raison de sa nature apaisante, il est id\u00e9al pour les peaux sensibles et la peau des b\u00e9b\u00e9s. Prot\u00e8ge la peau du gel en hiver et apaise en \u00e9t\u00e9 apr\u00e8s les bains de soleil (apr\u00e8s-soleil). Un multi-talent !<\/p>\n<p>\nApplication<\/p>\n<p>\u00a0\u00a0\u00a0 pour les peaux tr\u00e8s sensibles<br \/>\n\u00a0\u00a0\u00a0 pour la peau s\u00e8che ou les d\u00e9mangeaisons<br \/>\n\u00a0\u00a0\u00a0 soutien aux th\u00e9rapies cutan\u00e9es<br \/>\n\u00a0\u00a0\u00a0 Soins de la peau pour les escarres<br \/>\n\u00a0\u00a0\u00a0 Massage des zones r\u00e9flexes (visage, pieds, mains, oreilles)<br \/>\n\u00a0\u00a0\u00a0 Massage m\u00e9ridien et autres massages \u00e9nerg\u00e9tiques<br \/>\n\u00a0\u00a0\u00a0 comme apr\u00e8s-soleil<\/p>\n<p>\n\u00a0<\/p>\n","protected":false},"excerpt":{"rendered":"<p>Une cr\u00e8me naturelle rafra\u00eechissante et douce pour tout le corps, y compris le visage. Il est d\u00e9licatement nourrissant pour la peau et a une odeur neutre (sans parfum).<\/p>\n","protected":false},"featured_media":15571,"template":"","meta":{"inline_featured_image":false,"_uag_custom_page_level_css":"","site-sidebar-layout":"default","site-content-layout":"","ast-site-content-layout":"default","site-content-style":"default","site-sidebar-style":"default","ast-global-header-display":"","ast-banner-title-visibility":"","ast-main-header-display":"","ast-hfb-above-header-display":"","ast-hfb-below-header-display":"","ast-hfb-mobile-header-display":"","site-post-title":"","ast-breadcrumbs-content":"","ast-featured-img":"","footer-sml-layout":"","ast-disable-related-posts":"","theme-transparent-header-meta":"","adv-header-id-meta":"","stick-header-meta":"","header-above-stick-meta":"","header-main-stick-meta":"","header-below-stick-meta":"","astra-migrate-meta-layouts":"default","ast-page-background-enabled":"default","ast-page-background-meta":{"desktop":{"background-color":"","background-image":"","background-repeat":"repeat","background-position":"center center","background-size":"auto","background-attachment":"scroll","background-type":"","background-media":"","overlay-type":"","overlay-color":"","overlay-opacity":"","overlay-gradient":""},"tablet":{"background-color":"","background-image":"","background-repeat":"repeat","background-position":"center center","background-size":"auto","background-attachment":"scroll","background-type":"","background-media":"","overlay-type":"","overlay-color":"","overlay-opacity":"","overlay-gradient":""},"mobile":{"background-color":"","background-image":"","background-repeat":"repeat","background-position":"center center","background-size":"auto","background-attachment":"scroll","background-type":"","background-media":"","overlay-type":"","overlay-color":"","overlay-opacity":"","overlay-gradient":""}},"ast-content-background-meta":{"desktop":{"background-color":"var(--ast-global-color-5)","background-image":"","background-repeat":"repeat","background-position":"center center","background-size":"auto","background-attachment":"scroll","background-type":"","background-media":"","overlay-type":"","overlay-color":"","overlay-opacity":"","overlay-gradient":""},"tablet":{"background-color":"var(--ast-global-color-5)","background-image":"","background-repeat":"repeat","background-position":"center center","background-size":"auto","background-attachment":"scroll","background-type":"","background-media":"","overlay-type":"","overlay-color":"","overlay-opacity":"","overlay-gradient":""},"mobile":{"background-color":"var(--ast-global-color-5)","background-image":"","background-repeat":"repeat","background-position":"center center","background-size":"auto","background-attachment":"scroll","background-type":"","background-media":"","overlay-type":"","overlay-color":"","overlay-opacity":"","overlay-gradient":""}}},"product_brand":[],"product_cat":[1776],"product_tag":[],"class_list":{"0":"post-15573","1":"product","2":"type-product","3":"status-publish","4":"has-post-thumbnail","6":"product_cat-unkategorisiert","7":"desktop-align-center","8":"tablet-align-center","9":"mobile-align-center","10":"ast-product-gallery-layout-horizontal-slider","11":"ast-product-gallery-with-no-image","12":"ast-product-tabs-layout-accordion","14":"first","15":"instock","16":"taxable","17":"shipping-taxable","18":"purchasable","19":"product-type-simple"},"yoast_head":"<!-- This site is optimized with the Yoast SEO plugin v27.5 - https:\/\/yoast.com\/product\/yoast-seo-wordpress\/ -->\n<title>Dschunke Cr\u00e8me de soin Pearl flow 20ml im Onlineshop | Gleichcom AG<\/title>\n<meta name=\"description\" content=\"\u2705 Une cr\u00e8me naturelle rafra\u00eechissante et douce pour tout le corps, y compris le visage. Il est d\u00e9licatement nourrissant pour la peau et a une odeur neutre (sans parfum).\" \/>\n<meta name=\"robots\" content=\"noindex, follow, max-snippet:-1, max-image-preview:large, max-video-preview:-1\" \/>\n<meta property=\"og:locale\" content=\"fr_FR\" \/>\n<meta property=\"og:type\" content=\"article\" \/>\n<meta property=\"og:title\" content=\"Dschunke Cr\u00e8me de soin Pearl flow 20ml im Onlineshop | Gleichcom AG\" \/>\n<meta property=\"og:description\" content=\"\u2705 Une cr\u00e8me naturelle rafra\u00eechissante et douce pour tout le corps, y compris le visage. Il est d\u00e9licatement nourrissant pour la peau et a une odeur neutre (sans parfum).\" \/>\n<meta property=\"og:url\" content=\"https:\/\/www.gleichcom.samuraidev.ch\/fr\/shop\/dschunke-perlfluss-pflegecreme-20ml-dose\/\" \/>\n<meta property=\"og:site_name\" content=\"Gleichcom AG\" \/>\n<meta property=\"article:publisher\" content=\"https:\/\/www.facebook.com\/profile.php?id=100068749126981\" \/>\n<meta property=\"og:image\" content=\"https:\/\/www.gleichcom.samuraidev.ch\/wp-content\/uploads\/2023\/09\/121_gr.png\" \/>\n\t<meta property=\"og:image:width\" content=\"375\" \/>\n\t<meta property=\"og:image:height\" content=\"500\" \/>\n\t<meta property=\"og:image:type\" content=\"image\/png\" \/>\n<meta name=\"twitter:card\" content=\"summary_large_image\" \/>\n<script type=\"application\/ld+json\" class=\"yoast-schema-graph\">{\"@context\":\"https:\\\/\\\/schema.org\",\"@graph\":[{\"@type\":\"WebPage\",\"@id\":\"https:\\\/\\\/www.gleichcom.samuraidev.ch\\\/fr\\\/shop\\\/dschunke-perlfluss-pflegecreme-20ml-dose\\\/\",\"url\":\"https:\\\/\\\/www.gleichcom.samuraidev.ch\\\/fr\\\/shop\\\/dschunke-perlfluss-pflegecreme-20ml-dose\\\/\",\"name\":\"Dschunke Cr\u00e8me de soin Pearl flow 20ml im Onlineshop | Gleichcom AG\",\"isPartOf\":{\"@id\":\"https:\\\/\\\/www.gleichcom.samuraidev.ch\\\/fr\\\/#website\"},\"primaryImageOfPage\":{\"@id\":\"https:\\\/\\\/www.gleichcom.samuraidev.ch\\\/fr\\\/shop\\\/dschunke-perlfluss-pflegecreme-20ml-dose\\\/#primaryimage\"},\"image\":{\"@id\":\"https:\\\/\\\/www.gleichcom.samuraidev.ch\\\/fr\\\/shop\\\/dschunke-perlfluss-pflegecreme-20ml-dose\\\/#primaryimage\"},\"thumbnailUrl\":\"https:\\\/\\\/www.gleichcom.samuraidev.ch\\\/wp-content\\\/uploads\\\/2023\\\/09\\\/121_gr.png\",\"datePublished\":\"2021-04-21T07:48:27+00:00\",\"description\":\"\u2705 Une cr\u00e8me naturelle rafra\u00eechissante et douce pour tout le corps, y compris le visage. Il est d\u00e9licatement nourrissant pour la peau et a une odeur neutre (sans parfum).\",\"breadcrumb\":{\"@id\":\"https:\\\/\\\/www.gleichcom.samuraidev.ch\\\/fr\\\/shop\\\/dschunke-perlfluss-pflegecreme-20ml-dose\\\/#breadcrumb\"},\"inLanguage\":\"fr-FR\",\"potentialAction\":[{\"@type\":\"ReadAction\",\"target\":[\"https:\\\/\\\/www.gleichcom.samuraidev.ch\\\/fr\\\/shop\\\/dschunke-perlfluss-pflegecreme-20ml-dose\\\/\"]}]},{\"@type\":\"ImageObject\",\"inLanguage\":\"fr-FR\",\"@id\":\"https:\\\/\\\/www.gleichcom.samuraidev.ch\\\/fr\\\/shop\\\/dschunke-perlfluss-pflegecreme-20ml-dose\\\/#primaryimage\",\"url\":\"https:\\\/\\\/www.gleichcom.samuraidev.ch\\\/wp-content\\\/uploads\\\/2023\\\/09\\\/121_gr.png\",\"contentUrl\":\"https:\\\/\\\/www.gleichcom.samuraidev.ch\\\/wp-content\\\/uploads\\\/2023\\\/09\\\/121_gr.png\",\"width\":375,\"height\":500},{\"@type\":\"BreadcrumbList\",\"@id\":\"https:\\\/\\\/www.gleichcom.samuraidev.ch\\\/fr\\\/shop\\\/dschunke-perlfluss-pflegecreme-20ml-dose\\\/#breadcrumb\",\"itemListElement\":[{\"@type\":\"ListItem\",\"position\":1,\"name\":\"Startseite\",\"item\":\"https:\\\/\\\/www.gleichcom.samuraidev.ch\\\/fr\\\/\"},{\"@type\":\"ListItem\",\"position\":2,\"name\":\"Shop\",\"item\":\"https:\\\/\\\/www.gleichcom.samuraidev.ch\\\/fr\\\/shop\\\/\"},{\"@type\":\"ListItem\",\"position\":3,\"name\":\"Dschunke Cr\u00e8me de soin Pearl flow 20ml\"}]},{\"@type\":\"WebSite\",\"@id\":\"https:\\\/\\\/www.gleichcom.samuraidev.ch\\\/fr\\\/#website\",\"url\":\"https:\\\/\\\/www.gleichcom.samuraidev.ch\\\/fr\\\/\",\"name\":\"Gleichcom AG\",\"description\":\"besser h\u00f6ren. besser sehen. besser leben.\",\"publisher\":{\"@id\":\"https:\\\/\\\/www.gleichcom.samuraidev.ch\\\/fr\\\/#organization\"},\"alternateName\":\"Gleichcom\",\"potentialAction\":[{\"@type\":\"SearchAction\",\"target\":{\"@type\":\"EntryPoint\",\"urlTemplate\":\"https:\\\/\\\/www.gleichcom.samuraidev.ch\\\/fr\\\/?s={search_term_string}\"},\"query-input\":{\"@type\":\"PropertyValueSpecification\",\"valueRequired\":true,\"valueName\":\"search_term_string\"}}],\"inLanguage\":\"fr-FR\"},{\"@type\":\"Organization\",\"@id\":\"https:\\\/\\\/www.gleichcom.samuraidev.ch\\\/fr\\\/#organization\",\"name\":\"Gleichcom AG\",\"alternateName\":\"Gleichcom\",\"url\":\"https:\\\/\\\/www.gleichcom.samuraidev.ch\\\/fr\\\/\",\"logo\":{\"@type\":\"ImageObject\",\"inLanguage\":\"fr-FR\",\"@id\":\"https:\\\/\\\/www.gleichcom.samuraidev.ch\\\/fr\\\/#\\\/schema\\\/logo\\\/image\\\/\",\"url\":\"https:\\\/\\\/www.gleichcom.samuraidev.ch\\\/wp-content\\\/uploads\\\/2023\\\/09\\\/gleichcom-ag-logo-quadrat-farbig-mitte@696.png\",\"contentUrl\":\"https:\\\/\\\/www.gleichcom.samuraidev.ch\\\/wp-content\\\/uploads\\\/2023\\\/09\\\/gleichcom-ag-logo-quadrat-farbig-mitte@696.png\",\"width\":437,\"height\":437,\"caption\":\"Gleichcom AG\"},\"image\":{\"@id\":\"https:\\\/\\\/www.gleichcom.samuraidev.ch\\\/fr\\\/#\\\/schema\\\/logo\\\/image\\\/\"},\"sameAs\":[\"https:\\\/\\\/www.facebook.com\\\/profile.php?id=100068749126981\"]}]}<\/script>\n<!-- \/ Yoast SEO plugin. -->","yoast_head_json":{"title":"Dschunke Cr\u00e8me de soin Pearl flow 20ml im Onlineshop | Gleichcom AG","description":"\u2705 Une cr\u00e8me naturelle rafra\u00eechissante et douce pour tout le corps, y compris le visage. Il est d\u00e9licatement nourrissant pour la peau et a une odeur neutre (sans parfum).","robots":{"index":"noindex","follow":"follow","max-snippet":"max-snippet:-1","max-image-preview":"max-image-preview:large","max-video-preview":"max-video-preview:-1"},"og_locale":"fr_FR","og_type":"article","og_title":"Dschunke Cr\u00e8me de soin Pearl flow 20ml im Onlineshop | Gleichcom AG","og_description":"\u2705 Une cr\u00e8me naturelle rafra\u00eechissante et douce pour tout le corps, y compris le visage. Il est d\u00e9licatement nourrissant pour la peau et a une odeur neutre (sans parfum).","og_url":"https:\/\/www.gleichcom.samuraidev.ch\/fr\/shop\/dschunke-perlfluss-pflegecreme-20ml-dose\/","og_site_name":"Gleichcom AG","article_publisher":"https:\/\/www.facebook.com\/profile.php?id=100068749126981","og_image":[{"width":375,"height":500,"url":"https:\/\/www.gleichcom.samuraidev.ch\/wp-content\/uploads\/2023\/09\/121_gr.png","type":"image\/png"}],"twitter_card":"summary_large_image","schema":{"@context":"https:\/\/schema.org","@graph":[{"@type":"WebPage","@id":"https:\/\/www.gleichcom.samuraidev.ch\/fr\/shop\/dschunke-perlfluss-pflegecreme-20ml-dose\/","url":"https:\/\/www.gleichcom.samuraidev.ch\/fr\/shop\/dschunke-perlfluss-pflegecreme-20ml-dose\/","name":"Dschunke Cr\u00e8me de soin Pearl flow 20ml im Onlineshop | Gleichcom AG","isPartOf":{"@id":"https:\/\/www.gleichcom.samuraidev.ch\/fr\/#website"},"primaryImageOfPage":{"@id":"https:\/\/www.gleichcom.samuraidev.ch\/fr\/shop\/dschunke-perlfluss-pflegecreme-20ml-dose\/#primaryimage"},"image":{"@id":"https:\/\/www.gleichcom.samuraidev.ch\/fr\/shop\/dschunke-perlfluss-pflegecreme-20ml-dose\/#primaryimage"},"thumbnailUrl":"https:\/\/www.gleichcom.samuraidev.ch\/wp-content\/uploads\/2023\/09\/121_gr.png","datePublished":"2021-04-21T07:48:27+00:00","description":"\u2705 Une cr\u00e8me naturelle rafra\u00eechissante et douce pour tout le corps, y compris le visage. Il est d\u00e9licatement nourrissant pour la peau et a une odeur neutre (sans parfum).","breadcrumb":{"@id":"https:\/\/www.gleichcom.samuraidev.ch\/fr\/shop\/dschunke-perlfluss-pflegecreme-20ml-dose\/#breadcrumb"},"inLanguage":"fr-FR","potentialAction":[{"@type":"ReadAction","target":["https:\/\/www.gleichcom.samuraidev.ch\/fr\/shop\/dschunke-perlfluss-pflegecreme-20ml-dose\/"]}]},{"@type":"ImageObject","inLanguage":"fr-FR","@id":"https:\/\/www.gleichcom.samuraidev.ch\/fr\/shop\/dschunke-perlfluss-pflegecreme-20ml-dose\/#primaryimage","url":"https:\/\/www.gleichcom.samuraidev.ch\/wp-content\/uploads\/2023\/09\/121_gr.png","contentUrl":"https:\/\/www.gleichcom.samuraidev.ch\/wp-content\/uploads\/2023\/09\/121_gr.png","width":375,"height":500},{"@type":"BreadcrumbList","@id":"https:\/\/www.gleichcom.samuraidev.ch\/fr\/shop\/dschunke-perlfluss-pflegecreme-20ml-dose\/#breadcrumb","itemListElement":[{"@type":"ListItem","position":1,"name":"Startseite","item":"https:\/\/www.gleichcom.samuraidev.ch\/fr\/"},{"@type":"ListItem","position":2,"name":"Shop","item":"https:\/\/www.gleichcom.samuraidev.ch\/fr\/shop\/"},{"@type":"ListItem","position":3,"name":"Dschunke Cr\u00e8me de soin Pearl flow 20ml"}]},{"@type":"WebSite","@id":"https:\/\/www.gleichcom.samuraidev.ch\/fr\/#website","url":"https:\/\/www.gleichcom.samuraidev.ch\/fr\/","name":"Gleichcom AG","description":"besser h\u00f6ren. besser sehen. besser leben.","publisher":{"@id":"https:\/\/www.gleichcom.samuraidev.ch\/fr\/#organization"},"alternateName":"Gleichcom","potentialAction":[{"@type":"SearchAction","target":{"@type":"EntryPoint","urlTemplate":"https:\/\/www.gleichcom.samuraidev.ch\/fr\/?s={search_term_string}"},"query-input":{"@type":"PropertyValueSpecification","valueRequired":true,"valueName":"search_term_string"}}],"inLanguage":"fr-FR"},{"@type":"Organization","@id":"https:\/\/www.gleichcom.samuraidev.ch\/fr\/#organization","name":"Gleichcom AG","alternateName":"Gleichcom","url":"https:\/\/www.gleichcom.samuraidev.ch\/fr\/","logo":{"@type":"ImageObject","inLanguage":"fr-FR","@id":"https:\/\/www.gleichcom.samuraidev.ch\/fr\/#\/schema\/logo\/image\/","url":"https:\/\/www.gleichcom.samuraidev.ch\/wp-content\/uploads\/2023\/09\/gleichcom-ag-logo-quadrat-farbig-mitte@696.png","contentUrl":"https:\/\/www.gleichcom.samuraidev.ch\/wp-content\/uploads\/2023\/09\/gleichcom-ag-logo-quadrat-farbig-mitte@696.png","width":437,"height":437,"caption":"Gleichcom AG"},"image":{"@id":"https:\/\/www.gleichcom.samuraidev.ch\/fr\/#\/schema\/logo\/image\/"},"sameAs":["https:\/\/www.facebook.com\/profile.php?id=100068749126981"]}]}},"uagb_featured_image_src":{"full":["https:\/\/www.gleichcom.samuraidev.ch\/wp-content\/uploads\/2023\/09\/121_gr.png",375,500,false],"thumbnail":["https:\/\/www.gleichcom.samuraidev.ch\/wp-content\/uploads\/2023\/09\/121_gr.png",113,150,false],"medium":["https:\/\/www.gleichcom.samuraidev.ch\/wp-content\/uploads\/2023\/09\/121_gr.png",225,300,false],"medium_large":["https:\/\/www.gleichcom.samuraidev.ch\/wp-content\/uploads\/2023\/09\/121_gr.png",375,500,false],"large":["https:\/\/www.gleichcom.samuraidev.ch\/wp-content\/uploads\/2023\/09\/121_gr.png",375,500,false],"1536x1536":["https:\/\/www.gleichcom.samuraidev.ch\/wp-content\/uploads\/2023\/09\/121_gr.png",375,500,false],"2048x2048":["https:\/\/www.gleichcom.samuraidev.ch\/wp-content\/uploads\/2023\/09\/121_gr.png",375,500,false],"woocommerce_thumbnail":["https:\/\/www.gleichcom.samuraidev.ch\/wp-content\/uploads\/2023\/09\/121_gr.png",300,400,false],"woocommerce_single":["https:\/\/www.gleichcom.samuraidev.ch\/wp-content\/uploads\/2023\/09\/121_gr.png",375,500,false],"woocommerce_gallery_thumbnail":["https:\/\/www.gleichcom.samuraidev.ch\/wp-content\/uploads\/2023\/09\/121_gr-100x100.png",100,100,true]},"uagb_author_info":{"display_name":"","author_link":"https:\/\/www.gleichcom.samuraidev.ch\/fr\/author\/"},"uagb_comment_info":0,"uagb_excerpt":"Une cr\u00e8me naturelle rafra\u00eechissante et douce pour tout le corps, y compris le visage. Il est d\u00e9licatement nourrissant pour la peau et a une odeur neutre (sans parfum).","_links":{"self":[{"href":"https:\/\/www.gleichcom.samuraidev.ch\/fr\/wp-json\/wp\/v2\/product\/15573","targetHints":{"allow":["GET"]}}],"collection":[{"href":"https:\/\/www.gleichcom.samuraidev.ch\/fr\/wp-json\/wp\/v2\/product"}],"about":[{"href":"https:\/\/www.gleichcom.samuraidev.ch\/fr\/wp-json\/wp\/v2\/types\/product"}],"wp:featuredmedia":[{"embeddable":true,"href":"https:\/\/www.gleichcom.samuraidev.ch\/fr\/wp-json\/wp\/v2\/media\/15571"}],"wp:attachment":[{"href":"https:\/\/www.gleichcom.samuraidev.ch\/fr\/wp-json\/wp\/v2\/media?parent=15573"}],"wp:term":[{"taxonomy":"product_brand","embeddable":true,"href":"https:\/\/www.gleichcom.samuraidev.ch\/fr\/wp-json\/wp\/v2\/product_brand?post=15573"},{"taxonomy":"product_cat","embeddable":true,"href":"https:\/\/www.gleichcom.samuraidev.ch\/fr\/wp-json\/wp\/v2\/product_cat?post=15573"},{"taxonomy":"product_tag","embeddable":true,"href":"https:\/\/www.gleichcom.samuraidev.ch\/fr\/wp-json\/wp\/v2\/product_tag?post=15573"}],"curies":[{"name":"wp","href":"https:\/\/api.w.org\/{rel}","templated":true}]}}