{"id":15579,"date":"2021-04-24T13:50:10","date_gmt":"2021-04-24T11:50:10","guid":{"rendered":"https:\/\/www.gleichcom.samuraidev.ch\/?product=eschenbach-handlupe-mobilux-led-10d-3-5-fach-78-x-50mm"},"modified":"1000-01-01T00:00:00","modified_gmt":"1000-01-01T00:00:00","slug":"eschenbach-handlupe-mobilux-led-10d-3-5-fach-78-x-50mm","status":"publish","type":"product","link":"https:\/\/www.gleichcom.samuraidev.ch\/fr\/shop\/eschenbach-handlupe-mobilux-led-10d-3-5-fach-78-x-50mm\/","title":{"rendered":"Loupe \u00e0 main Eschenbach Mobilux LED 10D 3,5x 78 x 50 mm"},"content":{"rendered":"<div id=\"tw-target-text-container\" tabindex=\"0\">\n<pre data-placeholder=\"\u00dcbersetzung\" dir=\"ltr\" id=\"tw-target-text\">\r\n<strong><span style=\"font-family:arial,helvetica,sans-serif;\">Loupe \u00e0 main Eschenbach Mobilux LED 10D 3,5x 78 x 50 mm<\/span><\/strong><\/pre>\n<\/div>\n<div id=\"tw-target-rmn-container\">\n<pre>\r\n<span style=\"font-family:arial,helvetica,sans-serif;\">Convient pour la lecture de petits caract\u00e8res, par ex. B. dans l'annuaire t\u00e9l\u00e9phonique ou sur les \u00e9tiquettes de prix.\r\n    Facile \u00e0 utiliser - grand interrupteur d'\u00e9clairage facile \u00e0 utiliser et \u0153illet pour cordon.\r\n    Lentille particuli\u00e8rement r\u00e9sistante aux rayures avec un grand confort visuel (et de port).\r\n    3 couleurs de lumi\u00e8re diff\u00e9rentes peuvent \u00eatre s\u00e9lectionn\u00e9es via des filtres.\r\n    Changement de batterie simplifi\u00e9.\r\n    Etui inclus \u00e0 fixer sur l'objectif.\r\n\r\nLa luminosit\u00e9 peut \u00eatre con\u00e7ue individuellement avec mobiluxLED\r\n\r\nTous les mod\u00e8les sont d\u00e9sormais \u00e9quip\u00e9s de nouvelles LED SMD et d'un filtre suppl\u00e9mentaire transparent \u00e0 clipser. Ceci regroupe la lumi\u00e8re de telle mani\u00e8re que l'intensit\u00e9 lumineuse est augment\u00e9e jusqu'\u00e0 40% tandis que l'\u00e9clairage reste uniforme.\r\n\r\n    Objectif l\u00e9ger asph\u00e9rique PXM\u00ae, trait\u00e9 cera-tec\u00ae pour une imagerie nette et sans distorsion.\r\n    Changement de batterie simple gr\u00e2ce au couvercle de batterie facile \u00e0 utiliser et \u00e0 la position de batterie clairement d\u00e9finie gr\u00e2ce aux ressorts de contact\r\n    Confort am\u00e9lior\u00e9 gr\u00e2ce \u00e0 l'\u0153illet pour la longe.\r\n    La temp\u00e9rature de couleur la plus appropri\u00e9e peut \u00eatre pr\u00e9r\u00e9gl\u00e9e \u00e0 l'aide des 2 filtres attach\u00e9s.\r\n    Un troisi\u00e8me filtre transparent \u00e0 clipser regroupe la lumi\u00e8re et augmente l'intensit\u00e9 lumineuse jusqu'\u00e0 40%\r\n    Aucun remplacement de lampe requis.\r\n    L'\u00e9clairage LED utilis\u00e9 par Eschenbach Optik a une dur\u00e9e de vie d'environ 50 000 heures.\r\n    Autonomie jusqu'\u00e0 10 fois plus longue que lors de l'utilisation d'une source lumineuse conventionnelle.\r\n    Contr\u00f4le de tension via convertisseur \u00e9l\u00e9vateur, donc \u00e9clairage constant m\u00eame en cas de chute de tension due \u00e0 des niveaux de batterie faibles.\r\n    \u00c9clairage brillant et homog\u00e8ne par SMD-LED et optique de collimation.\r\n    Distance de mise au point d\u00e9finie: pour toutes les loupes asph\u00e9riques et lunettes de lecture d'Eschenbach Optik, la distance de mise au point (aE: distance entre l'\u0153il et l'image virtuelle) est exactement de 400 mm. Ainsi, l'image est vue nettement avec des lunettes de lecture, ajout de 2,5 D.\r\n    Gamme d'affichage et d'Optoform disponible.\r\n\r\nN \u00b0 de commande de la lani\u00e8re 15981\r\n\r\nNOUVEAU: support mobase pour mobiluxLED r\u00e9f. 1511001 et autres<\/span>\r\n\r\n<span style=\"font-family:arial,helvetica,sans-serif;\"> <\/span><\/pre>\n<\/div>\n<pre>\r\n\u00a0<\/pre>\n","protected":false},"excerpt":{"rendered":"<p>Loupe pratique et abordable avec un grossissement de 3,5x pour lire les petits caract\u00e8res \u00e0 la maison ou sur la route.<\/p>\n","protected":false},"featured_media":15577,"template":"","meta":{"inline_featured_image":false,"_uag_custom_page_level_css":"","site-sidebar-layout":"default","site-content-layout":"","ast-site-content-layout":"default","site-content-style":"default","site-sidebar-style":"default","ast-global-header-display":"","ast-banner-title-visibility":"","ast-main-header-display":"","ast-hfb-above-header-display":"","ast-hfb-below-header-display":"","ast-hfb-mobile-header-display":"","site-post-title":"","ast-breadcrumbs-content":"","ast-featured-img":"","footer-sml-layout":"","ast-disable-related-posts":"","theme-transparent-header-meta":"","adv-header-id-meta":"","stick-header-meta":"","header-above-stick-meta":"","header-main-stick-meta":"","header-below-stick-meta":"","astra-migrate-meta-layouts":"default","ast-page-background-enabled":"default","ast-page-background-meta":{"desktop":{"background-color":"","background-image":"","background-repeat":"repeat","background-position":"center center","background-size":"auto","background-attachment":"scroll","background-type":"","background-media":"","overlay-type":"","overlay-color":"","overlay-opacity":"","overlay-gradient":""},"tablet":{"background-color":"","background-image":"","background-repeat":"repeat","background-position":"center center","background-size":"auto","background-attachment":"scroll","background-type":"","background-media":"","overlay-type":"","overlay-color":"","overlay-opacity":"","overlay-gradient":""},"mobile":{"background-color":"","background-image":"","background-repeat":"repeat","background-position":"center center","background-size":"auto","background-attachment":"scroll","background-type":"","background-media":"","overlay-type":"","overlay-color":"","overlay-opacity":"","overlay-gradient":""}},"ast-content-background-meta":{"desktop":{"background-color":"var(--ast-global-color-5)","background-image":"","background-repeat":"repeat","background-position":"center center","background-size":"auto","background-attachment":"scroll","background-type":"","background-media":"","overlay-type":"","overlay-color":"","overlay-opacity":"","overlay-gradient":""},"tablet":{"background-color":"var(--ast-global-color-5)","background-image":"","background-repeat":"repeat","background-position":"center center","background-size":"auto","background-attachment":"scroll","background-type":"","background-media":"","overlay-type":"","overlay-color":"","overlay-opacity":"","overlay-gradient":""},"mobile":{"background-color":"var(--ast-global-color-5)","background-image":"","background-repeat":"repeat","background-position":"center center","background-size":"auto","background-attachment":"scroll","background-type":"","background-media":"","overlay-type":"","overlay-color":"","overlay-opacity":"","overlay-gradient":""}}},"product_brand":[],"product_cat":[2997],"product_tag":[],"class_list":{"0":"post-15579","1":"product","2":"type-product","3":"status-publish","4":"has-post-thumbnail","6":"product_cat-loupes-pour-la-lecture-fr","7":"desktop-align-center","8":"tablet-align-center","9":"mobile-align-center","10":"ast-product-gallery-layout-horizontal-slider","11":"ast-product-gallery-with-no-image","12":"ast-product-tabs-layout-accordion","14":"first","15":"onbackorder","16":"taxable","17":"shipping-taxable","18":"purchasable","19":"product-type-simple"},"yoast_head":"<!-- This site is optimized with the Yoast SEO plugin v27.5 - https:\/\/yoast.com\/product\/yoast-seo-wordpress\/ -->\n<title>Loupe \u00e0 main Eschenbach Mobilux LED 10D 3,5x 78 x 50 mm im Onlineshop | Gleichcom AG<\/title>\n<meta name=\"description\" content=\"\u2705 Loupe pratique et abordable avec un grossissement de 3,5x pour lire les petits caract\u00e8res \u00e0 la maison ou sur la route.\" \/>\n<meta name=\"robots\" content=\"noindex, follow, max-snippet:-1, max-image-preview:large, max-video-preview:-1\" \/>\n<meta property=\"og:locale\" content=\"fr_FR\" \/>\n<meta property=\"og:type\" content=\"article\" \/>\n<meta property=\"og:title\" content=\"Loupe \u00e0 main Eschenbach Mobilux LED 10D 3,5x 78 x 50 mm im Onlineshop | Gleichcom AG\" \/>\n<meta property=\"og:description\" content=\"\u2705 Loupe pratique et abordable avec un grossissement de 3,5x pour lire les petits caract\u00e8res \u00e0 la maison ou sur la route.\" \/>\n<meta property=\"og:url\" content=\"https:\/\/www.gleichcom.samuraidev.ch\/fr\/shop\/eschenbach-handlupe-mobilux-led-10d-3-5-fach-78-x-50mm\/\" \/>\n<meta property=\"og:site_name\" content=\"Gleichcom AG\" \/>\n<meta property=\"article:publisher\" content=\"https:\/\/www.facebook.com\/profile.php?id=100068749126981\" \/>\n<meta property=\"og:image\" content=\"https:\/\/www.gleichcom.samuraidev.ch\/wp-content\/uploads\/2023\/09\/15113.jpg\" \/>\n\t<meta property=\"og:image:width\" content=\"500\" \/>\n\t<meta property=\"og:image:height\" content=\"286\" \/>\n\t<meta property=\"og:image:type\" content=\"image\/jpeg\" \/>\n<meta name=\"twitter:card\" content=\"summary_large_image\" \/>\n<script type=\"application\/ld+json\" class=\"yoast-schema-graph\">{\"@context\":\"https:\\\/\\\/schema.org\",\"@graph\":[{\"@type\":\"WebPage\",\"@id\":\"https:\\\/\\\/www.gleichcom.samuraidev.ch\\\/fr\\\/shop\\\/eschenbach-handlupe-mobilux-led-10d-3-5-fach-78-x-50mm\\\/\",\"url\":\"https:\\\/\\\/www.gleichcom.samuraidev.ch\\\/fr\\\/shop\\\/eschenbach-handlupe-mobilux-led-10d-3-5-fach-78-x-50mm\\\/\",\"name\":\"Loupe \u00e0 main Eschenbach Mobilux LED 10D 3,5x 78 x 50 mm im Onlineshop | Gleichcom AG\",\"isPartOf\":{\"@id\":\"https:\\\/\\\/www.gleichcom.samuraidev.ch\\\/fr\\\/#website\"},\"primaryImageOfPage\":{\"@id\":\"https:\\\/\\\/www.gleichcom.samuraidev.ch\\\/fr\\\/shop\\\/eschenbach-handlupe-mobilux-led-10d-3-5-fach-78-x-50mm\\\/#primaryimage\"},\"image\":{\"@id\":\"https:\\\/\\\/www.gleichcom.samuraidev.ch\\\/fr\\\/shop\\\/eschenbach-handlupe-mobilux-led-10d-3-5-fach-78-x-50mm\\\/#primaryimage\"},\"thumbnailUrl\":\"https:\\\/\\\/www.gleichcom.samuraidev.ch\\\/wp-content\\\/uploads\\\/2023\\\/09\\\/15113.jpg\",\"datePublished\":\"2021-04-24T11:50:10+00:00\",\"description\":\"\u2705 Loupe pratique et abordable avec un grossissement de 3,5x pour lire les petits caract\u00e8res \u00e0 la maison ou sur la route.\",\"breadcrumb\":{\"@id\":\"https:\\\/\\\/www.gleichcom.samuraidev.ch\\\/fr\\\/shop\\\/eschenbach-handlupe-mobilux-led-10d-3-5-fach-78-x-50mm\\\/#breadcrumb\"},\"inLanguage\":\"fr-FR\",\"potentialAction\":[{\"@type\":\"ReadAction\",\"target\":[\"https:\\\/\\\/www.gleichcom.samuraidev.ch\\\/fr\\\/shop\\\/eschenbach-handlupe-mobilux-led-10d-3-5-fach-78-x-50mm\\\/\"]}]},{\"@type\":\"ImageObject\",\"inLanguage\":\"fr-FR\",\"@id\":\"https:\\\/\\\/www.gleichcom.samuraidev.ch\\\/fr\\\/shop\\\/eschenbach-handlupe-mobilux-led-10d-3-5-fach-78-x-50mm\\\/#primaryimage\",\"url\":\"https:\\\/\\\/www.gleichcom.samuraidev.ch\\\/wp-content\\\/uploads\\\/2023\\\/09\\\/15113.jpg\",\"contentUrl\":\"https:\\\/\\\/www.gleichcom.samuraidev.ch\\\/wp-content\\\/uploads\\\/2023\\\/09\\\/15113.jpg\",\"width\":500,\"height\":286},{\"@type\":\"BreadcrumbList\",\"@id\":\"https:\\\/\\\/www.gleichcom.samuraidev.ch\\\/fr\\\/shop\\\/eschenbach-handlupe-mobilux-led-10d-3-5-fach-78-x-50mm\\\/#breadcrumb\",\"itemListElement\":[{\"@type\":\"ListItem\",\"position\":1,\"name\":\"Startseite\",\"item\":\"https:\\\/\\\/www.gleichcom.samuraidev.ch\\\/fr\\\/\"},{\"@type\":\"ListItem\",\"position\":2,\"name\":\"Shop\",\"item\":\"https:\\\/\\\/www.gleichcom.samuraidev.ch\\\/fr\\\/shop\\\/\"},{\"@type\":\"ListItem\",\"position\":3,\"name\":\"Loupe \u00e0 main Eschenbach Mobilux LED 10D 3,5x 78 x 50 mm\"}]},{\"@type\":\"WebSite\",\"@id\":\"https:\\\/\\\/www.gleichcom.samuraidev.ch\\\/fr\\\/#website\",\"url\":\"https:\\\/\\\/www.gleichcom.samuraidev.ch\\\/fr\\\/\",\"name\":\"Gleichcom AG\",\"description\":\"besser h\u00f6ren. besser sehen. besser leben.\",\"publisher\":{\"@id\":\"https:\\\/\\\/www.gleichcom.samuraidev.ch\\\/fr\\\/#organization\"},\"alternateName\":\"Gleichcom\",\"potentialAction\":[{\"@type\":\"SearchAction\",\"target\":{\"@type\":\"EntryPoint\",\"urlTemplate\":\"https:\\\/\\\/www.gleichcom.samuraidev.ch\\\/fr\\\/?s={search_term_string}\"},\"query-input\":{\"@type\":\"PropertyValueSpecification\",\"valueRequired\":true,\"valueName\":\"search_term_string\"}}],\"inLanguage\":\"fr-FR\"},{\"@type\":\"Organization\",\"@id\":\"https:\\\/\\\/www.gleichcom.samuraidev.ch\\\/fr\\\/#organization\",\"name\":\"Gleichcom AG\",\"alternateName\":\"Gleichcom\",\"url\":\"https:\\\/\\\/www.gleichcom.samuraidev.ch\\\/fr\\\/\",\"logo\":{\"@type\":\"ImageObject\",\"inLanguage\":\"fr-FR\",\"@id\":\"https:\\\/\\\/www.gleichcom.samuraidev.ch\\\/fr\\\/#\\\/schema\\\/logo\\\/image\\\/\",\"url\":\"https:\\\/\\\/www.gleichcom.samuraidev.ch\\\/wp-content\\\/uploads\\\/2023\\\/09\\\/gleichcom-ag-logo-quadrat-farbig-mitte@696.png\",\"contentUrl\":\"https:\\\/\\\/www.gleichcom.samuraidev.ch\\\/wp-content\\\/uploads\\\/2023\\\/09\\\/gleichcom-ag-logo-quadrat-farbig-mitte@696.png\",\"width\":437,\"height\":437,\"caption\":\"Gleichcom AG\"},\"image\":{\"@id\":\"https:\\\/\\\/www.gleichcom.samuraidev.ch\\\/fr\\\/#\\\/schema\\\/logo\\\/image\\\/\"},\"sameAs\":[\"https:\\\/\\\/www.facebook.com\\\/profile.php?id=100068749126981\"]}]}<\/script>\n<!-- \/ Yoast SEO plugin. -->","yoast_head_json":{"title":"Loupe \u00e0 main Eschenbach Mobilux LED 10D 3,5x 78 x 50 mm im Onlineshop | Gleichcom AG","description":"\u2705 Loupe pratique et abordable avec un grossissement de 3,5x pour lire les petits caract\u00e8res \u00e0 la maison ou sur la route.","robots":{"index":"noindex","follow":"follow","max-snippet":"max-snippet:-1","max-image-preview":"max-image-preview:large","max-video-preview":"max-video-preview:-1"},"og_locale":"fr_FR","og_type":"article","og_title":"Loupe \u00e0 main Eschenbach Mobilux LED 10D 3,5x 78 x 50 mm im Onlineshop | Gleichcom AG","og_description":"\u2705 Loupe pratique et abordable avec un grossissement de 3,5x pour lire les petits caract\u00e8res \u00e0 la maison ou sur la route.","og_url":"https:\/\/www.gleichcom.samuraidev.ch\/fr\/shop\/eschenbach-handlupe-mobilux-led-10d-3-5-fach-78-x-50mm\/","og_site_name":"Gleichcom AG","article_publisher":"https:\/\/www.facebook.com\/profile.php?id=100068749126981","og_image":[{"width":500,"height":286,"url":"https:\/\/www.gleichcom.samuraidev.ch\/wp-content\/uploads\/2023\/09\/15113.jpg","type":"image\/jpeg"}],"twitter_card":"summary_large_image","schema":{"@context":"https:\/\/schema.org","@graph":[{"@type":"WebPage","@id":"https:\/\/www.gleichcom.samuraidev.ch\/fr\/shop\/eschenbach-handlupe-mobilux-led-10d-3-5-fach-78-x-50mm\/","url":"https:\/\/www.gleichcom.samuraidev.ch\/fr\/shop\/eschenbach-handlupe-mobilux-led-10d-3-5-fach-78-x-50mm\/","name":"Loupe \u00e0 main Eschenbach Mobilux LED 10D 3,5x 78 x 50 mm im Onlineshop | Gleichcom AG","isPartOf":{"@id":"https:\/\/www.gleichcom.samuraidev.ch\/fr\/#website"},"primaryImageOfPage":{"@id":"https:\/\/www.gleichcom.samuraidev.ch\/fr\/shop\/eschenbach-handlupe-mobilux-led-10d-3-5-fach-78-x-50mm\/#primaryimage"},"image":{"@id":"https:\/\/www.gleichcom.samuraidev.ch\/fr\/shop\/eschenbach-handlupe-mobilux-led-10d-3-5-fach-78-x-50mm\/#primaryimage"},"thumbnailUrl":"https:\/\/www.gleichcom.samuraidev.ch\/wp-content\/uploads\/2023\/09\/15113.jpg","datePublished":"2021-04-24T11:50:10+00:00","description":"\u2705 Loupe pratique et abordable avec un grossissement de 3,5x pour lire les petits caract\u00e8res \u00e0 la maison ou sur la route.","breadcrumb":{"@id":"https:\/\/www.gleichcom.samuraidev.ch\/fr\/shop\/eschenbach-handlupe-mobilux-led-10d-3-5-fach-78-x-50mm\/#breadcrumb"},"inLanguage":"fr-FR","potentialAction":[{"@type":"ReadAction","target":["https:\/\/www.gleichcom.samuraidev.ch\/fr\/shop\/eschenbach-handlupe-mobilux-led-10d-3-5-fach-78-x-50mm\/"]}]},{"@type":"ImageObject","inLanguage":"fr-FR","@id":"https:\/\/www.gleichcom.samuraidev.ch\/fr\/shop\/eschenbach-handlupe-mobilux-led-10d-3-5-fach-78-x-50mm\/#primaryimage","url":"https:\/\/www.gleichcom.samuraidev.ch\/wp-content\/uploads\/2023\/09\/15113.jpg","contentUrl":"https:\/\/www.gleichcom.samuraidev.ch\/wp-content\/uploads\/2023\/09\/15113.jpg","width":500,"height":286},{"@type":"BreadcrumbList","@id":"https:\/\/www.gleichcom.samuraidev.ch\/fr\/shop\/eschenbach-handlupe-mobilux-led-10d-3-5-fach-78-x-50mm\/#breadcrumb","itemListElement":[{"@type":"ListItem","position":1,"name":"Startseite","item":"https:\/\/www.gleichcom.samuraidev.ch\/fr\/"},{"@type":"ListItem","position":2,"name":"Shop","item":"https:\/\/www.gleichcom.samuraidev.ch\/fr\/shop\/"},{"@type":"ListItem","position":3,"name":"Loupe \u00e0 main Eschenbach Mobilux LED 10D 3,5x 78 x 50 mm"}]},{"@type":"WebSite","@id":"https:\/\/www.gleichcom.samuraidev.ch\/fr\/#website","url":"https:\/\/www.gleichcom.samuraidev.ch\/fr\/","name":"Gleichcom AG","description":"besser h\u00f6ren. besser sehen. besser leben.","publisher":{"@id":"https:\/\/www.gleichcom.samuraidev.ch\/fr\/#organization"},"alternateName":"Gleichcom","potentialAction":[{"@type":"SearchAction","target":{"@type":"EntryPoint","urlTemplate":"https:\/\/www.gleichcom.samuraidev.ch\/fr\/?s={search_term_string}"},"query-input":{"@type":"PropertyValueSpecification","valueRequired":true,"valueName":"search_term_string"}}],"inLanguage":"fr-FR"},{"@type":"Organization","@id":"https:\/\/www.gleichcom.samuraidev.ch\/fr\/#organization","name":"Gleichcom AG","alternateName":"Gleichcom","url":"https:\/\/www.gleichcom.samuraidev.ch\/fr\/","logo":{"@type":"ImageObject","inLanguage":"fr-FR","@id":"https:\/\/www.gleichcom.samuraidev.ch\/fr\/#\/schema\/logo\/image\/","url":"https:\/\/www.gleichcom.samuraidev.ch\/wp-content\/uploads\/2023\/09\/gleichcom-ag-logo-quadrat-farbig-mitte@696.png","contentUrl":"https:\/\/www.gleichcom.samuraidev.ch\/wp-content\/uploads\/2023\/09\/gleichcom-ag-logo-quadrat-farbig-mitte@696.png","width":437,"height":437,"caption":"Gleichcom AG"},"image":{"@id":"https:\/\/www.gleichcom.samuraidev.ch\/fr\/#\/schema\/logo\/image\/"},"sameAs":["https:\/\/www.facebook.com\/profile.php?id=100068749126981"]}]}},"uagb_featured_image_src":{"full":["https:\/\/www.gleichcom.samuraidev.ch\/wp-content\/uploads\/2023\/09\/15113.jpg",500,286,false],"thumbnail":["https:\/\/www.gleichcom.samuraidev.ch\/wp-content\/uploads\/2023\/09\/15113.jpg",150,86,false],"medium":["https:\/\/www.gleichcom.samuraidev.ch\/wp-content\/uploads\/2023\/09\/15113.jpg",300,172,false],"medium_large":["https:\/\/www.gleichcom.samuraidev.ch\/wp-content\/uploads\/2023\/09\/15113.jpg",500,286,false],"large":["https:\/\/www.gleichcom.samuraidev.ch\/wp-content\/uploads\/2023\/09\/15113.jpg",500,286,false],"1536x1536":["https:\/\/www.gleichcom.samuraidev.ch\/wp-content\/uploads\/2023\/09\/15113.jpg",500,286,false],"2048x2048":["https:\/\/www.gleichcom.samuraidev.ch\/wp-content\/uploads\/2023\/09\/15113.jpg",500,286,false],"woocommerce_thumbnail":["https:\/\/www.gleichcom.samuraidev.ch\/wp-content\/uploads\/2023\/09\/15113.jpg",300,172,false],"woocommerce_single":["https:\/\/www.gleichcom.samuraidev.ch\/wp-content\/uploads\/2023\/09\/15113.jpg",500,286,false],"woocommerce_gallery_thumbnail":["https:\/\/www.gleichcom.samuraidev.ch\/wp-content\/uploads\/2023\/09\/15113-100x100.jpg",100,100,true]},"uagb_author_info":{"display_name":"","author_link":"https:\/\/www.gleichcom.samuraidev.ch\/fr\/author\/"},"uagb_comment_info":0,"uagb_excerpt":"Loupe pratique et abordable avec un grossissement de 3,5x pour lire les petits caract\u00e8res \u00e0 la maison ou sur la route.","_links":{"self":[{"href":"https:\/\/www.gleichcom.samuraidev.ch\/fr\/wp-json\/wp\/v2\/product\/15579","targetHints":{"allow":["GET"]}}],"collection":[{"href":"https:\/\/www.gleichcom.samuraidev.ch\/fr\/wp-json\/wp\/v2\/product"}],"about":[{"href":"https:\/\/www.gleichcom.samuraidev.ch\/fr\/wp-json\/wp\/v2\/types\/product"}],"wp:featuredmedia":[{"embeddable":true,"href":"https:\/\/www.gleichcom.samuraidev.ch\/fr\/wp-json\/wp\/v2\/media\/15577"}],"wp:attachment":[{"href":"https:\/\/www.gleichcom.samuraidev.ch\/fr\/wp-json\/wp\/v2\/media?parent=15579"}],"wp:term":[{"taxonomy":"product_brand","embeddable":true,"href":"https:\/\/www.gleichcom.samuraidev.ch\/fr\/wp-json\/wp\/v2\/product_brand?post=15579"},{"taxonomy":"product_cat","embeddable":true,"href":"https:\/\/www.gleichcom.samuraidev.ch\/fr\/wp-json\/wp\/v2\/product_cat?post=15579"},{"taxonomy":"product_tag","embeddable":true,"href":"https:\/\/www.gleichcom.samuraidev.ch\/fr\/wp-json\/wp\/v2\/product_tag?post=15579"}],"curies":[{"name":"wp","href":"https:\/\/api.w.org\/{rel}","templated":true}]}}