{"id":15930,"date":"2021-06-17T10:09:34","date_gmt":"2021-06-17T08:09:34","guid":{"rendered":"https:\/\/www.gleichcom.samuraidev.ch\/?product=humantechnik-gateway-signolux-zu-smartphones-3808"},"modified":"1000-01-01T00:00:00","modified_gmt":"1000-01-01T00:00:00","slug":"humantechnik-gateway-signolux-zu-smartphones-3808","status":"publish","type":"product","link":"https:\/\/www.gleichcom.samuraidev.ch\/fr\/shop\/humantechnik-gateway-signolux-zu-smartphones-3808\/","title":{"rendered":"Gateway \u00ab signolux \u00bb, communication vers les r\u00e9seaux mobiles Blanc"},"content":{"rendered":"<div>\n\t<span style=\"color:#000000;\"><strong><span style=\"font-size:16px;\">Gateway \u00ab signolux \u00bb, communication vers les r\u00e9seaux mobiles<\/span><\/strong><\/p>\n<p>\tLe r\u00e9cepteur Gateway \u00ab signolux \u00bb \u00e9tabli la communication entre le syst\u00e8me de signalisation radio lisa et un routeur. Celui-ci communique vers les r\u00e9seaux mobiles les \u00e9v\u00e9nements d\u00e9tect\u00e9s. Ainsi tous les signaux \u00ab signolux \u00bb peuvent \u00eatre re\u00e7us sur le smartphone (appareils mobiles Apple et Android) \u00e0 chaque moment et n\u2019importe o\u00f9, en principe partout dans le monde.<\/p>\n<p>\tLa r\u00e9ception sur le smartphone implique l\u2019installation de l\u2019App \u00ab Humantechnik:Alert \u00bb sur chaque appareil Android ou iOS.\u00a0<\/p>\n<p>\tL\u2019application est disponible gratuitement dans les diff\u00e9rents App-stores.<br \/>\n\tPour avoir une id\u00e9e de la fa\u00e7on dont fonctionne l&rsquo;application, m\u00eame sans un r\u00e9cepteur Gateway, il est possible de configurer l&rsquo;application en mode de d\u00e9monstration.<\/span><br \/>\n\t\u00a0\n<\/div>\n<table border=\"0\" cellpadding=\"0\" cellspacing=\"0\" style=\"width: 810px;\" width=\"841\">\n<tbody>\n<tr>\n<td style=\"width: 220px;\">\n<div>\n\t\t\t\t<span style=\"color:#000000;\"><strong>Caract\u00e9ristiques techniques<\/strong><\/span>\n\t\t\t<\/div>\n<\/td>\n<td style=\"width: 584px;\">\n<div>\n\t\t\t\t<span style=\"color:#000000;\">\u00a0<\/span>\n\t\t\t<\/div>\n<\/td>\n<\/tr>\n<tr>\n<td style=\"width: 220px;\">\n<div>\n\t\t\t\t<span style=\"color:#000000;\">Dimensions (haut. x larg. x prof.) :<\/span>\n\t\t\t<\/div>\n<\/td>\n<td style=\"width: 584px;\">\n<div>\n\t\t\t\t<span style=\"color:#000000;\">41x117x133<\/span>\n\t\t\t<\/div>\n<\/td>\n<\/tr>\n<tr>\n<td style=\"width: 220px;\">\n<div>\n\t\t\t\t<span style=\"color:#000000;\">Coloris :<\/span>\n\t\t\t<\/div>\n<\/td>\n<td style=\"width: 584px;\">\n<div>\n\t\t\t\t<span style=\"color:#000000;\">noir<\/span>\n\t\t\t<\/div>\n<\/td>\n<\/tr>\n<tr>\n<td style=\"width: 220px;\">\n<div>\n\t\t\t\t<span style=\"color:#000000;\">Poids :<\/span>\n\t\t\t<\/div>\n<\/td>\n<td style=\"width: 584px;\">\n<div>\n\t\t\t\t<span style=\"color:#000000;\">242 g<\/span>\n\t\t\t<\/div>\n<\/td>\n<\/tr>\n<tr>\n<td style=\"width: 220px;\">\n<div>\n\t\t\t\t<span style=\"color:#000000;\">Alimentation \u00e9lectrique :<\/span>\n\t\t\t<\/div>\n<\/td>\n<td style=\"width: 584px;\">\n<div>\n\t\t\t\t<span style=\"color:#000000;\">bloc-secteur enfichable 5V par Micro-USB<\/span>\n\t\t\t<\/div>\n<\/td>\n<\/tr>\n<tr>\n<td style=\"width: 220px;\">\n<div>\n\t\t\t\t<span style=\"color:#000000;\">Conditions requises :<\/span>\n\t\t\t<\/div>\n<\/td>\n<td style=\"width: 584px;\">\n<div>\n\t\t\t\t<span style=\"color:#000000;\">Un routeur internet install\u00e9 avec une connexion internet fonctionnelle<\/span>\n\t\t\t<\/div>\n<\/td>\n<\/tr>\n<tr>\n<td style=\"width: 220px;\">\n<div>\n\t\t\t\t<span style=\"color:#000000;\">\u00a0<\/span>\n\t\t\t<\/div>\n<\/td>\n<td style=\"width: 584px;\">\n<div>\n\t\t\t\t<span style=\"color:#000000;\">et d\u2019un port LAN libre (Connexion libre de configuration par fournisseur,<br \/>\n\t\t\t\tDHPC doit \u00eatre activ\u00e9)<\/span>\n\t\t\t<\/div>\n<\/td>\n<\/tr>\n<\/tbody>\n<\/table>\n","protected":false},"excerpt":{"rendered":"<p>\tLe r\u00e9cepteur Gateway \u00ab signolux \u00bb \u00e9tabli la communication entre le syst\u00e8me de signalisation radio lisa et un routeur. Celui-ci communique vers les r\u00e9seaux mobiles les \u00e9v\u00e9nements d\u00e9tect\u00e9s. Ainsi tous les signaux \u00ab signolux \u00bb peuvent \u00eatre re\u00e7us sur le smartphone (appareils mobiles Apple et Android) \u00e0 chaque moment et n\u2019importe o\u00f9, en principe partout dans le monde.<br \/>\n\t\u00a0<\/p>\n","protected":false},"featured_media":15919,"template":"","meta":{"inline_featured_image":false,"_uag_custom_page_level_css":"","site-sidebar-layout":"default","site-content-layout":"","ast-site-content-layout":"default","site-content-style":"default","site-sidebar-style":"default","ast-global-header-display":"","ast-banner-title-visibility":"","ast-main-header-display":"","ast-hfb-above-header-display":"","ast-hfb-below-header-display":"","ast-hfb-mobile-header-display":"","site-post-title":"","ast-breadcrumbs-content":"","ast-featured-img":"","footer-sml-layout":"","ast-disable-related-posts":"","theme-transparent-header-meta":"","adv-header-id-meta":"","stick-header-meta":"","header-above-stick-meta":"","header-main-stick-meta":"","header-below-stick-meta":"","astra-migrate-meta-layouts":"default","ast-page-background-enabled":"default","ast-page-background-meta":{"desktop":{"background-color":"","background-image":"","background-repeat":"repeat","background-position":"center center","background-size":"auto","background-attachment":"scroll","background-type":"","background-media":"","overlay-type":"","overlay-color":"","overlay-opacity":"","overlay-gradient":""},"tablet":{"background-color":"","background-image":"","background-repeat":"repeat","background-position":"center center","background-size":"auto","background-attachment":"scroll","background-type":"","background-media":"","overlay-type":"","overlay-color":"","overlay-opacity":"","overlay-gradient":""},"mobile":{"background-color":"","background-image":"","background-repeat":"repeat","background-position":"center center","background-size":"auto","background-attachment":"scroll","background-type":"","background-media":"","overlay-type":"","overlay-color":"","overlay-opacity":"","overlay-gradient":""}},"ast-content-background-meta":{"desktop":{"background-color":"var(--ast-global-color-5)","background-image":"","background-repeat":"repeat","background-position":"center center","background-size":"auto","background-attachment":"scroll","background-type":"","background-media":"","overlay-type":"","overlay-color":"","overlay-opacity":"","overlay-gradient":""},"tablet":{"background-color":"var(--ast-global-color-5)","background-image":"","background-repeat":"repeat","background-position":"center center","background-size":"auto","background-attachment":"scroll","background-type":"","background-media":"","overlay-type":"","overlay-color":"","overlay-opacity":"","overlay-gradient":""},"mobile":{"background-color":"var(--ast-global-color-5)","background-image":"","background-repeat":"repeat","background-position":"center center","background-size":"auto","background-attachment":"scroll","background-type":"","background-media":"","overlay-type":"","overlay-color":"","overlay-opacity":"","overlay-gradient":""}}},"product_brand":[],"product_cat":[2933,1776],"product_tag":[],"class_list":{"0":"post-15930","1":"product","2":"type-product","3":"status-publish","4":"has-post-thumbnail","6":"product_cat-humantechnik-signolux-fr","7":"product_cat-unkategorisiert","8":"desktop-align-center","9":"tablet-align-center","10":"mobile-align-center","11":"ast-product-gallery-layout-horizontal-slider","12":"ast-product-tabs-layout-accordion","14":"first","15":"onbackorder","16":"taxable","17":"shipping-taxable","18":"purchasable","19":"product-type-simple"},"yoast_head":"<!-- This site is optimized with the Yoast SEO plugin v27.5 - https:\/\/yoast.com\/product\/yoast-seo-wordpress\/ -->\n<title>Gateway \u00ab signolux \u00bb, communication vers les r\u00e9seaux mobiles Blanc im Onlineshop | Gleichcom AG<\/title>\n<meta name=\"description\" content=\"\u2705 Le r\u00e9cepteur Gateway \u00ab signolux \u00bb \u00e9tabli la communication entre le syst\u00e8me de signalisation radio lisa et un routeur. Celui-ci communique vers les r\u00e9seaux mobiles les \u00e9v\u00e9nements d\u00e9tect\u00e9s. Ainsi tous les signaux \u00ab signolux \u00bb peuvent \u00eatre re\u00e7us sur le smartphone (appareils mobiles Apple et Android) \u00e0 chaque moment et n\u2019importe o\u00f9, en principe partout dans le monde.  \u00a0\" \/>\n<meta name=\"robots\" content=\"noindex, follow, max-snippet:-1, max-image-preview:large, max-video-preview:-1\" \/>\n<meta property=\"og:locale\" content=\"fr_FR\" \/>\n<meta property=\"og:type\" content=\"article\" \/>\n<meta property=\"og:title\" content=\"Gateway \u00ab signolux \u00bb, communication vers les r\u00e9seaux mobiles Blanc im Onlineshop | Gleichcom AG\" \/>\n<meta property=\"og:description\" content=\"\u2705 Le r\u00e9cepteur Gateway \u00ab signolux \u00bb \u00e9tabli la communication entre le syst\u00e8me de signalisation radio lisa et un routeur. Celui-ci communique vers les r\u00e9seaux mobiles les \u00e9v\u00e9nements d\u00e9tect\u00e9s. Ainsi tous les signaux \u00ab signolux \u00bb peuvent \u00eatre re\u00e7us sur le smartphone (appareils mobiles Apple et Android) \u00e0 chaque moment et n\u2019importe o\u00f9, en principe partout dans le monde.  \u00a0\" \/>\n<meta property=\"og:url\" content=\"https:\/\/www.gleichcom.samuraidev.ch\/fr\/shop\/humantechnik-gateway-signolux-zu-smartphones-3808\/\" \/>\n<meta property=\"og:site_name\" content=\"Gleichcom AG\" \/>\n<meta property=\"article:publisher\" content=\"https:\/\/www.facebook.com\/profile.php?id=100068749126981\" \/>\n<meta property=\"og:image\" content=\"https:\/\/www.gleichcom.samuraidev.ch\/wp-content\/uploads\/2023\/09\/HumantechnikGatewaysignolux_3808_0.jpg\" \/>\n\t<meta property=\"og:image:width\" content=\"500\" \/>\n\t<meta property=\"og:image:height\" content=\"276\" \/>\n\t<meta property=\"og:image:type\" content=\"image\/jpeg\" \/>\n<meta name=\"twitter:card\" content=\"summary_large_image\" \/>\n<script type=\"application\/ld+json\" class=\"yoast-schema-graph\">{\"@context\":\"https:\\\/\\\/schema.org\",\"@graph\":[{\"@type\":\"WebPage\",\"@id\":\"https:\\\/\\\/www.gleichcom.samuraidev.ch\\\/fr\\\/shop\\\/humantechnik-gateway-signolux-zu-smartphones-3808\\\/\",\"url\":\"https:\\\/\\\/www.gleichcom.samuraidev.ch\\\/fr\\\/shop\\\/humantechnik-gateway-signolux-zu-smartphones-3808\\\/\",\"name\":\"Gateway \u00ab signolux \u00bb, communication vers les r\u00e9seaux mobiles Blanc im Onlineshop | Gleichcom AG\",\"isPartOf\":{\"@id\":\"https:\\\/\\\/www.gleichcom.samuraidev.ch\\\/fr\\\/#website\"},\"primaryImageOfPage\":{\"@id\":\"https:\\\/\\\/www.gleichcom.samuraidev.ch\\\/fr\\\/shop\\\/humantechnik-gateway-signolux-zu-smartphones-3808\\\/#primaryimage\"},\"image\":{\"@id\":\"https:\\\/\\\/www.gleichcom.samuraidev.ch\\\/fr\\\/shop\\\/humantechnik-gateway-signolux-zu-smartphones-3808\\\/#primaryimage\"},\"thumbnailUrl\":\"https:\\\/\\\/www.gleichcom.samuraidev.ch\\\/wp-content\\\/uploads\\\/2023\\\/09\\\/HumantechnikGatewaysignolux_3808_0.jpg\",\"datePublished\":\"2021-06-17T08:09:34+00:00\",\"description\":\"\u2705 Le r\u00e9cepteur Gateway \u00ab signolux \u00bb \u00e9tabli la communication entre le syst\u00e8me de signalisation radio lisa et un routeur. Celui-ci communique vers les r\u00e9seaux mobiles les \u00e9v\u00e9nements d\u00e9tect\u00e9s. Ainsi tous les signaux \u00ab signolux \u00bb peuvent \u00eatre re\u00e7us sur le smartphone (appareils mobiles Apple et Android) \u00e0 chaque moment et n\u2019importe o\u00f9, en principe partout dans le monde. \u00a0\",\"breadcrumb\":{\"@id\":\"https:\\\/\\\/www.gleichcom.samuraidev.ch\\\/fr\\\/shop\\\/humantechnik-gateway-signolux-zu-smartphones-3808\\\/#breadcrumb\"},\"inLanguage\":\"fr-FR\",\"potentialAction\":[{\"@type\":\"ReadAction\",\"target\":[\"https:\\\/\\\/www.gleichcom.samuraidev.ch\\\/fr\\\/shop\\\/humantechnik-gateway-signolux-zu-smartphones-3808\\\/\"]}]},{\"@type\":\"ImageObject\",\"inLanguage\":\"fr-FR\",\"@id\":\"https:\\\/\\\/www.gleichcom.samuraidev.ch\\\/fr\\\/shop\\\/humantechnik-gateway-signolux-zu-smartphones-3808\\\/#primaryimage\",\"url\":\"https:\\\/\\\/www.gleichcom.samuraidev.ch\\\/wp-content\\\/uploads\\\/2023\\\/09\\\/HumantechnikGatewaysignolux_3808_0.jpg\",\"contentUrl\":\"https:\\\/\\\/www.gleichcom.samuraidev.ch\\\/wp-content\\\/uploads\\\/2023\\\/09\\\/HumantechnikGatewaysignolux_3808_0.jpg\",\"width\":500,\"height\":276},{\"@type\":\"BreadcrumbList\",\"@id\":\"https:\\\/\\\/www.gleichcom.samuraidev.ch\\\/fr\\\/shop\\\/humantechnik-gateway-signolux-zu-smartphones-3808\\\/#breadcrumb\",\"itemListElement\":[{\"@type\":\"ListItem\",\"position\":1,\"name\":\"Startseite\",\"item\":\"https:\\\/\\\/www.gleichcom.samuraidev.ch\\\/fr\\\/\"},{\"@type\":\"ListItem\",\"position\":2,\"name\":\"Shop\",\"item\":\"https:\\\/\\\/www.gleichcom.samuraidev.ch\\\/fr\\\/shop\\\/\"},{\"@type\":\"ListItem\",\"position\":3,\"name\":\"Gateway \u00ab signolux \u00bb, communication vers les r\u00e9seaux mobiles Blanc\"}]},{\"@type\":\"WebSite\",\"@id\":\"https:\\\/\\\/www.gleichcom.samuraidev.ch\\\/fr\\\/#website\",\"url\":\"https:\\\/\\\/www.gleichcom.samuraidev.ch\\\/fr\\\/\",\"name\":\"Gleichcom AG\",\"description\":\"besser h\u00f6ren. besser sehen. besser leben.\",\"publisher\":{\"@id\":\"https:\\\/\\\/www.gleichcom.samuraidev.ch\\\/fr\\\/#organization\"},\"alternateName\":\"Gleichcom\",\"potentialAction\":[{\"@type\":\"SearchAction\",\"target\":{\"@type\":\"EntryPoint\",\"urlTemplate\":\"https:\\\/\\\/www.gleichcom.samuraidev.ch\\\/fr\\\/?s={search_term_string}\"},\"query-input\":{\"@type\":\"PropertyValueSpecification\",\"valueRequired\":true,\"valueName\":\"search_term_string\"}}],\"inLanguage\":\"fr-FR\"},{\"@type\":\"Organization\",\"@id\":\"https:\\\/\\\/www.gleichcom.samuraidev.ch\\\/fr\\\/#organization\",\"name\":\"Gleichcom AG\",\"alternateName\":\"Gleichcom\",\"url\":\"https:\\\/\\\/www.gleichcom.samuraidev.ch\\\/fr\\\/\",\"logo\":{\"@type\":\"ImageObject\",\"inLanguage\":\"fr-FR\",\"@id\":\"https:\\\/\\\/www.gleichcom.samuraidev.ch\\\/fr\\\/#\\\/schema\\\/logo\\\/image\\\/\",\"url\":\"https:\\\/\\\/www.gleichcom.samuraidev.ch\\\/wp-content\\\/uploads\\\/2023\\\/09\\\/gleichcom-ag-logo-quadrat-farbig-mitte@696.png\",\"contentUrl\":\"https:\\\/\\\/www.gleichcom.samuraidev.ch\\\/wp-content\\\/uploads\\\/2023\\\/09\\\/gleichcom-ag-logo-quadrat-farbig-mitte@696.png\",\"width\":437,\"height\":437,\"caption\":\"Gleichcom AG\"},\"image\":{\"@id\":\"https:\\\/\\\/www.gleichcom.samuraidev.ch\\\/fr\\\/#\\\/schema\\\/logo\\\/image\\\/\"},\"sameAs\":[\"https:\\\/\\\/www.facebook.com\\\/profile.php?id=100068749126981\"]}]}<\/script>\n<!-- \/ Yoast SEO plugin. -->","yoast_head_json":{"title":"Gateway \u00ab signolux \u00bb, communication vers les r\u00e9seaux mobiles Blanc im Onlineshop | Gleichcom AG","description":"\u2705 Le r\u00e9cepteur Gateway \u00ab signolux \u00bb \u00e9tabli la communication entre le syst\u00e8me de signalisation radio lisa et un routeur. Celui-ci communique vers les r\u00e9seaux mobiles les \u00e9v\u00e9nements d\u00e9tect\u00e9s. Ainsi tous les signaux \u00ab signolux \u00bb peuvent \u00eatre re\u00e7us sur le smartphone (appareils mobiles Apple et Android) \u00e0 chaque moment et n\u2019importe o\u00f9, en principe partout dans le monde.  \u00a0","robots":{"index":"noindex","follow":"follow","max-snippet":"max-snippet:-1","max-image-preview":"max-image-preview:large","max-video-preview":"max-video-preview:-1"},"og_locale":"fr_FR","og_type":"article","og_title":"Gateway \u00ab signolux \u00bb, communication vers les r\u00e9seaux mobiles Blanc im Onlineshop | Gleichcom AG","og_description":"\u2705 Le r\u00e9cepteur Gateway \u00ab signolux \u00bb \u00e9tabli la communication entre le syst\u00e8me de signalisation radio lisa et un routeur. Celui-ci communique vers les r\u00e9seaux mobiles les \u00e9v\u00e9nements d\u00e9tect\u00e9s. Ainsi tous les signaux \u00ab signolux \u00bb peuvent \u00eatre re\u00e7us sur le smartphone (appareils mobiles Apple et Android) \u00e0 chaque moment et n\u2019importe o\u00f9, en principe partout dans le monde.  \u00a0","og_url":"https:\/\/www.gleichcom.samuraidev.ch\/fr\/shop\/humantechnik-gateway-signolux-zu-smartphones-3808\/","og_site_name":"Gleichcom AG","article_publisher":"https:\/\/www.facebook.com\/profile.php?id=100068749126981","og_image":[{"width":500,"height":276,"url":"https:\/\/www.gleichcom.samuraidev.ch\/wp-content\/uploads\/2023\/09\/HumantechnikGatewaysignolux_3808_0.jpg","type":"image\/jpeg"}],"twitter_card":"summary_large_image","schema":{"@context":"https:\/\/schema.org","@graph":[{"@type":"WebPage","@id":"https:\/\/www.gleichcom.samuraidev.ch\/fr\/shop\/humantechnik-gateway-signolux-zu-smartphones-3808\/","url":"https:\/\/www.gleichcom.samuraidev.ch\/fr\/shop\/humantechnik-gateway-signolux-zu-smartphones-3808\/","name":"Gateway \u00ab signolux \u00bb, communication vers les r\u00e9seaux mobiles Blanc im Onlineshop | Gleichcom AG","isPartOf":{"@id":"https:\/\/www.gleichcom.samuraidev.ch\/fr\/#website"},"primaryImageOfPage":{"@id":"https:\/\/www.gleichcom.samuraidev.ch\/fr\/shop\/humantechnik-gateway-signolux-zu-smartphones-3808\/#primaryimage"},"image":{"@id":"https:\/\/www.gleichcom.samuraidev.ch\/fr\/shop\/humantechnik-gateway-signolux-zu-smartphones-3808\/#primaryimage"},"thumbnailUrl":"https:\/\/www.gleichcom.samuraidev.ch\/wp-content\/uploads\/2023\/09\/HumantechnikGatewaysignolux_3808_0.jpg","datePublished":"2021-06-17T08:09:34+00:00","description":"\u2705 Le r\u00e9cepteur Gateway \u00ab signolux \u00bb \u00e9tabli la communication entre le syst\u00e8me de signalisation radio lisa et un routeur. Celui-ci communique vers les r\u00e9seaux mobiles les \u00e9v\u00e9nements d\u00e9tect\u00e9s. Ainsi tous les signaux \u00ab signolux \u00bb peuvent \u00eatre re\u00e7us sur le smartphone (appareils mobiles Apple et Android) \u00e0 chaque moment et n\u2019importe o\u00f9, en principe partout dans le monde. \u00a0","breadcrumb":{"@id":"https:\/\/www.gleichcom.samuraidev.ch\/fr\/shop\/humantechnik-gateway-signolux-zu-smartphones-3808\/#breadcrumb"},"inLanguage":"fr-FR","potentialAction":[{"@type":"ReadAction","target":["https:\/\/www.gleichcom.samuraidev.ch\/fr\/shop\/humantechnik-gateway-signolux-zu-smartphones-3808\/"]}]},{"@type":"ImageObject","inLanguage":"fr-FR","@id":"https:\/\/www.gleichcom.samuraidev.ch\/fr\/shop\/humantechnik-gateway-signolux-zu-smartphones-3808\/#primaryimage","url":"https:\/\/www.gleichcom.samuraidev.ch\/wp-content\/uploads\/2023\/09\/HumantechnikGatewaysignolux_3808_0.jpg","contentUrl":"https:\/\/www.gleichcom.samuraidev.ch\/wp-content\/uploads\/2023\/09\/HumantechnikGatewaysignolux_3808_0.jpg","width":500,"height":276},{"@type":"BreadcrumbList","@id":"https:\/\/www.gleichcom.samuraidev.ch\/fr\/shop\/humantechnik-gateway-signolux-zu-smartphones-3808\/#breadcrumb","itemListElement":[{"@type":"ListItem","position":1,"name":"Startseite","item":"https:\/\/www.gleichcom.samuraidev.ch\/fr\/"},{"@type":"ListItem","position":2,"name":"Shop","item":"https:\/\/www.gleichcom.samuraidev.ch\/fr\/shop\/"},{"@type":"ListItem","position":3,"name":"Gateway \u00ab signolux \u00bb, communication vers les r\u00e9seaux mobiles Blanc"}]},{"@type":"WebSite","@id":"https:\/\/www.gleichcom.samuraidev.ch\/fr\/#website","url":"https:\/\/www.gleichcom.samuraidev.ch\/fr\/","name":"Gleichcom AG","description":"besser h\u00f6ren. besser sehen. besser leben.","publisher":{"@id":"https:\/\/www.gleichcom.samuraidev.ch\/fr\/#organization"},"alternateName":"Gleichcom","potentialAction":[{"@type":"SearchAction","target":{"@type":"EntryPoint","urlTemplate":"https:\/\/www.gleichcom.samuraidev.ch\/fr\/?s={search_term_string}"},"query-input":{"@type":"PropertyValueSpecification","valueRequired":true,"valueName":"search_term_string"}}],"inLanguage":"fr-FR"},{"@type":"Organization","@id":"https:\/\/www.gleichcom.samuraidev.ch\/fr\/#organization","name":"Gleichcom AG","alternateName":"Gleichcom","url":"https:\/\/www.gleichcom.samuraidev.ch\/fr\/","logo":{"@type":"ImageObject","inLanguage":"fr-FR","@id":"https:\/\/www.gleichcom.samuraidev.ch\/fr\/#\/schema\/logo\/image\/","url":"https:\/\/www.gleichcom.samuraidev.ch\/wp-content\/uploads\/2023\/09\/gleichcom-ag-logo-quadrat-farbig-mitte@696.png","contentUrl":"https:\/\/www.gleichcom.samuraidev.ch\/wp-content\/uploads\/2023\/09\/gleichcom-ag-logo-quadrat-farbig-mitte@696.png","width":437,"height":437,"caption":"Gleichcom AG"},"image":{"@id":"https:\/\/www.gleichcom.samuraidev.ch\/fr\/#\/schema\/logo\/image\/"},"sameAs":["https:\/\/www.facebook.com\/profile.php?id=100068749126981"]}]}},"uagb_featured_image_src":{"full":["https:\/\/www.gleichcom.samuraidev.ch\/wp-content\/uploads\/2023\/09\/HumantechnikGatewaysignolux_3808_0.jpg",500,276,false],"thumbnail":["https:\/\/www.gleichcom.samuraidev.ch\/wp-content\/uploads\/2023\/09\/HumantechnikGatewaysignolux_3808_0.jpg",150,83,false],"medium":["https:\/\/www.gleichcom.samuraidev.ch\/wp-content\/uploads\/2023\/09\/HumantechnikGatewaysignolux_3808_0.jpg",300,166,false],"medium_large":["https:\/\/www.gleichcom.samuraidev.ch\/wp-content\/uploads\/2023\/09\/HumantechnikGatewaysignolux_3808_0.jpg",500,276,false],"large":["https:\/\/www.gleichcom.samuraidev.ch\/wp-content\/uploads\/2023\/09\/HumantechnikGatewaysignolux_3808_0.jpg",500,276,false],"1536x1536":["https:\/\/www.gleichcom.samuraidev.ch\/wp-content\/uploads\/2023\/09\/HumantechnikGatewaysignolux_3808_0.jpg",500,276,false],"2048x2048":["https:\/\/www.gleichcom.samuraidev.ch\/wp-content\/uploads\/2023\/09\/HumantechnikGatewaysignolux_3808_0.jpg",500,276,false],"woocommerce_thumbnail":["https:\/\/www.gleichcom.samuraidev.ch\/wp-content\/uploads\/2023\/09\/HumantechnikGatewaysignolux_3808_0.jpg",300,166,false],"woocommerce_single":["https:\/\/www.gleichcom.samuraidev.ch\/wp-content\/uploads\/2023\/09\/HumantechnikGatewaysignolux_3808_0.jpg",500,276,false],"woocommerce_gallery_thumbnail":["https:\/\/www.gleichcom.samuraidev.ch\/wp-content\/uploads\/2023\/09\/HumantechnikGatewaysignolux_3808_0-100x100.jpg",100,100,true]},"uagb_author_info":{"display_name":"","author_link":"https:\/\/www.gleichcom.samuraidev.ch\/fr\/author\/"},"uagb_comment_info":0,"uagb_excerpt":"Le r\u00e9cepteur Gateway \u00ab signolux \u00bb \u00e9tabli la communication entre le syst\u00e8me de signalisation radio lisa et un routeur. Celui-ci communique vers les r\u00e9seaux mobiles les \u00e9v\u00e9nements d\u00e9tect\u00e9s. Ainsi tous les signaux \u00ab signolux \u00bb peuvent \u00eatre re\u00e7us sur le smartphone (appareils mobiles Apple et Android) \u00e0 chaque moment et n\u2019importe o\u00f9, en principe partout\u2026","_links":{"self":[{"href":"https:\/\/www.gleichcom.samuraidev.ch\/fr\/wp-json\/wp\/v2\/product\/15930","targetHints":{"allow":["GET"]}}],"collection":[{"href":"https:\/\/www.gleichcom.samuraidev.ch\/fr\/wp-json\/wp\/v2\/product"}],"about":[{"href":"https:\/\/www.gleichcom.samuraidev.ch\/fr\/wp-json\/wp\/v2\/types\/product"}],"wp:featuredmedia":[{"embeddable":true,"href":"https:\/\/www.gleichcom.samuraidev.ch\/fr\/wp-json\/wp\/v2\/media\/15919"}],"wp:attachment":[{"href":"https:\/\/www.gleichcom.samuraidev.ch\/fr\/wp-json\/wp\/v2\/media?parent=15930"}],"wp:term":[{"taxonomy":"product_brand","embeddable":true,"href":"https:\/\/www.gleichcom.samuraidev.ch\/fr\/wp-json\/wp\/v2\/product_brand?post=15930"},{"taxonomy":"product_cat","embeddable":true,"href":"https:\/\/www.gleichcom.samuraidev.ch\/fr\/wp-json\/wp\/v2\/product_cat?post=15930"},{"taxonomy":"product_tag","embeddable":true,"href":"https:\/\/www.gleichcom.samuraidev.ch\/fr\/wp-json\/wp\/v2\/product_tag?post=15930"}],"curies":[{"name":"wp","href":"https:\/\/api.w.org\/{rel}","templated":true}]}}