{"id":17526,"date":"2021-08-20T09:18:29","date_gmt":"2021-08-20T07:18:29","guid":{"rendered":"https:\/\/www.gleichcom.samuraidev.ch\/?product=hoergeraetebatterien-power-one-p10-evolution"},"modified":"1000-01-01T00:00:00","modified_gmt":"1000-01-01T00:00:00","slug":"hoergeraetebatterien-power-one-p10-evolution","status":"publish","type":"product","link":"https:\/\/www.gleichcom.samuraidev.ch\/fr\/shop\/hoergeraetebatterien-power-one-p10-evolution\/","title":{"rendered":"Piles pour appareils auditifs Power One P10 Evolution"},"content":{"rendered":"<p><strong>Piles pour appareils auditifs Power One P10 Evolution<\/strong><\/p>\n<p>1 bo\u00eete contient 60 piles (10 blisters de 6 pi\u00e8ces chacun).<\/p>\n<p>Les piles pour appareils auditifs pr\u00e9sentant une densit\u00e9 \u00e9nerg\u00e9tique encore plus \u00e9lev\u00e9e sont le r\u00e9sultat de travaux de recherche cons\u00e9quents et d&rsquo;un d\u00e9veloppement permanent. Notre expertise repose sur la synergie d&rsquo;une recherche approfondie sur les mat\u00e9riaux, d&rsquo;une longue exp\u00e9rience dans le d\u00e9veloppement de cellules et de notre propre technologie de production.<br \/>\nNotre dernier d\u00e9veloppement est le power one EVOLUTION, bas\u00e9 sur la technologie TFT (Thin Foil Technology). Elle a une densit\u00e9 d&rsquo;\u00e9nergie tr\u00e8s \u00e9lev\u00e9e, une capacit\u00e9 sup\u00e9rieure \u00e0 celle de nos piles pour appareils auditifs \u00e9prouv\u00e9es et donc une dur\u00e9e de fonctionnement plus longue &#8211; jusqu&rsquo;\u00e0 15%( Type 312).<\/p>\n<p>Sp\u00e9cification des piles pour appareils auditifs Power One P10 Evolution :<\/p>\n<p>\u00a0\u00a0\u00a0 Code couleur : jaune<br \/>\n\u00a0\u00a0\u00a0 Code ICE : PR70<br \/>\n\u00a0\u00a0\u00a0 Taille : 10<br \/>\n\u00a0\u00a0\u00a0 Sans fil approuv\u00e9 pour les appareils auditifs modernes<br \/>\n\u00a0\u00a0\u00a0 Technologie : zinc-air<br \/>\n\u00a0\u00a0\u00a0 Tension : 1,45V<br \/>\n\u00a0\u00a0\u00a0 Puissance : 92mAh (085mAh)<br \/>\n\u00a0\u00a0\u00a0 Hauteur : 3,6 mm<br \/>\n\u00a0\u00a0\u00a0 Diam\u00e8tre : 5,8 mm<br \/>\n\u00a0\u00a0\u00a0 Poids : 0,3 gramme<br \/>\n\u00a0\u00a0\u00a0 Fabricant : Allemagne<\/p>\n<p>Pourquoi la technologie zinc-air dans les piles pour appareils auditifs ?<br \/>\nLes piles zinc-air pour appareils auditifs ont une densit\u00e9 \u00e9nerg\u00e9tique particuli\u00e8rement \u00e9lev\u00e9e et offrent une courbe de d\u00e9charge presque horizontale. Ils constituent donc l&rsquo;alimentation optimale, notamment pour les appareils auditifs. Les trous d&rsquo;a\u00e9ration de la batterie sont initialement recouverts d&rsquo;une feuille de protection. Il reste ainsi dans un \u00e9tat de \u00ab\u00a0repos\u00a0\u00bb jusqu&rsquo;\u00e0 ce qu&rsquo;il soit n\u00e9cessaire. L&rsquo;autod\u00e9charge li\u00e9e au syst\u00e8me des piles zinc-air avec une feuille de protection coll\u00e9e n&rsquo;est que d&rsquo;environ 3 % par an. La feuille est retir\u00e9e lorsque la pile est ins\u00e9r\u00e9e dans l&rsquo;appareil auditif. Apr\u00e8s quelques secondes d&rsquo;activation (nous recommandons d&rsquo;attendre au moins 1 \u00e0 2 minutes avant d&rsquo;ins\u00e9rer la pile dans l&rsquo;appareil auditif), la pile commence \u00e0 \u00e9mettre du courant. Une fois activ\u00e9es (feuille de protection retir\u00e9e), les piles zinc-air ont une dur\u00e9e de vie limit\u00e9e et doivent \u00eatre utilis\u00e9es d\u00e8s que possible.<br \/>\n\u00a0<\/p>\n","protected":false},"excerpt":{"rendered":"<p>1 bo\u00eete contient 60 piles (10 blisters de 6 pcs.)<\/p>\n","protected":false},"featured_media":17521,"template":"","meta":{"inline_featured_image":false,"_uag_custom_page_level_css":"","site-sidebar-layout":"default","site-content-layout":"","ast-site-content-layout":"default","site-content-style":"default","site-sidebar-style":"default","ast-global-header-display":"","ast-banner-title-visibility":"","ast-main-header-display":"","ast-hfb-above-header-display":"","ast-hfb-below-header-display":"","ast-hfb-mobile-header-display":"","site-post-title":"","ast-breadcrumbs-content":"","ast-featured-img":"","footer-sml-layout":"","ast-disable-related-posts":"","theme-transparent-header-meta":"","adv-header-id-meta":"","stick-header-meta":"","header-above-stick-meta":"","header-main-stick-meta":"","header-below-stick-meta":"","astra-migrate-meta-layouts":"default","ast-page-background-enabled":"default","ast-page-background-meta":{"desktop":{"background-color":"","background-image":"","background-repeat":"repeat","background-position":"center center","background-size":"auto","background-attachment":"scroll","background-type":"","background-media":"","overlay-type":"","overlay-color":"","overlay-opacity":"","overlay-gradient":""},"tablet":{"background-color":"","background-image":"","background-repeat":"repeat","background-position":"center center","background-size":"auto","background-attachment":"scroll","background-type":"","background-media":"","overlay-type":"","overlay-color":"","overlay-opacity":"","overlay-gradient":""},"mobile":{"background-color":"","background-image":"","background-repeat":"repeat","background-position":"center center","background-size":"auto","background-attachment":"scroll","background-type":"","background-media":"","overlay-type":"","overlay-color":"","overlay-opacity":"","overlay-gradient":""}},"ast-content-background-meta":{"desktop":{"background-color":"var(--ast-global-color-5)","background-image":"","background-repeat":"repeat","background-position":"center center","background-size":"auto","background-attachment":"scroll","background-type":"","background-media":"","overlay-type":"","overlay-color":"","overlay-opacity":"","overlay-gradient":""},"tablet":{"background-color":"var(--ast-global-color-5)","background-image":"","background-repeat":"repeat","background-position":"center center","background-size":"auto","background-attachment":"scroll","background-type":"","background-media":"","overlay-type":"","overlay-color":"","overlay-opacity":"","overlay-gradient":""},"mobile":{"background-color":"var(--ast-global-color-5)","background-image":"","background-repeat":"repeat","background-position":"center center","background-size":"auto","background-attachment":"scroll","background-type":"","background-media":"","overlay-type":"","overlay-color":"","overlay-opacity":"","overlay-gradient":""}}},"product_brand":[],"product_cat":[2886],"product_tag":[],"class_list":{"0":"post-17526","1":"product","2":"type-product","3":"status-publish","4":"has-post-thumbnail","6":"product_cat-piles-pour-appareils-auditifs-nr-10-fr","7":"desktop-align-center","8":"tablet-align-center","9":"mobile-align-center","10":"ast-product-gallery-layout-horizontal-slider","11":"ast-product-tabs-layout-accordion","13":"first","14":"instock","15":"taxable","16":"shipping-taxable","17":"purchasable","18":"product-type-simple"},"yoast_head":"<!-- This site is optimized with the Yoast SEO plugin v27.5 - https:\/\/yoast.com\/product\/yoast-seo-wordpress\/ -->\n<title>Piles pour appareils auditifs Power One P10 Evolution im Onlineshop | Gleichcom AG<\/title>\n<meta name=\"description\" content=\"\u2705 1 bo\u00eete contient 60 piles (10 blisters de 6 pcs.)\" \/>\n<meta name=\"robots\" content=\"noindex, follow, max-snippet:-1, max-image-preview:large, max-video-preview:-1\" \/>\n<meta property=\"og:locale\" content=\"fr_FR\" \/>\n<meta property=\"og:type\" content=\"article\" \/>\n<meta property=\"og:title\" content=\"Piles pour appareils auditifs Power One P10 Evolution im Onlineshop | Gleichcom AG\" \/>\n<meta property=\"og:description\" content=\"\u2705 1 bo\u00eete contient 60 piles (10 blisters de 6 pcs.)\" \/>\n<meta property=\"og:url\" content=\"https:\/\/www.gleichcom.samuraidev.ch\/fr\/shop\/hoergeraetebatterien-power-one-p10-evolution\/\" \/>\n<meta property=\"og:site_name\" content=\"Gleichcom AG\" \/>\n<meta property=\"article:publisher\" content=\"https:\/\/www.facebook.com\/profile.php?id=100068749126981\" \/>\n<meta property=\"og:image\" content=\"https:\/\/www.gleichcom.samuraidev.ch\/wp-content\/uploads\/2023\/09\/PowerOne10Evolution60Stck.png\" \/>\n\t<meta property=\"og:image:width\" content=\"333\" \/>\n\t<meta property=\"og:image:height\" content=\"500\" \/>\n\t<meta property=\"og:image:type\" content=\"image\/png\" \/>\n<meta name=\"twitter:card\" content=\"summary_large_image\" \/>\n<script type=\"application\/ld+json\" class=\"yoast-schema-graph\">{\"@context\":\"https:\\\/\\\/schema.org\",\"@graph\":[{\"@type\":\"WebPage\",\"@id\":\"https:\\\/\\\/www.gleichcom.samuraidev.ch\\\/fr\\\/shop\\\/hoergeraetebatterien-power-one-p10-evolution\\\/\",\"url\":\"https:\\\/\\\/www.gleichcom.samuraidev.ch\\\/fr\\\/shop\\\/hoergeraetebatterien-power-one-p10-evolution\\\/\",\"name\":\"Piles pour appareils auditifs Power One P10 Evolution im Onlineshop | Gleichcom AG\",\"isPartOf\":{\"@id\":\"https:\\\/\\\/www.gleichcom.samuraidev.ch\\\/fr\\\/#website\"},\"primaryImageOfPage\":{\"@id\":\"https:\\\/\\\/www.gleichcom.samuraidev.ch\\\/fr\\\/shop\\\/hoergeraetebatterien-power-one-p10-evolution\\\/#primaryimage\"},\"image\":{\"@id\":\"https:\\\/\\\/www.gleichcom.samuraidev.ch\\\/fr\\\/shop\\\/hoergeraetebatterien-power-one-p10-evolution\\\/#primaryimage\"},\"thumbnailUrl\":\"https:\\\/\\\/www.gleichcom.samuraidev.ch\\\/wp-content\\\/uploads\\\/2023\\\/09\\\/PowerOne10Evolution60Stck.png\",\"datePublished\":\"2021-08-20T07:18:29+00:00\",\"description\":\"\u2705 1 bo\u00eete contient 60 piles (10 blisters de 6 pcs.)\",\"breadcrumb\":{\"@id\":\"https:\\\/\\\/www.gleichcom.samuraidev.ch\\\/fr\\\/shop\\\/hoergeraetebatterien-power-one-p10-evolution\\\/#breadcrumb\"},\"inLanguage\":\"fr-FR\",\"potentialAction\":[{\"@type\":\"ReadAction\",\"target\":[\"https:\\\/\\\/www.gleichcom.samuraidev.ch\\\/fr\\\/shop\\\/hoergeraetebatterien-power-one-p10-evolution\\\/\"]}]},{\"@type\":\"ImageObject\",\"inLanguage\":\"fr-FR\",\"@id\":\"https:\\\/\\\/www.gleichcom.samuraidev.ch\\\/fr\\\/shop\\\/hoergeraetebatterien-power-one-p10-evolution\\\/#primaryimage\",\"url\":\"https:\\\/\\\/www.gleichcom.samuraidev.ch\\\/wp-content\\\/uploads\\\/2023\\\/09\\\/PowerOne10Evolution60Stck.png\",\"contentUrl\":\"https:\\\/\\\/www.gleichcom.samuraidev.ch\\\/wp-content\\\/uploads\\\/2023\\\/09\\\/PowerOne10Evolution60Stck.png\",\"width\":333,\"height\":500},{\"@type\":\"BreadcrumbList\",\"@id\":\"https:\\\/\\\/www.gleichcom.samuraidev.ch\\\/fr\\\/shop\\\/hoergeraetebatterien-power-one-p10-evolution\\\/#breadcrumb\",\"itemListElement\":[{\"@type\":\"ListItem\",\"position\":1,\"name\":\"Startseite\",\"item\":\"https:\\\/\\\/www.gleichcom.samuraidev.ch\\\/fr\\\/\"},{\"@type\":\"ListItem\",\"position\":2,\"name\":\"Shop\",\"item\":\"https:\\\/\\\/www.gleichcom.samuraidev.ch\\\/fr\\\/shop\\\/\"},{\"@type\":\"ListItem\",\"position\":3,\"name\":\"Piles pour appareils auditifs Power One P10 Evolution\"}]},{\"@type\":\"WebSite\",\"@id\":\"https:\\\/\\\/www.gleichcom.samuraidev.ch\\\/fr\\\/#website\",\"url\":\"https:\\\/\\\/www.gleichcom.samuraidev.ch\\\/fr\\\/\",\"name\":\"Gleichcom AG\",\"description\":\"besser h\u00f6ren. besser sehen. besser leben.\",\"publisher\":{\"@id\":\"https:\\\/\\\/www.gleichcom.samuraidev.ch\\\/fr\\\/#organization\"},\"alternateName\":\"Gleichcom\",\"potentialAction\":[{\"@type\":\"SearchAction\",\"target\":{\"@type\":\"EntryPoint\",\"urlTemplate\":\"https:\\\/\\\/www.gleichcom.samuraidev.ch\\\/fr\\\/?s={search_term_string}\"},\"query-input\":{\"@type\":\"PropertyValueSpecification\",\"valueRequired\":true,\"valueName\":\"search_term_string\"}}],\"inLanguage\":\"fr-FR\"},{\"@type\":\"Organization\",\"@id\":\"https:\\\/\\\/www.gleichcom.samuraidev.ch\\\/fr\\\/#organization\",\"name\":\"Gleichcom AG\",\"alternateName\":\"Gleichcom\",\"url\":\"https:\\\/\\\/www.gleichcom.samuraidev.ch\\\/fr\\\/\",\"logo\":{\"@type\":\"ImageObject\",\"inLanguage\":\"fr-FR\",\"@id\":\"https:\\\/\\\/www.gleichcom.samuraidev.ch\\\/fr\\\/#\\\/schema\\\/logo\\\/image\\\/\",\"url\":\"https:\\\/\\\/www.gleichcom.samuraidev.ch\\\/wp-content\\\/uploads\\\/2023\\\/09\\\/gleichcom-ag-logo-quadrat-farbig-mitte@696.png\",\"contentUrl\":\"https:\\\/\\\/www.gleichcom.samuraidev.ch\\\/wp-content\\\/uploads\\\/2023\\\/09\\\/gleichcom-ag-logo-quadrat-farbig-mitte@696.png\",\"width\":437,\"height\":437,\"caption\":\"Gleichcom AG\"},\"image\":{\"@id\":\"https:\\\/\\\/www.gleichcom.samuraidev.ch\\\/fr\\\/#\\\/schema\\\/logo\\\/image\\\/\"},\"sameAs\":[\"https:\\\/\\\/www.facebook.com\\\/profile.php?id=100068749126981\"]}]}<\/script>\n<!-- \/ Yoast SEO plugin. -->","yoast_head_json":{"title":"Piles pour appareils auditifs Power One P10 Evolution im Onlineshop | Gleichcom AG","description":"\u2705 1 bo\u00eete contient 60 piles (10 blisters de 6 pcs.)","robots":{"index":"noindex","follow":"follow","max-snippet":"max-snippet:-1","max-image-preview":"max-image-preview:large","max-video-preview":"max-video-preview:-1"},"og_locale":"fr_FR","og_type":"article","og_title":"Piles pour appareils auditifs Power One P10 Evolution im Onlineshop | Gleichcom AG","og_description":"\u2705 1 bo\u00eete contient 60 piles (10 blisters de 6 pcs.)","og_url":"https:\/\/www.gleichcom.samuraidev.ch\/fr\/shop\/hoergeraetebatterien-power-one-p10-evolution\/","og_site_name":"Gleichcom AG","article_publisher":"https:\/\/www.facebook.com\/profile.php?id=100068749126981","og_image":[{"width":333,"height":500,"url":"https:\/\/www.gleichcom.samuraidev.ch\/wp-content\/uploads\/2023\/09\/PowerOne10Evolution60Stck.png","type":"image\/png"}],"twitter_card":"summary_large_image","schema":{"@context":"https:\/\/schema.org","@graph":[{"@type":"WebPage","@id":"https:\/\/www.gleichcom.samuraidev.ch\/fr\/shop\/hoergeraetebatterien-power-one-p10-evolution\/","url":"https:\/\/www.gleichcom.samuraidev.ch\/fr\/shop\/hoergeraetebatterien-power-one-p10-evolution\/","name":"Piles pour appareils auditifs Power One P10 Evolution im Onlineshop | Gleichcom AG","isPartOf":{"@id":"https:\/\/www.gleichcom.samuraidev.ch\/fr\/#website"},"primaryImageOfPage":{"@id":"https:\/\/www.gleichcom.samuraidev.ch\/fr\/shop\/hoergeraetebatterien-power-one-p10-evolution\/#primaryimage"},"image":{"@id":"https:\/\/www.gleichcom.samuraidev.ch\/fr\/shop\/hoergeraetebatterien-power-one-p10-evolution\/#primaryimage"},"thumbnailUrl":"https:\/\/www.gleichcom.samuraidev.ch\/wp-content\/uploads\/2023\/09\/PowerOne10Evolution60Stck.png","datePublished":"2021-08-20T07:18:29+00:00","description":"\u2705 1 bo\u00eete contient 60 piles (10 blisters de 6 pcs.)","breadcrumb":{"@id":"https:\/\/www.gleichcom.samuraidev.ch\/fr\/shop\/hoergeraetebatterien-power-one-p10-evolution\/#breadcrumb"},"inLanguage":"fr-FR","potentialAction":[{"@type":"ReadAction","target":["https:\/\/www.gleichcom.samuraidev.ch\/fr\/shop\/hoergeraetebatterien-power-one-p10-evolution\/"]}]},{"@type":"ImageObject","inLanguage":"fr-FR","@id":"https:\/\/www.gleichcom.samuraidev.ch\/fr\/shop\/hoergeraetebatterien-power-one-p10-evolution\/#primaryimage","url":"https:\/\/www.gleichcom.samuraidev.ch\/wp-content\/uploads\/2023\/09\/PowerOne10Evolution60Stck.png","contentUrl":"https:\/\/www.gleichcom.samuraidev.ch\/wp-content\/uploads\/2023\/09\/PowerOne10Evolution60Stck.png","width":333,"height":500},{"@type":"BreadcrumbList","@id":"https:\/\/www.gleichcom.samuraidev.ch\/fr\/shop\/hoergeraetebatterien-power-one-p10-evolution\/#breadcrumb","itemListElement":[{"@type":"ListItem","position":1,"name":"Startseite","item":"https:\/\/www.gleichcom.samuraidev.ch\/fr\/"},{"@type":"ListItem","position":2,"name":"Shop","item":"https:\/\/www.gleichcom.samuraidev.ch\/fr\/shop\/"},{"@type":"ListItem","position":3,"name":"Piles pour appareils auditifs Power One P10 Evolution"}]},{"@type":"WebSite","@id":"https:\/\/www.gleichcom.samuraidev.ch\/fr\/#website","url":"https:\/\/www.gleichcom.samuraidev.ch\/fr\/","name":"Gleichcom AG","description":"besser h\u00f6ren. besser sehen. besser leben.","publisher":{"@id":"https:\/\/www.gleichcom.samuraidev.ch\/fr\/#organization"},"alternateName":"Gleichcom","potentialAction":[{"@type":"SearchAction","target":{"@type":"EntryPoint","urlTemplate":"https:\/\/www.gleichcom.samuraidev.ch\/fr\/?s={search_term_string}"},"query-input":{"@type":"PropertyValueSpecification","valueRequired":true,"valueName":"search_term_string"}}],"inLanguage":"fr-FR"},{"@type":"Organization","@id":"https:\/\/www.gleichcom.samuraidev.ch\/fr\/#organization","name":"Gleichcom AG","alternateName":"Gleichcom","url":"https:\/\/www.gleichcom.samuraidev.ch\/fr\/","logo":{"@type":"ImageObject","inLanguage":"fr-FR","@id":"https:\/\/www.gleichcom.samuraidev.ch\/fr\/#\/schema\/logo\/image\/","url":"https:\/\/www.gleichcom.samuraidev.ch\/wp-content\/uploads\/2023\/09\/gleichcom-ag-logo-quadrat-farbig-mitte@696.png","contentUrl":"https:\/\/www.gleichcom.samuraidev.ch\/wp-content\/uploads\/2023\/09\/gleichcom-ag-logo-quadrat-farbig-mitte@696.png","width":437,"height":437,"caption":"Gleichcom AG"},"image":{"@id":"https:\/\/www.gleichcom.samuraidev.ch\/fr\/#\/schema\/logo\/image\/"},"sameAs":["https:\/\/www.facebook.com\/profile.php?id=100068749126981"]}]}},"uagb_featured_image_src":{"full":["https:\/\/www.gleichcom.samuraidev.ch\/wp-content\/uploads\/2023\/09\/PowerOne10Evolution60Stck.png",333,500,false],"thumbnail":["https:\/\/www.gleichcom.samuraidev.ch\/wp-content\/uploads\/2023\/09\/PowerOne10Evolution60Stck.png",100,150,false],"medium":["https:\/\/www.gleichcom.samuraidev.ch\/wp-content\/uploads\/2023\/09\/PowerOne10Evolution60Stck.png",200,300,false],"medium_large":["https:\/\/www.gleichcom.samuraidev.ch\/wp-content\/uploads\/2023\/09\/PowerOne10Evolution60Stck.png",333,500,false],"large":["https:\/\/www.gleichcom.samuraidev.ch\/wp-content\/uploads\/2023\/09\/PowerOne10Evolution60Stck.png",333,500,false],"1536x1536":["https:\/\/www.gleichcom.samuraidev.ch\/wp-content\/uploads\/2023\/09\/PowerOne10Evolution60Stck.png",333,500,false],"2048x2048":["https:\/\/www.gleichcom.samuraidev.ch\/wp-content\/uploads\/2023\/09\/PowerOne10Evolution60Stck.png",333,500,false],"woocommerce_thumbnail":["https:\/\/www.gleichcom.samuraidev.ch\/wp-content\/uploads\/2023\/09\/PowerOne10Evolution60Stck.png",300,450,false],"woocommerce_single":["https:\/\/www.gleichcom.samuraidev.ch\/wp-content\/uploads\/2023\/09\/PowerOne10Evolution60Stck.png",333,500,false],"woocommerce_gallery_thumbnail":["https:\/\/www.gleichcom.samuraidev.ch\/wp-content\/uploads\/2023\/09\/PowerOne10Evolution60Stck-100x100.png",100,100,true]},"uagb_author_info":{"display_name":"","author_link":"https:\/\/www.gleichcom.samuraidev.ch\/fr\/author\/"},"uagb_comment_info":0,"uagb_excerpt":"1 bo\u00eete contient 60 piles (10 blisters de 6 pcs.)","_links":{"self":[{"href":"https:\/\/www.gleichcom.samuraidev.ch\/fr\/wp-json\/wp\/v2\/product\/17526","targetHints":{"allow":["GET"]}}],"collection":[{"href":"https:\/\/www.gleichcom.samuraidev.ch\/fr\/wp-json\/wp\/v2\/product"}],"about":[{"href":"https:\/\/www.gleichcom.samuraidev.ch\/fr\/wp-json\/wp\/v2\/types\/product"}],"wp:featuredmedia":[{"embeddable":true,"href":"https:\/\/www.gleichcom.samuraidev.ch\/fr\/wp-json\/wp\/v2\/media\/17521"}],"wp:attachment":[{"href":"https:\/\/www.gleichcom.samuraidev.ch\/fr\/wp-json\/wp\/v2\/media?parent=17526"}],"wp:term":[{"taxonomy":"product_brand","embeddable":true,"href":"https:\/\/www.gleichcom.samuraidev.ch\/fr\/wp-json\/wp\/v2\/product_brand?post=17526"},{"taxonomy":"product_cat","embeddable":true,"href":"https:\/\/www.gleichcom.samuraidev.ch\/fr\/wp-json\/wp\/v2\/product_cat?post=17526"},{"taxonomy":"product_tag","embeddable":true,"href":"https:\/\/www.gleichcom.samuraidev.ch\/fr\/wp-json\/wp\/v2\/product_tag?post=17526"}],"curies":[{"name":"wp","href":"https:\/\/api.w.org\/{rel}","templated":true}]}}