{"id":17577,"date":"2021-08-24T11:36:21","date_gmt":"2021-08-24T09:36:21","guid":{"rendered":"https:\/\/www.gleichcom.samuraidev.ch\/?product=humantechnik-visutone-air-funk-set"},"modified":"1000-01-01T00:00:00","modified_gmt":"1000-01-01T00:00:00","slug":"humantechnik-visutone-air-funk-set","status":"publish","type":"product","link":"https:\/\/www.gleichcom.samuraidev.ch\/fr\/shop\/humantechnik-visutone-air-funk-set\/","title":{"rendered":"Humantechnik VisuTone Air Set sans fil"},"content":{"rendered":"<p><strong>Humantechnik VisuTone Air Set sans fil<\/strong><\/p>\n<p>Extra-fort et extra-lumineux<br \/>\nAvec le VisuTone Air, vous ne manquerez plus aussi facilement les appels t\u00e9l\u00e9phoniques et la sonnette d&rsquo;entr\u00e9e. Le kit de sonnette lumineuse dispose de deux types de signaux qui peuvent \u00eatre utilis\u00e9s s\u00e9par\u00e9ment ou en combinaison. Le flash lumineux est \u00e9quip\u00e9 de LED de puissance particuli\u00e8rement lumineuses et la sonnerie convainc par ses possibilit\u00e9s de r\u00e9glage extra-fines. De plus, vous pouvez choisir entre diff\u00e9rentes m\u00e9lodies qui doivent retentir lorsque la sonnette retentit.<\/p>\n<p><strong>Une connexion radio simple<\/strong><br \/>\nGr\u00e2ce \u00e0 la connexion radio pratique entre l&rsquo;\u00e9metteur et le r\u00e9cepteur, vous n&rsquo;avez plus besoin de brancher un c\u00e2ble g\u00eanant et vous \u00eates totalement ind\u00e9pendant. Selon vos besoins, vous pouvez fixer le r\u00e9cepteur pratique au mur ou le poser sur une surface libre. Vous avez ainsi la possibilit\u00e9 de placer l&rsquo;appareil d&rsquo;affichage \u00e0 proximit\u00e9 de vous pour ne plus manquer d&rsquo;appels et de visites. L&rsquo;\u00e9metteur radio correspondant peut \u00eatre fix\u00e9 soit sur le c\u00f4t\u00e9, soit \u00e0 la place de votre sonnette de porte actuelle. Lorsque le bouton de sonnette est actionn\u00e9, le signal est directement transmis par radio \u00e0 l&rsquo;appareil de r\u00e9ception et vous est communiqu\u00e9 de mani\u00e8re optique ou acoustique.<\/p>\n<p><strong>En un coup d&rsquo;\u0153il<\/strong><\/p>\n<ul>\n<li>\u00a0\u00a0\u00a0 Kit de sonnette lumineuse avec liaison radio<\/li>\n<li>\u00a0\u00a0\u00a0 Kit compos\u00e9 d&rsquo;un appareil d&rsquo;affichage et d&rsquo;un bouton de sonnette de porte<\/li>\n<li>\u00a0\u00a0\u00a0 Pour signaler la sonnette de la porte ou la sonnerie du t\u00e9l\u00e9phone<\/li>\n<li>\u00a0\u00a0\u00a0 Pas de connexion par c\u00e2ble n\u00e9cessaire avec la sonnette de porte ou le t\u00e9l\u00e9phone<\/li>\n<li>\u00a0\u00a0\u00a0 Transmetteur t\u00e9l\u00e9phonique radio suppl\u00e9mentaire disponible en accessoire<\/li>\n<li>\u00a0\u00a0\u00a0 Types de signaux lumineux et sonores activables s\u00e9par\u00e9ment ou ensemble<\/li>\n<li>\u00a0\u00a0\u00a0 Flash lumineux avec LED de puissance extra-lumineuse<\/li>\n<li>\u00a0\u00a0\u00a0 R\u00e9glages du volume extra fort et diff\u00e9rentes m\u00e9lodies<\/li>\n<li>\u00a0\u00a0\u00a0 R\u00e9cepteur adapt\u00e9 \u00e0 une fixation murale ou \u00e0 une pose sur le sol<\/li>\n<li>\u00a0\u00a0\u00a0 Fixation de l&rsquo;\u00e9metteur radio \u00e0 c\u00f4t\u00e9 ou \u00e0 la place de la sonnette de porte<\/li>\n<li>\u00a0\u00a0\u00a0 R\u00e9cepteur :<\/li>\n<li>\u00a0\u00a0\u00a0 Volume jusqu&rsquo;\u00e0 100 dB \u00e0 une distance de 1 m\u00e8tre<\/li>\n<li>\u00a0\u00a0\u00a0 Fonctionne sur piles avec 3 piles 1,5 V de type C (R14)<\/li>\n<li>\u00a0\u00a0\u00a0 Plage de fonctionnement : 0 \u00e0 40\u00b0C<\/li>\n<li>\u00a0\u00a0\u00a0 Poids : 216 g (sans les piles)<\/li>\n<li>\u00a0\u00a0\u00a0 Dimensions (HxLxP) : 145 x 105 x 52 mm<\/li>\n<li>\u00a0\u00a0\u00a0 Couleur : blanc<\/li>\n<li>\u00a0\u00a0\u00a0 \u00c9metteur :<\/li>\n<li>\u00a0\u00a0\u00a0 Port\u00e9e radio : jusqu&rsquo;\u00e0 300 m en champ libre<\/li>\n<li>\u00a0\u00a0\u00a0 Fonctionne sur piles avec 1 pile bouton TYPE CR2032<\/li>\n<li>\u00a0\u00a0\u00a0 Poids : 25 g<\/li>\n<li>\u00a0\u00a0\u00a0 Dimensions (L x l x H) : 80 x 32 x 17 mm<\/li>\n<li>\u00a0 \u00a0 Couleur : blanc<\/li>\n<\/ul>\n<p>\n<strong>Contenu de la livraison<\/strong><\/p>\n<ul>\n<li>\u00a0\u00a0\u00a0 1 x r\u00e9cepteur<\/li>\n<li>\u00a0\u00a0\u00a0 1 x bouton de sonnette de porte avec fonction d&rsquo;\u00e9mission<\/li>\n<li>\u00a0\u00a0\u00a0 3 x piles de type C (R14)<\/li>\n<li>\u00a0\u00a0\u00a0 1 x pile bouton CR2032<\/li>\n<li>\u00a0\u00a0\u00a0 2 x vis<\/li>\n<li>\u00a0\u00a0\u00a0 2 x chevilles murales<\/li>\n<li>\u00a0\u00a0\u00a0 1 x mode d&#8217;emploi<\/li>\n<\/ul>\n","protected":false},"excerpt":{"rendered":"<p>Sonnette radio extra-forte avec flash lumineux pour signaler la sonnette de la porte et la sonnerie du t\u00e9l\u00e9phone. Comprend un r\u00e9cepteur et un bouton de sonnette de porte.<\/p>\n","protected":false},"featured_media":17572,"template":"","meta":{"inline_featured_image":false,"_uag_custom_page_level_css":"","site-sidebar-layout":"default","site-content-layout":"","ast-site-content-layout":"default","site-content-style":"default","site-sidebar-style":"default","ast-global-header-display":"","ast-banner-title-visibility":"","ast-main-header-display":"","ast-hfb-above-header-display":"","ast-hfb-below-header-display":"","ast-hfb-mobile-header-display":"","site-post-title":"","ast-breadcrumbs-content":"","ast-featured-img":"","footer-sml-layout":"","ast-disable-related-posts":"","theme-transparent-header-meta":"","adv-header-id-meta":"","stick-header-meta":"","header-above-stick-meta":"","header-main-stick-meta":"","header-below-stick-meta":"","astra-migrate-meta-layouts":"default","ast-page-background-enabled":"default","ast-page-background-meta":{"desktop":{"background-color":"","background-image":"","background-repeat":"repeat","background-position":"center center","background-size":"auto","background-attachment":"scroll","background-type":"","background-media":"","overlay-type":"","overlay-color":"","overlay-opacity":"","overlay-gradient":""},"tablet":{"background-color":"","background-image":"","background-repeat":"repeat","background-position":"center center","background-size":"auto","background-attachment":"scroll","background-type":"","background-media":"","overlay-type":"","overlay-color":"","overlay-opacity":"","overlay-gradient":""},"mobile":{"background-color":"","background-image":"","background-repeat":"repeat","background-position":"center center","background-size":"auto","background-attachment":"scroll","background-type":"","background-media":"","overlay-type":"","overlay-color":"","overlay-opacity":"","overlay-gradient":""}},"ast-content-background-meta":{"desktop":{"background-color":"var(--ast-global-color-5)","background-image":"","background-repeat":"repeat","background-position":"center center","background-size":"auto","background-attachment":"scroll","background-type":"","background-media":"","overlay-type":"","overlay-color":"","overlay-opacity":"","overlay-gradient":""},"tablet":{"background-color":"var(--ast-global-color-5)","background-image":"","background-repeat":"repeat","background-position":"center center","background-size":"auto","background-attachment":"scroll","background-type":"","background-media":"","overlay-type":"","overlay-color":"","overlay-opacity":"","overlay-gradient":""},"mobile":{"background-color":"var(--ast-global-color-5)","background-image":"","background-repeat":"repeat","background-position":"center center","background-size":"auto","background-attachment":"scroll","background-type":"","background-media":"","overlay-type":"","overlay-color":"","overlay-opacity":"","overlay-gradient":""}}},"product_brand":[],"product_cat":[1776],"product_tag":[],"class_list":{"0":"post-17577","1":"product","2":"type-product","3":"status-publish","4":"has-post-thumbnail","6":"product_cat-unkategorisiert","7":"desktop-align-center","8":"tablet-align-center","9":"mobile-align-center","10":"ast-product-gallery-layout-horizontal-slider","11":"ast-product-tabs-layout-accordion","13":"first","14":"instock","15":"taxable","16":"shipping-taxable","17":"purchasable","18":"product-type-simple"},"yoast_head":"<!-- This site is optimized with the Yoast SEO plugin v27.5 - https:\/\/yoast.com\/product\/yoast-seo-wordpress\/ -->\n<title>Humantechnik VisuTone Air Set sans fil im Onlineshop | Gleichcom AG<\/title>\n<meta name=\"description\" content=\"\u2705 Sonnette radio extra-forte avec flash lumineux pour signaler la sonnette de la porte et la sonnerie du t\u00e9l\u00e9phone. Comprend un r\u00e9cepteur et un bouton de sonnette de porte.\" \/>\n<meta name=\"robots\" content=\"noindex, follow, max-snippet:-1, max-image-preview:large, max-video-preview:-1\" \/>\n<meta property=\"og:locale\" content=\"fr_FR\" \/>\n<meta property=\"og:type\" content=\"article\" \/>\n<meta property=\"og:title\" content=\"Humantechnik VisuTone Air Set sans fil im Onlineshop | Gleichcom AG\" \/>\n<meta property=\"og:description\" content=\"\u2705 Sonnette radio extra-forte avec flash lumineux pour signaler la sonnette de la porte et la sonnerie du t\u00e9l\u00e9phone. Comprend un r\u00e9cepteur et un bouton de sonnette de porte.\" \/>\n<meta property=\"og:url\" content=\"https:\/\/www.gleichcom.samuraidev.ch\/fr\/shop\/humantechnik-visutone-air-funk-set\/\" \/>\n<meta property=\"og:site_name\" content=\"Gleichcom AG\" \/>\n<meta property=\"article:publisher\" content=\"https:\/\/www.facebook.com\/profile.php?id=100068749126981\" \/>\n<meta property=\"og:image\" content=\"https:\/\/www.gleichcom.samuraidev.ch\/wp-content\/uploads\/2023\/09\/humantechnikvisutoneairfunklichtklingelsethum011201.jpeg\" \/>\n\t<meta property=\"og:image:width\" content=\"500\" \/>\n\t<meta property=\"og:image:height\" content=\"500\" \/>\n\t<meta property=\"og:image:type\" content=\"image\/jpeg\" \/>\n<meta name=\"twitter:card\" content=\"summary_large_image\" \/>\n<script type=\"application\/ld+json\" class=\"yoast-schema-graph\">{\"@context\":\"https:\\\/\\\/schema.org\",\"@graph\":[{\"@type\":\"WebPage\",\"@id\":\"https:\\\/\\\/www.gleichcom.samuraidev.ch\\\/fr\\\/shop\\\/humantechnik-visutone-air-funk-set\\\/\",\"url\":\"https:\\\/\\\/www.gleichcom.samuraidev.ch\\\/fr\\\/shop\\\/humantechnik-visutone-air-funk-set\\\/\",\"name\":\"Humantechnik VisuTone Air Set sans fil im Onlineshop | Gleichcom AG\",\"isPartOf\":{\"@id\":\"https:\\\/\\\/www.gleichcom.samuraidev.ch\\\/fr\\\/#website\"},\"primaryImageOfPage\":{\"@id\":\"https:\\\/\\\/www.gleichcom.samuraidev.ch\\\/fr\\\/shop\\\/humantechnik-visutone-air-funk-set\\\/#primaryimage\"},\"image\":{\"@id\":\"https:\\\/\\\/www.gleichcom.samuraidev.ch\\\/fr\\\/shop\\\/humantechnik-visutone-air-funk-set\\\/#primaryimage\"},\"thumbnailUrl\":\"https:\\\/\\\/www.gleichcom.samuraidev.ch\\\/wp-content\\\/uploads\\\/2023\\\/09\\\/humantechnikvisutoneairfunklichtklingelsethum011201.jpeg\",\"datePublished\":\"2021-08-24T09:36:21+00:00\",\"description\":\"\u2705 Sonnette radio extra-forte avec flash lumineux pour signaler la sonnette de la porte et la sonnerie du t\u00e9l\u00e9phone. Comprend un r\u00e9cepteur et un bouton de sonnette de porte.\",\"breadcrumb\":{\"@id\":\"https:\\\/\\\/www.gleichcom.samuraidev.ch\\\/fr\\\/shop\\\/humantechnik-visutone-air-funk-set\\\/#breadcrumb\"},\"inLanguage\":\"fr-FR\",\"potentialAction\":[{\"@type\":\"ReadAction\",\"target\":[\"https:\\\/\\\/www.gleichcom.samuraidev.ch\\\/fr\\\/shop\\\/humantechnik-visutone-air-funk-set\\\/\"]}]},{\"@type\":\"ImageObject\",\"inLanguage\":\"fr-FR\",\"@id\":\"https:\\\/\\\/www.gleichcom.samuraidev.ch\\\/fr\\\/shop\\\/humantechnik-visutone-air-funk-set\\\/#primaryimage\",\"url\":\"https:\\\/\\\/www.gleichcom.samuraidev.ch\\\/wp-content\\\/uploads\\\/2023\\\/09\\\/humantechnikvisutoneairfunklichtklingelsethum011201.jpeg\",\"contentUrl\":\"https:\\\/\\\/www.gleichcom.samuraidev.ch\\\/wp-content\\\/uploads\\\/2023\\\/09\\\/humantechnikvisutoneairfunklichtklingelsethum011201.jpeg\",\"width\":500,\"height\":500},{\"@type\":\"BreadcrumbList\",\"@id\":\"https:\\\/\\\/www.gleichcom.samuraidev.ch\\\/fr\\\/shop\\\/humantechnik-visutone-air-funk-set\\\/#breadcrumb\",\"itemListElement\":[{\"@type\":\"ListItem\",\"position\":1,\"name\":\"Startseite\",\"item\":\"https:\\\/\\\/www.gleichcom.samuraidev.ch\\\/fr\\\/\"},{\"@type\":\"ListItem\",\"position\":2,\"name\":\"Shop\",\"item\":\"https:\\\/\\\/www.gleichcom.samuraidev.ch\\\/fr\\\/shop\\\/\"},{\"@type\":\"ListItem\",\"position\":3,\"name\":\"Humantechnik VisuTone Air Set sans fil\"}]},{\"@type\":\"WebSite\",\"@id\":\"https:\\\/\\\/www.gleichcom.samuraidev.ch\\\/fr\\\/#website\",\"url\":\"https:\\\/\\\/www.gleichcom.samuraidev.ch\\\/fr\\\/\",\"name\":\"Gleichcom AG\",\"description\":\"besser h\u00f6ren. besser sehen. besser leben.\",\"publisher\":{\"@id\":\"https:\\\/\\\/www.gleichcom.samuraidev.ch\\\/fr\\\/#organization\"},\"alternateName\":\"Gleichcom\",\"potentialAction\":[{\"@type\":\"SearchAction\",\"target\":{\"@type\":\"EntryPoint\",\"urlTemplate\":\"https:\\\/\\\/www.gleichcom.samuraidev.ch\\\/fr\\\/?s={search_term_string}\"},\"query-input\":{\"@type\":\"PropertyValueSpecification\",\"valueRequired\":true,\"valueName\":\"search_term_string\"}}],\"inLanguage\":\"fr-FR\"},{\"@type\":\"Organization\",\"@id\":\"https:\\\/\\\/www.gleichcom.samuraidev.ch\\\/fr\\\/#organization\",\"name\":\"Gleichcom AG\",\"alternateName\":\"Gleichcom\",\"url\":\"https:\\\/\\\/www.gleichcom.samuraidev.ch\\\/fr\\\/\",\"logo\":{\"@type\":\"ImageObject\",\"inLanguage\":\"fr-FR\",\"@id\":\"https:\\\/\\\/www.gleichcom.samuraidev.ch\\\/fr\\\/#\\\/schema\\\/logo\\\/image\\\/\",\"url\":\"https:\\\/\\\/www.gleichcom.samuraidev.ch\\\/wp-content\\\/uploads\\\/2023\\\/09\\\/gleichcom-ag-logo-quadrat-farbig-mitte@696.png\",\"contentUrl\":\"https:\\\/\\\/www.gleichcom.samuraidev.ch\\\/wp-content\\\/uploads\\\/2023\\\/09\\\/gleichcom-ag-logo-quadrat-farbig-mitte@696.png\",\"width\":437,\"height\":437,\"caption\":\"Gleichcom AG\"},\"image\":{\"@id\":\"https:\\\/\\\/www.gleichcom.samuraidev.ch\\\/fr\\\/#\\\/schema\\\/logo\\\/image\\\/\"},\"sameAs\":[\"https:\\\/\\\/www.facebook.com\\\/profile.php?id=100068749126981\"]}]}<\/script>\n<!-- \/ Yoast SEO plugin. -->","yoast_head_json":{"title":"Humantechnik VisuTone Air Set sans fil im Onlineshop | Gleichcom AG","description":"\u2705 Sonnette radio extra-forte avec flash lumineux pour signaler la sonnette de la porte et la sonnerie du t\u00e9l\u00e9phone. Comprend un r\u00e9cepteur et un bouton de sonnette de porte.","robots":{"index":"noindex","follow":"follow","max-snippet":"max-snippet:-1","max-image-preview":"max-image-preview:large","max-video-preview":"max-video-preview:-1"},"og_locale":"fr_FR","og_type":"article","og_title":"Humantechnik VisuTone Air Set sans fil im Onlineshop | Gleichcom AG","og_description":"\u2705 Sonnette radio extra-forte avec flash lumineux pour signaler la sonnette de la porte et la sonnerie du t\u00e9l\u00e9phone. Comprend un r\u00e9cepteur et un bouton de sonnette de porte.","og_url":"https:\/\/www.gleichcom.samuraidev.ch\/fr\/shop\/humantechnik-visutone-air-funk-set\/","og_site_name":"Gleichcom AG","article_publisher":"https:\/\/www.facebook.com\/profile.php?id=100068749126981","og_image":[{"width":500,"height":500,"url":"https:\/\/www.gleichcom.samuraidev.ch\/wp-content\/uploads\/2023\/09\/humantechnikvisutoneairfunklichtklingelsethum011201.jpeg","type":"image\/jpeg"}],"twitter_card":"summary_large_image","schema":{"@context":"https:\/\/schema.org","@graph":[{"@type":"WebPage","@id":"https:\/\/www.gleichcom.samuraidev.ch\/fr\/shop\/humantechnik-visutone-air-funk-set\/","url":"https:\/\/www.gleichcom.samuraidev.ch\/fr\/shop\/humantechnik-visutone-air-funk-set\/","name":"Humantechnik VisuTone Air Set sans fil im Onlineshop | Gleichcom AG","isPartOf":{"@id":"https:\/\/www.gleichcom.samuraidev.ch\/fr\/#website"},"primaryImageOfPage":{"@id":"https:\/\/www.gleichcom.samuraidev.ch\/fr\/shop\/humantechnik-visutone-air-funk-set\/#primaryimage"},"image":{"@id":"https:\/\/www.gleichcom.samuraidev.ch\/fr\/shop\/humantechnik-visutone-air-funk-set\/#primaryimage"},"thumbnailUrl":"https:\/\/www.gleichcom.samuraidev.ch\/wp-content\/uploads\/2023\/09\/humantechnikvisutoneairfunklichtklingelsethum011201.jpeg","datePublished":"2021-08-24T09:36:21+00:00","description":"\u2705 Sonnette radio extra-forte avec flash lumineux pour signaler la sonnette de la porte et la sonnerie du t\u00e9l\u00e9phone. Comprend un r\u00e9cepteur et un bouton de sonnette de porte.","breadcrumb":{"@id":"https:\/\/www.gleichcom.samuraidev.ch\/fr\/shop\/humantechnik-visutone-air-funk-set\/#breadcrumb"},"inLanguage":"fr-FR","potentialAction":[{"@type":"ReadAction","target":["https:\/\/www.gleichcom.samuraidev.ch\/fr\/shop\/humantechnik-visutone-air-funk-set\/"]}]},{"@type":"ImageObject","inLanguage":"fr-FR","@id":"https:\/\/www.gleichcom.samuraidev.ch\/fr\/shop\/humantechnik-visutone-air-funk-set\/#primaryimage","url":"https:\/\/www.gleichcom.samuraidev.ch\/wp-content\/uploads\/2023\/09\/humantechnikvisutoneairfunklichtklingelsethum011201.jpeg","contentUrl":"https:\/\/www.gleichcom.samuraidev.ch\/wp-content\/uploads\/2023\/09\/humantechnikvisutoneairfunklichtklingelsethum011201.jpeg","width":500,"height":500},{"@type":"BreadcrumbList","@id":"https:\/\/www.gleichcom.samuraidev.ch\/fr\/shop\/humantechnik-visutone-air-funk-set\/#breadcrumb","itemListElement":[{"@type":"ListItem","position":1,"name":"Startseite","item":"https:\/\/www.gleichcom.samuraidev.ch\/fr\/"},{"@type":"ListItem","position":2,"name":"Shop","item":"https:\/\/www.gleichcom.samuraidev.ch\/fr\/shop\/"},{"@type":"ListItem","position":3,"name":"Humantechnik VisuTone Air Set sans fil"}]},{"@type":"WebSite","@id":"https:\/\/www.gleichcom.samuraidev.ch\/fr\/#website","url":"https:\/\/www.gleichcom.samuraidev.ch\/fr\/","name":"Gleichcom AG","description":"besser h\u00f6ren. besser sehen. besser leben.","publisher":{"@id":"https:\/\/www.gleichcom.samuraidev.ch\/fr\/#organization"},"alternateName":"Gleichcom","potentialAction":[{"@type":"SearchAction","target":{"@type":"EntryPoint","urlTemplate":"https:\/\/www.gleichcom.samuraidev.ch\/fr\/?s={search_term_string}"},"query-input":{"@type":"PropertyValueSpecification","valueRequired":true,"valueName":"search_term_string"}}],"inLanguage":"fr-FR"},{"@type":"Organization","@id":"https:\/\/www.gleichcom.samuraidev.ch\/fr\/#organization","name":"Gleichcom AG","alternateName":"Gleichcom","url":"https:\/\/www.gleichcom.samuraidev.ch\/fr\/","logo":{"@type":"ImageObject","inLanguage":"fr-FR","@id":"https:\/\/www.gleichcom.samuraidev.ch\/fr\/#\/schema\/logo\/image\/","url":"https:\/\/www.gleichcom.samuraidev.ch\/wp-content\/uploads\/2023\/09\/gleichcom-ag-logo-quadrat-farbig-mitte@696.png","contentUrl":"https:\/\/www.gleichcom.samuraidev.ch\/wp-content\/uploads\/2023\/09\/gleichcom-ag-logo-quadrat-farbig-mitte@696.png","width":437,"height":437,"caption":"Gleichcom AG"},"image":{"@id":"https:\/\/www.gleichcom.samuraidev.ch\/fr\/#\/schema\/logo\/image\/"},"sameAs":["https:\/\/www.facebook.com\/profile.php?id=100068749126981"]}]}},"uagb_featured_image_src":{"full":["https:\/\/www.gleichcom.samuraidev.ch\/wp-content\/uploads\/2023\/09\/humantechnikvisutoneairfunklichtklingelsethum011201.jpeg",500,500,false],"thumbnail":["https:\/\/www.gleichcom.samuraidev.ch\/wp-content\/uploads\/2023\/09\/humantechnikvisutoneairfunklichtklingelsethum011201.jpeg",150,150,false],"medium":["https:\/\/www.gleichcom.samuraidev.ch\/wp-content\/uploads\/2023\/09\/humantechnikvisutoneairfunklichtklingelsethum011201.jpeg",300,300,false],"medium_large":["https:\/\/www.gleichcom.samuraidev.ch\/wp-content\/uploads\/2023\/09\/humantechnikvisutoneairfunklichtklingelsethum011201.jpeg",500,500,false],"large":["https:\/\/www.gleichcom.samuraidev.ch\/wp-content\/uploads\/2023\/09\/humantechnikvisutoneairfunklichtklingelsethum011201.jpeg",500,500,false],"1536x1536":["https:\/\/www.gleichcom.samuraidev.ch\/wp-content\/uploads\/2023\/09\/humantechnikvisutoneairfunklichtklingelsethum011201.jpeg",500,500,false],"2048x2048":["https:\/\/www.gleichcom.samuraidev.ch\/wp-content\/uploads\/2023\/09\/humantechnikvisutoneairfunklichtklingelsethum011201.jpeg",500,500,false],"woocommerce_thumbnail":["https:\/\/www.gleichcom.samuraidev.ch\/wp-content\/uploads\/2023\/09\/humantechnikvisutoneairfunklichtklingelsethum011201.jpeg",300,300,false],"woocommerce_single":["https:\/\/www.gleichcom.samuraidev.ch\/wp-content\/uploads\/2023\/09\/humantechnikvisutoneairfunklichtklingelsethum011201.jpeg",500,500,false],"woocommerce_gallery_thumbnail":["https:\/\/www.gleichcom.samuraidev.ch\/wp-content\/uploads\/2023\/09\/humantechnikvisutoneairfunklichtklingelsethum011201.jpeg",100,100,false]},"uagb_author_info":{"display_name":"","author_link":"https:\/\/www.gleichcom.samuraidev.ch\/fr\/author\/"},"uagb_comment_info":0,"uagb_excerpt":"Sonnette radio extra-forte avec flash lumineux pour signaler la sonnette de la porte et la sonnerie du t\u00e9l\u00e9phone. Comprend un r\u00e9cepteur et un bouton de sonnette de porte.","_links":{"self":[{"href":"https:\/\/www.gleichcom.samuraidev.ch\/fr\/wp-json\/wp\/v2\/product\/17577","targetHints":{"allow":["GET"]}}],"collection":[{"href":"https:\/\/www.gleichcom.samuraidev.ch\/fr\/wp-json\/wp\/v2\/product"}],"about":[{"href":"https:\/\/www.gleichcom.samuraidev.ch\/fr\/wp-json\/wp\/v2\/types\/product"}],"wp:featuredmedia":[{"embeddable":true,"href":"https:\/\/www.gleichcom.samuraidev.ch\/fr\/wp-json\/wp\/v2\/media\/17572"}],"wp:attachment":[{"href":"https:\/\/www.gleichcom.samuraidev.ch\/fr\/wp-json\/wp\/v2\/media?parent=17577"}],"wp:term":[{"taxonomy":"product_brand","embeddable":true,"href":"https:\/\/www.gleichcom.samuraidev.ch\/fr\/wp-json\/wp\/v2\/product_brand?post=17577"},{"taxonomy":"product_cat","embeddable":true,"href":"https:\/\/www.gleichcom.samuraidev.ch\/fr\/wp-json\/wp\/v2\/product_cat?post=17577"},{"taxonomy":"product_tag","embeddable":true,"href":"https:\/\/www.gleichcom.samuraidev.ch\/fr\/wp-json\/wp\/v2\/product_tag?post=17577"}],"curies":[{"name":"wp","href":"https:\/\/api.w.org\/{rel}","templated":true}]}}