{"id":17634,"date":"2021-10-01T10:15:36","date_gmt":"2021-10-01T08:15:36","guid":{"rendered":"https:\/\/www.gleichcom.samuraidev.ch\/?product=roger-select-wireless-mikrofon-graphitgrau"},"modified":"1000-01-01T00:00:00","modified_gmt":"1000-01-01T00:00:00","slug":"roger-select-wireless-mikrofon-graphitgrau","status":"publish","type":"product","link":"https:\/\/www.gleichcom.samuraidev.ch\/fr\/shop\/roger-select-wireless-mikrofon-graphitgrau\/","title":{"rendered":"Roger Select\u2122 Wireless Microphone"},"content":{"rendered":"<div>\n\t<span style=\"font-size:16px;\"><span style=\"color:#000000;\"><strong>Roger Select\u2122<\/strong><\/span><\/span><br \/>\n\t<span style=\"font-size:14px;\"><span style=\"color:#000000;\"><strong style=\"font-size: 16px;\">Le microphone moderne Wireless-Roger Select pour une intelligibilit\u00e9 vocale claire dans les environnements bruyants<\/strong><\/span><\/span>\n<\/div>\n<div>\n\t<br \/>\n\t<span style=\"color:#000000;\">Plac\u00e9 au centre de la table, il permet aux utilisateurs d&rsquo;appareils auditifs de participer activement \u00e0 chaque conversation.<br \/>\n\t\u00a0<br \/>\n\t<strong>Quand vous pouvez participer activement \u00e0 chaque conversation. <\/strong><strong>La vie est en marche.<\/strong><br \/>\n\tRoger Select est un microphone polyvalent id\u00e9al pour les conversations de groupe dans des environnements bruyants. Situ\u00e9 au centre de la table, il s&rsquo;aligne automatiquement sur la personne qui parle et passe d&rsquo;un interlocuteur \u00e0 l&rsquo;autre en toute transparence. Lorsque plusieurs conversations ont lieu simultan\u00e9ment, l&rsquo;utilisateur peut s\u00e9lectionner manuellement la conversation sur laquelle il souhaite se concentrer. Il peut \u00e9galement transmettre le son d&rsquo;appareils multim\u00e9dias tels que la t\u00e9l\u00e9vision aux appareils auditifs et fournit une connectivit\u00e9 Bluetooth aux t\u00e9l\u00e9phones et autres appareils mobiles.<br \/>\n\t\u00a0<br \/>\n\t<strong>Haute intelligibilit\u00e9 de la parole<\/strong><br \/>\n\tRoger Select dispose de la technologie MultiBeam &#8211; une caract\u00e9ristique innovante de Phonak pour les microphones Roger. Avec plusieurs microphones int\u00e9gr\u00e9s, les signaux vocaux sont capt\u00e9s depuis six directions dans un rayon de 360 degr\u00e9s. Les rapports signal\/bruit sont ensuite calcul\u00e9s et compar\u00e9s dans les six directions. La direction avec le signal le plus clair est s\u00e9lectionn\u00e9e. Les utilisateurs de proth\u00e8ses auditives b\u00e9n\u00e9ficient ainsi d&rsquo;une excellente intelligibilit\u00e9 de la parole dans les conversations de groupe, par exemple lors de f\u00eates de famille ou dans les restaurants bruyants.<br \/>\n\t\u00a0<br \/>\n\t<strong>Manipulation simple<\/strong><br \/>\n\tGr\u00e2ce \u00e0 ses microphones directionnels automatiques, Roger Select ne n\u00e9cessite pas d&rsquo;alignement manuel. Il capte les signaux dans un rayon de 360 degr\u00e9s pour que l&rsquo;utilisateur puisse entendre la parole et les sons dans toutes les directions. Lorsqu&rsquo;il est port\u00e9 autour du cou, l&rsquo;acc\u00e9l\u00e9rom\u00e8tre int\u00e9gr\u00e9 d\u00e9tecte la position du microphone et aligne un des 6 microphones vers le haut en direction de la bouche de l&rsquo;enceinte.<br \/>\n\t\u00a0<br \/>\n\t<strong>Multifonctionnalit\u00e9<\/strong><br \/>\n\tRoger Select offre une connectivit\u00e9 Bluetooth aux t\u00e9l\u00e9phones et autres appareils mobiles. L&rsquo;utilisateur entend la voix de l&rsquo;appelant directement dans ses aides auditives pour un appel t\u00e9l\u00e9phonique d\u00e9tendu. Ce microphone polyvalent peut \u00e9galement \u00eatre connect\u00e9 \u00e0 un t\u00e9l\u00e9viseur, un lecteur de musique, un ordinateur ou la prise micro-USB.<br \/>\n\t\u00a0<br \/>\n\t<strong>Compatibilit\u00e9 universelle<\/strong><br \/>\n\tRoger Select est utilis\u00e9 avec des r\u00e9cepteurs Roger miniaturis\u00e9s fix\u00e9s directement sur des proth\u00e8ses auditives ou des implants cochl\u00e9aires. Un r\u00e9cepteur Roger appropri\u00e9 est disponible pour presque tous les appareils auditifs et processeurs de son CI.<\/span><\/p>\n<p>\t\u00c9tendue de la prestation :<br \/>\n\t&#8211; Roger Select<br \/>\n\t&#8211; C\u00e2ble de chargement 230V<br \/>\n\t&#8211; Cordon avec support pour accrocher le Roger Select<br \/>\n\t&#8211; Instructions d&rsquo;utilisation<br \/>\n\t&#8211; Audio<\/p>\n<p>\tVous pouvez commander votre appareil pour une p\u00e9riode d&rsquo;essai de 10 jours.<\/p>\n<p>\t<span style=\"color:#000000;\">Nous sommes heureux de vous montrer le produit lors d&rsquo;une consultation personnelle.<br \/>\n\tVeuillez prendre rendez-vous avec nous.<br \/>\n\tVous pouvez nous joindre au 041 783 00 80 ou par e-mail: <\/span><a href=\"mailto:info@gleichcom.ch\">info@gleichcom.ch<\/a>.<\/p>\n<p>\t<span style=\"color:#000000;\">\u00a0<\/span><br \/>\n\t<span style=\"color:#000000;\"><a href=\"https:\/\/www.phonak.com\/content\/dam\/phonak\/HQ\/de\/solution\/accessories\/roger_select\/documents\/quick_guide_roger_select_029-3289.pdf\">Instructions rapide<\/a>\u00a0<\/span>\n<\/div>\n","protected":false},"excerpt":{"rendered":"<p>Comprenez la langue. Id\u00e9al au travail ou \u00e0 la maison.<br \/>\nRoger Select transmet la parole directement \u00e0 un r\u00e9cepteur Roger ou \u00e0 votre aide auditive.<br \/>\nTestez l&rsquo;appareil avec vous pendant 10 jours.<\/p>\n","protected":false},"featured_media":17620,"template":"","meta":{"inline_featured_image":false,"_uag_custom_page_level_css":"","site-sidebar-layout":"default","site-content-layout":"","ast-site-content-layout":"default","site-content-style":"default","site-sidebar-style":"default","ast-global-header-display":"","ast-banner-title-visibility":"","ast-main-header-display":"","ast-hfb-above-header-display":"","ast-hfb-below-header-display":"","ast-hfb-mobile-header-display":"","site-post-title":"","ast-breadcrumbs-content":"","ast-featured-img":"","footer-sml-layout":"","ast-disable-related-posts":"","theme-transparent-header-meta":"","adv-header-id-meta":"","stick-header-meta":"","header-above-stick-meta":"","header-main-stick-meta":"","header-below-stick-meta":"","astra-migrate-meta-layouts":"default","ast-page-background-enabled":"default","ast-page-background-meta":{"desktop":{"background-color":"","background-image":"","background-repeat":"repeat","background-position":"center center","background-size":"auto","background-attachment":"scroll","background-type":"","background-media":"","overlay-type":"","overlay-color":"","overlay-opacity":"","overlay-gradient":""},"tablet":{"background-color":"","background-image":"","background-repeat":"repeat","background-position":"center center","background-size":"auto","background-attachment":"scroll","background-type":"","background-media":"","overlay-type":"","overlay-color":"","overlay-opacity":"","overlay-gradient":""},"mobile":{"background-color":"","background-image":"","background-repeat":"repeat","background-position":"center center","background-size":"auto","background-attachment":"scroll","background-type":"","background-media":"","overlay-type":"","overlay-color":"","overlay-opacity":"","overlay-gradient":""}},"ast-content-background-meta":{"desktop":{"background-color":"var(--ast-global-color-5)","background-image":"","background-repeat":"repeat","background-position":"center center","background-size":"auto","background-attachment":"scroll","background-type":"","background-media":"","overlay-type":"","overlay-color":"","overlay-opacity":"","overlay-gradient":""},"tablet":{"background-color":"var(--ast-global-color-5)","background-image":"","background-repeat":"repeat","background-position":"center center","background-size":"auto","background-attachment":"scroll","background-type":"","background-media":"","overlay-type":"","overlay-color":"","overlay-opacity":"","overlay-gradient":""},"mobile":{"background-color":"var(--ast-global-color-5)","background-image":"","background-repeat":"repeat","background-position":"center center","background-size":"auto","background-attachment":"scroll","background-type":"","background-media":"","overlay-type":"","overlay-color":"","overlay-opacity":"","overlay-gradient":""}}},"product_brand":[],"product_cat":[2880,2938],"product_tag":[],"class_list":{"0":"post-17634","1":"product","2":"type-product","3":"status-publish","4":"has-post-thumbnail","6":"product_cat-advanced-bionics-fr-2","7":"product_cat-accessoires-pour-appareils-auditifs-phonak-fr","8":"desktop-align-center","9":"tablet-align-center","10":"mobile-align-center","11":"ast-product-gallery-layout-horizontal-slider","12":"ast-product-tabs-layout-accordion","14":"first","15":"onbackorder","16":"taxable","17":"shipping-taxable","18":"purchasable","19":"product-type-simple"},"yoast_head":"<!-- This site is optimized with the Yoast SEO plugin v27.5 - https:\/\/yoast.com\/product\/yoast-seo-wordpress\/ -->\n<title>Roger Select\u2122 Wireless Microphone im Onlineshop | Gleichcom AG<\/title>\n<meta name=\"description\" content=\"\u2705 Comprenez la langue. Id\u00e9al au travail ou \u00e0 la maison. Roger Select transmet la parole directement \u00e0 un r\u00e9cepteur Roger ou \u00e0 votre aide auditive. Testez l&#039;appareil avec vous pendant 10 jours.\" \/>\n<meta name=\"robots\" content=\"noindex, follow, max-snippet:-1, max-image-preview:large, max-video-preview:-1\" \/>\n<meta property=\"og:locale\" content=\"fr_FR\" \/>\n<meta property=\"og:type\" content=\"article\" \/>\n<meta property=\"og:title\" content=\"Roger Select\u2122 Wireless Microphone im Onlineshop | Gleichcom AG\" \/>\n<meta property=\"og:description\" content=\"\u2705 Comprenez la langue. Id\u00e9al au travail ou \u00e0 la maison. Roger Select transmet la parole directement \u00e0 un r\u00e9cepteur Roger ou \u00e0 votre aide auditive. Testez l&#039;appareil avec vous pendant 10 jours.\" \/>\n<meta property=\"og:url\" content=\"https:\/\/www.gleichcom.samuraidev.ch\/fr\/shop\/roger-select-wireless-mikrofon-graphitgrau\/\" \/>\n<meta property=\"og:site_name\" content=\"Gleichcom AG\" \/>\n<meta property=\"article:publisher\" content=\"https:\/\/www.facebook.com\/profile.php?id=100068749126981\" \/>\n<meta property=\"og:image\" content=\"https:\/\/www.gleichcom.samuraidev.ch\/wp-content\/uploads\/2023\/09\/PackshotRogerSelectlying0523471000P7.png\" \/>\n\t<meta property=\"og:image:width\" content=\"500\" \/>\n\t<meta property=\"og:image:height\" content=\"500\" \/>\n\t<meta property=\"og:image:type\" content=\"image\/png\" \/>\n<meta name=\"twitter:card\" content=\"summary_large_image\" \/>\n<script type=\"application\/ld+json\" class=\"yoast-schema-graph\">{\"@context\":\"https:\\\/\\\/schema.org\",\"@graph\":[{\"@type\":\"WebPage\",\"@id\":\"https:\\\/\\\/www.gleichcom.samuraidev.ch\\\/fr\\\/shop\\\/roger-select-wireless-mikrofon-graphitgrau\\\/\",\"url\":\"https:\\\/\\\/www.gleichcom.samuraidev.ch\\\/fr\\\/shop\\\/roger-select-wireless-mikrofon-graphitgrau\\\/\",\"name\":\"Roger Select\u2122 Wireless Microphone im Onlineshop | Gleichcom AG\",\"isPartOf\":{\"@id\":\"https:\\\/\\\/www.gleichcom.samuraidev.ch\\\/fr\\\/#website\"},\"primaryImageOfPage\":{\"@id\":\"https:\\\/\\\/www.gleichcom.samuraidev.ch\\\/fr\\\/shop\\\/roger-select-wireless-mikrofon-graphitgrau\\\/#primaryimage\"},\"image\":{\"@id\":\"https:\\\/\\\/www.gleichcom.samuraidev.ch\\\/fr\\\/shop\\\/roger-select-wireless-mikrofon-graphitgrau\\\/#primaryimage\"},\"thumbnailUrl\":\"https:\\\/\\\/www.gleichcom.samuraidev.ch\\\/wp-content\\\/uploads\\\/2023\\\/09\\\/PackshotRogerSelectlying0523471000P7.png\",\"datePublished\":\"2021-10-01T08:15:36+00:00\",\"description\":\"\u2705 Comprenez la langue. Id\u00e9al au travail ou \u00e0 la maison. Roger Select transmet la parole directement \u00e0 un r\u00e9cepteur Roger ou \u00e0 votre aide auditive. Testez l'appareil avec vous pendant 10 jours.\",\"breadcrumb\":{\"@id\":\"https:\\\/\\\/www.gleichcom.samuraidev.ch\\\/fr\\\/shop\\\/roger-select-wireless-mikrofon-graphitgrau\\\/#breadcrumb\"},\"inLanguage\":\"fr-FR\",\"potentialAction\":[{\"@type\":\"ReadAction\",\"target\":[\"https:\\\/\\\/www.gleichcom.samuraidev.ch\\\/fr\\\/shop\\\/roger-select-wireless-mikrofon-graphitgrau\\\/\"]}]},{\"@type\":\"ImageObject\",\"inLanguage\":\"fr-FR\",\"@id\":\"https:\\\/\\\/www.gleichcom.samuraidev.ch\\\/fr\\\/shop\\\/roger-select-wireless-mikrofon-graphitgrau\\\/#primaryimage\",\"url\":\"https:\\\/\\\/www.gleichcom.samuraidev.ch\\\/wp-content\\\/uploads\\\/2023\\\/09\\\/PackshotRogerSelectlying0523471000P7.png\",\"contentUrl\":\"https:\\\/\\\/www.gleichcom.samuraidev.ch\\\/wp-content\\\/uploads\\\/2023\\\/09\\\/PackshotRogerSelectlying0523471000P7.png\",\"width\":500,\"height\":500},{\"@type\":\"BreadcrumbList\",\"@id\":\"https:\\\/\\\/www.gleichcom.samuraidev.ch\\\/fr\\\/shop\\\/roger-select-wireless-mikrofon-graphitgrau\\\/#breadcrumb\",\"itemListElement\":[{\"@type\":\"ListItem\",\"position\":1,\"name\":\"Startseite\",\"item\":\"https:\\\/\\\/www.gleichcom.samuraidev.ch\\\/fr\\\/\"},{\"@type\":\"ListItem\",\"position\":2,\"name\":\"Shop\",\"item\":\"https:\\\/\\\/www.gleichcom.samuraidev.ch\\\/fr\\\/shop\\\/\"},{\"@type\":\"ListItem\",\"position\":3,\"name\":\"Roger Select\u2122 Wireless Microphone\"}]},{\"@type\":\"WebSite\",\"@id\":\"https:\\\/\\\/www.gleichcom.samuraidev.ch\\\/fr\\\/#website\",\"url\":\"https:\\\/\\\/www.gleichcom.samuraidev.ch\\\/fr\\\/\",\"name\":\"Gleichcom AG\",\"description\":\"besser h\u00f6ren. besser sehen. besser leben.\",\"publisher\":{\"@id\":\"https:\\\/\\\/www.gleichcom.samuraidev.ch\\\/fr\\\/#organization\"},\"alternateName\":\"Gleichcom\",\"potentialAction\":[{\"@type\":\"SearchAction\",\"target\":{\"@type\":\"EntryPoint\",\"urlTemplate\":\"https:\\\/\\\/www.gleichcom.samuraidev.ch\\\/fr\\\/?s={search_term_string}\"},\"query-input\":{\"@type\":\"PropertyValueSpecification\",\"valueRequired\":true,\"valueName\":\"search_term_string\"}}],\"inLanguage\":\"fr-FR\"},{\"@type\":\"Organization\",\"@id\":\"https:\\\/\\\/www.gleichcom.samuraidev.ch\\\/fr\\\/#organization\",\"name\":\"Gleichcom AG\",\"alternateName\":\"Gleichcom\",\"url\":\"https:\\\/\\\/www.gleichcom.samuraidev.ch\\\/fr\\\/\",\"logo\":{\"@type\":\"ImageObject\",\"inLanguage\":\"fr-FR\",\"@id\":\"https:\\\/\\\/www.gleichcom.samuraidev.ch\\\/fr\\\/#\\\/schema\\\/logo\\\/image\\\/\",\"url\":\"https:\\\/\\\/www.gleichcom.samuraidev.ch\\\/wp-content\\\/uploads\\\/2023\\\/09\\\/gleichcom-ag-logo-quadrat-farbig-mitte@696.png\",\"contentUrl\":\"https:\\\/\\\/www.gleichcom.samuraidev.ch\\\/wp-content\\\/uploads\\\/2023\\\/09\\\/gleichcom-ag-logo-quadrat-farbig-mitte@696.png\",\"width\":437,\"height\":437,\"caption\":\"Gleichcom AG\"},\"image\":{\"@id\":\"https:\\\/\\\/www.gleichcom.samuraidev.ch\\\/fr\\\/#\\\/schema\\\/logo\\\/image\\\/\"},\"sameAs\":[\"https:\\\/\\\/www.facebook.com\\\/profile.php?id=100068749126981\"]}]}<\/script>\n<!-- \/ Yoast SEO plugin. -->","yoast_head_json":{"title":"Roger Select\u2122 Wireless Microphone im Onlineshop | Gleichcom AG","description":"\u2705 Comprenez la langue. Id\u00e9al au travail ou \u00e0 la maison. Roger Select transmet la parole directement \u00e0 un r\u00e9cepteur Roger ou \u00e0 votre aide auditive. Testez l'appareil avec vous pendant 10 jours.","robots":{"index":"noindex","follow":"follow","max-snippet":"max-snippet:-1","max-image-preview":"max-image-preview:large","max-video-preview":"max-video-preview:-1"},"og_locale":"fr_FR","og_type":"article","og_title":"Roger Select\u2122 Wireless Microphone im Onlineshop | Gleichcom AG","og_description":"\u2705 Comprenez la langue. Id\u00e9al au travail ou \u00e0 la maison. Roger Select transmet la parole directement \u00e0 un r\u00e9cepteur Roger ou \u00e0 votre aide auditive. Testez l'appareil avec vous pendant 10 jours.","og_url":"https:\/\/www.gleichcom.samuraidev.ch\/fr\/shop\/roger-select-wireless-mikrofon-graphitgrau\/","og_site_name":"Gleichcom AG","article_publisher":"https:\/\/www.facebook.com\/profile.php?id=100068749126981","og_image":[{"width":500,"height":500,"url":"https:\/\/www.gleichcom.samuraidev.ch\/wp-content\/uploads\/2023\/09\/PackshotRogerSelectlying0523471000P7.png","type":"image\/png"}],"twitter_card":"summary_large_image","schema":{"@context":"https:\/\/schema.org","@graph":[{"@type":"WebPage","@id":"https:\/\/www.gleichcom.samuraidev.ch\/fr\/shop\/roger-select-wireless-mikrofon-graphitgrau\/","url":"https:\/\/www.gleichcom.samuraidev.ch\/fr\/shop\/roger-select-wireless-mikrofon-graphitgrau\/","name":"Roger Select\u2122 Wireless Microphone im Onlineshop | Gleichcom AG","isPartOf":{"@id":"https:\/\/www.gleichcom.samuraidev.ch\/fr\/#website"},"primaryImageOfPage":{"@id":"https:\/\/www.gleichcom.samuraidev.ch\/fr\/shop\/roger-select-wireless-mikrofon-graphitgrau\/#primaryimage"},"image":{"@id":"https:\/\/www.gleichcom.samuraidev.ch\/fr\/shop\/roger-select-wireless-mikrofon-graphitgrau\/#primaryimage"},"thumbnailUrl":"https:\/\/www.gleichcom.samuraidev.ch\/wp-content\/uploads\/2023\/09\/PackshotRogerSelectlying0523471000P7.png","datePublished":"2021-10-01T08:15:36+00:00","description":"\u2705 Comprenez la langue. Id\u00e9al au travail ou \u00e0 la maison. Roger Select transmet la parole directement \u00e0 un r\u00e9cepteur Roger ou \u00e0 votre aide auditive. Testez l'appareil avec vous pendant 10 jours.","breadcrumb":{"@id":"https:\/\/www.gleichcom.samuraidev.ch\/fr\/shop\/roger-select-wireless-mikrofon-graphitgrau\/#breadcrumb"},"inLanguage":"fr-FR","potentialAction":[{"@type":"ReadAction","target":["https:\/\/www.gleichcom.samuraidev.ch\/fr\/shop\/roger-select-wireless-mikrofon-graphitgrau\/"]}]},{"@type":"ImageObject","inLanguage":"fr-FR","@id":"https:\/\/www.gleichcom.samuraidev.ch\/fr\/shop\/roger-select-wireless-mikrofon-graphitgrau\/#primaryimage","url":"https:\/\/www.gleichcom.samuraidev.ch\/wp-content\/uploads\/2023\/09\/PackshotRogerSelectlying0523471000P7.png","contentUrl":"https:\/\/www.gleichcom.samuraidev.ch\/wp-content\/uploads\/2023\/09\/PackshotRogerSelectlying0523471000P7.png","width":500,"height":500},{"@type":"BreadcrumbList","@id":"https:\/\/www.gleichcom.samuraidev.ch\/fr\/shop\/roger-select-wireless-mikrofon-graphitgrau\/#breadcrumb","itemListElement":[{"@type":"ListItem","position":1,"name":"Startseite","item":"https:\/\/www.gleichcom.samuraidev.ch\/fr\/"},{"@type":"ListItem","position":2,"name":"Shop","item":"https:\/\/www.gleichcom.samuraidev.ch\/fr\/shop\/"},{"@type":"ListItem","position":3,"name":"Roger Select\u2122 Wireless Microphone"}]},{"@type":"WebSite","@id":"https:\/\/www.gleichcom.samuraidev.ch\/fr\/#website","url":"https:\/\/www.gleichcom.samuraidev.ch\/fr\/","name":"Gleichcom AG","description":"besser h\u00f6ren. besser sehen. besser leben.","publisher":{"@id":"https:\/\/www.gleichcom.samuraidev.ch\/fr\/#organization"},"alternateName":"Gleichcom","potentialAction":[{"@type":"SearchAction","target":{"@type":"EntryPoint","urlTemplate":"https:\/\/www.gleichcom.samuraidev.ch\/fr\/?s={search_term_string}"},"query-input":{"@type":"PropertyValueSpecification","valueRequired":true,"valueName":"search_term_string"}}],"inLanguage":"fr-FR"},{"@type":"Organization","@id":"https:\/\/www.gleichcom.samuraidev.ch\/fr\/#organization","name":"Gleichcom AG","alternateName":"Gleichcom","url":"https:\/\/www.gleichcom.samuraidev.ch\/fr\/","logo":{"@type":"ImageObject","inLanguage":"fr-FR","@id":"https:\/\/www.gleichcom.samuraidev.ch\/fr\/#\/schema\/logo\/image\/","url":"https:\/\/www.gleichcom.samuraidev.ch\/wp-content\/uploads\/2023\/09\/gleichcom-ag-logo-quadrat-farbig-mitte@696.png","contentUrl":"https:\/\/www.gleichcom.samuraidev.ch\/wp-content\/uploads\/2023\/09\/gleichcom-ag-logo-quadrat-farbig-mitte@696.png","width":437,"height":437,"caption":"Gleichcom AG"},"image":{"@id":"https:\/\/www.gleichcom.samuraidev.ch\/fr\/#\/schema\/logo\/image\/"},"sameAs":["https:\/\/www.facebook.com\/profile.php?id=100068749126981"]}]}},"uagb_featured_image_src":{"full":["https:\/\/www.gleichcom.samuraidev.ch\/wp-content\/uploads\/2023\/09\/PackshotRogerSelectlying0523471000P7.png",500,500,false],"thumbnail":["https:\/\/www.gleichcom.samuraidev.ch\/wp-content\/uploads\/2023\/09\/PackshotRogerSelectlying0523471000P7.png",150,150,false],"medium":["https:\/\/www.gleichcom.samuraidev.ch\/wp-content\/uploads\/2023\/09\/PackshotRogerSelectlying0523471000P7.png",300,300,false],"medium_large":["https:\/\/www.gleichcom.samuraidev.ch\/wp-content\/uploads\/2023\/09\/PackshotRogerSelectlying0523471000P7.png",500,500,false],"large":["https:\/\/www.gleichcom.samuraidev.ch\/wp-content\/uploads\/2023\/09\/PackshotRogerSelectlying0523471000P7.png",500,500,false],"1536x1536":["https:\/\/www.gleichcom.samuraidev.ch\/wp-content\/uploads\/2023\/09\/PackshotRogerSelectlying0523471000P7.png",500,500,false],"2048x2048":["https:\/\/www.gleichcom.samuraidev.ch\/wp-content\/uploads\/2023\/09\/PackshotRogerSelectlying0523471000P7.png",500,500,false],"woocommerce_thumbnail":["https:\/\/www.gleichcom.samuraidev.ch\/wp-content\/uploads\/2023\/09\/PackshotRogerSelectlying0523471000P7.png",300,300,false],"woocommerce_single":["https:\/\/www.gleichcom.samuraidev.ch\/wp-content\/uploads\/2023\/09\/PackshotRogerSelectlying0523471000P7.png",500,500,false],"woocommerce_gallery_thumbnail":["https:\/\/www.gleichcom.samuraidev.ch\/wp-content\/uploads\/2023\/09\/PackshotRogerSelectlying0523471000P7.png",100,100,false]},"uagb_author_info":{"display_name":"","author_link":"https:\/\/www.gleichcom.samuraidev.ch\/fr\/author\/"},"uagb_comment_info":0,"uagb_excerpt":"Comprenez la langue. Id\u00e9al au travail ou \u00e0 la maison. Roger Select transmet la parole directement \u00e0 un r\u00e9cepteur Roger ou \u00e0 votre aide auditive. Testez l'appareil avec vous pendant 10 jours.","_links":{"self":[{"href":"https:\/\/www.gleichcom.samuraidev.ch\/fr\/wp-json\/wp\/v2\/product\/17634","targetHints":{"allow":["GET"]}}],"collection":[{"href":"https:\/\/www.gleichcom.samuraidev.ch\/fr\/wp-json\/wp\/v2\/product"}],"about":[{"href":"https:\/\/www.gleichcom.samuraidev.ch\/fr\/wp-json\/wp\/v2\/types\/product"}],"wp:featuredmedia":[{"embeddable":true,"href":"https:\/\/www.gleichcom.samuraidev.ch\/fr\/wp-json\/wp\/v2\/media\/17620"}],"wp:attachment":[{"href":"https:\/\/www.gleichcom.samuraidev.ch\/fr\/wp-json\/wp\/v2\/media?parent=17634"}],"wp:term":[{"taxonomy":"product_brand","embeddable":true,"href":"https:\/\/www.gleichcom.samuraidev.ch\/fr\/wp-json\/wp\/v2\/product_brand?post=17634"},{"taxonomy":"product_cat","embeddable":true,"href":"https:\/\/www.gleichcom.samuraidev.ch\/fr\/wp-json\/wp\/v2\/product_cat?post=17634"},{"taxonomy":"product_tag","embeddable":true,"href":"https:\/\/www.gleichcom.samuraidev.ch\/fr\/wp-json\/wp\/v2\/product_tag?post=17634"}],"curies":[{"name":"wp","href":"https:\/\/api.w.org\/{rel}","templated":true}]}}