{"id":18168,"date":"2022-02-10T10:00:05","date_gmt":"2022-02-10T09:00:05","guid":{"rendered":"https:\/\/www.gleichcom.samuraidev.ch\/?product=geemarc-hoerverstaerkter-usb-kopfhoerer-mit-mikrofon-und-induktion-kompatibel-fuer-pc-tv-und-arbeitsplatz"},"modified":"1000-01-01T00:00:00","modified_gmt":"1000-01-01T00:00:00","slug":"geemarc-hoerverstaerkter-usb-kopfhoerer-mit-mikrofon-und-induktion-kompatibel-fuer-pc-tv-und-arbeitsplatz","status":"publish","type":"product","link":"https:\/\/www.gleichcom.samuraidev.ch\/fr\/shop\/geemarc-hoerverstaerkter-usb-kopfhoerer-mit-mikrofon-und-induktion-kompatibel-fuer-pc-tv-und-arbeitsplatz\/","title":{"rendered":"Geemarc Cuffie USB amplificate per l&rsquo;udito con microfono e compatibili con l&rsquo;induzione per PC, TV e posto di lavoro"},"content":{"rendered":"<p>Geemarc Casque USB amplifi\u00e9 avec microphone (Headset), y compris oreillette inductive<\/p>\n<p>\u00a0\u00a0\u00a0 Compatible avec les appareils auditifs (boucle d&rsquo;induction int\u00e9gr\u00e9e pour une connexion sans interf\u00e9rence avec les appareils auditifs compatibles en les couplant avec les deux \u00e9couteurs)<br \/>\n\u00a0\u00a0\u00a0 Haute qualit\u00e9 sonore avec amplification de 20 dB (en appuyant sur le bouton \u00ab\u00a0Boost\u00a0\u00bb)<br \/>\n\u00a0\u00a0\u00a0 Volume r\u00e9glable<br \/>\n\u00a0\u00a0\u00a0 Microphone haute sensibilit\u00e9 avec LED verte : s&rsquo;allume lorsque le casque est connect\u00e9 et clignote lorsqu&rsquo;il re\u00e7oit un signal<br \/>\n\u00a0\u00a0\u00a0 Fonction de coupure du son avec LED rouge : s&rsquo;allume lorsque cette fonction est activ\u00e9e<br \/>\n\u00a0\u00a0\u00a0 C\u00e2ble de 1,5 m\u00e8tre de long, extensible jusqu&rsquo;\u00e0 2,5 m\u00e8tres<br \/>\n\u00a0\u00a0\u00a0 \u00c9quip\u00e9 d&rsquo;une prise USB pour l&rsquo;utilisation avec des ordinateurs portables, des PC et des consoles de jeu avec entr\u00e9e USB<br \/>\n\u00a0\u00a0\u00a0 Id\u00e9al pour les environnements \u00e0 haut niveau de bruit et pour une utilisation mains libres lors de vid\u00e9oconf\u00e9rences<\/p>\n<p>\u00a0\u00a0\u00a0 Nous offrons un droit de retour de 10 jours<\/p>\n<p><a href=\"images\/UGCLA3_AUSB_EnFrGe_v0.1.pdf\" target=\"_blank\">Manuel d&rsquo;utilisation<\/a><\/p>\n","protected":false},"excerpt":{"rendered":"<p>Utilisable presque partout comme casque ou comme \u00e9couteur gr\u00e2ce \u00e0 la connexion USB.<br \/>\nConvient \u00e9galement au travail, \u00e0 l&rsquo;\u00e9cole et aux loisirs.<br \/>\nGr\u00e2ce \u00e0 l&rsquo;induction, il peut \u00e9galement \u00eatre utilis\u00e9 avec des appareils auditifs \u00e9quip\u00e9s d&rsquo;une bobine d&rsquo;induction.<\/p>\n","protected":false},"featured_media":18154,"template":"","meta":{"inline_featured_image":false,"_uag_custom_page_level_css":"","site-sidebar-layout":"default","site-content-layout":"","ast-site-content-layout":"default","site-content-style":"default","site-sidebar-style":"default","ast-global-header-display":"","ast-banner-title-visibility":"","ast-main-header-display":"","ast-hfb-above-header-display":"","ast-hfb-below-header-display":"","ast-hfb-mobile-header-display":"","site-post-title":"","ast-breadcrumbs-content":"","ast-featured-img":"","footer-sml-layout":"","ast-disable-related-posts":"","theme-transparent-header-meta":"","adv-header-id-meta":"","stick-header-meta":"","header-above-stick-meta":"","header-main-stick-meta":"","header-below-stick-meta":"","astra-migrate-meta-layouts":"default","ast-page-background-enabled":"default","ast-page-background-meta":{"desktop":{"background-color":"","background-image":"","background-repeat":"repeat","background-position":"center center","background-size":"auto","background-attachment":"scroll","background-type":"","background-media":"","overlay-type":"","overlay-color":"","overlay-opacity":"","overlay-gradient":""},"tablet":{"background-color":"","background-image":"","background-repeat":"repeat","background-position":"center center","background-size":"auto","background-attachment":"scroll","background-type":"","background-media":"","overlay-type":"","overlay-color":"","overlay-opacity":"","overlay-gradient":""},"mobile":{"background-color":"","background-image":"","background-repeat":"repeat","background-position":"center center","background-size":"auto","background-attachment":"scroll","background-type":"","background-media":"","overlay-type":"","overlay-color":"","overlay-opacity":"","overlay-gradient":""}},"ast-content-background-meta":{"desktop":{"background-color":"var(--ast-global-color-5)","background-image":"","background-repeat":"repeat","background-position":"center center","background-size":"auto","background-attachment":"scroll","background-type":"","background-media":"","overlay-type":"","overlay-color":"","overlay-opacity":"","overlay-gradient":""},"tablet":{"background-color":"var(--ast-global-color-5)","background-image":"","background-repeat":"repeat","background-position":"center center","background-size":"auto","background-attachment":"scroll","background-type":"","background-media":"","overlay-type":"","overlay-color":"","overlay-opacity":"","overlay-gradient":""},"mobile":{"background-color":"var(--ast-global-color-5)","background-image":"","background-repeat":"repeat","background-position":"center center","background-size":"auto","background-attachment":"scroll","background-type":"","background-media":"","overlay-type":"","overlay-color":"","overlay-opacity":"","overlay-gradient":""}}},"product_brand":[],"product_cat":[2904],"product_tag":[],"class_list":{"0":"post-18168","1":"product","2":"type-product","3":"status-publish","4":"has-post-thumbnail","6":"product_cat-ecouteurs-fr","7":"desktop-align-center","8":"tablet-align-center","9":"mobile-align-center","10":"ast-product-gallery-layout-horizontal-slider","11":"ast-product-tabs-layout-accordion","13":"first","14":"instock","15":"taxable","16":"shipping-taxable","17":"purchasable","18":"product-type-simple"},"yoast_head":"<!-- This site is optimized with the Yoast SEO plugin v27.6 - https:\/\/yoast.com\/product\/yoast-seo-wordpress\/ -->\n<title>Geemarc Cuffie USB amplificate per l&#039;udito con microfono e compatibili con l&#039;induzione per PC, TV e posto di lavoro im Onlineshop | Gleichcom AG<\/title>\n<meta name=\"description\" content=\"\u2705 Utilisable presque partout comme casque ou comme \u00e9couteur gr\u00e2ce \u00e0 la connexion USB. Convient \u00e9galement au travail, \u00e0 l&#039;\u00e9cole et aux loisirs. Gr\u00e2ce \u00e0 l&#039;induction, il peut \u00e9galement \u00eatre utilis\u00e9 avec des appareils auditifs \u00e9quip\u00e9s d&#039;une bobine d&#039;induction.\" \/>\n<meta name=\"robots\" content=\"noindex, follow, max-snippet:-1, max-image-preview:large, max-video-preview:-1\" \/>\n<meta property=\"og:locale\" content=\"fr_FR\" \/>\n<meta property=\"og:type\" content=\"article\" \/>\n<meta property=\"og:title\" content=\"Geemarc Cuffie USB amplificate per l&#039;udito con microfono e compatibili con l&#039;induzione per PC, TV e posto di lavoro im Onlineshop | Gleichcom AG\" \/>\n<meta property=\"og:description\" content=\"\u2705 Utilisable presque partout comme casque ou comme \u00e9couteur gr\u00e2ce \u00e0 la connexion USB. Convient \u00e9galement au travail, \u00e0 l&#039;\u00e9cole et aux loisirs. Gr\u00e2ce \u00e0 l&#039;induction, il peut \u00e9galement \u00eatre utilis\u00e9 avec des appareils auditifs \u00e9quip\u00e9s d&#039;une bobine d&#039;induction.\" \/>\n<meta property=\"og:url\" content=\"https:\/\/www.gleichcom.samuraidev.ch\/fr\/shop\/geemarc-hoerverstaerkter-usb-kopfhoerer-mit-mikrofon-und-induktion-kompatibel-fuer-pc-tv-und-arbeitsplatz\/\" \/>\n<meta property=\"og:site_name\" content=\"Gleichcom AG\" \/>\n<meta property=\"article:publisher\" content=\"https:\/\/www.facebook.com\/profile.php?id=100068749126981\" \/>\n<meta property=\"og:image\" content=\"https:\/\/www.gleichcom.samuraidev.ch\/wp-content\/uploads\/2023\/09\/CLA3AUSB_miclinecontroller.1600x600.jpg\" \/>\n\t<meta property=\"og:image:width\" content=\"500\" \/>\n\t<meta property=\"og:image:height\" content=\"500\" \/>\n\t<meta property=\"og:image:type\" content=\"image\/jpeg\" \/>\n<meta name=\"twitter:card\" content=\"summary_large_image\" \/>\n<script type=\"application\/ld+json\" class=\"yoast-schema-graph\">{\"@context\":\"https:\\\/\\\/schema.org\",\"@graph\":[{\"@type\":\"WebPage\",\"@id\":\"https:\\\/\\\/www.gleichcom.samuraidev.ch\\\/fr\\\/shop\\\/geemarc-hoerverstaerkter-usb-kopfhoerer-mit-mikrofon-und-induktion-kompatibel-fuer-pc-tv-und-arbeitsplatz\\\/\",\"url\":\"https:\\\/\\\/www.gleichcom.samuraidev.ch\\\/fr\\\/shop\\\/geemarc-hoerverstaerkter-usb-kopfhoerer-mit-mikrofon-und-induktion-kompatibel-fuer-pc-tv-und-arbeitsplatz\\\/\",\"name\":\"Geemarc Cuffie USB amplificate per l'udito con microfono e compatibili con l'induzione per PC, TV e posto di lavoro im Onlineshop | Gleichcom AG\",\"isPartOf\":{\"@id\":\"https:\\\/\\\/www.gleichcom.samuraidev.ch\\\/fr\\\/#website\"},\"primaryImageOfPage\":{\"@id\":\"https:\\\/\\\/www.gleichcom.samuraidev.ch\\\/fr\\\/shop\\\/geemarc-hoerverstaerkter-usb-kopfhoerer-mit-mikrofon-und-induktion-kompatibel-fuer-pc-tv-und-arbeitsplatz\\\/#primaryimage\"},\"image\":{\"@id\":\"https:\\\/\\\/www.gleichcom.samuraidev.ch\\\/fr\\\/shop\\\/geemarc-hoerverstaerkter-usb-kopfhoerer-mit-mikrofon-und-induktion-kompatibel-fuer-pc-tv-und-arbeitsplatz\\\/#primaryimage\"},\"thumbnailUrl\":\"https:\\\/\\\/www.gleichcom.samuraidev.ch\\\/wp-content\\\/uploads\\\/2023\\\/09\\\/CLA3AUSB_miclinecontroller.1600x600.jpg\",\"datePublished\":\"2022-02-10T09:00:05+00:00\",\"description\":\"\u2705 Utilisable presque partout comme casque ou comme \u00e9couteur gr\u00e2ce \u00e0 la connexion USB. Convient \u00e9galement au travail, \u00e0 l'\u00e9cole et aux loisirs. Gr\u00e2ce \u00e0 l'induction, il peut \u00e9galement \u00eatre utilis\u00e9 avec des appareils auditifs \u00e9quip\u00e9s d'une bobine d'induction.\",\"breadcrumb\":{\"@id\":\"https:\\\/\\\/www.gleichcom.samuraidev.ch\\\/fr\\\/shop\\\/geemarc-hoerverstaerkter-usb-kopfhoerer-mit-mikrofon-und-induktion-kompatibel-fuer-pc-tv-und-arbeitsplatz\\\/#breadcrumb\"},\"inLanguage\":\"fr-FR\",\"potentialAction\":[{\"@type\":\"ReadAction\",\"target\":[\"https:\\\/\\\/www.gleichcom.samuraidev.ch\\\/fr\\\/shop\\\/geemarc-hoerverstaerkter-usb-kopfhoerer-mit-mikrofon-und-induktion-kompatibel-fuer-pc-tv-und-arbeitsplatz\\\/\"]}]},{\"@type\":\"ImageObject\",\"inLanguage\":\"fr-FR\",\"@id\":\"https:\\\/\\\/www.gleichcom.samuraidev.ch\\\/fr\\\/shop\\\/geemarc-hoerverstaerkter-usb-kopfhoerer-mit-mikrofon-und-induktion-kompatibel-fuer-pc-tv-und-arbeitsplatz\\\/#primaryimage\",\"url\":\"https:\\\/\\\/www.gleichcom.samuraidev.ch\\\/wp-content\\\/uploads\\\/2023\\\/09\\\/CLA3AUSB_miclinecontroller.1600x600.jpg\",\"contentUrl\":\"https:\\\/\\\/www.gleichcom.samuraidev.ch\\\/wp-content\\\/uploads\\\/2023\\\/09\\\/CLA3AUSB_miclinecontroller.1600x600.jpg\",\"width\":500,\"height\":500},{\"@type\":\"BreadcrumbList\",\"@id\":\"https:\\\/\\\/www.gleichcom.samuraidev.ch\\\/fr\\\/shop\\\/geemarc-hoerverstaerkter-usb-kopfhoerer-mit-mikrofon-und-induktion-kompatibel-fuer-pc-tv-und-arbeitsplatz\\\/#breadcrumb\",\"itemListElement\":[{\"@type\":\"ListItem\",\"position\":1,\"name\":\"Startseite\",\"item\":\"https:\\\/\\\/www.gleichcom.samuraidev.ch\\\/fr\\\/\"},{\"@type\":\"ListItem\",\"position\":2,\"name\":\"Shop\",\"item\":\"https:\\\/\\\/www.gleichcom.samuraidev.ch\\\/fr\\\/shop\\\/\"},{\"@type\":\"ListItem\",\"position\":3,\"name\":\"Geemarc Cuffie USB amplificate per l&#8217;udito con microfono e compatibili con l&#8217;induzione per PC, TV e posto di lavoro\"}]},{\"@type\":\"WebSite\",\"@id\":\"https:\\\/\\\/www.gleichcom.samuraidev.ch\\\/fr\\\/#website\",\"url\":\"https:\\\/\\\/www.gleichcom.samuraidev.ch\\\/fr\\\/\",\"name\":\"Gleichcom AG\",\"description\":\"besser h\u00f6ren. besser sehen. besser leben.\",\"publisher\":{\"@id\":\"https:\\\/\\\/www.gleichcom.samuraidev.ch\\\/fr\\\/#organization\"},\"alternateName\":\"Gleichcom\",\"potentialAction\":[{\"@type\":\"SearchAction\",\"target\":{\"@type\":\"EntryPoint\",\"urlTemplate\":\"https:\\\/\\\/www.gleichcom.samuraidev.ch\\\/fr\\\/?s={search_term_string}\"},\"query-input\":{\"@type\":\"PropertyValueSpecification\",\"valueRequired\":true,\"valueName\":\"search_term_string\"}}],\"inLanguage\":\"fr-FR\"},{\"@type\":\"Organization\",\"@id\":\"https:\\\/\\\/www.gleichcom.samuraidev.ch\\\/fr\\\/#organization\",\"name\":\"Gleichcom AG\",\"alternateName\":\"Gleichcom\",\"url\":\"https:\\\/\\\/www.gleichcom.samuraidev.ch\\\/fr\\\/\",\"logo\":{\"@type\":\"ImageObject\",\"inLanguage\":\"fr-FR\",\"@id\":\"https:\\\/\\\/www.gleichcom.samuraidev.ch\\\/fr\\\/#\\\/schema\\\/logo\\\/image\\\/\",\"url\":\"https:\\\/\\\/www.gleichcom.samuraidev.ch\\\/wp-content\\\/uploads\\\/2023\\\/09\\\/gleichcom-ag-logo-quadrat-farbig-mitte@696.png\",\"contentUrl\":\"https:\\\/\\\/www.gleichcom.samuraidev.ch\\\/wp-content\\\/uploads\\\/2023\\\/09\\\/gleichcom-ag-logo-quadrat-farbig-mitte@696.png\",\"width\":437,\"height\":437,\"caption\":\"Gleichcom AG\"},\"image\":{\"@id\":\"https:\\\/\\\/www.gleichcom.samuraidev.ch\\\/fr\\\/#\\\/schema\\\/logo\\\/image\\\/\"},\"sameAs\":[\"https:\\\/\\\/www.facebook.com\\\/profile.php?id=100068749126981\"]}]}<\/script>\n<!-- \/ Yoast SEO plugin. -->","yoast_head_json":{"title":"Geemarc Cuffie USB amplificate per l'udito con microfono e compatibili con l'induzione per PC, TV e posto di lavoro im Onlineshop | Gleichcom AG","description":"\u2705 Utilisable presque partout comme casque ou comme \u00e9couteur gr\u00e2ce \u00e0 la connexion USB. Convient \u00e9galement au travail, \u00e0 l'\u00e9cole et aux loisirs. Gr\u00e2ce \u00e0 l'induction, il peut \u00e9galement \u00eatre utilis\u00e9 avec des appareils auditifs \u00e9quip\u00e9s d'une bobine d'induction.","robots":{"index":"noindex","follow":"follow","max-snippet":"max-snippet:-1","max-image-preview":"max-image-preview:large","max-video-preview":"max-video-preview:-1"},"og_locale":"fr_FR","og_type":"article","og_title":"Geemarc Cuffie USB amplificate per l'udito con microfono e compatibili con l'induzione per PC, TV e posto di lavoro im Onlineshop | Gleichcom AG","og_description":"\u2705 Utilisable presque partout comme casque ou comme \u00e9couteur gr\u00e2ce \u00e0 la connexion USB. Convient \u00e9galement au travail, \u00e0 l'\u00e9cole et aux loisirs. Gr\u00e2ce \u00e0 l'induction, il peut \u00e9galement \u00eatre utilis\u00e9 avec des appareils auditifs \u00e9quip\u00e9s d'une bobine d'induction.","og_url":"https:\/\/www.gleichcom.samuraidev.ch\/fr\/shop\/geemarc-hoerverstaerkter-usb-kopfhoerer-mit-mikrofon-und-induktion-kompatibel-fuer-pc-tv-und-arbeitsplatz\/","og_site_name":"Gleichcom AG","article_publisher":"https:\/\/www.facebook.com\/profile.php?id=100068749126981","og_image":[{"width":500,"height":500,"url":"https:\/\/www.gleichcom.samuraidev.ch\/wp-content\/uploads\/2023\/09\/CLA3AUSB_miclinecontroller.1600x600.jpg","type":"image\/jpeg"}],"twitter_card":"summary_large_image","schema":{"@context":"https:\/\/schema.org","@graph":[{"@type":"WebPage","@id":"https:\/\/www.gleichcom.samuraidev.ch\/fr\/shop\/geemarc-hoerverstaerkter-usb-kopfhoerer-mit-mikrofon-und-induktion-kompatibel-fuer-pc-tv-und-arbeitsplatz\/","url":"https:\/\/www.gleichcom.samuraidev.ch\/fr\/shop\/geemarc-hoerverstaerkter-usb-kopfhoerer-mit-mikrofon-und-induktion-kompatibel-fuer-pc-tv-und-arbeitsplatz\/","name":"Geemarc Cuffie USB amplificate per l'udito con microfono e compatibili con l'induzione per PC, TV e posto di lavoro im Onlineshop | Gleichcom AG","isPartOf":{"@id":"https:\/\/www.gleichcom.samuraidev.ch\/fr\/#website"},"primaryImageOfPage":{"@id":"https:\/\/www.gleichcom.samuraidev.ch\/fr\/shop\/geemarc-hoerverstaerkter-usb-kopfhoerer-mit-mikrofon-und-induktion-kompatibel-fuer-pc-tv-und-arbeitsplatz\/#primaryimage"},"image":{"@id":"https:\/\/www.gleichcom.samuraidev.ch\/fr\/shop\/geemarc-hoerverstaerkter-usb-kopfhoerer-mit-mikrofon-und-induktion-kompatibel-fuer-pc-tv-und-arbeitsplatz\/#primaryimage"},"thumbnailUrl":"https:\/\/www.gleichcom.samuraidev.ch\/wp-content\/uploads\/2023\/09\/CLA3AUSB_miclinecontroller.1600x600.jpg","datePublished":"2022-02-10T09:00:05+00:00","description":"\u2705 Utilisable presque partout comme casque ou comme \u00e9couteur gr\u00e2ce \u00e0 la connexion USB. Convient \u00e9galement au travail, \u00e0 l'\u00e9cole et aux loisirs. Gr\u00e2ce \u00e0 l'induction, il peut \u00e9galement \u00eatre utilis\u00e9 avec des appareils auditifs \u00e9quip\u00e9s d'une bobine d'induction.","breadcrumb":{"@id":"https:\/\/www.gleichcom.samuraidev.ch\/fr\/shop\/geemarc-hoerverstaerkter-usb-kopfhoerer-mit-mikrofon-und-induktion-kompatibel-fuer-pc-tv-und-arbeitsplatz\/#breadcrumb"},"inLanguage":"fr-FR","potentialAction":[{"@type":"ReadAction","target":["https:\/\/www.gleichcom.samuraidev.ch\/fr\/shop\/geemarc-hoerverstaerkter-usb-kopfhoerer-mit-mikrofon-und-induktion-kompatibel-fuer-pc-tv-und-arbeitsplatz\/"]}]},{"@type":"ImageObject","inLanguage":"fr-FR","@id":"https:\/\/www.gleichcom.samuraidev.ch\/fr\/shop\/geemarc-hoerverstaerkter-usb-kopfhoerer-mit-mikrofon-und-induktion-kompatibel-fuer-pc-tv-und-arbeitsplatz\/#primaryimage","url":"https:\/\/www.gleichcom.samuraidev.ch\/wp-content\/uploads\/2023\/09\/CLA3AUSB_miclinecontroller.1600x600.jpg","contentUrl":"https:\/\/www.gleichcom.samuraidev.ch\/wp-content\/uploads\/2023\/09\/CLA3AUSB_miclinecontroller.1600x600.jpg","width":500,"height":500},{"@type":"BreadcrumbList","@id":"https:\/\/www.gleichcom.samuraidev.ch\/fr\/shop\/geemarc-hoerverstaerkter-usb-kopfhoerer-mit-mikrofon-und-induktion-kompatibel-fuer-pc-tv-und-arbeitsplatz\/#breadcrumb","itemListElement":[{"@type":"ListItem","position":1,"name":"Startseite","item":"https:\/\/www.gleichcom.samuraidev.ch\/fr\/"},{"@type":"ListItem","position":2,"name":"Shop","item":"https:\/\/www.gleichcom.samuraidev.ch\/fr\/shop\/"},{"@type":"ListItem","position":3,"name":"Geemarc Cuffie USB amplificate per l&#8217;udito con microfono e compatibili con l&#8217;induzione per PC, TV e posto di lavoro"}]},{"@type":"WebSite","@id":"https:\/\/www.gleichcom.samuraidev.ch\/fr\/#website","url":"https:\/\/www.gleichcom.samuraidev.ch\/fr\/","name":"Gleichcom AG","description":"besser h\u00f6ren. besser sehen. besser leben.","publisher":{"@id":"https:\/\/www.gleichcom.samuraidev.ch\/fr\/#organization"},"alternateName":"Gleichcom","potentialAction":[{"@type":"SearchAction","target":{"@type":"EntryPoint","urlTemplate":"https:\/\/www.gleichcom.samuraidev.ch\/fr\/?s={search_term_string}"},"query-input":{"@type":"PropertyValueSpecification","valueRequired":true,"valueName":"search_term_string"}}],"inLanguage":"fr-FR"},{"@type":"Organization","@id":"https:\/\/www.gleichcom.samuraidev.ch\/fr\/#organization","name":"Gleichcom AG","alternateName":"Gleichcom","url":"https:\/\/www.gleichcom.samuraidev.ch\/fr\/","logo":{"@type":"ImageObject","inLanguage":"fr-FR","@id":"https:\/\/www.gleichcom.samuraidev.ch\/fr\/#\/schema\/logo\/image\/","url":"https:\/\/www.gleichcom.samuraidev.ch\/wp-content\/uploads\/2023\/09\/gleichcom-ag-logo-quadrat-farbig-mitte@696.png","contentUrl":"https:\/\/www.gleichcom.samuraidev.ch\/wp-content\/uploads\/2023\/09\/gleichcom-ag-logo-quadrat-farbig-mitte@696.png","width":437,"height":437,"caption":"Gleichcom AG"},"image":{"@id":"https:\/\/www.gleichcom.samuraidev.ch\/fr\/#\/schema\/logo\/image\/"},"sameAs":["https:\/\/www.facebook.com\/profile.php?id=100068749126981"]}]}},"uagb_featured_image_src":{"full":["https:\/\/www.gleichcom.samuraidev.ch\/wp-content\/uploads\/2023\/09\/CLA3AUSB_miclinecontroller.1600x600.jpg",500,500,false],"thumbnail":["https:\/\/www.gleichcom.samuraidev.ch\/wp-content\/uploads\/2023\/09\/CLA3AUSB_miclinecontroller.1600x600.jpg",150,150,false],"medium":["https:\/\/www.gleichcom.samuraidev.ch\/wp-content\/uploads\/2023\/09\/CLA3AUSB_miclinecontroller.1600x600.jpg",300,300,false],"medium_large":["https:\/\/www.gleichcom.samuraidev.ch\/wp-content\/uploads\/2023\/09\/CLA3AUSB_miclinecontroller.1600x600.jpg",500,500,false],"large":["https:\/\/www.gleichcom.samuraidev.ch\/wp-content\/uploads\/2023\/09\/CLA3AUSB_miclinecontroller.1600x600.jpg",500,500,false],"1536x1536":["https:\/\/www.gleichcom.samuraidev.ch\/wp-content\/uploads\/2023\/09\/CLA3AUSB_miclinecontroller.1600x600.jpg",500,500,false],"2048x2048":["https:\/\/www.gleichcom.samuraidev.ch\/wp-content\/uploads\/2023\/09\/CLA3AUSB_miclinecontroller.1600x600.jpg",500,500,false],"woocommerce_thumbnail":["https:\/\/www.gleichcom.samuraidev.ch\/wp-content\/uploads\/2023\/09\/CLA3AUSB_miclinecontroller.1600x600.jpg",300,300,false],"woocommerce_single":["https:\/\/www.gleichcom.samuraidev.ch\/wp-content\/uploads\/2023\/09\/CLA3AUSB_miclinecontroller.1600x600.jpg",500,500,false],"woocommerce_gallery_thumbnail":["https:\/\/www.gleichcom.samuraidev.ch\/wp-content\/uploads\/2023\/09\/CLA3AUSB_miclinecontroller.1600x600.jpg",100,100,false]},"uagb_author_info":{"display_name":"","author_link":"https:\/\/www.gleichcom.samuraidev.ch\/fr\/author\/"},"uagb_comment_info":0,"uagb_excerpt":"Utilisable presque partout comme casque ou comme \u00e9couteur gr\u00e2ce \u00e0 la connexion USB. Convient \u00e9galement au travail, \u00e0 l'\u00e9cole et aux loisirs. Gr\u00e2ce \u00e0 l'induction, il peut \u00e9galement \u00eatre utilis\u00e9 avec des appareils auditifs \u00e9quip\u00e9s d'une bobine d'induction.","_links":{"self":[{"href":"https:\/\/www.gleichcom.samuraidev.ch\/fr\/wp-json\/wp\/v2\/product\/18168","targetHints":{"allow":["GET"]}}],"collection":[{"href":"https:\/\/www.gleichcom.samuraidev.ch\/fr\/wp-json\/wp\/v2\/product"}],"about":[{"href":"https:\/\/www.gleichcom.samuraidev.ch\/fr\/wp-json\/wp\/v2\/types\/product"}],"wp:featuredmedia":[{"embeddable":true,"href":"https:\/\/www.gleichcom.samuraidev.ch\/fr\/wp-json\/wp\/v2\/media\/18154"}],"wp:attachment":[{"href":"https:\/\/www.gleichcom.samuraidev.ch\/fr\/wp-json\/wp\/v2\/media?parent=18168"}],"wp:term":[{"taxonomy":"product_brand","embeddable":true,"href":"https:\/\/www.gleichcom.samuraidev.ch\/fr\/wp-json\/wp\/v2\/product_brand?post=18168"},{"taxonomy":"product_cat","embeddable":true,"href":"https:\/\/www.gleichcom.samuraidev.ch\/fr\/wp-json\/wp\/v2\/product_cat?post=18168"},{"taxonomy":"product_tag","embeddable":true,"href":"https:\/\/www.gleichcom.samuraidev.ch\/fr\/wp-json\/wp\/v2\/product_tag?post=18168"}],"curies":[{"name":"wp","href":"https:\/\/api.w.org\/{rel}","templated":true}]}}