{"id":18297,"date":"2022-02-12T09:38:21","date_gmt":"2022-02-12T08:38:21","guid":{"rendered":"https:\/\/www.gleichcom.samuraidev.ch\/?product=puralpina-murmeli-kraeutersalbe-kuehlend-500ml"},"modified":"1000-01-01T00:00:00","modified_gmt":"1000-01-01T00:00:00","slug":"puralpina-murmeli-kraeutersalbe-kuehlend-500ml","status":"publish","type":"product","link":"https:\/\/www.gleichcom.samuraidev.ch\/fr\/shop\/puralpina-murmeli-kraeutersalbe-kuehlend-500ml\/","title":{"rendered":"Puralpina Pommade aux herbes de marmotte rafra\u00eechissante 500ml"},"content":{"rendered":"<p><strong>Puralpina Pommade aux herbes de marmotte rafra\u00eechissante<\/strong><\/p>\n<p>Rafra\u00eechit comme l&rsquo;air frais des montagnes &#8211; agr\u00e9ablement apaisant. Pommade purement naturelle \u00e0 la pr\u00e9cieuse huile de marmotte suisse et aux herbes puissantes. La pommade aux herbes de la marmotte rafra\u00eechit en douceur mais en profondeur vos articulations, ligaments et tendons. Une th\u00e9rapie par le froid agr\u00e9able pour votre corps apr\u00e8s les activit\u00e9s quotidiennes comme le sport, le travail et les loisirs. Cette pommade de marmotte vous apporte un soulagement bienfaisant.<\/p>\n<p><strong>MODE D&rsquo;EMPLOI<\/strong><br \/>\nAppliquez la pommade aux herbes de la marmotte sur les parties du corps souhait\u00e9es comme les articulations, les ligaments ou les tendons (ne pas masser fortement). La pommade aux marmottes convient tr\u00e8s bien pour les soins de la peau et peut \u00eatre utilis\u00e9e plusieurs fois par jour. Elle est bien s\u00fbr \u00e9galement bien tol\u00e9r\u00e9e par les enfants.<\/p>\n<p><strong>INGR\u00c9DIENTS<\/strong><br \/>\nLa pommade aux herbes de la marmotte est purement naturelle et exempte d&rsquo;agents conservateurs, de parfums et de colorants artificiels. Elle contient de la graisse de chamois, de l&rsquo;huile d&rsquo;olive, de la graisse de cerf, de l&rsquo;huile de marmotte, de la consoude, des fleurs de foin, du calendula, du millepertuis, de la graisse de blaireau, de la menthe, de l&rsquo;arnica, de l&rsquo;\u00e9peron des marais, du cresson de Para et des aiguilles d&rsquo;\u00e9pic\u00e9a.<\/p>\n<p><strong>Contenu de la livraison :<\/strong><br \/>\n1 bo\u00eete de pommade aux herbes de marmotte rafra\u00eechissante 500ml<\/p>\n<p>\u00a0<\/p>\n","protected":false},"excerpt":{"rendered":"<p>Rafra\u00eechit comme l&rsquo;air frais des montagnes &#8211; agr\u00e9ablement apaisant. Pommade purement naturelle \u00e0 la pr\u00e9cieuse huile de marmotte suisse et aux herbes puissantes. La pommade aux herbes de la marmotte refroidit en douceur mais en profondeur vos articulations, ligaments et tendons.<\/p>\n","protected":false},"featured_media":18295,"template":"","meta":{"inline_featured_image":false,"_uag_custom_page_level_css":"","site-sidebar-layout":"default","site-content-layout":"","ast-site-content-layout":"default","site-content-style":"default","site-sidebar-style":"default","ast-global-header-display":"","ast-banner-title-visibility":"","ast-main-header-display":"","ast-hfb-above-header-display":"","ast-hfb-below-header-display":"","ast-hfb-mobile-header-display":"","site-post-title":"","ast-breadcrumbs-content":"","ast-featured-img":"","footer-sml-layout":"","ast-disable-related-posts":"","theme-transparent-header-meta":"","adv-header-id-meta":"","stick-header-meta":"","header-above-stick-meta":"","header-main-stick-meta":"","header-below-stick-meta":"","astra-migrate-meta-layouts":"default","ast-page-background-enabled":"default","ast-page-background-meta":{"desktop":{"background-color":"","background-image":"","background-repeat":"repeat","background-position":"center center","background-size":"auto","background-attachment":"scroll","background-type":"","background-media":"","overlay-type":"","overlay-color":"","overlay-opacity":"","overlay-gradient":""},"tablet":{"background-color":"","background-image":"","background-repeat":"repeat","background-position":"center center","background-size":"auto","background-attachment":"scroll","background-type":"","background-media":"","overlay-type":"","overlay-color":"","overlay-opacity":"","overlay-gradient":""},"mobile":{"background-color":"","background-image":"","background-repeat":"repeat","background-position":"center center","background-size":"auto","background-attachment":"scroll","background-type":"","background-media":"","overlay-type":"","overlay-color":"","overlay-opacity":"","overlay-gradient":""}},"ast-content-background-meta":{"desktop":{"background-color":"var(--ast-global-color-5)","background-image":"","background-repeat":"repeat","background-position":"center center","background-size":"auto","background-attachment":"scroll","background-type":"","background-media":"","overlay-type":"","overlay-color":"","overlay-opacity":"","overlay-gradient":""},"tablet":{"background-color":"var(--ast-global-color-5)","background-image":"","background-repeat":"repeat","background-position":"center center","background-size":"auto","background-attachment":"scroll","background-type":"","background-media":"","overlay-type":"","overlay-color":"","overlay-opacity":"","overlay-gradient":""},"mobile":{"background-color":"var(--ast-global-color-5)","background-image":"","background-repeat":"repeat","background-position":"center center","background-size":"auto","background-attachment":"scroll","background-type":"","background-media":"","overlay-type":"","overlay-color":"","overlay-opacity":"","overlay-gradient":""}}},"product_brand":[],"product_cat":[3012,1776],"product_tag":[],"class_list":{"0":"post-18297","1":"product","2":"type-product","3":"status-publish","4":"has-post-thumbnail","6":"product_cat-soins-de-sante-fr","7":"product_cat-unkategorisiert","8":"desktop-align-center","9":"tablet-align-center","10":"mobile-align-center","11":"ast-product-gallery-layout-horizontal-slider","12":"ast-product-gallery-with-no-image","13":"ast-product-tabs-layout-accordion","15":"first","16":"onbackorder","17":"taxable","18":"shipping-taxable","19":"purchasable","20":"product-type-simple"},"yoast_head":"<!-- This site is optimized with the Yoast SEO plugin v27.5 - https:\/\/yoast.com\/product\/yoast-seo-wordpress\/ -->\n<title>Puralpina Pommade aux herbes de marmotte rafra\u00eechissante 500ml im Onlineshop | Gleichcom AG<\/title>\n<meta name=\"description\" content=\"\u2705 Rafra\u00eechit comme l&#039;air frais des montagnes - agr\u00e9ablement apaisant. Pommade purement naturelle \u00e0 la pr\u00e9cieuse huile de marmotte suisse et aux herbes puissantes. La pommade aux herbes de la marmotte refroidit en douceur mais en profondeur vos articulations, ligaments et tendons.\" \/>\n<meta name=\"robots\" content=\"noindex, follow, max-snippet:-1, max-image-preview:large, max-video-preview:-1\" \/>\n<meta property=\"og:locale\" content=\"fr_FR\" \/>\n<meta property=\"og:type\" content=\"article\" \/>\n<meta property=\"og:title\" content=\"Puralpina Pommade aux herbes de marmotte rafra\u00eechissante 500ml im Onlineshop | Gleichcom AG\" \/>\n<meta property=\"og:description\" content=\"\u2705 Rafra\u00eechit comme l&#039;air frais des montagnes - agr\u00e9ablement apaisant. Pommade purement naturelle \u00e0 la pr\u00e9cieuse huile de marmotte suisse et aux herbes puissantes. La pommade aux herbes de la marmotte refroidit en douceur mais en profondeur vos articulations, ligaments et tendons.\" \/>\n<meta property=\"og:url\" content=\"https:\/\/www.gleichcom.samuraidev.ch\/fr\/shop\/puralpina-murmeli-kraeutersalbe-kuehlend-500ml\/\" \/>\n<meta property=\"og:site_name\" content=\"Gleichcom AG\" \/>\n<meta property=\"article:publisher\" content=\"https:\/\/www.facebook.com\/profile.php?id=100068749126981\" \/>\n<meta property=\"og:image\" content=\"https:\/\/www.gleichcom.samuraidev.ch\/wp-content\/uploads\/2023\/09\/MurmeltiersalbeMurmeliKraeutersalbekuehlendpuralpina_4168_0_4169_0.jpg\" \/>\n\t<meta property=\"og:image:width\" content=\"500\" \/>\n\t<meta property=\"og:image:height\" content=\"444\" \/>\n\t<meta property=\"og:image:type\" content=\"image\/jpeg\" \/>\n<meta name=\"twitter:card\" content=\"summary_large_image\" \/>\n<script type=\"application\/ld+json\" class=\"yoast-schema-graph\">{\"@context\":\"https:\\\/\\\/schema.org\",\"@graph\":[{\"@type\":\"WebPage\",\"@id\":\"https:\\\/\\\/www.gleichcom.samuraidev.ch\\\/fr\\\/shop\\\/puralpina-murmeli-kraeutersalbe-kuehlend-500ml\\\/\",\"url\":\"https:\\\/\\\/www.gleichcom.samuraidev.ch\\\/fr\\\/shop\\\/puralpina-murmeli-kraeutersalbe-kuehlend-500ml\\\/\",\"name\":\"Puralpina Pommade aux herbes de marmotte rafra\u00eechissante 500ml im Onlineshop | Gleichcom AG\",\"isPartOf\":{\"@id\":\"https:\\\/\\\/www.gleichcom.samuraidev.ch\\\/fr\\\/#website\"},\"primaryImageOfPage\":{\"@id\":\"https:\\\/\\\/www.gleichcom.samuraidev.ch\\\/fr\\\/shop\\\/puralpina-murmeli-kraeutersalbe-kuehlend-500ml\\\/#primaryimage\"},\"image\":{\"@id\":\"https:\\\/\\\/www.gleichcom.samuraidev.ch\\\/fr\\\/shop\\\/puralpina-murmeli-kraeutersalbe-kuehlend-500ml\\\/#primaryimage\"},\"thumbnailUrl\":\"https:\\\/\\\/www.gleichcom.samuraidev.ch\\\/wp-content\\\/uploads\\\/2023\\\/09\\\/MurmeltiersalbeMurmeliKraeutersalbekuehlendpuralpina_4168_0_4169_0.jpg\",\"datePublished\":\"2022-02-12T08:38:21+00:00\",\"description\":\"\u2705 Rafra\u00eechit comme l'air frais des montagnes - agr\u00e9ablement apaisant. Pommade purement naturelle \u00e0 la pr\u00e9cieuse huile de marmotte suisse et aux herbes puissantes. La pommade aux herbes de la marmotte refroidit en douceur mais en profondeur vos articulations, ligaments et tendons.\",\"breadcrumb\":{\"@id\":\"https:\\\/\\\/www.gleichcom.samuraidev.ch\\\/fr\\\/shop\\\/puralpina-murmeli-kraeutersalbe-kuehlend-500ml\\\/#breadcrumb\"},\"inLanguage\":\"fr-FR\",\"potentialAction\":[{\"@type\":\"ReadAction\",\"target\":[\"https:\\\/\\\/www.gleichcom.samuraidev.ch\\\/fr\\\/shop\\\/puralpina-murmeli-kraeutersalbe-kuehlend-500ml\\\/\"]}]},{\"@type\":\"ImageObject\",\"inLanguage\":\"fr-FR\",\"@id\":\"https:\\\/\\\/www.gleichcom.samuraidev.ch\\\/fr\\\/shop\\\/puralpina-murmeli-kraeutersalbe-kuehlend-500ml\\\/#primaryimage\",\"url\":\"https:\\\/\\\/www.gleichcom.samuraidev.ch\\\/wp-content\\\/uploads\\\/2023\\\/09\\\/MurmeltiersalbeMurmeliKraeutersalbekuehlendpuralpina_4168_0_4169_0.jpg\",\"contentUrl\":\"https:\\\/\\\/www.gleichcom.samuraidev.ch\\\/wp-content\\\/uploads\\\/2023\\\/09\\\/MurmeltiersalbeMurmeliKraeutersalbekuehlendpuralpina_4168_0_4169_0.jpg\",\"width\":500,\"height\":444},{\"@type\":\"BreadcrumbList\",\"@id\":\"https:\\\/\\\/www.gleichcom.samuraidev.ch\\\/fr\\\/shop\\\/puralpina-murmeli-kraeutersalbe-kuehlend-500ml\\\/#breadcrumb\",\"itemListElement\":[{\"@type\":\"ListItem\",\"position\":1,\"name\":\"Startseite\",\"item\":\"https:\\\/\\\/www.gleichcom.samuraidev.ch\\\/fr\\\/\"},{\"@type\":\"ListItem\",\"position\":2,\"name\":\"Shop\",\"item\":\"https:\\\/\\\/www.gleichcom.samuraidev.ch\\\/fr\\\/shop\\\/\"},{\"@type\":\"ListItem\",\"position\":3,\"name\":\"Puralpina Pommade aux herbes de marmotte rafra\u00eechissante 500ml\"}]},{\"@type\":\"WebSite\",\"@id\":\"https:\\\/\\\/www.gleichcom.samuraidev.ch\\\/fr\\\/#website\",\"url\":\"https:\\\/\\\/www.gleichcom.samuraidev.ch\\\/fr\\\/\",\"name\":\"Gleichcom AG\",\"description\":\"besser h\u00f6ren. besser sehen. besser leben.\",\"publisher\":{\"@id\":\"https:\\\/\\\/www.gleichcom.samuraidev.ch\\\/fr\\\/#organization\"},\"alternateName\":\"Gleichcom\",\"potentialAction\":[{\"@type\":\"SearchAction\",\"target\":{\"@type\":\"EntryPoint\",\"urlTemplate\":\"https:\\\/\\\/www.gleichcom.samuraidev.ch\\\/fr\\\/?s={search_term_string}\"},\"query-input\":{\"@type\":\"PropertyValueSpecification\",\"valueRequired\":true,\"valueName\":\"search_term_string\"}}],\"inLanguage\":\"fr-FR\"},{\"@type\":\"Organization\",\"@id\":\"https:\\\/\\\/www.gleichcom.samuraidev.ch\\\/fr\\\/#organization\",\"name\":\"Gleichcom AG\",\"alternateName\":\"Gleichcom\",\"url\":\"https:\\\/\\\/www.gleichcom.samuraidev.ch\\\/fr\\\/\",\"logo\":{\"@type\":\"ImageObject\",\"inLanguage\":\"fr-FR\",\"@id\":\"https:\\\/\\\/www.gleichcom.samuraidev.ch\\\/fr\\\/#\\\/schema\\\/logo\\\/image\\\/\",\"url\":\"https:\\\/\\\/www.gleichcom.samuraidev.ch\\\/wp-content\\\/uploads\\\/2023\\\/09\\\/gleichcom-ag-logo-quadrat-farbig-mitte@696.png\",\"contentUrl\":\"https:\\\/\\\/www.gleichcom.samuraidev.ch\\\/wp-content\\\/uploads\\\/2023\\\/09\\\/gleichcom-ag-logo-quadrat-farbig-mitte@696.png\",\"width\":437,\"height\":437,\"caption\":\"Gleichcom AG\"},\"image\":{\"@id\":\"https:\\\/\\\/www.gleichcom.samuraidev.ch\\\/fr\\\/#\\\/schema\\\/logo\\\/image\\\/\"},\"sameAs\":[\"https:\\\/\\\/www.facebook.com\\\/profile.php?id=100068749126981\"]}]}<\/script>\n<!-- \/ Yoast SEO plugin. -->","yoast_head_json":{"title":"Puralpina Pommade aux herbes de marmotte rafra\u00eechissante 500ml im Onlineshop | Gleichcom AG","description":"\u2705 Rafra\u00eechit comme l'air frais des montagnes - agr\u00e9ablement apaisant. Pommade purement naturelle \u00e0 la pr\u00e9cieuse huile de marmotte suisse et aux herbes puissantes. La pommade aux herbes de la marmotte refroidit en douceur mais en profondeur vos articulations, ligaments et tendons.","robots":{"index":"noindex","follow":"follow","max-snippet":"max-snippet:-1","max-image-preview":"max-image-preview:large","max-video-preview":"max-video-preview:-1"},"og_locale":"fr_FR","og_type":"article","og_title":"Puralpina Pommade aux herbes de marmotte rafra\u00eechissante 500ml im Onlineshop | Gleichcom AG","og_description":"\u2705 Rafra\u00eechit comme l'air frais des montagnes - agr\u00e9ablement apaisant. Pommade purement naturelle \u00e0 la pr\u00e9cieuse huile de marmotte suisse et aux herbes puissantes. La pommade aux herbes de la marmotte refroidit en douceur mais en profondeur vos articulations, ligaments et tendons.","og_url":"https:\/\/www.gleichcom.samuraidev.ch\/fr\/shop\/puralpina-murmeli-kraeutersalbe-kuehlend-500ml\/","og_site_name":"Gleichcom AG","article_publisher":"https:\/\/www.facebook.com\/profile.php?id=100068749126981","og_image":[{"width":500,"height":444,"url":"https:\/\/www.gleichcom.samuraidev.ch\/wp-content\/uploads\/2023\/09\/MurmeltiersalbeMurmeliKraeutersalbekuehlendpuralpina_4168_0_4169_0.jpg","type":"image\/jpeg"}],"twitter_card":"summary_large_image","schema":{"@context":"https:\/\/schema.org","@graph":[{"@type":"WebPage","@id":"https:\/\/www.gleichcom.samuraidev.ch\/fr\/shop\/puralpina-murmeli-kraeutersalbe-kuehlend-500ml\/","url":"https:\/\/www.gleichcom.samuraidev.ch\/fr\/shop\/puralpina-murmeli-kraeutersalbe-kuehlend-500ml\/","name":"Puralpina Pommade aux herbes de marmotte rafra\u00eechissante 500ml im Onlineshop | Gleichcom AG","isPartOf":{"@id":"https:\/\/www.gleichcom.samuraidev.ch\/fr\/#website"},"primaryImageOfPage":{"@id":"https:\/\/www.gleichcom.samuraidev.ch\/fr\/shop\/puralpina-murmeli-kraeutersalbe-kuehlend-500ml\/#primaryimage"},"image":{"@id":"https:\/\/www.gleichcom.samuraidev.ch\/fr\/shop\/puralpina-murmeli-kraeutersalbe-kuehlend-500ml\/#primaryimage"},"thumbnailUrl":"https:\/\/www.gleichcom.samuraidev.ch\/wp-content\/uploads\/2023\/09\/MurmeltiersalbeMurmeliKraeutersalbekuehlendpuralpina_4168_0_4169_0.jpg","datePublished":"2022-02-12T08:38:21+00:00","description":"\u2705 Rafra\u00eechit comme l'air frais des montagnes - agr\u00e9ablement apaisant. Pommade purement naturelle \u00e0 la pr\u00e9cieuse huile de marmotte suisse et aux herbes puissantes. La pommade aux herbes de la marmotte refroidit en douceur mais en profondeur vos articulations, ligaments et tendons.","breadcrumb":{"@id":"https:\/\/www.gleichcom.samuraidev.ch\/fr\/shop\/puralpina-murmeli-kraeutersalbe-kuehlend-500ml\/#breadcrumb"},"inLanguage":"fr-FR","potentialAction":[{"@type":"ReadAction","target":["https:\/\/www.gleichcom.samuraidev.ch\/fr\/shop\/puralpina-murmeli-kraeutersalbe-kuehlend-500ml\/"]}]},{"@type":"ImageObject","inLanguage":"fr-FR","@id":"https:\/\/www.gleichcom.samuraidev.ch\/fr\/shop\/puralpina-murmeli-kraeutersalbe-kuehlend-500ml\/#primaryimage","url":"https:\/\/www.gleichcom.samuraidev.ch\/wp-content\/uploads\/2023\/09\/MurmeltiersalbeMurmeliKraeutersalbekuehlendpuralpina_4168_0_4169_0.jpg","contentUrl":"https:\/\/www.gleichcom.samuraidev.ch\/wp-content\/uploads\/2023\/09\/MurmeltiersalbeMurmeliKraeutersalbekuehlendpuralpina_4168_0_4169_0.jpg","width":500,"height":444},{"@type":"BreadcrumbList","@id":"https:\/\/www.gleichcom.samuraidev.ch\/fr\/shop\/puralpina-murmeli-kraeutersalbe-kuehlend-500ml\/#breadcrumb","itemListElement":[{"@type":"ListItem","position":1,"name":"Startseite","item":"https:\/\/www.gleichcom.samuraidev.ch\/fr\/"},{"@type":"ListItem","position":2,"name":"Shop","item":"https:\/\/www.gleichcom.samuraidev.ch\/fr\/shop\/"},{"@type":"ListItem","position":3,"name":"Puralpina Pommade aux herbes de marmotte rafra\u00eechissante 500ml"}]},{"@type":"WebSite","@id":"https:\/\/www.gleichcom.samuraidev.ch\/fr\/#website","url":"https:\/\/www.gleichcom.samuraidev.ch\/fr\/","name":"Gleichcom AG","description":"besser h\u00f6ren. besser sehen. besser leben.","publisher":{"@id":"https:\/\/www.gleichcom.samuraidev.ch\/fr\/#organization"},"alternateName":"Gleichcom","potentialAction":[{"@type":"SearchAction","target":{"@type":"EntryPoint","urlTemplate":"https:\/\/www.gleichcom.samuraidev.ch\/fr\/?s={search_term_string}"},"query-input":{"@type":"PropertyValueSpecification","valueRequired":true,"valueName":"search_term_string"}}],"inLanguage":"fr-FR"},{"@type":"Organization","@id":"https:\/\/www.gleichcom.samuraidev.ch\/fr\/#organization","name":"Gleichcom AG","alternateName":"Gleichcom","url":"https:\/\/www.gleichcom.samuraidev.ch\/fr\/","logo":{"@type":"ImageObject","inLanguage":"fr-FR","@id":"https:\/\/www.gleichcom.samuraidev.ch\/fr\/#\/schema\/logo\/image\/","url":"https:\/\/www.gleichcom.samuraidev.ch\/wp-content\/uploads\/2023\/09\/gleichcom-ag-logo-quadrat-farbig-mitte@696.png","contentUrl":"https:\/\/www.gleichcom.samuraidev.ch\/wp-content\/uploads\/2023\/09\/gleichcom-ag-logo-quadrat-farbig-mitte@696.png","width":437,"height":437,"caption":"Gleichcom AG"},"image":{"@id":"https:\/\/www.gleichcom.samuraidev.ch\/fr\/#\/schema\/logo\/image\/"},"sameAs":["https:\/\/www.facebook.com\/profile.php?id=100068749126981"]}]}},"uagb_featured_image_src":{"full":["https:\/\/www.gleichcom.samuraidev.ch\/wp-content\/uploads\/2023\/09\/MurmeltiersalbeMurmeliKraeutersalbekuehlendpuralpina_4168_0_4169_0.jpg",500,444,false],"thumbnail":["https:\/\/www.gleichcom.samuraidev.ch\/wp-content\/uploads\/2023\/09\/MurmeltiersalbeMurmeliKraeutersalbekuehlendpuralpina_4168_0_4169_0.jpg",150,133,false],"medium":["https:\/\/www.gleichcom.samuraidev.ch\/wp-content\/uploads\/2023\/09\/MurmeltiersalbeMurmeliKraeutersalbekuehlendpuralpina_4168_0_4169_0.jpg",300,266,false],"medium_large":["https:\/\/www.gleichcom.samuraidev.ch\/wp-content\/uploads\/2023\/09\/MurmeltiersalbeMurmeliKraeutersalbekuehlendpuralpina_4168_0_4169_0.jpg",500,444,false],"large":["https:\/\/www.gleichcom.samuraidev.ch\/wp-content\/uploads\/2023\/09\/MurmeltiersalbeMurmeliKraeutersalbekuehlendpuralpina_4168_0_4169_0.jpg",500,444,false],"1536x1536":["https:\/\/www.gleichcom.samuraidev.ch\/wp-content\/uploads\/2023\/09\/MurmeltiersalbeMurmeliKraeutersalbekuehlendpuralpina_4168_0_4169_0.jpg",500,444,false],"2048x2048":["https:\/\/www.gleichcom.samuraidev.ch\/wp-content\/uploads\/2023\/09\/MurmeltiersalbeMurmeliKraeutersalbekuehlendpuralpina_4168_0_4169_0.jpg",500,444,false],"woocommerce_thumbnail":["https:\/\/www.gleichcom.samuraidev.ch\/wp-content\/uploads\/2023\/09\/MurmeltiersalbeMurmeliKraeutersalbekuehlendpuralpina_4168_0_4169_0.jpg",300,266,false],"woocommerce_single":["https:\/\/www.gleichcom.samuraidev.ch\/wp-content\/uploads\/2023\/09\/MurmeltiersalbeMurmeliKraeutersalbekuehlendpuralpina_4168_0_4169_0.jpg",500,444,false],"woocommerce_gallery_thumbnail":["https:\/\/www.gleichcom.samuraidev.ch\/wp-content\/uploads\/2023\/09\/MurmeltiersalbeMurmeliKraeutersalbekuehlendpuralpina_4168_0_4169_0-100x100.jpg",100,100,true]},"uagb_author_info":{"display_name":"","author_link":"https:\/\/www.gleichcom.samuraidev.ch\/fr\/author\/"},"uagb_comment_info":0,"uagb_excerpt":"Rafra\u00eechit comme l'air frais des montagnes - agr\u00e9ablement apaisant. Pommade purement naturelle \u00e0 la pr\u00e9cieuse huile de marmotte suisse et aux herbes puissantes. La pommade aux herbes de la marmotte refroidit en douceur mais en profondeur vos articulations, ligaments et tendons.","_links":{"self":[{"href":"https:\/\/www.gleichcom.samuraidev.ch\/fr\/wp-json\/wp\/v2\/product\/18297","targetHints":{"allow":["GET"]}}],"collection":[{"href":"https:\/\/www.gleichcom.samuraidev.ch\/fr\/wp-json\/wp\/v2\/product"}],"about":[{"href":"https:\/\/www.gleichcom.samuraidev.ch\/fr\/wp-json\/wp\/v2\/types\/product"}],"wp:featuredmedia":[{"embeddable":true,"href":"https:\/\/www.gleichcom.samuraidev.ch\/fr\/wp-json\/wp\/v2\/media\/18295"}],"wp:attachment":[{"href":"https:\/\/www.gleichcom.samuraidev.ch\/fr\/wp-json\/wp\/v2\/media?parent=18297"}],"wp:term":[{"taxonomy":"product_brand","embeddable":true,"href":"https:\/\/www.gleichcom.samuraidev.ch\/fr\/wp-json\/wp\/v2\/product_brand?post=18297"},{"taxonomy":"product_cat","embeddable":true,"href":"https:\/\/www.gleichcom.samuraidev.ch\/fr\/wp-json\/wp\/v2\/product_cat?post=18297"},{"taxonomy":"product_tag","embeddable":true,"href":"https:\/\/www.gleichcom.samuraidev.ch\/fr\/wp-json\/wp\/v2\/product_tag?post=18297"}],"curies":[{"name":"wp","href":"https:\/\/api.w.org\/{rel}","templated":true}]}}