{"id":18303,"date":"2022-02-12T09:41:45","date_gmt":"2022-02-12T08:41:45","guid":{"rendered":"https:\/\/www.gleichcom.samuraidev.ch\/?product=puralpina-murmeli-oel-rein-kraftvoll-50ml"},"modified":"1000-01-01T00:00:00","modified_gmt":"1000-01-01T00:00:00","slug":"puralpina-murmeli-oel-rein-kraftvoll-50ml","status":"publish","type":"product","link":"https:\/\/www.gleichcom.samuraidev.ch\/fr\/shop\/puralpina-murmeli-oel-rein-kraftvoll-50ml\/","title":{"rendered":"Puralpina Huile de marmotte Pure &#038; puissante 50ml"},"content":{"rendered":"<h2><strong>Puralpina Huile de marmotte Pure &#038; puissante 50ml<\/strong><\/h2>\n<p>Pure comme une source de montagne &#8211; brute et puissante. Notre huile de marmotte est absolument pure, elle provient des Alpes suisses et ne contient aucun additif. Depuis des si\u00e8cles, l&rsquo;huile de marmotte est un rem\u00e8de maison qui a fait ses preuves &#8211; utilisez cette force pour votre corps. L&rsquo;huile de marmotte offre \u00e0 votre corps un soulagement naturel et bienfaisant.<\/p>\n<p><strong>UTILISATION<\/strong><br \/>\nPour de courts automassages intensifs sur le dos, les muscles, les articulations, les ligaments et les tendons. Recommand\u00e9e pour les soins de la peau, des mains et des pieds. Vous pouvez utiliser l&rsquo;huile de marmotte pure. Pour une application chauffante, massez l&rsquo;huile de marmotte dans votre dos et vos muscles. Pour une application neutre ou rafra\u00eechissante, appliquez l&rsquo;huile de marmotte sur vos articulations. Toute la force de l&rsquo;huile de marmotte se d\u00e9ploie lorsque vous l&rsquo;utilisez en combinaison avec nos pommades aux herbes de marmotte.<\/p>\n<p><strong>CONSEIL D&rsquo;UTILISATION<\/strong><br \/>\nAjoutez une goutte de cette huile de marmotte pure \u00e0 l&rsquo;application de nos pommades aux herbes de marmotte. Vous d\u00e9velopperez ainsi toute la force de l&rsquo;huile de marmotte.<\/p>\n<p><strong>INGR\u00c9DIENTS DE L&rsquo;HUILE DE MARMOTTE<\/strong><br \/>\nHuile de marmotte suisse 100% pure. Sans conservateurs, sans parfums et sans colorants.<\/p>\n<p><strong>SOMMAIRE<\/strong><br \/>\n50ml<\/p>\n<p><strong>Contenu de la livraison :<\/strong><br \/>\n1 vaporisateur d&rsquo;huile de marmotte 50ml<\/p>\n","protected":false},"excerpt":{"rendered":"<p>Pure comme une source de montagne &#8211; brute et puissante. Notre huile de marmotte est absolument pure, elle provient des Alpes suisses et ne contient aucun additif. Depuis des si\u00e8cles, l&rsquo;huile de marmotte est un rem\u00e8de maison qui a fait ses preuves &#8211; utilisez cette force pour votre corps. L&rsquo;huile de marmotte offre \u00e0 votre corps un soulagement naturel et bienfaisant.<\/p>\n","protected":false},"featured_media":18301,"template":"","meta":{"inline_featured_image":false,"_uag_custom_page_level_css":"","site-sidebar-layout":"default","site-content-layout":"","ast-site-content-layout":"default","site-content-style":"default","site-sidebar-style":"default","ast-global-header-display":"","ast-banner-title-visibility":"","ast-main-header-display":"","ast-hfb-above-header-display":"","ast-hfb-below-header-display":"","ast-hfb-mobile-header-display":"","site-post-title":"","ast-breadcrumbs-content":"","ast-featured-img":"","footer-sml-layout":"","ast-disable-related-posts":"","theme-transparent-header-meta":"","adv-header-id-meta":"","stick-header-meta":"","header-above-stick-meta":"","header-main-stick-meta":"","header-below-stick-meta":"","astra-migrate-meta-layouts":"default","ast-page-background-enabled":"default","ast-page-background-meta":{"desktop":{"background-color":"","background-image":"","background-repeat":"repeat","background-position":"center center","background-size":"auto","background-attachment":"scroll","background-type":"","background-media":"","overlay-type":"","overlay-color":"","overlay-opacity":"","overlay-gradient":""},"tablet":{"background-color":"","background-image":"","background-repeat":"repeat","background-position":"center center","background-size":"auto","background-attachment":"scroll","background-type":"","background-media":"","overlay-type":"","overlay-color":"","overlay-opacity":"","overlay-gradient":""},"mobile":{"background-color":"","background-image":"","background-repeat":"repeat","background-position":"center center","background-size":"auto","background-attachment":"scroll","background-type":"","background-media":"","overlay-type":"","overlay-color":"","overlay-opacity":"","overlay-gradient":""}},"ast-content-background-meta":{"desktop":{"background-color":"var(--ast-global-color-5)","background-image":"","background-repeat":"repeat","background-position":"center center","background-size":"auto","background-attachment":"scroll","background-type":"","background-media":"","overlay-type":"","overlay-color":"","overlay-opacity":"","overlay-gradient":""},"tablet":{"background-color":"var(--ast-global-color-5)","background-image":"","background-repeat":"repeat","background-position":"center center","background-size":"auto","background-attachment":"scroll","background-type":"","background-media":"","overlay-type":"","overlay-color":"","overlay-opacity":"","overlay-gradient":""},"mobile":{"background-color":"var(--ast-global-color-5)","background-image":"","background-repeat":"repeat","background-position":"center center","background-size":"auto","background-attachment":"scroll","background-type":"","background-media":"","overlay-type":"","overlay-color":"","overlay-opacity":"","overlay-gradient":""}}},"product_brand":[],"product_cat":[3012,1776],"product_tag":[],"class_list":{"0":"post-18303","1":"product","2":"type-product","3":"status-publish","4":"has-post-thumbnail","6":"product_cat-soins-de-sante-fr","7":"product_cat-unkategorisiert","8":"desktop-align-center","9":"tablet-align-center","10":"mobile-align-center","11":"ast-product-gallery-layout-horizontal-slider","12":"ast-product-gallery-with-no-image","13":"ast-product-tabs-layout-accordion","15":"first","16":"onbackorder","17":"taxable","18":"shipping-taxable","19":"purchasable","20":"product-type-simple"},"yoast_head":"<!-- This site is optimized with the Yoast SEO plugin v27.5 - https:\/\/yoast.com\/product\/yoast-seo-wordpress\/ -->\n<title>Puralpina Huile de marmotte Pure &amp; puissante 50ml im Onlineshop | Gleichcom AG<\/title>\n<meta name=\"description\" content=\"\u2705 Pure comme une source de montagne - brute et puissante. Notre huile de marmotte est absolument pure, elle provient des Alpes suisses et ne contient aucun additif. Depuis des si\u00e8cles, l&#039;huile de marmotte est un rem\u00e8de maison qui a fait ses preuves - utilisez cette force pour votre corps. L&#039;huile de marmotte offre \u00e0 votre corps un soulagement naturel et bienfaisant.\" \/>\n<meta name=\"robots\" content=\"noindex, follow, max-snippet:-1, max-image-preview:large, max-video-preview:-1\" \/>\n<meta property=\"og:locale\" content=\"fr_FR\" \/>\n<meta property=\"og:type\" content=\"article\" \/>\n<meta property=\"og:title\" content=\"Puralpina Huile de marmotte Pure &amp; puissante 50ml im Onlineshop | Gleichcom AG\" \/>\n<meta property=\"og:description\" content=\"\u2705 Pure comme une source de montagne - brute et puissante. Notre huile de marmotte est absolument pure, elle provient des Alpes suisses et ne contient aucun additif. Depuis des si\u00e8cles, l&#039;huile de marmotte est un rem\u00e8de maison qui a fait ses preuves - utilisez cette force pour votre corps. L&#039;huile de marmotte offre \u00e0 votre corps un soulagement naturel et bienfaisant.\" \/>\n<meta property=\"og:url\" content=\"https:\/\/www.gleichcom.samuraidev.ch\/fr\/shop\/puralpina-murmeli-oel-rein-kraftvoll-50ml\/\" \/>\n<meta property=\"og:site_name\" content=\"Gleichcom AG\" \/>\n<meta property=\"article:publisher\" content=\"https:\/\/www.facebook.com\/profile.php?id=100068749126981\" \/>\n<meta property=\"og:image\" content=\"https:\/\/www.gleichcom.samuraidev.ch\/wp-content\/uploads\/2023\/09\/MurmeltieroelMurmeliOelSchweiz.jpg\" \/>\n\t<meta property=\"og:image:width\" content=\"500\" \/>\n\t<meta property=\"og:image:height\" content=\"444\" \/>\n\t<meta property=\"og:image:type\" content=\"image\/jpeg\" \/>\n<meta name=\"twitter:card\" content=\"summary_large_image\" \/>\n<script type=\"application\/ld+json\" class=\"yoast-schema-graph\">{\"@context\":\"https:\\\/\\\/schema.org\",\"@graph\":[{\"@type\":\"WebPage\",\"@id\":\"https:\\\/\\\/www.gleichcom.samuraidev.ch\\\/fr\\\/shop\\\/puralpina-murmeli-oel-rein-kraftvoll-50ml\\\/\",\"url\":\"https:\\\/\\\/www.gleichcom.samuraidev.ch\\\/fr\\\/shop\\\/puralpina-murmeli-oel-rein-kraftvoll-50ml\\\/\",\"name\":\"Puralpina Huile de marmotte Pure & puissante 50ml im Onlineshop | Gleichcom AG\",\"isPartOf\":{\"@id\":\"https:\\\/\\\/www.gleichcom.samuraidev.ch\\\/fr\\\/#website\"},\"primaryImageOfPage\":{\"@id\":\"https:\\\/\\\/www.gleichcom.samuraidev.ch\\\/fr\\\/shop\\\/puralpina-murmeli-oel-rein-kraftvoll-50ml\\\/#primaryimage\"},\"image\":{\"@id\":\"https:\\\/\\\/www.gleichcom.samuraidev.ch\\\/fr\\\/shop\\\/puralpina-murmeli-oel-rein-kraftvoll-50ml\\\/#primaryimage\"},\"thumbnailUrl\":\"https:\\\/\\\/www.gleichcom.samuraidev.ch\\\/wp-content\\\/uploads\\\/2023\\\/09\\\/MurmeltieroelMurmeliOelSchweiz.jpg\",\"datePublished\":\"2022-02-12T08:41:45+00:00\",\"description\":\"\u2705 Pure comme une source de montagne - brute et puissante. Notre huile de marmotte est absolument pure, elle provient des Alpes suisses et ne contient aucun additif. Depuis des si\u00e8cles, l'huile de marmotte est un rem\u00e8de maison qui a fait ses preuves - utilisez cette force pour votre corps. L'huile de marmotte offre \u00e0 votre corps un soulagement naturel et bienfaisant.\",\"breadcrumb\":{\"@id\":\"https:\\\/\\\/www.gleichcom.samuraidev.ch\\\/fr\\\/shop\\\/puralpina-murmeli-oel-rein-kraftvoll-50ml\\\/#breadcrumb\"},\"inLanguage\":\"fr-FR\",\"potentialAction\":[{\"@type\":\"ReadAction\",\"target\":[\"https:\\\/\\\/www.gleichcom.samuraidev.ch\\\/fr\\\/shop\\\/puralpina-murmeli-oel-rein-kraftvoll-50ml\\\/\"]}]},{\"@type\":\"ImageObject\",\"inLanguage\":\"fr-FR\",\"@id\":\"https:\\\/\\\/www.gleichcom.samuraidev.ch\\\/fr\\\/shop\\\/puralpina-murmeli-oel-rein-kraftvoll-50ml\\\/#primaryimage\",\"url\":\"https:\\\/\\\/www.gleichcom.samuraidev.ch\\\/wp-content\\\/uploads\\\/2023\\\/09\\\/MurmeltieroelMurmeliOelSchweiz.jpg\",\"contentUrl\":\"https:\\\/\\\/www.gleichcom.samuraidev.ch\\\/wp-content\\\/uploads\\\/2023\\\/09\\\/MurmeltieroelMurmeliOelSchweiz.jpg\",\"width\":500,\"height\":444},{\"@type\":\"BreadcrumbList\",\"@id\":\"https:\\\/\\\/www.gleichcom.samuraidev.ch\\\/fr\\\/shop\\\/puralpina-murmeli-oel-rein-kraftvoll-50ml\\\/#breadcrumb\",\"itemListElement\":[{\"@type\":\"ListItem\",\"position\":1,\"name\":\"Startseite\",\"item\":\"https:\\\/\\\/www.gleichcom.samuraidev.ch\\\/fr\\\/\"},{\"@type\":\"ListItem\",\"position\":2,\"name\":\"Shop\",\"item\":\"https:\\\/\\\/www.gleichcom.samuraidev.ch\\\/fr\\\/shop\\\/\"},{\"@type\":\"ListItem\",\"position\":3,\"name\":\"Puralpina Huile de marmotte Pure &#038; puissante 50ml\"}]},{\"@type\":\"WebSite\",\"@id\":\"https:\\\/\\\/www.gleichcom.samuraidev.ch\\\/fr\\\/#website\",\"url\":\"https:\\\/\\\/www.gleichcom.samuraidev.ch\\\/fr\\\/\",\"name\":\"Gleichcom AG\",\"description\":\"besser h\u00f6ren. besser sehen. besser leben.\",\"publisher\":{\"@id\":\"https:\\\/\\\/www.gleichcom.samuraidev.ch\\\/fr\\\/#organization\"},\"alternateName\":\"Gleichcom\",\"potentialAction\":[{\"@type\":\"SearchAction\",\"target\":{\"@type\":\"EntryPoint\",\"urlTemplate\":\"https:\\\/\\\/www.gleichcom.samuraidev.ch\\\/fr\\\/?s={search_term_string}\"},\"query-input\":{\"@type\":\"PropertyValueSpecification\",\"valueRequired\":true,\"valueName\":\"search_term_string\"}}],\"inLanguage\":\"fr-FR\"},{\"@type\":\"Organization\",\"@id\":\"https:\\\/\\\/www.gleichcom.samuraidev.ch\\\/fr\\\/#organization\",\"name\":\"Gleichcom AG\",\"alternateName\":\"Gleichcom\",\"url\":\"https:\\\/\\\/www.gleichcom.samuraidev.ch\\\/fr\\\/\",\"logo\":{\"@type\":\"ImageObject\",\"inLanguage\":\"fr-FR\",\"@id\":\"https:\\\/\\\/www.gleichcom.samuraidev.ch\\\/fr\\\/#\\\/schema\\\/logo\\\/image\\\/\",\"url\":\"https:\\\/\\\/www.gleichcom.samuraidev.ch\\\/wp-content\\\/uploads\\\/2023\\\/09\\\/gleichcom-ag-logo-quadrat-farbig-mitte@696.png\",\"contentUrl\":\"https:\\\/\\\/www.gleichcom.samuraidev.ch\\\/wp-content\\\/uploads\\\/2023\\\/09\\\/gleichcom-ag-logo-quadrat-farbig-mitte@696.png\",\"width\":437,\"height\":437,\"caption\":\"Gleichcom AG\"},\"image\":{\"@id\":\"https:\\\/\\\/www.gleichcom.samuraidev.ch\\\/fr\\\/#\\\/schema\\\/logo\\\/image\\\/\"},\"sameAs\":[\"https:\\\/\\\/www.facebook.com\\\/profile.php?id=100068749126981\"]}]}<\/script>\n<!-- \/ Yoast SEO plugin. -->","yoast_head_json":{"title":"Puralpina Huile de marmotte Pure & puissante 50ml im Onlineshop | Gleichcom AG","description":"\u2705 Pure comme une source de montagne - brute et puissante. Notre huile de marmotte est absolument pure, elle provient des Alpes suisses et ne contient aucun additif. Depuis des si\u00e8cles, l'huile de marmotte est un rem\u00e8de maison qui a fait ses preuves - utilisez cette force pour votre corps. L'huile de marmotte offre \u00e0 votre corps un soulagement naturel et bienfaisant.","robots":{"index":"noindex","follow":"follow","max-snippet":"max-snippet:-1","max-image-preview":"max-image-preview:large","max-video-preview":"max-video-preview:-1"},"og_locale":"fr_FR","og_type":"article","og_title":"Puralpina Huile de marmotte Pure & puissante 50ml im Onlineshop | Gleichcom AG","og_description":"\u2705 Pure comme une source de montagne - brute et puissante. Notre huile de marmotte est absolument pure, elle provient des Alpes suisses et ne contient aucun additif. Depuis des si\u00e8cles, l'huile de marmotte est un rem\u00e8de maison qui a fait ses preuves - utilisez cette force pour votre corps. L'huile de marmotte offre \u00e0 votre corps un soulagement naturel et bienfaisant.","og_url":"https:\/\/www.gleichcom.samuraidev.ch\/fr\/shop\/puralpina-murmeli-oel-rein-kraftvoll-50ml\/","og_site_name":"Gleichcom AG","article_publisher":"https:\/\/www.facebook.com\/profile.php?id=100068749126981","og_image":[{"width":500,"height":444,"url":"https:\/\/www.gleichcom.samuraidev.ch\/wp-content\/uploads\/2023\/09\/MurmeltieroelMurmeliOelSchweiz.jpg","type":"image\/jpeg"}],"twitter_card":"summary_large_image","schema":{"@context":"https:\/\/schema.org","@graph":[{"@type":"WebPage","@id":"https:\/\/www.gleichcom.samuraidev.ch\/fr\/shop\/puralpina-murmeli-oel-rein-kraftvoll-50ml\/","url":"https:\/\/www.gleichcom.samuraidev.ch\/fr\/shop\/puralpina-murmeli-oel-rein-kraftvoll-50ml\/","name":"Puralpina Huile de marmotte Pure & puissante 50ml im Onlineshop | Gleichcom AG","isPartOf":{"@id":"https:\/\/www.gleichcom.samuraidev.ch\/fr\/#website"},"primaryImageOfPage":{"@id":"https:\/\/www.gleichcom.samuraidev.ch\/fr\/shop\/puralpina-murmeli-oel-rein-kraftvoll-50ml\/#primaryimage"},"image":{"@id":"https:\/\/www.gleichcom.samuraidev.ch\/fr\/shop\/puralpina-murmeli-oel-rein-kraftvoll-50ml\/#primaryimage"},"thumbnailUrl":"https:\/\/www.gleichcom.samuraidev.ch\/wp-content\/uploads\/2023\/09\/MurmeltieroelMurmeliOelSchweiz.jpg","datePublished":"2022-02-12T08:41:45+00:00","description":"\u2705 Pure comme une source de montagne - brute et puissante. Notre huile de marmotte est absolument pure, elle provient des Alpes suisses et ne contient aucun additif. Depuis des si\u00e8cles, l'huile de marmotte est un rem\u00e8de maison qui a fait ses preuves - utilisez cette force pour votre corps. L'huile de marmotte offre \u00e0 votre corps un soulagement naturel et bienfaisant.","breadcrumb":{"@id":"https:\/\/www.gleichcom.samuraidev.ch\/fr\/shop\/puralpina-murmeli-oel-rein-kraftvoll-50ml\/#breadcrumb"},"inLanguage":"fr-FR","potentialAction":[{"@type":"ReadAction","target":["https:\/\/www.gleichcom.samuraidev.ch\/fr\/shop\/puralpina-murmeli-oel-rein-kraftvoll-50ml\/"]}]},{"@type":"ImageObject","inLanguage":"fr-FR","@id":"https:\/\/www.gleichcom.samuraidev.ch\/fr\/shop\/puralpina-murmeli-oel-rein-kraftvoll-50ml\/#primaryimage","url":"https:\/\/www.gleichcom.samuraidev.ch\/wp-content\/uploads\/2023\/09\/MurmeltieroelMurmeliOelSchweiz.jpg","contentUrl":"https:\/\/www.gleichcom.samuraidev.ch\/wp-content\/uploads\/2023\/09\/MurmeltieroelMurmeliOelSchweiz.jpg","width":500,"height":444},{"@type":"BreadcrumbList","@id":"https:\/\/www.gleichcom.samuraidev.ch\/fr\/shop\/puralpina-murmeli-oel-rein-kraftvoll-50ml\/#breadcrumb","itemListElement":[{"@type":"ListItem","position":1,"name":"Startseite","item":"https:\/\/www.gleichcom.samuraidev.ch\/fr\/"},{"@type":"ListItem","position":2,"name":"Shop","item":"https:\/\/www.gleichcom.samuraidev.ch\/fr\/shop\/"},{"@type":"ListItem","position":3,"name":"Puralpina Huile de marmotte Pure &#038; puissante 50ml"}]},{"@type":"WebSite","@id":"https:\/\/www.gleichcom.samuraidev.ch\/fr\/#website","url":"https:\/\/www.gleichcom.samuraidev.ch\/fr\/","name":"Gleichcom AG","description":"besser h\u00f6ren. besser sehen. besser leben.","publisher":{"@id":"https:\/\/www.gleichcom.samuraidev.ch\/fr\/#organization"},"alternateName":"Gleichcom","potentialAction":[{"@type":"SearchAction","target":{"@type":"EntryPoint","urlTemplate":"https:\/\/www.gleichcom.samuraidev.ch\/fr\/?s={search_term_string}"},"query-input":{"@type":"PropertyValueSpecification","valueRequired":true,"valueName":"search_term_string"}}],"inLanguage":"fr-FR"},{"@type":"Organization","@id":"https:\/\/www.gleichcom.samuraidev.ch\/fr\/#organization","name":"Gleichcom AG","alternateName":"Gleichcom","url":"https:\/\/www.gleichcom.samuraidev.ch\/fr\/","logo":{"@type":"ImageObject","inLanguage":"fr-FR","@id":"https:\/\/www.gleichcom.samuraidev.ch\/fr\/#\/schema\/logo\/image\/","url":"https:\/\/www.gleichcom.samuraidev.ch\/wp-content\/uploads\/2023\/09\/gleichcom-ag-logo-quadrat-farbig-mitte@696.png","contentUrl":"https:\/\/www.gleichcom.samuraidev.ch\/wp-content\/uploads\/2023\/09\/gleichcom-ag-logo-quadrat-farbig-mitte@696.png","width":437,"height":437,"caption":"Gleichcom AG"},"image":{"@id":"https:\/\/www.gleichcom.samuraidev.ch\/fr\/#\/schema\/logo\/image\/"},"sameAs":["https:\/\/www.facebook.com\/profile.php?id=100068749126981"]}]}},"uagb_featured_image_src":{"full":["https:\/\/www.gleichcom.samuraidev.ch\/wp-content\/uploads\/2023\/09\/MurmeltieroelMurmeliOelSchweiz.jpg",500,444,false],"thumbnail":["https:\/\/www.gleichcom.samuraidev.ch\/wp-content\/uploads\/2023\/09\/MurmeltieroelMurmeliOelSchweiz.jpg",150,133,false],"medium":["https:\/\/www.gleichcom.samuraidev.ch\/wp-content\/uploads\/2023\/09\/MurmeltieroelMurmeliOelSchweiz.jpg",300,266,false],"medium_large":["https:\/\/www.gleichcom.samuraidev.ch\/wp-content\/uploads\/2023\/09\/MurmeltieroelMurmeliOelSchweiz.jpg",500,444,false],"large":["https:\/\/www.gleichcom.samuraidev.ch\/wp-content\/uploads\/2023\/09\/MurmeltieroelMurmeliOelSchweiz.jpg",500,444,false],"1536x1536":["https:\/\/www.gleichcom.samuraidev.ch\/wp-content\/uploads\/2023\/09\/MurmeltieroelMurmeliOelSchweiz.jpg",500,444,false],"2048x2048":["https:\/\/www.gleichcom.samuraidev.ch\/wp-content\/uploads\/2023\/09\/MurmeltieroelMurmeliOelSchweiz.jpg",500,444,false],"woocommerce_thumbnail":["https:\/\/www.gleichcom.samuraidev.ch\/wp-content\/uploads\/2023\/09\/MurmeltieroelMurmeliOelSchweiz.jpg",300,266,false],"woocommerce_single":["https:\/\/www.gleichcom.samuraidev.ch\/wp-content\/uploads\/2023\/09\/MurmeltieroelMurmeliOelSchweiz.jpg",500,444,false],"woocommerce_gallery_thumbnail":["https:\/\/www.gleichcom.samuraidev.ch\/wp-content\/uploads\/2023\/09\/MurmeltieroelMurmeliOelSchweiz-100x100.jpg",100,100,true]},"uagb_author_info":{"display_name":"","author_link":"https:\/\/www.gleichcom.samuraidev.ch\/fr\/author\/"},"uagb_comment_info":0,"uagb_excerpt":"Pure comme une source de montagne - brute et puissante. Notre huile de marmotte est absolument pure, elle provient des Alpes suisses et ne contient aucun additif. Depuis des si\u00e8cles, l'huile de marmotte est un rem\u00e8de maison qui a fait ses preuves - utilisez cette force pour votre corps. L'huile de marmotte offre \u00e0 votre\u2026","_links":{"self":[{"href":"https:\/\/www.gleichcom.samuraidev.ch\/fr\/wp-json\/wp\/v2\/product\/18303","targetHints":{"allow":["GET"]}}],"collection":[{"href":"https:\/\/www.gleichcom.samuraidev.ch\/fr\/wp-json\/wp\/v2\/product"}],"about":[{"href":"https:\/\/www.gleichcom.samuraidev.ch\/fr\/wp-json\/wp\/v2\/types\/product"}],"wp:featuredmedia":[{"embeddable":true,"href":"https:\/\/www.gleichcom.samuraidev.ch\/fr\/wp-json\/wp\/v2\/media\/18301"}],"wp:attachment":[{"href":"https:\/\/www.gleichcom.samuraidev.ch\/fr\/wp-json\/wp\/v2\/media?parent=18303"}],"wp:term":[{"taxonomy":"product_brand","embeddable":true,"href":"https:\/\/www.gleichcom.samuraidev.ch\/fr\/wp-json\/wp\/v2\/product_brand?post=18303"},{"taxonomy":"product_cat","embeddable":true,"href":"https:\/\/www.gleichcom.samuraidev.ch\/fr\/wp-json\/wp\/v2\/product_cat?post=18303"},{"taxonomy":"product_tag","embeddable":true,"href":"https:\/\/www.gleichcom.samuraidev.ch\/fr\/wp-json\/wp\/v2\/product_tag?post=18303"}],"curies":[{"name":"wp","href":"https:\/\/api.w.org\/{rel}","templated":true}]}}