{"id":18366,"date":"2022-02-12T12:21:42","date_gmt":"2022-02-12T11:21:42","guid":{"rendered":"https:\/\/www.gleichcom.samuraidev.ch\/?product=puralpina-hanf-chnuebi-20g"},"modified":"1000-01-01T00:00:00","modified_gmt":"1000-01-01T00:00:00","slug":"puralpina-hanf-chnuebi-20g","status":"publish","type":"product","link":"https:\/\/www.gleichcom.samuraidev.ch\/fr\/shop\/puralpina-hanf-chnuebi-20g\/","title":{"rendered":"Puralpina chanvre Chn\u00fcbi 20g"},"content":{"rendered":"<p><strong>Puralpina chanvre Chn\u00fcbi<\/strong><\/p>\n<p>Non, rien pour fumer des joints &#8211; mais des soins intensifs puissants pour la peau avec du s\u00e9diment de chanvre suisse. Ce soin pour la peau 100% naturel convient tr\u00e8s bien aux zones de peau fortement sollicit\u00e9es. En cas de peau extr\u00eamement s\u00e8che ou de \u00ab\u00a0crevasses\u00a0\u00bb.<\/p>\n<p>Ce n&rsquo;est pas une cr\u00e8me, mais un Chn\u00fcbi (Frutig en allemand !). Traduit en allemand standard, ce serait un \u00ab\u00a0bloc\u00a0\u00bb). Ce chn\u00fcbi est dur. Ce n&rsquo;est qu&rsquo;apr\u00e8s avoir \u00e9t\u00e9 frott\u00e9 et sous l&rsquo;effet de la chaleur du corps que le chn\u00fcbi au chanvre lib\u00e8re ses pr\u00e9cieux composants dans la peau. Le Chn\u00fcbi au chanvre permet ainsi d&rsquo;avoir des mains souples et nourries. Avec du s\u00e9diment de chanvre suisse, de l&rsquo;huile de chanvre, de la graisse de chamois issue de la chasse suisse, de la cire d&rsquo;abeille de l&rsquo;Oberland bernois et de nombreux autres ingr\u00e9dients pr\u00e9cieux.<\/p>\n<p>Nous nous sommes inspir\u00e9s de recettes locales et traditionnelles qui ont fait leurs preuves. Le Chn\u00fcbi au chanvre est fabriqu\u00e9 exclusivement \u00e0 partir de mati\u00e8res premi\u00e8res naturelles provenant des Alpes. Dans la mesure du possible, elles proviennent de notre environnement imm\u00e9diat. Nous cultivons la plupart des herbes et des fleurs dans la vall\u00e9e de la Kander, dans l&rsquo;Oberland bernois. Ces plantes offrent une base vitale pr\u00e9cieuse aux abeilles sauvages et domestiques.<\/p>\n<p>\nNous d\u00e9veloppons et produisons nous-m\u00eames le Chn\u00fcbi au chanvre, avec amour et \u00e0 la main. Cela nous permet de contr\u00f4ler enti\u00e8rement l&rsquo;utilisation des ingr\u00e9dients soigneusement s\u00e9lectionn\u00e9s. Notre Chn\u00fcbi au chanvre ne contient aucun additif artificiel. Il ne contient pas de paraffine ou d&rsquo;autres d\u00e9riv\u00e9s du p\u00e9trole, ni de conservateurs, de parfums ou de colorants artificiels.<\/p>\n<p><strong>UTILISATION<\/strong><br \/>\nLe chn\u00fcbi au chanvre est solide. Sortez-le de la bo\u00eete et frottez-le directement \u00e0 l&rsquo;endroit souhait\u00e9. Ce n&rsquo;est que par le frottement et la chaleur du corps qu&rsquo;il lib\u00e8re ses pr\u00e9cieux principes actifs sur votre peau.<\/p>\n<p>\n<strong>INGR\u00c9DIENTS DE LA CR\u00c8ME DE CHANVRE<\/strong><br \/>\nCire d&rsquo;abeille, huile de colza, huile de p\u00e9pins de raisin, graisse de chamois, huile et s\u00e9diment de chanvre, huile de germe de bl\u00e9, r\u00e9sine de sapin, racine de montagne, edelweiss, propolis, romarin, myrte citronn\u00e9e, menthe poivr\u00e9e, cajeput et thym.<\/p>\n<p><strong>Contenu de la livraison :<\/strong><\/p>\n<p>1 bo\u00eete de chanvre Chn\u00fcbi 30g<\/p>\n","protected":false},"excerpt":{"rendered":"<p>Soin cutan\u00e9 intense et puissant au s\u00e9diment de chanvre suisse. Ce soin pour la peau 100% naturel convient tr\u00e8s bien aux zones de peau fortement sollicit\u00e9es. En cas de peau extr\u00eamement s\u00e8che ou de \u00ab\u00a0crevasses\u00a0\u00bb.<\/p>\n","protected":false},"featured_media":18364,"template":"","meta":{"inline_featured_image":false,"_uag_custom_page_level_css":"","site-sidebar-layout":"default","site-content-layout":"","ast-site-content-layout":"default","site-content-style":"default","site-sidebar-style":"default","ast-global-header-display":"","ast-banner-title-visibility":"","ast-main-header-display":"","ast-hfb-above-header-display":"","ast-hfb-below-header-display":"","ast-hfb-mobile-header-display":"","site-post-title":"","ast-breadcrumbs-content":"","ast-featured-img":"","footer-sml-layout":"","ast-disable-related-posts":"","theme-transparent-header-meta":"","adv-header-id-meta":"","stick-header-meta":"","header-above-stick-meta":"","header-main-stick-meta":"","header-below-stick-meta":"","astra-migrate-meta-layouts":"default","ast-page-background-enabled":"default","ast-page-background-meta":{"desktop":{"background-color":"","background-image":"","background-repeat":"repeat","background-position":"center center","background-size":"auto","background-attachment":"scroll","background-type":"","background-media":"","overlay-type":"","overlay-color":"","overlay-opacity":"","overlay-gradient":""},"tablet":{"background-color":"","background-image":"","background-repeat":"repeat","background-position":"center center","background-size":"auto","background-attachment":"scroll","background-type":"","background-media":"","overlay-type":"","overlay-color":"","overlay-opacity":"","overlay-gradient":""},"mobile":{"background-color":"","background-image":"","background-repeat":"repeat","background-position":"center center","background-size":"auto","background-attachment":"scroll","background-type":"","background-media":"","overlay-type":"","overlay-color":"","overlay-opacity":"","overlay-gradient":""}},"ast-content-background-meta":{"desktop":{"background-color":"var(--ast-global-color-5)","background-image":"","background-repeat":"repeat","background-position":"center center","background-size":"auto","background-attachment":"scroll","background-type":"","background-media":"","overlay-type":"","overlay-color":"","overlay-opacity":"","overlay-gradient":""},"tablet":{"background-color":"var(--ast-global-color-5)","background-image":"","background-repeat":"repeat","background-position":"center center","background-size":"auto","background-attachment":"scroll","background-type":"","background-media":"","overlay-type":"","overlay-color":"","overlay-opacity":"","overlay-gradient":""},"mobile":{"background-color":"var(--ast-global-color-5)","background-image":"","background-repeat":"repeat","background-position":"center center","background-size":"auto","background-attachment":"scroll","background-type":"","background-media":"","overlay-type":"","overlay-color":"","overlay-opacity":"","overlay-gradient":""}}},"product_brand":[],"product_cat":[3012,1776],"product_tag":[],"class_list":{"0":"post-18366","1":"product","2":"type-product","3":"status-publish","4":"has-post-thumbnail","6":"product_cat-soins-de-sante-fr","7":"product_cat-unkategorisiert","8":"desktop-align-center","9":"tablet-align-center","10":"mobile-align-center","11":"ast-product-gallery-layout-horizontal-slider","12":"ast-product-gallery-with-no-image","13":"ast-product-tabs-layout-accordion","15":"first","16":"onbackorder","17":"taxable","18":"shipping-taxable","19":"purchasable","20":"product-type-simple"},"yoast_head":"<!-- This site is optimized with the Yoast SEO plugin v27.6 - https:\/\/yoast.com\/product\/yoast-seo-wordpress\/ -->\n<title>Puralpina chanvre Chn\u00fcbi 20g im Onlineshop | Gleichcom AG<\/title>\n<meta name=\"description\" content=\"\u2705 Soin cutan\u00e9 intense et puissant au s\u00e9diment de chanvre suisse. Ce soin pour la peau 100% naturel convient tr\u00e8s bien aux zones de peau fortement sollicit\u00e9es. En cas de peau extr\u00eamement s\u00e8che ou de &quot;crevasses&quot;.\" \/>\n<meta name=\"robots\" content=\"noindex, follow, max-snippet:-1, max-image-preview:large, max-video-preview:-1\" \/>\n<meta property=\"og:locale\" content=\"fr_FR\" \/>\n<meta property=\"og:type\" content=\"article\" \/>\n<meta property=\"og:title\" content=\"Puralpina chanvre Chn\u00fcbi 20g im Onlineshop | Gleichcom AG\" \/>\n<meta property=\"og:description\" content=\"\u2705 Soin cutan\u00e9 intense et puissant au s\u00e9diment de chanvre suisse. Ce soin pour la peau 100% naturel convient tr\u00e8s bien aux zones de peau fortement sollicit\u00e9es. En cas de peau extr\u00eamement s\u00e8che ou de &quot;crevasses&quot;.\" \/>\n<meta property=\"og:url\" content=\"https:\/\/www.gleichcom.samuraidev.ch\/fr\/shop\/puralpina-hanf-chnuebi-20g\/\" \/>\n<meta property=\"og:site_name\" content=\"Gleichcom AG\" \/>\n<meta property=\"article:publisher\" content=\"https:\/\/www.facebook.com\/profile.php?id=100068749126981\" \/>\n<meta property=\"og:image\" content=\"https:\/\/www.gleichcom.samuraidev.ch\/wp-content\/uploads\/2023\/09\/HanfChnuebi_Handpflege_puralpina_frutigen.jpg\" \/>\n\t<meta property=\"og:image:width\" content=\"500\" \/>\n\t<meta property=\"og:image:height\" content=\"412\" \/>\n\t<meta property=\"og:image:type\" content=\"image\/jpeg\" \/>\n<meta name=\"twitter:card\" content=\"summary_large_image\" \/>\n<script type=\"application\/ld+json\" class=\"yoast-schema-graph\">{\"@context\":\"https:\\\/\\\/schema.org\",\"@graph\":[{\"@type\":\"WebPage\",\"@id\":\"https:\\\/\\\/www.gleichcom.samuraidev.ch\\\/fr\\\/shop\\\/puralpina-hanf-chnuebi-20g\\\/\",\"url\":\"https:\\\/\\\/www.gleichcom.samuraidev.ch\\\/fr\\\/shop\\\/puralpina-hanf-chnuebi-20g\\\/\",\"name\":\"Puralpina chanvre Chn\u00fcbi 20g im Onlineshop | Gleichcom AG\",\"isPartOf\":{\"@id\":\"https:\\\/\\\/www.gleichcom.samuraidev.ch\\\/fr\\\/#website\"},\"primaryImageOfPage\":{\"@id\":\"https:\\\/\\\/www.gleichcom.samuraidev.ch\\\/fr\\\/shop\\\/puralpina-hanf-chnuebi-20g\\\/#primaryimage\"},\"image\":{\"@id\":\"https:\\\/\\\/www.gleichcom.samuraidev.ch\\\/fr\\\/shop\\\/puralpina-hanf-chnuebi-20g\\\/#primaryimage\"},\"thumbnailUrl\":\"https:\\\/\\\/www.gleichcom.samuraidev.ch\\\/wp-content\\\/uploads\\\/2023\\\/09\\\/HanfChnuebi_Handpflege_puralpina_frutigen.jpg\",\"datePublished\":\"2022-02-12T11:21:42+00:00\",\"description\":\"\u2705 Soin cutan\u00e9 intense et puissant au s\u00e9diment de chanvre suisse. Ce soin pour la peau 100% naturel convient tr\u00e8s bien aux zones de peau fortement sollicit\u00e9es. En cas de peau extr\u00eamement s\u00e8che ou de \\\"crevasses\\\".\",\"breadcrumb\":{\"@id\":\"https:\\\/\\\/www.gleichcom.samuraidev.ch\\\/fr\\\/shop\\\/puralpina-hanf-chnuebi-20g\\\/#breadcrumb\"},\"inLanguage\":\"fr-FR\",\"potentialAction\":[{\"@type\":\"ReadAction\",\"target\":[\"https:\\\/\\\/www.gleichcom.samuraidev.ch\\\/fr\\\/shop\\\/puralpina-hanf-chnuebi-20g\\\/\"]}]},{\"@type\":\"ImageObject\",\"inLanguage\":\"fr-FR\",\"@id\":\"https:\\\/\\\/www.gleichcom.samuraidev.ch\\\/fr\\\/shop\\\/puralpina-hanf-chnuebi-20g\\\/#primaryimage\",\"url\":\"https:\\\/\\\/www.gleichcom.samuraidev.ch\\\/wp-content\\\/uploads\\\/2023\\\/09\\\/HanfChnuebi_Handpflege_puralpina_frutigen.jpg\",\"contentUrl\":\"https:\\\/\\\/www.gleichcom.samuraidev.ch\\\/wp-content\\\/uploads\\\/2023\\\/09\\\/HanfChnuebi_Handpflege_puralpina_frutigen.jpg\",\"width\":500,\"height\":412},{\"@type\":\"BreadcrumbList\",\"@id\":\"https:\\\/\\\/www.gleichcom.samuraidev.ch\\\/fr\\\/shop\\\/puralpina-hanf-chnuebi-20g\\\/#breadcrumb\",\"itemListElement\":[{\"@type\":\"ListItem\",\"position\":1,\"name\":\"Startseite\",\"item\":\"https:\\\/\\\/www.gleichcom.samuraidev.ch\\\/fr\\\/\"},{\"@type\":\"ListItem\",\"position\":2,\"name\":\"Shop\",\"item\":\"https:\\\/\\\/www.gleichcom.samuraidev.ch\\\/fr\\\/shop\\\/\"},{\"@type\":\"ListItem\",\"position\":3,\"name\":\"Puralpina chanvre Chn\u00fcbi 20g\"}]},{\"@type\":\"WebSite\",\"@id\":\"https:\\\/\\\/www.gleichcom.samuraidev.ch\\\/fr\\\/#website\",\"url\":\"https:\\\/\\\/www.gleichcom.samuraidev.ch\\\/fr\\\/\",\"name\":\"Gleichcom AG\",\"description\":\"besser h\u00f6ren. besser sehen. besser leben.\",\"publisher\":{\"@id\":\"https:\\\/\\\/www.gleichcom.samuraidev.ch\\\/fr\\\/#organization\"},\"alternateName\":\"Gleichcom\",\"potentialAction\":[{\"@type\":\"SearchAction\",\"target\":{\"@type\":\"EntryPoint\",\"urlTemplate\":\"https:\\\/\\\/www.gleichcom.samuraidev.ch\\\/fr\\\/?s={search_term_string}\"},\"query-input\":{\"@type\":\"PropertyValueSpecification\",\"valueRequired\":true,\"valueName\":\"search_term_string\"}}],\"inLanguage\":\"fr-FR\"},{\"@type\":\"Organization\",\"@id\":\"https:\\\/\\\/www.gleichcom.samuraidev.ch\\\/fr\\\/#organization\",\"name\":\"Gleichcom AG\",\"alternateName\":\"Gleichcom\",\"url\":\"https:\\\/\\\/www.gleichcom.samuraidev.ch\\\/fr\\\/\",\"logo\":{\"@type\":\"ImageObject\",\"inLanguage\":\"fr-FR\",\"@id\":\"https:\\\/\\\/www.gleichcom.samuraidev.ch\\\/fr\\\/#\\\/schema\\\/logo\\\/image\\\/\",\"url\":\"https:\\\/\\\/www.gleichcom.samuraidev.ch\\\/wp-content\\\/uploads\\\/2023\\\/09\\\/gleichcom-ag-logo-quadrat-farbig-mitte@696.png\",\"contentUrl\":\"https:\\\/\\\/www.gleichcom.samuraidev.ch\\\/wp-content\\\/uploads\\\/2023\\\/09\\\/gleichcom-ag-logo-quadrat-farbig-mitte@696.png\",\"width\":437,\"height\":437,\"caption\":\"Gleichcom AG\"},\"image\":{\"@id\":\"https:\\\/\\\/www.gleichcom.samuraidev.ch\\\/fr\\\/#\\\/schema\\\/logo\\\/image\\\/\"},\"sameAs\":[\"https:\\\/\\\/www.facebook.com\\\/profile.php?id=100068749126981\"]}]}<\/script>\n<!-- \/ Yoast SEO plugin. -->","yoast_head_json":{"title":"Puralpina chanvre Chn\u00fcbi 20g im Onlineshop | Gleichcom AG","description":"\u2705 Soin cutan\u00e9 intense et puissant au s\u00e9diment de chanvre suisse. Ce soin pour la peau 100% naturel convient tr\u00e8s bien aux zones de peau fortement sollicit\u00e9es. En cas de peau extr\u00eamement s\u00e8che ou de \"crevasses\".","robots":{"index":"noindex","follow":"follow","max-snippet":"max-snippet:-1","max-image-preview":"max-image-preview:large","max-video-preview":"max-video-preview:-1"},"og_locale":"fr_FR","og_type":"article","og_title":"Puralpina chanvre Chn\u00fcbi 20g im Onlineshop | Gleichcom AG","og_description":"\u2705 Soin cutan\u00e9 intense et puissant au s\u00e9diment de chanvre suisse. Ce soin pour la peau 100% naturel convient tr\u00e8s bien aux zones de peau fortement sollicit\u00e9es. En cas de peau extr\u00eamement s\u00e8che ou de \"crevasses\".","og_url":"https:\/\/www.gleichcom.samuraidev.ch\/fr\/shop\/puralpina-hanf-chnuebi-20g\/","og_site_name":"Gleichcom AG","article_publisher":"https:\/\/www.facebook.com\/profile.php?id=100068749126981","og_image":[{"width":500,"height":412,"url":"https:\/\/www.gleichcom.samuraidev.ch\/wp-content\/uploads\/2023\/09\/HanfChnuebi_Handpflege_puralpina_frutigen.jpg","type":"image\/jpeg"}],"twitter_card":"summary_large_image","schema":{"@context":"https:\/\/schema.org","@graph":[{"@type":"WebPage","@id":"https:\/\/www.gleichcom.samuraidev.ch\/fr\/shop\/puralpina-hanf-chnuebi-20g\/","url":"https:\/\/www.gleichcom.samuraidev.ch\/fr\/shop\/puralpina-hanf-chnuebi-20g\/","name":"Puralpina chanvre Chn\u00fcbi 20g im Onlineshop | Gleichcom AG","isPartOf":{"@id":"https:\/\/www.gleichcom.samuraidev.ch\/fr\/#website"},"primaryImageOfPage":{"@id":"https:\/\/www.gleichcom.samuraidev.ch\/fr\/shop\/puralpina-hanf-chnuebi-20g\/#primaryimage"},"image":{"@id":"https:\/\/www.gleichcom.samuraidev.ch\/fr\/shop\/puralpina-hanf-chnuebi-20g\/#primaryimage"},"thumbnailUrl":"https:\/\/www.gleichcom.samuraidev.ch\/wp-content\/uploads\/2023\/09\/HanfChnuebi_Handpflege_puralpina_frutigen.jpg","datePublished":"2022-02-12T11:21:42+00:00","description":"\u2705 Soin cutan\u00e9 intense et puissant au s\u00e9diment de chanvre suisse. Ce soin pour la peau 100% naturel convient tr\u00e8s bien aux zones de peau fortement sollicit\u00e9es. En cas de peau extr\u00eamement s\u00e8che ou de \"crevasses\".","breadcrumb":{"@id":"https:\/\/www.gleichcom.samuraidev.ch\/fr\/shop\/puralpina-hanf-chnuebi-20g\/#breadcrumb"},"inLanguage":"fr-FR","potentialAction":[{"@type":"ReadAction","target":["https:\/\/www.gleichcom.samuraidev.ch\/fr\/shop\/puralpina-hanf-chnuebi-20g\/"]}]},{"@type":"ImageObject","inLanguage":"fr-FR","@id":"https:\/\/www.gleichcom.samuraidev.ch\/fr\/shop\/puralpina-hanf-chnuebi-20g\/#primaryimage","url":"https:\/\/www.gleichcom.samuraidev.ch\/wp-content\/uploads\/2023\/09\/HanfChnuebi_Handpflege_puralpina_frutigen.jpg","contentUrl":"https:\/\/www.gleichcom.samuraidev.ch\/wp-content\/uploads\/2023\/09\/HanfChnuebi_Handpflege_puralpina_frutigen.jpg","width":500,"height":412},{"@type":"BreadcrumbList","@id":"https:\/\/www.gleichcom.samuraidev.ch\/fr\/shop\/puralpina-hanf-chnuebi-20g\/#breadcrumb","itemListElement":[{"@type":"ListItem","position":1,"name":"Startseite","item":"https:\/\/www.gleichcom.samuraidev.ch\/fr\/"},{"@type":"ListItem","position":2,"name":"Shop","item":"https:\/\/www.gleichcom.samuraidev.ch\/fr\/shop\/"},{"@type":"ListItem","position":3,"name":"Puralpina chanvre Chn\u00fcbi 20g"}]},{"@type":"WebSite","@id":"https:\/\/www.gleichcom.samuraidev.ch\/fr\/#website","url":"https:\/\/www.gleichcom.samuraidev.ch\/fr\/","name":"Gleichcom AG","description":"besser h\u00f6ren. besser sehen. besser leben.","publisher":{"@id":"https:\/\/www.gleichcom.samuraidev.ch\/fr\/#organization"},"alternateName":"Gleichcom","potentialAction":[{"@type":"SearchAction","target":{"@type":"EntryPoint","urlTemplate":"https:\/\/www.gleichcom.samuraidev.ch\/fr\/?s={search_term_string}"},"query-input":{"@type":"PropertyValueSpecification","valueRequired":true,"valueName":"search_term_string"}}],"inLanguage":"fr-FR"},{"@type":"Organization","@id":"https:\/\/www.gleichcom.samuraidev.ch\/fr\/#organization","name":"Gleichcom AG","alternateName":"Gleichcom","url":"https:\/\/www.gleichcom.samuraidev.ch\/fr\/","logo":{"@type":"ImageObject","inLanguage":"fr-FR","@id":"https:\/\/www.gleichcom.samuraidev.ch\/fr\/#\/schema\/logo\/image\/","url":"https:\/\/www.gleichcom.samuraidev.ch\/wp-content\/uploads\/2023\/09\/gleichcom-ag-logo-quadrat-farbig-mitte@696.png","contentUrl":"https:\/\/www.gleichcom.samuraidev.ch\/wp-content\/uploads\/2023\/09\/gleichcom-ag-logo-quadrat-farbig-mitte@696.png","width":437,"height":437,"caption":"Gleichcom AG"},"image":{"@id":"https:\/\/www.gleichcom.samuraidev.ch\/fr\/#\/schema\/logo\/image\/"},"sameAs":["https:\/\/www.facebook.com\/profile.php?id=100068749126981"]}]}},"uagb_featured_image_src":{"full":["https:\/\/www.gleichcom.samuraidev.ch\/wp-content\/uploads\/2023\/09\/HanfChnuebi_Handpflege_puralpina_frutigen.jpg",500,412,false],"thumbnail":["https:\/\/www.gleichcom.samuraidev.ch\/wp-content\/uploads\/2023\/09\/HanfChnuebi_Handpflege_puralpina_frutigen.jpg",150,124,false],"medium":["https:\/\/www.gleichcom.samuraidev.ch\/wp-content\/uploads\/2023\/09\/HanfChnuebi_Handpflege_puralpina_frutigen.jpg",300,247,false],"medium_large":["https:\/\/www.gleichcom.samuraidev.ch\/wp-content\/uploads\/2023\/09\/HanfChnuebi_Handpflege_puralpina_frutigen.jpg",500,412,false],"large":["https:\/\/www.gleichcom.samuraidev.ch\/wp-content\/uploads\/2023\/09\/HanfChnuebi_Handpflege_puralpina_frutigen.jpg",500,412,false],"1536x1536":["https:\/\/www.gleichcom.samuraidev.ch\/wp-content\/uploads\/2023\/09\/HanfChnuebi_Handpflege_puralpina_frutigen.jpg",500,412,false],"2048x2048":["https:\/\/www.gleichcom.samuraidev.ch\/wp-content\/uploads\/2023\/09\/HanfChnuebi_Handpflege_puralpina_frutigen.jpg",500,412,false],"woocommerce_thumbnail":["https:\/\/www.gleichcom.samuraidev.ch\/wp-content\/uploads\/2023\/09\/HanfChnuebi_Handpflege_puralpina_frutigen.jpg",300,247,false],"woocommerce_single":["https:\/\/www.gleichcom.samuraidev.ch\/wp-content\/uploads\/2023\/09\/HanfChnuebi_Handpflege_puralpina_frutigen.jpg",500,412,false],"woocommerce_gallery_thumbnail":["https:\/\/www.gleichcom.samuraidev.ch\/wp-content\/uploads\/2023\/09\/HanfChnuebi_Handpflege_puralpina_frutigen-100x100.jpg",100,100,true]},"uagb_author_info":{"display_name":"","author_link":"https:\/\/www.gleichcom.samuraidev.ch\/fr\/author\/"},"uagb_comment_info":0,"uagb_excerpt":"Soin cutan\u00e9 intense et puissant au s\u00e9diment de chanvre suisse. Ce soin pour la peau 100% naturel convient tr\u00e8s bien aux zones de peau fortement sollicit\u00e9es. En cas de peau extr\u00eamement s\u00e8che ou de \"crevasses\".","_links":{"self":[{"href":"https:\/\/www.gleichcom.samuraidev.ch\/fr\/wp-json\/wp\/v2\/product\/18366","targetHints":{"allow":["GET"]}}],"collection":[{"href":"https:\/\/www.gleichcom.samuraidev.ch\/fr\/wp-json\/wp\/v2\/product"}],"about":[{"href":"https:\/\/www.gleichcom.samuraidev.ch\/fr\/wp-json\/wp\/v2\/types\/product"}],"wp:featuredmedia":[{"embeddable":true,"href":"https:\/\/www.gleichcom.samuraidev.ch\/fr\/wp-json\/wp\/v2\/media\/18364"}],"wp:attachment":[{"href":"https:\/\/www.gleichcom.samuraidev.ch\/fr\/wp-json\/wp\/v2\/media?parent=18366"}],"wp:term":[{"taxonomy":"product_brand","embeddable":true,"href":"https:\/\/www.gleichcom.samuraidev.ch\/fr\/wp-json\/wp\/v2\/product_brand?post=18366"},{"taxonomy":"product_cat","embeddable":true,"href":"https:\/\/www.gleichcom.samuraidev.ch\/fr\/wp-json\/wp\/v2\/product_cat?post=18366"},{"taxonomy":"product_tag","embeddable":true,"href":"https:\/\/www.gleichcom.samuraidev.ch\/fr\/wp-json\/wp\/v2\/product_tag?post=18366"}],"curies":[{"name":"wp","href":"https:\/\/api.w.org\/{rel}","templated":true}]}}