{"id":18378,"date":"2022-02-12T12:45:13","date_gmt":"2022-02-12T11:45:13","guid":{"rendered":"https:\/\/www.gleichcom.samuraidev.ch\/?product=puralpina-baergmuentschi-lippgloss"},"modified":"1000-01-01T00:00:00","modified_gmt":"1000-01-01T00:00:00","slug":"puralpina-baergmuentschi-lippgloss","status":"publish","type":"product","link":"https:\/\/www.gleichcom.samuraidev.ch\/fr\/shop\/puralpina-baergmuentschi-lippgloss\/","title":{"rendered":"Puralpina B\u00e4rgm\u00fcntschi Gloss pour les l\u00e8vres"},"content":{"rendered":"<p><strong>Puralpina Gloss \u00e0 l\u00e8vres B\u00e4rgm\u00fcntschi<\/strong><\/p>\n<p>B\u00e4rgm\u00fcntschi &#8211; un gloss 100% naturel. Soigne et nourrit merveilleusement bien et est beau \u00e0 embrasser. Avec de la cire d&rsquo;abeille, du miel de l&rsquo;Oberland bernois, de la r\u00e9sine de sapin et la couleur de la racine d&rsquo;alkanna.<\/p>\n<p>Des recettes locales transmises de g\u00e9n\u00e9ration en g\u00e9n\u00e9ration et qui ont fait leurs preuves, interpr\u00e9t\u00e9es de mani\u00e8re moderne. Ce gloss est fabriqu\u00e9 \u00e0 partir de mati\u00e8res premi\u00e8res purement naturelles provenant des Alpes. Dans la mesure du possible, elles proviennent de notre environnement imm\u00e9diat. Nous cultivons la plupart des herbes et des fleurs dans la vall\u00e9e de la Kander, dans l&rsquo;Oberland bernois. Ces plantes offrent une base vitale pr\u00e9cieuse aux abeilles sauvages et domestiques.<\/p>\n<p>\nNous d\u00e9veloppons et produisons nous-m\u00eames le gloss \u00ab\u00a0B\u00e4rgm\u00fcntschi\u00a0\u00bb avec amour et \u00e0 la main. Cela nous permet de contr\u00f4ler enti\u00e8rement les mati\u00e8res premi\u00e8res soigneusement s\u00e9lectionn\u00e9es. Notre gloss ne contient aucun additif artificiel. Il ne contient pas de paraffine ou d&rsquo;autres d\u00e9riv\u00e9s du p\u00e9trole, ni de conservateurs, de parfums ou de colorants artificiels.<\/p>\n<p>\n<strong>INGR\u00c9DIENTS DU LIPGLOSS B\u00c4RGM\u00dcNTSCHI<\/strong><br \/>\nHuile de ricin, huile de tournesol, cire d&rsquo;abeille, miel, racine d&rsquo;alkanna, r\u00e9sine de sapin, edelweiss et huile de rose.<\/p>\n<p><strong>Contenu de la livraison :<\/strong><\/p>\n<p>1 Puralpina B\u00e4rgm\u00fcntschi gloss \u00e0 l\u00e8vres 5ml<\/p>\n","protected":false},"excerpt":{"rendered":"<p>B\u00e4rgm\u00fcntschi &#8211; un gloss 100% naturel. Soigne et nourrit merveilleusement bien et est beau \u00e0 embrasser. Avec de la cire d&rsquo;abeille, du miel de l&rsquo;Oberland bernois, de la r\u00e9sine de sapin et la couleur de la racine d&rsquo;alkanna.<\/p>\n","protected":false},"featured_media":18376,"template":"","meta":{"inline_featured_image":false,"_uag_custom_page_level_css":"","site-sidebar-layout":"default","site-content-layout":"","ast-site-content-layout":"default","site-content-style":"default","site-sidebar-style":"default","ast-global-header-display":"","ast-banner-title-visibility":"","ast-main-header-display":"","ast-hfb-above-header-display":"","ast-hfb-below-header-display":"","ast-hfb-mobile-header-display":"","site-post-title":"","ast-breadcrumbs-content":"","ast-featured-img":"","footer-sml-layout":"","ast-disable-related-posts":"","theme-transparent-header-meta":"","adv-header-id-meta":"","stick-header-meta":"","header-above-stick-meta":"","header-main-stick-meta":"","header-below-stick-meta":"","astra-migrate-meta-layouts":"default","ast-page-background-enabled":"default","ast-page-background-meta":{"desktop":{"background-color":"","background-image":"","background-repeat":"repeat","background-position":"center center","background-size":"auto","background-attachment":"scroll","background-type":"","background-media":"","overlay-type":"","overlay-color":"","overlay-opacity":"","overlay-gradient":""},"tablet":{"background-color":"","background-image":"","background-repeat":"repeat","background-position":"center center","background-size":"auto","background-attachment":"scroll","background-type":"","background-media":"","overlay-type":"","overlay-color":"","overlay-opacity":"","overlay-gradient":""},"mobile":{"background-color":"","background-image":"","background-repeat":"repeat","background-position":"center center","background-size":"auto","background-attachment":"scroll","background-type":"","background-media":"","overlay-type":"","overlay-color":"","overlay-opacity":"","overlay-gradient":""}},"ast-content-background-meta":{"desktop":{"background-color":"var(--ast-global-color-5)","background-image":"","background-repeat":"repeat","background-position":"center center","background-size":"auto","background-attachment":"scroll","background-type":"","background-media":"","overlay-type":"","overlay-color":"","overlay-opacity":"","overlay-gradient":""},"tablet":{"background-color":"var(--ast-global-color-5)","background-image":"","background-repeat":"repeat","background-position":"center center","background-size":"auto","background-attachment":"scroll","background-type":"","background-media":"","overlay-type":"","overlay-color":"","overlay-opacity":"","overlay-gradient":""},"mobile":{"background-color":"var(--ast-global-color-5)","background-image":"","background-repeat":"repeat","background-position":"center center","background-size":"auto","background-attachment":"scroll","background-type":"","background-media":"","overlay-type":"","overlay-color":"","overlay-opacity":"","overlay-gradient":""}}},"product_brand":[],"product_cat":[3012,1776],"product_tag":[],"class_list":{"0":"post-18378","1":"product","2":"type-product","3":"status-publish","4":"has-post-thumbnail","6":"product_cat-soins-de-sante-fr","7":"product_cat-unkategorisiert","8":"desktop-align-center","9":"tablet-align-center","10":"mobile-align-center","11":"ast-product-gallery-layout-horizontal-slider","12":"ast-product-gallery-with-no-image","13":"ast-product-tabs-layout-accordion","15":"first","16":"onbackorder","17":"taxable","18":"shipping-taxable","19":"purchasable","20":"product-type-simple"},"yoast_head":"<!-- This site is optimized with the Yoast SEO plugin v27.5 - https:\/\/yoast.com\/product\/yoast-seo-wordpress\/ -->\n<title>Puralpina B\u00e4rgm\u00fcntschi Gloss pour les l\u00e8vres im Onlineshop | Gleichcom AG<\/title>\n<meta name=\"description\" content=\"\u2705 B\u00e4rgm\u00fcntschi - un gloss 100% naturel. Soigne et nourrit merveilleusement bien et est beau \u00e0 embrasser. Avec de la cire d&#039;abeille, du miel de l&#039;Oberland bernois, de la r\u00e9sine de sapin et la couleur de la racine d&#039;alkanna.\" \/>\n<meta name=\"robots\" content=\"noindex, follow, max-snippet:-1, max-image-preview:large, max-video-preview:-1\" \/>\n<meta property=\"og:locale\" content=\"fr_FR\" \/>\n<meta property=\"og:type\" content=\"article\" \/>\n<meta property=\"og:title\" content=\"Puralpina B\u00e4rgm\u00fcntschi Gloss pour les l\u00e8vres im Onlineshop | Gleichcom AG\" \/>\n<meta property=\"og:description\" content=\"\u2705 B\u00e4rgm\u00fcntschi - un gloss 100% naturel. Soigne et nourrit merveilleusement bien et est beau \u00e0 embrasser. Avec de la cire d&#039;abeille, du miel de l&#039;Oberland bernois, de la r\u00e9sine de sapin et la couleur de la racine d&#039;alkanna.\" \/>\n<meta property=\"og:url\" content=\"https:\/\/www.gleichcom.samuraidev.ch\/fr\/shop\/puralpina-baergmuentschi-lippgloss\/\" \/>\n<meta property=\"og:site_name\" content=\"Gleichcom AG\" \/>\n<meta property=\"article:publisher\" content=\"https:\/\/www.facebook.com\/profile.php?id=100068749126981\" \/>\n<meta property=\"og:image\" content=\"https:\/\/www.gleichcom.samuraidev.ch\/wp-content\/uploads\/2023\/09\/Baergmuentschi_Lipgloss_Lippenpflege_puralpina_frutigen.jpg\" \/>\n\t<meta property=\"og:image:width\" content=\"500\" \/>\n\t<meta property=\"og:image:height\" content=\"412\" \/>\n\t<meta property=\"og:image:type\" content=\"image\/jpeg\" \/>\n<meta name=\"twitter:card\" content=\"summary_large_image\" \/>\n<script type=\"application\/ld+json\" class=\"yoast-schema-graph\">{\"@context\":\"https:\\\/\\\/schema.org\",\"@graph\":[{\"@type\":\"WebPage\",\"@id\":\"https:\\\/\\\/www.gleichcom.samuraidev.ch\\\/fr\\\/shop\\\/puralpina-baergmuentschi-lippgloss\\\/\",\"url\":\"https:\\\/\\\/www.gleichcom.samuraidev.ch\\\/fr\\\/shop\\\/puralpina-baergmuentschi-lippgloss\\\/\",\"name\":\"Puralpina B\u00e4rgm\u00fcntschi Gloss pour les l\u00e8vres im Onlineshop | Gleichcom AG\",\"isPartOf\":{\"@id\":\"https:\\\/\\\/www.gleichcom.samuraidev.ch\\\/fr\\\/#website\"},\"primaryImageOfPage\":{\"@id\":\"https:\\\/\\\/www.gleichcom.samuraidev.ch\\\/fr\\\/shop\\\/puralpina-baergmuentschi-lippgloss\\\/#primaryimage\"},\"image\":{\"@id\":\"https:\\\/\\\/www.gleichcom.samuraidev.ch\\\/fr\\\/shop\\\/puralpina-baergmuentschi-lippgloss\\\/#primaryimage\"},\"thumbnailUrl\":\"https:\\\/\\\/www.gleichcom.samuraidev.ch\\\/wp-content\\\/uploads\\\/2023\\\/09\\\/Baergmuentschi_Lipgloss_Lippenpflege_puralpina_frutigen.jpg\",\"datePublished\":\"2022-02-12T11:45:13+00:00\",\"description\":\"\u2705 B\u00e4rgm\u00fcntschi - un gloss 100% naturel. Soigne et nourrit merveilleusement bien et est beau \u00e0 embrasser. Avec de la cire d'abeille, du miel de l'Oberland bernois, de la r\u00e9sine de sapin et la couleur de la racine d'alkanna.\",\"breadcrumb\":{\"@id\":\"https:\\\/\\\/www.gleichcom.samuraidev.ch\\\/fr\\\/shop\\\/puralpina-baergmuentschi-lippgloss\\\/#breadcrumb\"},\"inLanguage\":\"fr-FR\",\"potentialAction\":[{\"@type\":\"ReadAction\",\"target\":[\"https:\\\/\\\/www.gleichcom.samuraidev.ch\\\/fr\\\/shop\\\/puralpina-baergmuentschi-lippgloss\\\/\"]}]},{\"@type\":\"ImageObject\",\"inLanguage\":\"fr-FR\",\"@id\":\"https:\\\/\\\/www.gleichcom.samuraidev.ch\\\/fr\\\/shop\\\/puralpina-baergmuentschi-lippgloss\\\/#primaryimage\",\"url\":\"https:\\\/\\\/www.gleichcom.samuraidev.ch\\\/wp-content\\\/uploads\\\/2023\\\/09\\\/Baergmuentschi_Lipgloss_Lippenpflege_puralpina_frutigen.jpg\",\"contentUrl\":\"https:\\\/\\\/www.gleichcom.samuraidev.ch\\\/wp-content\\\/uploads\\\/2023\\\/09\\\/Baergmuentschi_Lipgloss_Lippenpflege_puralpina_frutigen.jpg\",\"width\":500,\"height\":412},{\"@type\":\"BreadcrumbList\",\"@id\":\"https:\\\/\\\/www.gleichcom.samuraidev.ch\\\/fr\\\/shop\\\/puralpina-baergmuentschi-lippgloss\\\/#breadcrumb\",\"itemListElement\":[{\"@type\":\"ListItem\",\"position\":1,\"name\":\"Startseite\",\"item\":\"https:\\\/\\\/www.gleichcom.samuraidev.ch\\\/fr\\\/\"},{\"@type\":\"ListItem\",\"position\":2,\"name\":\"Shop\",\"item\":\"https:\\\/\\\/www.gleichcom.samuraidev.ch\\\/fr\\\/shop\\\/\"},{\"@type\":\"ListItem\",\"position\":3,\"name\":\"Puralpina B\u00e4rgm\u00fcntschi Gloss pour les l\u00e8vres\"}]},{\"@type\":\"WebSite\",\"@id\":\"https:\\\/\\\/www.gleichcom.samuraidev.ch\\\/fr\\\/#website\",\"url\":\"https:\\\/\\\/www.gleichcom.samuraidev.ch\\\/fr\\\/\",\"name\":\"Gleichcom AG\",\"description\":\"besser h\u00f6ren. besser sehen. besser leben.\",\"publisher\":{\"@id\":\"https:\\\/\\\/www.gleichcom.samuraidev.ch\\\/fr\\\/#organization\"},\"alternateName\":\"Gleichcom\",\"potentialAction\":[{\"@type\":\"SearchAction\",\"target\":{\"@type\":\"EntryPoint\",\"urlTemplate\":\"https:\\\/\\\/www.gleichcom.samuraidev.ch\\\/fr\\\/?s={search_term_string}\"},\"query-input\":{\"@type\":\"PropertyValueSpecification\",\"valueRequired\":true,\"valueName\":\"search_term_string\"}}],\"inLanguage\":\"fr-FR\"},{\"@type\":\"Organization\",\"@id\":\"https:\\\/\\\/www.gleichcom.samuraidev.ch\\\/fr\\\/#organization\",\"name\":\"Gleichcom AG\",\"alternateName\":\"Gleichcom\",\"url\":\"https:\\\/\\\/www.gleichcom.samuraidev.ch\\\/fr\\\/\",\"logo\":{\"@type\":\"ImageObject\",\"inLanguage\":\"fr-FR\",\"@id\":\"https:\\\/\\\/www.gleichcom.samuraidev.ch\\\/fr\\\/#\\\/schema\\\/logo\\\/image\\\/\",\"url\":\"https:\\\/\\\/www.gleichcom.samuraidev.ch\\\/wp-content\\\/uploads\\\/2023\\\/09\\\/gleichcom-ag-logo-quadrat-farbig-mitte@696.png\",\"contentUrl\":\"https:\\\/\\\/www.gleichcom.samuraidev.ch\\\/wp-content\\\/uploads\\\/2023\\\/09\\\/gleichcom-ag-logo-quadrat-farbig-mitte@696.png\",\"width\":437,\"height\":437,\"caption\":\"Gleichcom AG\"},\"image\":{\"@id\":\"https:\\\/\\\/www.gleichcom.samuraidev.ch\\\/fr\\\/#\\\/schema\\\/logo\\\/image\\\/\"},\"sameAs\":[\"https:\\\/\\\/www.facebook.com\\\/profile.php?id=100068749126981\"]}]}<\/script>\n<!-- \/ Yoast SEO plugin. -->","yoast_head_json":{"title":"Puralpina B\u00e4rgm\u00fcntschi Gloss pour les l\u00e8vres im Onlineshop | Gleichcom AG","description":"\u2705 B\u00e4rgm\u00fcntschi - un gloss 100% naturel. Soigne et nourrit merveilleusement bien et est beau \u00e0 embrasser. Avec de la cire d'abeille, du miel de l'Oberland bernois, de la r\u00e9sine de sapin et la couleur de la racine d'alkanna.","robots":{"index":"noindex","follow":"follow","max-snippet":"max-snippet:-1","max-image-preview":"max-image-preview:large","max-video-preview":"max-video-preview:-1"},"og_locale":"fr_FR","og_type":"article","og_title":"Puralpina B\u00e4rgm\u00fcntschi Gloss pour les l\u00e8vres im Onlineshop | Gleichcom AG","og_description":"\u2705 B\u00e4rgm\u00fcntschi - un gloss 100% naturel. Soigne et nourrit merveilleusement bien et est beau \u00e0 embrasser. Avec de la cire d'abeille, du miel de l'Oberland bernois, de la r\u00e9sine de sapin et la couleur de la racine d'alkanna.","og_url":"https:\/\/www.gleichcom.samuraidev.ch\/fr\/shop\/puralpina-baergmuentschi-lippgloss\/","og_site_name":"Gleichcom AG","article_publisher":"https:\/\/www.facebook.com\/profile.php?id=100068749126981","og_image":[{"width":500,"height":412,"url":"https:\/\/www.gleichcom.samuraidev.ch\/wp-content\/uploads\/2023\/09\/Baergmuentschi_Lipgloss_Lippenpflege_puralpina_frutigen.jpg","type":"image\/jpeg"}],"twitter_card":"summary_large_image","schema":{"@context":"https:\/\/schema.org","@graph":[{"@type":"WebPage","@id":"https:\/\/www.gleichcom.samuraidev.ch\/fr\/shop\/puralpina-baergmuentschi-lippgloss\/","url":"https:\/\/www.gleichcom.samuraidev.ch\/fr\/shop\/puralpina-baergmuentschi-lippgloss\/","name":"Puralpina B\u00e4rgm\u00fcntschi Gloss pour les l\u00e8vres im Onlineshop | Gleichcom AG","isPartOf":{"@id":"https:\/\/www.gleichcom.samuraidev.ch\/fr\/#website"},"primaryImageOfPage":{"@id":"https:\/\/www.gleichcom.samuraidev.ch\/fr\/shop\/puralpina-baergmuentschi-lippgloss\/#primaryimage"},"image":{"@id":"https:\/\/www.gleichcom.samuraidev.ch\/fr\/shop\/puralpina-baergmuentschi-lippgloss\/#primaryimage"},"thumbnailUrl":"https:\/\/www.gleichcom.samuraidev.ch\/wp-content\/uploads\/2023\/09\/Baergmuentschi_Lipgloss_Lippenpflege_puralpina_frutigen.jpg","datePublished":"2022-02-12T11:45:13+00:00","description":"\u2705 B\u00e4rgm\u00fcntschi - un gloss 100% naturel. Soigne et nourrit merveilleusement bien et est beau \u00e0 embrasser. Avec de la cire d'abeille, du miel de l'Oberland bernois, de la r\u00e9sine de sapin et la couleur de la racine d'alkanna.","breadcrumb":{"@id":"https:\/\/www.gleichcom.samuraidev.ch\/fr\/shop\/puralpina-baergmuentschi-lippgloss\/#breadcrumb"},"inLanguage":"fr-FR","potentialAction":[{"@type":"ReadAction","target":["https:\/\/www.gleichcom.samuraidev.ch\/fr\/shop\/puralpina-baergmuentschi-lippgloss\/"]}]},{"@type":"ImageObject","inLanguage":"fr-FR","@id":"https:\/\/www.gleichcom.samuraidev.ch\/fr\/shop\/puralpina-baergmuentschi-lippgloss\/#primaryimage","url":"https:\/\/www.gleichcom.samuraidev.ch\/wp-content\/uploads\/2023\/09\/Baergmuentschi_Lipgloss_Lippenpflege_puralpina_frutigen.jpg","contentUrl":"https:\/\/www.gleichcom.samuraidev.ch\/wp-content\/uploads\/2023\/09\/Baergmuentschi_Lipgloss_Lippenpflege_puralpina_frutigen.jpg","width":500,"height":412},{"@type":"BreadcrumbList","@id":"https:\/\/www.gleichcom.samuraidev.ch\/fr\/shop\/puralpina-baergmuentschi-lippgloss\/#breadcrumb","itemListElement":[{"@type":"ListItem","position":1,"name":"Startseite","item":"https:\/\/www.gleichcom.samuraidev.ch\/fr\/"},{"@type":"ListItem","position":2,"name":"Shop","item":"https:\/\/www.gleichcom.samuraidev.ch\/fr\/shop\/"},{"@type":"ListItem","position":3,"name":"Puralpina B\u00e4rgm\u00fcntschi Gloss pour les l\u00e8vres"}]},{"@type":"WebSite","@id":"https:\/\/www.gleichcom.samuraidev.ch\/fr\/#website","url":"https:\/\/www.gleichcom.samuraidev.ch\/fr\/","name":"Gleichcom AG","description":"besser h\u00f6ren. besser sehen. besser leben.","publisher":{"@id":"https:\/\/www.gleichcom.samuraidev.ch\/fr\/#organization"},"alternateName":"Gleichcom","potentialAction":[{"@type":"SearchAction","target":{"@type":"EntryPoint","urlTemplate":"https:\/\/www.gleichcom.samuraidev.ch\/fr\/?s={search_term_string}"},"query-input":{"@type":"PropertyValueSpecification","valueRequired":true,"valueName":"search_term_string"}}],"inLanguage":"fr-FR"},{"@type":"Organization","@id":"https:\/\/www.gleichcom.samuraidev.ch\/fr\/#organization","name":"Gleichcom AG","alternateName":"Gleichcom","url":"https:\/\/www.gleichcom.samuraidev.ch\/fr\/","logo":{"@type":"ImageObject","inLanguage":"fr-FR","@id":"https:\/\/www.gleichcom.samuraidev.ch\/fr\/#\/schema\/logo\/image\/","url":"https:\/\/www.gleichcom.samuraidev.ch\/wp-content\/uploads\/2023\/09\/gleichcom-ag-logo-quadrat-farbig-mitte@696.png","contentUrl":"https:\/\/www.gleichcom.samuraidev.ch\/wp-content\/uploads\/2023\/09\/gleichcom-ag-logo-quadrat-farbig-mitte@696.png","width":437,"height":437,"caption":"Gleichcom AG"},"image":{"@id":"https:\/\/www.gleichcom.samuraidev.ch\/fr\/#\/schema\/logo\/image\/"},"sameAs":["https:\/\/www.facebook.com\/profile.php?id=100068749126981"]}]}},"uagb_featured_image_src":{"full":["https:\/\/www.gleichcom.samuraidev.ch\/wp-content\/uploads\/2023\/09\/Baergmuentschi_Lipgloss_Lippenpflege_puralpina_frutigen.jpg",500,412,false],"thumbnail":["https:\/\/www.gleichcom.samuraidev.ch\/wp-content\/uploads\/2023\/09\/Baergmuentschi_Lipgloss_Lippenpflege_puralpina_frutigen.jpg",150,124,false],"medium":["https:\/\/www.gleichcom.samuraidev.ch\/wp-content\/uploads\/2023\/09\/Baergmuentschi_Lipgloss_Lippenpflege_puralpina_frutigen.jpg",300,247,false],"medium_large":["https:\/\/www.gleichcom.samuraidev.ch\/wp-content\/uploads\/2023\/09\/Baergmuentschi_Lipgloss_Lippenpflege_puralpina_frutigen.jpg",500,412,false],"large":["https:\/\/www.gleichcom.samuraidev.ch\/wp-content\/uploads\/2023\/09\/Baergmuentschi_Lipgloss_Lippenpflege_puralpina_frutigen.jpg",500,412,false],"1536x1536":["https:\/\/www.gleichcom.samuraidev.ch\/wp-content\/uploads\/2023\/09\/Baergmuentschi_Lipgloss_Lippenpflege_puralpina_frutigen.jpg",500,412,false],"2048x2048":["https:\/\/www.gleichcom.samuraidev.ch\/wp-content\/uploads\/2023\/09\/Baergmuentschi_Lipgloss_Lippenpflege_puralpina_frutigen.jpg",500,412,false],"woocommerce_thumbnail":["https:\/\/www.gleichcom.samuraidev.ch\/wp-content\/uploads\/2023\/09\/Baergmuentschi_Lipgloss_Lippenpflege_puralpina_frutigen.jpg",300,247,false],"woocommerce_single":["https:\/\/www.gleichcom.samuraidev.ch\/wp-content\/uploads\/2023\/09\/Baergmuentschi_Lipgloss_Lippenpflege_puralpina_frutigen.jpg",500,412,false],"woocommerce_gallery_thumbnail":["https:\/\/www.gleichcom.samuraidev.ch\/wp-content\/uploads\/2023\/09\/Baergmuentschi_Lipgloss_Lippenpflege_puralpina_frutigen-100x100.jpg",100,100,true]},"uagb_author_info":{"display_name":"","author_link":"https:\/\/www.gleichcom.samuraidev.ch\/fr\/author\/"},"uagb_comment_info":0,"uagb_excerpt":"B\u00e4rgm\u00fcntschi - un gloss 100% naturel. Soigne et nourrit merveilleusement bien et est beau \u00e0 embrasser. Avec de la cire d'abeille, du miel de l'Oberland bernois, de la r\u00e9sine de sapin et la couleur de la racine d'alkanna.","_links":{"self":[{"href":"https:\/\/www.gleichcom.samuraidev.ch\/fr\/wp-json\/wp\/v2\/product\/18378","targetHints":{"allow":["GET"]}}],"collection":[{"href":"https:\/\/www.gleichcom.samuraidev.ch\/fr\/wp-json\/wp\/v2\/product"}],"about":[{"href":"https:\/\/www.gleichcom.samuraidev.ch\/fr\/wp-json\/wp\/v2\/types\/product"}],"wp:featuredmedia":[{"embeddable":true,"href":"https:\/\/www.gleichcom.samuraidev.ch\/fr\/wp-json\/wp\/v2\/media\/18376"}],"wp:attachment":[{"href":"https:\/\/www.gleichcom.samuraidev.ch\/fr\/wp-json\/wp\/v2\/media?parent=18378"}],"wp:term":[{"taxonomy":"product_brand","embeddable":true,"href":"https:\/\/www.gleichcom.samuraidev.ch\/fr\/wp-json\/wp\/v2\/product_brand?post=18378"},{"taxonomy":"product_cat","embeddable":true,"href":"https:\/\/www.gleichcom.samuraidev.ch\/fr\/wp-json\/wp\/v2\/product_cat?post=18378"},{"taxonomy":"product_tag","embeddable":true,"href":"https:\/\/www.gleichcom.samuraidev.ch\/fr\/wp-json\/wp\/v2\/product_tag?post=18378"}],"curies":[{"name":"wp","href":"https:\/\/api.w.org\/{rel}","templated":true}]}}