{"id":18420,"date":"2022-02-12T13:35:55","date_gmt":"2022-02-12T12:35:55","guid":{"rendered":"https:\/\/www.gleichcom.samuraidev.ch\/?product=puralpina-deo-creme-bergamotte-15ml"},"modified":"1000-01-01T00:00:00","modified_gmt":"1000-01-01T00:00:00","slug":"puralpina-deo-creme-bergamotte-15ml","status":"publish","type":"product","link":"https:\/\/www.gleichcom.samuraidev.ch\/fr\/shop\/puralpina-deo-creme-bergamotte-15ml\/","title":{"rendered":"Puralpina d\u00e9odorant cr\u00e8me bergamote 15ml"},"content":{"rendered":"<p><strong>Puralpina d\u00e9odorant cr\u00e8me bergamote 15ml<\/strong><\/p>\n<p>Une protection fiable contre les odeurs de transpiration d\u00e9sagr\u00e9ables. C&rsquo;est ce que t&rsquo;offre ce d\u00e9odorant 100% naturel. Fabriqu\u00e9e \u00e0 la main avec de nombreux ingr\u00e9dients locaux, cette cr\u00e8me d\u00e9odorante te garde agr\u00e9ablement fra\u00eeche toute la journ\u00e9e et veille \u00e0 ce qu&rsquo;aucune mauvaise odeur corporelle ne se forme. L&rsquo;huile essentielle de bergamote conf\u00e8re \u00e0 ce d\u00e9odorant naturel une note citronn\u00e9e douce mais rafra\u00eechissante.<\/p>\n<p>Nous ne voulons pas arr\u00eater ta transpiration naturelle. C&rsquo;est pourquoi notre d\u00e9odorant cr\u00e8me est un d\u00e9odorant et non un anti-transpirant. Elle emp\u00eache de mani\u00e8re fiable les odeurs d\u00e9sagr\u00e9ables de transpiration sans boucher tes pores avec des sels d&rsquo;aluminium. Ainsi, la transpiration saine et donc la fonction r\u00e9gulatrice naturelle de ta peau sont pr\u00e9serv\u00e9es.<\/p>\n<p>MODE D&rsquo;EMPLOI :<br \/>\nCe d\u00e9odorant est une cr\u00e8me d\u00e9odorante. Pr\u00e9l\u00e8ve avec ton doigt un peu de d\u00e9odorant dans la bo\u00eete, applique-le sous tes aisselles et frotte-le bri\u00e8vement. Le d\u00e9odorant est tr\u00e8s \u00e9conomique. Un doigt pour chaque aisselle suffit pour que tu te sentes fra\u00eeche toute la journ\u00e9e. La cr\u00e8me d\u00e9odorante p\u00e9n\u00e8tre rapidement et laisse une agr\u00e9able sensation de s\u00e9cheresse sur ta peau.<\/p>\n<p><strong>CONSEIL D&rsquo;UTILISATION <\/strong>:<br \/>\nUne pointe de doigt par aisselle suffit en principe pour ma\u00eetriser l&rsquo;odeur d\u00e9sagr\u00e9able de la transpiration pendant toute la journ\u00e9e. Bien s\u00fbr, tu peux aussi appliquer la cr\u00e8me d\u00e9odorante une deuxi\u00e8me ou une troisi\u00e8me fois les jours o\u00f9 tu transpires beaucoup.<\/p>\n<p><strong>QU&rsquo;EST-CE QU&rsquo;IL Y A DANS ?<\/strong><br \/>\nPour notre d\u00e9odorant cr\u00e8me, nous utilisons exclusivement des mati\u00e8res premi\u00e8res naturelles, durables et sans danger. Dans la mesure du possible, nous privil\u00e9gions les ingr\u00e9dients locaux. Nous pr\u00e9f\u00e9rons travailler avec de l&rsquo;huile de tournesol suisse, de la cire d&rsquo;abeille ou du calendula plut\u00f4t qu&rsquo;avec de la graisse de coco, du beurre de karit\u00e9 ou de l&rsquo;aloe vera.<\/p>\n<p>\n<strong>QU&rsquo;EST-CE QU&rsquo;IL N&rsquo;Y A PAS DEDANS ?<\/strong><br \/>\nTu ne trouveras pas d&rsquo;aluminium, d&rsquo;alcool, de paraffine, de parab\u00e8nes, de microplastiques ou d&rsquo;huile de palme dans notre cr\u00e8me d\u00e9odorante. Nous renon\u00e7ons compl\u00e8tement aux additifs artificiels. Notre d\u00e9odorant ne contient pas de conservateurs, de parfums ou de colorants artificiels.<\/p>\n<p>\n<strong>INGR\u00c9DIENTS :<\/strong><br \/>\nLa cr\u00e8me d\u00e9odorante contient de l&rsquo;huile de tournesol, du bicarbonate de soude, de la cire d&rsquo;abeille, de la graisse de laine, de l&rsquo;amidon de ma\u00efs, de l&rsquo;oxyde de zinc, de l&rsquo;argile, de l&rsquo;huile de calendula et de l&rsquo;huile essentielle de bergamote.<\/p>\n<p><strong>Contenu de la livraison :<\/strong><\/p>\n<p>1 cr\u00e8me d\u00e9odorante Puralpina \u00e0 la bergamote 15ml<\/p>\n","protected":false},"excerpt":{"rendered":"<p>Une protection fiable contre les odeurs de transpiration d\u00e9sagr\u00e9ables. C&rsquo;est ce que t&rsquo;offre ce d\u00e9odorant 100% naturel. Fabriqu\u00e9e \u00e0 la main avec de nombreux ingr\u00e9dients locaux, cette cr\u00e8me d\u00e9odorante te garde agr\u00e9ablement fra\u00eeche toute la journ\u00e9e et veille \u00e0 ce qu&rsquo;aucune mauvaise odeur corporelle ne se forme. L&rsquo;huile essentielle de bergamote conf\u00e8re \u00e0 ce d\u00e9odorant naturel une note citronn\u00e9e douce mais rafra\u00eechissante.<br \/>\n\u00a0<\/p>\n","protected":false},"featured_media":18418,"template":"","meta":{"inline_featured_image":false,"_uag_custom_page_level_css":"","site-sidebar-layout":"default","site-content-layout":"","ast-site-content-layout":"default","site-content-style":"default","site-sidebar-style":"default","ast-global-header-display":"","ast-banner-title-visibility":"","ast-main-header-display":"","ast-hfb-above-header-display":"","ast-hfb-below-header-display":"","ast-hfb-mobile-header-display":"","site-post-title":"","ast-breadcrumbs-content":"","ast-featured-img":"","footer-sml-layout":"","ast-disable-related-posts":"","theme-transparent-header-meta":"","adv-header-id-meta":"","stick-header-meta":"","header-above-stick-meta":"","header-main-stick-meta":"","header-below-stick-meta":"","astra-migrate-meta-layouts":"default","ast-page-background-enabled":"default","ast-page-background-meta":{"desktop":{"background-color":"","background-image":"","background-repeat":"repeat","background-position":"center center","background-size":"auto","background-attachment":"scroll","background-type":"","background-media":"","overlay-type":"","overlay-color":"","overlay-opacity":"","overlay-gradient":""},"tablet":{"background-color":"","background-image":"","background-repeat":"repeat","background-position":"center center","background-size":"auto","background-attachment":"scroll","background-type":"","background-media":"","overlay-type":"","overlay-color":"","overlay-opacity":"","overlay-gradient":""},"mobile":{"background-color":"","background-image":"","background-repeat":"repeat","background-position":"center center","background-size":"auto","background-attachment":"scroll","background-type":"","background-media":"","overlay-type":"","overlay-color":"","overlay-opacity":"","overlay-gradient":""}},"ast-content-background-meta":{"desktop":{"background-color":"var(--ast-global-color-5)","background-image":"","background-repeat":"repeat","background-position":"center center","background-size":"auto","background-attachment":"scroll","background-type":"","background-media":"","overlay-type":"","overlay-color":"","overlay-opacity":"","overlay-gradient":""},"tablet":{"background-color":"var(--ast-global-color-5)","background-image":"","background-repeat":"repeat","background-position":"center center","background-size":"auto","background-attachment":"scroll","background-type":"","background-media":"","overlay-type":"","overlay-color":"","overlay-opacity":"","overlay-gradient":""},"mobile":{"background-color":"var(--ast-global-color-5)","background-image":"","background-repeat":"repeat","background-position":"center center","background-size":"auto","background-attachment":"scroll","background-type":"","background-media":"","overlay-type":"","overlay-color":"","overlay-opacity":"","overlay-gradient":""}}},"product_brand":[],"product_cat":[3012],"product_tag":[],"class_list":{"0":"post-18420","1":"product","2":"type-product","3":"status-publish","4":"has-post-thumbnail","6":"product_cat-soins-de-sante-fr","7":"desktop-align-center","8":"tablet-align-center","9":"mobile-align-center","10":"ast-product-gallery-layout-horizontal-slider","11":"ast-product-gallery-with-no-image","12":"ast-product-tabs-layout-accordion","14":"first","15":"onbackorder","16":"taxable","17":"shipping-taxable","18":"purchasable","19":"product-type-simple"},"yoast_head":"<!-- This site is optimized with the Yoast SEO plugin v27.5 - https:\/\/yoast.com\/product\/yoast-seo-wordpress\/ -->\n<title>Puralpina d\u00e9odorant cr\u00e8me bergamote 15ml im Onlineshop | Gleichcom AG<\/title>\n<meta name=\"description\" content=\"\u2705 Une protection fiable contre les odeurs de transpiration d\u00e9sagr\u00e9ables. C&#039;est ce que t&#039;offre ce d\u00e9odorant 100% naturel. Fabriqu\u00e9e \u00e0 la main avec de nombreux ingr\u00e9dients locaux, cette cr\u00e8me d\u00e9odorante te garde agr\u00e9ablement fra\u00eeche toute la journ\u00e9e et veille \u00e0 ce qu&#039;aucune mauvaise odeur corporelle ne se forme. L&#039;huile essentielle de bergamote conf\u00e8re \u00e0 ce d\u00e9odorant naturel une note citronn\u00e9e douce mais rafra\u00eechissante. \u00a0\" \/>\n<meta name=\"robots\" content=\"noindex, follow, max-snippet:-1, max-image-preview:large, max-video-preview:-1\" \/>\n<meta property=\"og:locale\" content=\"fr_FR\" \/>\n<meta property=\"og:type\" content=\"article\" \/>\n<meta property=\"og:title\" content=\"Puralpina d\u00e9odorant cr\u00e8me bergamote 15ml im Onlineshop | Gleichcom AG\" \/>\n<meta property=\"og:description\" content=\"\u2705 Une protection fiable contre les odeurs de transpiration d\u00e9sagr\u00e9ables. C&#039;est ce que t&#039;offre ce d\u00e9odorant 100% naturel. Fabriqu\u00e9e \u00e0 la main avec de nombreux ingr\u00e9dients locaux, cette cr\u00e8me d\u00e9odorante te garde agr\u00e9ablement fra\u00eeche toute la journ\u00e9e et veille \u00e0 ce qu&#039;aucune mauvaise odeur corporelle ne se forme. L&#039;huile essentielle de bergamote conf\u00e8re \u00e0 ce d\u00e9odorant naturel une note citronn\u00e9e douce mais rafra\u00eechissante. \u00a0\" \/>\n<meta property=\"og:url\" content=\"https:\/\/www.gleichcom.samuraidev.ch\/fr\/shop\/puralpina-deo-creme-bergamotte-15ml\/\" \/>\n<meta property=\"og:site_name\" content=\"Gleichcom AG\" \/>\n<meta property=\"article:publisher\" content=\"https:\/\/www.facebook.com\/profile.php?id=100068749126981\" \/>\n<meta property=\"og:image\" content=\"https:\/\/www.gleichcom.samuraidev.ch\/wp-content\/uploads\/2023\/09\/Deo_Creme_Bergamotte_puralpina_4189_0.jpg\" \/>\n\t<meta property=\"og:image:width\" content=\"500\" \/>\n\t<meta property=\"og:image:height\" content=\"381\" \/>\n\t<meta property=\"og:image:type\" content=\"image\/jpeg\" \/>\n<meta name=\"twitter:card\" content=\"summary_large_image\" \/>\n<script type=\"application\/ld+json\" class=\"yoast-schema-graph\">{\"@context\":\"https:\\\/\\\/schema.org\",\"@graph\":[{\"@type\":\"WebPage\",\"@id\":\"https:\\\/\\\/www.gleichcom.samuraidev.ch\\\/fr\\\/shop\\\/puralpina-deo-creme-bergamotte-15ml\\\/\",\"url\":\"https:\\\/\\\/www.gleichcom.samuraidev.ch\\\/fr\\\/shop\\\/puralpina-deo-creme-bergamotte-15ml\\\/\",\"name\":\"Puralpina d\u00e9odorant cr\u00e8me bergamote 15ml im Onlineshop | Gleichcom AG\",\"isPartOf\":{\"@id\":\"https:\\\/\\\/www.gleichcom.samuraidev.ch\\\/fr\\\/#website\"},\"primaryImageOfPage\":{\"@id\":\"https:\\\/\\\/www.gleichcom.samuraidev.ch\\\/fr\\\/shop\\\/puralpina-deo-creme-bergamotte-15ml\\\/#primaryimage\"},\"image\":{\"@id\":\"https:\\\/\\\/www.gleichcom.samuraidev.ch\\\/fr\\\/shop\\\/puralpina-deo-creme-bergamotte-15ml\\\/#primaryimage\"},\"thumbnailUrl\":\"https:\\\/\\\/www.gleichcom.samuraidev.ch\\\/wp-content\\\/uploads\\\/2023\\\/09\\\/Deo_Creme_Bergamotte_puralpina_4189_0.jpg\",\"datePublished\":\"2022-02-12T12:35:55+00:00\",\"description\":\"\u2705 Une protection fiable contre les odeurs de transpiration d\u00e9sagr\u00e9ables. C'est ce que t'offre ce d\u00e9odorant 100% naturel. Fabriqu\u00e9e \u00e0 la main avec de nombreux ingr\u00e9dients locaux, cette cr\u00e8me d\u00e9odorante te garde agr\u00e9ablement fra\u00eeche toute la journ\u00e9e et veille \u00e0 ce qu'aucune mauvaise odeur corporelle ne se forme. L'huile essentielle de bergamote conf\u00e8re \u00e0 ce d\u00e9odorant naturel une note citronn\u00e9e douce mais rafra\u00eechissante. \u00a0\",\"breadcrumb\":{\"@id\":\"https:\\\/\\\/www.gleichcom.samuraidev.ch\\\/fr\\\/shop\\\/puralpina-deo-creme-bergamotte-15ml\\\/#breadcrumb\"},\"inLanguage\":\"fr-FR\",\"potentialAction\":[{\"@type\":\"ReadAction\",\"target\":[\"https:\\\/\\\/www.gleichcom.samuraidev.ch\\\/fr\\\/shop\\\/puralpina-deo-creme-bergamotte-15ml\\\/\"]}]},{\"@type\":\"ImageObject\",\"inLanguage\":\"fr-FR\",\"@id\":\"https:\\\/\\\/www.gleichcom.samuraidev.ch\\\/fr\\\/shop\\\/puralpina-deo-creme-bergamotte-15ml\\\/#primaryimage\",\"url\":\"https:\\\/\\\/www.gleichcom.samuraidev.ch\\\/wp-content\\\/uploads\\\/2023\\\/09\\\/Deo_Creme_Bergamotte_puralpina_4189_0.jpg\",\"contentUrl\":\"https:\\\/\\\/www.gleichcom.samuraidev.ch\\\/wp-content\\\/uploads\\\/2023\\\/09\\\/Deo_Creme_Bergamotte_puralpina_4189_0.jpg\",\"width\":500,\"height\":381},{\"@type\":\"BreadcrumbList\",\"@id\":\"https:\\\/\\\/www.gleichcom.samuraidev.ch\\\/fr\\\/shop\\\/puralpina-deo-creme-bergamotte-15ml\\\/#breadcrumb\",\"itemListElement\":[{\"@type\":\"ListItem\",\"position\":1,\"name\":\"Startseite\",\"item\":\"https:\\\/\\\/www.gleichcom.samuraidev.ch\\\/fr\\\/\"},{\"@type\":\"ListItem\",\"position\":2,\"name\":\"Shop\",\"item\":\"https:\\\/\\\/www.gleichcom.samuraidev.ch\\\/fr\\\/shop\\\/\"},{\"@type\":\"ListItem\",\"position\":3,\"name\":\"Puralpina d\u00e9odorant cr\u00e8me bergamote 15ml\"}]},{\"@type\":\"WebSite\",\"@id\":\"https:\\\/\\\/www.gleichcom.samuraidev.ch\\\/fr\\\/#website\",\"url\":\"https:\\\/\\\/www.gleichcom.samuraidev.ch\\\/fr\\\/\",\"name\":\"Gleichcom AG\",\"description\":\"besser h\u00f6ren. besser sehen. besser leben.\",\"publisher\":{\"@id\":\"https:\\\/\\\/www.gleichcom.samuraidev.ch\\\/fr\\\/#organization\"},\"alternateName\":\"Gleichcom\",\"potentialAction\":[{\"@type\":\"SearchAction\",\"target\":{\"@type\":\"EntryPoint\",\"urlTemplate\":\"https:\\\/\\\/www.gleichcom.samuraidev.ch\\\/fr\\\/?s={search_term_string}\"},\"query-input\":{\"@type\":\"PropertyValueSpecification\",\"valueRequired\":true,\"valueName\":\"search_term_string\"}}],\"inLanguage\":\"fr-FR\"},{\"@type\":\"Organization\",\"@id\":\"https:\\\/\\\/www.gleichcom.samuraidev.ch\\\/fr\\\/#organization\",\"name\":\"Gleichcom AG\",\"alternateName\":\"Gleichcom\",\"url\":\"https:\\\/\\\/www.gleichcom.samuraidev.ch\\\/fr\\\/\",\"logo\":{\"@type\":\"ImageObject\",\"inLanguage\":\"fr-FR\",\"@id\":\"https:\\\/\\\/www.gleichcom.samuraidev.ch\\\/fr\\\/#\\\/schema\\\/logo\\\/image\\\/\",\"url\":\"https:\\\/\\\/www.gleichcom.samuraidev.ch\\\/wp-content\\\/uploads\\\/2023\\\/09\\\/gleichcom-ag-logo-quadrat-farbig-mitte@696.png\",\"contentUrl\":\"https:\\\/\\\/www.gleichcom.samuraidev.ch\\\/wp-content\\\/uploads\\\/2023\\\/09\\\/gleichcom-ag-logo-quadrat-farbig-mitte@696.png\",\"width\":437,\"height\":437,\"caption\":\"Gleichcom AG\"},\"image\":{\"@id\":\"https:\\\/\\\/www.gleichcom.samuraidev.ch\\\/fr\\\/#\\\/schema\\\/logo\\\/image\\\/\"},\"sameAs\":[\"https:\\\/\\\/www.facebook.com\\\/profile.php?id=100068749126981\"]}]}<\/script>\n<!-- \/ Yoast SEO plugin. -->","yoast_head_json":{"title":"Puralpina d\u00e9odorant cr\u00e8me bergamote 15ml im Onlineshop | Gleichcom AG","description":"\u2705 Une protection fiable contre les odeurs de transpiration d\u00e9sagr\u00e9ables. C'est ce que t'offre ce d\u00e9odorant 100% naturel. Fabriqu\u00e9e \u00e0 la main avec de nombreux ingr\u00e9dients locaux, cette cr\u00e8me d\u00e9odorante te garde agr\u00e9ablement fra\u00eeche toute la journ\u00e9e et veille \u00e0 ce qu'aucune mauvaise odeur corporelle ne se forme. L'huile essentielle de bergamote conf\u00e8re \u00e0 ce d\u00e9odorant naturel une note citronn\u00e9e douce mais rafra\u00eechissante. \u00a0","robots":{"index":"noindex","follow":"follow","max-snippet":"max-snippet:-1","max-image-preview":"max-image-preview:large","max-video-preview":"max-video-preview:-1"},"og_locale":"fr_FR","og_type":"article","og_title":"Puralpina d\u00e9odorant cr\u00e8me bergamote 15ml im Onlineshop | Gleichcom AG","og_description":"\u2705 Une protection fiable contre les odeurs de transpiration d\u00e9sagr\u00e9ables. C'est ce que t'offre ce d\u00e9odorant 100% naturel. Fabriqu\u00e9e \u00e0 la main avec de nombreux ingr\u00e9dients locaux, cette cr\u00e8me d\u00e9odorante te garde agr\u00e9ablement fra\u00eeche toute la journ\u00e9e et veille \u00e0 ce qu'aucune mauvaise odeur corporelle ne se forme. L'huile essentielle de bergamote conf\u00e8re \u00e0 ce d\u00e9odorant naturel une note citronn\u00e9e douce mais rafra\u00eechissante. \u00a0","og_url":"https:\/\/www.gleichcom.samuraidev.ch\/fr\/shop\/puralpina-deo-creme-bergamotte-15ml\/","og_site_name":"Gleichcom AG","article_publisher":"https:\/\/www.facebook.com\/profile.php?id=100068749126981","og_image":[{"width":500,"height":381,"url":"https:\/\/www.gleichcom.samuraidev.ch\/wp-content\/uploads\/2023\/09\/Deo_Creme_Bergamotte_puralpina_4189_0.jpg","type":"image\/jpeg"}],"twitter_card":"summary_large_image","schema":{"@context":"https:\/\/schema.org","@graph":[{"@type":"WebPage","@id":"https:\/\/www.gleichcom.samuraidev.ch\/fr\/shop\/puralpina-deo-creme-bergamotte-15ml\/","url":"https:\/\/www.gleichcom.samuraidev.ch\/fr\/shop\/puralpina-deo-creme-bergamotte-15ml\/","name":"Puralpina d\u00e9odorant cr\u00e8me bergamote 15ml im Onlineshop | Gleichcom AG","isPartOf":{"@id":"https:\/\/www.gleichcom.samuraidev.ch\/fr\/#website"},"primaryImageOfPage":{"@id":"https:\/\/www.gleichcom.samuraidev.ch\/fr\/shop\/puralpina-deo-creme-bergamotte-15ml\/#primaryimage"},"image":{"@id":"https:\/\/www.gleichcom.samuraidev.ch\/fr\/shop\/puralpina-deo-creme-bergamotte-15ml\/#primaryimage"},"thumbnailUrl":"https:\/\/www.gleichcom.samuraidev.ch\/wp-content\/uploads\/2023\/09\/Deo_Creme_Bergamotte_puralpina_4189_0.jpg","datePublished":"2022-02-12T12:35:55+00:00","description":"\u2705 Une protection fiable contre les odeurs de transpiration d\u00e9sagr\u00e9ables. C'est ce que t'offre ce d\u00e9odorant 100% naturel. Fabriqu\u00e9e \u00e0 la main avec de nombreux ingr\u00e9dients locaux, cette cr\u00e8me d\u00e9odorante te garde agr\u00e9ablement fra\u00eeche toute la journ\u00e9e et veille \u00e0 ce qu'aucune mauvaise odeur corporelle ne se forme. L'huile essentielle de bergamote conf\u00e8re \u00e0 ce d\u00e9odorant naturel une note citronn\u00e9e douce mais rafra\u00eechissante. \u00a0","breadcrumb":{"@id":"https:\/\/www.gleichcom.samuraidev.ch\/fr\/shop\/puralpina-deo-creme-bergamotte-15ml\/#breadcrumb"},"inLanguage":"fr-FR","potentialAction":[{"@type":"ReadAction","target":["https:\/\/www.gleichcom.samuraidev.ch\/fr\/shop\/puralpina-deo-creme-bergamotte-15ml\/"]}]},{"@type":"ImageObject","inLanguage":"fr-FR","@id":"https:\/\/www.gleichcom.samuraidev.ch\/fr\/shop\/puralpina-deo-creme-bergamotte-15ml\/#primaryimage","url":"https:\/\/www.gleichcom.samuraidev.ch\/wp-content\/uploads\/2023\/09\/Deo_Creme_Bergamotte_puralpina_4189_0.jpg","contentUrl":"https:\/\/www.gleichcom.samuraidev.ch\/wp-content\/uploads\/2023\/09\/Deo_Creme_Bergamotte_puralpina_4189_0.jpg","width":500,"height":381},{"@type":"BreadcrumbList","@id":"https:\/\/www.gleichcom.samuraidev.ch\/fr\/shop\/puralpina-deo-creme-bergamotte-15ml\/#breadcrumb","itemListElement":[{"@type":"ListItem","position":1,"name":"Startseite","item":"https:\/\/www.gleichcom.samuraidev.ch\/fr\/"},{"@type":"ListItem","position":2,"name":"Shop","item":"https:\/\/www.gleichcom.samuraidev.ch\/fr\/shop\/"},{"@type":"ListItem","position":3,"name":"Puralpina d\u00e9odorant cr\u00e8me bergamote 15ml"}]},{"@type":"WebSite","@id":"https:\/\/www.gleichcom.samuraidev.ch\/fr\/#website","url":"https:\/\/www.gleichcom.samuraidev.ch\/fr\/","name":"Gleichcom AG","description":"besser h\u00f6ren. besser sehen. besser leben.","publisher":{"@id":"https:\/\/www.gleichcom.samuraidev.ch\/fr\/#organization"},"alternateName":"Gleichcom","potentialAction":[{"@type":"SearchAction","target":{"@type":"EntryPoint","urlTemplate":"https:\/\/www.gleichcom.samuraidev.ch\/fr\/?s={search_term_string}"},"query-input":{"@type":"PropertyValueSpecification","valueRequired":true,"valueName":"search_term_string"}}],"inLanguage":"fr-FR"},{"@type":"Organization","@id":"https:\/\/www.gleichcom.samuraidev.ch\/fr\/#organization","name":"Gleichcom AG","alternateName":"Gleichcom","url":"https:\/\/www.gleichcom.samuraidev.ch\/fr\/","logo":{"@type":"ImageObject","inLanguage":"fr-FR","@id":"https:\/\/www.gleichcom.samuraidev.ch\/fr\/#\/schema\/logo\/image\/","url":"https:\/\/www.gleichcom.samuraidev.ch\/wp-content\/uploads\/2023\/09\/gleichcom-ag-logo-quadrat-farbig-mitte@696.png","contentUrl":"https:\/\/www.gleichcom.samuraidev.ch\/wp-content\/uploads\/2023\/09\/gleichcom-ag-logo-quadrat-farbig-mitte@696.png","width":437,"height":437,"caption":"Gleichcom AG"},"image":{"@id":"https:\/\/www.gleichcom.samuraidev.ch\/fr\/#\/schema\/logo\/image\/"},"sameAs":["https:\/\/www.facebook.com\/profile.php?id=100068749126981"]}]}},"uagb_featured_image_src":{"full":["https:\/\/www.gleichcom.samuraidev.ch\/wp-content\/uploads\/2023\/09\/Deo_Creme_Bergamotte_puralpina_4189_0.jpg",500,381,false],"thumbnail":["https:\/\/www.gleichcom.samuraidev.ch\/wp-content\/uploads\/2023\/09\/Deo_Creme_Bergamotte_puralpina_4189_0.jpg",150,114,false],"medium":["https:\/\/www.gleichcom.samuraidev.ch\/wp-content\/uploads\/2023\/09\/Deo_Creme_Bergamotte_puralpina_4189_0.jpg",300,229,false],"medium_large":["https:\/\/www.gleichcom.samuraidev.ch\/wp-content\/uploads\/2023\/09\/Deo_Creme_Bergamotte_puralpina_4189_0.jpg",500,381,false],"large":["https:\/\/www.gleichcom.samuraidev.ch\/wp-content\/uploads\/2023\/09\/Deo_Creme_Bergamotte_puralpina_4189_0.jpg",500,381,false],"1536x1536":["https:\/\/www.gleichcom.samuraidev.ch\/wp-content\/uploads\/2023\/09\/Deo_Creme_Bergamotte_puralpina_4189_0.jpg",500,381,false],"2048x2048":["https:\/\/www.gleichcom.samuraidev.ch\/wp-content\/uploads\/2023\/09\/Deo_Creme_Bergamotte_puralpina_4189_0.jpg",500,381,false],"woocommerce_thumbnail":["https:\/\/www.gleichcom.samuraidev.ch\/wp-content\/uploads\/2023\/09\/Deo_Creme_Bergamotte_puralpina_4189_0.jpg",300,229,false],"woocommerce_single":["https:\/\/www.gleichcom.samuraidev.ch\/wp-content\/uploads\/2023\/09\/Deo_Creme_Bergamotte_puralpina_4189_0.jpg",500,381,false],"woocommerce_gallery_thumbnail":["https:\/\/www.gleichcom.samuraidev.ch\/wp-content\/uploads\/2023\/09\/Deo_Creme_Bergamotte_puralpina_4189_0-100x100.jpg",100,100,true]},"uagb_author_info":{"display_name":"","author_link":"https:\/\/www.gleichcom.samuraidev.ch\/fr\/author\/"},"uagb_comment_info":0,"uagb_excerpt":"Une protection fiable contre les odeurs de transpiration d\u00e9sagr\u00e9ables. C'est ce que t'offre ce d\u00e9odorant 100% naturel. Fabriqu\u00e9e \u00e0 la main avec de nombreux ingr\u00e9dients locaux, cette cr\u00e8me d\u00e9odorante te garde agr\u00e9ablement fra\u00eeche toute la journ\u00e9e et veille \u00e0 ce qu'aucune mauvaise odeur corporelle ne se forme. L'huile essentielle de bergamote conf\u00e8re \u00e0 ce d\u00e9odorant\u2026","_links":{"self":[{"href":"https:\/\/www.gleichcom.samuraidev.ch\/fr\/wp-json\/wp\/v2\/product\/18420","targetHints":{"allow":["GET"]}}],"collection":[{"href":"https:\/\/www.gleichcom.samuraidev.ch\/fr\/wp-json\/wp\/v2\/product"}],"about":[{"href":"https:\/\/www.gleichcom.samuraidev.ch\/fr\/wp-json\/wp\/v2\/types\/product"}],"wp:featuredmedia":[{"embeddable":true,"href":"https:\/\/www.gleichcom.samuraidev.ch\/fr\/wp-json\/wp\/v2\/media\/18418"}],"wp:attachment":[{"href":"https:\/\/www.gleichcom.samuraidev.ch\/fr\/wp-json\/wp\/v2\/media?parent=18420"}],"wp:term":[{"taxonomy":"product_brand","embeddable":true,"href":"https:\/\/www.gleichcom.samuraidev.ch\/fr\/wp-json\/wp\/v2\/product_brand?post=18420"},{"taxonomy":"product_cat","embeddable":true,"href":"https:\/\/www.gleichcom.samuraidev.ch\/fr\/wp-json\/wp\/v2\/product_cat?post=18420"},{"taxonomy":"product_tag","embeddable":true,"href":"https:\/\/www.gleichcom.samuraidev.ch\/fr\/wp-json\/wp\/v2\/product_tag?post=18420"}],"curies":[{"name":"wp","href":"https:\/\/api.w.org\/{rel}","templated":true}]}}