{"id":18612,"date":"2022-03-06T10:02:03","date_gmt":"2022-03-06T09:02:03","guid":{"rendered":"https:\/\/www.gleichcom.samuraidev.ch\/?product=ci-batterien-power-one-implant-plus-p675-batterie-fuer-hoerimplantat-sparpack-1200-stk"},"modified":"1000-01-01T00:00:00","modified_gmt":"1000-01-01T00:00:00","slug":"ci-batterien-power-one-implant-plus-p675-batterie-fuer-hoerimplantat-sparpack-1200-stk","status":"publish","type":"product","link":"https:\/\/www.gleichcom.samuraidev.ch\/fr\/shop\/ci-batterien-power-one-implant-plus-p675-batterie-fuer-hoerimplantat-sparpack-1200-stk\/","title":{"rendered":"Piles CI Power One IMPLANT plus p675 Pile pour implant auditif Pack promotionnel de 1200 pi\u00e8ces"},"content":{"rendered":"<div class=\"csc-default\" id=\"c4411\">\n<div class=\"csc-header csc-header-n1\">\n<div class=\"csc-firstHeader\">\n\t\t\t\u200b<span style=\"color:#000000;\"><span style=\"font-size: 16px;\"><strong>Piles pour implants cochl\u00e9aires Power One IMPLANT plus p675<\/strong><\/span><\/span><br \/>\n\t\t\t\u00a0<br \/>\n\t\t\t1 bo\u00eete contient 60 piles (10 blisters \u00e0 6 pcs.) Vous recevez 10 bo\u00eetes.<br \/>\n\t\t\tEn r\u00e8gle g\u00e9n\u00e9rale, 5 bo\u00eetes correspondent \u00e0 la ration annuelle pour un implant CI. Pour 2 implants CI, 10 bo\u00eetes repr\u00e9sentent une ration annuelle.<\/p>\n<p>\t\t\t<strong>Attention aux forfaits annuels de l&rsquo;AI\/AVS :<\/strong><br \/>\n\t\t\t-1 c\u00f4t\u00e9 (monaural) = 400 CHF par an.<br \/>\n\t\t\t-2 c\u00f4t\u00e9s (binaural) = 800 CHF par an.<br \/>\n\t\t\t\u00a0<br \/>\n\t\t\tLes piles sans mercure Power One IMPLANT plus 675 HG0% pour appareils auditifs, aussi \u00e9cologiques que possible, r\u00e9pondent aux normes de qualit\u00e9 les plus strictes. Les implants ayant un besoin \u00e9nerg\u00e9tique particuli\u00e8rement \u00e9lev\u00e9, Power One IMPLANT plus est une batterie particuli\u00e8rement r\u00e9sistante qui est parfaitement adapt\u00e9e \u00e0 ces d\u00e9fis.<br \/>\n\t\t\tLes piles Power One IMPLANT plus MERCURY-FREE sont fabriqu\u00e9es dans la nouvelle et la plus grande et la plus moderne installation de production au monde de piles pour proth\u00e8ses auditives \u00ab\u00a0Made in Germany\u00a0\u00bb et repr\u00e9sentent pour vous une \u00e9nergie d&rsquo;aide auditive aux performances et \u00e0 la long\u00e9vit\u00e9 sup\u00e9rieures &#8211; bien s\u00fbr avec la haute tension stable brevet\u00e9e du Power One.<br \/>\n\t\t\t\u00a0<br \/>\n\t\t\t<strong>En un coup d&rsquo;\u0153il:<\/strong><\/p>\n<ul>\n<li>Power One est le leader du march\u00e9 et de la technologie des batteries pour implants cochl\u00e9aires. Nos cellules sont les seuls produits recommand\u00e9s par le leader du march\u00e9 Cochlear\u00ae.<\/li>\n<li>Les piles pour proth\u00e8ses auditives permettent aux proth\u00e8ses auditives et aux implants d&rsquo;offrir une qualit\u00e9 sonore brillante.<\/li>\n<li>Ils sont connus pour leurs performances tr\u00e8s stables et leur longue dur\u00e9e de vie.<\/li>\n<li>Sans mercure<\/li>\n<\/ul>\n<p>\t\t\t\u00a0<br \/>\n\t\t\t<strong>Sp\u00e9cifications des piles pour appareils auditifs Power One IMPLANT plus 675:<\/strong><\/p>\n<ul>\n<li>Code couleur : bleu<\/li>\n<li>Code CEI : PR44\/PR1154<\/li>\n<li>Taille : 675<\/li>\n<li>Technologie : zinc chimique air<\/li>\n<li>Tension : 1,45 Volt<\/li>\n<li>Puissance : 540 mAh<\/li>\n<li>Hauteur : 5,4 mm<\/li>\n<li>Diam\u00e8tre : 11,6 mm<\/li>\n<li>Poids : 1,85 gramme<\/li>\n<\/ul>\n<p>\t\t\t<strong>Pourquoi la technologie Zinc Air dans les piles d&rsquo;appareils auditifs pour implants cochl\u00e9aires?<\/strong><br \/>\n\t\t\t<strong>Les piles zinc-air pour proth\u00e8ses auditives pour implants cochl\u00e9aires\u00a0<\/strong>ont une densit\u00e9 \u00e9nerg\u00e9tique particuli\u00e8rement \u00e9lev\u00e9e et offrent une courbe de d\u00e9charge approximativement horizontale. Ils constituent donc la source d&rsquo;alimentation optimale, en particulier pour les appareils auditifs. Les trous d&rsquo;a\u00e9ration de la batterie sont d&rsquo;abord recouverts d&rsquo;un film protecteur. De cette fa\u00e7on, il est maintenu dans un \u00a0\u00bb \u00e9tat de repos \u00a0\u00bb jusqu&rsquo;\u00e0 ce qu&rsquo;il soit n\u00e9cessaire. L&rsquo;autod\u00e9charge induite par le syst\u00e8me des batteries zinc-air avec film de protection adh\u00e9sif n&rsquo;est que d&rsquo;environ 3 % par an. La feuille d&rsquo;aluminium est retir\u00e9e lorsqu&rsquo;elle est ins\u00e9r\u00e9e dans l&rsquo;aide auditive. Apr\u00e8s quelques secondes de\u00a0<strong>temps d&rsquo;activation (nous vous recommandons d&rsquo;attendre au moins 1 \u00e0 2 minutes avant d&rsquo;ins\u00e9rer la pile dans l&rsquo;aide auditive)<\/strong>, la pile commence \u00e0 se d\u00e9charger. Lorsqu&rsquo;elles sont activ\u00e9es (film de protection enlev\u00e9), les piles zinc-air ont une capacit\u00e9 de stockage limit\u00e9e et doivent \u00eatre utilis\u00e9es d\u00e8s que possible.\n\t\t<\/div>\n<\/p><\/div>\n<\/div>\n","protected":false},"excerpt":{"rendered":"<p>Batterie extra puissante pour les implants cochl\u00e9aires !<br \/>\nEn pack \u00e9conomique de 1200 pi\u00e8ces.<br \/>\nEst deux ration annuelle de 2 implants auditifs<\/p>\n","protected":false},"featured_media":18598,"template":"","meta":{"inline_featured_image":false,"_uag_custom_page_level_css":"","site-sidebar-layout":"default","site-content-layout":"","ast-site-content-layout":"default","site-content-style":"default","site-sidebar-style":"default","ast-global-header-display":"","ast-banner-title-visibility":"","ast-main-header-display":"","ast-hfb-above-header-display":"","ast-hfb-below-header-display":"","ast-hfb-mobile-header-display":"","site-post-title":"","ast-breadcrumbs-content":"","ast-featured-img":"","footer-sml-layout":"","ast-disable-related-posts":"","theme-transparent-header-meta":"","adv-header-id-meta":"","stick-header-meta":"","header-above-stick-meta":"","header-main-stick-meta":"","header-below-stick-meta":"","astra-migrate-meta-layouts":"default","ast-page-background-enabled":"default","ast-page-background-meta":{"desktop":{"background-color":"","background-image":"","background-repeat":"repeat","background-position":"center center","background-size":"auto","background-attachment":"scroll","background-type":"","background-media":"","overlay-type":"","overlay-color":"","overlay-opacity":"","overlay-gradient":""},"tablet":{"background-color":"","background-image":"","background-repeat":"repeat","background-position":"center center","background-size":"auto","background-attachment":"scroll","background-type":"","background-media":"","overlay-type":"","overlay-color":"","overlay-opacity":"","overlay-gradient":""},"mobile":{"background-color":"","background-image":"","background-repeat":"repeat","background-position":"center center","background-size":"auto","background-attachment":"scroll","background-type":"","background-media":"","overlay-type":"","overlay-color":"","overlay-opacity":"","overlay-gradient":""}},"ast-content-background-meta":{"desktop":{"background-color":"var(--ast-global-color-5)","background-image":"","background-repeat":"repeat","background-position":"center center","background-size":"auto","background-attachment":"scroll","background-type":"","background-media":"","overlay-type":"","overlay-color":"","overlay-opacity":"","overlay-gradient":""},"tablet":{"background-color":"var(--ast-global-color-5)","background-image":"","background-repeat":"repeat","background-position":"center center","background-size":"auto","background-attachment":"scroll","background-type":"","background-media":"","overlay-type":"","overlay-color":"","overlay-opacity":"","overlay-gradient":""},"mobile":{"background-color":"var(--ast-global-color-5)","background-image":"","background-repeat":"repeat","background-position":"center center","background-size":"auto","background-attachment":"scroll","background-type":"","background-media":"","overlay-type":"","overlay-color":"","overlay-opacity":"","overlay-gradient":""}}},"product_brand":[],"product_cat":[2890],"product_tag":[],"class_list":{"0":"post-18612","1":"product","2":"type-product","3":"status-publish","4":"has-post-thumbnail","6":"product_cat-piles-pour-appareils-auditifs-nr-675-implant-ci","7":"desktop-align-center","8":"tablet-align-center","9":"mobile-align-center","10":"ast-product-gallery-layout-horizontal-slider","11":"ast-product-tabs-layout-accordion","13":"first","14":"instock","15":"taxable","16":"shipping-taxable","17":"purchasable","18":"product-type-simple"},"yoast_head":"<!-- This site is optimized with the Yoast SEO plugin v27.5 - https:\/\/yoast.com\/product\/yoast-seo-wordpress\/ -->\n<title>Piles CI Power One IMPLANT plus p675 Pile pour implant auditif Pack promotionnel de 1200 pi\u00e8ces im Onlineshop | Gleichcom AG<\/title>\n<meta name=\"description\" content=\"\u2705 Batterie extra puissante pour les implants cochl\u00e9aires ! En pack \u00e9conomique de 1200 pi\u00e8ces. Est deux ration annuelle de 2 implants auditifs\" \/>\n<meta name=\"robots\" content=\"noindex, follow, max-snippet:-1, max-image-preview:large, max-video-preview:-1\" \/>\n<meta property=\"og:locale\" content=\"fr_FR\" \/>\n<meta property=\"og:type\" content=\"article\" \/>\n<meta property=\"og:title\" content=\"Piles CI Power One IMPLANT plus p675 Pile pour implant auditif Pack promotionnel de 1200 pi\u00e8ces im Onlineshop | Gleichcom AG\" \/>\n<meta property=\"og:description\" content=\"\u2705 Batterie extra puissante pour les implants cochl\u00e9aires ! En pack \u00e9conomique de 1200 pi\u00e8ces. Est deux ration annuelle de 2 implants auditifs\" \/>\n<meta property=\"og:url\" content=\"https:\/\/www.gleichcom.samuraidev.ch\/fr\/shop\/ci-batterien-power-one-implant-plus-p675-batterie-fuer-hoerimplantat-sparpack-1200-stk\/\" \/>\n<meta property=\"og:site_name\" content=\"Gleichcom AG\" \/>\n<meta property=\"article:publisher\" content=\"https:\/\/www.facebook.com\/profile.php?id=100068749126981\" \/>\n<meta property=\"og:image\" content=\"https:\/\/www.gleichcom.samuraidev.ch\/wp-content\/uploads\/2023\/09\/PowerOneImplant_4229_0.png\" \/>\n\t<meta property=\"og:image:width\" content=\"312\" \/>\n\t<meta property=\"og:image:height\" content=\"500\" \/>\n\t<meta property=\"og:image:type\" content=\"image\/png\" \/>\n<meta name=\"twitter:card\" content=\"summary_large_image\" \/>\n<script type=\"application\/ld+json\" class=\"yoast-schema-graph\">{\"@context\":\"https:\\\/\\\/schema.org\",\"@graph\":[{\"@type\":\"WebPage\",\"@id\":\"https:\\\/\\\/www.gleichcom.samuraidev.ch\\\/fr\\\/shop\\\/ci-batterien-power-one-implant-plus-p675-batterie-fuer-hoerimplantat-sparpack-1200-stk\\\/\",\"url\":\"https:\\\/\\\/www.gleichcom.samuraidev.ch\\\/fr\\\/shop\\\/ci-batterien-power-one-implant-plus-p675-batterie-fuer-hoerimplantat-sparpack-1200-stk\\\/\",\"name\":\"Piles CI Power One IMPLANT plus p675 Pile pour implant auditif Pack promotionnel de 1200 pi\u00e8ces im Onlineshop | Gleichcom AG\",\"isPartOf\":{\"@id\":\"https:\\\/\\\/www.gleichcom.samuraidev.ch\\\/fr\\\/#website\"},\"primaryImageOfPage\":{\"@id\":\"https:\\\/\\\/www.gleichcom.samuraidev.ch\\\/fr\\\/shop\\\/ci-batterien-power-one-implant-plus-p675-batterie-fuer-hoerimplantat-sparpack-1200-stk\\\/#primaryimage\"},\"image\":{\"@id\":\"https:\\\/\\\/www.gleichcom.samuraidev.ch\\\/fr\\\/shop\\\/ci-batterien-power-one-implant-plus-p675-batterie-fuer-hoerimplantat-sparpack-1200-stk\\\/#primaryimage\"},\"thumbnailUrl\":\"https:\\\/\\\/www.gleichcom.samuraidev.ch\\\/wp-content\\\/uploads\\\/2023\\\/09\\\/PowerOneImplant_4229_0.png\",\"datePublished\":\"2022-03-06T09:02:03+00:00\",\"description\":\"\u2705 Batterie extra puissante pour les implants cochl\u00e9aires ! En pack \u00e9conomique de 1200 pi\u00e8ces. Est deux ration annuelle de 2 implants auditifs\",\"breadcrumb\":{\"@id\":\"https:\\\/\\\/www.gleichcom.samuraidev.ch\\\/fr\\\/shop\\\/ci-batterien-power-one-implant-plus-p675-batterie-fuer-hoerimplantat-sparpack-1200-stk\\\/#breadcrumb\"},\"inLanguage\":\"fr-FR\",\"potentialAction\":[{\"@type\":\"ReadAction\",\"target\":[\"https:\\\/\\\/www.gleichcom.samuraidev.ch\\\/fr\\\/shop\\\/ci-batterien-power-one-implant-plus-p675-batterie-fuer-hoerimplantat-sparpack-1200-stk\\\/\"]}]},{\"@type\":\"ImageObject\",\"inLanguage\":\"fr-FR\",\"@id\":\"https:\\\/\\\/www.gleichcom.samuraidev.ch\\\/fr\\\/shop\\\/ci-batterien-power-one-implant-plus-p675-batterie-fuer-hoerimplantat-sparpack-1200-stk\\\/#primaryimage\",\"url\":\"https:\\\/\\\/www.gleichcom.samuraidev.ch\\\/wp-content\\\/uploads\\\/2023\\\/09\\\/PowerOneImplant_4229_0.png\",\"contentUrl\":\"https:\\\/\\\/www.gleichcom.samuraidev.ch\\\/wp-content\\\/uploads\\\/2023\\\/09\\\/PowerOneImplant_4229_0.png\",\"width\":312,\"height\":500},{\"@type\":\"BreadcrumbList\",\"@id\":\"https:\\\/\\\/www.gleichcom.samuraidev.ch\\\/fr\\\/shop\\\/ci-batterien-power-one-implant-plus-p675-batterie-fuer-hoerimplantat-sparpack-1200-stk\\\/#breadcrumb\",\"itemListElement\":[{\"@type\":\"ListItem\",\"position\":1,\"name\":\"Startseite\",\"item\":\"https:\\\/\\\/www.gleichcom.samuraidev.ch\\\/fr\\\/\"},{\"@type\":\"ListItem\",\"position\":2,\"name\":\"Shop\",\"item\":\"https:\\\/\\\/www.gleichcom.samuraidev.ch\\\/fr\\\/shop\\\/\"},{\"@type\":\"ListItem\",\"position\":3,\"name\":\"Piles CI Power One IMPLANT plus p675 Pile pour implant auditif Pack promotionnel de 1200 pi\u00e8ces\"}]},{\"@type\":\"WebSite\",\"@id\":\"https:\\\/\\\/www.gleichcom.samuraidev.ch\\\/fr\\\/#website\",\"url\":\"https:\\\/\\\/www.gleichcom.samuraidev.ch\\\/fr\\\/\",\"name\":\"Gleichcom AG\",\"description\":\"besser h\u00f6ren. besser sehen. besser leben.\",\"publisher\":{\"@id\":\"https:\\\/\\\/www.gleichcom.samuraidev.ch\\\/fr\\\/#organization\"},\"alternateName\":\"Gleichcom\",\"potentialAction\":[{\"@type\":\"SearchAction\",\"target\":{\"@type\":\"EntryPoint\",\"urlTemplate\":\"https:\\\/\\\/www.gleichcom.samuraidev.ch\\\/fr\\\/?s={search_term_string}\"},\"query-input\":{\"@type\":\"PropertyValueSpecification\",\"valueRequired\":true,\"valueName\":\"search_term_string\"}}],\"inLanguage\":\"fr-FR\"},{\"@type\":\"Organization\",\"@id\":\"https:\\\/\\\/www.gleichcom.samuraidev.ch\\\/fr\\\/#organization\",\"name\":\"Gleichcom AG\",\"alternateName\":\"Gleichcom\",\"url\":\"https:\\\/\\\/www.gleichcom.samuraidev.ch\\\/fr\\\/\",\"logo\":{\"@type\":\"ImageObject\",\"inLanguage\":\"fr-FR\",\"@id\":\"https:\\\/\\\/www.gleichcom.samuraidev.ch\\\/fr\\\/#\\\/schema\\\/logo\\\/image\\\/\",\"url\":\"https:\\\/\\\/www.gleichcom.samuraidev.ch\\\/wp-content\\\/uploads\\\/2023\\\/09\\\/gleichcom-ag-logo-quadrat-farbig-mitte@696.png\",\"contentUrl\":\"https:\\\/\\\/www.gleichcom.samuraidev.ch\\\/wp-content\\\/uploads\\\/2023\\\/09\\\/gleichcom-ag-logo-quadrat-farbig-mitte@696.png\",\"width\":437,\"height\":437,\"caption\":\"Gleichcom AG\"},\"image\":{\"@id\":\"https:\\\/\\\/www.gleichcom.samuraidev.ch\\\/fr\\\/#\\\/schema\\\/logo\\\/image\\\/\"},\"sameAs\":[\"https:\\\/\\\/www.facebook.com\\\/profile.php?id=100068749126981\"]}]}<\/script>\n<!-- \/ Yoast SEO plugin. -->","yoast_head_json":{"title":"Piles CI Power One IMPLANT plus p675 Pile pour implant auditif Pack promotionnel de 1200 pi\u00e8ces im Onlineshop | Gleichcom AG","description":"\u2705 Batterie extra puissante pour les implants cochl\u00e9aires ! En pack \u00e9conomique de 1200 pi\u00e8ces. Est deux ration annuelle de 2 implants auditifs","robots":{"index":"noindex","follow":"follow","max-snippet":"max-snippet:-1","max-image-preview":"max-image-preview:large","max-video-preview":"max-video-preview:-1"},"og_locale":"fr_FR","og_type":"article","og_title":"Piles CI Power One IMPLANT plus p675 Pile pour implant auditif Pack promotionnel de 1200 pi\u00e8ces im Onlineshop | Gleichcom AG","og_description":"\u2705 Batterie extra puissante pour les implants cochl\u00e9aires ! En pack \u00e9conomique de 1200 pi\u00e8ces. Est deux ration annuelle de 2 implants auditifs","og_url":"https:\/\/www.gleichcom.samuraidev.ch\/fr\/shop\/ci-batterien-power-one-implant-plus-p675-batterie-fuer-hoerimplantat-sparpack-1200-stk\/","og_site_name":"Gleichcom AG","article_publisher":"https:\/\/www.facebook.com\/profile.php?id=100068749126981","og_image":[{"width":312,"height":500,"url":"https:\/\/www.gleichcom.samuraidev.ch\/wp-content\/uploads\/2023\/09\/PowerOneImplant_4229_0.png","type":"image\/png"}],"twitter_card":"summary_large_image","schema":{"@context":"https:\/\/schema.org","@graph":[{"@type":"WebPage","@id":"https:\/\/www.gleichcom.samuraidev.ch\/fr\/shop\/ci-batterien-power-one-implant-plus-p675-batterie-fuer-hoerimplantat-sparpack-1200-stk\/","url":"https:\/\/www.gleichcom.samuraidev.ch\/fr\/shop\/ci-batterien-power-one-implant-plus-p675-batterie-fuer-hoerimplantat-sparpack-1200-stk\/","name":"Piles CI Power One IMPLANT plus p675 Pile pour implant auditif Pack promotionnel de 1200 pi\u00e8ces im Onlineshop | Gleichcom AG","isPartOf":{"@id":"https:\/\/www.gleichcom.samuraidev.ch\/fr\/#website"},"primaryImageOfPage":{"@id":"https:\/\/www.gleichcom.samuraidev.ch\/fr\/shop\/ci-batterien-power-one-implant-plus-p675-batterie-fuer-hoerimplantat-sparpack-1200-stk\/#primaryimage"},"image":{"@id":"https:\/\/www.gleichcom.samuraidev.ch\/fr\/shop\/ci-batterien-power-one-implant-plus-p675-batterie-fuer-hoerimplantat-sparpack-1200-stk\/#primaryimage"},"thumbnailUrl":"https:\/\/www.gleichcom.samuraidev.ch\/wp-content\/uploads\/2023\/09\/PowerOneImplant_4229_0.png","datePublished":"2022-03-06T09:02:03+00:00","description":"\u2705 Batterie extra puissante pour les implants cochl\u00e9aires ! En pack \u00e9conomique de 1200 pi\u00e8ces. Est deux ration annuelle de 2 implants auditifs","breadcrumb":{"@id":"https:\/\/www.gleichcom.samuraidev.ch\/fr\/shop\/ci-batterien-power-one-implant-plus-p675-batterie-fuer-hoerimplantat-sparpack-1200-stk\/#breadcrumb"},"inLanguage":"fr-FR","potentialAction":[{"@type":"ReadAction","target":["https:\/\/www.gleichcom.samuraidev.ch\/fr\/shop\/ci-batterien-power-one-implant-plus-p675-batterie-fuer-hoerimplantat-sparpack-1200-stk\/"]}]},{"@type":"ImageObject","inLanguage":"fr-FR","@id":"https:\/\/www.gleichcom.samuraidev.ch\/fr\/shop\/ci-batterien-power-one-implant-plus-p675-batterie-fuer-hoerimplantat-sparpack-1200-stk\/#primaryimage","url":"https:\/\/www.gleichcom.samuraidev.ch\/wp-content\/uploads\/2023\/09\/PowerOneImplant_4229_0.png","contentUrl":"https:\/\/www.gleichcom.samuraidev.ch\/wp-content\/uploads\/2023\/09\/PowerOneImplant_4229_0.png","width":312,"height":500},{"@type":"BreadcrumbList","@id":"https:\/\/www.gleichcom.samuraidev.ch\/fr\/shop\/ci-batterien-power-one-implant-plus-p675-batterie-fuer-hoerimplantat-sparpack-1200-stk\/#breadcrumb","itemListElement":[{"@type":"ListItem","position":1,"name":"Startseite","item":"https:\/\/www.gleichcom.samuraidev.ch\/fr\/"},{"@type":"ListItem","position":2,"name":"Shop","item":"https:\/\/www.gleichcom.samuraidev.ch\/fr\/shop\/"},{"@type":"ListItem","position":3,"name":"Piles CI Power One IMPLANT plus p675 Pile pour implant auditif Pack promotionnel de 1200 pi\u00e8ces"}]},{"@type":"WebSite","@id":"https:\/\/www.gleichcom.samuraidev.ch\/fr\/#website","url":"https:\/\/www.gleichcom.samuraidev.ch\/fr\/","name":"Gleichcom AG","description":"besser h\u00f6ren. besser sehen. besser leben.","publisher":{"@id":"https:\/\/www.gleichcom.samuraidev.ch\/fr\/#organization"},"alternateName":"Gleichcom","potentialAction":[{"@type":"SearchAction","target":{"@type":"EntryPoint","urlTemplate":"https:\/\/www.gleichcom.samuraidev.ch\/fr\/?s={search_term_string}"},"query-input":{"@type":"PropertyValueSpecification","valueRequired":true,"valueName":"search_term_string"}}],"inLanguage":"fr-FR"},{"@type":"Organization","@id":"https:\/\/www.gleichcom.samuraidev.ch\/fr\/#organization","name":"Gleichcom AG","alternateName":"Gleichcom","url":"https:\/\/www.gleichcom.samuraidev.ch\/fr\/","logo":{"@type":"ImageObject","inLanguage":"fr-FR","@id":"https:\/\/www.gleichcom.samuraidev.ch\/fr\/#\/schema\/logo\/image\/","url":"https:\/\/www.gleichcom.samuraidev.ch\/wp-content\/uploads\/2023\/09\/gleichcom-ag-logo-quadrat-farbig-mitte@696.png","contentUrl":"https:\/\/www.gleichcom.samuraidev.ch\/wp-content\/uploads\/2023\/09\/gleichcom-ag-logo-quadrat-farbig-mitte@696.png","width":437,"height":437,"caption":"Gleichcom AG"},"image":{"@id":"https:\/\/www.gleichcom.samuraidev.ch\/fr\/#\/schema\/logo\/image\/"},"sameAs":["https:\/\/www.facebook.com\/profile.php?id=100068749126981"]}]}},"uagb_featured_image_src":{"full":["https:\/\/www.gleichcom.samuraidev.ch\/wp-content\/uploads\/2023\/09\/PowerOneImplant_4229_0.png",312,500,false],"thumbnail":["https:\/\/www.gleichcom.samuraidev.ch\/wp-content\/uploads\/2023\/09\/PowerOneImplant_4229_0.png",94,150,false],"medium":["https:\/\/www.gleichcom.samuraidev.ch\/wp-content\/uploads\/2023\/09\/PowerOneImplant_4229_0.png",187,300,false],"medium_large":["https:\/\/www.gleichcom.samuraidev.ch\/wp-content\/uploads\/2023\/09\/PowerOneImplant_4229_0.png",312,500,false],"large":["https:\/\/www.gleichcom.samuraidev.ch\/wp-content\/uploads\/2023\/09\/PowerOneImplant_4229_0.png",312,500,false],"1536x1536":["https:\/\/www.gleichcom.samuraidev.ch\/wp-content\/uploads\/2023\/09\/PowerOneImplant_4229_0.png",312,500,false],"2048x2048":["https:\/\/www.gleichcom.samuraidev.ch\/wp-content\/uploads\/2023\/09\/PowerOneImplant_4229_0.png",312,500,false],"woocommerce_thumbnail":["https:\/\/www.gleichcom.samuraidev.ch\/wp-content\/uploads\/2023\/09\/PowerOneImplant_4229_0.png",300,481,false],"woocommerce_single":["https:\/\/www.gleichcom.samuraidev.ch\/wp-content\/uploads\/2023\/09\/PowerOneImplant_4229_0.png",312,500,false],"woocommerce_gallery_thumbnail":["https:\/\/www.gleichcom.samuraidev.ch\/wp-content\/uploads\/2023\/09\/PowerOneImplant_4229_0-100x100.png",100,100,true]},"uagb_author_info":{"display_name":"","author_link":"https:\/\/www.gleichcom.samuraidev.ch\/fr\/author\/"},"uagb_comment_info":0,"uagb_excerpt":"Batterie extra puissante pour les implants cochl\u00e9aires ! En pack \u00e9conomique de 1200 pi\u00e8ces. Est deux ration annuelle de 2 implants auditifs","_links":{"self":[{"href":"https:\/\/www.gleichcom.samuraidev.ch\/fr\/wp-json\/wp\/v2\/product\/18612","targetHints":{"allow":["GET"]}}],"collection":[{"href":"https:\/\/www.gleichcom.samuraidev.ch\/fr\/wp-json\/wp\/v2\/product"}],"about":[{"href":"https:\/\/www.gleichcom.samuraidev.ch\/fr\/wp-json\/wp\/v2\/types\/product"}],"wp:featuredmedia":[{"embeddable":true,"href":"https:\/\/www.gleichcom.samuraidev.ch\/fr\/wp-json\/wp\/v2\/media\/18598"}],"wp:attachment":[{"href":"https:\/\/www.gleichcom.samuraidev.ch\/fr\/wp-json\/wp\/v2\/media?parent=18612"}],"wp:term":[{"taxonomy":"product_brand","embeddable":true,"href":"https:\/\/www.gleichcom.samuraidev.ch\/fr\/wp-json\/wp\/v2\/product_brand?post=18612"},{"taxonomy":"product_cat","embeddable":true,"href":"https:\/\/www.gleichcom.samuraidev.ch\/fr\/wp-json\/wp\/v2\/product_cat?post=18612"},{"taxonomy":"product_tag","embeddable":true,"href":"https:\/\/www.gleichcom.samuraidev.ch\/fr\/wp-json\/wp\/v2\/product_tag?post=18612"}],"curies":[{"name":"wp","href":"https:\/\/api.w.org\/{rel}","templated":true}]}}