{"id":19307,"date":"2022-09-14T11:23:47","date_gmt":"2022-09-14T11:23:47","guid":{"rendered":"https:\/\/www.gleichcom.samuraidev.ch\/?product=ultraschallgeraet-mit-timerfunktion"},"modified":"2023-12-06T18:13:18","modified_gmt":"2023-12-06T17:13:18","slug":"ultraschallgeraet-mit-timerfunktion-jp-980","status":"publish","type":"product","link":"https:\/\/www.gleichcom.samuraidev.ch\/fr\/shop\/ultraschallgeraet-mit-timerfunktion-jp-980\/","title":{"rendered":"Ultraschallger\u00e4t mit Timerfunktion JP-980"},"content":{"rendered":"<div>\n\t<span style=\"color:#000000;\"><span style=\"font-size:16px;\"><strong>Ultraschallger\u00e4t mit Timerfunktion JP-980<\/strong><\/span><br \/>\n\t\u00a0<br \/>\n\t<strong>Sehr gr\u00fcndliche Reinigung<\/strong>\u00a0\u00a0<br \/>\n\tOptimal f\u00fcr die Reinigung von Ohrst\u00fccken\u00a0und Schl\u00e4uchen Ihres HdO-H\u00f6rger\u00e4ts geeignet!\u00a0<br \/>\n\tDie hineingelegten Gegenst\u00e4nde werden mittels Ultraschallwellen bis zu 42.000 Hz sehr gr\u00fcndlich und schonend gereinigt. Die Dauer der Reinigung wird mithilfe\u00a0des 3-Minuten-Timers festgelegt.\u00a0<br \/>\n\t\u00a0<br \/>\n\t<strong>Reinigung nur mit Hilfe von klarem Wasser<\/strong><br \/>\n\tDieses Ger\u00e4t reinigt die\u00a0Otoplastik und den\u00a0Schallschlauch\u00a0Ihres H\u00f6rger\u00e4ts nur mit Hilfe von klarem Wasser. Ohne den Zusatz von Reinigungsmitteln sind die gereinigten Gegenst\u00e4nde\u00a0absolut hautvertr\u00e4glich. Geben Sie klares Wasser\u00a0in den Ultraschallreiniger, dann legen Sie dann das Ohrst\u00fcck und die Schl\u00e4uche in das Ger\u00e4t, stellen den 3-Minuten-Timer ein und schon kann die Reinigung beginnen.\u00a0Das Ger\u00e4t ist auch f\u00fcr Schmuckst\u00fccke, Brillen, Kontaktlinsen-Zubeh\u00f6r, Uhrenb\u00e4nder aus Metall und M\u00fcnzen geeignet!<br \/>\n\t\u00a0<br \/>\n\t<strong>Auf einen Blick<\/strong><\/span>\n<\/div>\n<ul>\n<li>\n<div>\n\t\t<span style=\"color:#000000;\">Ultraschallger\u00e4t mit diversen Timerfunktionen<\/span>\n\t<\/div>\n<\/li>\n<li>\n<div>\n\t\t<span style=\"color:#000000;\">Abmessungen: 20,6 x 15,2 x 13,2 mm<\/span>\n\t<\/div>\n<\/li>\n<li>\n<div>\n\t\t<span style=\"color:#000000;\">Masse Korb innen: B 9,5 x L 15 x H 5,5 cm<\/span>\n\t<\/div>\n<\/li>\n<li>\n<div>\n\t\t<span style=\"color:#000000;\">Tankinhalt: 600 ml<\/span>\n\t<\/div>\n<\/li>\n<li>\n<div>\n\t\t<span style=\"color:#000000;\">Reinigungsfrequenz: 42 kHz<\/span>\n\t<\/div>\n<\/li>\n<li>\n<div>\n\t\t<span style=\"color:#000000;\">Reinigt gr\u00fcndlich ganz ohne Reinigungsmittel<\/span>\n\t<\/div>\n<\/li>\n<li>\n<div>\n\t\t<span style=\"color:#000000;\">Leistungsaufnahme: 35 Watt<\/span>\n\t<\/div>\n<\/li>\n<\/ul>\n<div>\n\t<span style=\"color:#000000;\">\u00a0<br \/>\n\t<strong>Lieferumfang<\/strong><\/span>\n<\/div>\n<ul>\n<li>\n<div>\n\t\t<span style=\"color:#000000;\">1x Ultraschallger\u00e4t<\/span>\n\t<\/div>\n<\/li>\n<li>\n<div>\n\t\t<span style=\"color:#000000;\">1x Korb<\/span>\n\t<\/div>\n<\/li>\n<li>\n<div>\n\t\t<span style=\"color:#000000;\">1x Ausf\u00fchrliche Gebrauchsanleitung<\/span>\n\t<\/div>\n<\/li>\n<\/ul>\n<div>\n\t<span style=\"color:#000000;\">\u00a0<\/span><br \/>\n\t<a href=\"images\/JP890_Bedienungsanleitung_DE.pdf\" target=\"_blank\" rel=\"noopener\"><span style=\"color:#0000FF;\"><span style=\"font-size:14px;\"><strong>Gebrauchsanleitung<\/strong><\/span><\/span><\/a>\n<\/div>\n","protected":false},"excerpt":{"rendered":"<p>\tIdeal f\u00fcr die effiziente Reinigung von Schmuck, Zahnprothesen, Brillenteilen, Rasierk\u00f6pfe, Zahnersatz und vieles mehr!<\/p>\n","protected":false},"featured_media":19308,"template":"","meta":{"inline_featured_image":false,"_uag_custom_page_level_css":"","site-sidebar-layout":"default","site-content-layout":"","ast-site-content-layout":"default","site-content-style":"default","site-sidebar-style":"default","ast-global-header-display":"","ast-banner-title-visibility":"","ast-main-header-display":"","ast-hfb-above-header-display":"","ast-hfb-below-header-display":"","ast-hfb-mobile-header-display":"","site-post-title":"","ast-breadcrumbs-content":"","ast-featured-img":"","footer-sml-layout":"","ast-disable-related-posts":"","theme-transparent-header-meta":"","adv-header-id-meta":"","stick-header-meta":"","header-above-stick-meta":"","header-main-stick-meta":"","header-below-stick-meta":"","astra-migrate-meta-layouts":"default","ast-page-background-enabled":"default","ast-page-background-meta":{"desktop":{"background-color":"","background-image":"","background-repeat":"repeat","background-position":"center center","background-size":"auto","background-attachment":"scroll","background-type":"","background-media":"","overlay-type":"","overlay-color":"","overlay-opacity":"","overlay-gradient":""},"tablet":{"background-color":"","background-image":"","background-repeat":"repeat","background-position":"center center","background-size":"auto","background-attachment":"scroll","background-type":"","background-media":"","overlay-type":"","overlay-color":"","overlay-opacity":"","overlay-gradient":""},"mobile":{"background-color":"","background-image":"","background-repeat":"repeat","background-position":"center center","background-size":"auto","background-attachment":"scroll","background-type":"","background-media":"","overlay-type":"","overlay-color":"","overlay-opacity":"","overlay-gradient":""}},"ast-content-background-meta":{"desktop":{"background-color":"var(--ast-global-color-5)","background-image":"","background-repeat":"repeat","background-position":"center center","background-size":"auto","background-attachment":"scroll","background-type":"","background-media":"","overlay-type":"","overlay-color":"","overlay-opacity":"","overlay-gradient":""},"tablet":{"background-color":"var(--ast-global-color-5)","background-image":"","background-repeat":"repeat","background-position":"center center","background-size":"auto","background-attachment":"scroll","background-type":"","background-media":"","overlay-type":"","overlay-color":"","overlay-opacity":"","overlay-gradient":""},"mobile":{"background-color":"var(--ast-global-color-5)","background-image":"","background-repeat":"repeat","background-position":"center center","background-size":"auto","background-attachment":"scroll","background-type":"","background-media":"","overlay-type":"","overlay-color":"","overlay-opacity":"","overlay-gradient":""}}},"product_brand":[],"product_cat":[2803],"product_tag":[],"class_list":{"0":"post-19307","1":"product","2":"type-product","3":"status-publish","4":"has-post-thumbnail","6":"product_cat-hoergeraete-reinigung","7":"desktop-align-center","8":"tablet-align-center","9":"mobile-align-center","10":"ast-product-gallery-layout-horizontal-slider","11":"ast-product-gallery-with-no-image","12":"ast-product-tabs-layout-accordion","14":"first","15":"instock","16":"taxable","17":"shipping-taxable","18":"purchasable","19":"product-type-simple"},"yoast_head":"<!-- This site is optimized with the Yoast SEO plugin v27.5 - https:\/\/yoast.com\/product\/yoast-seo-wordpress\/ -->\n<title>Ultraschallger\u00e4t mit Timerfunktion JP-980 im Onlineshop | Gleichcom AG<\/title>\n<meta name=\"description\" content=\"\u2705 Ideal f\u00fcr die effiziente Reinigung von Schmuck, Zahnprothesen, Brillenteilen, Rasierk\u00f6pfe, Zahnersatz und vieles mehr!\" \/>\n<meta name=\"robots\" content=\"noindex, follow, max-snippet:-1, max-image-preview:large, max-video-preview:-1\" \/>\n<meta property=\"og:locale\" content=\"fr_FR\" \/>\n<meta property=\"og:type\" content=\"article\" \/>\n<meta property=\"og:title\" content=\"Ultraschallger\u00e4t mit Timerfunktion JP-980 im Onlineshop | Gleichcom AG\" \/>\n<meta property=\"og:description\" content=\"\u2705 Ideal f\u00fcr die effiziente Reinigung von Schmuck, Zahnprothesen, Brillenteilen, Rasierk\u00f6pfe, Zahnersatz und vieles mehr!\" \/>\n<meta property=\"og:url\" content=\"https:\/\/www.gleichcom.samuraidev.ch\/fr\/shop\/ultraschallgeraet-mit-timerfunktion-jp-980\/\" \/>\n<meta property=\"og:site_name\" content=\"Gleichcom AG\" \/>\n<meta property=\"article:publisher\" content=\"https:\/\/www.facebook.com\/profile.php?id=100068749126981\" \/>\n<meta property=\"article:modified_time\" content=\"2023-12-06T17:13:18+00:00\" \/>\n<meta property=\"og:image\" content=\"https:\/\/www.gleichcom.samuraidev.ch\/wp-content\/uploads\/2023\/09\/ultraschallgerat7609100mit.jpg\" \/>\n\t<meta property=\"og:image:width\" content=\"500\" \/>\n\t<meta property=\"og:image:height\" content=\"500\" \/>\n\t<meta property=\"og:image:type\" content=\"image\/jpeg\" \/>\n<meta name=\"twitter:card\" content=\"summary_large_image\" \/>\n<script type=\"application\/ld+json\" class=\"yoast-schema-graph\">{\"@context\":\"https:\\\/\\\/schema.org\",\"@graph\":[{\"@type\":\"WebPage\",\"@id\":\"https:\\\/\\\/www.gleichcom.samuraidev.ch\\\/fr\\\/shop\\\/ultraschallgeraet-mit-timerfunktion-jp-980\\\/\",\"url\":\"https:\\\/\\\/www.gleichcom.samuraidev.ch\\\/fr\\\/shop\\\/ultraschallgeraet-mit-timerfunktion-jp-980\\\/\",\"name\":\"Ultraschallger\u00e4t mit Timerfunktion JP-980 im Onlineshop | Gleichcom AG\",\"isPartOf\":{\"@id\":\"https:\\\/\\\/www.gleichcom.samuraidev.ch\\\/fr\\\/#website\"},\"primaryImageOfPage\":{\"@id\":\"https:\\\/\\\/www.gleichcom.samuraidev.ch\\\/fr\\\/shop\\\/ultraschallgeraet-mit-timerfunktion-jp-980\\\/#primaryimage\"},\"image\":{\"@id\":\"https:\\\/\\\/www.gleichcom.samuraidev.ch\\\/fr\\\/shop\\\/ultraschallgeraet-mit-timerfunktion-jp-980\\\/#primaryimage\"},\"thumbnailUrl\":\"https:\\\/\\\/www.gleichcom.samuraidev.ch\\\/wp-content\\\/uploads\\\/2023\\\/09\\\/ultraschallgerat7609100mit.jpg\",\"datePublished\":\"2022-09-14T11:23:47+00:00\",\"dateModified\":\"2023-12-06T17:13:18+00:00\",\"description\":\"\u2705 Ideal f\u00fcr die effiziente Reinigung von Schmuck, Zahnprothesen, Brillenteilen, Rasierk\u00f6pfe, Zahnersatz und vieles mehr!\",\"breadcrumb\":{\"@id\":\"https:\\\/\\\/www.gleichcom.samuraidev.ch\\\/fr\\\/shop\\\/ultraschallgeraet-mit-timerfunktion-jp-980\\\/#breadcrumb\"},\"inLanguage\":\"fr-FR\",\"potentialAction\":[{\"@type\":\"ReadAction\",\"target\":[\"https:\\\/\\\/www.gleichcom.samuraidev.ch\\\/fr\\\/shop\\\/ultraschallgeraet-mit-timerfunktion-jp-980\\\/\"]}]},{\"@type\":\"ImageObject\",\"inLanguage\":\"fr-FR\",\"@id\":\"https:\\\/\\\/www.gleichcom.samuraidev.ch\\\/fr\\\/shop\\\/ultraschallgeraet-mit-timerfunktion-jp-980\\\/#primaryimage\",\"url\":\"https:\\\/\\\/www.gleichcom.samuraidev.ch\\\/wp-content\\\/uploads\\\/2023\\\/09\\\/ultraschallgerat7609100mit.jpg\",\"contentUrl\":\"https:\\\/\\\/www.gleichcom.samuraidev.ch\\\/wp-content\\\/uploads\\\/2023\\\/09\\\/ultraschallgerat7609100mit.jpg\",\"width\":500,\"height\":500,\"caption\":\"Ultraschallger\u00e4t mit Timerfunktion JP-980 - Gleichcom AG - - Onlineshop besser h\u00f6ren. besser sehen. besser leben. - H\u00fcnenberg\"},{\"@type\":\"BreadcrumbList\",\"@id\":\"https:\\\/\\\/www.gleichcom.samuraidev.ch\\\/fr\\\/shop\\\/ultraschallgeraet-mit-timerfunktion-jp-980\\\/#breadcrumb\",\"itemListElement\":[{\"@type\":\"ListItem\",\"position\":1,\"name\":\"Startseite\",\"item\":\"https:\\\/\\\/www.gleichcom.samuraidev.ch\\\/fr\\\/\"},{\"@type\":\"ListItem\",\"position\":2,\"name\":\"Shop\",\"item\":\"https:\\\/\\\/www.gleichcom.samuraidev.ch\\\/fr\\\/shop\\\/\"},{\"@type\":\"ListItem\",\"position\":3,\"name\":\"Ultraschallger\u00e4t mit Timerfunktion JP-980\"}]},{\"@type\":\"WebSite\",\"@id\":\"https:\\\/\\\/www.gleichcom.samuraidev.ch\\\/fr\\\/#website\",\"url\":\"https:\\\/\\\/www.gleichcom.samuraidev.ch\\\/fr\\\/\",\"name\":\"Gleichcom AG\",\"description\":\"besser h\u00f6ren. besser sehen. besser leben.\",\"publisher\":{\"@id\":\"https:\\\/\\\/www.gleichcom.samuraidev.ch\\\/fr\\\/#organization\"},\"alternateName\":\"Gleichcom\",\"potentialAction\":[{\"@type\":\"SearchAction\",\"target\":{\"@type\":\"EntryPoint\",\"urlTemplate\":\"https:\\\/\\\/www.gleichcom.samuraidev.ch\\\/fr\\\/?s={search_term_string}\"},\"query-input\":{\"@type\":\"PropertyValueSpecification\",\"valueRequired\":true,\"valueName\":\"search_term_string\"}}],\"inLanguage\":\"fr-FR\"},{\"@type\":\"Organization\",\"@id\":\"https:\\\/\\\/www.gleichcom.samuraidev.ch\\\/fr\\\/#organization\",\"name\":\"Gleichcom AG\",\"alternateName\":\"Gleichcom\",\"url\":\"https:\\\/\\\/www.gleichcom.samuraidev.ch\\\/fr\\\/\",\"logo\":{\"@type\":\"ImageObject\",\"inLanguage\":\"fr-FR\",\"@id\":\"https:\\\/\\\/www.gleichcom.samuraidev.ch\\\/fr\\\/#\\\/schema\\\/logo\\\/image\\\/\",\"url\":\"https:\\\/\\\/www.gleichcom.samuraidev.ch\\\/wp-content\\\/uploads\\\/2023\\\/09\\\/gleichcom-ag-logo-quadrat-farbig-mitte@696.png\",\"contentUrl\":\"https:\\\/\\\/www.gleichcom.samuraidev.ch\\\/wp-content\\\/uploads\\\/2023\\\/09\\\/gleichcom-ag-logo-quadrat-farbig-mitte@696.png\",\"width\":437,\"height\":437,\"caption\":\"Gleichcom AG\"},\"image\":{\"@id\":\"https:\\\/\\\/www.gleichcom.samuraidev.ch\\\/fr\\\/#\\\/schema\\\/logo\\\/image\\\/\"},\"sameAs\":[\"https:\\\/\\\/www.facebook.com\\\/profile.php?id=100068749126981\"]}]}<\/script>\n<!-- \/ Yoast SEO plugin. -->","yoast_head_json":{"title":"Ultraschallger\u00e4t mit Timerfunktion JP-980 im Onlineshop | Gleichcom AG","description":"\u2705 Ideal f\u00fcr die effiziente Reinigung von Schmuck, Zahnprothesen, Brillenteilen, Rasierk\u00f6pfe, Zahnersatz und vieles mehr!","robots":{"index":"noindex","follow":"follow","max-snippet":"max-snippet:-1","max-image-preview":"max-image-preview:large","max-video-preview":"max-video-preview:-1"},"og_locale":"fr_FR","og_type":"article","og_title":"Ultraschallger\u00e4t mit Timerfunktion JP-980 im Onlineshop | Gleichcom AG","og_description":"\u2705 Ideal f\u00fcr die effiziente Reinigung von Schmuck, Zahnprothesen, Brillenteilen, Rasierk\u00f6pfe, Zahnersatz und vieles mehr!","og_url":"https:\/\/www.gleichcom.samuraidev.ch\/fr\/shop\/ultraschallgeraet-mit-timerfunktion-jp-980\/","og_site_name":"Gleichcom AG","article_publisher":"https:\/\/www.facebook.com\/profile.php?id=100068749126981","article_modified_time":"2023-12-06T17:13:18+00:00","og_image":[{"width":500,"height":500,"url":"https:\/\/www.gleichcom.samuraidev.ch\/wp-content\/uploads\/2023\/09\/ultraschallgerat7609100mit.jpg","type":"image\/jpeg"}],"twitter_card":"summary_large_image","schema":{"@context":"https:\/\/schema.org","@graph":[{"@type":"WebPage","@id":"https:\/\/www.gleichcom.samuraidev.ch\/fr\/shop\/ultraschallgeraet-mit-timerfunktion-jp-980\/","url":"https:\/\/www.gleichcom.samuraidev.ch\/fr\/shop\/ultraschallgeraet-mit-timerfunktion-jp-980\/","name":"Ultraschallger\u00e4t mit Timerfunktion JP-980 im Onlineshop | Gleichcom AG","isPartOf":{"@id":"https:\/\/www.gleichcom.samuraidev.ch\/fr\/#website"},"primaryImageOfPage":{"@id":"https:\/\/www.gleichcom.samuraidev.ch\/fr\/shop\/ultraschallgeraet-mit-timerfunktion-jp-980\/#primaryimage"},"image":{"@id":"https:\/\/www.gleichcom.samuraidev.ch\/fr\/shop\/ultraschallgeraet-mit-timerfunktion-jp-980\/#primaryimage"},"thumbnailUrl":"https:\/\/www.gleichcom.samuraidev.ch\/wp-content\/uploads\/2023\/09\/ultraschallgerat7609100mit.jpg","datePublished":"2022-09-14T11:23:47+00:00","dateModified":"2023-12-06T17:13:18+00:00","description":"\u2705 Ideal f\u00fcr die effiziente Reinigung von Schmuck, Zahnprothesen, Brillenteilen, Rasierk\u00f6pfe, Zahnersatz und vieles mehr!","breadcrumb":{"@id":"https:\/\/www.gleichcom.samuraidev.ch\/fr\/shop\/ultraschallgeraet-mit-timerfunktion-jp-980\/#breadcrumb"},"inLanguage":"fr-FR","potentialAction":[{"@type":"ReadAction","target":["https:\/\/www.gleichcom.samuraidev.ch\/fr\/shop\/ultraschallgeraet-mit-timerfunktion-jp-980\/"]}]},{"@type":"ImageObject","inLanguage":"fr-FR","@id":"https:\/\/www.gleichcom.samuraidev.ch\/fr\/shop\/ultraschallgeraet-mit-timerfunktion-jp-980\/#primaryimage","url":"https:\/\/www.gleichcom.samuraidev.ch\/wp-content\/uploads\/2023\/09\/ultraschallgerat7609100mit.jpg","contentUrl":"https:\/\/www.gleichcom.samuraidev.ch\/wp-content\/uploads\/2023\/09\/ultraschallgerat7609100mit.jpg","width":500,"height":500,"caption":"Ultraschallger\u00e4t mit Timerfunktion JP-980 - Gleichcom AG - - Onlineshop besser h\u00f6ren. besser sehen. besser leben. - H\u00fcnenberg"},{"@type":"BreadcrumbList","@id":"https:\/\/www.gleichcom.samuraidev.ch\/fr\/shop\/ultraschallgeraet-mit-timerfunktion-jp-980\/#breadcrumb","itemListElement":[{"@type":"ListItem","position":1,"name":"Startseite","item":"https:\/\/www.gleichcom.samuraidev.ch\/fr\/"},{"@type":"ListItem","position":2,"name":"Shop","item":"https:\/\/www.gleichcom.samuraidev.ch\/fr\/shop\/"},{"@type":"ListItem","position":3,"name":"Ultraschallger\u00e4t mit Timerfunktion JP-980"}]},{"@type":"WebSite","@id":"https:\/\/www.gleichcom.samuraidev.ch\/fr\/#website","url":"https:\/\/www.gleichcom.samuraidev.ch\/fr\/","name":"Gleichcom AG","description":"besser h\u00f6ren. besser sehen. besser leben.","publisher":{"@id":"https:\/\/www.gleichcom.samuraidev.ch\/fr\/#organization"},"alternateName":"Gleichcom","potentialAction":[{"@type":"SearchAction","target":{"@type":"EntryPoint","urlTemplate":"https:\/\/www.gleichcom.samuraidev.ch\/fr\/?s={search_term_string}"},"query-input":{"@type":"PropertyValueSpecification","valueRequired":true,"valueName":"search_term_string"}}],"inLanguage":"fr-FR"},{"@type":"Organization","@id":"https:\/\/www.gleichcom.samuraidev.ch\/fr\/#organization","name":"Gleichcom AG","alternateName":"Gleichcom","url":"https:\/\/www.gleichcom.samuraidev.ch\/fr\/","logo":{"@type":"ImageObject","inLanguage":"fr-FR","@id":"https:\/\/www.gleichcom.samuraidev.ch\/fr\/#\/schema\/logo\/image\/","url":"https:\/\/www.gleichcom.samuraidev.ch\/wp-content\/uploads\/2023\/09\/gleichcom-ag-logo-quadrat-farbig-mitte@696.png","contentUrl":"https:\/\/www.gleichcom.samuraidev.ch\/wp-content\/uploads\/2023\/09\/gleichcom-ag-logo-quadrat-farbig-mitte@696.png","width":437,"height":437,"caption":"Gleichcom AG"},"image":{"@id":"https:\/\/www.gleichcom.samuraidev.ch\/fr\/#\/schema\/logo\/image\/"},"sameAs":["https:\/\/www.facebook.com\/profile.php?id=100068749126981"]}]}},"uagb_featured_image_src":{"full":["https:\/\/www.gleichcom.samuraidev.ch\/wp-content\/uploads\/2023\/09\/ultraschallgerat7609100mit.jpg",500,500,false],"thumbnail":["https:\/\/www.gleichcom.samuraidev.ch\/wp-content\/uploads\/2023\/09\/ultraschallgerat7609100mit.jpg",150,150,false],"medium":["https:\/\/www.gleichcom.samuraidev.ch\/wp-content\/uploads\/2023\/09\/ultraschallgerat7609100mit.jpg",300,300,false],"medium_large":["https:\/\/www.gleichcom.samuraidev.ch\/wp-content\/uploads\/2023\/09\/ultraschallgerat7609100mit.jpg",500,500,false],"large":["https:\/\/www.gleichcom.samuraidev.ch\/wp-content\/uploads\/2023\/09\/ultraschallgerat7609100mit.jpg",500,500,false],"1536x1536":["https:\/\/www.gleichcom.samuraidev.ch\/wp-content\/uploads\/2023\/09\/ultraschallgerat7609100mit.jpg",500,500,false],"2048x2048":["https:\/\/www.gleichcom.samuraidev.ch\/wp-content\/uploads\/2023\/09\/ultraschallgerat7609100mit.jpg",500,500,false],"woocommerce_thumbnail":["https:\/\/www.gleichcom.samuraidev.ch\/wp-content\/uploads\/2023\/09\/ultraschallgerat7609100mit.jpg",300,300,false],"woocommerce_single":["https:\/\/www.gleichcom.samuraidev.ch\/wp-content\/uploads\/2023\/09\/ultraschallgerat7609100mit.jpg",500,500,false],"woocommerce_gallery_thumbnail":["https:\/\/www.gleichcom.samuraidev.ch\/wp-content\/uploads\/2023\/09\/ultraschallgerat7609100mit.jpg",100,100,false]},"uagb_author_info":{"display_name":"","author_link":"https:\/\/www.gleichcom.samuraidev.ch\/fr\/author\/"},"uagb_comment_info":0,"uagb_excerpt":"Ideal f\u00fcr die effiziente Reinigung von Schmuck, Zahnprothesen, Brillenteilen, Rasierk\u00f6pfe, Zahnersatz und vieles mehr!","_links":{"self":[{"href":"https:\/\/www.gleichcom.samuraidev.ch\/fr\/wp-json\/wp\/v2\/product\/19307","targetHints":{"allow":["GET"]}}],"collection":[{"href":"https:\/\/www.gleichcom.samuraidev.ch\/fr\/wp-json\/wp\/v2\/product"}],"about":[{"href":"https:\/\/www.gleichcom.samuraidev.ch\/fr\/wp-json\/wp\/v2\/types\/product"}],"wp:featuredmedia":[{"embeddable":true,"href":"https:\/\/www.gleichcom.samuraidev.ch\/fr\/wp-json\/wp\/v2\/media\/19308"}],"wp:attachment":[{"href":"https:\/\/www.gleichcom.samuraidev.ch\/fr\/wp-json\/wp\/v2\/media?parent=19307"}],"wp:term":[{"taxonomy":"product_brand","embeddable":true,"href":"https:\/\/www.gleichcom.samuraidev.ch\/fr\/wp-json\/wp\/v2\/product_brand?post=19307"},{"taxonomy":"product_cat","embeddable":true,"href":"https:\/\/www.gleichcom.samuraidev.ch\/fr\/wp-json\/wp\/v2\/product_cat?post=19307"},{"taxonomy":"product_tag","embeddable":true,"href":"https:\/\/www.gleichcom.samuraidev.ch\/fr\/wp-json\/wp\/v2\/product_tag?post=19307"}],"curies":[{"name":"wp","href":"https:\/\/api.w.org\/{rel}","templated":true}]}}