{"id":19476,"date":"2022-10-14T16:24:07","date_gmt":"2022-10-14T14:24:07","guid":{"rendered":"https:\/\/www.gleichcom.samuraidev.ch\/?product=ossenberg-stockstaender-aus-kunststoff-fuer-2-gehhilfen-anthrazit"},"modified":"1000-01-01T00:00:00","modified_gmt":"1000-01-01T00:00:00","slug":"ossenberg-stockstaender-aus-kunststoff-fuer-2-gehhilfen-anthrazit","status":"publish","type":"product","link":"https:\/\/www.gleichcom.samuraidev.ch\/fr\/shop\/ossenberg-stockstaender-aus-kunststoff-fuer-2-gehhilfen-anthrazit\/","title":{"rendered":"Support de canne Ossenberg en plastique pour 2 d\u00e9ambulateurs anthracite"},"content":{"rendered":"<p><strong>Support de canne en plastique pour 2 d\u00e9ambulateurs anthracite<\/strong><br \/>\n\u00a0<br \/>\nCe porte-cannes est en plastique et \u00e9tanche. Il convient pour 1 paire de d\u00e9ambulateurs ou de cannes.<br \/>\nLes meubles et les murs sont \u00e9pargn\u00e9s, car ce porte-cannes est mobile et donc facile \u00e0 porter. Le nettoyage du sol s&rsquo;en trouve facilit\u00e9.<br \/>\nComme les supports sont verticaux et faciles \u00e0 saisir, le risque de chute diminue.<br \/>\nLe fond du porte-cannes est dot\u00e9 d&rsquo;une plaque m\u00e9tallique qui offre un soutien suffisant et une bonne stabilit\u00e9 aux cannes. Le fond est \u00e9galement perc\u00e9 de deux trous afin d&rsquo;\u00e9viter que la salet\u00e9 ne s&rsquo;accumule dans les deux tubes. Celles-ci tombent simplement \u00e0 travers et peuvent \u00eatre enlev\u00e9es sans effort.<br \/>\n\u00c9quipement<br \/>\n\u00a0<br \/>\n<strong>En un coup d&rsquo;\u0153il<\/strong><br \/>\n&#8211; convient pour 2 cannes ou supports<br \/>\n&#8211; support de canne en plastique \/ plaque en m\u00e9tal<br \/>\n&#8211; poign\u00e9e en acier inoxydable<br \/>\n\u00a0<br \/>\n<strong>Caract\u00e9ristiques techniques<\/strong><br \/>\n&#8211; hauteur : 67,5 cm<br \/>\n&#8211; largeur : 22,5 cm<br \/>\n&#8211; profondeur : 14,5 cm<br \/>\n&#8211; Poids : env. 3 kg<\/p>\n","protected":false},"excerpt":{"rendered":"<p>Ce porte-cannes est en plastique et \u00e9tanche. Il convient pour 1 paire de d\u00e9ambulateurs ou de cannes.<\/p>\n","protected":false},"featured_media":19474,"template":"","meta":{"inline_featured_image":false,"_uag_custom_page_level_css":"","site-sidebar-layout":"default","site-content-layout":"","ast-site-content-layout":"default","site-content-style":"default","site-sidebar-style":"default","ast-global-header-display":"","ast-banner-title-visibility":"","ast-main-header-display":"","ast-hfb-above-header-display":"","ast-hfb-below-header-display":"","ast-hfb-mobile-header-display":"","site-post-title":"","ast-breadcrumbs-content":"","ast-featured-img":"","footer-sml-layout":"","ast-disable-related-posts":"","theme-transparent-header-meta":"","adv-header-id-meta":"","stick-header-meta":"","header-above-stick-meta":"","header-main-stick-meta":"","header-below-stick-meta":"","astra-migrate-meta-layouts":"default","ast-page-background-enabled":"default","ast-page-background-meta":{"desktop":{"background-color":"","background-image":"","background-repeat":"repeat","background-position":"center center","background-size":"auto","background-attachment":"scroll","background-type":"","background-media":"","overlay-type":"","overlay-color":"","overlay-opacity":"","overlay-gradient":""},"tablet":{"background-color":"","background-image":"","background-repeat":"repeat","background-position":"center center","background-size":"auto","background-attachment":"scroll","background-type":"","background-media":"","overlay-type":"","overlay-color":"","overlay-opacity":"","overlay-gradient":""},"mobile":{"background-color":"","background-image":"","background-repeat":"repeat","background-position":"center center","background-size":"auto","background-attachment":"scroll","background-type":"","background-media":"","overlay-type":"","overlay-color":"","overlay-opacity":"","overlay-gradient":""}},"ast-content-background-meta":{"desktop":{"background-color":"var(--ast-global-color-5)","background-image":"","background-repeat":"repeat","background-position":"center center","background-size":"auto","background-attachment":"scroll","background-type":"","background-media":"","overlay-type":"","overlay-color":"","overlay-opacity":"","overlay-gradient":""},"tablet":{"background-color":"var(--ast-global-color-5)","background-image":"","background-repeat":"repeat","background-position":"center center","background-size":"auto","background-attachment":"scroll","background-type":"","background-media":"","overlay-type":"","overlay-color":"","overlay-opacity":"","overlay-gradient":""},"mobile":{"background-color":"var(--ast-global-color-5)","background-image":"","background-repeat":"repeat","background-position":"center center","background-size":"auto","background-attachment":"scroll","background-type":"","background-media":"","overlay-type":"","overlay-color":"","overlay-opacity":"","overlay-gradient":""}}},"product_brand":[],"product_cat":[1776],"product_tag":[],"class_list":{"0":"post-19476","1":"product","2":"type-product","3":"status-publish","4":"has-post-thumbnail","6":"product_cat-unkategorisiert","7":"desktop-align-center","8":"tablet-align-center","9":"mobile-align-center","10":"ast-product-gallery-layout-horizontal-slider","11":"ast-product-gallery-with-no-image","12":"ast-product-tabs-layout-accordion","14":"first","15":"instock","16":"taxable","17":"shipping-taxable","18":"purchasable","19":"product-type-simple"},"yoast_head":"<!-- This site is optimized with the Yoast SEO plugin v27.6 - https:\/\/yoast.com\/product\/yoast-seo-wordpress\/ -->\n<title>Support de canne Ossenberg en plastique pour 2 d\u00e9ambulateurs anthracite im Onlineshop | Gleichcom AG<\/title>\n<meta name=\"description\" content=\"\u2705 Ce porte-cannes est en plastique et \u00e9tanche. Il convient pour 1 paire de d\u00e9ambulateurs ou de cannes.\" \/>\n<meta name=\"robots\" content=\"noindex, follow, max-snippet:-1, max-image-preview:large, max-video-preview:-1\" \/>\n<meta property=\"og:locale\" content=\"fr_FR\" \/>\n<meta property=\"og:type\" content=\"article\" \/>\n<meta property=\"og:title\" content=\"Support de canne Ossenberg en plastique pour 2 d\u00e9ambulateurs anthracite im Onlineshop | Gleichcom AG\" \/>\n<meta property=\"og:description\" content=\"\u2705 Ce porte-cannes est en plastique et \u00e9tanche. Il convient pour 1 paire de d\u00e9ambulateurs ou de cannes.\" \/>\n<meta property=\"og:url\" content=\"https:\/\/www.gleichcom.samuraidev.ch\/fr\/shop\/ossenberg-stockstaender-aus-kunststoff-fuer-2-gehhilfen-anthrazit\/\" \/>\n<meta property=\"og:site_name\" content=\"Gleichcom AG\" \/>\n<meta property=\"article:publisher\" content=\"https:\/\/www.facebook.com\/profile.php?id=100068749126981\" \/>\n<meta property=\"og:image\" content=\"https:\/\/www.gleichcom.samuraidev.ch\/wp-content\/uploads\/2023\/09\/Ossenberg_Stockhalter_M2731.jpg\" \/>\n\t<meta property=\"og:image:width\" content=\"375\" \/>\n\t<meta property=\"og:image:height\" content=\"500\" \/>\n\t<meta property=\"og:image:type\" content=\"image\/jpeg\" \/>\n<meta name=\"twitter:card\" content=\"summary_large_image\" \/>\n<script type=\"application\/ld+json\" class=\"yoast-schema-graph\">{\"@context\":\"https:\\\/\\\/schema.org\",\"@graph\":[{\"@type\":\"WebPage\",\"@id\":\"https:\\\/\\\/www.gleichcom.samuraidev.ch\\\/fr\\\/shop\\\/ossenberg-stockstaender-aus-kunststoff-fuer-2-gehhilfen-anthrazit\\\/\",\"url\":\"https:\\\/\\\/www.gleichcom.samuraidev.ch\\\/fr\\\/shop\\\/ossenberg-stockstaender-aus-kunststoff-fuer-2-gehhilfen-anthrazit\\\/\",\"name\":\"Support de canne Ossenberg en plastique pour 2 d\u00e9ambulateurs anthracite im Onlineshop | Gleichcom AG\",\"isPartOf\":{\"@id\":\"https:\\\/\\\/www.gleichcom.samuraidev.ch\\\/fr\\\/#website\"},\"primaryImageOfPage\":{\"@id\":\"https:\\\/\\\/www.gleichcom.samuraidev.ch\\\/fr\\\/shop\\\/ossenberg-stockstaender-aus-kunststoff-fuer-2-gehhilfen-anthrazit\\\/#primaryimage\"},\"image\":{\"@id\":\"https:\\\/\\\/www.gleichcom.samuraidev.ch\\\/fr\\\/shop\\\/ossenberg-stockstaender-aus-kunststoff-fuer-2-gehhilfen-anthrazit\\\/#primaryimage\"},\"thumbnailUrl\":\"https:\\\/\\\/www.gleichcom.samuraidev.ch\\\/wp-content\\\/uploads\\\/2023\\\/09\\\/Ossenberg_Stockhalter_M2731.jpg\",\"datePublished\":\"2022-10-14T14:24:07+00:00\",\"description\":\"\u2705 Ce porte-cannes est en plastique et \u00e9tanche. Il convient pour 1 paire de d\u00e9ambulateurs ou de cannes.\",\"breadcrumb\":{\"@id\":\"https:\\\/\\\/www.gleichcom.samuraidev.ch\\\/fr\\\/shop\\\/ossenberg-stockstaender-aus-kunststoff-fuer-2-gehhilfen-anthrazit\\\/#breadcrumb\"},\"inLanguage\":\"fr-FR\",\"potentialAction\":[{\"@type\":\"ReadAction\",\"target\":[\"https:\\\/\\\/www.gleichcom.samuraidev.ch\\\/fr\\\/shop\\\/ossenberg-stockstaender-aus-kunststoff-fuer-2-gehhilfen-anthrazit\\\/\"]}]},{\"@type\":\"ImageObject\",\"inLanguage\":\"fr-FR\",\"@id\":\"https:\\\/\\\/www.gleichcom.samuraidev.ch\\\/fr\\\/shop\\\/ossenberg-stockstaender-aus-kunststoff-fuer-2-gehhilfen-anthrazit\\\/#primaryimage\",\"url\":\"https:\\\/\\\/www.gleichcom.samuraidev.ch\\\/wp-content\\\/uploads\\\/2023\\\/09\\\/Ossenberg_Stockhalter_M2731.jpg\",\"contentUrl\":\"https:\\\/\\\/www.gleichcom.samuraidev.ch\\\/wp-content\\\/uploads\\\/2023\\\/09\\\/Ossenberg_Stockhalter_M2731.jpg\",\"width\":375,\"height\":500},{\"@type\":\"BreadcrumbList\",\"@id\":\"https:\\\/\\\/www.gleichcom.samuraidev.ch\\\/fr\\\/shop\\\/ossenberg-stockstaender-aus-kunststoff-fuer-2-gehhilfen-anthrazit\\\/#breadcrumb\",\"itemListElement\":[{\"@type\":\"ListItem\",\"position\":1,\"name\":\"Startseite\",\"item\":\"https:\\\/\\\/www.gleichcom.samuraidev.ch\\\/fr\\\/\"},{\"@type\":\"ListItem\",\"position\":2,\"name\":\"Shop\",\"item\":\"https:\\\/\\\/www.gleichcom.samuraidev.ch\\\/fr\\\/shop\\\/\"},{\"@type\":\"ListItem\",\"position\":3,\"name\":\"Support de canne Ossenberg en plastique pour 2 d\u00e9ambulateurs anthracite\"}]},{\"@type\":\"WebSite\",\"@id\":\"https:\\\/\\\/www.gleichcom.samuraidev.ch\\\/fr\\\/#website\",\"url\":\"https:\\\/\\\/www.gleichcom.samuraidev.ch\\\/fr\\\/\",\"name\":\"Gleichcom AG\",\"description\":\"besser h\u00f6ren. besser sehen. besser leben.\",\"publisher\":{\"@id\":\"https:\\\/\\\/www.gleichcom.samuraidev.ch\\\/fr\\\/#organization\"},\"alternateName\":\"Gleichcom\",\"potentialAction\":[{\"@type\":\"SearchAction\",\"target\":{\"@type\":\"EntryPoint\",\"urlTemplate\":\"https:\\\/\\\/www.gleichcom.samuraidev.ch\\\/fr\\\/?s={search_term_string}\"},\"query-input\":{\"@type\":\"PropertyValueSpecification\",\"valueRequired\":true,\"valueName\":\"search_term_string\"}}],\"inLanguage\":\"fr-FR\"},{\"@type\":\"Organization\",\"@id\":\"https:\\\/\\\/www.gleichcom.samuraidev.ch\\\/fr\\\/#organization\",\"name\":\"Gleichcom AG\",\"alternateName\":\"Gleichcom\",\"url\":\"https:\\\/\\\/www.gleichcom.samuraidev.ch\\\/fr\\\/\",\"logo\":{\"@type\":\"ImageObject\",\"inLanguage\":\"fr-FR\",\"@id\":\"https:\\\/\\\/www.gleichcom.samuraidev.ch\\\/fr\\\/#\\\/schema\\\/logo\\\/image\\\/\",\"url\":\"https:\\\/\\\/www.gleichcom.samuraidev.ch\\\/wp-content\\\/uploads\\\/2023\\\/09\\\/gleichcom-ag-logo-quadrat-farbig-mitte@696.png\",\"contentUrl\":\"https:\\\/\\\/www.gleichcom.samuraidev.ch\\\/wp-content\\\/uploads\\\/2023\\\/09\\\/gleichcom-ag-logo-quadrat-farbig-mitte@696.png\",\"width\":437,\"height\":437,\"caption\":\"Gleichcom AG\"},\"image\":{\"@id\":\"https:\\\/\\\/www.gleichcom.samuraidev.ch\\\/fr\\\/#\\\/schema\\\/logo\\\/image\\\/\"},\"sameAs\":[\"https:\\\/\\\/www.facebook.com\\\/profile.php?id=100068749126981\"]}]}<\/script>\n<!-- \/ Yoast SEO plugin. -->","yoast_head_json":{"title":"Support de canne Ossenberg en plastique pour 2 d\u00e9ambulateurs anthracite im Onlineshop | Gleichcom AG","description":"\u2705 Ce porte-cannes est en plastique et \u00e9tanche. Il convient pour 1 paire de d\u00e9ambulateurs ou de cannes.","robots":{"index":"noindex","follow":"follow","max-snippet":"max-snippet:-1","max-image-preview":"max-image-preview:large","max-video-preview":"max-video-preview:-1"},"og_locale":"fr_FR","og_type":"article","og_title":"Support de canne Ossenberg en plastique pour 2 d\u00e9ambulateurs anthracite im Onlineshop | Gleichcom AG","og_description":"\u2705 Ce porte-cannes est en plastique et \u00e9tanche. Il convient pour 1 paire de d\u00e9ambulateurs ou de cannes.","og_url":"https:\/\/www.gleichcom.samuraidev.ch\/fr\/shop\/ossenberg-stockstaender-aus-kunststoff-fuer-2-gehhilfen-anthrazit\/","og_site_name":"Gleichcom AG","article_publisher":"https:\/\/www.facebook.com\/profile.php?id=100068749126981","og_image":[{"width":375,"height":500,"url":"https:\/\/www.gleichcom.samuraidev.ch\/wp-content\/uploads\/2023\/09\/Ossenberg_Stockhalter_M2731.jpg","type":"image\/jpeg"}],"twitter_card":"summary_large_image","schema":{"@context":"https:\/\/schema.org","@graph":[{"@type":"WebPage","@id":"https:\/\/www.gleichcom.samuraidev.ch\/fr\/shop\/ossenberg-stockstaender-aus-kunststoff-fuer-2-gehhilfen-anthrazit\/","url":"https:\/\/www.gleichcom.samuraidev.ch\/fr\/shop\/ossenberg-stockstaender-aus-kunststoff-fuer-2-gehhilfen-anthrazit\/","name":"Support de canne Ossenberg en plastique pour 2 d\u00e9ambulateurs anthracite im Onlineshop | Gleichcom AG","isPartOf":{"@id":"https:\/\/www.gleichcom.samuraidev.ch\/fr\/#website"},"primaryImageOfPage":{"@id":"https:\/\/www.gleichcom.samuraidev.ch\/fr\/shop\/ossenberg-stockstaender-aus-kunststoff-fuer-2-gehhilfen-anthrazit\/#primaryimage"},"image":{"@id":"https:\/\/www.gleichcom.samuraidev.ch\/fr\/shop\/ossenberg-stockstaender-aus-kunststoff-fuer-2-gehhilfen-anthrazit\/#primaryimage"},"thumbnailUrl":"https:\/\/www.gleichcom.samuraidev.ch\/wp-content\/uploads\/2023\/09\/Ossenberg_Stockhalter_M2731.jpg","datePublished":"2022-10-14T14:24:07+00:00","description":"\u2705 Ce porte-cannes est en plastique et \u00e9tanche. Il convient pour 1 paire de d\u00e9ambulateurs ou de cannes.","breadcrumb":{"@id":"https:\/\/www.gleichcom.samuraidev.ch\/fr\/shop\/ossenberg-stockstaender-aus-kunststoff-fuer-2-gehhilfen-anthrazit\/#breadcrumb"},"inLanguage":"fr-FR","potentialAction":[{"@type":"ReadAction","target":["https:\/\/www.gleichcom.samuraidev.ch\/fr\/shop\/ossenberg-stockstaender-aus-kunststoff-fuer-2-gehhilfen-anthrazit\/"]}]},{"@type":"ImageObject","inLanguage":"fr-FR","@id":"https:\/\/www.gleichcom.samuraidev.ch\/fr\/shop\/ossenberg-stockstaender-aus-kunststoff-fuer-2-gehhilfen-anthrazit\/#primaryimage","url":"https:\/\/www.gleichcom.samuraidev.ch\/wp-content\/uploads\/2023\/09\/Ossenberg_Stockhalter_M2731.jpg","contentUrl":"https:\/\/www.gleichcom.samuraidev.ch\/wp-content\/uploads\/2023\/09\/Ossenberg_Stockhalter_M2731.jpg","width":375,"height":500},{"@type":"BreadcrumbList","@id":"https:\/\/www.gleichcom.samuraidev.ch\/fr\/shop\/ossenberg-stockstaender-aus-kunststoff-fuer-2-gehhilfen-anthrazit\/#breadcrumb","itemListElement":[{"@type":"ListItem","position":1,"name":"Startseite","item":"https:\/\/www.gleichcom.samuraidev.ch\/fr\/"},{"@type":"ListItem","position":2,"name":"Shop","item":"https:\/\/www.gleichcom.samuraidev.ch\/fr\/shop\/"},{"@type":"ListItem","position":3,"name":"Support de canne Ossenberg en plastique pour 2 d\u00e9ambulateurs anthracite"}]},{"@type":"WebSite","@id":"https:\/\/www.gleichcom.samuraidev.ch\/fr\/#website","url":"https:\/\/www.gleichcom.samuraidev.ch\/fr\/","name":"Gleichcom AG","description":"besser h\u00f6ren. besser sehen. besser leben.","publisher":{"@id":"https:\/\/www.gleichcom.samuraidev.ch\/fr\/#organization"},"alternateName":"Gleichcom","potentialAction":[{"@type":"SearchAction","target":{"@type":"EntryPoint","urlTemplate":"https:\/\/www.gleichcom.samuraidev.ch\/fr\/?s={search_term_string}"},"query-input":{"@type":"PropertyValueSpecification","valueRequired":true,"valueName":"search_term_string"}}],"inLanguage":"fr-FR"},{"@type":"Organization","@id":"https:\/\/www.gleichcom.samuraidev.ch\/fr\/#organization","name":"Gleichcom AG","alternateName":"Gleichcom","url":"https:\/\/www.gleichcom.samuraidev.ch\/fr\/","logo":{"@type":"ImageObject","inLanguage":"fr-FR","@id":"https:\/\/www.gleichcom.samuraidev.ch\/fr\/#\/schema\/logo\/image\/","url":"https:\/\/www.gleichcom.samuraidev.ch\/wp-content\/uploads\/2023\/09\/gleichcom-ag-logo-quadrat-farbig-mitte@696.png","contentUrl":"https:\/\/www.gleichcom.samuraidev.ch\/wp-content\/uploads\/2023\/09\/gleichcom-ag-logo-quadrat-farbig-mitte@696.png","width":437,"height":437,"caption":"Gleichcom AG"},"image":{"@id":"https:\/\/www.gleichcom.samuraidev.ch\/fr\/#\/schema\/logo\/image\/"},"sameAs":["https:\/\/www.facebook.com\/profile.php?id=100068749126981"]}]}},"uagb_featured_image_src":{"full":["https:\/\/www.gleichcom.samuraidev.ch\/wp-content\/uploads\/2023\/09\/Ossenberg_Stockhalter_M2731.jpg",375,500,false],"thumbnail":["https:\/\/www.gleichcom.samuraidev.ch\/wp-content\/uploads\/2023\/09\/Ossenberg_Stockhalter_M2731.jpg",113,150,false],"medium":["https:\/\/www.gleichcom.samuraidev.ch\/wp-content\/uploads\/2023\/09\/Ossenberg_Stockhalter_M2731.jpg",225,300,false],"medium_large":["https:\/\/www.gleichcom.samuraidev.ch\/wp-content\/uploads\/2023\/09\/Ossenberg_Stockhalter_M2731.jpg",375,500,false],"large":["https:\/\/www.gleichcom.samuraidev.ch\/wp-content\/uploads\/2023\/09\/Ossenberg_Stockhalter_M2731.jpg",375,500,false],"1536x1536":["https:\/\/www.gleichcom.samuraidev.ch\/wp-content\/uploads\/2023\/09\/Ossenberg_Stockhalter_M2731.jpg",375,500,false],"2048x2048":["https:\/\/www.gleichcom.samuraidev.ch\/wp-content\/uploads\/2023\/09\/Ossenberg_Stockhalter_M2731.jpg",375,500,false],"woocommerce_thumbnail":["https:\/\/www.gleichcom.samuraidev.ch\/wp-content\/uploads\/2023\/09\/Ossenberg_Stockhalter_M2731.jpg",300,400,false],"woocommerce_single":["https:\/\/www.gleichcom.samuraidev.ch\/wp-content\/uploads\/2023\/09\/Ossenberg_Stockhalter_M2731.jpg",375,500,false],"woocommerce_gallery_thumbnail":["https:\/\/www.gleichcom.samuraidev.ch\/wp-content\/uploads\/2023\/09\/Ossenberg_Stockhalter_M2731-100x100.jpg",100,100,true]},"uagb_author_info":{"display_name":"","author_link":"https:\/\/www.gleichcom.samuraidev.ch\/fr\/author\/"},"uagb_comment_info":0,"uagb_excerpt":"Ce porte-cannes est en plastique et \u00e9tanche. Il convient pour 1 paire de d\u00e9ambulateurs ou de cannes.","_links":{"self":[{"href":"https:\/\/www.gleichcom.samuraidev.ch\/fr\/wp-json\/wp\/v2\/product\/19476","targetHints":{"allow":["GET"]}}],"collection":[{"href":"https:\/\/www.gleichcom.samuraidev.ch\/fr\/wp-json\/wp\/v2\/product"}],"about":[{"href":"https:\/\/www.gleichcom.samuraidev.ch\/fr\/wp-json\/wp\/v2\/types\/product"}],"wp:featuredmedia":[{"embeddable":true,"href":"https:\/\/www.gleichcom.samuraidev.ch\/fr\/wp-json\/wp\/v2\/media\/19474"}],"wp:attachment":[{"href":"https:\/\/www.gleichcom.samuraidev.ch\/fr\/wp-json\/wp\/v2\/media?parent=19476"}],"wp:term":[{"taxonomy":"product_brand","embeddable":true,"href":"https:\/\/www.gleichcom.samuraidev.ch\/fr\/wp-json\/wp\/v2\/product_brand?post=19476"},{"taxonomy":"product_cat","embeddable":true,"href":"https:\/\/www.gleichcom.samuraidev.ch\/fr\/wp-json\/wp\/v2\/product_cat?post=19476"},{"taxonomy":"product_tag","embeddable":true,"href":"https:\/\/www.gleichcom.samuraidev.ch\/fr\/wp-json\/wp\/v2\/product_tag?post=19476"}],"curies":[{"name":"wp","href":"https:\/\/api.w.org\/{rel}","templated":true}]}}