{"id":19584,"date":"2022-11-07T14:49:00","date_gmt":"2022-11-07T13:49:00","guid":{"rendered":"https:\/\/www.gleichcom.samuraidev.ch\/?product=humantechnik-vibrationsanlage-fuer-schaltsteckdosenbetrieb"},"modified":"1000-01-01T00:00:00","modified_gmt":"1000-01-01T00:00:00","slug":"humantechnik-vibrationsanlage-fuer-schaltsteckdosenbetrieb","status":"publish","type":"product","link":"https:\/\/www.gleichcom.samuraidev.ch\/fr\/shop\/humantechnik-vibrationsanlage-fuer-schaltsteckdosenbetrieb\/","title":{"rendered":"Humantechnik Syst\u00e8me vibrant pour prise de courant \u00e0 interrupteur"},"content":{"rendered":"<div>\n\t<span style=\"font-size:16px;\"><strong><span style=\"color:#000000;\">Humantechnik Syst\u00e8me vibrant pour prise de courant \u00e0 interrupteur<\/span><\/strong><\/span>\n<\/div>\n<ul>\n<li>\n<div>\n\t\tEx\u00e9cution robuste, r\u00e9veille m\u00eame du sommeil le plus profond\n\t<\/div>\n<\/li>\n<li>\n<div>\n\t\tFixation stable avec 8 supports, adapt\u00e9e \u00e0 tous les sommiers \u00e0 lattes ou \u00e0 ressorts du commerce\n\t<\/div>\n<\/li>\n<li>\n<div>\n\t\tA l&rsquo;heure du r\u00e9veil, la transmission des impulsions vibratoires se fait directement sur le cadre de lit.\n\t<\/div>\n<\/li>\n<\/ul>\n<div>\n\t\u00a0<br \/>\n\t<em>* aucun module de commutation n&rsquo;est n\u00e9cessaire pour le fonctionnement \/ le raccordement du syst\u00e8me de vibration.<\/em><br \/>\n\t\u00a0<br \/>\n\t<strong>Mod\u00e8le B:<\/strong>\u00a0pour le fonctionnement avec des horloges de commutation usuelles<br \/>\n\t\u00a0<br \/>\n\t<strong>S\u00e9curit\u00e9 thermique: <\/strong>apr\u00e8s \u00bd heure de fonctionnement continu, l&rsquo;installation entre dans une phase au cours de laquelle elle vibre pendant \u00bd seconde et fait une pause de 2 secondes. Cette phase se termine au bout d&rsquo;une heure, apr\u00e8s quoi l&rsquo;installation vibrante s&rsquo;\u00e9teint durablement.<br \/>\n\tPour la version r\u00e9veil, un nouveau signal du r\u00e9veil suffit pour r\u00e9initialiser l&rsquo;installation ; pour la version secteur, il faut pour cela d\u00e9brancher la fiche secteur pendant 10 secondes.<br \/>\n\t\u00a0<br \/>\n\t<strong>Caract\u00e9ristiques techniques<\/strong><br role=\"presentation\" \/><br \/>\n\t<span><span role=\"presentation\">Alimentation \u00e9lectrique:<\/span>\u00a0bloc d&rsquo;alimentation 100 &#8211; 240 V AC \/ 12 V DC, 1 A<\/span><br role=\"presentation\" \/><br \/>\n\t<span><span role=\"presentation\">Plage de fonctionnement:<\/span><\/span><span id=\"page15R_mcid263\">\u00a0<span role=\"presentation\">-10\u00b0 C\u00a0<\/span><\/span><span><span role=\"presentation\">\u00e0\u00a0\u00a045\u00b0 C<\/span><\/span><br role=\"presentation\" \/><br \/>\n\t<span><span role=\"presentation\">Dimensions du bo\u00eetier:<\/span><\/span><br role=\"presentation\" \/><br \/>\n\t<span><span role=\"presentation\">Hauteur:<\/span> <span role=\"presentation\">52 mm<\/span><\/span><br role=\"presentation\" \/><br \/>\n\t<span><span role=\"presentation\">largeur:<\/span> <span role=\"presentation\">74 mm<\/span><\/span><br role=\"presentation\" \/><br \/>\n\t<span><span role=\"presentation\">Longueur:<\/span> <span role=\"presentation\">165 mm<\/span><\/span><br role=\"presentation\" \/><br \/>\n\t<span><span role=\"presentation\">Poids:<\/span> <span role=\"presentation\">1380 g (entretoises de fixation incluses)<\/span><\/span><br role=\"presentation\" \/><br \/>\n\t<span><span role=\"presentation\">Longueur du c\u00e2ble d&rsquo;alimentation:\u00a0 160 cm<\/span><\/span><br role=\"presentation\" \/><br \/>\n\t<span><span role=\"presentation\">Longueur du c\u00e2ble de connexion du r\u00e9veil:\u00a0190 cm (mod\u00e8le A-3310-0 uniquement)<\/span><\/span>\n<\/div>\n","protected":false},"excerpt":{"rendered":"<p>Conception robuste, r\u00e9veille m\u00eame du plus profond sommeil<\/p>\n","protected":false},"featured_media":19582,"template":"","meta":{"inline_featured_image":false,"_uag_custom_page_level_css":"","site-sidebar-layout":"default","site-content-layout":"","ast-site-content-layout":"default","site-content-style":"default","site-sidebar-style":"default","ast-global-header-display":"","ast-banner-title-visibility":"","ast-main-header-display":"","ast-hfb-above-header-display":"","ast-hfb-below-header-display":"","ast-hfb-mobile-header-display":"","site-post-title":"","ast-breadcrumbs-content":"","ast-featured-img":"","footer-sml-layout":"","ast-disable-related-posts":"","theme-transparent-header-meta":"","adv-header-id-meta":"","stick-header-meta":"","header-above-stick-meta":"","header-main-stick-meta":"","header-below-stick-meta":"","astra-migrate-meta-layouts":"default","ast-page-background-enabled":"default","ast-page-background-meta":{"desktop":{"background-color":"","background-image":"","background-repeat":"repeat","background-position":"center center","background-size":"auto","background-attachment":"scroll","background-type":"","background-media":"","overlay-type":"","overlay-color":"","overlay-opacity":"","overlay-gradient":""},"tablet":{"background-color":"","background-image":"","background-repeat":"repeat","background-position":"center center","background-size":"auto","background-attachment":"scroll","background-type":"","background-media":"","overlay-type":"","overlay-color":"","overlay-opacity":"","overlay-gradient":""},"mobile":{"background-color":"","background-image":"","background-repeat":"repeat","background-position":"center center","background-size":"auto","background-attachment":"scroll","background-type":"","background-media":"","overlay-type":"","overlay-color":"","overlay-opacity":"","overlay-gradient":""}},"ast-content-background-meta":{"desktop":{"background-color":"var(--ast-global-color-5)","background-image":"","background-repeat":"repeat","background-position":"center center","background-size":"auto","background-attachment":"scroll","background-type":"","background-media":"","overlay-type":"","overlay-color":"","overlay-opacity":"","overlay-gradient":""},"tablet":{"background-color":"var(--ast-global-color-5)","background-image":"","background-repeat":"repeat","background-position":"center center","background-size":"auto","background-attachment":"scroll","background-type":"","background-media":"","overlay-type":"","overlay-color":"","overlay-opacity":"","overlay-gradient":""},"mobile":{"background-color":"var(--ast-global-color-5)","background-image":"","background-repeat":"repeat","background-position":"center center","background-size":"auto","background-attachment":"scroll","background-type":"","background-media":"","overlay-type":"","overlay-color":"","overlay-opacity":"","overlay-gradient":""}}},"product_brand":[],"product_cat":[2960,2974],"product_tag":[],"class_list":{"0":"post-19584","1":"product","2":"type-product","3":"status-publish","4":"has-post-thumbnail","6":"product_cat-accessoires-pour-appareils-auditifs-humantechnik-fr","7":"product_cat-reveils-vibrants-fr","8":"desktop-align-center","9":"tablet-align-center","10":"mobile-align-center","11":"ast-product-gallery-layout-horizontal-slider","12":"ast-product-gallery-with-no-image","13":"ast-product-tabs-layout-accordion","15":"first","16":"onbackorder","17":"taxable","18":"shipping-taxable","19":"purchasable","20":"product-type-simple"},"yoast_head":"<!-- This site is optimized with the Yoast SEO plugin v27.5 - https:\/\/yoast.com\/product\/yoast-seo-wordpress\/ -->\n<title>Humantechnik Syst\u00e8me vibrant pour prise de courant \u00e0 interrupteur im Onlineshop | Gleichcom AG<\/title>\n<meta name=\"description\" content=\"\u2705 Conception robuste, r\u00e9veille m\u00eame du plus profond sommeil\" \/>\n<meta name=\"robots\" content=\"noindex, follow, max-snippet:-1, max-image-preview:large, max-video-preview:-1\" \/>\n<meta property=\"og:locale\" content=\"fr_FR\" \/>\n<meta property=\"og:type\" content=\"article\" \/>\n<meta property=\"og:title\" content=\"Humantechnik Syst\u00e8me vibrant pour prise de courant \u00e0 interrupteur im Onlineshop | Gleichcom AG\" \/>\n<meta property=\"og:description\" content=\"\u2705 Conception robuste, r\u00e9veille m\u00eame du plus profond sommeil\" \/>\n<meta property=\"og:url\" content=\"https:\/\/www.gleichcom.samuraidev.ch\/fr\/shop\/humantechnik-vibrationsanlage-fuer-schaltsteckdosenbetrieb\/\" \/>\n<meta property=\"og:site_name\" content=\"Gleichcom AG\" \/>\n<meta property=\"article:publisher\" content=\"https:\/\/www.facebook.com\/profile.php?id=100068749126981\" \/>\n<meta property=\"og:image\" content=\"https:\/\/www.gleichcom.samuraidev.ch\/wp-content\/uploads\/2023\/09\/Vibrationsanlage_ModellB3310b.jpg\" \/>\n\t<meta property=\"og:image:width\" content=\"500\" \/>\n\t<meta property=\"og:image:height\" content=\"225\" \/>\n\t<meta property=\"og:image:type\" content=\"image\/jpeg\" \/>\n<meta name=\"twitter:card\" content=\"summary_large_image\" \/>\n<script type=\"application\/ld+json\" class=\"yoast-schema-graph\">{\"@context\":\"https:\\\/\\\/schema.org\",\"@graph\":[{\"@type\":\"WebPage\",\"@id\":\"https:\\\/\\\/www.gleichcom.samuraidev.ch\\\/fr\\\/shop\\\/humantechnik-vibrationsanlage-fuer-schaltsteckdosenbetrieb\\\/\",\"url\":\"https:\\\/\\\/www.gleichcom.samuraidev.ch\\\/fr\\\/shop\\\/humantechnik-vibrationsanlage-fuer-schaltsteckdosenbetrieb\\\/\",\"name\":\"Humantechnik Syst\u00e8me vibrant pour prise de courant \u00e0 interrupteur im Onlineshop | Gleichcom AG\",\"isPartOf\":{\"@id\":\"https:\\\/\\\/www.gleichcom.samuraidev.ch\\\/fr\\\/#website\"},\"primaryImageOfPage\":{\"@id\":\"https:\\\/\\\/www.gleichcom.samuraidev.ch\\\/fr\\\/shop\\\/humantechnik-vibrationsanlage-fuer-schaltsteckdosenbetrieb\\\/#primaryimage\"},\"image\":{\"@id\":\"https:\\\/\\\/www.gleichcom.samuraidev.ch\\\/fr\\\/shop\\\/humantechnik-vibrationsanlage-fuer-schaltsteckdosenbetrieb\\\/#primaryimage\"},\"thumbnailUrl\":\"https:\\\/\\\/www.gleichcom.samuraidev.ch\\\/wp-content\\\/uploads\\\/2023\\\/09\\\/Vibrationsanlage_ModellB3310b.jpg\",\"datePublished\":\"2022-11-07T13:49:00+00:00\",\"description\":\"\u2705 Conception robuste, r\u00e9veille m\u00eame du plus profond sommeil\",\"breadcrumb\":{\"@id\":\"https:\\\/\\\/www.gleichcom.samuraidev.ch\\\/fr\\\/shop\\\/humantechnik-vibrationsanlage-fuer-schaltsteckdosenbetrieb\\\/#breadcrumb\"},\"inLanguage\":\"fr-FR\",\"potentialAction\":[{\"@type\":\"ReadAction\",\"target\":[\"https:\\\/\\\/www.gleichcom.samuraidev.ch\\\/fr\\\/shop\\\/humantechnik-vibrationsanlage-fuer-schaltsteckdosenbetrieb\\\/\"]}]},{\"@type\":\"ImageObject\",\"inLanguage\":\"fr-FR\",\"@id\":\"https:\\\/\\\/www.gleichcom.samuraidev.ch\\\/fr\\\/shop\\\/humantechnik-vibrationsanlage-fuer-schaltsteckdosenbetrieb\\\/#primaryimage\",\"url\":\"https:\\\/\\\/www.gleichcom.samuraidev.ch\\\/wp-content\\\/uploads\\\/2023\\\/09\\\/Vibrationsanlage_ModellB3310b.jpg\",\"contentUrl\":\"https:\\\/\\\/www.gleichcom.samuraidev.ch\\\/wp-content\\\/uploads\\\/2023\\\/09\\\/Vibrationsanlage_ModellB3310b.jpg\",\"width\":500,\"height\":225},{\"@type\":\"BreadcrumbList\",\"@id\":\"https:\\\/\\\/www.gleichcom.samuraidev.ch\\\/fr\\\/shop\\\/humantechnik-vibrationsanlage-fuer-schaltsteckdosenbetrieb\\\/#breadcrumb\",\"itemListElement\":[{\"@type\":\"ListItem\",\"position\":1,\"name\":\"Startseite\",\"item\":\"https:\\\/\\\/www.gleichcom.samuraidev.ch\\\/fr\\\/\"},{\"@type\":\"ListItem\",\"position\":2,\"name\":\"Shop\",\"item\":\"https:\\\/\\\/www.gleichcom.samuraidev.ch\\\/fr\\\/shop\\\/\"},{\"@type\":\"ListItem\",\"position\":3,\"name\":\"Humantechnik Syst\u00e8me vibrant pour prise de courant \u00e0 interrupteur\"}]},{\"@type\":\"WebSite\",\"@id\":\"https:\\\/\\\/www.gleichcom.samuraidev.ch\\\/fr\\\/#website\",\"url\":\"https:\\\/\\\/www.gleichcom.samuraidev.ch\\\/fr\\\/\",\"name\":\"Gleichcom AG\",\"description\":\"besser h\u00f6ren. besser sehen. besser leben.\",\"publisher\":{\"@id\":\"https:\\\/\\\/www.gleichcom.samuraidev.ch\\\/fr\\\/#organization\"},\"alternateName\":\"Gleichcom\",\"potentialAction\":[{\"@type\":\"SearchAction\",\"target\":{\"@type\":\"EntryPoint\",\"urlTemplate\":\"https:\\\/\\\/www.gleichcom.samuraidev.ch\\\/fr\\\/?s={search_term_string}\"},\"query-input\":{\"@type\":\"PropertyValueSpecification\",\"valueRequired\":true,\"valueName\":\"search_term_string\"}}],\"inLanguage\":\"fr-FR\"},{\"@type\":\"Organization\",\"@id\":\"https:\\\/\\\/www.gleichcom.samuraidev.ch\\\/fr\\\/#organization\",\"name\":\"Gleichcom AG\",\"alternateName\":\"Gleichcom\",\"url\":\"https:\\\/\\\/www.gleichcom.samuraidev.ch\\\/fr\\\/\",\"logo\":{\"@type\":\"ImageObject\",\"inLanguage\":\"fr-FR\",\"@id\":\"https:\\\/\\\/www.gleichcom.samuraidev.ch\\\/fr\\\/#\\\/schema\\\/logo\\\/image\\\/\",\"url\":\"https:\\\/\\\/www.gleichcom.samuraidev.ch\\\/wp-content\\\/uploads\\\/2023\\\/09\\\/gleichcom-ag-logo-quadrat-farbig-mitte@696.png\",\"contentUrl\":\"https:\\\/\\\/www.gleichcom.samuraidev.ch\\\/wp-content\\\/uploads\\\/2023\\\/09\\\/gleichcom-ag-logo-quadrat-farbig-mitte@696.png\",\"width\":437,\"height\":437,\"caption\":\"Gleichcom AG\"},\"image\":{\"@id\":\"https:\\\/\\\/www.gleichcom.samuraidev.ch\\\/fr\\\/#\\\/schema\\\/logo\\\/image\\\/\"},\"sameAs\":[\"https:\\\/\\\/www.facebook.com\\\/profile.php?id=100068749126981\"]}]}<\/script>\n<!-- \/ Yoast SEO plugin. -->","yoast_head_json":{"title":"Humantechnik Syst\u00e8me vibrant pour prise de courant \u00e0 interrupteur im Onlineshop | Gleichcom AG","description":"\u2705 Conception robuste, r\u00e9veille m\u00eame du plus profond sommeil","robots":{"index":"noindex","follow":"follow","max-snippet":"max-snippet:-1","max-image-preview":"max-image-preview:large","max-video-preview":"max-video-preview:-1"},"og_locale":"fr_FR","og_type":"article","og_title":"Humantechnik Syst\u00e8me vibrant pour prise de courant \u00e0 interrupteur im Onlineshop | Gleichcom AG","og_description":"\u2705 Conception robuste, r\u00e9veille m\u00eame du plus profond sommeil","og_url":"https:\/\/www.gleichcom.samuraidev.ch\/fr\/shop\/humantechnik-vibrationsanlage-fuer-schaltsteckdosenbetrieb\/","og_site_name":"Gleichcom AG","article_publisher":"https:\/\/www.facebook.com\/profile.php?id=100068749126981","og_image":[{"width":500,"height":225,"url":"https:\/\/www.gleichcom.samuraidev.ch\/wp-content\/uploads\/2023\/09\/Vibrationsanlage_ModellB3310b.jpg","type":"image\/jpeg"}],"twitter_card":"summary_large_image","schema":{"@context":"https:\/\/schema.org","@graph":[{"@type":"WebPage","@id":"https:\/\/www.gleichcom.samuraidev.ch\/fr\/shop\/humantechnik-vibrationsanlage-fuer-schaltsteckdosenbetrieb\/","url":"https:\/\/www.gleichcom.samuraidev.ch\/fr\/shop\/humantechnik-vibrationsanlage-fuer-schaltsteckdosenbetrieb\/","name":"Humantechnik Syst\u00e8me vibrant pour prise de courant \u00e0 interrupteur im Onlineshop | Gleichcom AG","isPartOf":{"@id":"https:\/\/www.gleichcom.samuraidev.ch\/fr\/#website"},"primaryImageOfPage":{"@id":"https:\/\/www.gleichcom.samuraidev.ch\/fr\/shop\/humantechnik-vibrationsanlage-fuer-schaltsteckdosenbetrieb\/#primaryimage"},"image":{"@id":"https:\/\/www.gleichcom.samuraidev.ch\/fr\/shop\/humantechnik-vibrationsanlage-fuer-schaltsteckdosenbetrieb\/#primaryimage"},"thumbnailUrl":"https:\/\/www.gleichcom.samuraidev.ch\/wp-content\/uploads\/2023\/09\/Vibrationsanlage_ModellB3310b.jpg","datePublished":"2022-11-07T13:49:00+00:00","description":"\u2705 Conception robuste, r\u00e9veille m\u00eame du plus profond sommeil","breadcrumb":{"@id":"https:\/\/www.gleichcom.samuraidev.ch\/fr\/shop\/humantechnik-vibrationsanlage-fuer-schaltsteckdosenbetrieb\/#breadcrumb"},"inLanguage":"fr-FR","potentialAction":[{"@type":"ReadAction","target":["https:\/\/www.gleichcom.samuraidev.ch\/fr\/shop\/humantechnik-vibrationsanlage-fuer-schaltsteckdosenbetrieb\/"]}]},{"@type":"ImageObject","inLanguage":"fr-FR","@id":"https:\/\/www.gleichcom.samuraidev.ch\/fr\/shop\/humantechnik-vibrationsanlage-fuer-schaltsteckdosenbetrieb\/#primaryimage","url":"https:\/\/www.gleichcom.samuraidev.ch\/wp-content\/uploads\/2023\/09\/Vibrationsanlage_ModellB3310b.jpg","contentUrl":"https:\/\/www.gleichcom.samuraidev.ch\/wp-content\/uploads\/2023\/09\/Vibrationsanlage_ModellB3310b.jpg","width":500,"height":225},{"@type":"BreadcrumbList","@id":"https:\/\/www.gleichcom.samuraidev.ch\/fr\/shop\/humantechnik-vibrationsanlage-fuer-schaltsteckdosenbetrieb\/#breadcrumb","itemListElement":[{"@type":"ListItem","position":1,"name":"Startseite","item":"https:\/\/www.gleichcom.samuraidev.ch\/fr\/"},{"@type":"ListItem","position":2,"name":"Shop","item":"https:\/\/www.gleichcom.samuraidev.ch\/fr\/shop\/"},{"@type":"ListItem","position":3,"name":"Humantechnik Syst\u00e8me vibrant pour prise de courant \u00e0 interrupteur"}]},{"@type":"WebSite","@id":"https:\/\/www.gleichcom.samuraidev.ch\/fr\/#website","url":"https:\/\/www.gleichcom.samuraidev.ch\/fr\/","name":"Gleichcom AG","description":"besser h\u00f6ren. besser sehen. besser leben.","publisher":{"@id":"https:\/\/www.gleichcom.samuraidev.ch\/fr\/#organization"},"alternateName":"Gleichcom","potentialAction":[{"@type":"SearchAction","target":{"@type":"EntryPoint","urlTemplate":"https:\/\/www.gleichcom.samuraidev.ch\/fr\/?s={search_term_string}"},"query-input":{"@type":"PropertyValueSpecification","valueRequired":true,"valueName":"search_term_string"}}],"inLanguage":"fr-FR"},{"@type":"Organization","@id":"https:\/\/www.gleichcom.samuraidev.ch\/fr\/#organization","name":"Gleichcom AG","alternateName":"Gleichcom","url":"https:\/\/www.gleichcom.samuraidev.ch\/fr\/","logo":{"@type":"ImageObject","inLanguage":"fr-FR","@id":"https:\/\/www.gleichcom.samuraidev.ch\/fr\/#\/schema\/logo\/image\/","url":"https:\/\/www.gleichcom.samuraidev.ch\/wp-content\/uploads\/2023\/09\/gleichcom-ag-logo-quadrat-farbig-mitte@696.png","contentUrl":"https:\/\/www.gleichcom.samuraidev.ch\/wp-content\/uploads\/2023\/09\/gleichcom-ag-logo-quadrat-farbig-mitte@696.png","width":437,"height":437,"caption":"Gleichcom AG"},"image":{"@id":"https:\/\/www.gleichcom.samuraidev.ch\/fr\/#\/schema\/logo\/image\/"},"sameAs":["https:\/\/www.facebook.com\/profile.php?id=100068749126981"]}]}},"uagb_featured_image_src":{"full":["https:\/\/www.gleichcom.samuraidev.ch\/wp-content\/uploads\/2023\/09\/Vibrationsanlage_ModellB3310b.jpg",500,225,false],"thumbnail":["https:\/\/www.gleichcom.samuraidev.ch\/wp-content\/uploads\/2023\/09\/Vibrationsanlage_ModellB3310b.jpg",150,68,false],"medium":["https:\/\/www.gleichcom.samuraidev.ch\/wp-content\/uploads\/2023\/09\/Vibrationsanlage_ModellB3310b.jpg",300,135,false],"medium_large":["https:\/\/www.gleichcom.samuraidev.ch\/wp-content\/uploads\/2023\/09\/Vibrationsanlage_ModellB3310b.jpg",500,225,false],"large":["https:\/\/www.gleichcom.samuraidev.ch\/wp-content\/uploads\/2023\/09\/Vibrationsanlage_ModellB3310b.jpg",500,225,false],"1536x1536":["https:\/\/www.gleichcom.samuraidev.ch\/wp-content\/uploads\/2023\/09\/Vibrationsanlage_ModellB3310b.jpg",500,225,false],"2048x2048":["https:\/\/www.gleichcom.samuraidev.ch\/wp-content\/uploads\/2023\/09\/Vibrationsanlage_ModellB3310b.jpg",500,225,false],"woocommerce_thumbnail":["https:\/\/www.gleichcom.samuraidev.ch\/wp-content\/uploads\/2023\/09\/Vibrationsanlage_ModellB3310b.jpg",300,135,false],"woocommerce_single":["https:\/\/www.gleichcom.samuraidev.ch\/wp-content\/uploads\/2023\/09\/Vibrationsanlage_ModellB3310b.jpg",500,225,false],"woocommerce_gallery_thumbnail":["https:\/\/www.gleichcom.samuraidev.ch\/wp-content\/uploads\/2023\/09\/Vibrationsanlage_ModellB3310b-100x100.jpg",100,100,true]},"uagb_author_info":{"display_name":"","author_link":"https:\/\/www.gleichcom.samuraidev.ch\/fr\/author\/"},"uagb_comment_info":0,"uagb_excerpt":"Conception robuste, r\u00e9veille m\u00eame du plus profond sommeil","_links":{"self":[{"href":"https:\/\/www.gleichcom.samuraidev.ch\/fr\/wp-json\/wp\/v2\/product\/19584","targetHints":{"allow":["GET"]}}],"collection":[{"href":"https:\/\/www.gleichcom.samuraidev.ch\/fr\/wp-json\/wp\/v2\/product"}],"about":[{"href":"https:\/\/www.gleichcom.samuraidev.ch\/fr\/wp-json\/wp\/v2\/types\/product"}],"wp:featuredmedia":[{"embeddable":true,"href":"https:\/\/www.gleichcom.samuraidev.ch\/fr\/wp-json\/wp\/v2\/media\/19582"}],"wp:attachment":[{"href":"https:\/\/www.gleichcom.samuraidev.ch\/fr\/wp-json\/wp\/v2\/media?parent=19584"}],"wp:term":[{"taxonomy":"product_brand","embeddable":true,"href":"https:\/\/www.gleichcom.samuraidev.ch\/fr\/wp-json\/wp\/v2\/product_brand?post=19584"},{"taxonomy":"product_cat","embeddable":true,"href":"https:\/\/www.gleichcom.samuraidev.ch\/fr\/wp-json\/wp\/v2\/product_cat?post=19584"},{"taxonomy":"product_tag","embeddable":true,"href":"https:\/\/www.gleichcom.samuraidev.ch\/fr\/wp-json\/wp\/v2\/product_tag?post=19584"}],"curies":[{"name":"wp","href":"https:\/\/api.w.org\/{rel}","templated":true}]}}