{"id":19986,"date":"2023-03-12T09:22:56","date_gmt":"2023-03-12T08:22:56","guid":{"rendered":"https:\/\/www.gleichcom.samuraidev.ch\/?product=dschunkes-royal-jelly-forte-trinkampullen-sparpack-4-stueck"},"modified":"1000-01-01T00:00:00","modified_gmt":"1000-01-01T00:00:00","slug":"dschunkes-royal-jelly-forte-trinkampullen-sparpack-4-stueck","status":"publish","type":"product","link":"https:\/\/www.gleichcom.samuraidev.ch\/fr\/shop\/dschunkes-royal-jelly-forte-trinkampullen-sparpack-4-stueck\/","title":{"rendered":"Ampoules \u00e0 boire Royal Jelly FORTE de Dschunkes en pack \u00e9conomique 4 pcs"},"content":{"rendered":"<p><strong>Dschunke Royal Jelly FORTE Ampoule de trink <\/strong>pack \u00e9conomique<br \/>\n(30 ampoules buvables \u00e0 10ml pour une cure de 30 jours).<\/p>\n<p>Une reine des abeilles vit 50 fois plus longtemps qu&rsquo;une abeille normale ! Pourquoi ? Les jeunes abeilles produisent la nourriture de la reine \u00e0 partir du pollen : la gel\u00e9e royale &#8211; la substance la plus pr\u00e9cieuse de la colonie d&rsquo;abeilles. Aucune autre substance naturelle ne contient autant d&rsquo;\u00e9l\u00e9ments constitutifs de la vie sous forme concentr\u00e9e.<\/p>\n<p>\u00a0\u00a0\u00a0 30 acides amin\u00e9s (x4)<br \/>\n\u00a0\u00a0\u00a0 Min\u00e9raux et oligo-\u00e9l\u00e9ments<br \/>\n\u00a0\u00a0\u00a0 Vitamines A, B-complexe, C, D, E, K, P<br \/>\n\u00a0\u00a0\u00a0 Enzymes, fer, calcium, magn\u00e9sium, potassium, mangan\u00e8se, etc.<\/p>\n<p>\nLa gel\u00e9e royale de Dschunkes est une recette originale authentiquement transmise, qui est con\u00e7ue pour permettre au corps humain d&rsquo;absorber de mani\u00e8re optimale la gel\u00e9e royale qu&rsquo;elle contient.<\/p>\n<p>Application<\/p>\n<p>\u00a0\u00a0\u00a0 En cas de fatigue, d&rsquo;\u00e9puisement ou de stress<br \/>\n\u00a0\u00a0\u00a0 au travail, \u00e0 l&rsquo;\u00e9cole ou dans les sports<br \/>\n\u00a0\u00a0\u00a0 Id\u00e9al \u00e9galement pour les femmes enceintes et les m\u00e8res qui allaitent !<\/p>\n<p>\nLa gel\u00e9e royale de Dschunke est disponible en deux variantes &#8211; STANDARD et FORTE :<br \/>\nLes deux variantes sont une boisson pr\u00eate \u00e0 boire \u00e0 base de miel naturel et de gel\u00e9e royale. Normalement, la gel\u00e9e royale standard de Dschunke est tout \u00e0 fait suffisante. Il s&rsquo;agit de la recette traditionnelle originale. Dschunkes Royal Jelly Forte 2000 mg contient une proportion encore plus \u00e9lev\u00e9e de gel\u00e9e royale. Il est recommand\u00e9, par exemple, pour les sportifs de haut niveau ou pour les sympt\u00f4mes de burnout.<\/p>\n<p>Boisson naturelle pr\u00eate \u00e0 boire \u00e0 base de miel et de gel\u00e9e royale pour lutter contre la fatigue, l&rsquo;\u00e9puisement ou le stress, au travail, \u00e0 l&rsquo;\u00e9cole ou dans le sport. Id\u00e9al \u00e9galement pour les femmes enceintes et les m\u00e8res qui allaitent !<\/p>\n","protected":false},"excerpt":{"rendered":"<p>Boisson naturelle pr\u00eate \u00e0 boire \u00e0 base de miel et de gel\u00e9e royale pour lutter contre la fatigue, l&rsquo;\u00e9puisement ou le stress, au travail, \u00e0 l&rsquo;\u00e9cole ou dans le sport. Id\u00e9al \u00e9galement pour les femmes enceintes et les m\u00e8res qui allaitent !<\/p>\n<p>FORTE est SPECIFIQUEMENT recommand\u00e9 pour les athl\u00e8tes de haut niveau ou les sympt\u00f4mes d&rsquo;\u00e9puisement.<\/p>\n","protected":false},"featured_media":19984,"template":"","meta":{"inline_featured_image":false,"_uag_custom_page_level_css":"","site-sidebar-layout":"default","site-content-layout":"","ast-site-content-layout":"default","site-content-style":"default","site-sidebar-style":"default","ast-global-header-display":"","ast-banner-title-visibility":"","ast-main-header-display":"","ast-hfb-above-header-display":"","ast-hfb-below-header-display":"","ast-hfb-mobile-header-display":"","site-post-title":"","ast-breadcrumbs-content":"","ast-featured-img":"","footer-sml-layout":"","ast-disable-related-posts":"","theme-transparent-header-meta":"","adv-header-id-meta":"","stick-header-meta":"","header-above-stick-meta":"","header-main-stick-meta":"","header-below-stick-meta":"","astra-migrate-meta-layouts":"default","ast-page-background-enabled":"default","ast-page-background-meta":{"desktop":{"background-color":"","background-image":"","background-repeat":"repeat","background-position":"center center","background-size":"auto","background-attachment":"scroll","background-type":"","background-media":"","overlay-type":"","overlay-color":"","overlay-opacity":"","overlay-gradient":""},"tablet":{"background-color":"","background-image":"","background-repeat":"repeat","background-position":"center center","background-size":"auto","background-attachment":"scroll","background-type":"","background-media":"","overlay-type":"","overlay-color":"","overlay-opacity":"","overlay-gradient":""},"mobile":{"background-color":"","background-image":"","background-repeat":"repeat","background-position":"center center","background-size":"auto","background-attachment":"scroll","background-type":"","background-media":"","overlay-type":"","overlay-color":"","overlay-opacity":"","overlay-gradient":""}},"ast-content-background-meta":{"desktop":{"background-color":"var(--ast-global-color-5)","background-image":"","background-repeat":"repeat","background-position":"center center","background-size":"auto","background-attachment":"scroll","background-type":"","background-media":"","overlay-type":"","overlay-color":"","overlay-opacity":"","overlay-gradient":""},"tablet":{"background-color":"var(--ast-global-color-5)","background-image":"","background-repeat":"repeat","background-position":"center center","background-size":"auto","background-attachment":"scroll","background-type":"","background-media":"","overlay-type":"","overlay-color":"","overlay-opacity":"","overlay-gradient":""},"mobile":{"background-color":"var(--ast-global-color-5)","background-image":"","background-repeat":"repeat","background-position":"center center","background-size":"auto","background-attachment":"scroll","background-type":"","background-media":"","overlay-type":"","overlay-color":"","overlay-opacity":"","overlay-gradient":""}}},"product_brand":[],"product_cat":[1776],"product_tag":[],"class_list":{"0":"post-19986","1":"product","2":"type-product","3":"status-publish","4":"has-post-thumbnail","6":"product_cat-unkategorisiert","7":"desktop-align-center","8":"tablet-align-center","9":"mobile-align-center","10":"ast-product-gallery-layout-horizontal-slider","11":"ast-product-gallery-with-no-image","12":"ast-product-tabs-layout-accordion","14":"first","15":"instock","16":"taxable","17":"shipping-taxable","18":"purchasable","19":"product-type-simple"},"yoast_head":"<!-- This site is optimized with the Yoast SEO plugin v27.5 - https:\/\/yoast.com\/product\/yoast-seo-wordpress\/ -->\n<title>Ampoules \u00e0 boire Royal Jelly FORTE de Dschunkes en pack \u00e9conomique 4 pcs im Onlineshop | Gleichcom AG<\/title>\n<meta name=\"description\" content=\"\u2705 Boisson naturelle pr\u00eate \u00e0 boire \u00e0 base de miel et de gel\u00e9e royale pour lutter contre la fatigue, l&#039;\u00e9puisement ou le stress, au travail, \u00e0 l&#039;\u00e9cole ou dans le sport. Id\u00e9al \u00e9galement pour les femmes enceintes et les m\u00e8res qui allaitent !  FORTE est SPECIFIQUEMENT recommand\u00e9 pour les athl\u00e8tes de haut niveau ou les sympt\u00f4mes d&#039;\u00e9puisement.\" \/>\n<meta name=\"robots\" content=\"noindex, follow, max-snippet:-1, max-image-preview:large, max-video-preview:-1\" \/>\n<meta property=\"og:locale\" content=\"fr_FR\" \/>\n<meta property=\"og:type\" content=\"article\" \/>\n<meta property=\"og:title\" content=\"Ampoules \u00e0 boire Royal Jelly FORTE de Dschunkes en pack \u00e9conomique 4 pcs im Onlineshop | Gleichcom AG\" \/>\n<meta property=\"og:description\" content=\"\u2705 Boisson naturelle pr\u00eate \u00e0 boire \u00e0 base de miel et de gel\u00e9e royale pour lutter contre la fatigue, l&#039;\u00e9puisement ou le stress, au travail, \u00e0 l&#039;\u00e9cole ou dans le sport. Id\u00e9al \u00e9galement pour les femmes enceintes et les m\u00e8res qui allaitent !  FORTE est SPECIFIQUEMENT recommand\u00e9 pour les athl\u00e8tes de haut niveau ou les sympt\u00f4mes d&#039;\u00e9puisement.\" \/>\n<meta property=\"og:url\" content=\"https:\/\/www.gleichcom.samuraidev.ch\/fr\/shop\/dschunkes-royal-jelly-forte-trinkampullen-sparpack-4-stueck\/\" \/>\n<meta property=\"og:site_name\" content=\"Gleichcom AG\" \/>\n<meta property=\"article:publisher\" content=\"https:\/\/www.facebook.com\/profile.php?id=100068749126981\" \/>\n<meta property=\"og:image\" content=\"https:\/\/www.gleichcom.samuraidev.ch\/wp-content\/uploads\/2023\/09\/royaljellyforte_5145_0.png\" \/>\n\t<meta property=\"og:image:width\" content=\"500\" \/>\n\t<meta property=\"og:image:height\" content=\"215\" \/>\n\t<meta property=\"og:image:type\" content=\"image\/png\" \/>\n<meta name=\"twitter:card\" content=\"summary_large_image\" \/>\n<script type=\"application\/ld+json\" class=\"yoast-schema-graph\">{\"@context\":\"https:\\\/\\\/schema.org\",\"@graph\":[{\"@type\":\"WebPage\",\"@id\":\"https:\\\/\\\/www.gleichcom.samuraidev.ch\\\/fr\\\/shop\\\/dschunkes-royal-jelly-forte-trinkampullen-sparpack-4-stueck\\\/\",\"url\":\"https:\\\/\\\/www.gleichcom.samuraidev.ch\\\/fr\\\/shop\\\/dschunkes-royal-jelly-forte-trinkampullen-sparpack-4-stueck\\\/\",\"name\":\"Ampoules \u00e0 boire Royal Jelly FORTE de Dschunkes en pack \u00e9conomique 4 pcs im Onlineshop | Gleichcom AG\",\"isPartOf\":{\"@id\":\"https:\\\/\\\/www.gleichcom.samuraidev.ch\\\/fr\\\/#website\"},\"primaryImageOfPage\":{\"@id\":\"https:\\\/\\\/www.gleichcom.samuraidev.ch\\\/fr\\\/shop\\\/dschunkes-royal-jelly-forte-trinkampullen-sparpack-4-stueck\\\/#primaryimage\"},\"image\":{\"@id\":\"https:\\\/\\\/www.gleichcom.samuraidev.ch\\\/fr\\\/shop\\\/dschunkes-royal-jelly-forte-trinkampullen-sparpack-4-stueck\\\/#primaryimage\"},\"thumbnailUrl\":\"https:\\\/\\\/www.gleichcom.samuraidev.ch\\\/wp-content\\\/uploads\\\/2023\\\/09\\\/royaljellyforte_5145_0.png\",\"datePublished\":\"2023-03-12T08:22:56+00:00\",\"description\":\"\u2705 Boisson naturelle pr\u00eate \u00e0 boire \u00e0 base de miel et de gel\u00e9e royale pour lutter contre la fatigue, l'\u00e9puisement ou le stress, au travail, \u00e0 l'\u00e9cole ou dans le sport. Id\u00e9al \u00e9galement pour les femmes enceintes et les m\u00e8res qui allaitent ! FORTE est SPECIFIQUEMENT recommand\u00e9 pour les athl\u00e8tes de haut niveau ou les sympt\u00f4mes d'\u00e9puisement.\",\"breadcrumb\":{\"@id\":\"https:\\\/\\\/www.gleichcom.samuraidev.ch\\\/fr\\\/shop\\\/dschunkes-royal-jelly-forte-trinkampullen-sparpack-4-stueck\\\/#breadcrumb\"},\"inLanguage\":\"fr-FR\",\"potentialAction\":[{\"@type\":\"ReadAction\",\"target\":[\"https:\\\/\\\/www.gleichcom.samuraidev.ch\\\/fr\\\/shop\\\/dschunkes-royal-jelly-forte-trinkampullen-sparpack-4-stueck\\\/\"]}]},{\"@type\":\"ImageObject\",\"inLanguage\":\"fr-FR\",\"@id\":\"https:\\\/\\\/www.gleichcom.samuraidev.ch\\\/fr\\\/shop\\\/dschunkes-royal-jelly-forte-trinkampullen-sparpack-4-stueck\\\/#primaryimage\",\"url\":\"https:\\\/\\\/www.gleichcom.samuraidev.ch\\\/wp-content\\\/uploads\\\/2023\\\/09\\\/royaljellyforte_5145_0.png\",\"contentUrl\":\"https:\\\/\\\/www.gleichcom.samuraidev.ch\\\/wp-content\\\/uploads\\\/2023\\\/09\\\/royaljellyforte_5145_0.png\",\"width\":500,\"height\":215},{\"@type\":\"BreadcrumbList\",\"@id\":\"https:\\\/\\\/www.gleichcom.samuraidev.ch\\\/fr\\\/shop\\\/dschunkes-royal-jelly-forte-trinkampullen-sparpack-4-stueck\\\/#breadcrumb\",\"itemListElement\":[{\"@type\":\"ListItem\",\"position\":1,\"name\":\"Startseite\",\"item\":\"https:\\\/\\\/www.gleichcom.samuraidev.ch\\\/fr\\\/\"},{\"@type\":\"ListItem\",\"position\":2,\"name\":\"Shop\",\"item\":\"https:\\\/\\\/www.gleichcom.samuraidev.ch\\\/fr\\\/shop\\\/\"},{\"@type\":\"ListItem\",\"position\":3,\"name\":\"Ampoules \u00e0 boire Royal Jelly FORTE de Dschunkes en pack \u00e9conomique 4 pcs\"}]},{\"@type\":\"WebSite\",\"@id\":\"https:\\\/\\\/www.gleichcom.samuraidev.ch\\\/fr\\\/#website\",\"url\":\"https:\\\/\\\/www.gleichcom.samuraidev.ch\\\/fr\\\/\",\"name\":\"Gleichcom AG\",\"description\":\"besser h\u00f6ren. besser sehen. besser leben.\",\"publisher\":{\"@id\":\"https:\\\/\\\/www.gleichcom.samuraidev.ch\\\/fr\\\/#organization\"},\"alternateName\":\"Gleichcom\",\"potentialAction\":[{\"@type\":\"SearchAction\",\"target\":{\"@type\":\"EntryPoint\",\"urlTemplate\":\"https:\\\/\\\/www.gleichcom.samuraidev.ch\\\/fr\\\/?s={search_term_string}\"},\"query-input\":{\"@type\":\"PropertyValueSpecification\",\"valueRequired\":true,\"valueName\":\"search_term_string\"}}],\"inLanguage\":\"fr-FR\"},{\"@type\":\"Organization\",\"@id\":\"https:\\\/\\\/www.gleichcom.samuraidev.ch\\\/fr\\\/#organization\",\"name\":\"Gleichcom AG\",\"alternateName\":\"Gleichcom\",\"url\":\"https:\\\/\\\/www.gleichcom.samuraidev.ch\\\/fr\\\/\",\"logo\":{\"@type\":\"ImageObject\",\"inLanguage\":\"fr-FR\",\"@id\":\"https:\\\/\\\/www.gleichcom.samuraidev.ch\\\/fr\\\/#\\\/schema\\\/logo\\\/image\\\/\",\"url\":\"https:\\\/\\\/www.gleichcom.samuraidev.ch\\\/wp-content\\\/uploads\\\/2023\\\/09\\\/gleichcom-ag-logo-quadrat-farbig-mitte@696.png\",\"contentUrl\":\"https:\\\/\\\/www.gleichcom.samuraidev.ch\\\/wp-content\\\/uploads\\\/2023\\\/09\\\/gleichcom-ag-logo-quadrat-farbig-mitte@696.png\",\"width\":437,\"height\":437,\"caption\":\"Gleichcom AG\"},\"image\":{\"@id\":\"https:\\\/\\\/www.gleichcom.samuraidev.ch\\\/fr\\\/#\\\/schema\\\/logo\\\/image\\\/\"},\"sameAs\":[\"https:\\\/\\\/www.facebook.com\\\/profile.php?id=100068749126981\"]}]}<\/script>\n<!-- \/ Yoast SEO plugin. -->","yoast_head_json":{"title":"Ampoules \u00e0 boire Royal Jelly FORTE de Dschunkes en pack \u00e9conomique 4 pcs im Onlineshop | Gleichcom AG","description":"\u2705 Boisson naturelle pr\u00eate \u00e0 boire \u00e0 base de miel et de gel\u00e9e royale pour lutter contre la fatigue, l'\u00e9puisement ou le stress, au travail, \u00e0 l'\u00e9cole ou dans le sport. Id\u00e9al \u00e9galement pour les femmes enceintes et les m\u00e8res qui allaitent !  FORTE est SPECIFIQUEMENT recommand\u00e9 pour les athl\u00e8tes de haut niveau ou les sympt\u00f4mes d'\u00e9puisement.","robots":{"index":"noindex","follow":"follow","max-snippet":"max-snippet:-1","max-image-preview":"max-image-preview:large","max-video-preview":"max-video-preview:-1"},"og_locale":"fr_FR","og_type":"article","og_title":"Ampoules \u00e0 boire Royal Jelly FORTE de Dschunkes en pack \u00e9conomique 4 pcs im Onlineshop | Gleichcom AG","og_description":"\u2705 Boisson naturelle pr\u00eate \u00e0 boire \u00e0 base de miel et de gel\u00e9e royale pour lutter contre la fatigue, l'\u00e9puisement ou le stress, au travail, \u00e0 l'\u00e9cole ou dans le sport. Id\u00e9al \u00e9galement pour les femmes enceintes et les m\u00e8res qui allaitent !  FORTE est SPECIFIQUEMENT recommand\u00e9 pour les athl\u00e8tes de haut niveau ou les sympt\u00f4mes d'\u00e9puisement.","og_url":"https:\/\/www.gleichcom.samuraidev.ch\/fr\/shop\/dschunkes-royal-jelly-forte-trinkampullen-sparpack-4-stueck\/","og_site_name":"Gleichcom AG","article_publisher":"https:\/\/www.facebook.com\/profile.php?id=100068749126981","og_image":[{"width":500,"height":215,"url":"https:\/\/www.gleichcom.samuraidev.ch\/wp-content\/uploads\/2023\/09\/royaljellyforte_5145_0.png","type":"image\/png"}],"twitter_card":"summary_large_image","schema":{"@context":"https:\/\/schema.org","@graph":[{"@type":"WebPage","@id":"https:\/\/www.gleichcom.samuraidev.ch\/fr\/shop\/dschunkes-royal-jelly-forte-trinkampullen-sparpack-4-stueck\/","url":"https:\/\/www.gleichcom.samuraidev.ch\/fr\/shop\/dschunkes-royal-jelly-forte-trinkampullen-sparpack-4-stueck\/","name":"Ampoules \u00e0 boire Royal Jelly FORTE de Dschunkes en pack \u00e9conomique 4 pcs im Onlineshop | Gleichcom AG","isPartOf":{"@id":"https:\/\/www.gleichcom.samuraidev.ch\/fr\/#website"},"primaryImageOfPage":{"@id":"https:\/\/www.gleichcom.samuraidev.ch\/fr\/shop\/dschunkes-royal-jelly-forte-trinkampullen-sparpack-4-stueck\/#primaryimage"},"image":{"@id":"https:\/\/www.gleichcom.samuraidev.ch\/fr\/shop\/dschunkes-royal-jelly-forte-trinkampullen-sparpack-4-stueck\/#primaryimage"},"thumbnailUrl":"https:\/\/www.gleichcom.samuraidev.ch\/wp-content\/uploads\/2023\/09\/royaljellyforte_5145_0.png","datePublished":"2023-03-12T08:22:56+00:00","description":"\u2705 Boisson naturelle pr\u00eate \u00e0 boire \u00e0 base de miel et de gel\u00e9e royale pour lutter contre la fatigue, l'\u00e9puisement ou le stress, au travail, \u00e0 l'\u00e9cole ou dans le sport. Id\u00e9al \u00e9galement pour les femmes enceintes et les m\u00e8res qui allaitent ! FORTE est SPECIFIQUEMENT recommand\u00e9 pour les athl\u00e8tes de haut niveau ou les sympt\u00f4mes d'\u00e9puisement.","breadcrumb":{"@id":"https:\/\/www.gleichcom.samuraidev.ch\/fr\/shop\/dschunkes-royal-jelly-forte-trinkampullen-sparpack-4-stueck\/#breadcrumb"},"inLanguage":"fr-FR","potentialAction":[{"@type":"ReadAction","target":["https:\/\/www.gleichcom.samuraidev.ch\/fr\/shop\/dschunkes-royal-jelly-forte-trinkampullen-sparpack-4-stueck\/"]}]},{"@type":"ImageObject","inLanguage":"fr-FR","@id":"https:\/\/www.gleichcom.samuraidev.ch\/fr\/shop\/dschunkes-royal-jelly-forte-trinkampullen-sparpack-4-stueck\/#primaryimage","url":"https:\/\/www.gleichcom.samuraidev.ch\/wp-content\/uploads\/2023\/09\/royaljellyforte_5145_0.png","contentUrl":"https:\/\/www.gleichcom.samuraidev.ch\/wp-content\/uploads\/2023\/09\/royaljellyforte_5145_0.png","width":500,"height":215},{"@type":"BreadcrumbList","@id":"https:\/\/www.gleichcom.samuraidev.ch\/fr\/shop\/dschunkes-royal-jelly-forte-trinkampullen-sparpack-4-stueck\/#breadcrumb","itemListElement":[{"@type":"ListItem","position":1,"name":"Startseite","item":"https:\/\/www.gleichcom.samuraidev.ch\/fr\/"},{"@type":"ListItem","position":2,"name":"Shop","item":"https:\/\/www.gleichcom.samuraidev.ch\/fr\/shop\/"},{"@type":"ListItem","position":3,"name":"Ampoules \u00e0 boire Royal Jelly FORTE de Dschunkes en pack \u00e9conomique 4 pcs"}]},{"@type":"WebSite","@id":"https:\/\/www.gleichcom.samuraidev.ch\/fr\/#website","url":"https:\/\/www.gleichcom.samuraidev.ch\/fr\/","name":"Gleichcom AG","description":"besser h\u00f6ren. besser sehen. besser leben.","publisher":{"@id":"https:\/\/www.gleichcom.samuraidev.ch\/fr\/#organization"},"alternateName":"Gleichcom","potentialAction":[{"@type":"SearchAction","target":{"@type":"EntryPoint","urlTemplate":"https:\/\/www.gleichcom.samuraidev.ch\/fr\/?s={search_term_string}"},"query-input":{"@type":"PropertyValueSpecification","valueRequired":true,"valueName":"search_term_string"}}],"inLanguage":"fr-FR"},{"@type":"Organization","@id":"https:\/\/www.gleichcom.samuraidev.ch\/fr\/#organization","name":"Gleichcom AG","alternateName":"Gleichcom","url":"https:\/\/www.gleichcom.samuraidev.ch\/fr\/","logo":{"@type":"ImageObject","inLanguage":"fr-FR","@id":"https:\/\/www.gleichcom.samuraidev.ch\/fr\/#\/schema\/logo\/image\/","url":"https:\/\/www.gleichcom.samuraidev.ch\/wp-content\/uploads\/2023\/09\/gleichcom-ag-logo-quadrat-farbig-mitte@696.png","contentUrl":"https:\/\/www.gleichcom.samuraidev.ch\/wp-content\/uploads\/2023\/09\/gleichcom-ag-logo-quadrat-farbig-mitte@696.png","width":437,"height":437,"caption":"Gleichcom AG"},"image":{"@id":"https:\/\/www.gleichcom.samuraidev.ch\/fr\/#\/schema\/logo\/image\/"},"sameAs":["https:\/\/www.facebook.com\/profile.php?id=100068749126981"]}]}},"uagb_featured_image_src":{"full":["https:\/\/www.gleichcom.samuraidev.ch\/wp-content\/uploads\/2023\/09\/royaljellyforte_5145_0.png",500,215,false],"thumbnail":["https:\/\/www.gleichcom.samuraidev.ch\/wp-content\/uploads\/2023\/09\/royaljellyforte_5145_0.png",150,65,false],"medium":["https:\/\/www.gleichcom.samuraidev.ch\/wp-content\/uploads\/2023\/09\/royaljellyforte_5145_0.png",300,129,false],"medium_large":["https:\/\/www.gleichcom.samuraidev.ch\/wp-content\/uploads\/2023\/09\/royaljellyforte_5145_0.png",500,215,false],"large":["https:\/\/www.gleichcom.samuraidev.ch\/wp-content\/uploads\/2023\/09\/royaljellyforte_5145_0.png",500,215,false],"1536x1536":["https:\/\/www.gleichcom.samuraidev.ch\/wp-content\/uploads\/2023\/09\/royaljellyforte_5145_0.png",500,215,false],"2048x2048":["https:\/\/www.gleichcom.samuraidev.ch\/wp-content\/uploads\/2023\/09\/royaljellyforte_5145_0.png",500,215,false],"woocommerce_thumbnail":["https:\/\/www.gleichcom.samuraidev.ch\/wp-content\/uploads\/2023\/09\/royaljellyforte_5145_0.png",300,129,false],"woocommerce_single":["https:\/\/www.gleichcom.samuraidev.ch\/wp-content\/uploads\/2023\/09\/royaljellyforte_5145_0.png",500,215,false],"woocommerce_gallery_thumbnail":["https:\/\/www.gleichcom.samuraidev.ch\/wp-content\/uploads\/2023\/09\/royaljellyforte_5145_0-100x100.png",100,100,true]},"uagb_author_info":{"display_name":"","author_link":"https:\/\/www.gleichcom.samuraidev.ch\/fr\/author\/"},"uagb_comment_info":0,"uagb_excerpt":"Boisson naturelle pr\u00eate \u00e0 boire \u00e0 base de miel et de gel\u00e9e royale pour lutter contre la fatigue, l'\u00e9puisement ou le stress, au travail, \u00e0 l'\u00e9cole ou dans le sport. Id\u00e9al \u00e9galement pour les femmes enceintes et les m\u00e8res qui allaitent ! FORTE est SPECIFIQUEMENT recommand\u00e9 pour les athl\u00e8tes de haut niveau ou les sympt\u00f4mes\u2026","_links":{"self":[{"href":"https:\/\/www.gleichcom.samuraidev.ch\/fr\/wp-json\/wp\/v2\/product\/19986","targetHints":{"allow":["GET"]}}],"collection":[{"href":"https:\/\/www.gleichcom.samuraidev.ch\/fr\/wp-json\/wp\/v2\/product"}],"about":[{"href":"https:\/\/www.gleichcom.samuraidev.ch\/fr\/wp-json\/wp\/v2\/types\/product"}],"wp:featuredmedia":[{"embeddable":true,"href":"https:\/\/www.gleichcom.samuraidev.ch\/fr\/wp-json\/wp\/v2\/media\/19984"}],"wp:attachment":[{"href":"https:\/\/www.gleichcom.samuraidev.ch\/fr\/wp-json\/wp\/v2\/media?parent=19986"}],"wp:term":[{"taxonomy":"product_brand","embeddable":true,"href":"https:\/\/www.gleichcom.samuraidev.ch\/fr\/wp-json\/wp\/v2\/product_brand?post=19986"},{"taxonomy":"product_cat","embeddable":true,"href":"https:\/\/www.gleichcom.samuraidev.ch\/fr\/wp-json\/wp\/v2\/product_cat?post=19986"},{"taxonomy":"product_tag","embeddable":true,"href":"https:\/\/www.gleichcom.samuraidev.ch\/fr\/wp-json\/wp\/v2\/product_tag?post=19986"}],"curies":[{"name":"wp","href":"https:\/\/api.w.org\/{rel}","templated":true}]}}