{"id":20004,"date":"2023-03-21T11:04:13","date_gmt":"2023-03-21T10:04:13","guid":{"rendered":"https:\/\/www.gleichcom.samuraidev.ch\/?product=faltbarer-blinden-taststock-ohne-kugelspitze-inkl-gewinde-ossenberg-4-teilig-faltbar-150cm"},"modified":"1000-01-01T00:00:00","modified_gmt":"1000-01-01T00:00:00","slug":"faltbarer-blinden-taststock-ohne-kugelspitze-inkl-gewinde-ossenberg-4-teilig-faltbar-150cm","status":"publish","type":"product","link":"https:\/\/www.gleichcom.samuraidev.ch\/fr\/shop\/faltbarer-blinden-taststock-ohne-kugelspitze-inkl-gewinde-ossenberg-4-teilig-faltbar-150cm\/","title":{"rendered":"Canne \u00e0 t\u00e2tonnement pliable sans pointe \u00e0 bille, filetage inclus Ossenberg 4 pi\u00e8ces pliable 150cm"},"content":{"rendered":"<h3><strong>Canne \u00e0 t\u00e2tonnement pliable sans pointe \u00e0 bille, filetage inclus Ossenberg 4 pi\u00e8ces pliable 150cm<\/strong><\/h3>\n<p>\nCanne \u00e0 t\u00e2tonnement pratique et pliable<br \/>\nLa canne d&rsquo;aveugle d&rsquo;Ossenberg est une canne \u00e0 t\u00e2tonnement stable et pliable. Gr\u00e2ce \u00e0 la fonction de pliage, la canne peut \u00eatre repli\u00e9e \u00e0 une longueur de 40 cm. Cela permet de ranger la canne longue de mani\u00e8re optimale \u00e0 tout moment.<br \/>\n\u00a0<br \/>\nCanne extra l\u00e9g\u00e8re en m\u00e9tal l\u00e9ger<br \/>\nUne canne longue est l&rsquo;un des outils les plus importants pour l&rsquo;orientation des personnes aveugles. C&rsquo;est pr\u00e9cis\u00e9ment pour cette raison que la canne doit \u00eatre tr\u00e8s l\u00e9g\u00e8re et offrir une prise en main optimale, m\u00eame en cas d&rsquo;utilisation prolong\u00e9e. Gr\u00e2ce \u00e0 l&rsquo;utilisation de m\u00e9tal l\u00e9ger, la canne d&rsquo;aveugle est tr\u00e8s l\u00e9g\u00e8re (250 grammes) et tr\u00e8s stable.<br \/>\n\u00a0<br \/>\nS\u00e9curit\u00e9 optimale gr\u00e2ce au rev\u00eatement r\u00e9fl\u00e9chissant<br \/>\nPour votre s\u00e9curit\u00e9, la canne tactile est dot\u00e9e d&rsquo;un rev\u00eatement blanc r\u00e9fl\u00e9chissant. Ainsi, vous \u00eates per\u00e7u de mani\u00e8re optimale dans la circulation routi\u00e8re.<br \/>\n\u00a0<br \/>\n<strong>En un coup d&rsquo;\u0153il<\/strong><\/p>\n<p>\u00a0\u00a0\u00a0 Canne d&rsquo;aveugle pliable en 4 parties<br \/>\n\u00a0\u00a0\u00a0 longueur d\u00e9pli\u00e9e : 150,0 cm<br \/>\n\u00a0\u00a0\u00a0 Longueur pli\u00e9e : 40,0 cm<br \/>\n\u00a0\u00a0\u00a0 Canne d&rsquo;aveugle tr\u00e8s l\u00e9g\u00e8re avec seulement 250 g<br \/>\n\u00a0\u00a0\u00a0 En m\u00e9tal l\u00e9ger robuste<br \/>\n\u00a0\u00a0\u00a0 Poign\u00e9e avec dragonne fixe<br \/>\n\u00a0\u00a0\u00a0 Filetage pour l&rsquo;utilisation de diverses pointes<\/p>\n<p><strong>Contenu de la livraison<\/strong><\/p>\n<p>\u00a0\u00a0\u00a0 1 x canne d&rsquo;aveugle pliable 4 fois<br \/>\n\u00a0\u00a0\u00a0 1 x capuchon de protection si le filetage n&rsquo;est pas n\u00e9cessaire<\/p>\n","protected":false},"excerpt":{"rendered":"<p>Canne longue en m\u00e9tal l\u00e9ger, avec rev\u00eatement r\u00e9fl\u00e9chissant, fonction de pliage en 4 parties et longueur de canne de 150,0 cm.<\/p>\n","protected":false},"featured_media":19996,"template":"","meta":{"inline_featured_image":false,"_uag_custom_page_level_css":"","site-sidebar-layout":"default","site-content-layout":"","ast-site-content-layout":"default","site-content-style":"default","site-sidebar-style":"default","ast-global-header-display":"","ast-banner-title-visibility":"","ast-main-header-display":"","ast-hfb-above-header-display":"","ast-hfb-below-header-display":"","ast-hfb-mobile-header-display":"","site-post-title":"","ast-breadcrumbs-content":"","ast-featured-img":"","footer-sml-layout":"","ast-disable-related-posts":"","theme-transparent-header-meta":"","adv-header-id-meta":"","stick-header-meta":"","header-above-stick-meta":"","header-main-stick-meta":"","header-below-stick-meta":"","astra-migrate-meta-layouts":"default","ast-page-background-enabled":"default","ast-page-background-meta":{"desktop":{"background-color":"","background-image":"","background-repeat":"repeat","background-position":"center center","background-size":"auto","background-attachment":"scroll","background-type":"","background-media":"","overlay-type":"","overlay-color":"","overlay-opacity":"","overlay-gradient":""},"tablet":{"background-color":"","background-image":"","background-repeat":"repeat","background-position":"center center","background-size":"auto","background-attachment":"scroll","background-type":"","background-media":"","overlay-type":"","overlay-color":"","overlay-opacity":"","overlay-gradient":""},"mobile":{"background-color":"","background-image":"","background-repeat":"repeat","background-position":"center center","background-size":"auto","background-attachment":"scroll","background-type":"","background-media":"","overlay-type":"","overlay-color":"","overlay-opacity":"","overlay-gradient":""}},"ast-content-background-meta":{"desktop":{"background-color":"var(--ast-global-color-5)","background-image":"","background-repeat":"repeat","background-position":"center center","background-size":"auto","background-attachment":"scroll","background-type":"","background-media":"","overlay-type":"","overlay-color":"","overlay-opacity":"","overlay-gradient":""},"tablet":{"background-color":"var(--ast-global-color-5)","background-image":"","background-repeat":"repeat","background-position":"center center","background-size":"auto","background-attachment":"scroll","background-type":"","background-media":"","overlay-type":"","overlay-color":"","overlay-opacity":"","overlay-gradient":""},"mobile":{"background-color":"var(--ast-global-color-5)","background-image":"","background-repeat":"repeat","background-position":"center center","background-size":"auto","background-attachment":"scroll","background-type":"","background-media":"","overlay-type":"","overlay-color":"","overlay-opacity":"","overlay-gradient":""}}},"product_brand":[],"product_cat":[1776],"product_tag":[],"class_list":{"0":"post-20004","1":"product","2":"type-product","3":"status-publish","4":"has-post-thumbnail","6":"product_cat-unkategorisiert","7":"desktop-align-center","8":"tablet-align-center","9":"mobile-align-center","10":"ast-product-gallery-layout-horizontal-slider","11":"ast-product-tabs-layout-accordion","13":"first","14":"instock","15":"taxable","16":"shipping-taxable","17":"purchasable","18":"product-type-simple"},"yoast_head":"<!-- This site is optimized with the Yoast SEO plugin v27.6 - https:\/\/yoast.com\/product\/yoast-seo-wordpress\/ -->\n<title>Canne \u00e0 t\u00e2tonnement pliable sans pointe \u00e0 bille, filetage inclus Ossenberg 4 pi\u00e8ces pliable 150cm im Onlineshop | Gleichcom AG<\/title>\n<meta name=\"description\" content=\"\u2705 Canne longue en m\u00e9tal l\u00e9ger, avec rev\u00eatement r\u00e9fl\u00e9chissant, fonction de pliage en 4 parties et longueur de canne de 150,0 cm.\" \/>\n<meta name=\"robots\" content=\"noindex, follow, max-snippet:-1, max-image-preview:large, max-video-preview:-1\" \/>\n<meta property=\"og:locale\" content=\"fr_FR\" \/>\n<meta property=\"og:type\" content=\"article\" \/>\n<meta property=\"og:title\" content=\"Canne \u00e0 t\u00e2tonnement pliable sans pointe \u00e0 bille, filetage inclus Ossenberg 4 pi\u00e8ces pliable 150cm im Onlineshop | Gleichcom AG\" \/>\n<meta property=\"og:description\" content=\"\u2705 Canne longue en m\u00e9tal l\u00e9ger, avec rev\u00eatement r\u00e9fl\u00e9chissant, fonction de pliage en 4 parties et longueur de canne de 150,0 cm.\" \/>\n<meta property=\"og:url\" content=\"https:\/\/www.gleichcom.samuraidev.ch\/fr\/shop\/faltbarer-blinden-taststock-ohne-kugelspitze-inkl-gewinde-ossenberg-4-teilig-faltbar-150cm\/\" \/>\n<meta property=\"og:site_name\" content=\"Gleichcom AG\" \/>\n<meta property=\"article:publisher\" content=\"https:\/\/www.facebook.com\/profile.php?id=100068749126981\" \/>\n<meta property=\"og:image\" content=\"https:\/\/www.gleichcom.samuraidev.ch\/wp-content\/uploads\/2023\/09\/624standardausstattungmitnylonspitze_z_5147_0.jpg\" \/>\n\t<meta property=\"og:image:width\" content=\"500\" \/>\n\t<meta property=\"og:image:height\" content=\"500\" \/>\n\t<meta property=\"og:image:type\" content=\"image\/jpeg\" \/>\n<meta name=\"twitter:card\" content=\"summary_large_image\" \/>\n<script type=\"application\/ld+json\" class=\"yoast-schema-graph\">{\"@context\":\"https:\\\/\\\/schema.org\",\"@graph\":[{\"@type\":\"WebPage\",\"@id\":\"https:\\\/\\\/www.gleichcom.samuraidev.ch\\\/fr\\\/shop\\\/faltbarer-blinden-taststock-ohne-kugelspitze-inkl-gewinde-ossenberg-4-teilig-faltbar-150cm\\\/\",\"url\":\"https:\\\/\\\/www.gleichcom.samuraidev.ch\\\/fr\\\/shop\\\/faltbarer-blinden-taststock-ohne-kugelspitze-inkl-gewinde-ossenberg-4-teilig-faltbar-150cm\\\/\",\"name\":\"Canne \u00e0 t\u00e2tonnement pliable sans pointe \u00e0 bille, filetage inclus Ossenberg 4 pi\u00e8ces pliable 150cm im Onlineshop | Gleichcom AG\",\"isPartOf\":{\"@id\":\"https:\\\/\\\/www.gleichcom.samuraidev.ch\\\/fr\\\/#website\"},\"primaryImageOfPage\":{\"@id\":\"https:\\\/\\\/www.gleichcom.samuraidev.ch\\\/fr\\\/shop\\\/faltbarer-blinden-taststock-ohne-kugelspitze-inkl-gewinde-ossenberg-4-teilig-faltbar-150cm\\\/#primaryimage\"},\"image\":{\"@id\":\"https:\\\/\\\/www.gleichcom.samuraidev.ch\\\/fr\\\/shop\\\/faltbarer-blinden-taststock-ohne-kugelspitze-inkl-gewinde-ossenberg-4-teilig-faltbar-150cm\\\/#primaryimage\"},\"thumbnailUrl\":\"https:\\\/\\\/www.gleichcom.samuraidev.ch\\\/wp-content\\\/uploads\\\/2023\\\/09\\\/624standardausstattungmitnylonspitze_z_5147_0.jpg\",\"datePublished\":\"2023-03-21T10:04:13+00:00\",\"description\":\"\u2705 Canne longue en m\u00e9tal l\u00e9ger, avec rev\u00eatement r\u00e9fl\u00e9chissant, fonction de pliage en 4 parties et longueur de canne de 150,0 cm.\",\"breadcrumb\":{\"@id\":\"https:\\\/\\\/www.gleichcom.samuraidev.ch\\\/fr\\\/shop\\\/faltbarer-blinden-taststock-ohne-kugelspitze-inkl-gewinde-ossenberg-4-teilig-faltbar-150cm\\\/#breadcrumb\"},\"inLanguage\":\"fr-FR\",\"potentialAction\":[{\"@type\":\"ReadAction\",\"target\":[\"https:\\\/\\\/www.gleichcom.samuraidev.ch\\\/fr\\\/shop\\\/faltbarer-blinden-taststock-ohne-kugelspitze-inkl-gewinde-ossenberg-4-teilig-faltbar-150cm\\\/\"]}]},{\"@type\":\"ImageObject\",\"inLanguage\":\"fr-FR\",\"@id\":\"https:\\\/\\\/www.gleichcom.samuraidev.ch\\\/fr\\\/shop\\\/faltbarer-blinden-taststock-ohne-kugelspitze-inkl-gewinde-ossenberg-4-teilig-faltbar-150cm\\\/#primaryimage\",\"url\":\"https:\\\/\\\/www.gleichcom.samuraidev.ch\\\/wp-content\\\/uploads\\\/2023\\\/09\\\/624standardausstattungmitnylonspitze_z_5147_0.jpg\",\"contentUrl\":\"https:\\\/\\\/www.gleichcom.samuraidev.ch\\\/wp-content\\\/uploads\\\/2023\\\/09\\\/624standardausstattungmitnylonspitze_z_5147_0.jpg\",\"width\":500,\"height\":500},{\"@type\":\"BreadcrumbList\",\"@id\":\"https:\\\/\\\/www.gleichcom.samuraidev.ch\\\/fr\\\/shop\\\/faltbarer-blinden-taststock-ohne-kugelspitze-inkl-gewinde-ossenberg-4-teilig-faltbar-150cm\\\/#breadcrumb\",\"itemListElement\":[{\"@type\":\"ListItem\",\"position\":1,\"name\":\"Startseite\",\"item\":\"https:\\\/\\\/www.gleichcom.samuraidev.ch\\\/fr\\\/\"},{\"@type\":\"ListItem\",\"position\":2,\"name\":\"Shop\",\"item\":\"https:\\\/\\\/www.gleichcom.samuraidev.ch\\\/fr\\\/shop\\\/\"},{\"@type\":\"ListItem\",\"position\":3,\"name\":\"Canne \u00e0 t\u00e2tonnement pliable sans pointe \u00e0 bille, filetage inclus Ossenberg 4 pi\u00e8ces pliable 150cm\"}]},{\"@type\":\"WebSite\",\"@id\":\"https:\\\/\\\/www.gleichcom.samuraidev.ch\\\/fr\\\/#website\",\"url\":\"https:\\\/\\\/www.gleichcom.samuraidev.ch\\\/fr\\\/\",\"name\":\"Gleichcom AG\",\"description\":\"besser h\u00f6ren. besser sehen. besser leben.\",\"publisher\":{\"@id\":\"https:\\\/\\\/www.gleichcom.samuraidev.ch\\\/fr\\\/#organization\"},\"alternateName\":\"Gleichcom\",\"potentialAction\":[{\"@type\":\"SearchAction\",\"target\":{\"@type\":\"EntryPoint\",\"urlTemplate\":\"https:\\\/\\\/www.gleichcom.samuraidev.ch\\\/fr\\\/?s={search_term_string}\"},\"query-input\":{\"@type\":\"PropertyValueSpecification\",\"valueRequired\":true,\"valueName\":\"search_term_string\"}}],\"inLanguage\":\"fr-FR\"},{\"@type\":\"Organization\",\"@id\":\"https:\\\/\\\/www.gleichcom.samuraidev.ch\\\/fr\\\/#organization\",\"name\":\"Gleichcom AG\",\"alternateName\":\"Gleichcom\",\"url\":\"https:\\\/\\\/www.gleichcom.samuraidev.ch\\\/fr\\\/\",\"logo\":{\"@type\":\"ImageObject\",\"inLanguage\":\"fr-FR\",\"@id\":\"https:\\\/\\\/www.gleichcom.samuraidev.ch\\\/fr\\\/#\\\/schema\\\/logo\\\/image\\\/\",\"url\":\"https:\\\/\\\/www.gleichcom.samuraidev.ch\\\/wp-content\\\/uploads\\\/2023\\\/09\\\/gleichcom-ag-logo-quadrat-farbig-mitte@696.png\",\"contentUrl\":\"https:\\\/\\\/www.gleichcom.samuraidev.ch\\\/wp-content\\\/uploads\\\/2023\\\/09\\\/gleichcom-ag-logo-quadrat-farbig-mitte@696.png\",\"width\":437,\"height\":437,\"caption\":\"Gleichcom AG\"},\"image\":{\"@id\":\"https:\\\/\\\/www.gleichcom.samuraidev.ch\\\/fr\\\/#\\\/schema\\\/logo\\\/image\\\/\"},\"sameAs\":[\"https:\\\/\\\/www.facebook.com\\\/profile.php?id=100068749126981\"]}]}<\/script>\n<!-- \/ Yoast SEO plugin. -->","yoast_head_json":{"title":"Canne \u00e0 t\u00e2tonnement pliable sans pointe \u00e0 bille, filetage inclus Ossenberg 4 pi\u00e8ces pliable 150cm im Onlineshop | Gleichcom AG","description":"\u2705 Canne longue en m\u00e9tal l\u00e9ger, avec rev\u00eatement r\u00e9fl\u00e9chissant, fonction de pliage en 4 parties et longueur de canne de 150,0 cm.","robots":{"index":"noindex","follow":"follow","max-snippet":"max-snippet:-1","max-image-preview":"max-image-preview:large","max-video-preview":"max-video-preview:-1"},"og_locale":"fr_FR","og_type":"article","og_title":"Canne \u00e0 t\u00e2tonnement pliable sans pointe \u00e0 bille, filetage inclus Ossenberg 4 pi\u00e8ces pliable 150cm im Onlineshop | Gleichcom AG","og_description":"\u2705 Canne longue en m\u00e9tal l\u00e9ger, avec rev\u00eatement r\u00e9fl\u00e9chissant, fonction de pliage en 4 parties et longueur de canne de 150,0 cm.","og_url":"https:\/\/www.gleichcom.samuraidev.ch\/fr\/shop\/faltbarer-blinden-taststock-ohne-kugelspitze-inkl-gewinde-ossenberg-4-teilig-faltbar-150cm\/","og_site_name":"Gleichcom AG","article_publisher":"https:\/\/www.facebook.com\/profile.php?id=100068749126981","og_image":[{"width":500,"height":500,"url":"https:\/\/www.gleichcom.samuraidev.ch\/wp-content\/uploads\/2023\/09\/624standardausstattungmitnylonspitze_z_5147_0.jpg","type":"image\/jpeg"}],"twitter_card":"summary_large_image","schema":{"@context":"https:\/\/schema.org","@graph":[{"@type":"WebPage","@id":"https:\/\/www.gleichcom.samuraidev.ch\/fr\/shop\/faltbarer-blinden-taststock-ohne-kugelspitze-inkl-gewinde-ossenberg-4-teilig-faltbar-150cm\/","url":"https:\/\/www.gleichcom.samuraidev.ch\/fr\/shop\/faltbarer-blinden-taststock-ohne-kugelspitze-inkl-gewinde-ossenberg-4-teilig-faltbar-150cm\/","name":"Canne \u00e0 t\u00e2tonnement pliable sans pointe \u00e0 bille, filetage inclus Ossenberg 4 pi\u00e8ces pliable 150cm im Onlineshop | Gleichcom AG","isPartOf":{"@id":"https:\/\/www.gleichcom.samuraidev.ch\/fr\/#website"},"primaryImageOfPage":{"@id":"https:\/\/www.gleichcom.samuraidev.ch\/fr\/shop\/faltbarer-blinden-taststock-ohne-kugelspitze-inkl-gewinde-ossenberg-4-teilig-faltbar-150cm\/#primaryimage"},"image":{"@id":"https:\/\/www.gleichcom.samuraidev.ch\/fr\/shop\/faltbarer-blinden-taststock-ohne-kugelspitze-inkl-gewinde-ossenberg-4-teilig-faltbar-150cm\/#primaryimage"},"thumbnailUrl":"https:\/\/www.gleichcom.samuraidev.ch\/wp-content\/uploads\/2023\/09\/624standardausstattungmitnylonspitze_z_5147_0.jpg","datePublished":"2023-03-21T10:04:13+00:00","description":"\u2705 Canne longue en m\u00e9tal l\u00e9ger, avec rev\u00eatement r\u00e9fl\u00e9chissant, fonction de pliage en 4 parties et longueur de canne de 150,0 cm.","breadcrumb":{"@id":"https:\/\/www.gleichcom.samuraidev.ch\/fr\/shop\/faltbarer-blinden-taststock-ohne-kugelspitze-inkl-gewinde-ossenberg-4-teilig-faltbar-150cm\/#breadcrumb"},"inLanguage":"fr-FR","potentialAction":[{"@type":"ReadAction","target":["https:\/\/www.gleichcom.samuraidev.ch\/fr\/shop\/faltbarer-blinden-taststock-ohne-kugelspitze-inkl-gewinde-ossenberg-4-teilig-faltbar-150cm\/"]}]},{"@type":"ImageObject","inLanguage":"fr-FR","@id":"https:\/\/www.gleichcom.samuraidev.ch\/fr\/shop\/faltbarer-blinden-taststock-ohne-kugelspitze-inkl-gewinde-ossenberg-4-teilig-faltbar-150cm\/#primaryimage","url":"https:\/\/www.gleichcom.samuraidev.ch\/wp-content\/uploads\/2023\/09\/624standardausstattungmitnylonspitze_z_5147_0.jpg","contentUrl":"https:\/\/www.gleichcom.samuraidev.ch\/wp-content\/uploads\/2023\/09\/624standardausstattungmitnylonspitze_z_5147_0.jpg","width":500,"height":500},{"@type":"BreadcrumbList","@id":"https:\/\/www.gleichcom.samuraidev.ch\/fr\/shop\/faltbarer-blinden-taststock-ohne-kugelspitze-inkl-gewinde-ossenberg-4-teilig-faltbar-150cm\/#breadcrumb","itemListElement":[{"@type":"ListItem","position":1,"name":"Startseite","item":"https:\/\/www.gleichcom.samuraidev.ch\/fr\/"},{"@type":"ListItem","position":2,"name":"Shop","item":"https:\/\/www.gleichcom.samuraidev.ch\/fr\/shop\/"},{"@type":"ListItem","position":3,"name":"Canne \u00e0 t\u00e2tonnement pliable sans pointe \u00e0 bille, filetage inclus Ossenberg 4 pi\u00e8ces pliable 150cm"}]},{"@type":"WebSite","@id":"https:\/\/www.gleichcom.samuraidev.ch\/fr\/#website","url":"https:\/\/www.gleichcom.samuraidev.ch\/fr\/","name":"Gleichcom AG","description":"besser h\u00f6ren. besser sehen. besser leben.","publisher":{"@id":"https:\/\/www.gleichcom.samuraidev.ch\/fr\/#organization"},"alternateName":"Gleichcom","potentialAction":[{"@type":"SearchAction","target":{"@type":"EntryPoint","urlTemplate":"https:\/\/www.gleichcom.samuraidev.ch\/fr\/?s={search_term_string}"},"query-input":{"@type":"PropertyValueSpecification","valueRequired":true,"valueName":"search_term_string"}}],"inLanguage":"fr-FR"},{"@type":"Organization","@id":"https:\/\/www.gleichcom.samuraidev.ch\/fr\/#organization","name":"Gleichcom AG","alternateName":"Gleichcom","url":"https:\/\/www.gleichcom.samuraidev.ch\/fr\/","logo":{"@type":"ImageObject","inLanguage":"fr-FR","@id":"https:\/\/www.gleichcom.samuraidev.ch\/fr\/#\/schema\/logo\/image\/","url":"https:\/\/www.gleichcom.samuraidev.ch\/wp-content\/uploads\/2023\/09\/gleichcom-ag-logo-quadrat-farbig-mitte@696.png","contentUrl":"https:\/\/www.gleichcom.samuraidev.ch\/wp-content\/uploads\/2023\/09\/gleichcom-ag-logo-quadrat-farbig-mitte@696.png","width":437,"height":437,"caption":"Gleichcom AG"},"image":{"@id":"https:\/\/www.gleichcom.samuraidev.ch\/fr\/#\/schema\/logo\/image\/"},"sameAs":["https:\/\/www.facebook.com\/profile.php?id=100068749126981"]}]}},"uagb_featured_image_src":{"full":["https:\/\/www.gleichcom.samuraidev.ch\/wp-content\/uploads\/2023\/09\/624standardausstattungmitnylonspitze_z_5147_0.jpg",500,500,false],"thumbnail":["https:\/\/www.gleichcom.samuraidev.ch\/wp-content\/uploads\/2023\/09\/624standardausstattungmitnylonspitze_z_5147_0.jpg",150,150,false],"medium":["https:\/\/www.gleichcom.samuraidev.ch\/wp-content\/uploads\/2023\/09\/624standardausstattungmitnylonspitze_z_5147_0.jpg",300,300,false],"medium_large":["https:\/\/www.gleichcom.samuraidev.ch\/wp-content\/uploads\/2023\/09\/624standardausstattungmitnylonspitze_z_5147_0.jpg",500,500,false],"large":["https:\/\/www.gleichcom.samuraidev.ch\/wp-content\/uploads\/2023\/09\/624standardausstattungmitnylonspitze_z_5147_0.jpg",500,500,false],"1536x1536":["https:\/\/www.gleichcom.samuraidev.ch\/wp-content\/uploads\/2023\/09\/624standardausstattungmitnylonspitze_z_5147_0.jpg",500,500,false],"2048x2048":["https:\/\/www.gleichcom.samuraidev.ch\/wp-content\/uploads\/2023\/09\/624standardausstattungmitnylonspitze_z_5147_0.jpg",500,500,false],"woocommerce_thumbnail":["https:\/\/www.gleichcom.samuraidev.ch\/wp-content\/uploads\/2023\/09\/624standardausstattungmitnylonspitze_z_5147_0.jpg",300,300,false],"woocommerce_single":["https:\/\/www.gleichcom.samuraidev.ch\/wp-content\/uploads\/2023\/09\/624standardausstattungmitnylonspitze_z_5147_0.jpg",500,500,false],"woocommerce_gallery_thumbnail":["https:\/\/www.gleichcom.samuraidev.ch\/wp-content\/uploads\/2023\/09\/624standardausstattungmitnylonspitze_z_5147_0.jpg",100,100,false]},"uagb_author_info":{"display_name":"","author_link":"https:\/\/www.gleichcom.samuraidev.ch\/fr\/author\/"},"uagb_comment_info":0,"uagb_excerpt":"Canne longue en m\u00e9tal l\u00e9ger, avec rev\u00eatement r\u00e9fl\u00e9chissant, fonction de pliage en 4 parties et longueur de canne de 150,0 cm.","_links":{"self":[{"href":"https:\/\/www.gleichcom.samuraidev.ch\/fr\/wp-json\/wp\/v2\/product\/20004","targetHints":{"allow":["GET"]}}],"collection":[{"href":"https:\/\/www.gleichcom.samuraidev.ch\/fr\/wp-json\/wp\/v2\/product"}],"about":[{"href":"https:\/\/www.gleichcom.samuraidev.ch\/fr\/wp-json\/wp\/v2\/types\/product"}],"wp:featuredmedia":[{"embeddable":true,"href":"https:\/\/www.gleichcom.samuraidev.ch\/fr\/wp-json\/wp\/v2\/media\/19996"}],"wp:attachment":[{"href":"https:\/\/www.gleichcom.samuraidev.ch\/fr\/wp-json\/wp\/v2\/media?parent=20004"}],"wp:term":[{"taxonomy":"product_brand","embeddable":true,"href":"https:\/\/www.gleichcom.samuraidev.ch\/fr\/wp-json\/wp\/v2\/product_brand?post=20004"},{"taxonomy":"product_cat","embeddable":true,"href":"https:\/\/www.gleichcom.samuraidev.ch\/fr\/wp-json\/wp\/v2\/product_cat?post=20004"},{"taxonomy":"product_tag","embeddable":true,"href":"https:\/\/www.gleichcom.samuraidev.ch\/fr\/wp-json\/wp\/v2\/product_tag?post=20004"}],"curies":[{"name":"wp","href":"https:\/\/api.w.org\/{rel}","templated":true}]}}