{"id":20291,"date":"2018-09-01T21:12:36","date_gmt":"2018-09-01T21:12:36","guid":{"rendered":"https:\/\/www.gleichcom.samuraidev.ch\/?product=handlupe-standlupe-mit-5facher-vergroesserung-powerlux-kaltweisses-licht-eschenbach"},"modified":"2023-12-06T20:20:41","modified_gmt":"2023-12-06T19:20:41","slug":"handlupe-standlupe-mit-5-facher-vergroesserung-powerlux-eschenbach","status":"publish","type":"product","link":"https:\/\/www.gleichcom.samuraidev.ch\/fr\/shop\/handlupe-standlupe-mit-5-facher-vergroesserung-powerlux-eschenbach\/","title":{"rendered":"Handlupe Standlupe mit 5 facher Vergr\u00f6sserung Powerlux Eschenbach"},"content":{"rendered":"<p><span style=\"font-size:16px;\"><strong>Handlupe Standlupe mit 5facher Vergr\u00f6sserung Powerlux\u00a0 Eschenbach<\/strong><\/span><\/p>\n<p>Die Powerlux von Eschenbach ist eine besonders handliche und robuste Leselupe mit sehr einfacher, intuitiver F\u00fchrung auf dem Lesegut dank dem ergonomischen Design. Dank der 5fach Vergr\u00f6sserung k\u00f6nnen auch kleinste Details optimal erkannt und gelesen werden. Der Linsendurchmesser betr\u00e4gt\u00a05,8 cm. Die Lupe\u00a0ist erh\u00e4ltlich in zwei unterschiedlichen Lichtfarben: kaltweiss und warmweiss. Bei beiden Beleuchtungsarten ist die Ausleuchtung absolut blendfrei und gleichm\u00e4ssig, so dass eine hervorragende Abbildungsqualit\u00e4t erreicht wird. Die integrierte automatische Abschaltautomatik nach 30 Minuten sorgt f\u00fcr einen sparsamen Energieverbrauch.<\/p>\n<p><strong>Produkteigenschaften<\/strong><\/p>\n<ul>\n<li>Kompakte und ergonomisch geformte Handlupe<\/li>\n<li>Asph\u00e4rische, kratzfeste PXM\u00ae-Leichtlinse, cera-tec\u00ae\u00a0beschichtet mit einem Durchmesser von 58 mm f\u00fcr randscharfe, verzeichnungsfreie Abbildung.<\/li>\n<li>In warmer und in kaltweisser Lichtfarbe erh\u00e4ltlich.<\/li>\n<li>Schattenfreie Ausleuchtung durch 2 gegen\u00fcberliegende SMD-LED-Leuchten.<\/li>\n<li>Sparsamer Energieverbrauch durch automatische Abschaltung nach 30 Minuten.<\/li>\n<li>Lieferung inkl. sch\u00fctzendem Hartschaumetui.<\/li>\n<\/ul>\n<p><strong>Lieferumfang<\/strong><\/p>\n<ul>\n<li>1 x Handlupe Powerlux inkl. Batterien<\/li>\n<li>1 x Aufbewahrungsetui<\/li>\n<\/ul>\n<table border=\"0\" cellpadding=\"0\" cellspacing=\"0\">\n<thead>\n<tr>\n<th nowrap=\"nowrap\"><strong>Art.-Nr.<\/strong><\/th>\n<th nowrap=\"nowrap\"><strong>Abmessungen<\/strong><\/th>\n<th nowrap=\"nowrap\"><strong>Lichtfarbe<\/strong><\/th>\n<th nowrap=\"nowrap\"><strong>Vergr\u00f6\u00dferung<\/strong><\/th>\n<th nowrap=\"nowrap\"><strong>Dioptrie<\/strong><\/th>\n<\/tr>\n<\/thead>\n<tbody>\n<tr>\n<td>158614<\/td>\n<td>\u00f8 58 mm\u00a0<\/td>\n<td>8.000 K\u00a0<\/td>\n<td>3,5x\u00a0<\/td>\n<td>14,0\u00a0<\/td>\n<\/tr>\n<tr>\n<td>1586141<\/td>\n<td>\u00f8 58 mm\u00a0<\/td>\n<td>3.000 K\u00a0<\/td>\n<td>3,5x\u00a0<\/td>\n<td>14,0\u00a0<\/td>\n<\/tr>\n<tr>\n<td>158620<\/td>\n<td>\u00f8 58 mm\u00a0<\/td>\n<td>8.000 K\u00a0<\/td>\n<td>5,0x\u00a0<\/td>\n<td>20,0\u00a0<\/td>\n<\/tr>\n<tr>\n<td>1586201<\/td>\n<td>\u00f8 58 mm\u00a0<\/td>\n<td>3.000 K\u00a0<\/td>\n<td>5,0x\u00a0<\/td>\n<td>20,0\u00a0<\/td>\n<\/tr>\n<tr>\n<td>158628<\/td>\n<td>\u00f8 58 mm\u00a0<\/td>\n<td>8.000 K\u00a0<\/td>\n<td>7,0x\u00a0<\/td>\n<td>28,0\u00a0<\/td>\n<\/tr>\n<tr>\n<td>1586281<\/td>\n<td>\u00f8 58 mm\u00a0<\/td>\n<td>3.000 K\u00a0<\/td>\n<td>7,0x\u00a0<\/td>\n<td>28,0\u00a0<\/td>\n<\/tr>\n<\/tbody>\n<\/table>\n","protected":false},"excerpt":{"rendered":"<p>\tDiese\u00a0besonders handliche und robuste Leselupe liegt bequem in der Hand und ist somit auch f\u00fcr einen l\u00e4ngeren Gebrauch bestens geeignet. Absolut blendfreie und gleichm\u00e4ssige Ausleuchtung dank der Lichtfarben kaltweiss oder warmweiss. Mit integrierter automatischer Abschaltautomatik nach 30 Minuten.<\/p>\n","protected":false},"featured_media":20292,"template":"","meta":{"inline_featured_image":false,"_uag_custom_page_level_css":"","site-sidebar-layout":"default","site-content-layout":"","ast-site-content-layout":"default","site-content-style":"default","site-sidebar-style":"default","ast-global-header-display":"","ast-banner-title-visibility":"","ast-main-header-display":"","ast-hfb-above-header-display":"","ast-hfb-below-header-display":"","ast-hfb-mobile-header-display":"","site-post-title":"","ast-breadcrumbs-content":"","ast-featured-img":"","footer-sml-layout":"","ast-disable-related-posts":"","theme-transparent-header-meta":"","adv-header-id-meta":"","stick-header-meta":"","header-above-stick-meta":"","header-main-stick-meta":"","header-below-stick-meta":"","astra-migrate-meta-layouts":"default","ast-page-background-enabled":"default","ast-page-background-meta":{"desktop":{"background-color":"","background-image":"","background-repeat":"repeat","background-position":"center center","background-size":"auto","background-attachment":"scroll","background-type":"","background-media":"","overlay-type":"","overlay-color":"","overlay-opacity":"","overlay-gradient":""},"tablet":{"background-color":"","background-image":"","background-repeat":"repeat","background-position":"center center","background-size":"auto","background-attachment":"scroll","background-type":"","background-media":"","overlay-type":"","overlay-color":"","overlay-opacity":"","overlay-gradient":""},"mobile":{"background-color":"","background-image":"","background-repeat":"repeat","background-position":"center center","background-size":"auto","background-attachment":"scroll","background-type":"","background-media":"","overlay-type":"","overlay-color":"","overlay-opacity":"","overlay-gradient":""}},"ast-content-background-meta":{"desktop":{"background-color":"var(--ast-global-color-5)","background-image":"","background-repeat":"repeat","background-position":"center center","background-size":"auto","background-attachment":"scroll","background-type":"","background-media":"","overlay-type":"","overlay-color":"","overlay-opacity":"","overlay-gradient":""},"tablet":{"background-color":"var(--ast-global-color-5)","background-image":"","background-repeat":"repeat","background-position":"center center","background-size":"auto","background-attachment":"scroll","background-type":"","background-media":"","overlay-type":"","overlay-color":"","overlay-opacity":"","overlay-gradient":""},"mobile":{"background-color":"var(--ast-global-color-5)","background-image":"","background-repeat":"repeat","background-position":"center center","background-size":"auto","background-attachment":"scroll","background-type":"","background-media":"","overlay-type":"","overlay-color":"","overlay-opacity":"","overlay-gradient":""}}},"product_brand":[],"product_cat":[2849],"product_tag":[],"class_list":{"0":"post-20291","1":"product","2":"type-product","3":"status-publish","4":"has-post-thumbnail","6":"product_cat-leselupen","7":"desktop-align-center","8":"tablet-align-center","9":"mobile-align-center","10":"ast-product-gallery-layout-horizontal-slider","11":"ast-product-gallery-with-no-image","12":"ast-product-single-variable","13":"ast-product-tabs-layout-accordion","15":"first","16":"outofstock","17":"taxable","18":"shipping-taxable","19":"purchasable","20":"product-type-variable"},"yoast_head":"<!-- This site is optimized with the Yoast SEO plugin v27.5 - https:\/\/yoast.com\/product\/yoast-seo-wordpress\/ -->\n<title>Handlupe Standlupe mit 5 facher Vergr\u00f6sserung Powerlux Eschenbach im Onlineshop | Gleichcom AG<\/title>\n<meta name=\"description\" content=\"\u2705 Diese\u00a0besonders handliche und robuste Leselupe liegt bequem in der Hand und ist somit auch f\u00fcr einen l\u00e4ngeren Gebrauch bestens geeignet. Absolut blendfreie und gleichm\u00e4ssige Ausleuchtung dank der Lichtfarben kaltweiss oder warmweiss. Mit integrierter automatischer Abschaltautomatik nach 30 Minuten.\" \/>\n<meta name=\"robots\" content=\"noindex, follow, max-snippet:-1, max-image-preview:large, max-video-preview:-1\" \/>\n<meta property=\"og:locale\" content=\"fr_FR\" \/>\n<meta property=\"og:type\" content=\"article\" \/>\n<meta property=\"og:title\" content=\"Handlupe Standlupe mit 5 facher Vergr\u00f6sserung Powerlux Eschenbach im Onlineshop | Gleichcom AG\" \/>\n<meta property=\"og:description\" content=\"\u2705 Diese\u00a0besonders handliche und robuste Leselupe liegt bequem in der Hand und ist somit auch f\u00fcr einen l\u00e4ngeren Gebrauch bestens geeignet. Absolut blendfreie und gleichm\u00e4ssige Ausleuchtung dank der Lichtfarben kaltweiss oder warmweiss. Mit integrierter automatischer Abschaltautomatik nach 30 Minuten.\" \/>\n<meta property=\"og:url\" content=\"https:\/\/www.gleichcom.samuraidev.ch\/fr\/shop\/handlupe-standlupe-mit-5-facher-vergroesserung-powerlux-eschenbach\/\" \/>\n<meta property=\"og:site_name\" content=\"Gleichcom AG\" \/>\n<meta property=\"article:publisher\" content=\"https:\/\/www.facebook.com\/profile.php?id=100068749126981\" \/>\n<meta property=\"article:modified_time\" content=\"2023-12-06T19:20:41+00:00\" \/>\n<meta property=\"og:image\" content=\"https:\/\/www.gleichcom.samuraidev.ch\/wp-content\/uploads\/2023\/09\/HandlupeVergrerungPowerluxEschenbach_1.jpg\" \/>\n\t<meta property=\"og:image:width\" content=\"500\" \/>\n\t<meta property=\"og:image:height\" content=\"404\" \/>\n\t<meta property=\"og:image:type\" content=\"image\/jpeg\" \/>\n<meta name=\"twitter:card\" content=\"summary_large_image\" \/>\n<script type=\"application\/ld+json\" class=\"yoast-schema-graph\">{\"@context\":\"https:\\\/\\\/schema.org\",\"@graph\":[{\"@type\":\"WebPage\",\"@id\":\"https:\\\/\\\/www.gleichcom.samuraidev.ch\\\/fr\\\/shop\\\/handlupe-standlupe-mit-5-facher-vergroesserung-powerlux-eschenbach\\\/\",\"url\":\"https:\\\/\\\/www.gleichcom.samuraidev.ch\\\/fr\\\/shop\\\/handlupe-standlupe-mit-5-facher-vergroesserung-powerlux-eschenbach\\\/\",\"name\":\"Handlupe Standlupe mit 5 facher Vergr\u00f6sserung Powerlux Eschenbach im Onlineshop | Gleichcom AG\",\"isPartOf\":{\"@id\":\"https:\\\/\\\/www.gleichcom.samuraidev.ch\\\/fr\\\/#website\"},\"primaryImageOfPage\":{\"@id\":\"https:\\\/\\\/www.gleichcom.samuraidev.ch\\\/fr\\\/shop\\\/handlupe-standlupe-mit-5-facher-vergroesserung-powerlux-eschenbach\\\/#primaryimage\"},\"image\":{\"@id\":\"https:\\\/\\\/www.gleichcom.samuraidev.ch\\\/fr\\\/shop\\\/handlupe-standlupe-mit-5-facher-vergroesserung-powerlux-eschenbach\\\/#primaryimage\"},\"thumbnailUrl\":\"https:\\\/\\\/www.gleichcom.samuraidev.ch\\\/wp-content\\\/uploads\\\/2023\\\/09\\\/HandlupeVergrerungPowerluxEschenbach_1.jpg\",\"datePublished\":\"2018-09-01T21:12:36+00:00\",\"dateModified\":\"2023-12-06T19:20:41+00:00\",\"description\":\"\u2705 Diese\u00a0besonders handliche und robuste Leselupe liegt bequem in der Hand und ist somit auch f\u00fcr einen l\u00e4ngeren Gebrauch bestens geeignet. Absolut blendfreie und gleichm\u00e4ssige Ausleuchtung dank der Lichtfarben kaltweiss oder warmweiss. Mit integrierter automatischer Abschaltautomatik nach 30 Minuten.\",\"breadcrumb\":{\"@id\":\"https:\\\/\\\/www.gleichcom.samuraidev.ch\\\/fr\\\/shop\\\/handlupe-standlupe-mit-5-facher-vergroesserung-powerlux-eschenbach\\\/#breadcrumb\"},\"inLanguage\":\"fr-FR\",\"potentialAction\":[{\"@type\":\"ReadAction\",\"target\":[\"https:\\\/\\\/www.gleichcom.samuraidev.ch\\\/fr\\\/shop\\\/handlupe-standlupe-mit-5-facher-vergroesserung-powerlux-eschenbach\\\/\"]}]},{\"@type\":\"ImageObject\",\"inLanguage\":\"fr-FR\",\"@id\":\"https:\\\/\\\/www.gleichcom.samuraidev.ch\\\/fr\\\/shop\\\/handlupe-standlupe-mit-5-facher-vergroesserung-powerlux-eschenbach\\\/#primaryimage\",\"url\":\"https:\\\/\\\/www.gleichcom.samuraidev.ch\\\/wp-content\\\/uploads\\\/2023\\\/09\\\/HandlupeVergrerungPowerluxEschenbach_1.jpg\",\"contentUrl\":\"https:\\\/\\\/www.gleichcom.samuraidev.ch\\\/wp-content\\\/uploads\\\/2023\\\/09\\\/HandlupeVergrerungPowerluxEschenbach_1.jpg\",\"width\":500,\"height\":404,\"caption\":\"Handlupe Standlupe mit 5facher Vergr\u00f6sserung Powerlux Eschenbach - Gleichcom AG - - Onlineshop besser h\u00f6ren. besser sehen. besser leben. - H\u00fcnenberg\"},{\"@type\":\"BreadcrumbList\",\"@id\":\"https:\\\/\\\/www.gleichcom.samuraidev.ch\\\/fr\\\/shop\\\/handlupe-standlupe-mit-5-facher-vergroesserung-powerlux-eschenbach\\\/#breadcrumb\",\"itemListElement\":[{\"@type\":\"ListItem\",\"position\":1,\"name\":\"Startseite\",\"item\":\"https:\\\/\\\/www.gleichcom.samuraidev.ch\\\/fr\\\/\"},{\"@type\":\"ListItem\",\"position\":2,\"name\":\"Shop\",\"item\":\"https:\\\/\\\/www.gleichcom.samuraidev.ch\\\/fr\\\/shop\\\/\"},{\"@type\":\"ListItem\",\"position\":3,\"name\":\"Handlupe Standlupe mit 5 facher Vergr\u00f6sserung Powerlux Eschenbach\"}]},{\"@type\":\"WebSite\",\"@id\":\"https:\\\/\\\/www.gleichcom.samuraidev.ch\\\/fr\\\/#website\",\"url\":\"https:\\\/\\\/www.gleichcom.samuraidev.ch\\\/fr\\\/\",\"name\":\"Gleichcom AG\",\"description\":\"besser h\u00f6ren. besser sehen. besser leben.\",\"publisher\":{\"@id\":\"https:\\\/\\\/www.gleichcom.samuraidev.ch\\\/fr\\\/#organization\"},\"alternateName\":\"Gleichcom\",\"potentialAction\":[{\"@type\":\"SearchAction\",\"target\":{\"@type\":\"EntryPoint\",\"urlTemplate\":\"https:\\\/\\\/www.gleichcom.samuraidev.ch\\\/fr\\\/?s={search_term_string}\"},\"query-input\":{\"@type\":\"PropertyValueSpecification\",\"valueRequired\":true,\"valueName\":\"search_term_string\"}}],\"inLanguage\":\"fr-FR\"},{\"@type\":\"Organization\",\"@id\":\"https:\\\/\\\/www.gleichcom.samuraidev.ch\\\/fr\\\/#organization\",\"name\":\"Gleichcom AG\",\"alternateName\":\"Gleichcom\",\"url\":\"https:\\\/\\\/www.gleichcom.samuraidev.ch\\\/fr\\\/\",\"logo\":{\"@type\":\"ImageObject\",\"inLanguage\":\"fr-FR\",\"@id\":\"https:\\\/\\\/www.gleichcom.samuraidev.ch\\\/fr\\\/#\\\/schema\\\/logo\\\/image\\\/\",\"url\":\"https:\\\/\\\/www.gleichcom.samuraidev.ch\\\/wp-content\\\/uploads\\\/2023\\\/09\\\/gleichcom-ag-logo-quadrat-farbig-mitte@696.png\",\"contentUrl\":\"https:\\\/\\\/www.gleichcom.samuraidev.ch\\\/wp-content\\\/uploads\\\/2023\\\/09\\\/gleichcom-ag-logo-quadrat-farbig-mitte@696.png\",\"width\":437,\"height\":437,\"caption\":\"Gleichcom AG\"},\"image\":{\"@id\":\"https:\\\/\\\/www.gleichcom.samuraidev.ch\\\/fr\\\/#\\\/schema\\\/logo\\\/image\\\/\"},\"sameAs\":[\"https:\\\/\\\/www.facebook.com\\\/profile.php?id=100068749126981\"]}]}<\/script>\n<!-- \/ Yoast SEO plugin. -->","yoast_head_json":{"title":"Handlupe Standlupe mit 5 facher Vergr\u00f6sserung Powerlux Eschenbach im Onlineshop | Gleichcom AG","description":"\u2705 Diese\u00a0besonders handliche und robuste Leselupe liegt bequem in der Hand und ist somit auch f\u00fcr einen l\u00e4ngeren Gebrauch bestens geeignet. Absolut blendfreie und gleichm\u00e4ssige Ausleuchtung dank der Lichtfarben kaltweiss oder warmweiss. Mit integrierter automatischer Abschaltautomatik nach 30 Minuten.","robots":{"index":"noindex","follow":"follow","max-snippet":"max-snippet:-1","max-image-preview":"max-image-preview:large","max-video-preview":"max-video-preview:-1"},"og_locale":"fr_FR","og_type":"article","og_title":"Handlupe Standlupe mit 5 facher Vergr\u00f6sserung Powerlux Eschenbach im Onlineshop | Gleichcom AG","og_description":"\u2705 Diese\u00a0besonders handliche und robuste Leselupe liegt bequem in der Hand und ist somit auch f\u00fcr einen l\u00e4ngeren Gebrauch bestens geeignet. Absolut blendfreie und gleichm\u00e4ssige Ausleuchtung dank der Lichtfarben kaltweiss oder warmweiss. Mit integrierter automatischer Abschaltautomatik nach 30 Minuten.","og_url":"https:\/\/www.gleichcom.samuraidev.ch\/fr\/shop\/handlupe-standlupe-mit-5-facher-vergroesserung-powerlux-eschenbach\/","og_site_name":"Gleichcom AG","article_publisher":"https:\/\/www.facebook.com\/profile.php?id=100068749126981","article_modified_time":"2023-12-06T19:20:41+00:00","og_image":[{"width":500,"height":404,"url":"https:\/\/www.gleichcom.samuraidev.ch\/wp-content\/uploads\/2023\/09\/HandlupeVergrerungPowerluxEschenbach_1.jpg","type":"image\/jpeg"}],"twitter_card":"summary_large_image","schema":{"@context":"https:\/\/schema.org","@graph":[{"@type":"WebPage","@id":"https:\/\/www.gleichcom.samuraidev.ch\/fr\/shop\/handlupe-standlupe-mit-5-facher-vergroesserung-powerlux-eschenbach\/","url":"https:\/\/www.gleichcom.samuraidev.ch\/fr\/shop\/handlupe-standlupe-mit-5-facher-vergroesserung-powerlux-eschenbach\/","name":"Handlupe Standlupe mit 5 facher Vergr\u00f6sserung Powerlux Eschenbach im Onlineshop | Gleichcom AG","isPartOf":{"@id":"https:\/\/www.gleichcom.samuraidev.ch\/fr\/#website"},"primaryImageOfPage":{"@id":"https:\/\/www.gleichcom.samuraidev.ch\/fr\/shop\/handlupe-standlupe-mit-5-facher-vergroesserung-powerlux-eschenbach\/#primaryimage"},"image":{"@id":"https:\/\/www.gleichcom.samuraidev.ch\/fr\/shop\/handlupe-standlupe-mit-5-facher-vergroesserung-powerlux-eschenbach\/#primaryimage"},"thumbnailUrl":"https:\/\/www.gleichcom.samuraidev.ch\/wp-content\/uploads\/2023\/09\/HandlupeVergrerungPowerluxEschenbach_1.jpg","datePublished":"2018-09-01T21:12:36+00:00","dateModified":"2023-12-06T19:20:41+00:00","description":"\u2705 Diese\u00a0besonders handliche und robuste Leselupe liegt bequem in der Hand und ist somit auch f\u00fcr einen l\u00e4ngeren Gebrauch bestens geeignet. Absolut blendfreie und gleichm\u00e4ssige Ausleuchtung dank der Lichtfarben kaltweiss oder warmweiss. Mit integrierter automatischer Abschaltautomatik nach 30 Minuten.","breadcrumb":{"@id":"https:\/\/www.gleichcom.samuraidev.ch\/fr\/shop\/handlupe-standlupe-mit-5-facher-vergroesserung-powerlux-eschenbach\/#breadcrumb"},"inLanguage":"fr-FR","potentialAction":[{"@type":"ReadAction","target":["https:\/\/www.gleichcom.samuraidev.ch\/fr\/shop\/handlupe-standlupe-mit-5-facher-vergroesserung-powerlux-eschenbach\/"]}]},{"@type":"ImageObject","inLanguage":"fr-FR","@id":"https:\/\/www.gleichcom.samuraidev.ch\/fr\/shop\/handlupe-standlupe-mit-5-facher-vergroesserung-powerlux-eschenbach\/#primaryimage","url":"https:\/\/www.gleichcom.samuraidev.ch\/wp-content\/uploads\/2023\/09\/HandlupeVergrerungPowerluxEschenbach_1.jpg","contentUrl":"https:\/\/www.gleichcom.samuraidev.ch\/wp-content\/uploads\/2023\/09\/HandlupeVergrerungPowerluxEschenbach_1.jpg","width":500,"height":404,"caption":"Handlupe Standlupe mit 5facher Vergr\u00f6sserung Powerlux Eschenbach - Gleichcom AG - - Onlineshop besser h\u00f6ren. besser sehen. besser leben. - H\u00fcnenberg"},{"@type":"BreadcrumbList","@id":"https:\/\/www.gleichcom.samuraidev.ch\/fr\/shop\/handlupe-standlupe-mit-5-facher-vergroesserung-powerlux-eschenbach\/#breadcrumb","itemListElement":[{"@type":"ListItem","position":1,"name":"Startseite","item":"https:\/\/www.gleichcom.samuraidev.ch\/fr\/"},{"@type":"ListItem","position":2,"name":"Shop","item":"https:\/\/www.gleichcom.samuraidev.ch\/fr\/shop\/"},{"@type":"ListItem","position":3,"name":"Handlupe Standlupe mit 5 facher Vergr\u00f6sserung Powerlux Eschenbach"}]},{"@type":"WebSite","@id":"https:\/\/www.gleichcom.samuraidev.ch\/fr\/#website","url":"https:\/\/www.gleichcom.samuraidev.ch\/fr\/","name":"Gleichcom AG","description":"besser h\u00f6ren. besser sehen. besser leben.","publisher":{"@id":"https:\/\/www.gleichcom.samuraidev.ch\/fr\/#organization"},"alternateName":"Gleichcom","potentialAction":[{"@type":"SearchAction","target":{"@type":"EntryPoint","urlTemplate":"https:\/\/www.gleichcom.samuraidev.ch\/fr\/?s={search_term_string}"},"query-input":{"@type":"PropertyValueSpecification","valueRequired":true,"valueName":"search_term_string"}}],"inLanguage":"fr-FR"},{"@type":"Organization","@id":"https:\/\/www.gleichcom.samuraidev.ch\/fr\/#organization","name":"Gleichcom AG","alternateName":"Gleichcom","url":"https:\/\/www.gleichcom.samuraidev.ch\/fr\/","logo":{"@type":"ImageObject","inLanguage":"fr-FR","@id":"https:\/\/www.gleichcom.samuraidev.ch\/fr\/#\/schema\/logo\/image\/","url":"https:\/\/www.gleichcom.samuraidev.ch\/wp-content\/uploads\/2023\/09\/gleichcom-ag-logo-quadrat-farbig-mitte@696.png","contentUrl":"https:\/\/www.gleichcom.samuraidev.ch\/wp-content\/uploads\/2023\/09\/gleichcom-ag-logo-quadrat-farbig-mitte@696.png","width":437,"height":437,"caption":"Gleichcom AG"},"image":{"@id":"https:\/\/www.gleichcom.samuraidev.ch\/fr\/#\/schema\/logo\/image\/"},"sameAs":["https:\/\/www.facebook.com\/profile.php?id=100068749126981"]}]}},"uagb_featured_image_src":{"full":["https:\/\/www.gleichcom.samuraidev.ch\/wp-content\/uploads\/2023\/09\/HandlupeVergrerungPowerluxEschenbach_1.jpg",500,404,false],"thumbnail":["https:\/\/www.gleichcom.samuraidev.ch\/wp-content\/uploads\/2023\/09\/HandlupeVergrerungPowerluxEschenbach_1.jpg",150,121,false],"medium":["https:\/\/www.gleichcom.samuraidev.ch\/wp-content\/uploads\/2023\/09\/HandlupeVergrerungPowerluxEschenbach_1.jpg",300,242,false],"medium_large":["https:\/\/www.gleichcom.samuraidev.ch\/wp-content\/uploads\/2023\/09\/HandlupeVergrerungPowerluxEschenbach_1.jpg",500,404,false],"large":["https:\/\/www.gleichcom.samuraidev.ch\/wp-content\/uploads\/2023\/09\/HandlupeVergrerungPowerluxEschenbach_1.jpg",500,404,false],"1536x1536":["https:\/\/www.gleichcom.samuraidev.ch\/wp-content\/uploads\/2023\/09\/HandlupeVergrerungPowerluxEschenbach_1.jpg",500,404,false],"2048x2048":["https:\/\/www.gleichcom.samuraidev.ch\/wp-content\/uploads\/2023\/09\/HandlupeVergrerungPowerluxEschenbach_1.jpg",500,404,false],"woocommerce_thumbnail":["https:\/\/www.gleichcom.samuraidev.ch\/wp-content\/uploads\/2023\/09\/HandlupeVergrerungPowerluxEschenbach_1.jpg",300,242,false],"woocommerce_single":["https:\/\/www.gleichcom.samuraidev.ch\/wp-content\/uploads\/2023\/09\/HandlupeVergrerungPowerluxEschenbach_1.jpg",500,404,false],"woocommerce_gallery_thumbnail":["https:\/\/www.gleichcom.samuraidev.ch\/wp-content\/uploads\/2023\/09\/HandlupeVergrerungPowerluxEschenbach_1-100x100.jpg",100,100,true]},"uagb_author_info":{"display_name":"","author_link":"https:\/\/www.gleichcom.samuraidev.ch\/fr\/author\/"},"uagb_comment_info":0,"uagb_excerpt":"Diese\u00a0besonders handliche und robuste Leselupe liegt bequem in der Hand und ist somit auch f\u00fcr einen l\u00e4ngeren Gebrauch bestens geeignet. Absolut blendfreie und gleichm\u00e4ssige Ausleuchtung dank der Lichtfarben kaltweiss oder warmweiss. Mit integrierter automatischer Abschaltautomatik nach 30 Minuten.","_links":{"self":[{"href":"https:\/\/www.gleichcom.samuraidev.ch\/fr\/wp-json\/wp\/v2\/product\/20291","targetHints":{"allow":["GET"]}}],"collection":[{"href":"https:\/\/www.gleichcom.samuraidev.ch\/fr\/wp-json\/wp\/v2\/product"}],"about":[{"href":"https:\/\/www.gleichcom.samuraidev.ch\/fr\/wp-json\/wp\/v2\/types\/product"}],"wp:featuredmedia":[{"embeddable":true,"href":"https:\/\/www.gleichcom.samuraidev.ch\/fr\/wp-json\/wp\/v2\/media\/20292"}],"wp:attachment":[{"href":"https:\/\/www.gleichcom.samuraidev.ch\/fr\/wp-json\/wp\/v2\/media?parent=20291"}],"wp:term":[{"taxonomy":"product_brand","embeddable":true,"href":"https:\/\/www.gleichcom.samuraidev.ch\/fr\/wp-json\/wp\/v2\/product_brand?post=20291"},{"taxonomy":"product_cat","embeddable":true,"href":"https:\/\/www.gleichcom.samuraidev.ch\/fr\/wp-json\/wp\/v2\/product_cat?post=20291"},{"taxonomy":"product_tag","embeddable":true,"href":"https:\/\/www.gleichcom.samuraidev.ch\/fr\/wp-json\/wp\/v2\/product_tag?post=20291"}],"curies":[{"name":"wp","href":"https:\/\/api.w.org\/{rel}","templated":true}]}}