{"id":20339,"date":"2018-09-20T13:56:13","date_gmt":"2018-09-20T11:56:13","guid":{"rendered":"https:\/\/www.gleichcom.samuraidev.ch\/?product=geemarc-tastatur-mit-grossen-tasten"},"modified":"1000-01-01T00:00:00","modified_gmt":"1000-01-01T00:00:00","slug":"geemarc-tastatur-mit-grossen-tasten","status":"publish","type":"product","link":"https:\/\/www.gleichcom.samuraidev.ch\/fr\/shop\/geemarc-tastatur-mit-grossen-tasten\/","title":{"rendered":"Clavier Geemarc avec grandes touches"},"content":{"rendered":"<h2><strong>Clavier Geemarc avec grandes touches\u00a0<\/strong><\/h2>\n<p>Lettrage extra-large<br \/>\nLe clavier Geemarc est \u00e9quip\u00e9 de caract\u00e8res particuli\u00e8rement grands et gras. Les lettres individuelles sont imprim\u00e9es sur toute la touche. Ainsi, chaque lettre peut \u00eatre reconnue de mani\u00e8re optimale. Le clavier est dot\u00e9 d&rsquo;une protection contre l&rsquo;abrasion de haute qualit\u00e9 pour garantir que les caract\u00e8res restent intacts m\u00eame apr\u00e8s de nombreuses utilisations.<\/p>\n<p>Tr\u00e8s fort contraste<br \/>\nEn raison de la couleur sp\u00e9ciale (jaune\/noir), le clavier est particuli\u00e8rement riche en contraste. Ce contraste clair-obscur permet aux contours des chiffres de se d\u00e9marquer nettement et clairement. Id\u00e9al pour les personnes \u00e0 faible contraste.<\/p>\n<p>Connexion USB simple<br \/>\nIl suffit de le connecter \u00e0 votre PC \u00e0 l&rsquo;aide du c\u00e2ble USB fourni et il est pr\u00eat \u00e0 fonctionner. Le clavier peut \u00eatre utilis\u00e9 pour diff\u00e9rents programmes Windows et ne n\u00e9cessite aucun logiciel d&rsquo;installation.<\/p>\n<p>En un coup d&rsquo;\u0153il<\/p>\n<p>\u00a0\u00a0\u00a0 Lettrage clavier extra large<br \/>\n\u00a0\u00a0\u00a0 Couleur tr\u00e8s contrast\u00e9e (noir\/jaune)<br \/>\n\u00a0\u00a0\u00a0 Protection sp\u00e9ciale contre l&rsquo;abrasion pour une longue dur\u00e9e de vie des caract\u00e8res<br \/>\n\u00a0\u00a0\u00a0 Connexion par c\u00e2ble USB<br \/>\n\u00a0\u00a0\u00a0 Taille des boutons 1,3 cm x 1,4 cm<br \/>\n\u00a0\u00a0\u00a0 Taille des caract\u00e8res : 1 cm<br \/>\n\u00a0\u00a0\u00a0 Compatible avec : Windows 7, Windows 8, Windows Vista, Windows XP, Windows 10<\/p>\n<p>Contenu de la livraison<\/p>\n<p>\u00a0\u00a0\u00a0 1 x Clavier Geemarc \u00e0 grands caract\u00e8res<\/p>\n","protected":false},"excerpt":{"rendered":"<p>Lettrage extra-large<br \/>\nLe clavier Geemarc est \u00e9quip\u00e9 de caract\u00e8res particuli\u00e8rement grands et gras. Les lettres individuelles sont imprim\u00e9es sur toute la touche. Ainsi, chaque lettre peut \u00eatre reconnue de mani\u00e8re optimale. Le clavier est dot\u00e9 d&rsquo;une protection contre l&rsquo;abrasion de haute qualit\u00e9 pour garantir que les caract\u00e8res restent intacts m\u00eame apr\u00e8s de nombreuses utilisations.<\/p>\n","protected":false},"featured_media":20329,"template":"","meta":{"inline_featured_image":false,"_uag_custom_page_level_css":"","site-sidebar-layout":"default","site-content-layout":"","ast-site-content-layout":"default","site-content-style":"default","site-sidebar-style":"default","ast-global-header-display":"","ast-banner-title-visibility":"","ast-main-header-display":"","ast-hfb-above-header-display":"","ast-hfb-below-header-display":"","ast-hfb-mobile-header-display":"","site-post-title":"","ast-breadcrumbs-content":"","ast-featured-img":"","footer-sml-layout":"","ast-disable-related-posts":"","theme-transparent-header-meta":"","adv-header-id-meta":"","stick-header-meta":"","header-above-stick-meta":"","header-main-stick-meta":"","header-below-stick-meta":"","astra-migrate-meta-layouts":"default","ast-page-background-enabled":"default","ast-page-background-meta":{"desktop":{"background-color":"","background-image":"","background-repeat":"repeat","background-position":"center center","background-size":"auto","background-attachment":"scroll","background-type":"","background-media":"","overlay-type":"","overlay-color":"","overlay-opacity":"","overlay-gradient":""},"tablet":{"background-color":"","background-image":"","background-repeat":"repeat","background-position":"center center","background-size":"auto","background-attachment":"scroll","background-type":"","background-media":"","overlay-type":"","overlay-color":"","overlay-opacity":"","overlay-gradient":""},"mobile":{"background-color":"","background-image":"","background-repeat":"repeat","background-position":"center center","background-size":"auto","background-attachment":"scroll","background-type":"","background-media":"","overlay-type":"","overlay-color":"","overlay-opacity":"","overlay-gradient":""}},"ast-content-background-meta":{"desktop":{"background-color":"var(--ast-global-color-5)","background-image":"","background-repeat":"repeat","background-position":"center center","background-size":"auto","background-attachment":"scroll","background-type":"","background-media":"","overlay-type":"","overlay-color":"","overlay-opacity":"","overlay-gradient":""},"tablet":{"background-color":"var(--ast-global-color-5)","background-image":"","background-repeat":"repeat","background-position":"center center","background-size":"auto","background-attachment":"scroll","background-type":"","background-media":"","overlay-type":"","overlay-color":"","overlay-opacity":"","overlay-gradient":""},"mobile":{"background-color":"var(--ast-global-color-5)","background-image":"","background-repeat":"repeat","background-position":"center center","background-size":"auto","background-attachment":"scroll","background-type":"","background-media":"","overlay-type":"","overlay-color":"","overlay-opacity":"","overlay-gradient":""}}},"product_brand":[],"product_cat":[1776],"product_tag":[],"class_list":{"0":"post-20339","1":"product","2":"type-product","3":"status-publish","4":"has-post-thumbnail","6":"product_cat-unkategorisiert","7":"desktop-align-center","8":"tablet-align-center","9":"mobile-align-center","10":"ast-product-gallery-layout-horizontal-slider","11":"ast-product-single-variable","12":"ast-product-tabs-layout-accordion","14":"first","15":"outofstock","16":"taxable","17":"shipping-taxable","18":"purchasable","19":"product-type-variable"},"yoast_head":"<!-- This site is optimized with the Yoast SEO plugin v27.6 - https:\/\/yoast.com\/product\/yoast-seo-wordpress\/ -->\n<title>Clavier Geemarc avec grandes touches im Onlineshop | Gleichcom AG<\/title>\n<meta name=\"description\" content=\"\u2705 Lettrage extra-large Le clavier Geemarc est \u00e9quip\u00e9 de caract\u00e8res particuli\u00e8rement grands et gras. Les lettres individuelles sont imprim\u00e9es sur toute la touche. Ainsi, chaque lettre peut \u00eatre reconnue de mani\u00e8re optimale. Le clavier est dot\u00e9 d&#039;une protection contre l&#039;abrasion de haute qualit\u00e9 pour garantir que les caract\u00e8res restent intacts m\u00eame apr\u00e8s de nombreuses utilisations.\" \/>\n<meta name=\"robots\" content=\"noindex, follow, max-snippet:-1, max-image-preview:large, max-video-preview:-1\" \/>\n<meta property=\"og:locale\" content=\"fr_FR\" \/>\n<meta property=\"og:type\" content=\"article\" \/>\n<meta property=\"og:title\" content=\"Clavier Geemarc avec grandes touches im Onlineshop | Gleichcom AG\" \/>\n<meta property=\"og:description\" content=\"\u2705 Lettrage extra-large Le clavier Geemarc est \u00e9quip\u00e9 de caract\u00e8res particuli\u00e8rement grands et gras. Les lettres individuelles sont imprim\u00e9es sur toute la touche. Ainsi, chaque lettre peut \u00eatre reconnue de mani\u00e8re optimale. Le clavier est dot\u00e9 d&#039;une protection contre l&#039;abrasion de haute qualit\u00e9 pour garantir que les caract\u00e8res restent intacts m\u00eame apr\u00e8s de nombreuses utilisations.\" \/>\n<meta property=\"og:url\" content=\"https:\/\/www.gleichcom.samuraidev.ch\/fr\/shop\/geemarc-tastatur-mit-grossen-tasten\/\" \/>\n<meta property=\"og:site_name\" content=\"Gleichcom AG\" \/>\n<meta property=\"article:publisher\" content=\"https:\/\/www.facebook.com\/profile.php?id=100068749126981\" \/>\n<meta property=\"og:image\" content=\"https:\/\/www.gleichcom.samuraidev.ch\/wp-content\/uploads\/2023\/09\/Tastatur_Gelb_Schwarz.png\" \/>\n\t<meta property=\"og:image:width\" content=\"345\" \/>\n\t<meta property=\"og:image:height\" content=\"500\" \/>\n\t<meta property=\"og:image:type\" content=\"image\/png\" \/>\n<meta name=\"twitter:card\" content=\"summary_large_image\" \/>\n<script type=\"application\/ld+json\" class=\"yoast-schema-graph\">{\"@context\":\"https:\\\/\\\/schema.org\",\"@graph\":[{\"@type\":\"WebPage\",\"@id\":\"https:\\\/\\\/www.gleichcom.samuraidev.ch\\\/fr\\\/shop\\\/geemarc-tastatur-mit-grossen-tasten\\\/\",\"url\":\"https:\\\/\\\/www.gleichcom.samuraidev.ch\\\/fr\\\/shop\\\/geemarc-tastatur-mit-grossen-tasten\\\/\",\"name\":\"Clavier Geemarc avec grandes touches im Onlineshop | Gleichcom AG\",\"isPartOf\":{\"@id\":\"https:\\\/\\\/www.gleichcom.samuraidev.ch\\\/fr\\\/#website\"},\"primaryImageOfPage\":{\"@id\":\"https:\\\/\\\/www.gleichcom.samuraidev.ch\\\/fr\\\/shop\\\/geemarc-tastatur-mit-grossen-tasten\\\/#primaryimage\"},\"image\":{\"@id\":\"https:\\\/\\\/www.gleichcom.samuraidev.ch\\\/fr\\\/shop\\\/geemarc-tastatur-mit-grossen-tasten\\\/#primaryimage\"},\"thumbnailUrl\":\"https:\\\/\\\/www.gleichcom.samuraidev.ch\\\/wp-content\\\/uploads\\\/2023\\\/09\\\/Tastatur_Gelb_Schwarz.png\",\"datePublished\":\"2018-09-20T11:56:13+00:00\",\"description\":\"\u2705 Lettrage extra-large Le clavier Geemarc est \u00e9quip\u00e9 de caract\u00e8res particuli\u00e8rement grands et gras. Les lettres individuelles sont imprim\u00e9es sur toute la touche. Ainsi, chaque lettre peut \u00eatre reconnue de mani\u00e8re optimale. Le clavier est dot\u00e9 d'une protection contre l'abrasion de haute qualit\u00e9 pour garantir que les caract\u00e8res restent intacts m\u00eame apr\u00e8s de nombreuses utilisations.\",\"breadcrumb\":{\"@id\":\"https:\\\/\\\/www.gleichcom.samuraidev.ch\\\/fr\\\/shop\\\/geemarc-tastatur-mit-grossen-tasten\\\/#breadcrumb\"},\"inLanguage\":\"fr-FR\",\"potentialAction\":[{\"@type\":\"ReadAction\",\"target\":[\"https:\\\/\\\/www.gleichcom.samuraidev.ch\\\/fr\\\/shop\\\/geemarc-tastatur-mit-grossen-tasten\\\/\"]}]},{\"@type\":\"ImageObject\",\"inLanguage\":\"fr-FR\",\"@id\":\"https:\\\/\\\/www.gleichcom.samuraidev.ch\\\/fr\\\/shop\\\/geemarc-tastatur-mit-grossen-tasten\\\/#primaryimage\",\"url\":\"https:\\\/\\\/www.gleichcom.samuraidev.ch\\\/wp-content\\\/uploads\\\/2023\\\/09\\\/Tastatur_Gelb_Schwarz.png\",\"contentUrl\":\"https:\\\/\\\/www.gleichcom.samuraidev.ch\\\/wp-content\\\/uploads\\\/2023\\\/09\\\/Tastatur_Gelb_Schwarz.png\",\"width\":345,\"height\":500},{\"@type\":\"BreadcrumbList\",\"@id\":\"https:\\\/\\\/www.gleichcom.samuraidev.ch\\\/fr\\\/shop\\\/geemarc-tastatur-mit-grossen-tasten\\\/#breadcrumb\",\"itemListElement\":[{\"@type\":\"ListItem\",\"position\":1,\"name\":\"Startseite\",\"item\":\"https:\\\/\\\/www.gleichcom.samuraidev.ch\\\/fr\\\/\"},{\"@type\":\"ListItem\",\"position\":2,\"name\":\"Shop\",\"item\":\"https:\\\/\\\/www.gleichcom.samuraidev.ch\\\/fr\\\/shop\\\/\"},{\"@type\":\"ListItem\",\"position\":3,\"name\":\"Clavier Geemarc avec grandes touches\"}]},{\"@type\":\"WebSite\",\"@id\":\"https:\\\/\\\/www.gleichcom.samuraidev.ch\\\/fr\\\/#website\",\"url\":\"https:\\\/\\\/www.gleichcom.samuraidev.ch\\\/fr\\\/\",\"name\":\"Gleichcom AG\",\"description\":\"besser h\u00f6ren. besser sehen. besser leben.\",\"publisher\":{\"@id\":\"https:\\\/\\\/www.gleichcom.samuraidev.ch\\\/fr\\\/#organization\"},\"alternateName\":\"Gleichcom\",\"potentialAction\":[{\"@type\":\"SearchAction\",\"target\":{\"@type\":\"EntryPoint\",\"urlTemplate\":\"https:\\\/\\\/www.gleichcom.samuraidev.ch\\\/fr\\\/?s={search_term_string}\"},\"query-input\":{\"@type\":\"PropertyValueSpecification\",\"valueRequired\":true,\"valueName\":\"search_term_string\"}}],\"inLanguage\":\"fr-FR\"},{\"@type\":\"Organization\",\"@id\":\"https:\\\/\\\/www.gleichcom.samuraidev.ch\\\/fr\\\/#organization\",\"name\":\"Gleichcom AG\",\"alternateName\":\"Gleichcom\",\"url\":\"https:\\\/\\\/www.gleichcom.samuraidev.ch\\\/fr\\\/\",\"logo\":{\"@type\":\"ImageObject\",\"inLanguage\":\"fr-FR\",\"@id\":\"https:\\\/\\\/www.gleichcom.samuraidev.ch\\\/fr\\\/#\\\/schema\\\/logo\\\/image\\\/\",\"url\":\"https:\\\/\\\/www.gleichcom.samuraidev.ch\\\/wp-content\\\/uploads\\\/2023\\\/09\\\/gleichcom-ag-logo-quadrat-farbig-mitte@696.png\",\"contentUrl\":\"https:\\\/\\\/www.gleichcom.samuraidev.ch\\\/wp-content\\\/uploads\\\/2023\\\/09\\\/gleichcom-ag-logo-quadrat-farbig-mitte@696.png\",\"width\":437,\"height\":437,\"caption\":\"Gleichcom AG\"},\"image\":{\"@id\":\"https:\\\/\\\/www.gleichcom.samuraidev.ch\\\/fr\\\/#\\\/schema\\\/logo\\\/image\\\/\"},\"sameAs\":[\"https:\\\/\\\/www.facebook.com\\\/profile.php?id=100068749126981\"]}]}<\/script>\n<!-- \/ Yoast SEO plugin. -->","yoast_head_json":{"title":"Clavier Geemarc avec grandes touches im Onlineshop | Gleichcom AG","description":"\u2705 Lettrage extra-large Le clavier Geemarc est \u00e9quip\u00e9 de caract\u00e8res particuli\u00e8rement grands et gras. Les lettres individuelles sont imprim\u00e9es sur toute la touche. Ainsi, chaque lettre peut \u00eatre reconnue de mani\u00e8re optimale. Le clavier est dot\u00e9 d'une protection contre l'abrasion de haute qualit\u00e9 pour garantir que les caract\u00e8res restent intacts m\u00eame apr\u00e8s de nombreuses utilisations.","robots":{"index":"noindex","follow":"follow","max-snippet":"max-snippet:-1","max-image-preview":"max-image-preview:large","max-video-preview":"max-video-preview:-1"},"og_locale":"fr_FR","og_type":"article","og_title":"Clavier Geemarc avec grandes touches im Onlineshop | Gleichcom AG","og_description":"\u2705 Lettrage extra-large Le clavier Geemarc est \u00e9quip\u00e9 de caract\u00e8res particuli\u00e8rement grands et gras. Les lettres individuelles sont imprim\u00e9es sur toute la touche. Ainsi, chaque lettre peut \u00eatre reconnue de mani\u00e8re optimale. Le clavier est dot\u00e9 d'une protection contre l'abrasion de haute qualit\u00e9 pour garantir que les caract\u00e8res restent intacts m\u00eame apr\u00e8s de nombreuses utilisations.","og_url":"https:\/\/www.gleichcom.samuraidev.ch\/fr\/shop\/geemarc-tastatur-mit-grossen-tasten\/","og_site_name":"Gleichcom AG","article_publisher":"https:\/\/www.facebook.com\/profile.php?id=100068749126981","og_image":[{"width":345,"height":500,"url":"https:\/\/www.gleichcom.samuraidev.ch\/wp-content\/uploads\/2023\/09\/Tastatur_Gelb_Schwarz.png","type":"image\/png"}],"twitter_card":"summary_large_image","schema":{"@context":"https:\/\/schema.org","@graph":[{"@type":"WebPage","@id":"https:\/\/www.gleichcom.samuraidev.ch\/fr\/shop\/geemarc-tastatur-mit-grossen-tasten\/","url":"https:\/\/www.gleichcom.samuraidev.ch\/fr\/shop\/geemarc-tastatur-mit-grossen-tasten\/","name":"Clavier Geemarc avec grandes touches im Onlineshop | Gleichcom AG","isPartOf":{"@id":"https:\/\/www.gleichcom.samuraidev.ch\/fr\/#website"},"primaryImageOfPage":{"@id":"https:\/\/www.gleichcom.samuraidev.ch\/fr\/shop\/geemarc-tastatur-mit-grossen-tasten\/#primaryimage"},"image":{"@id":"https:\/\/www.gleichcom.samuraidev.ch\/fr\/shop\/geemarc-tastatur-mit-grossen-tasten\/#primaryimage"},"thumbnailUrl":"https:\/\/www.gleichcom.samuraidev.ch\/wp-content\/uploads\/2023\/09\/Tastatur_Gelb_Schwarz.png","datePublished":"2018-09-20T11:56:13+00:00","description":"\u2705 Lettrage extra-large Le clavier Geemarc est \u00e9quip\u00e9 de caract\u00e8res particuli\u00e8rement grands et gras. Les lettres individuelles sont imprim\u00e9es sur toute la touche. Ainsi, chaque lettre peut \u00eatre reconnue de mani\u00e8re optimale. Le clavier est dot\u00e9 d'une protection contre l'abrasion de haute qualit\u00e9 pour garantir que les caract\u00e8res restent intacts m\u00eame apr\u00e8s de nombreuses utilisations.","breadcrumb":{"@id":"https:\/\/www.gleichcom.samuraidev.ch\/fr\/shop\/geemarc-tastatur-mit-grossen-tasten\/#breadcrumb"},"inLanguage":"fr-FR","potentialAction":[{"@type":"ReadAction","target":["https:\/\/www.gleichcom.samuraidev.ch\/fr\/shop\/geemarc-tastatur-mit-grossen-tasten\/"]}]},{"@type":"ImageObject","inLanguage":"fr-FR","@id":"https:\/\/www.gleichcom.samuraidev.ch\/fr\/shop\/geemarc-tastatur-mit-grossen-tasten\/#primaryimage","url":"https:\/\/www.gleichcom.samuraidev.ch\/wp-content\/uploads\/2023\/09\/Tastatur_Gelb_Schwarz.png","contentUrl":"https:\/\/www.gleichcom.samuraidev.ch\/wp-content\/uploads\/2023\/09\/Tastatur_Gelb_Schwarz.png","width":345,"height":500},{"@type":"BreadcrumbList","@id":"https:\/\/www.gleichcom.samuraidev.ch\/fr\/shop\/geemarc-tastatur-mit-grossen-tasten\/#breadcrumb","itemListElement":[{"@type":"ListItem","position":1,"name":"Startseite","item":"https:\/\/www.gleichcom.samuraidev.ch\/fr\/"},{"@type":"ListItem","position":2,"name":"Shop","item":"https:\/\/www.gleichcom.samuraidev.ch\/fr\/shop\/"},{"@type":"ListItem","position":3,"name":"Clavier Geemarc avec grandes touches"}]},{"@type":"WebSite","@id":"https:\/\/www.gleichcom.samuraidev.ch\/fr\/#website","url":"https:\/\/www.gleichcom.samuraidev.ch\/fr\/","name":"Gleichcom AG","description":"besser h\u00f6ren. besser sehen. besser leben.","publisher":{"@id":"https:\/\/www.gleichcom.samuraidev.ch\/fr\/#organization"},"alternateName":"Gleichcom","potentialAction":[{"@type":"SearchAction","target":{"@type":"EntryPoint","urlTemplate":"https:\/\/www.gleichcom.samuraidev.ch\/fr\/?s={search_term_string}"},"query-input":{"@type":"PropertyValueSpecification","valueRequired":true,"valueName":"search_term_string"}}],"inLanguage":"fr-FR"},{"@type":"Organization","@id":"https:\/\/www.gleichcom.samuraidev.ch\/fr\/#organization","name":"Gleichcom AG","alternateName":"Gleichcom","url":"https:\/\/www.gleichcom.samuraidev.ch\/fr\/","logo":{"@type":"ImageObject","inLanguage":"fr-FR","@id":"https:\/\/www.gleichcom.samuraidev.ch\/fr\/#\/schema\/logo\/image\/","url":"https:\/\/www.gleichcom.samuraidev.ch\/wp-content\/uploads\/2023\/09\/gleichcom-ag-logo-quadrat-farbig-mitte@696.png","contentUrl":"https:\/\/www.gleichcom.samuraidev.ch\/wp-content\/uploads\/2023\/09\/gleichcom-ag-logo-quadrat-farbig-mitte@696.png","width":437,"height":437,"caption":"Gleichcom AG"},"image":{"@id":"https:\/\/www.gleichcom.samuraidev.ch\/fr\/#\/schema\/logo\/image\/"},"sameAs":["https:\/\/www.facebook.com\/profile.php?id=100068749126981"]}]}},"uagb_featured_image_src":{"full":["https:\/\/www.gleichcom.samuraidev.ch\/wp-content\/uploads\/2023\/09\/Tastatur_Gelb_Schwarz.png",345,500,false],"thumbnail":["https:\/\/www.gleichcom.samuraidev.ch\/wp-content\/uploads\/2023\/09\/Tastatur_Gelb_Schwarz.png",104,150,false],"medium":["https:\/\/www.gleichcom.samuraidev.ch\/wp-content\/uploads\/2023\/09\/Tastatur_Gelb_Schwarz.png",207,300,false],"medium_large":["https:\/\/www.gleichcom.samuraidev.ch\/wp-content\/uploads\/2023\/09\/Tastatur_Gelb_Schwarz.png",345,500,false],"large":["https:\/\/www.gleichcom.samuraidev.ch\/wp-content\/uploads\/2023\/09\/Tastatur_Gelb_Schwarz.png",345,500,false],"1536x1536":["https:\/\/www.gleichcom.samuraidev.ch\/wp-content\/uploads\/2023\/09\/Tastatur_Gelb_Schwarz.png",345,500,false],"2048x2048":["https:\/\/www.gleichcom.samuraidev.ch\/wp-content\/uploads\/2023\/09\/Tastatur_Gelb_Schwarz.png",345,500,false],"woocommerce_thumbnail":["https:\/\/www.gleichcom.samuraidev.ch\/wp-content\/uploads\/2023\/09\/Tastatur_Gelb_Schwarz.png",300,435,false],"woocommerce_single":["https:\/\/www.gleichcom.samuraidev.ch\/wp-content\/uploads\/2023\/09\/Tastatur_Gelb_Schwarz.png",345,500,false],"woocommerce_gallery_thumbnail":["https:\/\/www.gleichcom.samuraidev.ch\/wp-content\/uploads\/2023\/09\/Tastatur_Gelb_Schwarz-100x100.png",100,100,true]},"uagb_author_info":{"display_name":"","author_link":"https:\/\/www.gleichcom.samuraidev.ch\/fr\/author\/"},"uagb_comment_info":0,"uagb_excerpt":"Lettrage extra-large Le clavier Geemarc est \u00e9quip\u00e9 de caract\u00e8res particuli\u00e8rement grands et gras. Les lettres individuelles sont imprim\u00e9es sur toute la touche. Ainsi, chaque lettre peut \u00eatre reconnue de mani\u00e8re optimale. Le clavier est dot\u00e9 d'une protection contre l'abrasion de haute qualit\u00e9 pour garantir que les caract\u00e8res restent intacts m\u00eame apr\u00e8s de nombreuses utilisations.","_links":{"self":[{"href":"https:\/\/www.gleichcom.samuraidev.ch\/fr\/wp-json\/wp\/v2\/product\/20339","targetHints":{"allow":["GET"]}}],"collection":[{"href":"https:\/\/www.gleichcom.samuraidev.ch\/fr\/wp-json\/wp\/v2\/product"}],"about":[{"href":"https:\/\/www.gleichcom.samuraidev.ch\/fr\/wp-json\/wp\/v2\/types\/product"}],"wp:featuredmedia":[{"embeddable":true,"href":"https:\/\/www.gleichcom.samuraidev.ch\/fr\/wp-json\/wp\/v2\/media\/20329"}],"wp:attachment":[{"href":"https:\/\/www.gleichcom.samuraidev.ch\/fr\/wp-json\/wp\/v2\/media?parent=20339"}],"wp:term":[{"taxonomy":"product_brand","embeddable":true,"href":"https:\/\/www.gleichcom.samuraidev.ch\/fr\/wp-json\/wp\/v2\/product_brand?post=20339"},{"taxonomy":"product_cat","embeddable":true,"href":"https:\/\/www.gleichcom.samuraidev.ch\/fr\/wp-json\/wp\/v2\/product_cat?post=20339"},{"taxonomy":"product_tag","embeddable":true,"href":"https:\/\/www.gleichcom.samuraidev.ch\/fr\/wp-json\/wp\/v2\/product_tag?post=20339"}],"curies":[{"name":"wp","href":"https:\/\/api.w.org\/{rel}","templated":true}]}}