{"id":20355,"date":"2018-10-01T11:38:22","date_gmt":"2018-10-01T09:38:22","guid":{"rendered":"https:\/\/www.gleichcom.samuraidev.ch\/?product=taschenleuchtlupe-mobilux-led-4-5-6-fache-vergroesserung-eschenbach"},"modified":"1000-01-01T00:00:00","modified_gmt":"1000-01-01T00:00:00","slug":"taschenleuchtlupe-mobilux-led-4-5-6-fache-vergroesserung-eschenbach","status":"publish","type":"product","link":"https:\/\/www.gleichcom.samuraidev.ch\/fr\/shop\/taschenleuchtlupe-mobilux-led-4-5-6-fache-vergroesserung-eschenbach\/","title":{"rendered":"Loupe de poche avec lumi\u00e8re Mobilux LED, grossissement 4x\/5x\/6x Eschenbach"},"content":{"rendered":"<div>\n\t<span style=\"font-size:16px;\"><strong>Loupe de poche avec lumi\u00e8re Mobilux LED, grossissement 4x\/5x\/6x Eschenbach<\/strong><\/span><br \/>\n\t\u00a0<br \/>\n\tLes loupes de poche \u00e0 LED mobilux sont particuli\u00e8rement pratiques pour la lecture de petits caract\u00e8res, par exemple dans l&rsquo;annuaire t\u00e9l\u00e9phonique ou sur les \u00e9tiquettes de prix. Ils sont relativement petits et donc faciles \u00e0 emporter partout. La lentille avec un grand confort visuel est en verre inrayable. L&rsquo;\u00e9clairage peut \u00eatre allum\u00e9 \u00e0 l&rsquo;aide d&rsquo;un grand interrupteur d&rsquo;\u00e9clairage facile \u00e0 utiliser et est constamment lumineux pendant toute la dur\u00e9e de vie de la batterie. La loupe est livr\u00e9e dans un \u00e9tui pratique qui se glisse simplement sur la loupe et la prot\u00e8ge ainsi efficacement de la poussi\u00e8re et de la salet\u00e9.<br \/>\n\t\u00a0<br \/>\n\t<strong>Caract\u00e9ristiques du produit<\/strong><br \/>\n\t&#8211; Lentille asph\u00e9rique PXM\u00ae light lens cera-tec\u00ae pour des images nettes et sans distorsion.<br \/>\n\t&#8211; Remplacement facile de la pile<br \/>\n\t&#8211; Confort am\u00e9lior\u00e9 gr\u00e2ce \u00e0 l&rsquo;\u0153illet de lani\u00e8re<br \/>\n\t&#8211; La temp\u00e9rature de couleur la plus appropri\u00e9e peut \u00eatre pr\u00e9r\u00e9gl\u00e9e \u00e0 l&rsquo;aide des 2 filtres fournis.<br \/>\n\t&#8211; NOUVEAU : Un troisi\u00e8me filtre transparent, qui peut \u00eatre fix\u00e9, concentre la lumi\u00e8re et augmente l&rsquo;intensit\u00e9 lumineuse jusqu&rsquo;\u00e0 40%.<br \/>\n\t&#8211; Aucun changement de lampe n\u00e9cessaire<br \/>\n\t&#8211; L&rsquo;\u00e9clairage LED utilis\u00e9 par Eschenbach Optik a une dur\u00e9e de vie d&rsquo;environ 50.000 heures.<br \/>\n\t&#8211; Dur\u00e9e de vie de la pile jusqu&rsquo;\u00e0 10 fois plus longue qu&rsquo;avec une source lumineuse conventionnelle<br \/>\n\t&#8211; R\u00e9gulation de la tension par convertisseur \u00e9l\u00e9vateur, ce qui permet un \u00e9clairage constant m\u00eame en cas de chute de tension due \u00e0 un niveau de batterie faible.<br \/>\n\t&#8211; Avec mobiluxLED, la luminosit\u00e9 peut \u00eatre r\u00e9gl\u00e9e individuellement.<br \/>\n\t&#8211; Disponible en forme ronde ou carr\u00e9e<br \/>\n\t\u00a0<\/p>\n<table border=\"0\" cellpadding=\"0\" cellspacing=\"0\">\n<tbody>\n<tr>\n<td nowrap=\"nowrap\"><strong>R\u00e9f.<\/strong><\/td>\n<td nowrap=\"nowrap\"><strong>Dimensions<\/strong><\/td>\n<td nowrap=\"nowrap\"><strong>Grossissement<\/strong><\/td>\n<td nowrap=\"nowrap\"><strong>Dioptrie<\/strong><\/td>\n<td nowrap=\"nowrap\"><strong>autres caract\u00e9ristiques<\/strong><\/td>\n<\/tr>\n<tr>\n<td>15112<\/td>\n<td>\u00f8 60 mm<\/td>\n<td>3,0x<\/td>\n<td>12,0<\/td>\n<td>\u00a0<\/td>\n<\/tr>\n<tr>\n<td>15113<\/td>\n<td>75 x 50 mm<\/td>\n<td>3,5x<\/td>\n<td>10,0<\/td>\n<td>3,5x = Grossissement commercial<\/td>\n<\/tr>\n<tr>\n<td>15114<\/td>\n<td>75 x 50 mm<\/td>\n<td>4,0x<\/td>\n<td>16,0<\/td>\n<td>Lentille diffractive-asph\u00e9rique, sans rev\u00eatement cera-tec\u00a0<\/td>\n<\/tr>\n<tr>\n<td>151141<\/td>\n<td>\u00f8 60 mm<\/td>\n<td>4,0x<\/td>\n<td>16,0<\/td>\n<td>\u00a0<\/td>\n<\/tr>\n<tr>\n<td>15115<\/td>\n<td>\u00f8 58 mm<\/td>\n<td>5,0x<\/td>\n<td>20,0<\/td>\n<td>\u00a0<\/td>\n<\/tr>\n<tr>\n<td>15116<\/td>\n<td>\u00f8 58 mm<\/td>\n<td>6,0x<\/td>\n<td>24,0<\/td>\n<td>\u00a0<\/td>\n<\/tr>\n<tr>\n<td>15117<\/td>\n<td>\u00f8 35 mm<\/td>\n<td>7,0x<\/td>\n<td>28,0<\/td>\n<td>\u00a0<\/td>\n<\/tr>\n<tr>\n<td>151110<\/td>\n<td>\u00f8 35 mm<\/td>\n<td>10,0x<\/td>\n<td>38,0<\/td>\n<td>\u00a0<\/td>\n<\/tr>\n<tr>\n<td>151112<\/td>\n<td>\u00f8 35 mm<\/td>\n<td>12,5x<\/td>\n<td>50,0<\/td>\n<td>\u00a0<\/td>\n<\/tr>\n<\/tbody>\n<\/table>\n<p>\t\u00a0<br \/>\n\t<strong>Contenu de la livraison<\/strong><br \/>\n\t&#8211; 1 x Loupe de lampe de poche \u00e0 LED Mobilux<br \/>\n\t&#8211; 2 piles AA 1,5 volt de 1,5 volt<br \/>\n\t&#8211; 1 x filtre de lumi\u00e8re<br \/>\n\t&#8211; 1 x bo\u00eetier<br \/>\n\t&#8211; 1 x Mode d&#8217;emploi d\u00e9taill\u00e9<br \/>\n\t\u00a0<br \/>\n\t<strong>NOUVEAUX accessoires non compris dans la livraison<\/strong><br \/>\n\t&#8211; Mobase Stand pour mobiluxLED R\u00e9f\u00e9rence No. 1511001,-2,-3,-3,-4\n<\/div>\n","protected":false},"excerpt":{"rendered":"<p>\tLoupe de poche avec \u00e9clairage LED extra brillant. Petit et maniable, particuli\u00e8rement pratique pour lire les petits caract\u00e8res.<\/p>\n","protected":false},"featured_media":20347,"template":"","meta":{"inline_featured_image":false,"_uag_custom_page_level_css":"","site-sidebar-layout":"default","site-content-layout":"","ast-site-content-layout":"default","site-content-style":"default","site-sidebar-style":"default","ast-global-header-display":"","ast-banner-title-visibility":"","ast-main-header-display":"","ast-hfb-above-header-display":"","ast-hfb-below-header-display":"","ast-hfb-mobile-header-display":"","site-post-title":"","ast-breadcrumbs-content":"","ast-featured-img":"","footer-sml-layout":"","ast-disable-related-posts":"","theme-transparent-header-meta":"","adv-header-id-meta":"","stick-header-meta":"","header-above-stick-meta":"","header-main-stick-meta":"","header-below-stick-meta":"","astra-migrate-meta-layouts":"default","ast-page-background-enabled":"default","ast-page-background-meta":{"desktop":{"background-color":"","background-image":"","background-repeat":"repeat","background-position":"center center","background-size":"auto","background-attachment":"scroll","background-type":"","background-media":"","overlay-type":"","overlay-color":"","overlay-opacity":"","overlay-gradient":""},"tablet":{"background-color":"","background-image":"","background-repeat":"repeat","background-position":"center center","background-size":"auto","background-attachment":"scroll","background-type":"","background-media":"","overlay-type":"","overlay-color":"","overlay-opacity":"","overlay-gradient":""},"mobile":{"background-color":"","background-image":"","background-repeat":"repeat","background-position":"center center","background-size":"auto","background-attachment":"scroll","background-type":"","background-media":"","overlay-type":"","overlay-color":"","overlay-opacity":"","overlay-gradient":""}},"ast-content-background-meta":{"desktop":{"background-color":"var(--ast-global-color-5)","background-image":"","background-repeat":"repeat","background-position":"center center","background-size":"auto","background-attachment":"scroll","background-type":"","background-media":"","overlay-type":"","overlay-color":"","overlay-opacity":"","overlay-gradient":""},"tablet":{"background-color":"var(--ast-global-color-5)","background-image":"","background-repeat":"repeat","background-position":"center center","background-size":"auto","background-attachment":"scroll","background-type":"","background-media":"","overlay-type":"","overlay-color":"","overlay-opacity":"","overlay-gradient":""},"mobile":{"background-color":"var(--ast-global-color-5)","background-image":"","background-repeat":"repeat","background-position":"center center","background-size":"auto","background-attachment":"scroll","background-type":"","background-media":"","overlay-type":"","overlay-color":"","overlay-opacity":"","overlay-gradient":""}}},"product_brand":[],"product_cat":[2997],"product_tag":[],"class_list":{"0":"post-20355","1":"product","2":"type-product","3":"status-publish","4":"has-post-thumbnail","6":"product_cat-loupes-pour-la-lecture-fr","7":"desktop-align-center","8":"tablet-align-center","9":"mobile-align-center","10":"ast-product-gallery-layout-horizontal-slider","11":"ast-product-single-variable","12":"ast-product-tabs-layout-accordion","14":"first","15":"outofstock","16":"taxable","17":"shipping-taxable","18":"purchasable","19":"product-type-variable"},"yoast_head":"<!-- This site is optimized with the Yoast SEO plugin v27.5 - https:\/\/yoast.com\/product\/yoast-seo-wordpress\/ -->\n<title>Loupe de poche avec lumi\u00e8re Mobilux LED, grossissement 4x\/5x\/6x Eschenbach im Onlineshop | Gleichcom AG<\/title>\n<meta name=\"description\" content=\"\u2705 Loupe de poche avec \u00e9clairage LED extra brillant. Petit et maniable, particuli\u00e8rement pratique pour lire les petits caract\u00e8res.\" \/>\n<meta name=\"robots\" content=\"noindex, follow, max-snippet:-1, max-image-preview:large, max-video-preview:-1\" \/>\n<meta property=\"og:locale\" content=\"fr_FR\" \/>\n<meta property=\"og:type\" content=\"article\" \/>\n<meta property=\"og:title\" content=\"Loupe de poche avec lumi\u00e8re Mobilux LED, grossissement 4x\/5x\/6x Eschenbach im Onlineshop | Gleichcom AG\" \/>\n<meta property=\"og:description\" content=\"\u2705 Loupe de poche avec \u00e9clairage LED extra brillant. Petit et maniable, particuli\u00e8rement pratique pour lire les petits caract\u00e8res.\" \/>\n<meta property=\"og:url\" content=\"https:\/\/www.gleichcom.samuraidev.ch\/fr\/shop\/taschenleuchtlupe-mobilux-led-4-5-6-fache-vergroesserung-eschenbach\/\" \/>\n<meta property=\"og:site_name\" content=\"Gleichcom AG\" \/>\n<meta property=\"article:publisher\" content=\"https:\/\/www.facebook.com\/profile.php?id=100068749126981\" \/>\n<meta property=\"og:image\" content=\"https:\/\/www.gleichcom.samuraidev.ch\/wp-content\/uploads\/2023\/09\/15116_5860mm.jpg\" \/>\n\t<meta property=\"og:image:width\" content=\"500\" \/>\n\t<meta property=\"og:image:height\" content=\"214\" \/>\n\t<meta property=\"og:image:type\" content=\"image\/jpeg\" \/>\n<meta name=\"twitter:card\" content=\"summary_large_image\" \/>\n<script type=\"application\/ld+json\" class=\"yoast-schema-graph\">{\"@context\":\"https:\\\/\\\/schema.org\",\"@graph\":[{\"@type\":\"WebPage\",\"@id\":\"https:\\\/\\\/www.gleichcom.samuraidev.ch\\\/fr\\\/shop\\\/taschenleuchtlupe-mobilux-led-4-5-6-fache-vergroesserung-eschenbach\\\/\",\"url\":\"https:\\\/\\\/www.gleichcom.samuraidev.ch\\\/fr\\\/shop\\\/taschenleuchtlupe-mobilux-led-4-5-6-fache-vergroesserung-eschenbach\\\/\",\"name\":\"Loupe de poche avec lumi\u00e8re Mobilux LED, grossissement 4x\\\/5x\\\/6x Eschenbach im Onlineshop | Gleichcom AG\",\"isPartOf\":{\"@id\":\"https:\\\/\\\/www.gleichcom.samuraidev.ch\\\/fr\\\/#website\"},\"primaryImageOfPage\":{\"@id\":\"https:\\\/\\\/www.gleichcom.samuraidev.ch\\\/fr\\\/shop\\\/taschenleuchtlupe-mobilux-led-4-5-6-fache-vergroesserung-eschenbach\\\/#primaryimage\"},\"image\":{\"@id\":\"https:\\\/\\\/www.gleichcom.samuraidev.ch\\\/fr\\\/shop\\\/taschenleuchtlupe-mobilux-led-4-5-6-fache-vergroesserung-eschenbach\\\/#primaryimage\"},\"thumbnailUrl\":\"https:\\\/\\\/www.gleichcom.samuraidev.ch\\\/wp-content\\\/uploads\\\/2023\\\/09\\\/15116_5860mm.jpg\",\"datePublished\":\"2018-10-01T09:38:22+00:00\",\"description\":\"\u2705 Loupe de poche avec \u00e9clairage LED extra brillant. Petit et maniable, particuli\u00e8rement pratique pour lire les petits caract\u00e8res.\",\"breadcrumb\":{\"@id\":\"https:\\\/\\\/www.gleichcom.samuraidev.ch\\\/fr\\\/shop\\\/taschenleuchtlupe-mobilux-led-4-5-6-fache-vergroesserung-eschenbach\\\/#breadcrumb\"},\"inLanguage\":\"fr-FR\",\"potentialAction\":[{\"@type\":\"ReadAction\",\"target\":[\"https:\\\/\\\/www.gleichcom.samuraidev.ch\\\/fr\\\/shop\\\/taschenleuchtlupe-mobilux-led-4-5-6-fache-vergroesserung-eschenbach\\\/\"]}]},{\"@type\":\"ImageObject\",\"inLanguage\":\"fr-FR\",\"@id\":\"https:\\\/\\\/www.gleichcom.samuraidev.ch\\\/fr\\\/shop\\\/taschenleuchtlupe-mobilux-led-4-5-6-fache-vergroesserung-eschenbach\\\/#primaryimage\",\"url\":\"https:\\\/\\\/www.gleichcom.samuraidev.ch\\\/wp-content\\\/uploads\\\/2023\\\/09\\\/15116_5860mm.jpg\",\"contentUrl\":\"https:\\\/\\\/www.gleichcom.samuraidev.ch\\\/wp-content\\\/uploads\\\/2023\\\/09\\\/15116_5860mm.jpg\",\"width\":500,\"height\":214},{\"@type\":\"BreadcrumbList\",\"@id\":\"https:\\\/\\\/www.gleichcom.samuraidev.ch\\\/fr\\\/shop\\\/taschenleuchtlupe-mobilux-led-4-5-6-fache-vergroesserung-eschenbach\\\/#breadcrumb\",\"itemListElement\":[{\"@type\":\"ListItem\",\"position\":1,\"name\":\"Startseite\",\"item\":\"https:\\\/\\\/www.gleichcom.samuraidev.ch\\\/fr\\\/\"},{\"@type\":\"ListItem\",\"position\":2,\"name\":\"Shop\",\"item\":\"https:\\\/\\\/www.gleichcom.samuraidev.ch\\\/fr\\\/shop\\\/\"},{\"@type\":\"ListItem\",\"position\":3,\"name\":\"Loupe de poche avec lumi\u00e8re Mobilux LED, grossissement 4x\\\/5x\\\/6x Eschenbach\"}]},{\"@type\":\"WebSite\",\"@id\":\"https:\\\/\\\/www.gleichcom.samuraidev.ch\\\/fr\\\/#website\",\"url\":\"https:\\\/\\\/www.gleichcom.samuraidev.ch\\\/fr\\\/\",\"name\":\"Gleichcom AG\",\"description\":\"besser h\u00f6ren. besser sehen. besser leben.\",\"publisher\":{\"@id\":\"https:\\\/\\\/www.gleichcom.samuraidev.ch\\\/fr\\\/#organization\"},\"alternateName\":\"Gleichcom\",\"potentialAction\":[{\"@type\":\"SearchAction\",\"target\":{\"@type\":\"EntryPoint\",\"urlTemplate\":\"https:\\\/\\\/www.gleichcom.samuraidev.ch\\\/fr\\\/?s={search_term_string}\"},\"query-input\":{\"@type\":\"PropertyValueSpecification\",\"valueRequired\":true,\"valueName\":\"search_term_string\"}}],\"inLanguage\":\"fr-FR\"},{\"@type\":\"Organization\",\"@id\":\"https:\\\/\\\/www.gleichcom.samuraidev.ch\\\/fr\\\/#organization\",\"name\":\"Gleichcom AG\",\"alternateName\":\"Gleichcom\",\"url\":\"https:\\\/\\\/www.gleichcom.samuraidev.ch\\\/fr\\\/\",\"logo\":{\"@type\":\"ImageObject\",\"inLanguage\":\"fr-FR\",\"@id\":\"https:\\\/\\\/www.gleichcom.samuraidev.ch\\\/fr\\\/#\\\/schema\\\/logo\\\/image\\\/\",\"url\":\"https:\\\/\\\/www.gleichcom.samuraidev.ch\\\/wp-content\\\/uploads\\\/2023\\\/09\\\/gleichcom-ag-logo-quadrat-farbig-mitte@696.png\",\"contentUrl\":\"https:\\\/\\\/www.gleichcom.samuraidev.ch\\\/wp-content\\\/uploads\\\/2023\\\/09\\\/gleichcom-ag-logo-quadrat-farbig-mitte@696.png\",\"width\":437,\"height\":437,\"caption\":\"Gleichcom AG\"},\"image\":{\"@id\":\"https:\\\/\\\/www.gleichcom.samuraidev.ch\\\/fr\\\/#\\\/schema\\\/logo\\\/image\\\/\"},\"sameAs\":[\"https:\\\/\\\/www.facebook.com\\\/profile.php?id=100068749126981\"]}]}<\/script>\n<!-- \/ Yoast SEO plugin. -->","yoast_head_json":{"title":"Loupe de poche avec lumi\u00e8re Mobilux LED, grossissement 4x\/5x\/6x Eschenbach im Onlineshop | Gleichcom AG","description":"\u2705 Loupe de poche avec \u00e9clairage LED extra brillant. Petit et maniable, particuli\u00e8rement pratique pour lire les petits caract\u00e8res.","robots":{"index":"noindex","follow":"follow","max-snippet":"max-snippet:-1","max-image-preview":"max-image-preview:large","max-video-preview":"max-video-preview:-1"},"og_locale":"fr_FR","og_type":"article","og_title":"Loupe de poche avec lumi\u00e8re Mobilux LED, grossissement 4x\/5x\/6x Eschenbach im Onlineshop | Gleichcom AG","og_description":"\u2705 Loupe de poche avec \u00e9clairage LED extra brillant. Petit et maniable, particuli\u00e8rement pratique pour lire les petits caract\u00e8res.","og_url":"https:\/\/www.gleichcom.samuraidev.ch\/fr\/shop\/taschenleuchtlupe-mobilux-led-4-5-6-fache-vergroesserung-eschenbach\/","og_site_name":"Gleichcom AG","article_publisher":"https:\/\/www.facebook.com\/profile.php?id=100068749126981","og_image":[{"width":500,"height":214,"url":"https:\/\/www.gleichcom.samuraidev.ch\/wp-content\/uploads\/2023\/09\/15116_5860mm.jpg","type":"image\/jpeg"}],"twitter_card":"summary_large_image","schema":{"@context":"https:\/\/schema.org","@graph":[{"@type":"WebPage","@id":"https:\/\/www.gleichcom.samuraidev.ch\/fr\/shop\/taschenleuchtlupe-mobilux-led-4-5-6-fache-vergroesserung-eschenbach\/","url":"https:\/\/www.gleichcom.samuraidev.ch\/fr\/shop\/taschenleuchtlupe-mobilux-led-4-5-6-fache-vergroesserung-eschenbach\/","name":"Loupe de poche avec lumi\u00e8re Mobilux LED, grossissement 4x\/5x\/6x Eschenbach im Onlineshop | Gleichcom AG","isPartOf":{"@id":"https:\/\/www.gleichcom.samuraidev.ch\/fr\/#website"},"primaryImageOfPage":{"@id":"https:\/\/www.gleichcom.samuraidev.ch\/fr\/shop\/taschenleuchtlupe-mobilux-led-4-5-6-fache-vergroesserung-eschenbach\/#primaryimage"},"image":{"@id":"https:\/\/www.gleichcom.samuraidev.ch\/fr\/shop\/taschenleuchtlupe-mobilux-led-4-5-6-fache-vergroesserung-eschenbach\/#primaryimage"},"thumbnailUrl":"https:\/\/www.gleichcom.samuraidev.ch\/wp-content\/uploads\/2023\/09\/15116_5860mm.jpg","datePublished":"2018-10-01T09:38:22+00:00","description":"\u2705 Loupe de poche avec \u00e9clairage LED extra brillant. Petit et maniable, particuli\u00e8rement pratique pour lire les petits caract\u00e8res.","breadcrumb":{"@id":"https:\/\/www.gleichcom.samuraidev.ch\/fr\/shop\/taschenleuchtlupe-mobilux-led-4-5-6-fache-vergroesserung-eschenbach\/#breadcrumb"},"inLanguage":"fr-FR","potentialAction":[{"@type":"ReadAction","target":["https:\/\/www.gleichcom.samuraidev.ch\/fr\/shop\/taschenleuchtlupe-mobilux-led-4-5-6-fache-vergroesserung-eschenbach\/"]}]},{"@type":"ImageObject","inLanguage":"fr-FR","@id":"https:\/\/www.gleichcom.samuraidev.ch\/fr\/shop\/taschenleuchtlupe-mobilux-led-4-5-6-fache-vergroesserung-eschenbach\/#primaryimage","url":"https:\/\/www.gleichcom.samuraidev.ch\/wp-content\/uploads\/2023\/09\/15116_5860mm.jpg","contentUrl":"https:\/\/www.gleichcom.samuraidev.ch\/wp-content\/uploads\/2023\/09\/15116_5860mm.jpg","width":500,"height":214},{"@type":"BreadcrumbList","@id":"https:\/\/www.gleichcom.samuraidev.ch\/fr\/shop\/taschenleuchtlupe-mobilux-led-4-5-6-fache-vergroesserung-eschenbach\/#breadcrumb","itemListElement":[{"@type":"ListItem","position":1,"name":"Startseite","item":"https:\/\/www.gleichcom.samuraidev.ch\/fr\/"},{"@type":"ListItem","position":2,"name":"Shop","item":"https:\/\/www.gleichcom.samuraidev.ch\/fr\/shop\/"},{"@type":"ListItem","position":3,"name":"Loupe de poche avec lumi\u00e8re Mobilux LED, grossissement 4x\/5x\/6x Eschenbach"}]},{"@type":"WebSite","@id":"https:\/\/www.gleichcom.samuraidev.ch\/fr\/#website","url":"https:\/\/www.gleichcom.samuraidev.ch\/fr\/","name":"Gleichcom AG","description":"besser h\u00f6ren. besser sehen. besser leben.","publisher":{"@id":"https:\/\/www.gleichcom.samuraidev.ch\/fr\/#organization"},"alternateName":"Gleichcom","potentialAction":[{"@type":"SearchAction","target":{"@type":"EntryPoint","urlTemplate":"https:\/\/www.gleichcom.samuraidev.ch\/fr\/?s={search_term_string}"},"query-input":{"@type":"PropertyValueSpecification","valueRequired":true,"valueName":"search_term_string"}}],"inLanguage":"fr-FR"},{"@type":"Organization","@id":"https:\/\/www.gleichcom.samuraidev.ch\/fr\/#organization","name":"Gleichcom AG","alternateName":"Gleichcom","url":"https:\/\/www.gleichcom.samuraidev.ch\/fr\/","logo":{"@type":"ImageObject","inLanguage":"fr-FR","@id":"https:\/\/www.gleichcom.samuraidev.ch\/fr\/#\/schema\/logo\/image\/","url":"https:\/\/www.gleichcom.samuraidev.ch\/wp-content\/uploads\/2023\/09\/gleichcom-ag-logo-quadrat-farbig-mitte@696.png","contentUrl":"https:\/\/www.gleichcom.samuraidev.ch\/wp-content\/uploads\/2023\/09\/gleichcom-ag-logo-quadrat-farbig-mitte@696.png","width":437,"height":437,"caption":"Gleichcom AG"},"image":{"@id":"https:\/\/www.gleichcom.samuraidev.ch\/fr\/#\/schema\/logo\/image\/"},"sameAs":["https:\/\/www.facebook.com\/profile.php?id=100068749126981"]}]}},"uagb_featured_image_src":{"full":["https:\/\/www.gleichcom.samuraidev.ch\/wp-content\/uploads\/2023\/09\/15116_5860mm.jpg",500,214,false],"thumbnail":["https:\/\/www.gleichcom.samuraidev.ch\/wp-content\/uploads\/2023\/09\/15116_5860mm.jpg",150,64,false],"medium":["https:\/\/www.gleichcom.samuraidev.ch\/wp-content\/uploads\/2023\/09\/15116_5860mm.jpg",300,128,false],"medium_large":["https:\/\/www.gleichcom.samuraidev.ch\/wp-content\/uploads\/2023\/09\/15116_5860mm.jpg",500,214,false],"large":["https:\/\/www.gleichcom.samuraidev.ch\/wp-content\/uploads\/2023\/09\/15116_5860mm.jpg",500,214,false],"1536x1536":["https:\/\/www.gleichcom.samuraidev.ch\/wp-content\/uploads\/2023\/09\/15116_5860mm.jpg",500,214,false],"2048x2048":["https:\/\/www.gleichcom.samuraidev.ch\/wp-content\/uploads\/2023\/09\/15116_5860mm.jpg",500,214,false],"woocommerce_thumbnail":["https:\/\/www.gleichcom.samuraidev.ch\/wp-content\/uploads\/2023\/09\/15116_5860mm.jpg",300,128,false],"woocommerce_single":["https:\/\/www.gleichcom.samuraidev.ch\/wp-content\/uploads\/2023\/09\/15116_5860mm.jpg",500,214,false],"woocommerce_gallery_thumbnail":["https:\/\/www.gleichcom.samuraidev.ch\/wp-content\/uploads\/2023\/09\/15116_5860mm-100x100.jpg",100,100,true]},"uagb_author_info":{"display_name":"","author_link":"https:\/\/www.gleichcom.samuraidev.ch\/fr\/author\/"},"uagb_comment_info":0,"uagb_excerpt":"Loupe de poche avec \u00e9clairage LED extra brillant. Petit et maniable, particuli\u00e8rement pratique pour lire les petits caract\u00e8res.","_links":{"self":[{"href":"https:\/\/www.gleichcom.samuraidev.ch\/fr\/wp-json\/wp\/v2\/product\/20355","targetHints":{"allow":["GET"]}}],"collection":[{"href":"https:\/\/www.gleichcom.samuraidev.ch\/fr\/wp-json\/wp\/v2\/product"}],"about":[{"href":"https:\/\/www.gleichcom.samuraidev.ch\/fr\/wp-json\/wp\/v2\/types\/product"}],"wp:featuredmedia":[{"embeddable":true,"href":"https:\/\/www.gleichcom.samuraidev.ch\/fr\/wp-json\/wp\/v2\/media\/20347"}],"wp:attachment":[{"href":"https:\/\/www.gleichcom.samuraidev.ch\/fr\/wp-json\/wp\/v2\/media?parent=20355"}],"wp:term":[{"taxonomy":"product_brand","embeddable":true,"href":"https:\/\/www.gleichcom.samuraidev.ch\/fr\/wp-json\/wp\/v2\/product_brand?post=20355"},{"taxonomy":"product_cat","embeddable":true,"href":"https:\/\/www.gleichcom.samuraidev.ch\/fr\/wp-json\/wp\/v2\/product_cat?post=20355"},{"taxonomy":"product_tag","embeddable":true,"href":"https:\/\/www.gleichcom.samuraidev.ch\/fr\/wp-json\/wp\/v2\/product_tag?post=20355"}],"curies":[{"name":"wp","href":"https:\/\/api.w.org\/{rel}","templated":true}]}}