{"id":20957,"date":"2018-11-19T22:17:49","date_gmt":"2018-11-19T21:17:49","guid":{"rendered":"https:\/\/www.gleichcom.samuraidev.ch\/?product=lernfaehige-grosstasten-fernbedienung-seki-easy"},"modified":"1000-01-01T00:00:00","modified_gmt":"1000-01-01T00:00:00","slug":"lernfaehige-grosstasten-fernbedienung-seki-easy","status":"publish","type":"product","link":"https:\/\/www.gleichcom.samuraidev.ch\/fr\/shop\/lernfaehige-grosstasten-fernbedienung-seki-easy\/","title":{"rendered":"Apprentissage des gros boutons de la t\u00e9l\u00e9commande SeKi Easy"},"content":{"rendered":"<p><strong>Utilisation tr\u00e8s simple<\/strong><br \/>\nLes personnes malvoyantes ont souvent du mal \u00e0 distinguer les nombreux petits boutons des t\u00e9l\u00e9commandes. Le SeKi Easy ne comporte donc que quelques boutons, mais de tr\u00e8s grande taille. Tous les boutons de la t\u00e9l\u00e9commande sont s\u00e9par\u00e9s individuellement et peuvent donc \u00eatre facilement distingu\u00e9s. Cela signifie que les personnes malvoyantes peuvent effectuer elles-m\u00eames tous les r\u00e9glages qu&rsquo;elles souhaitent avec la t\u00e9l\u00e9commande SeKi Easy.<br \/>\n<strong>\u00a0<br \/>\nSeulement huit boutons diff\u00e9rents<\/strong><br \/>\nLa t\u00e9l\u00e9commande SeKi Easy ne comporte que huit boutons diff\u00e9rents. Le nombre r\u00e9duit de boutons permet d&rsquo;\u00e9viter de nombreuses erreurs de manipulation. La s\u00e9lection des diff\u00e9rents programmes se fait uniquement \u00e0 l&rsquo;aide de deux boutons. Les deux boutons vous permettent de faire d\u00e9filer tous les programmes en s\u00e9quence.<br \/>\n\u00a0<br \/>\nRemplace toutes les t\u00e9l\u00e9commandes<br \/>\nLa t\u00e9l\u00e9commande est une t\u00e9l\u00e9commande universelle et peut donc remplacer toute t\u00e9l\u00e9commande d&rsquo;origine. La particularit\u00e9 de la t\u00e9l\u00e9commande SeKi Medium est qu&rsquo;elle reconna\u00eet et m\u00e9morise tous les signaux de votre ancienne t\u00e9l\u00e9commande. Cela signifie que le SeKi Easy est capable d&rsquo;apprendre et peut remplacer toute t\u00e9l\u00e9commande (TV, r\u00e9cepteur satellite, lecteur DVD).<br \/>\n\u00a0<br \/>\n<strong>En un coup d&rsquo;\u0153il<\/strong><\/p>\n<p>\u00a0\u00a0\u00a0 Boutons extra larges, s\u00e9par\u00e9s individuellement<br \/>\n\u00a0\u00a0\u00a0 Seulement huit boutons de commande<br \/>\n\u00a0\u00a0\u00a0 Tr\u00e8s facile \u00e0 utiliser<br \/>\n\u00a0\u00a0\u00a0 T\u00e9l\u00e9commande universelle pour t\u00e9l\u00e9viseur, \u00e9quipement vid\u00e9o, \u00e9quipement audio ou cha\u00eene st\u00e9r\u00e9o<br \/>\n\u00a0\u00a0\u00a0 Peut remplacer toute t\u00e9l\u00e9commande infrarouge<br \/>\n\u00a0\u00a0\u00a0 Tr\u00e8s facile \u00e0 mettre en place, en adaptant le SeKi Easy aux signaux de commande de votre ancienne t\u00e9l\u00e9commande.<br \/>\n\u00a0\u00a0\u00a0 La t\u00e9l\u00e9commande est adaptative et peut donc apprendre tous les signaux de commande de votre ancienne t\u00e9l\u00e9commande.<br \/>\n\u00a0\u00a0\u00a0 Commandes on\/off, loud\/quiet, s\u00e9lection de programme avant\/arri\u00e8re, on\/off pour un deuxi\u00e8me appareil tel qu&rsquo;un r\u00e9cepteur ou une fonction mute, touche AV, touche \u00e9toile pour l&rsquo;affectation libre.<br \/>\n\u00a0\u00a0\u00a0 N\u00e9cessite 2 piles AAA de 1,5 volt (non incluses)<br \/>\n\u00a0\u00a0\u00a0 Taille 19,0 cm x 4,7 cm<\/p>\n<p><strong>\u00c9tendue de la livraison<\/strong><\/p>\n<p>\u00a0\u00a0\u00a0 1 x T\u00e9l\u00e9commande universelle SeKi Easy<br \/>\n\u00a0\u00a0\u00a0 1 x Mode d&#8217;emploi d\u00e9taill\u00e9<\/p>\n","protected":false},"excerpt":{"rendered":"<p>T\u00e9l\u00e9commande avec 8 boutons de commande larges et tactiles, apprend les signaux de votre ancienne t\u00e9l\u00e9commande.<\/p>\n","protected":false},"featured_media":20944,"template":"","meta":{"inline_featured_image":false,"_uag_custom_page_level_css":"","site-sidebar-layout":"default","site-content-layout":"","ast-site-content-layout":"default","site-content-style":"default","site-sidebar-style":"default","ast-global-header-display":"","ast-banner-title-visibility":"","ast-main-header-display":"","ast-hfb-above-header-display":"","ast-hfb-below-header-display":"","ast-hfb-mobile-header-display":"","site-post-title":"","ast-breadcrumbs-content":"","ast-featured-img":"","footer-sml-layout":"","ast-disable-related-posts":"","theme-transparent-header-meta":"","adv-header-id-meta":"","stick-header-meta":"","header-above-stick-meta":"","header-main-stick-meta":"","header-below-stick-meta":"","astra-migrate-meta-layouts":"default","ast-page-background-enabled":"default","ast-page-background-meta":{"desktop":{"background-color":"","background-image":"","background-repeat":"repeat","background-position":"center center","background-size":"auto","background-attachment":"scroll","background-type":"","background-media":"","overlay-type":"","overlay-color":"","overlay-opacity":"","overlay-gradient":""},"tablet":{"background-color":"","background-image":"","background-repeat":"repeat","background-position":"center center","background-size":"auto","background-attachment":"scroll","background-type":"","background-media":"","overlay-type":"","overlay-color":"","overlay-opacity":"","overlay-gradient":""},"mobile":{"background-color":"","background-image":"","background-repeat":"repeat","background-position":"center center","background-size":"auto","background-attachment":"scroll","background-type":"","background-media":"","overlay-type":"","overlay-color":"","overlay-opacity":"","overlay-gradient":""}},"ast-content-background-meta":{"desktop":{"background-color":"var(--ast-global-color-5)","background-image":"","background-repeat":"repeat","background-position":"center center","background-size":"auto","background-attachment":"scroll","background-type":"","background-media":"","overlay-type":"","overlay-color":"","overlay-opacity":"","overlay-gradient":""},"tablet":{"background-color":"var(--ast-global-color-5)","background-image":"","background-repeat":"repeat","background-position":"center center","background-size":"auto","background-attachment":"scroll","background-type":"","background-media":"","overlay-type":"","overlay-color":"","overlay-opacity":"","overlay-gradient":""},"mobile":{"background-color":"var(--ast-global-color-5)","background-image":"","background-repeat":"repeat","background-position":"center center","background-size":"auto","background-attachment":"scroll","background-type":"","background-media":"","overlay-type":"","overlay-color":"","overlay-opacity":"","overlay-gradient":""}}},"product_brand":[],"product_cat":[3006],"product_tag":[],"class_list":{"0":"post-20957","1":"product","2":"type-product","3":"status-publish","4":"has-post-thumbnail","6":"product_cat-grand-touches-de-raccourci-aide-fr","7":"desktop-align-center","8":"tablet-align-center","9":"mobile-align-center","10":"ast-product-gallery-layout-horizontal-slider","11":"ast-product-single-variable","12":"ast-product-tabs-layout-accordion","14":"first","15":"onbackorder","16":"taxable","17":"shipping-taxable","18":"purchasable","19":"product-type-variable"},"yoast_head":"<!-- This site is optimized with the Yoast SEO plugin v27.5 - https:\/\/yoast.com\/product\/yoast-seo-wordpress\/ -->\n<title>Apprentissage des gros boutons de la t\u00e9l\u00e9commande SeKi Easy im Onlineshop | Gleichcom AG<\/title>\n<meta name=\"description\" content=\"\u2705 T\u00e9l\u00e9commande avec 8 boutons de commande larges et tactiles, apprend les signaux de votre ancienne t\u00e9l\u00e9commande.\" \/>\n<meta name=\"robots\" content=\"noindex, follow, max-snippet:-1, max-image-preview:large, max-video-preview:-1\" \/>\n<meta property=\"og:locale\" content=\"fr_FR\" \/>\n<meta property=\"og:type\" content=\"article\" \/>\n<meta property=\"og:title\" content=\"Apprentissage des gros boutons de la t\u00e9l\u00e9commande SeKi Easy im Onlineshop | Gleichcom AG\" \/>\n<meta property=\"og:description\" content=\"\u2705 T\u00e9l\u00e9commande avec 8 boutons de commande larges et tactiles, apprend les signaux de votre ancienne t\u00e9l\u00e9commande.\" \/>\n<meta property=\"og:url\" content=\"https:\/\/www.gleichcom.samuraidev.ch\/fr\/shop\/lernfaehige-grosstasten-fernbedienung-seki-easy\/\" \/>\n<meta property=\"og:site_name\" content=\"Gleichcom AG\" \/>\n<meta property=\"article:publisher\" content=\"https:\/\/www.facebook.com\/profile.php?id=100068749126981\" \/>\n<meta property=\"og:image\" content=\"https:\/\/www.gleichcom.samuraidev.ch\/wp-content\/uploads\/2023\/09\/vgtp0060_z1.jpg\" \/>\n\t<meta property=\"og:image:width\" content=\"500\" \/>\n\t<meta property=\"og:image:height\" content=\"500\" \/>\n\t<meta property=\"og:image:type\" content=\"image\/jpeg\" \/>\n<meta name=\"twitter:card\" content=\"summary_large_image\" \/>\n<script type=\"application\/ld+json\" class=\"yoast-schema-graph\">{\"@context\":\"https:\\\/\\\/schema.org\",\"@graph\":[{\"@type\":\"WebPage\",\"@id\":\"https:\\\/\\\/www.gleichcom.samuraidev.ch\\\/fr\\\/shop\\\/lernfaehige-grosstasten-fernbedienung-seki-easy\\\/\",\"url\":\"https:\\\/\\\/www.gleichcom.samuraidev.ch\\\/fr\\\/shop\\\/lernfaehige-grosstasten-fernbedienung-seki-easy\\\/\",\"name\":\"Apprentissage des gros boutons de la t\u00e9l\u00e9commande SeKi Easy im Onlineshop | Gleichcom AG\",\"isPartOf\":{\"@id\":\"https:\\\/\\\/www.gleichcom.samuraidev.ch\\\/fr\\\/#website\"},\"primaryImageOfPage\":{\"@id\":\"https:\\\/\\\/www.gleichcom.samuraidev.ch\\\/fr\\\/shop\\\/lernfaehige-grosstasten-fernbedienung-seki-easy\\\/#primaryimage\"},\"image\":{\"@id\":\"https:\\\/\\\/www.gleichcom.samuraidev.ch\\\/fr\\\/shop\\\/lernfaehige-grosstasten-fernbedienung-seki-easy\\\/#primaryimage\"},\"thumbnailUrl\":\"https:\\\/\\\/www.gleichcom.samuraidev.ch\\\/wp-content\\\/uploads\\\/2023\\\/09\\\/vgtp0060_z1.jpg\",\"datePublished\":\"2018-11-19T21:17:49+00:00\",\"description\":\"\u2705 T\u00e9l\u00e9commande avec 8 boutons de commande larges et tactiles, apprend les signaux de votre ancienne t\u00e9l\u00e9commande.\",\"breadcrumb\":{\"@id\":\"https:\\\/\\\/www.gleichcom.samuraidev.ch\\\/fr\\\/shop\\\/lernfaehige-grosstasten-fernbedienung-seki-easy\\\/#breadcrumb\"},\"inLanguage\":\"fr-FR\",\"potentialAction\":[{\"@type\":\"ReadAction\",\"target\":[\"https:\\\/\\\/www.gleichcom.samuraidev.ch\\\/fr\\\/shop\\\/lernfaehige-grosstasten-fernbedienung-seki-easy\\\/\"]}]},{\"@type\":\"ImageObject\",\"inLanguage\":\"fr-FR\",\"@id\":\"https:\\\/\\\/www.gleichcom.samuraidev.ch\\\/fr\\\/shop\\\/lernfaehige-grosstasten-fernbedienung-seki-easy\\\/#primaryimage\",\"url\":\"https:\\\/\\\/www.gleichcom.samuraidev.ch\\\/wp-content\\\/uploads\\\/2023\\\/09\\\/vgtp0060_z1.jpg\",\"contentUrl\":\"https:\\\/\\\/www.gleichcom.samuraidev.ch\\\/wp-content\\\/uploads\\\/2023\\\/09\\\/vgtp0060_z1.jpg\",\"width\":500,\"height\":500},{\"@type\":\"BreadcrumbList\",\"@id\":\"https:\\\/\\\/www.gleichcom.samuraidev.ch\\\/fr\\\/shop\\\/lernfaehige-grosstasten-fernbedienung-seki-easy\\\/#breadcrumb\",\"itemListElement\":[{\"@type\":\"ListItem\",\"position\":1,\"name\":\"Startseite\",\"item\":\"https:\\\/\\\/www.gleichcom.samuraidev.ch\\\/fr\\\/\"},{\"@type\":\"ListItem\",\"position\":2,\"name\":\"Shop\",\"item\":\"https:\\\/\\\/www.gleichcom.samuraidev.ch\\\/fr\\\/shop\\\/\"},{\"@type\":\"ListItem\",\"position\":3,\"name\":\"Apprentissage des gros boutons de la t\u00e9l\u00e9commande SeKi Easy\"}]},{\"@type\":\"WebSite\",\"@id\":\"https:\\\/\\\/www.gleichcom.samuraidev.ch\\\/fr\\\/#website\",\"url\":\"https:\\\/\\\/www.gleichcom.samuraidev.ch\\\/fr\\\/\",\"name\":\"Gleichcom AG\",\"description\":\"besser h\u00f6ren. besser sehen. besser leben.\",\"publisher\":{\"@id\":\"https:\\\/\\\/www.gleichcom.samuraidev.ch\\\/fr\\\/#organization\"},\"alternateName\":\"Gleichcom\",\"potentialAction\":[{\"@type\":\"SearchAction\",\"target\":{\"@type\":\"EntryPoint\",\"urlTemplate\":\"https:\\\/\\\/www.gleichcom.samuraidev.ch\\\/fr\\\/?s={search_term_string}\"},\"query-input\":{\"@type\":\"PropertyValueSpecification\",\"valueRequired\":true,\"valueName\":\"search_term_string\"}}],\"inLanguage\":\"fr-FR\"},{\"@type\":\"Organization\",\"@id\":\"https:\\\/\\\/www.gleichcom.samuraidev.ch\\\/fr\\\/#organization\",\"name\":\"Gleichcom AG\",\"alternateName\":\"Gleichcom\",\"url\":\"https:\\\/\\\/www.gleichcom.samuraidev.ch\\\/fr\\\/\",\"logo\":{\"@type\":\"ImageObject\",\"inLanguage\":\"fr-FR\",\"@id\":\"https:\\\/\\\/www.gleichcom.samuraidev.ch\\\/fr\\\/#\\\/schema\\\/logo\\\/image\\\/\",\"url\":\"https:\\\/\\\/www.gleichcom.samuraidev.ch\\\/wp-content\\\/uploads\\\/2023\\\/09\\\/gleichcom-ag-logo-quadrat-farbig-mitte@696.png\",\"contentUrl\":\"https:\\\/\\\/www.gleichcom.samuraidev.ch\\\/wp-content\\\/uploads\\\/2023\\\/09\\\/gleichcom-ag-logo-quadrat-farbig-mitte@696.png\",\"width\":437,\"height\":437,\"caption\":\"Gleichcom AG\"},\"image\":{\"@id\":\"https:\\\/\\\/www.gleichcom.samuraidev.ch\\\/fr\\\/#\\\/schema\\\/logo\\\/image\\\/\"},\"sameAs\":[\"https:\\\/\\\/www.facebook.com\\\/profile.php?id=100068749126981\"]}]}<\/script>\n<!-- \/ Yoast SEO plugin. -->","yoast_head_json":{"title":"Apprentissage des gros boutons de la t\u00e9l\u00e9commande SeKi Easy im Onlineshop | Gleichcom AG","description":"\u2705 T\u00e9l\u00e9commande avec 8 boutons de commande larges et tactiles, apprend les signaux de votre ancienne t\u00e9l\u00e9commande.","robots":{"index":"noindex","follow":"follow","max-snippet":"max-snippet:-1","max-image-preview":"max-image-preview:large","max-video-preview":"max-video-preview:-1"},"og_locale":"fr_FR","og_type":"article","og_title":"Apprentissage des gros boutons de la t\u00e9l\u00e9commande SeKi Easy im Onlineshop | Gleichcom AG","og_description":"\u2705 T\u00e9l\u00e9commande avec 8 boutons de commande larges et tactiles, apprend les signaux de votre ancienne t\u00e9l\u00e9commande.","og_url":"https:\/\/www.gleichcom.samuraidev.ch\/fr\/shop\/lernfaehige-grosstasten-fernbedienung-seki-easy\/","og_site_name":"Gleichcom AG","article_publisher":"https:\/\/www.facebook.com\/profile.php?id=100068749126981","og_image":[{"width":500,"height":500,"url":"https:\/\/www.gleichcom.samuraidev.ch\/wp-content\/uploads\/2023\/09\/vgtp0060_z1.jpg","type":"image\/jpeg"}],"twitter_card":"summary_large_image","schema":{"@context":"https:\/\/schema.org","@graph":[{"@type":"WebPage","@id":"https:\/\/www.gleichcom.samuraidev.ch\/fr\/shop\/lernfaehige-grosstasten-fernbedienung-seki-easy\/","url":"https:\/\/www.gleichcom.samuraidev.ch\/fr\/shop\/lernfaehige-grosstasten-fernbedienung-seki-easy\/","name":"Apprentissage des gros boutons de la t\u00e9l\u00e9commande SeKi Easy im Onlineshop | Gleichcom AG","isPartOf":{"@id":"https:\/\/www.gleichcom.samuraidev.ch\/fr\/#website"},"primaryImageOfPage":{"@id":"https:\/\/www.gleichcom.samuraidev.ch\/fr\/shop\/lernfaehige-grosstasten-fernbedienung-seki-easy\/#primaryimage"},"image":{"@id":"https:\/\/www.gleichcom.samuraidev.ch\/fr\/shop\/lernfaehige-grosstasten-fernbedienung-seki-easy\/#primaryimage"},"thumbnailUrl":"https:\/\/www.gleichcom.samuraidev.ch\/wp-content\/uploads\/2023\/09\/vgtp0060_z1.jpg","datePublished":"2018-11-19T21:17:49+00:00","description":"\u2705 T\u00e9l\u00e9commande avec 8 boutons de commande larges et tactiles, apprend les signaux de votre ancienne t\u00e9l\u00e9commande.","breadcrumb":{"@id":"https:\/\/www.gleichcom.samuraidev.ch\/fr\/shop\/lernfaehige-grosstasten-fernbedienung-seki-easy\/#breadcrumb"},"inLanguage":"fr-FR","potentialAction":[{"@type":"ReadAction","target":["https:\/\/www.gleichcom.samuraidev.ch\/fr\/shop\/lernfaehige-grosstasten-fernbedienung-seki-easy\/"]}]},{"@type":"ImageObject","inLanguage":"fr-FR","@id":"https:\/\/www.gleichcom.samuraidev.ch\/fr\/shop\/lernfaehige-grosstasten-fernbedienung-seki-easy\/#primaryimage","url":"https:\/\/www.gleichcom.samuraidev.ch\/wp-content\/uploads\/2023\/09\/vgtp0060_z1.jpg","contentUrl":"https:\/\/www.gleichcom.samuraidev.ch\/wp-content\/uploads\/2023\/09\/vgtp0060_z1.jpg","width":500,"height":500},{"@type":"BreadcrumbList","@id":"https:\/\/www.gleichcom.samuraidev.ch\/fr\/shop\/lernfaehige-grosstasten-fernbedienung-seki-easy\/#breadcrumb","itemListElement":[{"@type":"ListItem","position":1,"name":"Startseite","item":"https:\/\/www.gleichcom.samuraidev.ch\/fr\/"},{"@type":"ListItem","position":2,"name":"Shop","item":"https:\/\/www.gleichcom.samuraidev.ch\/fr\/shop\/"},{"@type":"ListItem","position":3,"name":"Apprentissage des gros boutons de la t\u00e9l\u00e9commande SeKi Easy"}]},{"@type":"WebSite","@id":"https:\/\/www.gleichcom.samuraidev.ch\/fr\/#website","url":"https:\/\/www.gleichcom.samuraidev.ch\/fr\/","name":"Gleichcom AG","description":"besser h\u00f6ren. besser sehen. besser leben.","publisher":{"@id":"https:\/\/www.gleichcom.samuraidev.ch\/fr\/#organization"},"alternateName":"Gleichcom","potentialAction":[{"@type":"SearchAction","target":{"@type":"EntryPoint","urlTemplate":"https:\/\/www.gleichcom.samuraidev.ch\/fr\/?s={search_term_string}"},"query-input":{"@type":"PropertyValueSpecification","valueRequired":true,"valueName":"search_term_string"}}],"inLanguage":"fr-FR"},{"@type":"Organization","@id":"https:\/\/www.gleichcom.samuraidev.ch\/fr\/#organization","name":"Gleichcom AG","alternateName":"Gleichcom","url":"https:\/\/www.gleichcom.samuraidev.ch\/fr\/","logo":{"@type":"ImageObject","inLanguage":"fr-FR","@id":"https:\/\/www.gleichcom.samuraidev.ch\/fr\/#\/schema\/logo\/image\/","url":"https:\/\/www.gleichcom.samuraidev.ch\/wp-content\/uploads\/2023\/09\/gleichcom-ag-logo-quadrat-farbig-mitte@696.png","contentUrl":"https:\/\/www.gleichcom.samuraidev.ch\/wp-content\/uploads\/2023\/09\/gleichcom-ag-logo-quadrat-farbig-mitte@696.png","width":437,"height":437,"caption":"Gleichcom AG"},"image":{"@id":"https:\/\/www.gleichcom.samuraidev.ch\/fr\/#\/schema\/logo\/image\/"},"sameAs":["https:\/\/www.facebook.com\/profile.php?id=100068749126981"]}]}},"uagb_featured_image_src":{"full":["https:\/\/www.gleichcom.samuraidev.ch\/wp-content\/uploads\/2023\/09\/vgtp0060_z1.jpg",500,500,false],"thumbnail":["https:\/\/www.gleichcom.samuraidev.ch\/wp-content\/uploads\/2023\/09\/vgtp0060_z1.jpg",150,150,false],"medium":["https:\/\/www.gleichcom.samuraidev.ch\/wp-content\/uploads\/2023\/09\/vgtp0060_z1.jpg",300,300,false],"medium_large":["https:\/\/www.gleichcom.samuraidev.ch\/wp-content\/uploads\/2023\/09\/vgtp0060_z1.jpg",500,500,false],"large":["https:\/\/www.gleichcom.samuraidev.ch\/wp-content\/uploads\/2023\/09\/vgtp0060_z1.jpg",500,500,false],"1536x1536":["https:\/\/www.gleichcom.samuraidev.ch\/wp-content\/uploads\/2023\/09\/vgtp0060_z1.jpg",500,500,false],"2048x2048":["https:\/\/www.gleichcom.samuraidev.ch\/wp-content\/uploads\/2023\/09\/vgtp0060_z1.jpg",500,500,false],"woocommerce_thumbnail":["https:\/\/www.gleichcom.samuraidev.ch\/wp-content\/uploads\/2023\/09\/vgtp0060_z1.jpg",300,300,false],"woocommerce_single":["https:\/\/www.gleichcom.samuraidev.ch\/wp-content\/uploads\/2023\/09\/vgtp0060_z1.jpg",500,500,false],"woocommerce_gallery_thumbnail":["https:\/\/www.gleichcom.samuraidev.ch\/wp-content\/uploads\/2023\/09\/vgtp0060_z1.jpg",100,100,false]},"uagb_author_info":{"display_name":"","author_link":"https:\/\/www.gleichcom.samuraidev.ch\/fr\/author\/"},"uagb_comment_info":0,"uagb_excerpt":"T\u00e9l\u00e9commande avec 8 boutons de commande larges et tactiles, apprend les signaux de votre ancienne t\u00e9l\u00e9commande.","_links":{"self":[{"href":"https:\/\/www.gleichcom.samuraidev.ch\/fr\/wp-json\/wp\/v2\/product\/20957","targetHints":{"allow":["GET"]}}],"collection":[{"href":"https:\/\/www.gleichcom.samuraidev.ch\/fr\/wp-json\/wp\/v2\/product"}],"about":[{"href":"https:\/\/www.gleichcom.samuraidev.ch\/fr\/wp-json\/wp\/v2\/types\/product"}],"wp:featuredmedia":[{"embeddable":true,"href":"https:\/\/www.gleichcom.samuraidev.ch\/fr\/wp-json\/wp\/v2\/media\/20944"}],"wp:attachment":[{"href":"https:\/\/www.gleichcom.samuraidev.ch\/fr\/wp-json\/wp\/v2\/media?parent=20957"}],"wp:term":[{"taxonomy":"product_brand","embeddable":true,"href":"https:\/\/www.gleichcom.samuraidev.ch\/fr\/wp-json\/wp\/v2\/product_brand?post=20957"},{"taxonomy":"product_cat","embeddable":true,"href":"https:\/\/www.gleichcom.samuraidev.ch\/fr\/wp-json\/wp\/v2\/product_cat?post=20957"},{"taxonomy":"product_tag","embeddable":true,"href":"https:\/\/www.gleichcom.samuraidev.ch\/fr\/wp-json\/wp\/v2\/product_tag?post=20957"}],"curies":[{"name":"wp","href":"https:\/\/api.w.org\/{rel}","templated":true}]}}