{"id":21611,"date":"2019-03-25T09:59:00","date_gmt":"2019-03-25T08:59:00","guid":{"rendered":"https:\/\/www.gleichcom.samuraidev.ch\/?product=geemarc-viso-10-funkuhr-mit-kalender"},"modified":"1000-01-01T00:00:00","modified_gmt":"1000-01-01T00:00:00","slug":"geemarc-viso-10-funkuhr-mit-kalender","status":"publish","type":"product","link":"https:\/\/www.gleichcom.samuraidev.ch\/fr\/shop\/geemarc-viso-10-funkuhr-mit-kalender\/","title":{"rendered":"Geemarc Viso 10 Affichage Heute et Minute"},"content":{"rendered":"<p><span style=\"font-size:16px;\"><strong>Viso 10 Affichage Heure et Minute Geemarc\u00a0<\/strong><\/span><\/p>\n<p>Tout en vue avec VISO 10<br \/>\nAvez-vous de la difficult\u00e9 \u00e0 reconna\u00eetre l&rsquo;heure sur les montres conventionnelles ? Avec VISO 10, cela ne vous arrivera pas, car la montre a un tr\u00e8s grand \u00e9cran et une police d&rsquo;affichage facile \u00e0 lire. Il peut \u00eatre accroch\u00e9 au mur ou pos\u00e9 sur la table \u00e0 volont\u00e9. En plus de l&rsquo;heure, l&rsquo;\u00e9cran affiche \u00e9galement la date avec le jour, le mois et le jour de la semaine. Cette combinaison rend \u00e9galement l&rsquo;horloge radio-pilot\u00e9e id\u00e9ale pour les patients atteints de d\u00e9mence et d&rsquo;Alzheimer.<\/p>\n<p><span style=\"font-size:12px;\"><strong><span data-wahfont=\"13\" style=\"color: rgb(0, 0, 0); font-family: verdana, geneva;\"><strong>Caract\u00e9ristiques:<\/strong><\/span><\/strong><\/span><\/p>\n<ul>\n<li><span style=\"font-size:12px;\"><span data-wahfont=\"13\" style=\"font-family: verdana, geneva;\">Affichage Heure et Minute\u00a0<\/span><\/span><\/li>\n<li><span style=\"font-size:12px;\"><span data-wahfont=\"13\" style=\"font-family: verdana, geneva;\">Affichage Jour, Date, Mois et Ann\u00e9e\u00a0<\/span><\/span><\/li>\n<li><span style=\"font-size:12px;\"><span data-wahfont=\"13\" style=\"font-family: verdana, geneva;\">8 langages disponibles (Fran\u00e7ais, Anglais, Allemand, Italien, <\/span><span data-wahfont=\"13\" style=\"font-family: verdana, geneva;\">Espagnol, Hollandais, Su\u00e9dois, Polonais)\u00a0<\/span><\/span><\/li>\n<li><span style=\"font-size:12px;\"><span data-wahfont=\"13\" style=\"font-family: verdana, geneva;\">Fonctionne avec 2 piles de type AA\u00a0<\/span><\/span><\/li>\n<li><span style=\"font-size:12px;\"><span data-wahfont=\"13\" style=\"font-family: verdana, geneva;\">R\u00e9glage automatique de l\u2019heure par le syst\u00e8me europ\u00e9en DCF77\u00a0<\/span><\/span><\/li>\n<li><span style=\"font-size:12px;\">Verrouillage de touches possible<\/span><\/li>\n<li><span style=\"font-size:12px;\"><span data-wahfont=\"13\" style=\"font-family: verdana, geneva;\">Fixation murale ou sur pied\u00a0<\/span><\/span><\/li>\n<li><span style=\"font-size:12px;\"><span data-wahfont=\"13\" style=\"font-family: verdana, geneva;\">Dimensions (en mm) : 280 x 190 x 27<\/span><\/span><\/li>\n<\/ul>\n<p>\n\t<br \/>\n\t<a href=\"http:\/\/geemarc.com\/fr\/wp-content\/uploads\/sites\/3\/2018\/12\/UGVISO10_DCF_Fr_V1.4.pdf\"><strong>Notice d&rsquo;utilisation <\/strong><\/a><br \/>\n\t<a href=\"https:\/\/www.youtube.com\/watch?v=taUmFr2ioz0\"><strong>Presentation rapide de la VISO10<\/strong><\/a><\/p>\n","protected":false},"excerpt":{"rendered":"<p>Horloge num\u00e9rique LCD radiocommand\u00e9e avec affichage extra large de l&rsquo;heure, du jour de la semaine et de la date. Id\u00e9al \u00e9galement pour les patients atteints de d\u00e9mence et d&rsquo;Alzheimer.<\/p>\n","protected":false},"featured_media":21592,"template":"","meta":{"inline_featured_image":false,"_uag_custom_page_level_css":"","site-sidebar-layout":"default","site-content-layout":"","ast-site-content-layout":"default","site-content-style":"default","site-sidebar-style":"default","ast-global-header-display":"","ast-banner-title-visibility":"","ast-main-header-display":"","ast-hfb-above-header-display":"","ast-hfb-below-header-display":"","ast-hfb-mobile-header-display":"","site-post-title":"","ast-breadcrumbs-content":"","ast-featured-img":"","footer-sml-layout":"","ast-disable-related-posts":"","theme-transparent-header-meta":"","adv-header-id-meta":"","stick-header-meta":"","header-above-stick-meta":"","header-main-stick-meta":"","header-below-stick-meta":"","astra-migrate-meta-layouts":"default","ast-page-background-enabled":"default","ast-page-background-meta":{"desktop":{"background-color":"","background-image":"","background-repeat":"repeat","background-position":"center center","background-size":"auto","background-attachment":"scroll","background-type":"","background-media":"","overlay-type":"","overlay-color":"","overlay-opacity":"","overlay-gradient":""},"tablet":{"background-color":"","background-image":"","background-repeat":"repeat","background-position":"center center","background-size":"auto","background-attachment":"scroll","background-type":"","background-media":"","overlay-type":"","overlay-color":"","overlay-opacity":"","overlay-gradient":""},"mobile":{"background-color":"","background-image":"","background-repeat":"repeat","background-position":"center center","background-size":"auto","background-attachment":"scroll","background-type":"","background-media":"","overlay-type":"","overlay-color":"","overlay-opacity":"","overlay-gradient":""}},"ast-content-background-meta":{"desktop":{"background-color":"var(--ast-global-color-5)","background-image":"","background-repeat":"repeat","background-position":"center center","background-size":"auto","background-attachment":"scroll","background-type":"","background-media":"","overlay-type":"","overlay-color":"","overlay-opacity":"","overlay-gradient":""},"tablet":{"background-color":"var(--ast-global-color-5)","background-image":"","background-repeat":"repeat","background-position":"center center","background-size":"auto","background-attachment":"scroll","background-type":"","background-media":"","overlay-type":"","overlay-color":"","overlay-opacity":"","overlay-gradient":""},"mobile":{"background-color":"var(--ast-global-color-5)","background-image":"","background-repeat":"repeat","background-position":"center center","background-size":"auto","background-attachment":"scroll","background-type":"","background-media":"","overlay-type":"","overlay-color":"","overlay-opacity":"","overlay-gradient":""}}},"product_brand":[],"product_cat":[2910,3012],"product_tag":[],"class_list":{"0":"post-21611","1":"product","2":"type-product","3":"status-publish","4":"has-post-thumbnail","6":"product_cat-demence-et-maladie-dalzheimer","7":"product_cat-soins-de-sante-fr","8":"desktop-align-center","9":"tablet-align-center","10":"mobile-align-center","11":"ast-product-gallery-layout-horizontal-slider","12":"ast-product-single-variable","13":"ast-product-tabs-layout-accordion","15":"first","16":"onbackorder","17":"taxable","18":"shipping-taxable","19":"purchasable","20":"product-type-variable"},"yoast_head":"<!-- This site is optimized with the Yoast SEO plugin v27.5 - https:\/\/yoast.com\/product\/yoast-seo-wordpress\/ -->\n<title>Geemarc Viso 10 Affichage Heute et Minute im Onlineshop | Gleichcom AG<\/title>\n<meta name=\"description\" content=\"\u2705 Horloge num\u00e9rique LCD radiocommand\u00e9e avec affichage extra large de l&#039;heure, du jour de la semaine et de la date. Id\u00e9al \u00e9galement pour les patients atteints de d\u00e9mence et d&#039;Alzheimer.\" \/>\n<meta name=\"robots\" content=\"noindex, follow, max-snippet:-1, max-image-preview:large, max-video-preview:-1\" \/>\n<meta property=\"og:locale\" content=\"fr_FR\" \/>\n<meta property=\"og:type\" content=\"article\" \/>\n<meta property=\"og:title\" content=\"Geemarc Viso 10 Affichage Heute et Minute im Onlineshop | Gleichcom AG\" \/>\n<meta property=\"og:description\" content=\"\u2705 Horloge num\u00e9rique LCD radiocommand\u00e9e avec affichage extra large de l&#039;heure, du jour de la semaine et de la date. Id\u00e9al \u00e9galement pour les patients atteints de d\u00e9mence et d&#039;Alzheimer.\" \/>\n<meta property=\"og:url\" content=\"https:\/\/www.gleichcom.samuraidev.ch\/fr\/shop\/geemarc-viso-10-funkuhr-mit-kalender\/\" \/>\n<meta property=\"og:site_name\" content=\"Gleichcom AG\" \/>\n<meta property=\"article:publisher\" content=\"https:\/\/www.facebook.com\/profile.php?id=100068749126981\" \/>\n<meta property=\"og:image\" content=\"https:\/\/www.gleichcom.samuraidev.ch\/wp-content\/uploads\/2023\/09\/Viso_10_W_B.png\" \/>\n\t<meta property=\"og:image:width\" content=\"317\" \/>\n\t<meta property=\"og:image:height\" content=\"500\" \/>\n\t<meta property=\"og:image:type\" content=\"image\/png\" \/>\n<meta name=\"twitter:card\" content=\"summary_large_image\" \/>\n<script type=\"application\/ld+json\" class=\"yoast-schema-graph\">{\"@context\":\"https:\\\/\\\/schema.org\",\"@graph\":[{\"@type\":\"WebPage\",\"@id\":\"https:\\\/\\\/www.gleichcom.samuraidev.ch\\\/fr\\\/shop\\\/geemarc-viso-10-funkuhr-mit-kalender\\\/\",\"url\":\"https:\\\/\\\/www.gleichcom.samuraidev.ch\\\/fr\\\/shop\\\/geemarc-viso-10-funkuhr-mit-kalender\\\/\",\"name\":\"Geemarc Viso 10 Affichage Heute et Minute im Onlineshop | Gleichcom AG\",\"isPartOf\":{\"@id\":\"https:\\\/\\\/www.gleichcom.samuraidev.ch\\\/fr\\\/#website\"},\"primaryImageOfPage\":{\"@id\":\"https:\\\/\\\/www.gleichcom.samuraidev.ch\\\/fr\\\/shop\\\/geemarc-viso-10-funkuhr-mit-kalender\\\/#primaryimage\"},\"image\":{\"@id\":\"https:\\\/\\\/www.gleichcom.samuraidev.ch\\\/fr\\\/shop\\\/geemarc-viso-10-funkuhr-mit-kalender\\\/#primaryimage\"},\"thumbnailUrl\":\"https:\\\/\\\/www.gleichcom.samuraidev.ch\\\/wp-content\\\/uploads\\\/2023\\\/09\\\/Viso_10_W_B.png\",\"datePublished\":\"2019-03-25T08:59:00+00:00\",\"description\":\"\u2705 Horloge num\u00e9rique LCD radiocommand\u00e9e avec affichage extra large de l'heure, du jour de la semaine et de la date. Id\u00e9al \u00e9galement pour les patients atteints de d\u00e9mence et d'Alzheimer.\",\"breadcrumb\":{\"@id\":\"https:\\\/\\\/www.gleichcom.samuraidev.ch\\\/fr\\\/shop\\\/geemarc-viso-10-funkuhr-mit-kalender\\\/#breadcrumb\"},\"inLanguage\":\"fr-FR\",\"potentialAction\":[{\"@type\":\"ReadAction\",\"target\":[\"https:\\\/\\\/www.gleichcom.samuraidev.ch\\\/fr\\\/shop\\\/geemarc-viso-10-funkuhr-mit-kalender\\\/\"]}]},{\"@type\":\"ImageObject\",\"inLanguage\":\"fr-FR\",\"@id\":\"https:\\\/\\\/www.gleichcom.samuraidev.ch\\\/fr\\\/shop\\\/geemarc-viso-10-funkuhr-mit-kalender\\\/#primaryimage\",\"url\":\"https:\\\/\\\/www.gleichcom.samuraidev.ch\\\/wp-content\\\/uploads\\\/2023\\\/09\\\/Viso_10_W_B.png\",\"contentUrl\":\"https:\\\/\\\/www.gleichcom.samuraidev.ch\\\/wp-content\\\/uploads\\\/2023\\\/09\\\/Viso_10_W_B.png\",\"width\":317,\"height\":500},{\"@type\":\"BreadcrumbList\",\"@id\":\"https:\\\/\\\/www.gleichcom.samuraidev.ch\\\/fr\\\/shop\\\/geemarc-viso-10-funkuhr-mit-kalender\\\/#breadcrumb\",\"itemListElement\":[{\"@type\":\"ListItem\",\"position\":1,\"name\":\"Startseite\",\"item\":\"https:\\\/\\\/www.gleichcom.samuraidev.ch\\\/fr\\\/\"},{\"@type\":\"ListItem\",\"position\":2,\"name\":\"Shop\",\"item\":\"https:\\\/\\\/www.gleichcom.samuraidev.ch\\\/fr\\\/shop\\\/\"},{\"@type\":\"ListItem\",\"position\":3,\"name\":\"Geemarc Viso 10 Affichage Heute et Minute\"}]},{\"@type\":\"WebSite\",\"@id\":\"https:\\\/\\\/www.gleichcom.samuraidev.ch\\\/fr\\\/#website\",\"url\":\"https:\\\/\\\/www.gleichcom.samuraidev.ch\\\/fr\\\/\",\"name\":\"Gleichcom AG\",\"description\":\"besser h\u00f6ren. besser sehen. besser leben.\",\"publisher\":{\"@id\":\"https:\\\/\\\/www.gleichcom.samuraidev.ch\\\/fr\\\/#organization\"},\"alternateName\":\"Gleichcom\",\"potentialAction\":[{\"@type\":\"SearchAction\",\"target\":{\"@type\":\"EntryPoint\",\"urlTemplate\":\"https:\\\/\\\/www.gleichcom.samuraidev.ch\\\/fr\\\/?s={search_term_string}\"},\"query-input\":{\"@type\":\"PropertyValueSpecification\",\"valueRequired\":true,\"valueName\":\"search_term_string\"}}],\"inLanguage\":\"fr-FR\"},{\"@type\":\"Organization\",\"@id\":\"https:\\\/\\\/www.gleichcom.samuraidev.ch\\\/fr\\\/#organization\",\"name\":\"Gleichcom AG\",\"alternateName\":\"Gleichcom\",\"url\":\"https:\\\/\\\/www.gleichcom.samuraidev.ch\\\/fr\\\/\",\"logo\":{\"@type\":\"ImageObject\",\"inLanguage\":\"fr-FR\",\"@id\":\"https:\\\/\\\/www.gleichcom.samuraidev.ch\\\/fr\\\/#\\\/schema\\\/logo\\\/image\\\/\",\"url\":\"https:\\\/\\\/www.gleichcom.samuraidev.ch\\\/wp-content\\\/uploads\\\/2023\\\/09\\\/gleichcom-ag-logo-quadrat-farbig-mitte@696.png\",\"contentUrl\":\"https:\\\/\\\/www.gleichcom.samuraidev.ch\\\/wp-content\\\/uploads\\\/2023\\\/09\\\/gleichcom-ag-logo-quadrat-farbig-mitte@696.png\",\"width\":437,\"height\":437,\"caption\":\"Gleichcom AG\"},\"image\":{\"@id\":\"https:\\\/\\\/www.gleichcom.samuraidev.ch\\\/fr\\\/#\\\/schema\\\/logo\\\/image\\\/\"},\"sameAs\":[\"https:\\\/\\\/www.facebook.com\\\/profile.php?id=100068749126981\"]}]}<\/script>\n<!-- \/ Yoast SEO plugin. -->","yoast_head_json":{"title":"Geemarc Viso 10 Affichage Heute et Minute im Onlineshop | Gleichcom AG","description":"\u2705 Horloge num\u00e9rique LCD radiocommand\u00e9e avec affichage extra large de l'heure, du jour de la semaine et de la date. Id\u00e9al \u00e9galement pour les patients atteints de d\u00e9mence et d'Alzheimer.","robots":{"index":"noindex","follow":"follow","max-snippet":"max-snippet:-1","max-image-preview":"max-image-preview:large","max-video-preview":"max-video-preview:-1"},"og_locale":"fr_FR","og_type":"article","og_title":"Geemarc Viso 10 Affichage Heute et Minute im Onlineshop | Gleichcom AG","og_description":"\u2705 Horloge num\u00e9rique LCD radiocommand\u00e9e avec affichage extra large de l'heure, du jour de la semaine et de la date. Id\u00e9al \u00e9galement pour les patients atteints de d\u00e9mence et d'Alzheimer.","og_url":"https:\/\/www.gleichcom.samuraidev.ch\/fr\/shop\/geemarc-viso-10-funkuhr-mit-kalender\/","og_site_name":"Gleichcom AG","article_publisher":"https:\/\/www.facebook.com\/profile.php?id=100068749126981","og_image":[{"width":317,"height":500,"url":"https:\/\/www.gleichcom.samuraidev.ch\/wp-content\/uploads\/2023\/09\/Viso_10_W_B.png","type":"image\/png"}],"twitter_card":"summary_large_image","schema":{"@context":"https:\/\/schema.org","@graph":[{"@type":"WebPage","@id":"https:\/\/www.gleichcom.samuraidev.ch\/fr\/shop\/geemarc-viso-10-funkuhr-mit-kalender\/","url":"https:\/\/www.gleichcom.samuraidev.ch\/fr\/shop\/geemarc-viso-10-funkuhr-mit-kalender\/","name":"Geemarc Viso 10 Affichage Heute et Minute im Onlineshop | Gleichcom AG","isPartOf":{"@id":"https:\/\/www.gleichcom.samuraidev.ch\/fr\/#website"},"primaryImageOfPage":{"@id":"https:\/\/www.gleichcom.samuraidev.ch\/fr\/shop\/geemarc-viso-10-funkuhr-mit-kalender\/#primaryimage"},"image":{"@id":"https:\/\/www.gleichcom.samuraidev.ch\/fr\/shop\/geemarc-viso-10-funkuhr-mit-kalender\/#primaryimage"},"thumbnailUrl":"https:\/\/www.gleichcom.samuraidev.ch\/wp-content\/uploads\/2023\/09\/Viso_10_W_B.png","datePublished":"2019-03-25T08:59:00+00:00","description":"\u2705 Horloge num\u00e9rique LCD radiocommand\u00e9e avec affichage extra large de l'heure, du jour de la semaine et de la date. Id\u00e9al \u00e9galement pour les patients atteints de d\u00e9mence et d'Alzheimer.","breadcrumb":{"@id":"https:\/\/www.gleichcom.samuraidev.ch\/fr\/shop\/geemarc-viso-10-funkuhr-mit-kalender\/#breadcrumb"},"inLanguage":"fr-FR","potentialAction":[{"@type":"ReadAction","target":["https:\/\/www.gleichcom.samuraidev.ch\/fr\/shop\/geemarc-viso-10-funkuhr-mit-kalender\/"]}]},{"@type":"ImageObject","inLanguage":"fr-FR","@id":"https:\/\/www.gleichcom.samuraidev.ch\/fr\/shop\/geemarc-viso-10-funkuhr-mit-kalender\/#primaryimage","url":"https:\/\/www.gleichcom.samuraidev.ch\/wp-content\/uploads\/2023\/09\/Viso_10_W_B.png","contentUrl":"https:\/\/www.gleichcom.samuraidev.ch\/wp-content\/uploads\/2023\/09\/Viso_10_W_B.png","width":317,"height":500},{"@type":"BreadcrumbList","@id":"https:\/\/www.gleichcom.samuraidev.ch\/fr\/shop\/geemarc-viso-10-funkuhr-mit-kalender\/#breadcrumb","itemListElement":[{"@type":"ListItem","position":1,"name":"Startseite","item":"https:\/\/www.gleichcom.samuraidev.ch\/fr\/"},{"@type":"ListItem","position":2,"name":"Shop","item":"https:\/\/www.gleichcom.samuraidev.ch\/fr\/shop\/"},{"@type":"ListItem","position":3,"name":"Geemarc Viso 10 Affichage Heute et Minute"}]},{"@type":"WebSite","@id":"https:\/\/www.gleichcom.samuraidev.ch\/fr\/#website","url":"https:\/\/www.gleichcom.samuraidev.ch\/fr\/","name":"Gleichcom AG","description":"besser h\u00f6ren. besser sehen. besser leben.","publisher":{"@id":"https:\/\/www.gleichcom.samuraidev.ch\/fr\/#organization"},"alternateName":"Gleichcom","potentialAction":[{"@type":"SearchAction","target":{"@type":"EntryPoint","urlTemplate":"https:\/\/www.gleichcom.samuraidev.ch\/fr\/?s={search_term_string}"},"query-input":{"@type":"PropertyValueSpecification","valueRequired":true,"valueName":"search_term_string"}}],"inLanguage":"fr-FR"},{"@type":"Organization","@id":"https:\/\/www.gleichcom.samuraidev.ch\/fr\/#organization","name":"Gleichcom AG","alternateName":"Gleichcom","url":"https:\/\/www.gleichcom.samuraidev.ch\/fr\/","logo":{"@type":"ImageObject","inLanguage":"fr-FR","@id":"https:\/\/www.gleichcom.samuraidev.ch\/fr\/#\/schema\/logo\/image\/","url":"https:\/\/www.gleichcom.samuraidev.ch\/wp-content\/uploads\/2023\/09\/gleichcom-ag-logo-quadrat-farbig-mitte@696.png","contentUrl":"https:\/\/www.gleichcom.samuraidev.ch\/wp-content\/uploads\/2023\/09\/gleichcom-ag-logo-quadrat-farbig-mitte@696.png","width":437,"height":437,"caption":"Gleichcom AG"},"image":{"@id":"https:\/\/www.gleichcom.samuraidev.ch\/fr\/#\/schema\/logo\/image\/"},"sameAs":["https:\/\/www.facebook.com\/profile.php?id=100068749126981"]}]}},"uagb_featured_image_src":{"full":["https:\/\/www.gleichcom.samuraidev.ch\/wp-content\/uploads\/2023\/09\/Viso_10_W_B.png",317,500,false],"thumbnail":["https:\/\/www.gleichcom.samuraidev.ch\/wp-content\/uploads\/2023\/09\/Viso_10_W_B.png",95,150,false],"medium":["https:\/\/www.gleichcom.samuraidev.ch\/wp-content\/uploads\/2023\/09\/Viso_10_W_B.png",190,300,false],"medium_large":["https:\/\/www.gleichcom.samuraidev.ch\/wp-content\/uploads\/2023\/09\/Viso_10_W_B.png",317,500,false],"large":["https:\/\/www.gleichcom.samuraidev.ch\/wp-content\/uploads\/2023\/09\/Viso_10_W_B.png",317,500,false],"1536x1536":["https:\/\/www.gleichcom.samuraidev.ch\/wp-content\/uploads\/2023\/09\/Viso_10_W_B.png",317,500,false],"2048x2048":["https:\/\/www.gleichcom.samuraidev.ch\/wp-content\/uploads\/2023\/09\/Viso_10_W_B.png",317,500,false],"woocommerce_thumbnail":["https:\/\/www.gleichcom.samuraidev.ch\/wp-content\/uploads\/2023\/09\/Viso_10_W_B.png",300,473,false],"woocommerce_single":["https:\/\/www.gleichcom.samuraidev.ch\/wp-content\/uploads\/2023\/09\/Viso_10_W_B.png",317,500,false],"woocommerce_gallery_thumbnail":["https:\/\/www.gleichcom.samuraidev.ch\/wp-content\/uploads\/2023\/09\/Viso_10_W_B-100x100.png",100,100,true]},"uagb_author_info":{"display_name":"","author_link":"https:\/\/www.gleichcom.samuraidev.ch\/fr\/author\/"},"uagb_comment_info":0,"uagb_excerpt":"Horloge num\u00e9rique LCD radiocommand\u00e9e avec affichage extra large de l'heure, du jour de la semaine et de la date. Id\u00e9al \u00e9galement pour les patients atteints de d\u00e9mence et d'Alzheimer.","_links":{"self":[{"href":"https:\/\/www.gleichcom.samuraidev.ch\/fr\/wp-json\/wp\/v2\/product\/21611","targetHints":{"allow":["GET"]}}],"collection":[{"href":"https:\/\/www.gleichcom.samuraidev.ch\/fr\/wp-json\/wp\/v2\/product"}],"about":[{"href":"https:\/\/www.gleichcom.samuraidev.ch\/fr\/wp-json\/wp\/v2\/types\/product"}],"wp:featuredmedia":[{"embeddable":true,"href":"https:\/\/www.gleichcom.samuraidev.ch\/fr\/wp-json\/wp\/v2\/media\/21592"}],"wp:attachment":[{"href":"https:\/\/www.gleichcom.samuraidev.ch\/fr\/wp-json\/wp\/v2\/media?parent=21611"}],"wp:term":[{"taxonomy":"product_brand","embeddable":true,"href":"https:\/\/www.gleichcom.samuraidev.ch\/fr\/wp-json\/wp\/v2\/product_brand?post=21611"},{"taxonomy":"product_cat","embeddable":true,"href":"https:\/\/www.gleichcom.samuraidev.ch\/fr\/wp-json\/wp\/v2\/product_cat?post=21611"},{"taxonomy":"product_tag","embeddable":true,"href":"https:\/\/www.gleichcom.samuraidev.ch\/fr\/wp-json\/wp\/v2\/product_tag?post=21611"}],"curies":[{"name":"wp","href":"https:\/\/api.w.org\/{rel}","templated":true}]}}