{"id":23320,"date":"2022-05-07T12:07:58","date_gmt":"2022-05-07T10:07:58","guid":{"rendered":"https:\/\/www.gleichcom.samuraidev.ch\/?product=halbhartes-brillenetui-sarah-mit-passendem-microfasertuch-victoria"},"modified":"1000-01-01T00:00:00","modified_gmt":"1000-01-01T00:00:00","slug":"halbhartes-brillenetui-sarah-mit-passendem-microfasertuch-victoria","status":"publish","type":"product","link":"https:\/\/www.gleichcom.samuraidev.ch\/fr\/shop\/halbhartes-brillenetui-sarah-mit-passendem-microfasertuch-victoria\/","title":{"rendered":"\u00c9tui \u00e0 lunettes semi-rigide Sarah Victoria"},"content":{"rendered":"<h3><strong>\u00c9tui \u00e0 lunettes semi-rigide Sarah Victoria<\/strong><\/h3>\n<p>\n<span style=\"color:#008000;\"><strong>Livraison gratuite<\/strong><\/span><\/p>\n<p>\u00c9tui pour une protection s\u00fbre<br \/>\nPour que les lunettes soient bien gard\u00e9es m\u00eame lorsqu&rsquo;elles ne sont pas sur le nez, il y a l&rsquo;\u00e9tui avec un super motif de reptile. Que ce soit \u00e0 la maison ou en voyage, les lunettes sont prot\u00e9g\u00e9es des rayures et des dommages dans cet \u00e9tui semi-rigide stable.<br \/>\n\u00a0<br \/>\nAvec doublure int\u00e9rieure douce<br \/>\nLa doublure int\u00e9rieure de l&rsquo;\u00e9tui \u00e0 lunettes semi-rigide Sarah est souple et de couleur noire. M\u00eame en cas de fortes secousses, vos lunettes ne seront pas ray\u00e9es et seront parfaitement prot\u00e9g\u00e9es.<br \/>\n\u00a0<br \/>\n<strong>En un coup d&rsquo;\u0153il<\/strong><\/p>\n<p>\u00a0\u00a0\u00a0 \u00c9tui \u00e0 lunettes avec ferrure m\u00e9tallique chrom\u00e9e<br \/>\n\u00a0\u00a0\u00a0 \u00c9tui \u00e0 lunettes semi-rigide<br \/>\n\u00a0\u00a0\u00a0 Fermeture magn\u00e9tique<br \/>\n\u00a0\u00a0\u00a0 Disponible en plusieurs couleurs : Bleu fonc\u00e9, bleu, bleu clair et vert<br \/>\n\u00a0\u00a0\u00a0 Dimensions : 155 x 50 x 45 mm<br \/>\n\u00a0\u00a0\u00a0 Doublure int\u00e9rieure noire<\/p>\n<p><strong>Contenu de la livraison<\/strong><\/p>\n<p>\u00a0\u00a0\u00a0 1 x \u00e9tui \u00e0 lunettes<\/p>\n<p>\u00a0<\/p>\n","protected":false},"excerpt":{"rendered":"<p>Livraison gratuite<\/p>\n<p>\u00c9tui \u00e0 lunettes \u00e0 la mode avec fermeture magn\u00e9tique. Pour ranger vos lunettes en toute s\u00e9curit\u00e9.<\/p>\n","protected":false},"featured_media":23308,"template":"","meta":{"inline_featured_image":false,"_uag_custom_page_level_css":"","site-sidebar-layout":"default","site-content-layout":"","ast-site-content-layout":"default","site-content-style":"default","site-sidebar-style":"default","ast-global-header-display":"","ast-banner-title-visibility":"","ast-main-header-display":"","ast-hfb-above-header-display":"","ast-hfb-below-header-display":"","ast-hfb-mobile-header-display":"","site-post-title":"","ast-breadcrumbs-content":"","ast-featured-img":"","footer-sml-layout":"","ast-disable-related-posts":"","theme-transparent-header-meta":"","adv-header-id-meta":"","stick-header-meta":"","header-above-stick-meta":"","header-main-stick-meta":"","header-below-stick-meta":"","astra-migrate-meta-layouts":"default","ast-page-background-enabled":"default","ast-page-background-meta":{"desktop":{"background-color":"","background-image":"","background-repeat":"repeat","background-position":"center center","background-size":"auto","background-attachment":"scroll","background-type":"","background-media":"","overlay-type":"","overlay-color":"","overlay-opacity":"","overlay-gradient":""},"tablet":{"background-color":"","background-image":"","background-repeat":"repeat","background-position":"center center","background-size":"auto","background-attachment":"scroll","background-type":"","background-media":"","overlay-type":"","overlay-color":"","overlay-opacity":"","overlay-gradient":""},"mobile":{"background-color":"","background-image":"","background-repeat":"repeat","background-position":"center center","background-size":"auto","background-attachment":"scroll","background-type":"","background-media":"","overlay-type":"","overlay-color":"","overlay-opacity":"","overlay-gradient":""}},"ast-content-background-meta":{"desktop":{"background-color":"var(--ast-global-color-5)","background-image":"","background-repeat":"repeat","background-position":"center center","background-size":"auto","background-attachment":"scroll","background-type":"","background-media":"","overlay-type":"","overlay-color":"","overlay-opacity":"","overlay-gradient":""},"tablet":{"background-color":"var(--ast-global-color-5)","background-image":"","background-repeat":"repeat","background-position":"center center","background-size":"auto","background-attachment":"scroll","background-type":"","background-media":"","overlay-type":"","overlay-color":"","overlay-opacity":"","overlay-gradient":""},"mobile":{"background-color":"var(--ast-global-color-5)","background-image":"","background-repeat":"repeat","background-position":"center center","background-size":"auto","background-attachment":"scroll","background-type":"","background-media":"","overlay-type":"","overlay-color":"","overlay-opacity":"","overlay-gradient":""}}},"product_brand":[],"product_cat":[2868],"product_tag":[],"class_list":{"0":"post-23320","1":"product","2":"type-product","3":"status-publish","4":"has-post-thumbnail","6":"product_cat-etuis-a-lunettes","7":"desktop-align-center","8":"tablet-align-center","9":"mobile-align-center","10":"ast-product-gallery-layout-horizontal-slider","11":"ast-product-single-variable","12":"ast-product-tabs-layout-accordion","14":"first","15":"onbackorder","16":"taxable","17":"shipping-taxable","18":"purchasable","19":"product-type-variable"},"yoast_head":"<!-- This site is optimized with the Yoast SEO plugin v27.5 - https:\/\/yoast.com\/product\/yoast-seo-wordpress\/ -->\n<title>\u00c9tui \u00e0 lunettes semi-rigide Sarah Victoria im Onlineshop | Gleichcom AG<\/title>\n<meta name=\"description\" content=\"\u2705 Livraison gratuite  \u00c9tui \u00e0 lunettes \u00e0 la mode avec fermeture magn\u00e9tique. Pour ranger vos lunettes en toute s\u00e9curit\u00e9.\" \/>\n<meta name=\"robots\" content=\"noindex, follow, max-snippet:-1, max-image-preview:large, max-video-preview:-1\" \/>\n<meta property=\"og:locale\" content=\"fr_FR\" \/>\n<meta property=\"og:type\" content=\"article\" \/>\n<meta property=\"og:title\" content=\"\u00c9tui \u00e0 lunettes semi-rigide Sarah Victoria im Onlineshop | Gleichcom AG\" \/>\n<meta property=\"og:description\" content=\"\u2705 Livraison gratuite  \u00c9tui \u00e0 lunettes \u00e0 la mode avec fermeture magn\u00e9tique. Pour ranger vos lunettes en toute s\u00e9curit\u00e9.\" \/>\n<meta property=\"og:url\" content=\"https:\/\/www.gleichcom.samuraidev.ch\/fr\/shop\/halbhartes-brillenetui-sarah-mit-passendem-microfasertuch-victoria\/\" \/>\n<meta property=\"og:site_name\" content=\"Gleichcom AG\" \/>\n<meta property=\"article:publisher\" content=\"https:\/\/www.facebook.com\/profile.php?id=100068749126981\" \/>\n<meta property=\"og:image\" content=\"https:\/\/www.gleichcom.samuraidev.ch\/wp-content\/uploads\/2023\/09\/11376_SARAH_01.jpg\" \/>\n\t<meta property=\"og:image:width\" content=\"500\" \/>\n\t<meta property=\"og:image:height\" content=\"304\" \/>\n\t<meta property=\"og:image:type\" content=\"image\/jpeg\" \/>\n<meta name=\"twitter:card\" content=\"summary_large_image\" \/>\n<script type=\"application\/ld+json\" class=\"yoast-schema-graph\">{\"@context\":\"https:\\\/\\\/schema.org\",\"@graph\":[{\"@type\":\"WebPage\",\"@id\":\"https:\\\/\\\/www.gleichcom.samuraidev.ch\\\/fr\\\/shop\\\/halbhartes-brillenetui-sarah-mit-passendem-microfasertuch-victoria\\\/\",\"url\":\"https:\\\/\\\/www.gleichcom.samuraidev.ch\\\/fr\\\/shop\\\/halbhartes-brillenetui-sarah-mit-passendem-microfasertuch-victoria\\\/\",\"name\":\"\u00c9tui \u00e0 lunettes semi-rigide Sarah Victoria im Onlineshop | Gleichcom AG\",\"isPartOf\":{\"@id\":\"https:\\\/\\\/www.gleichcom.samuraidev.ch\\\/fr\\\/#website\"},\"primaryImageOfPage\":{\"@id\":\"https:\\\/\\\/www.gleichcom.samuraidev.ch\\\/fr\\\/shop\\\/halbhartes-brillenetui-sarah-mit-passendem-microfasertuch-victoria\\\/#primaryimage\"},\"image\":{\"@id\":\"https:\\\/\\\/www.gleichcom.samuraidev.ch\\\/fr\\\/shop\\\/halbhartes-brillenetui-sarah-mit-passendem-microfasertuch-victoria\\\/#primaryimage\"},\"thumbnailUrl\":\"https:\\\/\\\/www.gleichcom.samuraidev.ch\\\/wp-content\\\/uploads\\\/2023\\\/09\\\/11376_SARAH_01.jpg\",\"datePublished\":\"2022-05-07T10:07:58+00:00\",\"description\":\"\u2705 Livraison gratuite \u00c9tui \u00e0 lunettes \u00e0 la mode avec fermeture magn\u00e9tique. Pour ranger vos lunettes en toute s\u00e9curit\u00e9.\",\"breadcrumb\":{\"@id\":\"https:\\\/\\\/www.gleichcom.samuraidev.ch\\\/fr\\\/shop\\\/halbhartes-brillenetui-sarah-mit-passendem-microfasertuch-victoria\\\/#breadcrumb\"},\"inLanguage\":\"fr-FR\",\"potentialAction\":[{\"@type\":\"ReadAction\",\"target\":[\"https:\\\/\\\/www.gleichcom.samuraidev.ch\\\/fr\\\/shop\\\/halbhartes-brillenetui-sarah-mit-passendem-microfasertuch-victoria\\\/\"]}]},{\"@type\":\"ImageObject\",\"inLanguage\":\"fr-FR\",\"@id\":\"https:\\\/\\\/www.gleichcom.samuraidev.ch\\\/fr\\\/shop\\\/halbhartes-brillenetui-sarah-mit-passendem-microfasertuch-victoria\\\/#primaryimage\",\"url\":\"https:\\\/\\\/www.gleichcom.samuraidev.ch\\\/wp-content\\\/uploads\\\/2023\\\/09\\\/11376_SARAH_01.jpg\",\"contentUrl\":\"https:\\\/\\\/www.gleichcom.samuraidev.ch\\\/wp-content\\\/uploads\\\/2023\\\/09\\\/11376_SARAH_01.jpg\",\"width\":500,\"height\":304},{\"@type\":\"BreadcrumbList\",\"@id\":\"https:\\\/\\\/www.gleichcom.samuraidev.ch\\\/fr\\\/shop\\\/halbhartes-brillenetui-sarah-mit-passendem-microfasertuch-victoria\\\/#breadcrumb\",\"itemListElement\":[{\"@type\":\"ListItem\",\"position\":1,\"name\":\"Startseite\",\"item\":\"https:\\\/\\\/www.gleichcom.samuraidev.ch\\\/fr\\\/\"},{\"@type\":\"ListItem\",\"position\":2,\"name\":\"Shop\",\"item\":\"https:\\\/\\\/www.gleichcom.samuraidev.ch\\\/fr\\\/shop\\\/\"},{\"@type\":\"ListItem\",\"position\":3,\"name\":\"\u00c9tui \u00e0 lunettes semi-rigide Sarah Victoria\"}]},{\"@type\":\"WebSite\",\"@id\":\"https:\\\/\\\/www.gleichcom.samuraidev.ch\\\/fr\\\/#website\",\"url\":\"https:\\\/\\\/www.gleichcom.samuraidev.ch\\\/fr\\\/\",\"name\":\"Gleichcom AG\",\"description\":\"besser h\u00f6ren. besser sehen. besser leben.\",\"publisher\":{\"@id\":\"https:\\\/\\\/www.gleichcom.samuraidev.ch\\\/fr\\\/#organization\"},\"alternateName\":\"Gleichcom\",\"potentialAction\":[{\"@type\":\"SearchAction\",\"target\":{\"@type\":\"EntryPoint\",\"urlTemplate\":\"https:\\\/\\\/www.gleichcom.samuraidev.ch\\\/fr\\\/?s={search_term_string}\"},\"query-input\":{\"@type\":\"PropertyValueSpecification\",\"valueRequired\":true,\"valueName\":\"search_term_string\"}}],\"inLanguage\":\"fr-FR\"},{\"@type\":\"Organization\",\"@id\":\"https:\\\/\\\/www.gleichcom.samuraidev.ch\\\/fr\\\/#organization\",\"name\":\"Gleichcom AG\",\"alternateName\":\"Gleichcom\",\"url\":\"https:\\\/\\\/www.gleichcom.samuraidev.ch\\\/fr\\\/\",\"logo\":{\"@type\":\"ImageObject\",\"inLanguage\":\"fr-FR\",\"@id\":\"https:\\\/\\\/www.gleichcom.samuraidev.ch\\\/fr\\\/#\\\/schema\\\/logo\\\/image\\\/\",\"url\":\"https:\\\/\\\/www.gleichcom.samuraidev.ch\\\/wp-content\\\/uploads\\\/2023\\\/09\\\/gleichcom-ag-logo-quadrat-farbig-mitte@696.png\",\"contentUrl\":\"https:\\\/\\\/www.gleichcom.samuraidev.ch\\\/wp-content\\\/uploads\\\/2023\\\/09\\\/gleichcom-ag-logo-quadrat-farbig-mitte@696.png\",\"width\":437,\"height\":437,\"caption\":\"Gleichcom AG\"},\"image\":{\"@id\":\"https:\\\/\\\/www.gleichcom.samuraidev.ch\\\/fr\\\/#\\\/schema\\\/logo\\\/image\\\/\"},\"sameAs\":[\"https:\\\/\\\/www.facebook.com\\\/profile.php?id=100068749126981\"]}]}<\/script>\n<!-- \/ Yoast SEO plugin. -->","yoast_head_json":{"title":"\u00c9tui \u00e0 lunettes semi-rigide Sarah Victoria im Onlineshop | Gleichcom AG","description":"\u2705 Livraison gratuite  \u00c9tui \u00e0 lunettes \u00e0 la mode avec fermeture magn\u00e9tique. Pour ranger vos lunettes en toute s\u00e9curit\u00e9.","robots":{"index":"noindex","follow":"follow","max-snippet":"max-snippet:-1","max-image-preview":"max-image-preview:large","max-video-preview":"max-video-preview:-1"},"og_locale":"fr_FR","og_type":"article","og_title":"\u00c9tui \u00e0 lunettes semi-rigide Sarah Victoria im Onlineshop | Gleichcom AG","og_description":"\u2705 Livraison gratuite  \u00c9tui \u00e0 lunettes \u00e0 la mode avec fermeture magn\u00e9tique. Pour ranger vos lunettes en toute s\u00e9curit\u00e9.","og_url":"https:\/\/www.gleichcom.samuraidev.ch\/fr\/shop\/halbhartes-brillenetui-sarah-mit-passendem-microfasertuch-victoria\/","og_site_name":"Gleichcom AG","article_publisher":"https:\/\/www.facebook.com\/profile.php?id=100068749126981","og_image":[{"width":500,"height":304,"url":"https:\/\/www.gleichcom.samuraidev.ch\/wp-content\/uploads\/2023\/09\/11376_SARAH_01.jpg","type":"image\/jpeg"}],"twitter_card":"summary_large_image","schema":{"@context":"https:\/\/schema.org","@graph":[{"@type":"WebPage","@id":"https:\/\/www.gleichcom.samuraidev.ch\/fr\/shop\/halbhartes-brillenetui-sarah-mit-passendem-microfasertuch-victoria\/","url":"https:\/\/www.gleichcom.samuraidev.ch\/fr\/shop\/halbhartes-brillenetui-sarah-mit-passendem-microfasertuch-victoria\/","name":"\u00c9tui \u00e0 lunettes semi-rigide Sarah Victoria im Onlineshop | Gleichcom AG","isPartOf":{"@id":"https:\/\/www.gleichcom.samuraidev.ch\/fr\/#website"},"primaryImageOfPage":{"@id":"https:\/\/www.gleichcom.samuraidev.ch\/fr\/shop\/halbhartes-brillenetui-sarah-mit-passendem-microfasertuch-victoria\/#primaryimage"},"image":{"@id":"https:\/\/www.gleichcom.samuraidev.ch\/fr\/shop\/halbhartes-brillenetui-sarah-mit-passendem-microfasertuch-victoria\/#primaryimage"},"thumbnailUrl":"https:\/\/www.gleichcom.samuraidev.ch\/wp-content\/uploads\/2023\/09\/11376_SARAH_01.jpg","datePublished":"2022-05-07T10:07:58+00:00","description":"\u2705 Livraison gratuite \u00c9tui \u00e0 lunettes \u00e0 la mode avec fermeture magn\u00e9tique. Pour ranger vos lunettes en toute s\u00e9curit\u00e9.","breadcrumb":{"@id":"https:\/\/www.gleichcom.samuraidev.ch\/fr\/shop\/halbhartes-brillenetui-sarah-mit-passendem-microfasertuch-victoria\/#breadcrumb"},"inLanguage":"fr-FR","potentialAction":[{"@type":"ReadAction","target":["https:\/\/www.gleichcom.samuraidev.ch\/fr\/shop\/halbhartes-brillenetui-sarah-mit-passendem-microfasertuch-victoria\/"]}]},{"@type":"ImageObject","inLanguage":"fr-FR","@id":"https:\/\/www.gleichcom.samuraidev.ch\/fr\/shop\/halbhartes-brillenetui-sarah-mit-passendem-microfasertuch-victoria\/#primaryimage","url":"https:\/\/www.gleichcom.samuraidev.ch\/wp-content\/uploads\/2023\/09\/11376_SARAH_01.jpg","contentUrl":"https:\/\/www.gleichcom.samuraidev.ch\/wp-content\/uploads\/2023\/09\/11376_SARAH_01.jpg","width":500,"height":304},{"@type":"BreadcrumbList","@id":"https:\/\/www.gleichcom.samuraidev.ch\/fr\/shop\/halbhartes-brillenetui-sarah-mit-passendem-microfasertuch-victoria\/#breadcrumb","itemListElement":[{"@type":"ListItem","position":1,"name":"Startseite","item":"https:\/\/www.gleichcom.samuraidev.ch\/fr\/"},{"@type":"ListItem","position":2,"name":"Shop","item":"https:\/\/www.gleichcom.samuraidev.ch\/fr\/shop\/"},{"@type":"ListItem","position":3,"name":"\u00c9tui \u00e0 lunettes semi-rigide Sarah Victoria"}]},{"@type":"WebSite","@id":"https:\/\/www.gleichcom.samuraidev.ch\/fr\/#website","url":"https:\/\/www.gleichcom.samuraidev.ch\/fr\/","name":"Gleichcom AG","description":"besser h\u00f6ren. besser sehen. besser leben.","publisher":{"@id":"https:\/\/www.gleichcom.samuraidev.ch\/fr\/#organization"},"alternateName":"Gleichcom","potentialAction":[{"@type":"SearchAction","target":{"@type":"EntryPoint","urlTemplate":"https:\/\/www.gleichcom.samuraidev.ch\/fr\/?s={search_term_string}"},"query-input":{"@type":"PropertyValueSpecification","valueRequired":true,"valueName":"search_term_string"}}],"inLanguage":"fr-FR"},{"@type":"Organization","@id":"https:\/\/www.gleichcom.samuraidev.ch\/fr\/#organization","name":"Gleichcom AG","alternateName":"Gleichcom","url":"https:\/\/www.gleichcom.samuraidev.ch\/fr\/","logo":{"@type":"ImageObject","inLanguage":"fr-FR","@id":"https:\/\/www.gleichcom.samuraidev.ch\/fr\/#\/schema\/logo\/image\/","url":"https:\/\/www.gleichcom.samuraidev.ch\/wp-content\/uploads\/2023\/09\/gleichcom-ag-logo-quadrat-farbig-mitte@696.png","contentUrl":"https:\/\/www.gleichcom.samuraidev.ch\/wp-content\/uploads\/2023\/09\/gleichcom-ag-logo-quadrat-farbig-mitte@696.png","width":437,"height":437,"caption":"Gleichcom AG"},"image":{"@id":"https:\/\/www.gleichcom.samuraidev.ch\/fr\/#\/schema\/logo\/image\/"},"sameAs":["https:\/\/www.facebook.com\/profile.php?id=100068749126981"]}]}},"uagb_featured_image_src":{"full":["https:\/\/www.gleichcom.samuraidev.ch\/wp-content\/uploads\/2023\/09\/11376_SARAH_01.jpg",500,304,false],"thumbnail":["https:\/\/www.gleichcom.samuraidev.ch\/wp-content\/uploads\/2023\/09\/11376_SARAH_01.jpg",150,91,false],"medium":["https:\/\/www.gleichcom.samuraidev.ch\/wp-content\/uploads\/2023\/09\/11376_SARAH_01.jpg",300,182,false],"medium_large":["https:\/\/www.gleichcom.samuraidev.ch\/wp-content\/uploads\/2023\/09\/11376_SARAH_01.jpg",500,304,false],"large":["https:\/\/www.gleichcom.samuraidev.ch\/wp-content\/uploads\/2023\/09\/11376_SARAH_01.jpg",500,304,false],"1536x1536":["https:\/\/www.gleichcom.samuraidev.ch\/wp-content\/uploads\/2023\/09\/11376_SARAH_01.jpg",500,304,false],"2048x2048":["https:\/\/www.gleichcom.samuraidev.ch\/wp-content\/uploads\/2023\/09\/11376_SARAH_01.jpg",500,304,false],"woocommerce_thumbnail":["https:\/\/www.gleichcom.samuraidev.ch\/wp-content\/uploads\/2023\/09\/11376_SARAH_01.jpg",300,182,false],"woocommerce_single":["https:\/\/www.gleichcom.samuraidev.ch\/wp-content\/uploads\/2023\/09\/11376_SARAH_01.jpg",500,304,false],"woocommerce_gallery_thumbnail":["https:\/\/www.gleichcom.samuraidev.ch\/wp-content\/uploads\/2023\/09\/11376_SARAH_01-100x100.jpg",100,100,true]},"uagb_author_info":{"display_name":"","author_link":"https:\/\/www.gleichcom.samuraidev.ch\/fr\/author\/"},"uagb_comment_info":0,"uagb_excerpt":"Livraison gratuite \u00c9tui \u00e0 lunettes \u00e0 la mode avec fermeture magn\u00e9tique. Pour ranger vos lunettes en toute s\u00e9curit\u00e9.","_links":{"self":[{"href":"https:\/\/www.gleichcom.samuraidev.ch\/fr\/wp-json\/wp\/v2\/product\/23320","targetHints":{"allow":["GET"]}}],"collection":[{"href":"https:\/\/www.gleichcom.samuraidev.ch\/fr\/wp-json\/wp\/v2\/product"}],"about":[{"href":"https:\/\/www.gleichcom.samuraidev.ch\/fr\/wp-json\/wp\/v2\/types\/product"}],"wp:featuredmedia":[{"embeddable":true,"href":"https:\/\/www.gleichcom.samuraidev.ch\/fr\/wp-json\/wp\/v2\/media\/23308"}],"wp:attachment":[{"href":"https:\/\/www.gleichcom.samuraidev.ch\/fr\/wp-json\/wp\/v2\/media?parent=23320"}],"wp:term":[{"taxonomy":"product_brand","embeddable":true,"href":"https:\/\/www.gleichcom.samuraidev.ch\/fr\/wp-json\/wp\/v2\/product_brand?post=23320"},{"taxonomy":"product_cat","embeddable":true,"href":"https:\/\/www.gleichcom.samuraidev.ch\/fr\/wp-json\/wp\/v2\/product_cat?post=23320"},{"taxonomy":"product_tag","embeddable":true,"href":"https:\/\/www.gleichcom.samuraidev.ch\/fr\/wp-json\/wp\/v2\/product_tag?post=23320"}],"curies":[{"name":"wp","href":"https:\/\/api.w.org\/{rel}","templated":true}]}}