{"id":3045,"date":"2012-03-06T14:24:11","date_gmt":"2012-03-06T13:24:11","guid":{"rendered":"https:\/\/www.gleichcom.samuraidev.ch\/?product=cedis-reinigung-und-trocknung-fuer-hdo-hoergeraete"},"modified":"1000-01-01T00:00:00","modified_gmt":"1000-01-01T00:00:00","slug":"cedis-reinigung-und-trocknung-fuer-hdo-hoergeraete","status":"publish","type":"product","link":"https:\/\/www.gleichcom.samuraidev.ch\/fr\/shop\/cedis-reinigung-und-trocknung-fuer-hdo-hoergeraete\/","title":{"rendered":"Cedis kit d&rsquo;hygi\u00e8ne et de s\u00e9chage pour des embouts contours d&rsquo;oreille"},"content":{"rendered":"<div class=\"product_infotxt\">\n<div>\n\t\t<span style=\"color: rgb(0, 0, 0);\"><strong><span style=\"font-size:16px;\">Cedis kit d&rsquo;hygi\u00e8ne et de s\u00e9chage pour des embouts contours d&rsquo;oreille<\/span><\/strong><\/p>\n<p>\t\tLe multi-talent pour le nettoyage des embouts contours d&rsquo;oreille et pour le s\u00e9chage des syst\u00e8mes auditifs. Equipement comme le kit d&rsquo;hygi\u00e8ne pour contours d&rsquo;oreille, mais en plus compl\u00e9t\u00e9 par des capsules anti-humidit\u00e9 (avec indicateur de couleur) et un gobelet de s\u00e9chage pour le s\u00e9chage fiable des syst\u00e8mes auditifs pendant la nuit.<\/p>\n<p>\t\tContenu:<br \/>\n\t\t8 comprim\u00e9s d\u00e9tersifs<br \/>\n\t\t1 gobelet de nettoyage avec tamis<br \/>\n\t\t2 paires de capsules anti-humidit\u00e9<br \/>\n\t\t1 gobelet de s\u00e9chage<br \/>\n\t\t1 poire <\/span><!-- (begin) Tabelle fuer Stringaddribute --><!-- (end) Tabelle fuer Stringaddribute --><!-- (begin) Tabelle fuer FAQ's --><!-- FAQ\u00b4s Entfernt 2002\/12\/18 --><!-- (end) Tabelle fuer FAQ's -->\n\t<\/div>\n<\/div>\n","protected":false},"excerpt":{"rendered":"<p>\tLe multi-talent pour le nettoyage des embouts contours d&rsquo;oreille et pour le s\u00e9chage des syst\u00e8mes auditifs. Equipement comme le kit d&rsquo;hygi\u00e8ne pour contours d&rsquo;oreille, mais en plus compl\u00e9t\u00e9 par des capsules anti-humidit\u00e9 (avec indicateur de couleur) et un gobelet de s\u00e9chage pour le s\u00e9chage fiable des syst\u00e8mes auditifs pendant la nuit.<\/p>\n","protected":false},"featured_media":1970,"template":"","meta":{"inline_featured_image":false,"_uag_custom_page_level_css":"","site-sidebar-layout":"default","site-content-layout":"","ast-site-content-layout":"default","site-content-style":"default","site-sidebar-style":"default","ast-global-header-display":"","ast-banner-title-visibility":"","ast-main-header-display":"","ast-hfb-above-header-display":"","ast-hfb-below-header-display":"","ast-hfb-mobile-header-display":"","site-post-title":"","ast-breadcrumbs-content":"","ast-featured-img":"","footer-sml-layout":"","ast-disable-related-posts":"","theme-transparent-header-meta":"","adv-header-id-meta":"","stick-header-meta":"","header-above-stick-meta":"","header-main-stick-meta":"","header-below-stick-meta":"","astra-migrate-meta-layouts":"default","ast-page-background-enabled":"default","ast-page-background-meta":{"desktop":{"background-color":"","background-image":"","background-repeat":"repeat","background-position":"center center","background-size":"auto","background-attachment":"scroll","background-type":"","background-media":"","overlay-type":"","overlay-color":"","overlay-opacity":"","overlay-gradient":""},"tablet":{"background-color":"","background-image":"","background-repeat":"repeat","background-position":"center center","background-size":"auto","background-attachment":"scroll","background-type":"","background-media":"","overlay-type":"","overlay-color":"","overlay-opacity":"","overlay-gradient":""},"mobile":{"background-color":"","background-image":"","background-repeat":"repeat","background-position":"center center","background-size":"auto","background-attachment":"scroll","background-type":"","background-media":"","overlay-type":"","overlay-color":"","overlay-opacity":"","overlay-gradient":""}},"ast-content-background-meta":{"desktop":{"background-color":"var(--ast-global-color-5)","background-image":"","background-repeat":"repeat","background-position":"center center","background-size":"auto","background-attachment":"scroll","background-type":"","background-media":"","overlay-type":"","overlay-color":"","overlay-opacity":"","overlay-gradient":""},"tablet":{"background-color":"var(--ast-global-color-5)","background-image":"","background-repeat":"repeat","background-position":"center center","background-size":"auto","background-attachment":"scroll","background-type":"","background-media":"","overlay-type":"","overlay-color":"","overlay-opacity":"","overlay-gradient":""},"mobile":{"background-color":"var(--ast-global-color-5)","background-image":"","background-repeat":"repeat","background-position":"center center","background-size":"auto","background-attachment":"scroll","background-type":"","background-media":"","overlay-type":"","overlay-color":"","overlay-opacity":"","overlay-gradient":""}}},"product_brand":[],"product_cat":[2902],"product_tag":[],"class_list":{"0":"post-3045","1":"product","2":"type-product","3":"status-publish","4":"has-post-thumbnail","6":"product_cat-eliminateur-de-cerumen-fr","7":"desktop-align-center","8":"tablet-align-center","9":"mobile-align-center","10":"ast-product-gallery-layout-horizontal-slider","11":"ast-product-gallery-with-no-image","12":"ast-product-tabs-layout-accordion","14":"first","15":"outofstock","16":"taxable","17":"shipping-taxable","18":"purchasable","19":"product-type-simple"},"yoast_head":"<!-- This site is optimized with the Yoast SEO plugin v27.5 - https:\/\/yoast.com\/product\/yoast-seo-wordpress\/ -->\n<title>Cedis kit d&#039;hygi\u00e8ne et de s\u00e9chage pour des embouts contours d&#039;oreille im Onlineshop | Gleichcom AG<\/title>\n<meta name=\"description\" content=\"\u2705 Le multi-talent pour le nettoyage des embouts contours d&#039;oreille et pour le s\u00e9chage des syst\u00e8mes auditifs. Equipement comme le kit d&#039;hygi\u00e8ne pour contours d&#039;oreille, mais en plus compl\u00e9t\u00e9 par des capsules anti-humidit\u00e9 (avec indicateur de couleur) et un gobelet de s\u00e9chage pour le s\u00e9chage fiable des syst\u00e8mes auditifs pendant la nuit.\" \/>\n<meta name=\"robots\" content=\"noindex, follow, max-snippet:-1, max-image-preview:large, max-video-preview:-1\" \/>\n<meta property=\"og:locale\" content=\"fr_FR\" \/>\n<meta property=\"og:type\" content=\"article\" \/>\n<meta property=\"og:title\" content=\"Cedis kit d&#039;hygi\u00e8ne et de s\u00e9chage pour des embouts contours d&#039;oreille im Onlineshop | Gleichcom AG\" \/>\n<meta property=\"og:description\" content=\"\u2705 Le multi-talent pour le nettoyage des embouts contours d&#039;oreille et pour le s\u00e9chage des syst\u00e8mes auditifs. Equipement comme le kit d&#039;hygi\u00e8ne pour contours d&#039;oreille, mais en plus compl\u00e9t\u00e9 par des capsules anti-humidit\u00e9 (avec indicateur de couleur) et un gobelet de s\u00e9chage pour le s\u00e9chage fiable des syst\u00e8mes auditifs pendant la nuit.\" \/>\n<meta property=\"og:url\" content=\"https:\/\/www.gleichcom.samuraidev.ch\/fr\/shop\/cedis-reinigung-und-trocknung-fuer-hdo-hoergeraete\/\" \/>\n<meta property=\"og:site_name\" content=\"Gleichcom AG\" \/>\n<meta property=\"article:publisher\" content=\"https:\/\/www.facebook.com\/profile.php?id=100068749126981\" \/>\n<meta property=\"og:image\" content=\"https:\/\/www.gleichcom.samuraidev.ch\/wp-content\/uploads\/2023\/09\/c0008.jpg\" \/>\n\t<meta property=\"og:image:width\" content=\"500\" \/>\n\t<meta property=\"og:image:height\" content=\"357\" \/>\n\t<meta property=\"og:image:type\" content=\"image\/jpeg\" \/>\n<meta name=\"twitter:card\" content=\"summary_large_image\" \/>\n<script type=\"application\/ld+json\" class=\"yoast-schema-graph\">{\"@context\":\"https:\\\/\\\/schema.org\",\"@graph\":[{\"@type\":\"WebPage\",\"@id\":\"https:\\\/\\\/www.gleichcom.samuraidev.ch\\\/fr\\\/shop\\\/cedis-reinigung-und-trocknung-fuer-hdo-hoergeraete\\\/\",\"url\":\"https:\\\/\\\/www.gleichcom.samuraidev.ch\\\/fr\\\/shop\\\/cedis-reinigung-und-trocknung-fuer-hdo-hoergeraete\\\/\",\"name\":\"Cedis kit d'hygi\u00e8ne et de s\u00e9chage pour des embouts contours d'oreille im Onlineshop | Gleichcom AG\",\"isPartOf\":{\"@id\":\"https:\\\/\\\/www.gleichcom.samuraidev.ch\\\/fr\\\/#website\"},\"primaryImageOfPage\":{\"@id\":\"https:\\\/\\\/www.gleichcom.samuraidev.ch\\\/fr\\\/shop\\\/cedis-reinigung-und-trocknung-fuer-hdo-hoergeraete\\\/#primaryimage\"},\"image\":{\"@id\":\"https:\\\/\\\/www.gleichcom.samuraidev.ch\\\/fr\\\/shop\\\/cedis-reinigung-und-trocknung-fuer-hdo-hoergeraete\\\/#primaryimage\"},\"thumbnailUrl\":\"https:\\\/\\\/www.gleichcom.samuraidev.ch\\\/wp-content\\\/uploads\\\/2023\\\/09\\\/c0008.jpg\",\"datePublished\":\"2012-03-06T13:24:11+00:00\",\"description\":\"\u2705 Le multi-talent pour le nettoyage des embouts contours d'oreille et pour le s\u00e9chage des syst\u00e8mes auditifs. Equipement comme le kit d'hygi\u00e8ne pour contours d'oreille, mais en plus compl\u00e9t\u00e9 par des capsules anti-humidit\u00e9 (avec indicateur de couleur) et un gobelet de s\u00e9chage pour le s\u00e9chage fiable des syst\u00e8mes auditifs pendant la nuit.\",\"breadcrumb\":{\"@id\":\"https:\\\/\\\/www.gleichcom.samuraidev.ch\\\/fr\\\/shop\\\/cedis-reinigung-und-trocknung-fuer-hdo-hoergeraete\\\/#breadcrumb\"},\"inLanguage\":\"fr-FR\",\"potentialAction\":[{\"@type\":\"ReadAction\",\"target\":[\"https:\\\/\\\/www.gleichcom.samuraidev.ch\\\/fr\\\/shop\\\/cedis-reinigung-und-trocknung-fuer-hdo-hoergeraete\\\/\"]}]},{\"@type\":\"ImageObject\",\"inLanguage\":\"fr-FR\",\"@id\":\"https:\\\/\\\/www.gleichcom.samuraidev.ch\\\/fr\\\/shop\\\/cedis-reinigung-und-trocknung-fuer-hdo-hoergeraete\\\/#primaryimage\",\"url\":\"https:\\\/\\\/www.gleichcom.samuraidev.ch\\\/wp-content\\\/uploads\\\/2023\\\/09\\\/c0008.jpg\",\"contentUrl\":\"https:\\\/\\\/www.gleichcom.samuraidev.ch\\\/wp-content\\\/uploads\\\/2023\\\/09\\\/c0008.jpg\",\"width\":500,\"height\":357},{\"@type\":\"BreadcrumbList\",\"@id\":\"https:\\\/\\\/www.gleichcom.samuraidev.ch\\\/fr\\\/shop\\\/cedis-reinigung-und-trocknung-fuer-hdo-hoergeraete\\\/#breadcrumb\",\"itemListElement\":[{\"@type\":\"ListItem\",\"position\":1,\"name\":\"Startseite\",\"item\":\"https:\\\/\\\/www.gleichcom.samuraidev.ch\\\/fr\\\/\"},{\"@type\":\"ListItem\",\"position\":2,\"name\":\"Shop\",\"item\":\"https:\\\/\\\/www.gleichcom.samuraidev.ch\\\/fr\\\/shop\\\/\"},{\"@type\":\"ListItem\",\"position\":3,\"name\":\"Cedis kit d&#8217;hygi\u00e8ne et de s\u00e9chage pour des embouts contours d&#8217;oreille\"}]},{\"@type\":\"WebSite\",\"@id\":\"https:\\\/\\\/www.gleichcom.samuraidev.ch\\\/fr\\\/#website\",\"url\":\"https:\\\/\\\/www.gleichcom.samuraidev.ch\\\/fr\\\/\",\"name\":\"Gleichcom AG\",\"description\":\"besser h\u00f6ren. besser sehen. besser leben.\",\"publisher\":{\"@id\":\"https:\\\/\\\/www.gleichcom.samuraidev.ch\\\/fr\\\/#organization\"},\"alternateName\":\"Gleichcom\",\"potentialAction\":[{\"@type\":\"SearchAction\",\"target\":{\"@type\":\"EntryPoint\",\"urlTemplate\":\"https:\\\/\\\/www.gleichcom.samuraidev.ch\\\/fr\\\/?s={search_term_string}\"},\"query-input\":{\"@type\":\"PropertyValueSpecification\",\"valueRequired\":true,\"valueName\":\"search_term_string\"}}],\"inLanguage\":\"fr-FR\"},{\"@type\":\"Organization\",\"@id\":\"https:\\\/\\\/www.gleichcom.samuraidev.ch\\\/fr\\\/#organization\",\"name\":\"Gleichcom AG\",\"alternateName\":\"Gleichcom\",\"url\":\"https:\\\/\\\/www.gleichcom.samuraidev.ch\\\/fr\\\/\",\"logo\":{\"@type\":\"ImageObject\",\"inLanguage\":\"fr-FR\",\"@id\":\"https:\\\/\\\/www.gleichcom.samuraidev.ch\\\/fr\\\/#\\\/schema\\\/logo\\\/image\\\/\",\"url\":\"https:\\\/\\\/www.gleichcom.samuraidev.ch\\\/wp-content\\\/uploads\\\/2023\\\/09\\\/gleichcom-ag-logo-quadrat-farbig-mitte@696.png\",\"contentUrl\":\"https:\\\/\\\/www.gleichcom.samuraidev.ch\\\/wp-content\\\/uploads\\\/2023\\\/09\\\/gleichcom-ag-logo-quadrat-farbig-mitte@696.png\",\"width\":437,\"height\":437,\"caption\":\"Gleichcom AG\"},\"image\":{\"@id\":\"https:\\\/\\\/www.gleichcom.samuraidev.ch\\\/fr\\\/#\\\/schema\\\/logo\\\/image\\\/\"},\"sameAs\":[\"https:\\\/\\\/www.facebook.com\\\/profile.php?id=100068749126981\"]}]}<\/script>\n<!-- \/ Yoast SEO plugin. -->","yoast_head_json":{"title":"Cedis kit d'hygi\u00e8ne et de s\u00e9chage pour des embouts contours d'oreille im Onlineshop | Gleichcom AG","description":"\u2705 Le multi-talent pour le nettoyage des embouts contours d'oreille et pour le s\u00e9chage des syst\u00e8mes auditifs. Equipement comme le kit d'hygi\u00e8ne pour contours d'oreille, mais en plus compl\u00e9t\u00e9 par des capsules anti-humidit\u00e9 (avec indicateur de couleur) et un gobelet de s\u00e9chage pour le s\u00e9chage fiable des syst\u00e8mes auditifs pendant la nuit.","robots":{"index":"noindex","follow":"follow","max-snippet":"max-snippet:-1","max-image-preview":"max-image-preview:large","max-video-preview":"max-video-preview:-1"},"og_locale":"fr_FR","og_type":"article","og_title":"Cedis kit d'hygi\u00e8ne et de s\u00e9chage pour des embouts contours d'oreille im Onlineshop | Gleichcom AG","og_description":"\u2705 Le multi-talent pour le nettoyage des embouts contours d'oreille et pour le s\u00e9chage des syst\u00e8mes auditifs. Equipement comme le kit d'hygi\u00e8ne pour contours d'oreille, mais en plus compl\u00e9t\u00e9 par des capsules anti-humidit\u00e9 (avec indicateur de couleur) et un gobelet de s\u00e9chage pour le s\u00e9chage fiable des syst\u00e8mes auditifs pendant la nuit.","og_url":"https:\/\/www.gleichcom.samuraidev.ch\/fr\/shop\/cedis-reinigung-und-trocknung-fuer-hdo-hoergeraete\/","og_site_name":"Gleichcom AG","article_publisher":"https:\/\/www.facebook.com\/profile.php?id=100068749126981","og_image":[{"width":500,"height":357,"url":"https:\/\/www.gleichcom.samuraidev.ch\/wp-content\/uploads\/2023\/09\/c0008.jpg","type":"image\/jpeg"}],"twitter_card":"summary_large_image","schema":{"@context":"https:\/\/schema.org","@graph":[{"@type":"WebPage","@id":"https:\/\/www.gleichcom.samuraidev.ch\/fr\/shop\/cedis-reinigung-und-trocknung-fuer-hdo-hoergeraete\/","url":"https:\/\/www.gleichcom.samuraidev.ch\/fr\/shop\/cedis-reinigung-und-trocknung-fuer-hdo-hoergeraete\/","name":"Cedis kit d'hygi\u00e8ne et de s\u00e9chage pour des embouts contours d'oreille im Onlineshop | Gleichcom AG","isPartOf":{"@id":"https:\/\/www.gleichcom.samuraidev.ch\/fr\/#website"},"primaryImageOfPage":{"@id":"https:\/\/www.gleichcom.samuraidev.ch\/fr\/shop\/cedis-reinigung-und-trocknung-fuer-hdo-hoergeraete\/#primaryimage"},"image":{"@id":"https:\/\/www.gleichcom.samuraidev.ch\/fr\/shop\/cedis-reinigung-und-trocknung-fuer-hdo-hoergeraete\/#primaryimage"},"thumbnailUrl":"https:\/\/www.gleichcom.samuraidev.ch\/wp-content\/uploads\/2023\/09\/c0008.jpg","datePublished":"2012-03-06T13:24:11+00:00","description":"\u2705 Le multi-talent pour le nettoyage des embouts contours d'oreille et pour le s\u00e9chage des syst\u00e8mes auditifs. Equipement comme le kit d'hygi\u00e8ne pour contours d'oreille, mais en plus compl\u00e9t\u00e9 par des capsules anti-humidit\u00e9 (avec indicateur de couleur) et un gobelet de s\u00e9chage pour le s\u00e9chage fiable des syst\u00e8mes auditifs pendant la nuit.","breadcrumb":{"@id":"https:\/\/www.gleichcom.samuraidev.ch\/fr\/shop\/cedis-reinigung-und-trocknung-fuer-hdo-hoergeraete\/#breadcrumb"},"inLanguage":"fr-FR","potentialAction":[{"@type":"ReadAction","target":["https:\/\/www.gleichcom.samuraidev.ch\/fr\/shop\/cedis-reinigung-und-trocknung-fuer-hdo-hoergeraete\/"]}]},{"@type":"ImageObject","inLanguage":"fr-FR","@id":"https:\/\/www.gleichcom.samuraidev.ch\/fr\/shop\/cedis-reinigung-und-trocknung-fuer-hdo-hoergeraete\/#primaryimage","url":"https:\/\/www.gleichcom.samuraidev.ch\/wp-content\/uploads\/2023\/09\/c0008.jpg","contentUrl":"https:\/\/www.gleichcom.samuraidev.ch\/wp-content\/uploads\/2023\/09\/c0008.jpg","width":500,"height":357},{"@type":"BreadcrumbList","@id":"https:\/\/www.gleichcom.samuraidev.ch\/fr\/shop\/cedis-reinigung-und-trocknung-fuer-hdo-hoergeraete\/#breadcrumb","itemListElement":[{"@type":"ListItem","position":1,"name":"Startseite","item":"https:\/\/www.gleichcom.samuraidev.ch\/fr\/"},{"@type":"ListItem","position":2,"name":"Shop","item":"https:\/\/www.gleichcom.samuraidev.ch\/fr\/shop\/"},{"@type":"ListItem","position":3,"name":"Cedis kit d&#8217;hygi\u00e8ne et de s\u00e9chage pour des embouts contours d&#8217;oreille"}]},{"@type":"WebSite","@id":"https:\/\/www.gleichcom.samuraidev.ch\/fr\/#website","url":"https:\/\/www.gleichcom.samuraidev.ch\/fr\/","name":"Gleichcom AG","description":"besser h\u00f6ren. besser sehen. besser leben.","publisher":{"@id":"https:\/\/www.gleichcom.samuraidev.ch\/fr\/#organization"},"alternateName":"Gleichcom","potentialAction":[{"@type":"SearchAction","target":{"@type":"EntryPoint","urlTemplate":"https:\/\/www.gleichcom.samuraidev.ch\/fr\/?s={search_term_string}"},"query-input":{"@type":"PropertyValueSpecification","valueRequired":true,"valueName":"search_term_string"}}],"inLanguage":"fr-FR"},{"@type":"Organization","@id":"https:\/\/www.gleichcom.samuraidev.ch\/fr\/#organization","name":"Gleichcom AG","alternateName":"Gleichcom","url":"https:\/\/www.gleichcom.samuraidev.ch\/fr\/","logo":{"@type":"ImageObject","inLanguage":"fr-FR","@id":"https:\/\/www.gleichcom.samuraidev.ch\/fr\/#\/schema\/logo\/image\/","url":"https:\/\/www.gleichcom.samuraidev.ch\/wp-content\/uploads\/2023\/09\/gleichcom-ag-logo-quadrat-farbig-mitte@696.png","contentUrl":"https:\/\/www.gleichcom.samuraidev.ch\/wp-content\/uploads\/2023\/09\/gleichcom-ag-logo-quadrat-farbig-mitte@696.png","width":437,"height":437,"caption":"Gleichcom AG"},"image":{"@id":"https:\/\/www.gleichcom.samuraidev.ch\/fr\/#\/schema\/logo\/image\/"},"sameAs":["https:\/\/www.facebook.com\/profile.php?id=100068749126981"]}]}},"uagb_featured_image_src":{"full":["https:\/\/www.gleichcom.samuraidev.ch\/wp-content\/uploads\/2023\/09\/c0008.jpg",500,357,false],"thumbnail":["https:\/\/www.gleichcom.samuraidev.ch\/wp-content\/uploads\/2023\/09\/c0008.jpg",150,107,false],"medium":["https:\/\/www.gleichcom.samuraidev.ch\/wp-content\/uploads\/2023\/09\/c0008.jpg",300,214,false],"medium_large":["https:\/\/www.gleichcom.samuraidev.ch\/wp-content\/uploads\/2023\/09\/c0008.jpg",500,357,false],"large":["https:\/\/www.gleichcom.samuraidev.ch\/wp-content\/uploads\/2023\/09\/c0008.jpg",500,357,false],"1536x1536":["https:\/\/www.gleichcom.samuraidev.ch\/wp-content\/uploads\/2023\/09\/c0008.jpg",500,357,false],"2048x2048":["https:\/\/www.gleichcom.samuraidev.ch\/wp-content\/uploads\/2023\/09\/c0008.jpg",500,357,false],"woocommerce_thumbnail":["https:\/\/www.gleichcom.samuraidev.ch\/wp-content\/uploads\/2023\/09\/c0008.jpg",300,214,false],"woocommerce_single":["https:\/\/www.gleichcom.samuraidev.ch\/wp-content\/uploads\/2023\/09\/c0008.jpg",500,357,false],"woocommerce_gallery_thumbnail":["https:\/\/www.gleichcom.samuraidev.ch\/wp-content\/uploads\/2023\/09\/c0008-100x100.jpg",100,100,true]},"uagb_author_info":{"display_name":"","author_link":"https:\/\/www.gleichcom.samuraidev.ch\/fr\/author\/"},"uagb_comment_info":0,"uagb_excerpt":"Le multi-talent pour le nettoyage des embouts contours d'oreille et pour le s\u00e9chage des syst\u00e8mes auditifs. Equipement comme le kit d'hygi\u00e8ne pour contours d'oreille, mais en plus compl\u00e9t\u00e9 par des capsules anti-humidit\u00e9 (avec indicateur de couleur) et un gobelet de s\u00e9chage pour le s\u00e9chage fiable des syst\u00e8mes auditifs pendant la nuit.","_links":{"self":[{"href":"https:\/\/www.gleichcom.samuraidev.ch\/fr\/wp-json\/wp\/v2\/product\/3045","targetHints":{"allow":["GET"]}}],"collection":[{"href":"https:\/\/www.gleichcom.samuraidev.ch\/fr\/wp-json\/wp\/v2\/product"}],"about":[{"href":"https:\/\/www.gleichcom.samuraidev.ch\/fr\/wp-json\/wp\/v2\/types\/product"}],"wp:featuredmedia":[{"embeddable":true,"href":"https:\/\/www.gleichcom.samuraidev.ch\/fr\/wp-json\/wp\/v2\/media\/1970"}],"wp:attachment":[{"href":"https:\/\/www.gleichcom.samuraidev.ch\/fr\/wp-json\/wp\/v2\/media?parent=3045"}],"wp:term":[{"taxonomy":"product_brand","embeddable":true,"href":"https:\/\/www.gleichcom.samuraidev.ch\/fr\/wp-json\/wp\/v2\/product_brand?post=3045"},{"taxonomy":"product_cat","embeddable":true,"href":"https:\/\/www.gleichcom.samuraidev.ch\/fr\/wp-json\/wp\/v2\/product_cat?post=3045"},{"taxonomy":"product_tag","embeddable":true,"href":"https:\/\/www.gleichcom.samuraidev.ch\/fr\/wp-json\/wp\/v2\/product_tag?post=3045"}],"curies":[{"name":"wp","href":"https:\/\/api.w.org\/{rel}","templated":true}]}}