{"id":3078,"date":"2012-03-13T13:51:57","date_gmt":"2012-03-13T12:51:57","guid":{"rendered":"https:\/\/www.gleichcom.samuraidev.ch\/?product=digitalwecker-ds-1-silber-metallic"},"modified":"1000-01-01T00:00:00","modified_gmt":"1000-01-01T00:00:00","slug":"digitalwecker-ds-1-silber-metallic","status":"publish","type":"product","link":"https:\/\/www.gleichcom.samuraidev.ch\/fr\/shop\/digitalwecker-ds-1-silber-metallic\/","title":{"rendered":"R\u00e9veil digital lisa DS-1\/RF, argent m\u00e9tallis\u00e9"},"content":{"rendered":"<table border=\"0\" cellpadding=\"0\" cellspacing=\"0\" style=\"width:96.0%;\" width=\"96%\">\n<tbody>\n<tr>\n<td>\n<div>\n\t\t\t\t<span style=\"color:#000000;\"><strong><span style=\"font-size:16px;\">R\u00e9veil digital lisa DS-1\/RF<\/span><\/strong><\/p>\n<p>\t\t\t\tLe r\u00e9veil digital\u00a0<strong><em>lisa<\/em><\/strong>\u00a0DS-1\/RF int\u00e8gre en plus toutes les fonctions d\u2019un radior\u00e9cepteur\u00a0<strong><em>lisa<\/em><\/strong>\u00a0<\/span>\n\t\t\t<\/div>\n<ul>\n<li>\n<div>\n\t\t\t\t\t<span style=\"color:#000000;\">Cadran largement dimensionn\u00e9 avec une hauteur de chiffres de 25,7 mm<\/span>\n\t\t\t\t<\/div>\n<\/li>\n<li>\n<div>\n\t\t\t\t\t<span style=\"color:#000000;\">Affichage automatique de la luminosit\u00e9 du cadran<\/span>\n\t\t\t\t<\/div>\n<\/li>\n<li>\n<div>\n\t\t\t\t\t<span style=\"color:#000000;\">2 horaires d\u2019alarme\/ de r\u00e9veil<\/span>\n\t\t\t\t<\/div>\n<\/li>\n<li>\n<div>\n\t\t\t\t\t<span style=\"color:#000000;\">Signal de r\u00e9veil acoustique tr\u00e8s puissant<\/span>\n\t\t\t\t<\/div>\n<\/li>\n<li>\n<div>\n\t\t\t\t\t<span style=\"color:#000000;\">Radior\u00e9cepteur\u00a0<strong><em>lisa<\/em><\/strong>\u00a0int\u00e9gr\u00e9, affichage de la source de signaux par des LEDs de diff\u00e9rentes couleurs, signalisation par bip sonore ou par le module g\u00e9n\u00e9rateur de signaux raccord\u00e9<\/span>\n\t\t\t\t<\/div>\n<\/li>\n<li>\n<div>\n\t\t\t\t\t<span style=\"color:#000000;\">Tonalit\u00e9 et puissance du bip sonore r\u00e9glables en continu<\/span>\n\t\t\t\t<\/div>\n<\/li>\n<li>\n<div>\n\t\t\t\t\t<span style=\"color:#000000;\">Commutation 12 \/ 24 heures<\/span>\n\t\t\t\t<\/div>\n<\/li>\n<li>\n<div>\n\t\t\t\t\t<span style=\"color:#000000;\">S\u00e9curit\u00e9 en cas de coupure de courant<\/span>\n\t\t\t\t<\/div>\n<\/li>\n<li>\n<div>\n\t\t\t\t\t<span style=\"color:#000000;\"><strong>Modules compl\u00e9mentaires g\u00e9n\u00e9rateurs de signaux :\u00a0<\/strong><br \/>\n\t\t\t\t\tModule\u00a0flash\u00a0MF-1, module\u00a0de\u00a0commutation\u00a0MS-1, module\u00a0acoustique\u00a0MA-1\u00a0etcoussin\u00a0vibrant<br \/>\n\t\t\t\t\t(voir les accessoires)<\/span>\n\t\t\t\t<\/div>\n<\/li>\n<\/ul>\n<\/td>\n<\/tr>\n<\/tbody>\n<\/table>\n<div>\n\t<span style=\"color:#000000;\">\u00a0<\/span>\n<\/div>\n<table border=\"0\" cellpadding=\"0\" style=\"width:96.0%;\" width=\"96%\">\n<tbody>\n<tr>\n<td colspan=\"2\">\n<div>\n\t\t\t\t<span style=\"color:#000000;\"><strong>Caract\u00e9ristiques techniques :<\/strong><\/span>\n\t\t\t<\/div>\n<\/td>\n<\/tr>\n<tr>\n<td style=\"width: 324px;\">\n<div>\n\t\t\t\t<span style=\"color:#000000;\"><img decoding=\"async\" alt=\"http:\/\/www.humantechnik.com\/daten\/1pixel.gif\" height=\"2\" src=\"file:\/\/\/C:\/Users\/KATIA~1.FUE\/AppData\/Local\/Temp\/msohtmlclip1\/01\/clip_image002.png\" width=\"2\" \/><\/span>\n\t\t\t<\/div>\n<\/td>\n<td style=\"width: 830px;\">\n<div>\n\t\t\t\t<span style=\"color:#000000;\"><img decoding=\"async\" alt=\"http:\/\/www.humantechnik.com\/daten\/1pixel.gif\" height=\"2\" src=\"file:\/\/\/C:\/Users\/KATIA~1.FUE\/AppData\/Local\/Temp\/msohtmlclip1\/01\/clip_image002.png\" width=\"2\" \/><\/span>\n\t\t\t<\/div>\n<\/td>\n<\/tr>\n<tr>\n<td style=\"width: 324px;\">\n<div>\n\t\t\t\t<span style=\"color:#000000;\">Dimensions (haut. x larg. x prof.) :<\/span>\n\t\t\t<\/div>\n<\/td>\n<td style=\"width: 830px;\">\n<div>\n\t\t\t\t<span style=\"color:#000000;\">65x152x134 mm<\/span>\n\t\t\t<\/div>\n<\/td>\n<\/tr>\n<tr>\n<td style=\"width: 324px;\">\n<div>\n\t\t\t\t<span style=\"color:#000000;\">Poids :<\/span>\n\t\t\t<\/div>\n<\/td>\n<td style=\"width: 830px;\">\n<div>\n\t\t\t\t<span style=\"color:#000000;\">380 g<\/span>\n\t\t\t<\/div>\n<\/td>\n<\/tr>\n<tr>\n<td style=\"width: 324px;\">\n<div>\n\t\t\t\t<span style=\"color:#000000;\">Alimentation \u00e9lectrique :<\/span>\n\t\t\t<\/div>\n<\/td>\n<td style=\"width: 830px;\">\n<div>\n\t\t\t\t<span style=\"color:#000000;\">Bloc-secteur 9V \/ 1A<\/span>\n\t\t\t<\/div>\n<\/td>\n<\/tr>\n<tr>\n<td style=\"width: 324px;\">\n<div>\n\t\t\t\t<span style=\"color:#000000;\">C\u00e2ble de raccordement du bloc-secteur :<\/span>\n\t\t\t<\/div>\n<\/td>\n<td style=\"width: 830px;\">\n<div>\n\t\t\t\t<span style=\"color:#000000;\">2 m<\/span>\n\t\t\t<\/div>\n<\/td>\n<\/tr>\n<tr>\n<td style=\"width: 324px;\">\n<div>\n\t\t\t\t<span style=\"color:#000000;\">S\u00e9curit\u00e9 en cas de coupure de courant :<\/span>\n\t\t\t<\/div>\n<\/td>\n<td style=\"width: 830px;\">\n<div>\n\t\t\t\t<span style=\"color:#000000;\">Batterie monobloc 9V\u00a0<br \/>\n\t\t\t\t(non inclus dans la livraison)<\/span>\n\t\t\t<\/div>\n<\/td>\n<\/tr>\n<\/tbody>\n<\/table>\n","protected":false},"excerpt":{"rendered":"<p>\tLe r\u00e9veil digital\u00a0lisa\u00a0DS-1\/RF int\u00e8gre en plus toutes les fonctions d\u2019un radior\u00e9cepteur\u00a0lisa\u00a0<\/p>\n","protected":false},"featured_media":2087,"template":"","meta":{"inline_featured_image":false,"_uag_custom_page_level_css":"","site-sidebar-layout":"default","site-content-layout":"","ast-site-content-layout":"default","site-content-style":"default","site-sidebar-style":"default","ast-global-header-display":"","ast-banner-title-visibility":"","ast-main-header-display":"","ast-hfb-above-header-display":"","ast-hfb-below-header-display":"","ast-hfb-mobile-header-display":"","site-post-title":"","ast-breadcrumbs-content":"","ast-featured-img":"","footer-sml-layout":"","ast-disable-related-posts":"","theme-transparent-header-meta":"","adv-header-id-meta":"","stick-header-meta":"","header-above-stick-meta":"","header-main-stick-meta":"","header-below-stick-meta":"","astra-migrate-meta-layouts":"default","ast-page-background-enabled":"default","ast-page-background-meta":{"desktop":{"background-color":"","background-image":"","background-repeat":"repeat","background-position":"center center","background-size":"auto","background-attachment":"scroll","background-type":"","background-media":"","overlay-type":"","overlay-color":"","overlay-opacity":"","overlay-gradient":""},"tablet":{"background-color":"","background-image":"","background-repeat":"repeat","background-position":"center center","background-size":"auto","background-attachment":"scroll","background-type":"","background-media":"","overlay-type":"","overlay-color":"","overlay-opacity":"","overlay-gradient":""},"mobile":{"background-color":"","background-image":"","background-repeat":"repeat","background-position":"center center","background-size":"auto","background-attachment":"scroll","background-type":"","background-media":"","overlay-type":"","overlay-color":"","overlay-opacity":"","overlay-gradient":""}},"ast-content-background-meta":{"desktop":{"background-color":"var(--ast-global-color-5)","background-image":"","background-repeat":"repeat","background-position":"center center","background-size":"auto","background-attachment":"scroll","background-type":"","background-media":"","overlay-type":"","overlay-color":"","overlay-opacity":"","overlay-gradient":""},"tablet":{"background-color":"var(--ast-global-color-5)","background-image":"","background-repeat":"repeat","background-position":"center center","background-size":"auto","background-attachment":"scroll","background-type":"","background-media":"","overlay-type":"","overlay-color":"","overlay-opacity":"","overlay-gradient":""},"mobile":{"background-color":"var(--ast-global-color-5)","background-image":"","background-repeat":"repeat","background-position":"center center","background-size":"auto","background-attachment":"scroll","background-type":"","background-media":"","overlay-type":"","overlay-color":"","overlay-opacity":"","overlay-gradient":""}}},"product_brand":[],"product_cat":[1776],"product_tag":[],"class_list":{"0":"post-3078","1":"product","2":"type-product","3":"status-publish","4":"has-post-thumbnail","6":"product_cat-unkategorisiert","7":"desktop-align-center","8":"tablet-align-center","9":"mobile-align-center","10":"ast-product-gallery-layout-horizontal-slider","11":"ast-product-tabs-layout-accordion","13":"first","14":"outofstock","15":"taxable","16":"shipping-taxable","17":"purchasable","18":"product-type-simple"},"yoast_head":"<!-- This site is optimized with the Yoast SEO plugin v27.5 - https:\/\/yoast.com\/product\/yoast-seo-wordpress\/ -->\n<title>R\u00e9veil digital lisa DS-1\/RF, argent m\u00e9tallis\u00e9 im Onlineshop | Gleichcom AG<\/title>\n<meta name=\"description\" content=\"\u2705 Le r\u00e9veil digital\u00a0lisa\u00a0DS-1\/RF int\u00e8gre en plus toutes les fonctions d\u2019un radior\u00e9cepteur\u00a0lisa\u00a0\" \/>\n<meta name=\"robots\" content=\"noindex, follow, max-snippet:-1, max-image-preview:large, max-video-preview:-1\" \/>\n<meta property=\"og:locale\" content=\"fr_FR\" \/>\n<meta property=\"og:type\" content=\"article\" \/>\n<meta property=\"og:title\" content=\"R\u00e9veil digital lisa DS-1\/RF, argent m\u00e9tallis\u00e9 im Onlineshop | Gleichcom AG\" \/>\n<meta property=\"og:description\" content=\"\u2705 Le r\u00e9veil digital\u00a0lisa\u00a0DS-1\/RF int\u00e8gre en plus toutes les fonctions d\u2019un radior\u00e9cepteur\u00a0lisa\u00a0\" \/>\n<meta property=\"og:url\" content=\"https:\/\/www.gleichcom.samuraidev.ch\/fr\/shop\/digitalwecker-ds-1-silber-metallic\/\" \/>\n<meta property=\"og:site_name\" content=\"Gleichcom AG\" \/>\n<meta property=\"article:publisher\" content=\"https:\/\/www.facebook.com\/profile.php?id=100068749126981\" \/>\n<meta property=\"og:image\" content=\"https:\/\/www.gleichcom.samuraidev.ch\/wp-content\/uploads\/2023\/09\/a32500.jpg\" \/>\n\t<meta property=\"og:image:width\" content=\"500\" \/>\n\t<meta property=\"og:image:height\" content=\"500\" \/>\n\t<meta property=\"og:image:type\" content=\"image\/jpeg\" \/>\n<meta name=\"twitter:card\" content=\"summary_large_image\" \/>\n<script type=\"application\/ld+json\" class=\"yoast-schema-graph\">{\"@context\":\"https:\\\/\\\/schema.org\",\"@graph\":[{\"@type\":\"WebPage\",\"@id\":\"https:\\\/\\\/www.gleichcom.samuraidev.ch\\\/fr\\\/shop\\\/digitalwecker-ds-1-silber-metallic\\\/\",\"url\":\"https:\\\/\\\/www.gleichcom.samuraidev.ch\\\/fr\\\/shop\\\/digitalwecker-ds-1-silber-metallic\\\/\",\"name\":\"R\u00e9veil digital lisa DS-1\\\/RF, argent m\u00e9tallis\u00e9 im Onlineshop | Gleichcom AG\",\"isPartOf\":{\"@id\":\"https:\\\/\\\/www.gleichcom.samuraidev.ch\\\/fr\\\/#website\"},\"primaryImageOfPage\":{\"@id\":\"https:\\\/\\\/www.gleichcom.samuraidev.ch\\\/fr\\\/shop\\\/digitalwecker-ds-1-silber-metallic\\\/#primaryimage\"},\"image\":{\"@id\":\"https:\\\/\\\/www.gleichcom.samuraidev.ch\\\/fr\\\/shop\\\/digitalwecker-ds-1-silber-metallic\\\/#primaryimage\"},\"thumbnailUrl\":\"https:\\\/\\\/www.gleichcom.samuraidev.ch\\\/wp-content\\\/uploads\\\/2023\\\/09\\\/a32500.jpg\",\"datePublished\":\"2012-03-13T12:51:57+00:00\",\"description\":\"\u2705 Le r\u00e9veil digital\u00a0lisa\u00a0DS-1\\\/RF int\u00e8gre en plus toutes les fonctions d\u2019un radior\u00e9cepteur\u00a0lisa\u00a0\",\"breadcrumb\":{\"@id\":\"https:\\\/\\\/www.gleichcom.samuraidev.ch\\\/fr\\\/shop\\\/digitalwecker-ds-1-silber-metallic\\\/#breadcrumb\"},\"inLanguage\":\"fr-FR\",\"potentialAction\":[{\"@type\":\"ReadAction\",\"target\":[\"https:\\\/\\\/www.gleichcom.samuraidev.ch\\\/fr\\\/shop\\\/digitalwecker-ds-1-silber-metallic\\\/\"]}]},{\"@type\":\"ImageObject\",\"inLanguage\":\"fr-FR\",\"@id\":\"https:\\\/\\\/www.gleichcom.samuraidev.ch\\\/fr\\\/shop\\\/digitalwecker-ds-1-silber-metallic\\\/#primaryimage\",\"url\":\"https:\\\/\\\/www.gleichcom.samuraidev.ch\\\/wp-content\\\/uploads\\\/2023\\\/09\\\/a32500.jpg\",\"contentUrl\":\"https:\\\/\\\/www.gleichcom.samuraidev.ch\\\/wp-content\\\/uploads\\\/2023\\\/09\\\/a32500.jpg\",\"width\":500,\"height\":500},{\"@type\":\"BreadcrumbList\",\"@id\":\"https:\\\/\\\/www.gleichcom.samuraidev.ch\\\/fr\\\/shop\\\/digitalwecker-ds-1-silber-metallic\\\/#breadcrumb\",\"itemListElement\":[{\"@type\":\"ListItem\",\"position\":1,\"name\":\"Startseite\",\"item\":\"https:\\\/\\\/www.gleichcom.samuraidev.ch\\\/fr\\\/\"},{\"@type\":\"ListItem\",\"position\":2,\"name\":\"Shop\",\"item\":\"https:\\\/\\\/www.gleichcom.samuraidev.ch\\\/fr\\\/shop\\\/\"},{\"@type\":\"ListItem\",\"position\":3,\"name\":\"R\u00e9veil digital lisa DS-1\\\/RF, argent m\u00e9tallis\u00e9\"}]},{\"@type\":\"WebSite\",\"@id\":\"https:\\\/\\\/www.gleichcom.samuraidev.ch\\\/fr\\\/#website\",\"url\":\"https:\\\/\\\/www.gleichcom.samuraidev.ch\\\/fr\\\/\",\"name\":\"Gleichcom AG\",\"description\":\"besser h\u00f6ren. besser sehen. besser leben.\",\"publisher\":{\"@id\":\"https:\\\/\\\/www.gleichcom.samuraidev.ch\\\/fr\\\/#organization\"},\"alternateName\":\"Gleichcom\",\"potentialAction\":[{\"@type\":\"SearchAction\",\"target\":{\"@type\":\"EntryPoint\",\"urlTemplate\":\"https:\\\/\\\/www.gleichcom.samuraidev.ch\\\/fr\\\/?s={search_term_string}\"},\"query-input\":{\"@type\":\"PropertyValueSpecification\",\"valueRequired\":true,\"valueName\":\"search_term_string\"}}],\"inLanguage\":\"fr-FR\"},{\"@type\":\"Organization\",\"@id\":\"https:\\\/\\\/www.gleichcom.samuraidev.ch\\\/fr\\\/#organization\",\"name\":\"Gleichcom AG\",\"alternateName\":\"Gleichcom\",\"url\":\"https:\\\/\\\/www.gleichcom.samuraidev.ch\\\/fr\\\/\",\"logo\":{\"@type\":\"ImageObject\",\"inLanguage\":\"fr-FR\",\"@id\":\"https:\\\/\\\/www.gleichcom.samuraidev.ch\\\/fr\\\/#\\\/schema\\\/logo\\\/image\\\/\",\"url\":\"https:\\\/\\\/www.gleichcom.samuraidev.ch\\\/wp-content\\\/uploads\\\/2023\\\/09\\\/gleichcom-ag-logo-quadrat-farbig-mitte@696.png\",\"contentUrl\":\"https:\\\/\\\/www.gleichcom.samuraidev.ch\\\/wp-content\\\/uploads\\\/2023\\\/09\\\/gleichcom-ag-logo-quadrat-farbig-mitte@696.png\",\"width\":437,\"height\":437,\"caption\":\"Gleichcom AG\"},\"image\":{\"@id\":\"https:\\\/\\\/www.gleichcom.samuraidev.ch\\\/fr\\\/#\\\/schema\\\/logo\\\/image\\\/\"},\"sameAs\":[\"https:\\\/\\\/www.facebook.com\\\/profile.php?id=100068749126981\"]}]}<\/script>\n<!-- \/ Yoast SEO plugin. -->","yoast_head_json":{"title":"R\u00e9veil digital lisa DS-1\/RF, argent m\u00e9tallis\u00e9 im Onlineshop | Gleichcom AG","description":"\u2705 Le r\u00e9veil digital\u00a0lisa\u00a0DS-1\/RF int\u00e8gre en plus toutes les fonctions d\u2019un radior\u00e9cepteur\u00a0lisa\u00a0","robots":{"index":"noindex","follow":"follow","max-snippet":"max-snippet:-1","max-image-preview":"max-image-preview:large","max-video-preview":"max-video-preview:-1"},"og_locale":"fr_FR","og_type":"article","og_title":"R\u00e9veil digital lisa DS-1\/RF, argent m\u00e9tallis\u00e9 im Onlineshop | Gleichcom AG","og_description":"\u2705 Le r\u00e9veil digital\u00a0lisa\u00a0DS-1\/RF int\u00e8gre en plus toutes les fonctions d\u2019un radior\u00e9cepteur\u00a0lisa\u00a0","og_url":"https:\/\/www.gleichcom.samuraidev.ch\/fr\/shop\/digitalwecker-ds-1-silber-metallic\/","og_site_name":"Gleichcom AG","article_publisher":"https:\/\/www.facebook.com\/profile.php?id=100068749126981","og_image":[{"width":500,"height":500,"url":"https:\/\/www.gleichcom.samuraidev.ch\/wp-content\/uploads\/2023\/09\/a32500.jpg","type":"image\/jpeg"}],"twitter_card":"summary_large_image","schema":{"@context":"https:\/\/schema.org","@graph":[{"@type":"WebPage","@id":"https:\/\/www.gleichcom.samuraidev.ch\/fr\/shop\/digitalwecker-ds-1-silber-metallic\/","url":"https:\/\/www.gleichcom.samuraidev.ch\/fr\/shop\/digitalwecker-ds-1-silber-metallic\/","name":"R\u00e9veil digital lisa DS-1\/RF, argent m\u00e9tallis\u00e9 im Onlineshop | Gleichcom AG","isPartOf":{"@id":"https:\/\/www.gleichcom.samuraidev.ch\/fr\/#website"},"primaryImageOfPage":{"@id":"https:\/\/www.gleichcom.samuraidev.ch\/fr\/shop\/digitalwecker-ds-1-silber-metallic\/#primaryimage"},"image":{"@id":"https:\/\/www.gleichcom.samuraidev.ch\/fr\/shop\/digitalwecker-ds-1-silber-metallic\/#primaryimage"},"thumbnailUrl":"https:\/\/www.gleichcom.samuraidev.ch\/wp-content\/uploads\/2023\/09\/a32500.jpg","datePublished":"2012-03-13T12:51:57+00:00","description":"\u2705 Le r\u00e9veil digital\u00a0lisa\u00a0DS-1\/RF int\u00e8gre en plus toutes les fonctions d\u2019un radior\u00e9cepteur\u00a0lisa\u00a0","breadcrumb":{"@id":"https:\/\/www.gleichcom.samuraidev.ch\/fr\/shop\/digitalwecker-ds-1-silber-metallic\/#breadcrumb"},"inLanguage":"fr-FR","potentialAction":[{"@type":"ReadAction","target":["https:\/\/www.gleichcom.samuraidev.ch\/fr\/shop\/digitalwecker-ds-1-silber-metallic\/"]}]},{"@type":"ImageObject","inLanguage":"fr-FR","@id":"https:\/\/www.gleichcom.samuraidev.ch\/fr\/shop\/digitalwecker-ds-1-silber-metallic\/#primaryimage","url":"https:\/\/www.gleichcom.samuraidev.ch\/wp-content\/uploads\/2023\/09\/a32500.jpg","contentUrl":"https:\/\/www.gleichcom.samuraidev.ch\/wp-content\/uploads\/2023\/09\/a32500.jpg","width":500,"height":500},{"@type":"BreadcrumbList","@id":"https:\/\/www.gleichcom.samuraidev.ch\/fr\/shop\/digitalwecker-ds-1-silber-metallic\/#breadcrumb","itemListElement":[{"@type":"ListItem","position":1,"name":"Startseite","item":"https:\/\/www.gleichcom.samuraidev.ch\/fr\/"},{"@type":"ListItem","position":2,"name":"Shop","item":"https:\/\/www.gleichcom.samuraidev.ch\/fr\/shop\/"},{"@type":"ListItem","position":3,"name":"R\u00e9veil digital lisa DS-1\/RF, argent m\u00e9tallis\u00e9"}]},{"@type":"WebSite","@id":"https:\/\/www.gleichcom.samuraidev.ch\/fr\/#website","url":"https:\/\/www.gleichcom.samuraidev.ch\/fr\/","name":"Gleichcom AG","description":"besser h\u00f6ren. besser sehen. besser leben.","publisher":{"@id":"https:\/\/www.gleichcom.samuraidev.ch\/fr\/#organization"},"alternateName":"Gleichcom","potentialAction":[{"@type":"SearchAction","target":{"@type":"EntryPoint","urlTemplate":"https:\/\/www.gleichcom.samuraidev.ch\/fr\/?s={search_term_string}"},"query-input":{"@type":"PropertyValueSpecification","valueRequired":true,"valueName":"search_term_string"}}],"inLanguage":"fr-FR"},{"@type":"Organization","@id":"https:\/\/www.gleichcom.samuraidev.ch\/fr\/#organization","name":"Gleichcom AG","alternateName":"Gleichcom","url":"https:\/\/www.gleichcom.samuraidev.ch\/fr\/","logo":{"@type":"ImageObject","inLanguage":"fr-FR","@id":"https:\/\/www.gleichcom.samuraidev.ch\/fr\/#\/schema\/logo\/image\/","url":"https:\/\/www.gleichcom.samuraidev.ch\/wp-content\/uploads\/2023\/09\/gleichcom-ag-logo-quadrat-farbig-mitte@696.png","contentUrl":"https:\/\/www.gleichcom.samuraidev.ch\/wp-content\/uploads\/2023\/09\/gleichcom-ag-logo-quadrat-farbig-mitte@696.png","width":437,"height":437,"caption":"Gleichcom AG"},"image":{"@id":"https:\/\/www.gleichcom.samuraidev.ch\/fr\/#\/schema\/logo\/image\/"},"sameAs":["https:\/\/www.facebook.com\/profile.php?id=100068749126981"]}]}},"uagb_featured_image_src":{"full":["https:\/\/www.gleichcom.samuraidev.ch\/wp-content\/uploads\/2023\/09\/a32500.jpg",500,500,false],"thumbnail":["https:\/\/www.gleichcom.samuraidev.ch\/wp-content\/uploads\/2023\/09\/a32500.jpg",150,150,false],"medium":["https:\/\/www.gleichcom.samuraidev.ch\/wp-content\/uploads\/2023\/09\/a32500.jpg",300,300,false],"medium_large":["https:\/\/www.gleichcom.samuraidev.ch\/wp-content\/uploads\/2023\/09\/a32500.jpg",500,500,false],"large":["https:\/\/www.gleichcom.samuraidev.ch\/wp-content\/uploads\/2023\/09\/a32500.jpg",500,500,false],"1536x1536":["https:\/\/www.gleichcom.samuraidev.ch\/wp-content\/uploads\/2023\/09\/a32500.jpg",500,500,false],"2048x2048":["https:\/\/www.gleichcom.samuraidev.ch\/wp-content\/uploads\/2023\/09\/a32500.jpg",500,500,false],"woocommerce_thumbnail":["https:\/\/www.gleichcom.samuraidev.ch\/wp-content\/uploads\/2023\/09\/a32500.jpg",300,300,false],"woocommerce_single":["https:\/\/www.gleichcom.samuraidev.ch\/wp-content\/uploads\/2023\/09\/a32500.jpg",500,500,false],"woocommerce_gallery_thumbnail":["https:\/\/www.gleichcom.samuraidev.ch\/wp-content\/uploads\/2023\/09\/a32500.jpg",100,100,false]},"uagb_author_info":{"display_name":"","author_link":"https:\/\/www.gleichcom.samuraidev.ch\/fr\/author\/"},"uagb_comment_info":0,"uagb_excerpt":"Le r\u00e9veil digital\u00a0lisa\u00a0DS-1\/RF int\u00e8gre en plus toutes les fonctions d\u2019un radior\u00e9cepteur\u00a0lisa\u00a0","_links":{"self":[{"href":"https:\/\/www.gleichcom.samuraidev.ch\/fr\/wp-json\/wp\/v2\/product\/3078","targetHints":{"allow":["GET"]}}],"collection":[{"href":"https:\/\/www.gleichcom.samuraidev.ch\/fr\/wp-json\/wp\/v2\/product"}],"about":[{"href":"https:\/\/www.gleichcom.samuraidev.ch\/fr\/wp-json\/wp\/v2\/types\/product"}],"wp:featuredmedia":[{"embeddable":true,"href":"https:\/\/www.gleichcom.samuraidev.ch\/fr\/wp-json\/wp\/v2\/media\/2087"}],"wp:attachment":[{"href":"https:\/\/www.gleichcom.samuraidev.ch\/fr\/wp-json\/wp\/v2\/media?parent=3078"}],"wp:term":[{"taxonomy":"product_brand","embeddable":true,"href":"https:\/\/www.gleichcom.samuraidev.ch\/fr\/wp-json\/wp\/v2\/product_brand?post=3078"},{"taxonomy":"product_cat","embeddable":true,"href":"https:\/\/www.gleichcom.samuraidev.ch\/fr\/wp-json\/wp\/v2\/product_cat?post=3078"},{"taxonomy":"product_tag","embeddable":true,"href":"https:\/\/www.gleichcom.samuraidev.ch\/fr\/wp-json\/wp\/v2\/product_tag?post=3078"}],"curies":[{"name":"wp","href":"https:\/\/api.w.org\/{rel}","templated":true}]}}