{"id":3111,"date":"2012-03-15T17:07:43","date_gmt":"2012-03-15T16:07:43","guid":{"rendered":"https:\/\/www.gleichcom.samuraidev.ch\/?product=funk-tuerklingelsender-akustisch-lisa"},"modified":"1000-01-01T00:00:00","modified_gmt":"1000-01-01T00:00:00","slug":"funk-tuerklingelsender-akustisch-lisa","status":"publish","type":"product","link":"https:\/\/www.gleichcom.samuraidev.ch\/fr\/shop\/funk-tuerklingelsender-akustisch-lisa\/","title":{"rendered":"\u00c9metteur acoustique de sonnette de porte radio LISA"},"content":{"rendered":"<p><span style=\"color:#000000;\"><strong><span style=\"font-size:16px;\">\u00c9metteur acoustique de sonnette de porte radio<\/span><\/strong><br \/>\n\u00a0<br \/>\n<strong>D\u00e9tecte la sonnerie de la sonnette de la porte<\/strong><br \/>\nL&rsquo;\u00e9metteur de sonnette radio lisa peut \u00eatre combin\u00e9 avec tous les r\u00e9cepteurs radio lisa. L&rsquo;\u00e9metteur de sonnette d\u00e9tecte la sonnerie de la sonnette et envoie ensuite un signal radio \u00e0 tous les r\u00e9cepteurs connect\u00e9s.<br \/>\n\u00a0<br \/>\n<strong>Option de raccordement<\/strong><br \/>\nTr\u00e8s rapide et facile \u00e0 connecter \u00e0 l&rsquo;aide d&rsquo;un microphone (connexion acoustique) reli\u00e9 \u00e0 l&rsquo;\u00e9metteur par c\u00e2ble. Collez simplement le petit microphone fourni directement sur la sonnette de votre sonnette et placez l&rsquo;\u00e9metteur \u00e0 c\u00f4t\u00e9 de celle-ci. D\u00e8s que la sonnette sonne, le microphone enregistre le son et le transmet \u00e0 l&rsquo;\u00e9metteur.<br \/>\n\u00a0<br \/>\n<strong>Comment cela fonctionne <\/strong><br \/>\nAvec le syst\u00e8me de signal radio lisa, vous pouvez \u00eatre inform\u00e9 de mani\u00e8re optimale sur la sonnerie de votre porte d&rsquo;entr\u00e9e sans avoir \u00e0 poser de c\u00e2bles. L&rsquo;\u00e9metteur de sonnette d\u00e9tecte automatiquement la sonnette et envoie un signal radio \u00e0 tous les r\u00e9cepteurs connect\u00e9s. Le signal de sonnette de porte peut \u00eatre indiqu\u00e9 sur n&rsquo;importe quel nombre de r\u00e9cepteurs radio lisa par des \u00e9clairs lumineux, un signal acoustique ou des vibrations.<br \/>\n\u00a0<br \/>\n<strong>En un coup d&rsquo;\u0153il <\/strong><\/span><\/p>\n<ul>\n<li><span style=\"color:#000000;\">Emetteur de sonnette pour syst\u00e8me de signal radio lisa<\/span><\/li>\n<li><span style=\"color:#000000;\">Peut \u00eatre utilis\u00e9 avec tous les r\u00e9cepteurs radio lisa<\/span><\/li>\n<li><span style=\"color:#000000;\">Installation tr\u00e8s simple<\/span><\/li>\n<li><span style=\"color:#000000;\">Fonctionne sur pile (pile 9 volts incluse)<\/span><\/li>\n<li><span style=\"color:#000000;\">Le signal de la sonnette est transmis pendant 22 secondes<\/span><\/li>\n<li><span style=\"color:#000000;\">Taille de l&rsquo;\u00e9metteur 14,7 cm x 5,0 cm x 4,0 cm<\/span><\/li>\n<li><span style=\"color:#000000;\">Port\u00e9e du signal radio env. 80 m\u00e8tres<\/span><\/li>\n<\/ul>\n<p><span style=\"color:#000000;\">\u00a0<br \/>\n<strong>Contenu de la livraison <\/strong><\/span><\/p>\n<ul>\n<li><span style=\"color:#000000;\">1 x \u00e9metteur de sonnette lisa sans fil<\/span><\/li>\n<li><span style=\"color:#000000;\">1 x 9 Volt bloc batterie<\/span><\/li>\n<li><span style=\"color:#000000;\">1 x 1 m\u00e8tre de c\u00e2ble microphone (avec \u00e9metteur acoustique)<\/span><\/li>\n<li><span style=\"color:#000000;\">1 x kit de montage pour montage mural<\/span><\/li>\n<li><span style=\"color:#000000;\">1 x Mode d&#8217;emploi d\u00e9taill\u00e9<\/span><\/li>\n<\/ul>\n<p>\u00a0<\/p>\n","protected":false},"excerpt":{"rendered":"<p>D\u00e9tecte la sonnerie de la sonnette et envoie un signal \u00e0 tous les r\u00e9cepteurs connect\u00e9s.<\/p>\n","protected":false},"featured_media":2183,"template":"","meta":{"inline_featured_image":false,"_uag_custom_page_level_css":"","site-sidebar-layout":"default","site-content-layout":"","ast-site-content-layout":"default","site-content-style":"default","site-sidebar-style":"default","ast-global-header-display":"","ast-banner-title-visibility":"","ast-main-header-display":"","ast-hfb-above-header-display":"","ast-hfb-below-header-display":"","ast-hfb-mobile-header-display":"","site-post-title":"","ast-breadcrumbs-content":"","ast-featured-img":"","footer-sml-layout":"","ast-disable-related-posts":"","theme-transparent-header-meta":"","adv-header-id-meta":"","stick-header-meta":"","header-above-stick-meta":"","header-main-stick-meta":"","header-below-stick-meta":"","astra-migrate-meta-layouts":"default","ast-page-background-enabled":"default","ast-page-background-meta":{"desktop":{"background-color":"","background-image":"","background-repeat":"repeat","background-position":"center center","background-size":"auto","background-attachment":"scroll","background-type":"","background-media":"","overlay-type":"","overlay-color":"","overlay-opacity":"","overlay-gradient":""},"tablet":{"background-color":"","background-image":"","background-repeat":"repeat","background-position":"center center","background-size":"auto","background-attachment":"scroll","background-type":"","background-media":"","overlay-type":"","overlay-color":"","overlay-opacity":"","overlay-gradient":""},"mobile":{"background-color":"","background-image":"","background-repeat":"repeat","background-position":"center center","background-size":"auto","background-attachment":"scroll","background-type":"","background-media":"","overlay-type":"","overlay-color":"","overlay-opacity":"","overlay-gradient":""}},"ast-content-background-meta":{"desktop":{"background-color":"var(--ast-global-color-5)","background-image":"","background-repeat":"repeat","background-position":"center center","background-size":"auto","background-attachment":"scroll","background-type":"","background-media":"","overlay-type":"","overlay-color":"","overlay-opacity":"","overlay-gradient":""},"tablet":{"background-color":"var(--ast-global-color-5)","background-image":"","background-repeat":"repeat","background-position":"center center","background-size":"auto","background-attachment":"scroll","background-type":"","background-media":"","overlay-type":"","overlay-color":"","overlay-opacity":"","overlay-gradient":""},"mobile":{"background-color":"var(--ast-global-color-5)","background-image":"","background-repeat":"repeat","background-position":"center center","background-size":"auto","background-attachment":"scroll","background-type":"","background-media":"","overlay-type":"","overlay-color":"","overlay-opacity":"","overlay-gradient":""}}},"product_brand":[],"product_cat":[2934],"product_tag":[],"class_list":{"0":"post-3111","1":"product","2":"type-product","3":"status-publish","4":"has-post-thumbnail","6":"product_cat-humantechnik-lisa-fr","7":"desktop-align-center","8":"tablet-align-center","9":"mobile-align-center","10":"ast-product-gallery-layout-horizontal-slider","11":"ast-product-tabs-layout-accordion","13":"first","14":"instock","15":"taxable","16":"shipping-taxable","17":"purchasable","18":"product-type-simple"},"yoast_head":"<!-- This site is optimized with the Yoast SEO plugin v27.5 - https:\/\/yoast.com\/product\/yoast-seo-wordpress\/ -->\n<title>\u00c9metteur acoustique de sonnette de porte radio LISA im Onlineshop | Gleichcom AG<\/title>\n<meta name=\"description\" content=\"\u2705 D\u00e9tecte la sonnerie de la sonnette et envoie un signal \u00e0 tous les r\u00e9cepteurs connect\u00e9s.\" \/>\n<meta name=\"robots\" content=\"noindex, follow, max-snippet:-1, max-image-preview:large, max-video-preview:-1\" \/>\n<meta property=\"og:locale\" content=\"fr_FR\" \/>\n<meta property=\"og:type\" content=\"article\" \/>\n<meta property=\"og:title\" content=\"\u00c9metteur acoustique de sonnette de porte radio LISA im Onlineshop | Gleichcom AG\" \/>\n<meta property=\"og:description\" content=\"\u2705 D\u00e9tecte la sonnerie de la sonnette et envoie un signal \u00e0 tous les r\u00e9cepteurs connect\u00e9s.\" \/>\n<meta property=\"og:url\" content=\"https:\/\/www.gleichcom.samuraidev.ch\/fr\/shop\/funk-tuerklingelsender-akustisch-lisa\/\" \/>\n<meta property=\"og:site_name\" content=\"Gleichcom AG\" \/>\n<meta property=\"article:publisher\" content=\"https:\/\/www.facebook.com\/profile.php?id=100068749126981\" \/>\n<meta property=\"og:image\" content=\"https:\/\/www.gleichcom.samuraidev.ch\/wp-content\/uploads\/2023\/09\/funktuer.jpg\" \/>\n\t<meta property=\"og:image:width\" content=\"129\" \/>\n\t<meta property=\"og:image:height\" content=\"500\" \/>\n\t<meta property=\"og:image:type\" content=\"image\/jpeg\" \/>\n<meta name=\"twitter:card\" content=\"summary_large_image\" \/>\n<script type=\"application\/ld+json\" class=\"yoast-schema-graph\">{\"@context\":\"https:\\\/\\\/schema.org\",\"@graph\":[{\"@type\":\"WebPage\",\"@id\":\"https:\\\/\\\/www.gleichcom.samuraidev.ch\\\/fr\\\/shop\\\/funk-tuerklingelsender-akustisch-lisa\\\/\",\"url\":\"https:\\\/\\\/www.gleichcom.samuraidev.ch\\\/fr\\\/shop\\\/funk-tuerklingelsender-akustisch-lisa\\\/\",\"name\":\"\u00c9metteur acoustique de sonnette de porte radio LISA im Onlineshop | Gleichcom AG\",\"isPartOf\":{\"@id\":\"https:\\\/\\\/www.gleichcom.samuraidev.ch\\\/fr\\\/#website\"},\"primaryImageOfPage\":{\"@id\":\"https:\\\/\\\/www.gleichcom.samuraidev.ch\\\/fr\\\/shop\\\/funk-tuerklingelsender-akustisch-lisa\\\/#primaryimage\"},\"image\":{\"@id\":\"https:\\\/\\\/www.gleichcom.samuraidev.ch\\\/fr\\\/shop\\\/funk-tuerklingelsender-akustisch-lisa\\\/#primaryimage\"},\"thumbnailUrl\":\"https:\\\/\\\/www.gleichcom.samuraidev.ch\\\/wp-content\\\/uploads\\\/2023\\\/09\\\/funktuer.jpg\",\"datePublished\":\"2012-03-15T16:07:43+00:00\",\"description\":\"\u2705 D\u00e9tecte la sonnerie de la sonnette et envoie un signal \u00e0 tous les r\u00e9cepteurs connect\u00e9s.\",\"breadcrumb\":{\"@id\":\"https:\\\/\\\/www.gleichcom.samuraidev.ch\\\/fr\\\/shop\\\/funk-tuerklingelsender-akustisch-lisa\\\/#breadcrumb\"},\"inLanguage\":\"fr-FR\",\"potentialAction\":[{\"@type\":\"ReadAction\",\"target\":[\"https:\\\/\\\/www.gleichcom.samuraidev.ch\\\/fr\\\/shop\\\/funk-tuerklingelsender-akustisch-lisa\\\/\"]}]},{\"@type\":\"ImageObject\",\"inLanguage\":\"fr-FR\",\"@id\":\"https:\\\/\\\/www.gleichcom.samuraidev.ch\\\/fr\\\/shop\\\/funk-tuerklingelsender-akustisch-lisa\\\/#primaryimage\",\"url\":\"https:\\\/\\\/www.gleichcom.samuraidev.ch\\\/wp-content\\\/uploads\\\/2023\\\/09\\\/funktuer.jpg\",\"contentUrl\":\"https:\\\/\\\/www.gleichcom.samuraidev.ch\\\/wp-content\\\/uploads\\\/2023\\\/09\\\/funktuer.jpg\",\"width\":129,\"height\":500},{\"@type\":\"BreadcrumbList\",\"@id\":\"https:\\\/\\\/www.gleichcom.samuraidev.ch\\\/fr\\\/shop\\\/funk-tuerklingelsender-akustisch-lisa\\\/#breadcrumb\",\"itemListElement\":[{\"@type\":\"ListItem\",\"position\":1,\"name\":\"Startseite\",\"item\":\"https:\\\/\\\/www.gleichcom.samuraidev.ch\\\/fr\\\/\"},{\"@type\":\"ListItem\",\"position\":2,\"name\":\"Shop\",\"item\":\"https:\\\/\\\/www.gleichcom.samuraidev.ch\\\/fr\\\/shop\\\/\"},{\"@type\":\"ListItem\",\"position\":3,\"name\":\"\u00c9metteur acoustique de sonnette de porte radio LISA\"}]},{\"@type\":\"WebSite\",\"@id\":\"https:\\\/\\\/www.gleichcom.samuraidev.ch\\\/fr\\\/#website\",\"url\":\"https:\\\/\\\/www.gleichcom.samuraidev.ch\\\/fr\\\/\",\"name\":\"Gleichcom AG\",\"description\":\"besser h\u00f6ren. besser sehen. besser leben.\",\"publisher\":{\"@id\":\"https:\\\/\\\/www.gleichcom.samuraidev.ch\\\/fr\\\/#organization\"},\"alternateName\":\"Gleichcom\",\"potentialAction\":[{\"@type\":\"SearchAction\",\"target\":{\"@type\":\"EntryPoint\",\"urlTemplate\":\"https:\\\/\\\/www.gleichcom.samuraidev.ch\\\/fr\\\/?s={search_term_string}\"},\"query-input\":{\"@type\":\"PropertyValueSpecification\",\"valueRequired\":true,\"valueName\":\"search_term_string\"}}],\"inLanguage\":\"fr-FR\"},{\"@type\":\"Organization\",\"@id\":\"https:\\\/\\\/www.gleichcom.samuraidev.ch\\\/fr\\\/#organization\",\"name\":\"Gleichcom AG\",\"alternateName\":\"Gleichcom\",\"url\":\"https:\\\/\\\/www.gleichcom.samuraidev.ch\\\/fr\\\/\",\"logo\":{\"@type\":\"ImageObject\",\"inLanguage\":\"fr-FR\",\"@id\":\"https:\\\/\\\/www.gleichcom.samuraidev.ch\\\/fr\\\/#\\\/schema\\\/logo\\\/image\\\/\",\"url\":\"https:\\\/\\\/www.gleichcom.samuraidev.ch\\\/wp-content\\\/uploads\\\/2023\\\/09\\\/gleichcom-ag-logo-quadrat-farbig-mitte@696.png\",\"contentUrl\":\"https:\\\/\\\/www.gleichcom.samuraidev.ch\\\/wp-content\\\/uploads\\\/2023\\\/09\\\/gleichcom-ag-logo-quadrat-farbig-mitte@696.png\",\"width\":437,\"height\":437,\"caption\":\"Gleichcom AG\"},\"image\":{\"@id\":\"https:\\\/\\\/www.gleichcom.samuraidev.ch\\\/fr\\\/#\\\/schema\\\/logo\\\/image\\\/\"},\"sameAs\":[\"https:\\\/\\\/www.facebook.com\\\/profile.php?id=100068749126981\"]}]}<\/script>\n<!-- \/ Yoast SEO plugin. -->","yoast_head_json":{"title":"\u00c9metteur acoustique de sonnette de porte radio LISA im Onlineshop | Gleichcom AG","description":"\u2705 D\u00e9tecte la sonnerie de la sonnette et envoie un signal \u00e0 tous les r\u00e9cepteurs connect\u00e9s.","robots":{"index":"noindex","follow":"follow","max-snippet":"max-snippet:-1","max-image-preview":"max-image-preview:large","max-video-preview":"max-video-preview:-1"},"og_locale":"fr_FR","og_type":"article","og_title":"\u00c9metteur acoustique de sonnette de porte radio LISA im Onlineshop | Gleichcom AG","og_description":"\u2705 D\u00e9tecte la sonnerie de la sonnette et envoie un signal \u00e0 tous les r\u00e9cepteurs connect\u00e9s.","og_url":"https:\/\/www.gleichcom.samuraidev.ch\/fr\/shop\/funk-tuerklingelsender-akustisch-lisa\/","og_site_name":"Gleichcom AG","article_publisher":"https:\/\/www.facebook.com\/profile.php?id=100068749126981","og_image":[{"width":129,"height":500,"url":"https:\/\/www.gleichcom.samuraidev.ch\/wp-content\/uploads\/2023\/09\/funktuer.jpg","type":"image\/jpeg"}],"twitter_card":"summary_large_image","schema":{"@context":"https:\/\/schema.org","@graph":[{"@type":"WebPage","@id":"https:\/\/www.gleichcom.samuraidev.ch\/fr\/shop\/funk-tuerklingelsender-akustisch-lisa\/","url":"https:\/\/www.gleichcom.samuraidev.ch\/fr\/shop\/funk-tuerklingelsender-akustisch-lisa\/","name":"\u00c9metteur acoustique de sonnette de porte radio LISA im Onlineshop | Gleichcom AG","isPartOf":{"@id":"https:\/\/www.gleichcom.samuraidev.ch\/fr\/#website"},"primaryImageOfPage":{"@id":"https:\/\/www.gleichcom.samuraidev.ch\/fr\/shop\/funk-tuerklingelsender-akustisch-lisa\/#primaryimage"},"image":{"@id":"https:\/\/www.gleichcom.samuraidev.ch\/fr\/shop\/funk-tuerklingelsender-akustisch-lisa\/#primaryimage"},"thumbnailUrl":"https:\/\/www.gleichcom.samuraidev.ch\/wp-content\/uploads\/2023\/09\/funktuer.jpg","datePublished":"2012-03-15T16:07:43+00:00","description":"\u2705 D\u00e9tecte la sonnerie de la sonnette et envoie un signal \u00e0 tous les r\u00e9cepteurs connect\u00e9s.","breadcrumb":{"@id":"https:\/\/www.gleichcom.samuraidev.ch\/fr\/shop\/funk-tuerklingelsender-akustisch-lisa\/#breadcrumb"},"inLanguage":"fr-FR","potentialAction":[{"@type":"ReadAction","target":["https:\/\/www.gleichcom.samuraidev.ch\/fr\/shop\/funk-tuerklingelsender-akustisch-lisa\/"]}]},{"@type":"ImageObject","inLanguage":"fr-FR","@id":"https:\/\/www.gleichcom.samuraidev.ch\/fr\/shop\/funk-tuerklingelsender-akustisch-lisa\/#primaryimage","url":"https:\/\/www.gleichcom.samuraidev.ch\/wp-content\/uploads\/2023\/09\/funktuer.jpg","contentUrl":"https:\/\/www.gleichcom.samuraidev.ch\/wp-content\/uploads\/2023\/09\/funktuer.jpg","width":129,"height":500},{"@type":"BreadcrumbList","@id":"https:\/\/www.gleichcom.samuraidev.ch\/fr\/shop\/funk-tuerklingelsender-akustisch-lisa\/#breadcrumb","itemListElement":[{"@type":"ListItem","position":1,"name":"Startseite","item":"https:\/\/www.gleichcom.samuraidev.ch\/fr\/"},{"@type":"ListItem","position":2,"name":"Shop","item":"https:\/\/www.gleichcom.samuraidev.ch\/fr\/shop\/"},{"@type":"ListItem","position":3,"name":"\u00c9metteur acoustique de sonnette de porte radio LISA"}]},{"@type":"WebSite","@id":"https:\/\/www.gleichcom.samuraidev.ch\/fr\/#website","url":"https:\/\/www.gleichcom.samuraidev.ch\/fr\/","name":"Gleichcom AG","description":"besser h\u00f6ren. besser sehen. besser leben.","publisher":{"@id":"https:\/\/www.gleichcom.samuraidev.ch\/fr\/#organization"},"alternateName":"Gleichcom","potentialAction":[{"@type":"SearchAction","target":{"@type":"EntryPoint","urlTemplate":"https:\/\/www.gleichcom.samuraidev.ch\/fr\/?s={search_term_string}"},"query-input":{"@type":"PropertyValueSpecification","valueRequired":true,"valueName":"search_term_string"}}],"inLanguage":"fr-FR"},{"@type":"Organization","@id":"https:\/\/www.gleichcom.samuraidev.ch\/fr\/#organization","name":"Gleichcom AG","alternateName":"Gleichcom","url":"https:\/\/www.gleichcom.samuraidev.ch\/fr\/","logo":{"@type":"ImageObject","inLanguage":"fr-FR","@id":"https:\/\/www.gleichcom.samuraidev.ch\/fr\/#\/schema\/logo\/image\/","url":"https:\/\/www.gleichcom.samuraidev.ch\/wp-content\/uploads\/2023\/09\/gleichcom-ag-logo-quadrat-farbig-mitte@696.png","contentUrl":"https:\/\/www.gleichcom.samuraidev.ch\/wp-content\/uploads\/2023\/09\/gleichcom-ag-logo-quadrat-farbig-mitte@696.png","width":437,"height":437,"caption":"Gleichcom AG"},"image":{"@id":"https:\/\/www.gleichcom.samuraidev.ch\/fr\/#\/schema\/logo\/image\/"},"sameAs":["https:\/\/www.facebook.com\/profile.php?id=100068749126981"]}]}},"uagb_featured_image_src":{"full":["https:\/\/www.gleichcom.samuraidev.ch\/wp-content\/uploads\/2023\/09\/funktuer.jpg",129,500,false],"thumbnail":["https:\/\/www.gleichcom.samuraidev.ch\/wp-content\/uploads\/2023\/09\/funktuer.jpg",39,150,false],"medium":["https:\/\/www.gleichcom.samuraidev.ch\/wp-content\/uploads\/2023\/09\/funktuer.jpg",77,300,false],"medium_large":["https:\/\/www.gleichcom.samuraidev.ch\/wp-content\/uploads\/2023\/09\/funktuer.jpg",129,500,false],"large":["https:\/\/www.gleichcom.samuraidev.ch\/wp-content\/uploads\/2023\/09\/funktuer.jpg",129,500,false],"1536x1536":["https:\/\/www.gleichcom.samuraidev.ch\/wp-content\/uploads\/2023\/09\/funktuer.jpg",129,500,false],"2048x2048":["https:\/\/www.gleichcom.samuraidev.ch\/wp-content\/uploads\/2023\/09\/funktuer.jpg",129,500,false],"woocommerce_thumbnail":["https:\/\/www.gleichcom.samuraidev.ch\/wp-content\/uploads\/2023\/09\/funktuer.jpg",129,500,false],"woocommerce_single":["https:\/\/www.gleichcom.samuraidev.ch\/wp-content\/uploads\/2023\/09\/funktuer.jpg",129,500,false],"woocommerce_gallery_thumbnail":["https:\/\/www.gleichcom.samuraidev.ch\/wp-content\/uploads\/2023\/09\/funktuer-100x100.jpg",100,100,true]},"uagb_author_info":{"display_name":"","author_link":"https:\/\/www.gleichcom.samuraidev.ch\/fr\/author\/"},"uagb_comment_info":0,"uagb_excerpt":"D\u00e9tecte la sonnerie de la sonnette et envoie un signal \u00e0 tous les r\u00e9cepteurs connect\u00e9s.","_links":{"self":[{"href":"https:\/\/www.gleichcom.samuraidev.ch\/fr\/wp-json\/wp\/v2\/product\/3111","targetHints":{"allow":["GET"]}}],"collection":[{"href":"https:\/\/www.gleichcom.samuraidev.ch\/fr\/wp-json\/wp\/v2\/product"}],"about":[{"href":"https:\/\/www.gleichcom.samuraidev.ch\/fr\/wp-json\/wp\/v2\/types\/product"}],"wp:featuredmedia":[{"embeddable":true,"href":"https:\/\/www.gleichcom.samuraidev.ch\/fr\/wp-json\/wp\/v2\/media\/2183"}],"wp:attachment":[{"href":"https:\/\/www.gleichcom.samuraidev.ch\/fr\/wp-json\/wp\/v2\/media?parent=3111"}],"wp:term":[{"taxonomy":"product_brand","embeddable":true,"href":"https:\/\/www.gleichcom.samuraidev.ch\/fr\/wp-json\/wp\/v2\/product_brand?post=3111"},{"taxonomy":"product_cat","embeddable":true,"href":"https:\/\/www.gleichcom.samuraidev.ch\/fr\/wp-json\/wp\/v2\/product_cat?post=3111"},{"taxonomy":"product_tag","embeddable":true,"href":"https:\/\/www.gleichcom.samuraidev.ch\/fr\/wp-json\/wp\/v2\/product_tag?post=3111"}],"curies":[{"name":"wp","href":"https:\/\/api.w.org\/{rel}","templated":true}]}}