{"id":3273,"date":"2014-02-04T07:47:09","date_gmt":"2014-02-04T06:47:09","guid":{"rendered":"https:\/\/www.gleichcom.samuraidev.ch\/?product=zusaetzliches-dect-mobilteil-fuer-scalla-3-combo-mit-ladestation"},"modified":"1000-01-01T00:00:00","modified_gmt":"1000-01-01T00:00:00","slug":"zusaetzliches-dect-mobilteil-fuer-scalla-3-combo-mit-ladestation","status":"publish","type":"product","link":"https:\/\/www.gleichcom.samuraidev.ch\/fr\/shop\/zusaetzliches-dect-mobilteil-fuer-scalla-3-combo-mit-ladestation\/","title":{"rendered":"Combin\u00e9 DECT suppl\u00e9mentaire pour Scalla 3 Combo avec station de charge"},"content":{"rendered":"<p><span style=\"color:#000000;\"><span style=\"font-size:16px;\"><strong>Combin\u00e9 DECT suppl\u00e9mentaire pour Scalla 3 Combo avec station de charge<\/strong><\/span><br \/>\n\u00a0<br \/>\nR\u00e9cepteur auxiliaire compatible avec les aides auditives avec amplification de + 30 dB et bobine d&rsquo;induction int\u00e9gr\u00e9e. Un bouton SOS se trouve \u00e0 l&rsquo;arri\u00e8re, tout comme sur le r\u00e9cepteur de la station de base.<br \/>\n\u00a0<br \/>\n<strong>En un coup d&rsquo;\u0153il<\/strong><\/span><\/p>\n<ul>\n<li><span style=\"color:#000000;\">Combin\u00e9 suppl\u00e9mentaire pour le Scalla 3 Combo<\/span><\/li>\n<li><span style=\"color:#000000;\">Bouton SOS inclus<\/span><\/li>\n<li><span style=\"color:#000000;\">Proth\u00e8se auditive compatible avec un gain de + 30 dB<\/span><\/li>\n<li><span style=\"color:#000000;\">Avec bobine d&rsquo;induction int\u00e9gr\u00e9e<\/span><\/li>\n<li><span style=\"color:#000000;\">Peut \u00eatre utilis\u00e9 avec jusqu&rsquo;\u00e0 cinq stations d&rsquo;extension<\/span><\/li>\n<\/ul>\n<p><span style=\"color:#000000;\">\u00a0<br \/>\n<strong>Contenu de la livraison<\/strong><\/span><\/p>\n<ul>\n<li><span style=\"color:#000000;\">1 x combin\u00e9 suppl\u00e9mentaire<\/span><\/li>\n<li><span style=\"color:#000000;\">1 x socle de chargement<\/span><\/li>\n<li><span style=\"color:#000000;\">3 x piles NiMH, taille AAA, 1,2V, 600 mAh<\/span><\/li>\n<li><span style=\"color:#000000;\">1 x manuel d&rsquo;instructions<\/span><\/li>\n<\/ul>\n","protected":false},"excerpt":{"rendered":"<p>\t\tR\u00e9cepteur auxiliaire compatible avec les appareils auditifs pour le Scalla 3 Combo.<br \/>\n\t\tAvec gain de + 30 dB, bobine d&rsquo;induction int\u00e9gr\u00e9e et bouton SOS.<\/p>\n","protected":false},"featured_media":2681,"template":"","meta":{"inline_featured_image":false,"_uag_custom_page_level_css":"","site-sidebar-layout":"default","site-content-layout":"","ast-site-content-layout":"default","site-content-style":"default","site-sidebar-style":"default","ast-global-header-display":"","ast-banner-title-visibility":"","ast-main-header-display":"","ast-hfb-above-header-display":"","ast-hfb-below-header-display":"","ast-hfb-mobile-header-display":"","site-post-title":"","ast-breadcrumbs-content":"","ast-featured-img":"","footer-sml-layout":"","ast-disable-related-posts":"","theme-transparent-header-meta":"","adv-header-id-meta":"","stick-header-meta":"","header-above-stick-meta":"","header-main-stick-meta":"","header-below-stick-meta":"","astra-migrate-meta-layouts":"default","ast-page-background-enabled":"default","ast-page-background-meta":{"desktop":{"background-color":"","background-image":"","background-repeat":"repeat","background-position":"center center","background-size":"auto","background-attachment":"scroll","background-type":"","background-media":"","overlay-type":"","overlay-color":"","overlay-opacity":"","overlay-gradient":""},"tablet":{"background-color":"","background-image":"","background-repeat":"repeat","background-position":"center center","background-size":"auto","background-attachment":"scroll","background-type":"","background-media":"","overlay-type":"","overlay-color":"","overlay-opacity":"","overlay-gradient":""},"mobile":{"background-color":"","background-image":"","background-repeat":"repeat","background-position":"center center","background-size":"auto","background-attachment":"scroll","background-type":"","background-media":"","overlay-type":"","overlay-color":"","overlay-opacity":"","overlay-gradient":""}},"ast-content-background-meta":{"desktop":{"background-color":"var(--ast-global-color-5)","background-image":"","background-repeat":"repeat","background-position":"center center","background-size":"auto","background-attachment":"scroll","background-type":"","background-media":"","overlay-type":"","overlay-color":"","overlay-opacity":"","overlay-gradient":""},"tablet":{"background-color":"var(--ast-global-color-5)","background-image":"","background-repeat":"repeat","background-position":"center center","background-size":"auto","background-attachment":"scroll","background-type":"","background-media":"","overlay-type":"","overlay-color":"","overlay-opacity":"","overlay-gradient":""},"mobile":{"background-color":"var(--ast-global-color-5)","background-image":"","background-repeat":"repeat","background-position":"center center","background-size":"auto","background-attachment":"scroll","background-type":"","background-media":"","overlay-type":"","overlay-color":"","overlay-opacity":"","overlay-gradient":""}}},"product_brand":[],"product_cat":[2969,2970],"product_tag":[],"class_list":{"0":"post-3273","1":"product","2":"type-product","3":"status-publish","4":"has-post-thumbnail","6":"product_cat-telephone-pour-seniors-fr","7":"product_cat-telephone-pour-appareils-auditifs-fr","8":"desktop-align-center","9":"tablet-align-center","10":"mobile-align-center","11":"ast-product-gallery-layout-horizontal-slider","12":"ast-product-gallery-with-no-image","13":"ast-product-tabs-layout-accordion","15":"first","16":"outofstock","17":"taxable","18":"shipping-taxable","19":"purchasable","20":"product-type-simple"},"yoast_head":"<!-- This site is optimized with the Yoast SEO plugin v27.5 - https:\/\/yoast.com\/product\/yoast-seo-wordpress\/ -->\n<title>Combin\u00e9 DECT suppl\u00e9mentaire pour Scalla 3 Combo avec station de charge im Onlineshop | Gleichcom AG<\/title>\n<meta name=\"description\" content=\"\u2705 R\u00e9cepteur auxiliaire compatible avec les appareils auditifs pour le Scalla 3 Combo.  Avec gain de + 30 dB, bobine d&#039;induction int\u00e9gr\u00e9e et bouton SOS.\" \/>\n<meta name=\"robots\" content=\"noindex, follow, max-snippet:-1, max-image-preview:large, max-video-preview:-1\" \/>\n<meta property=\"og:locale\" content=\"fr_FR\" \/>\n<meta property=\"og:type\" content=\"article\" \/>\n<meta property=\"og:title\" content=\"Combin\u00e9 DECT suppl\u00e9mentaire pour Scalla 3 Combo avec station de charge im Onlineshop | Gleichcom AG\" \/>\n<meta property=\"og:description\" content=\"\u2705 R\u00e9cepteur auxiliaire compatible avec les appareils auditifs pour le Scalla 3 Combo.  Avec gain de + 30 dB, bobine d&#039;induction int\u00e9gr\u00e9e et bouton SOS.\" \/>\n<meta property=\"og:url\" content=\"https:\/\/www.gleichcom.samuraidev.ch\/fr\/shop\/zusaetzliches-dect-mobilteil-fuer-scalla-3-combo-mit-ladestation\/\" \/>\n<meta property=\"og:site_name\" content=\"Gleichcom AG\" \/>\n<meta property=\"article:publisher\" content=\"https:\/\/www.facebook.com\/profile.php?id=100068749126981\" \/>\n<meta property=\"og:image\" content=\"https:\/\/www.gleichcom.samuraidev.ch\/wp-content\/uploads\/2023\/09\/freetel_eco_zweithoerer.jpg\" \/>\n\t<meta property=\"og:image:width\" content=\"243\" \/>\n\t<meta property=\"og:image:height\" content=\"500\" \/>\n\t<meta property=\"og:image:type\" content=\"image\/jpeg\" \/>\n<meta name=\"twitter:card\" content=\"summary_large_image\" \/>\n<script type=\"application\/ld+json\" class=\"yoast-schema-graph\">{\"@context\":\"https:\\\/\\\/schema.org\",\"@graph\":[{\"@type\":\"WebPage\",\"@id\":\"https:\\\/\\\/www.gleichcom.samuraidev.ch\\\/fr\\\/shop\\\/zusaetzliches-dect-mobilteil-fuer-scalla-3-combo-mit-ladestation\\\/\",\"url\":\"https:\\\/\\\/www.gleichcom.samuraidev.ch\\\/fr\\\/shop\\\/zusaetzliches-dect-mobilteil-fuer-scalla-3-combo-mit-ladestation\\\/\",\"name\":\"Combin\u00e9 DECT suppl\u00e9mentaire pour Scalla 3 Combo avec station de charge im Onlineshop | Gleichcom AG\",\"isPartOf\":{\"@id\":\"https:\\\/\\\/www.gleichcom.samuraidev.ch\\\/fr\\\/#website\"},\"primaryImageOfPage\":{\"@id\":\"https:\\\/\\\/www.gleichcom.samuraidev.ch\\\/fr\\\/shop\\\/zusaetzliches-dect-mobilteil-fuer-scalla-3-combo-mit-ladestation\\\/#primaryimage\"},\"image\":{\"@id\":\"https:\\\/\\\/www.gleichcom.samuraidev.ch\\\/fr\\\/shop\\\/zusaetzliches-dect-mobilteil-fuer-scalla-3-combo-mit-ladestation\\\/#primaryimage\"},\"thumbnailUrl\":\"https:\\\/\\\/www.gleichcom.samuraidev.ch\\\/wp-content\\\/uploads\\\/2023\\\/09\\\/freetel_eco_zweithoerer.jpg\",\"datePublished\":\"2014-02-04T06:47:09+00:00\",\"description\":\"\u2705 R\u00e9cepteur auxiliaire compatible avec les appareils auditifs pour le Scalla 3 Combo. Avec gain de + 30 dB, bobine d'induction int\u00e9gr\u00e9e et bouton SOS.\",\"breadcrumb\":{\"@id\":\"https:\\\/\\\/www.gleichcom.samuraidev.ch\\\/fr\\\/shop\\\/zusaetzliches-dect-mobilteil-fuer-scalla-3-combo-mit-ladestation\\\/#breadcrumb\"},\"inLanguage\":\"fr-FR\",\"potentialAction\":[{\"@type\":\"ReadAction\",\"target\":[\"https:\\\/\\\/www.gleichcom.samuraidev.ch\\\/fr\\\/shop\\\/zusaetzliches-dect-mobilteil-fuer-scalla-3-combo-mit-ladestation\\\/\"]}]},{\"@type\":\"ImageObject\",\"inLanguage\":\"fr-FR\",\"@id\":\"https:\\\/\\\/www.gleichcom.samuraidev.ch\\\/fr\\\/shop\\\/zusaetzliches-dect-mobilteil-fuer-scalla-3-combo-mit-ladestation\\\/#primaryimage\",\"url\":\"https:\\\/\\\/www.gleichcom.samuraidev.ch\\\/wp-content\\\/uploads\\\/2023\\\/09\\\/freetel_eco_zweithoerer.jpg\",\"contentUrl\":\"https:\\\/\\\/www.gleichcom.samuraidev.ch\\\/wp-content\\\/uploads\\\/2023\\\/09\\\/freetel_eco_zweithoerer.jpg\",\"width\":243,\"height\":500},{\"@type\":\"BreadcrumbList\",\"@id\":\"https:\\\/\\\/www.gleichcom.samuraidev.ch\\\/fr\\\/shop\\\/zusaetzliches-dect-mobilteil-fuer-scalla-3-combo-mit-ladestation\\\/#breadcrumb\",\"itemListElement\":[{\"@type\":\"ListItem\",\"position\":1,\"name\":\"Startseite\",\"item\":\"https:\\\/\\\/www.gleichcom.samuraidev.ch\\\/fr\\\/\"},{\"@type\":\"ListItem\",\"position\":2,\"name\":\"Shop\",\"item\":\"https:\\\/\\\/www.gleichcom.samuraidev.ch\\\/fr\\\/shop\\\/\"},{\"@type\":\"ListItem\",\"position\":3,\"name\":\"Combin\u00e9 DECT suppl\u00e9mentaire pour Scalla 3 Combo avec station de charge\"}]},{\"@type\":\"WebSite\",\"@id\":\"https:\\\/\\\/www.gleichcom.samuraidev.ch\\\/fr\\\/#website\",\"url\":\"https:\\\/\\\/www.gleichcom.samuraidev.ch\\\/fr\\\/\",\"name\":\"Gleichcom AG\",\"description\":\"besser h\u00f6ren. besser sehen. besser leben.\",\"publisher\":{\"@id\":\"https:\\\/\\\/www.gleichcom.samuraidev.ch\\\/fr\\\/#organization\"},\"alternateName\":\"Gleichcom\",\"potentialAction\":[{\"@type\":\"SearchAction\",\"target\":{\"@type\":\"EntryPoint\",\"urlTemplate\":\"https:\\\/\\\/www.gleichcom.samuraidev.ch\\\/fr\\\/?s={search_term_string}\"},\"query-input\":{\"@type\":\"PropertyValueSpecification\",\"valueRequired\":true,\"valueName\":\"search_term_string\"}}],\"inLanguage\":\"fr-FR\"},{\"@type\":\"Organization\",\"@id\":\"https:\\\/\\\/www.gleichcom.samuraidev.ch\\\/fr\\\/#organization\",\"name\":\"Gleichcom AG\",\"alternateName\":\"Gleichcom\",\"url\":\"https:\\\/\\\/www.gleichcom.samuraidev.ch\\\/fr\\\/\",\"logo\":{\"@type\":\"ImageObject\",\"inLanguage\":\"fr-FR\",\"@id\":\"https:\\\/\\\/www.gleichcom.samuraidev.ch\\\/fr\\\/#\\\/schema\\\/logo\\\/image\\\/\",\"url\":\"https:\\\/\\\/www.gleichcom.samuraidev.ch\\\/wp-content\\\/uploads\\\/2023\\\/09\\\/gleichcom-ag-logo-quadrat-farbig-mitte@696.png\",\"contentUrl\":\"https:\\\/\\\/www.gleichcom.samuraidev.ch\\\/wp-content\\\/uploads\\\/2023\\\/09\\\/gleichcom-ag-logo-quadrat-farbig-mitte@696.png\",\"width\":437,\"height\":437,\"caption\":\"Gleichcom AG\"},\"image\":{\"@id\":\"https:\\\/\\\/www.gleichcom.samuraidev.ch\\\/fr\\\/#\\\/schema\\\/logo\\\/image\\\/\"},\"sameAs\":[\"https:\\\/\\\/www.facebook.com\\\/profile.php?id=100068749126981\"]}]}<\/script>\n<!-- \/ Yoast SEO plugin. -->","yoast_head_json":{"title":"Combin\u00e9 DECT suppl\u00e9mentaire pour Scalla 3 Combo avec station de charge im Onlineshop | Gleichcom AG","description":"\u2705 R\u00e9cepteur auxiliaire compatible avec les appareils auditifs pour le Scalla 3 Combo.  Avec gain de + 30 dB, bobine d'induction int\u00e9gr\u00e9e et bouton SOS.","robots":{"index":"noindex","follow":"follow","max-snippet":"max-snippet:-1","max-image-preview":"max-image-preview:large","max-video-preview":"max-video-preview:-1"},"og_locale":"fr_FR","og_type":"article","og_title":"Combin\u00e9 DECT suppl\u00e9mentaire pour Scalla 3 Combo avec station de charge im Onlineshop | Gleichcom AG","og_description":"\u2705 R\u00e9cepteur auxiliaire compatible avec les appareils auditifs pour le Scalla 3 Combo.  Avec gain de + 30 dB, bobine d'induction int\u00e9gr\u00e9e et bouton SOS.","og_url":"https:\/\/www.gleichcom.samuraidev.ch\/fr\/shop\/zusaetzliches-dect-mobilteil-fuer-scalla-3-combo-mit-ladestation\/","og_site_name":"Gleichcom AG","article_publisher":"https:\/\/www.facebook.com\/profile.php?id=100068749126981","og_image":[{"width":243,"height":500,"url":"https:\/\/www.gleichcom.samuraidev.ch\/wp-content\/uploads\/2023\/09\/freetel_eco_zweithoerer.jpg","type":"image\/jpeg"}],"twitter_card":"summary_large_image","schema":{"@context":"https:\/\/schema.org","@graph":[{"@type":"WebPage","@id":"https:\/\/www.gleichcom.samuraidev.ch\/fr\/shop\/zusaetzliches-dect-mobilteil-fuer-scalla-3-combo-mit-ladestation\/","url":"https:\/\/www.gleichcom.samuraidev.ch\/fr\/shop\/zusaetzliches-dect-mobilteil-fuer-scalla-3-combo-mit-ladestation\/","name":"Combin\u00e9 DECT suppl\u00e9mentaire pour Scalla 3 Combo avec station de charge im Onlineshop | Gleichcom AG","isPartOf":{"@id":"https:\/\/www.gleichcom.samuraidev.ch\/fr\/#website"},"primaryImageOfPage":{"@id":"https:\/\/www.gleichcom.samuraidev.ch\/fr\/shop\/zusaetzliches-dect-mobilteil-fuer-scalla-3-combo-mit-ladestation\/#primaryimage"},"image":{"@id":"https:\/\/www.gleichcom.samuraidev.ch\/fr\/shop\/zusaetzliches-dect-mobilteil-fuer-scalla-3-combo-mit-ladestation\/#primaryimage"},"thumbnailUrl":"https:\/\/www.gleichcom.samuraidev.ch\/wp-content\/uploads\/2023\/09\/freetel_eco_zweithoerer.jpg","datePublished":"2014-02-04T06:47:09+00:00","description":"\u2705 R\u00e9cepteur auxiliaire compatible avec les appareils auditifs pour le Scalla 3 Combo. Avec gain de + 30 dB, bobine d'induction int\u00e9gr\u00e9e et bouton SOS.","breadcrumb":{"@id":"https:\/\/www.gleichcom.samuraidev.ch\/fr\/shop\/zusaetzliches-dect-mobilteil-fuer-scalla-3-combo-mit-ladestation\/#breadcrumb"},"inLanguage":"fr-FR","potentialAction":[{"@type":"ReadAction","target":["https:\/\/www.gleichcom.samuraidev.ch\/fr\/shop\/zusaetzliches-dect-mobilteil-fuer-scalla-3-combo-mit-ladestation\/"]}]},{"@type":"ImageObject","inLanguage":"fr-FR","@id":"https:\/\/www.gleichcom.samuraidev.ch\/fr\/shop\/zusaetzliches-dect-mobilteil-fuer-scalla-3-combo-mit-ladestation\/#primaryimage","url":"https:\/\/www.gleichcom.samuraidev.ch\/wp-content\/uploads\/2023\/09\/freetel_eco_zweithoerer.jpg","contentUrl":"https:\/\/www.gleichcom.samuraidev.ch\/wp-content\/uploads\/2023\/09\/freetel_eco_zweithoerer.jpg","width":243,"height":500},{"@type":"BreadcrumbList","@id":"https:\/\/www.gleichcom.samuraidev.ch\/fr\/shop\/zusaetzliches-dect-mobilteil-fuer-scalla-3-combo-mit-ladestation\/#breadcrumb","itemListElement":[{"@type":"ListItem","position":1,"name":"Startseite","item":"https:\/\/www.gleichcom.samuraidev.ch\/fr\/"},{"@type":"ListItem","position":2,"name":"Shop","item":"https:\/\/www.gleichcom.samuraidev.ch\/fr\/shop\/"},{"@type":"ListItem","position":3,"name":"Combin\u00e9 DECT suppl\u00e9mentaire pour Scalla 3 Combo avec station de charge"}]},{"@type":"WebSite","@id":"https:\/\/www.gleichcom.samuraidev.ch\/fr\/#website","url":"https:\/\/www.gleichcom.samuraidev.ch\/fr\/","name":"Gleichcom AG","description":"besser h\u00f6ren. besser sehen. besser leben.","publisher":{"@id":"https:\/\/www.gleichcom.samuraidev.ch\/fr\/#organization"},"alternateName":"Gleichcom","potentialAction":[{"@type":"SearchAction","target":{"@type":"EntryPoint","urlTemplate":"https:\/\/www.gleichcom.samuraidev.ch\/fr\/?s={search_term_string}"},"query-input":{"@type":"PropertyValueSpecification","valueRequired":true,"valueName":"search_term_string"}}],"inLanguage":"fr-FR"},{"@type":"Organization","@id":"https:\/\/www.gleichcom.samuraidev.ch\/fr\/#organization","name":"Gleichcom AG","alternateName":"Gleichcom","url":"https:\/\/www.gleichcom.samuraidev.ch\/fr\/","logo":{"@type":"ImageObject","inLanguage":"fr-FR","@id":"https:\/\/www.gleichcom.samuraidev.ch\/fr\/#\/schema\/logo\/image\/","url":"https:\/\/www.gleichcom.samuraidev.ch\/wp-content\/uploads\/2023\/09\/gleichcom-ag-logo-quadrat-farbig-mitte@696.png","contentUrl":"https:\/\/www.gleichcom.samuraidev.ch\/wp-content\/uploads\/2023\/09\/gleichcom-ag-logo-quadrat-farbig-mitte@696.png","width":437,"height":437,"caption":"Gleichcom AG"},"image":{"@id":"https:\/\/www.gleichcom.samuraidev.ch\/fr\/#\/schema\/logo\/image\/"},"sameAs":["https:\/\/www.facebook.com\/profile.php?id=100068749126981"]}]}},"uagb_featured_image_src":{"full":["https:\/\/www.gleichcom.samuraidev.ch\/wp-content\/uploads\/2023\/09\/freetel_eco_zweithoerer.jpg",243,500,false],"thumbnail":["https:\/\/www.gleichcom.samuraidev.ch\/wp-content\/uploads\/2023\/09\/freetel_eco_zweithoerer.jpg",73,150,false],"medium":["https:\/\/www.gleichcom.samuraidev.ch\/wp-content\/uploads\/2023\/09\/freetel_eco_zweithoerer.jpg",146,300,false],"medium_large":["https:\/\/www.gleichcom.samuraidev.ch\/wp-content\/uploads\/2023\/09\/freetel_eco_zweithoerer.jpg",243,500,false],"large":["https:\/\/www.gleichcom.samuraidev.ch\/wp-content\/uploads\/2023\/09\/freetel_eco_zweithoerer.jpg",243,500,false],"1536x1536":["https:\/\/www.gleichcom.samuraidev.ch\/wp-content\/uploads\/2023\/09\/freetel_eco_zweithoerer.jpg",243,500,false],"2048x2048":["https:\/\/www.gleichcom.samuraidev.ch\/wp-content\/uploads\/2023\/09\/freetel_eco_zweithoerer.jpg",243,500,false],"woocommerce_thumbnail":["https:\/\/www.gleichcom.samuraidev.ch\/wp-content\/uploads\/2023\/09\/freetel_eco_zweithoerer.jpg",243,500,false],"woocommerce_single":["https:\/\/www.gleichcom.samuraidev.ch\/wp-content\/uploads\/2023\/09\/freetel_eco_zweithoerer.jpg",243,500,false],"woocommerce_gallery_thumbnail":["https:\/\/www.gleichcom.samuraidev.ch\/wp-content\/uploads\/2023\/09\/freetel_eco_zweithoerer-100x100.jpg",100,100,true]},"uagb_author_info":{"display_name":"","author_link":"https:\/\/www.gleichcom.samuraidev.ch\/fr\/author\/"},"uagb_comment_info":0,"uagb_excerpt":"R\u00e9cepteur auxiliaire compatible avec les appareils auditifs pour le Scalla 3 Combo. Avec gain de + 30 dB, bobine d'induction int\u00e9gr\u00e9e et bouton SOS.","_links":{"self":[{"href":"https:\/\/www.gleichcom.samuraidev.ch\/fr\/wp-json\/wp\/v2\/product\/3273","targetHints":{"allow":["GET"]}}],"collection":[{"href":"https:\/\/www.gleichcom.samuraidev.ch\/fr\/wp-json\/wp\/v2\/product"}],"about":[{"href":"https:\/\/www.gleichcom.samuraidev.ch\/fr\/wp-json\/wp\/v2\/types\/product"}],"wp:featuredmedia":[{"embeddable":true,"href":"https:\/\/www.gleichcom.samuraidev.ch\/fr\/wp-json\/wp\/v2\/media\/2681"}],"wp:attachment":[{"href":"https:\/\/www.gleichcom.samuraidev.ch\/fr\/wp-json\/wp\/v2\/media?parent=3273"}],"wp:term":[{"taxonomy":"product_brand","embeddable":true,"href":"https:\/\/www.gleichcom.samuraidev.ch\/fr\/wp-json\/wp\/v2\/product_brand?post=3273"},{"taxonomy":"product_cat","embeddable":true,"href":"https:\/\/www.gleichcom.samuraidev.ch\/fr\/wp-json\/wp\/v2\/product_cat?post=3273"},{"taxonomy":"product_tag","embeddable":true,"href":"https:\/\/www.gleichcom.samuraidev.ch\/fr\/wp-json\/wp\/v2\/product_tag?post=3273"}],"curies":[{"name":"wp","href":"https:\/\/api.w.org\/{rel}","templated":true}]}}