{"id":3384,"date":"2014-06-13T08:43:13","date_gmt":"2014-06-13T06:43:13","guid":{"rendered":"https:\/\/www.gleichcom.samuraidev.ch\/?product=comfort-audio-fm-anlage-tourguide-11-20-teilnehmer-tagesmiete"},"modified":"1000-01-01T00:00:00","modified_gmt":"1000-01-01T00:00:00","slug":"comfort-audio-fm-anlage-tourguide-11-20-teilnehmer-tagesmiete","status":"publish","type":"product","link":"https:\/\/www.gleichcom.samuraidev.ch\/fr\/shop\/comfort-audio-fm-anlage-tourguide-11-20-teilnehmer-tagesmiete\/","title":{"rendered":"guide du syst\u00e8me Comfort Audio FM (11 &#8211; 20 participants) louer Jour"},"content":{"rendered":"<p><span id=\"result_box\" lang=\"fr\"><span title=\"Comfort Audio FM-Anlage Tour Guide (15 - 30 Teilnehmer) Tagesmiete\n\n\">guide du syst\u00e8me Comfort Audio FM (11 &#8211; 20 participants) louer Jour<\/span><\/p>\n<p><span title=\"Mietpreis pro Tag\/inkl.\">Loyer par jour \/ incl. <\/span><span title=\"MWST:\n\">TVA:<\/span><br \/>\n<span title=\"CHF 250.00\n\n\">250,00 CHF<\/span><\/p>\n<p><span title=\"Im Mietpreis inbegriffene Leistungen:\n\">Le prix de location inclus les services:<\/span><br \/>\n<span title=\".\">, <\/span><span title=\"Transport (Postversand)\n\">Transport (courrier)<\/span><br \/>\n<span title=\".\">, <\/span><span title=\"Schulung der Lehrkr\u00e4fte\/Referenten\n\">Formation des enseignants \/ enseignants<\/span><br \/>\n<span title=\".\">, <\/span><span title=\"Unterhalt Ger\u00e4te\n\">\u00c9quipement d&rsquo;entretien<\/span><br \/>\n<span title=\".\">, <\/span><span title=\"Piquettdienst\n\n\">Piquettdienst<\/span><\/p>\n<p><span title=\"M\u00f6gliche zus\u00e4tzliche Personalrekrutierung nach Aufwand:\n\">recrutement suppl\u00e9mentaire possible au co\u00fbt:<\/span><br \/>\n<span title=\".\">, <\/span><span title=\"Fahrspesen Einsatzperson Gleichcom AG: CHF 1.--\/km\n\">Les frais de voyage utilisent personne Gleichcom AG: CHF 0.70 \/ km<\/span><br \/>\n<span title=\".\">, <\/span><span title=\"Stundenansatz Techniker Gleichcom AG: CHF 120.--\/Std.\n\n\">techniciens horaires Gleichcom AG: CHF 127 .&#8211; \/ heure.<\/span><\/p>\n<p><span title=\"Anzahl m\u00f6gliche Teilnehmer:\n\">Nombre de participants:<\/span><br \/>\n<span title=\".\">, <\/span><span title=\"15 - 30 Personen\n\n\">11 &#8211; 20 personnes<\/span><\/p>\n<p><span title=\"Kofferinhalt:\n\">contenu de cas:<\/span><br \/>\n<span title=\".\">, <\/span><span title=\"Comfort Audio DH10 Receiver\n\">Confort Audio R\u00e9cepteur DH10<\/span><br \/>\n<span title=\".\">, <\/span><span title=\"Comfort Audio DM 10 Microphone\n\">Confort Audio DM 10 Microphone<\/span><br \/>\n<span title=\".\">, <\/span><span title=\"Comfort Audio DM 20 Microphone\n\">Confort Audio DM 20 Microphone<\/span><br \/>\n<span title=\".\">, <\/span><span title=\"Kopfh\u00f6rer\n\">casque<\/span><br \/>\n<span title=\".\">, <\/span><span title=\"Schl\u00fcssel\n\">cl\u00e9<\/span><br \/>\n<span title=\".\">, <\/span><span title=\"Bedienungsanleitung\n\n\">Mode d&#8217;emploi<\/span><\/p>\n<p><span title=\"Koffer mit FM-System f\u00fcr mehrere Benutzer.\n\">Valise avec un syst\u00e8me FM pour plusieurs utilisateurs.<\/span><br \/>\n<span title=\"Das Comfort Digisystem erm\u00f6glicht es Schwerh\u00f6rigen mit und ohne H\u00f6rhilfen, an \u00f6ffentlichen Events teilzunehmen, und dabei das Gesprochene klar und deutlich zu verstehen.\n\n\">Le Comfort Digisystem permet avec et sans entendre personne ayant une d\u00e9ficience auditive aides \u00e0 participer \u00e0 des \u00e9v\u00e9nements publics, et de comprendre la langue parl\u00e9e fort et clair.<\/span><\/p>\n<p><span title=\"Der Redner\/Diskussionsleiter tr\u00e4gt ein Mikrophon, dabei wird seine Stimme drahtlos an die Empfangsger\u00e4te der Benutzer \u00fcbertragen (via T-Spule des H\u00f6rger\u00e4ts).\n\n\">Le haut-parleur \/ mod\u00e9rateur portant un microphone, il est la voix transmise sans fil au dispositif de r\u00e9ception de l&rsquo;utilisateur (via T-bobine de l&rsquo;aide auditive).<\/span><\/p>\n<p><span title=\"Flexibel und praktisch:\n\">Flexible et pratique:<\/span><br \/>\n<span title=\"Mit seinem kompakten, leichten und drahtlosen Design ist das Comfort Digisystem sowohl praktisch als auch vielseitig und kann in so gut wie jeder Umgebung angewendet werden.\">Avec son design compact, l\u00e9ger et sans fil, le Comfort Digisystem est \u00e0 la fois pratique et polyvalent et peut \u00eatre appliqu\u00e9e dans pratiquement tous les environnements. <\/span><span title=\"Die Anlagen sind aufgeladen und werden geordnet in einem robusten und funtionellen Aluminiumkoffer transportiert.\">Les installations sont charg\u00e9es et transport\u00e9es dans un bo\u00eetier en aluminium robuste et funtionellen command\u00e9s. <\/span><span title=\"Sie sind maximal 10 Stunden betriebsbereit und 2 Stunden reichen aus, um sie wieder komplett aufzuladen.\n\n\">Ils sont au maximum 10 heures pr\u00eat et 2 heures suffisent pour recharger compl\u00e8tement.<\/span><\/p>\n<p><span title=\"Digital und sicher:\n\">Num\u00e9rique et s\u00e9curit\u00e9:<\/span><br \/>\n<span title=\"Im Gegensatz zu den traditionellen FM-Systemen ist das Comfort Digisystem mit einer innovativen Spitzentechnologie ausgestattet, die einen kristallklaren Ton ohne St\u00f6rger\u00e4usche und Verz\u00f6gerung in einem Umkreis von 30 Metern zu \u00fcbermitteln erlaubt.\">Contrairement aux syst\u00e8mes traditionnels FM, Comfort Digisystem est \u00e9quip\u00e9 d&rsquo;une technologie de pointe innovante qui permet d&rsquo;envoyer un son cristallin sans bruit et sans retard dans un rayon de 30 m\u00e8tres.<\/span><\/span><\/p>\n","protected":false},"excerpt":{"rendered":"<p>\tguide du syst\u00e8me Comfort Audio FM (11 &#8211; 20 participants) louer Jour<\/p>\n","protected":false},"featured_media":3376,"template":"","meta":{"inline_featured_image":false,"_uag_custom_page_level_css":"","site-sidebar-layout":"default","site-content-layout":"","ast-site-content-layout":"default","site-content-style":"default","site-sidebar-style":"default","ast-global-header-display":"","ast-banner-title-visibility":"","ast-main-header-display":"","ast-hfb-above-header-display":"","ast-hfb-below-header-display":"","ast-hfb-mobile-header-display":"","site-post-title":"","ast-breadcrumbs-content":"","ast-featured-img":"","footer-sml-layout":"","ast-disable-related-posts":"","theme-transparent-header-meta":"","adv-header-id-meta":"","stick-header-meta":"","header-above-stick-meta":"","header-main-stick-meta":"","header-below-stick-meta":"","astra-migrate-meta-layouts":"default","ast-page-background-enabled":"default","ast-page-background-meta":{"desktop":{"background-color":"","background-image":"","background-repeat":"repeat","background-position":"center center","background-size":"auto","background-attachment":"scroll","background-type":"","background-media":"","overlay-type":"","overlay-color":"","overlay-opacity":"","overlay-gradient":""},"tablet":{"background-color":"","background-image":"","background-repeat":"repeat","background-position":"center center","background-size":"auto","background-attachment":"scroll","background-type":"","background-media":"","overlay-type":"","overlay-color":"","overlay-opacity":"","overlay-gradient":""},"mobile":{"background-color":"","background-image":"","background-repeat":"repeat","background-position":"center center","background-size":"auto","background-attachment":"scroll","background-type":"","background-media":"","overlay-type":"","overlay-color":"","overlay-opacity":"","overlay-gradient":""}},"ast-content-background-meta":{"desktop":{"background-color":"var(--ast-global-color-5)","background-image":"","background-repeat":"repeat","background-position":"center center","background-size":"auto","background-attachment":"scroll","background-type":"","background-media":"","overlay-type":"","overlay-color":"","overlay-opacity":"","overlay-gradient":""},"tablet":{"background-color":"var(--ast-global-color-5)","background-image":"","background-repeat":"repeat","background-position":"center center","background-size":"auto","background-attachment":"scroll","background-type":"","background-media":"","overlay-type":"","overlay-color":"","overlay-opacity":"","overlay-gradient":""},"mobile":{"background-color":"var(--ast-global-color-5)","background-image":"","background-repeat":"repeat","background-position":"center center","background-size":"auto","background-attachment":"scroll","background-type":"","background-media":"","overlay-type":"","overlay-color":"","overlay-opacity":"","overlay-gradient":""}}},"product_brand":[],"product_cat":[2967],"product_tag":[],"class_list":{"0":"post-3384","1":"product","2":"type-product","3":"status-publish","4":"has-post-thumbnail","6":"product_cat-louer-des-installations-auditives-fr","7":"desktop-align-center","8":"tablet-align-center","9":"mobile-align-center","10":"ast-product-gallery-layout-horizontal-slider","11":"ast-product-tabs-layout-accordion","13":"first","14":"instock","15":"taxable","16":"shipping-taxable","17":"purchasable","18":"product-type-simple"},"yoast_head":"<!-- This site is optimized with the Yoast SEO plugin v27.6 - https:\/\/yoast.com\/product\/yoast-seo-wordpress\/ -->\n<title>guide du syst\u00e8me Comfort Audio FM (11 - 20 participants) louer Jour im Onlineshop | Gleichcom AG<\/title>\n<meta name=\"description\" content=\"\u2705 guide du syst\u00e8me Comfort Audio FM (11 - 20 participants) louer Jour\" \/>\n<meta name=\"robots\" content=\"noindex, follow, max-snippet:-1, max-image-preview:large, max-video-preview:-1\" \/>\n<meta property=\"og:locale\" content=\"fr_FR\" \/>\n<meta property=\"og:type\" content=\"article\" \/>\n<meta property=\"og:title\" content=\"guide du syst\u00e8me Comfort Audio FM (11 - 20 participants) louer Jour im Onlineshop | Gleichcom AG\" \/>\n<meta property=\"og:description\" content=\"\u2705 guide du syst\u00e8me Comfort Audio FM (11 - 20 participants) louer Jour\" \/>\n<meta property=\"og:url\" content=\"https:\/\/www.gleichcom.samuraidev.ch\/fr\/shop\/comfort-audio-fm-anlage-tourguide-11-20-teilnehmer-tagesmiete\/\" \/>\n<meta property=\"og:site_name\" content=\"Gleichcom AG\" \/>\n<meta property=\"article:publisher\" content=\"https:\/\/www.facebook.com\/profile.php?id=100068749126981\" \/>\n<meta property=\"og:image\" content=\"https:\/\/www.gleichcom.samuraidev.ch\/wp-content\/uploads\/2023\/09\/562_0.jpg\" \/>\n\t<meta property=\"og:image:width\" content=\"500\" \/>\n\t<meta property=\"og:image:height\" content=\"375\" \/>\n\t<meta property=\"og:image:type\" content=\"image\/jpeg\" \/>\n<meta name=\"twitter:card\" content=\"summary_large_image\" \/>\n<script type=\"application\/ld+json\" class=\"yoast-schema-graph\">{\"@context\":\"https:\\\/\\\/schema.org\",\"@graph\":[{\"@type\":\"WebPage\",\"@id\":\"https:\\\/\\\/www.gleichcom.samuraidev.ch\\\/fr\\\/shop\\\/comfort-audio-fm-anlage-tourguide-11-20-teilnehmer-tagesmiete\\\/\",\"url\":\"https:\\\/\\\/www.gleichcom.samuraidev.ch\\\/fr\\\/shop\\\/comfort-audio-fm-anlage-tourguide-11-20-teilnehmer-tagesmiete\\\/\",\"name\":\"guide du syst\u00e8me Comfort Audio FM (11 - 20 participants) louer Jour im Onlineshop | Gleichcom AG\",\"isPartOf\":{\"@id\":\"https:\\\/\\\/www.gleichcom.samuraidev.ch\\\/fr\\\/#website\"},\"primaryImageOfPage\":{\"@id\":\"https:\\\/\\\/www.gleichcom.samuraidev.ch\\\/fr\\\/shop\\\/comfort-audio-fm-anlage-tourguide-11-20-teilnehmer-tagesmiete\\\/#primaryimage\"},\"image\":{\"@id\":\"https:\\\/\\\/www.gleichcom.samuraidev.ch\\\/fr\\\/shop\\\/comfort-audio-fm-anlage-tourguide-11-20-teilnehmer-tagesmiete\\\/#primaryimage\"},\"thumbnailUrl\":\"https:\\\/\\\/www.gleichcom.samuraidev.ch\\\/wp-content\\\/uploads\\\/2023\\\/09\\\/562_0.jpg\",\"datePublished\":\"2014-06-13T06:43:13+00:00\",\"description\":\"\u2705 guide du syst\u00e8me Comfort Audio FM (11 - 20 participants) louer Jour\",\"breadcrumb\":{\"@id\":\"https:\\\/\\\/www.gleichcom.samuraidev.ch\\\/fr\\\/shop\\\/comfort-audio-fm-anlage-tourguide-11-20-teilnehmer-tagesmiete\\\/#breadcrumb\"},\"inLanguage\":\"fr-FR\",\"potentialAction\":[{\"@type\":\"ReadAction\",\"target\":[\"https:\\\/\\\/www.gleichcom.samuraidev.ch\\\/fr\\\/shop\\\/comfort-audio-fm-anlage-tourguide-11-20-teilnehmer-tagesmiete\\\/\"]}]},{\"@type\":\"ImageObject\",\"inLanguage\":\"fr-FR\",\"@id\":\"https:\\\/\\\/www.gleichcom.samuraidev.ch\\\/fr\\\/shop\\\/comfort-audio-fm-anlage-tourguide-11-20-teilnehmer-tagesmiete\\\/#primaryimage\",\"url\":\"https:\\\/\\\/www.gleichcom.samuraidev.ch\\\/wp-content\\\/uploads\\\/2023\\\/09\\\/562_0.jpg\",\"contentUrl\":\"https:\\\/\\\/www.gleichcom.samuraidev.ch\\\/wp-content\\\/uploads\\\/2023\\\/09\\\/562_0.jpg\",\"width\":500,\"height\":375},{\"@type\":\"BreadcrumbList\",\"@id\":\"https:\\\/\\\/www.gleichcom.samuraidev.ch\\\/fr\\\/shop\\\/comfort-audio-fm-anlage-tourguide-11-20-teilnehmer-tagesmiete\\\/#breadcrumb\",\"itemListElement\":[{\"@type\":\"ListItem\",\"position\":1,\"name\":\"Startseite\",\"item\":\"https:\\\/\\\/www.gleichcom.samuraidev.ch\\\/fr\\\/\"},{\"@type\":\"ListItem\",\"position\":2,\"name\":\"Shop\",\"item\":\"https:\\\/\\\/www.gleichcom.samuraidev.ch\\\/fr\\\/shop\\\/\"},{\"@type\":\"ListItem\",\"position\":3,\"name\":\"guide du syst\u00e8me Comfort Audio FM (11 &#8211; 20 participants) louer Jour\"}]},{\"@type\":\"WebSite\",\"@id\":\"https:\\\/\\\/www.gleichcom.samuraidev.ch\\\/fr\\\/#website\",\"url\":\"https:\\\/\\\/www.gleichcom.samuraidev.ch\\\/fr\\\/\",\"name\":\"Gleichcom AG\",\"description\":\"besser h\u00f6ren. besser sehen. besser leben.\",\"publisher\":{\"@id\":\"https:\\\/\\\/www.gleichcom.samuraidev.ch\\\/fr\\\/#organization\"},\"alternateName\":\"Gleichcom\",\"potentialAction\":[{\"@type\":\"SearchAction\",\"target\":{\"@type\":\"EntryPoint\",\"urlTemplate\":\"https:\\\/\\\/www.gleichcom.samuraidev.ch\\\/fr\\\/?s={search_term_string}\"},\"query-input\":{\"@type\":\"PropertyValueSpecification\",\"valueRequired\":true,\"valueName\":\"search_term_string\"}}],\"inLanguage\":\"fr-FR\"},{\"@type\":\"Organization\",\"@id\":\"https:\\\/\\\/www.gleichcom.samuraidev.ch\\\/fr\\\/#organization\",\"name\":\"Gleichcom AG\",\"alternateName\":\"Gleichcom\",\"url\":\"https:\\\/\\\/www.gleichcom.samuraidev.ch\\\/fr\\\/\",\"logo\":{\"@type\":\"ImageObject\",\"inLanguage\":\"fr-FR\",\"@id\":\"https:\\\/\\\/www.gleichcom.samuraidev.ch\\\/fr\\\/#\\\/schema\\\/logo\\\/image\\\/\",\"url\":\"https:\\\/\\\/www.gleichcom.samuraidev.ch\\\/wp-content\\\/uploads\\\/2023\\\/09\\\/gleichcom-ag-logo-quadrat-farbig-mitte@696.png\",\"contentUrl\":\"https:\\\/\\\/www.gleichcom.samuraidev.ch\\\/wp-content\\\/uploads\\\/2023\\\/09\\\/gleichcom-ag-logo-quadrat-farbig-mitte@696.png\",\"width\":437,\"height\":437,\"caption\":\"Gleichcom AG\"},\"image\":{\"@id\":\"https:\\\/\\\/www.gleichcom.samuraidev.ch\\\/fr\\\/#\\\/schema\\\/logo\\\/image\\\/\"},\"sameAs\":[\"https:\\\/\\\/www.facebook.com\\\/profile.php?id=100068749126981\"]}]}<\/script>\n<!-- \/ Yoast SEO plugin. -->","yoast_head_json":{"title":"guide du syst\u00e8me Comfort Audio FM (11 - 20 participants) louer Jour im Onlineshop | Gleichcom AG","description":"\u2705 guide du syst\u00e8me Comfort Audio FM (11 - 20 participants) louer Jour","robots":{"index":"noindex","follow":"follow","max-snippet":"max-snippet:-1","max-image-preview":"max-image-preview:large","max-video-preview":"max-video-preview:-1"},"og_locale":"fr_FR","og_type":"article","og_title":"guide du syst\u00e8me Comfort Audio FM (11 - 20 participants) louer Jour im Onlineshop | Gleichcom AG","og_description":"\u2705 guide du syst\u00e8me Comfort Audio FM (11 - 20 participants) louer Jour","og_url":"https:\/\/www.gleichcom.samuraidev.ch\/fr\/shop\/comfort-audio-fm-anlage-tourguide-11-20-teilnehmer-tagesmiete\/","og_site_name":"Gleichcom AG","article_publisher":"https:\/\/www.facebook.com\/profile.php?id=100068749126981","og_image":[{"width":500,"height":375,"url":"https:\/\/www.gleichcom.samuraidev.ch\/wp-content\/uploads\/2023\/09\/562_0.jpg","type":"image\/jpeg"}],"twitter_card":"summary_large_image","schema":{"@context":"https:\/\/schema.org","@graph":[{"@type":"WebPage","@id":"https:\/\/www.gleichcom.samuraidev.ch\/fr\/shop\/comfort-audio-fm-anlage-tourguide-11-20-teilnehmer-tagesmiete\/","url":"https:\/\/www.gleichcom.samuraidev.ch\/fr\/shop\/comfort-audio-fm-anlage-tourguide-11-20-teilnehmer-tagesmiete\/","name":"guide du syst\u00e8me Comfort Audio FM (11 - 20 participants) louer Jour im Onlineshop | Gleichcom AG","isPartOf":{"@id":"https:\/\/www.gleichcom.samuraidev.ch\/fr\/#website"},"primaryImageOfPage":{"@id":"https:\/\/www.gleichcom.samuraidev.ch\/fr\/shop\/comfort-audio-fm-anlage-tourguide-11-20-teilnehmer-tagesmiete\/#primaryimage"},"image":{"@id":"https:\/\/www.gleichcom.samuraidev.ch\/fr\/shop\/comfort-audio-fm-anlage-tourguide-11-20-teilnehmer-tagesmiete\/#primaryimage"},"thumbnailUrl":"https:\/\/www.gleichcom.samuraidev.ch\/wp-content\/uploads\/2023\/09\/562_0.jpg","datePublished":"2014-06-13T06:43:13+00:00","description":"\u2705 guide du syst\u00e8me Comfort Audio FM (11 - 20 participants) louer Jour","breadcrumb":{"@id":"https:\/\/www.gleichcom.samuraidev.ch\/fr\/shop\/comfort-audio-fm-anlage-tourguide-11-20-teilnehmer-tagesmiete\/#breadcrumb"},"inLanguage":"fr-FR","potentialAction":[{"@type":"ReadAction","target":["https:\/\/www.gleichcom.samuraidev.ch\/fr\/shop\/comfort-audio-fm-anlage-tourguide-11-20-teilnehmer-tagesmiete\/"]}]},{"@type":"ImageObject","inLanguage":"fr-FR","@id":"https:\/\/www.gleichcom.samuraidev.ch\/fr\/shop\/comfort-audio-fm-anlage-tourguide-11-20-teilnehmer-tagesmiete\/#primaryimage","url":"https:\/\/www.gleichcom.samuraidev.ch\/wp-content\/uploads\/2023\/09\/562_0.jpg","contentUrl":"https:\/\/www.gleichcom.samuraidev.ch\/wp-content\/uploads\/2023\/09\/562_0.jpg","width":500,"height":375},{"@type":"BreadcrumbList","@id":"https:\/\/www.gleichcom.samuraidev.ch\/fr\/shop\/comfort-audio-fm-anlage-tourguide-11-20-teilnehmer-tagesmiete\/#breadcrumb","itemListElement":[{"@type":"ListItem","position":1,"name":"Startseite","item":"https:\/\/www.gleichcom.samuraidev.ch\/fr\/"},{"@type":"ListItem","position":2,"name":"Shop","item":"https:\/\/www.gleichcom.samuraidev.ch\/fr\/shop\/"},{"@type":"ListItem","position":3,"name":"guide du syst\u00e8me Comfort Audio FM (11 &#8211; 20 participants) louer Jour"}]},{"@type":"WebSite","@id":"https:\/\/www.gleichcom.samuraidev.ch\/fr\/#website","url":"https:\/\/www.gleichcom.samuraidev.ch\/fr\/","name":"Gleichcom AG","description":"besser h\u00f6ren. besser sehen. besser leben.","publisher":{"@id":"https:\/\/www.gleichcom.samuraidev.ch\/fr\/#organization"},"alternateName":"Gleichcom","potentialAction":[{"@type":"SearchAction","target":{"@type":"EntryPoint","urlTemplate":"https:\/\/www.gleichcom.samuraidev.ch\/fr\/?s={search_term_string}"},"query-input":{"@type":"PropertyValueSpecification","valueRequired":true,"valueName":"search_term_string"}}],"inLanguage":"fr-FR"},{"@type":"Organization","@id":"https:\/\/www.gleichcom.samuraidev.ch\/fr\/#organization","name":"Gleichcom AG","alternateName":"Gleichcom","url":"https:\/\/www.gleichcom.samuraidev.ch\/fr\/","logo":{"@type":"ImageObject","inLanguage":"fr-FR","@id":"https:\/\/www.gleichcom.samuraidev.ch\/fr\/#\/schema\/logo\/image\/","url":"https:\/\/www.gleichcom.samuraidev.ch\/wp-content\/uploads\/2023\/09\/gleichcom-ag-logo-quadrat-farbig-mitte@696.png","contentUrl":"https:\/\/www.gleichcom.samuraidev.ch\/wp-content\/uploads\/2023\/09\/gleichcom-ag-logo-quadrat-farbig-mitte@696.png","width":437,"height":437,"caption":"Gleichcom AG"},"image":{"@id":"https:\/\/www.gleichcom.samuraidev.ch\/fr\/#\/schema\/logo\/image\/"},"sameAs":["https:\/\/www.facebook.com\/profile.php?id=100068749126981"]}]}},"uagb_featured_image_src":{"full":["https:\/\/www.gleichcom.samuraidev.ch\/wp-content\/uploads\/2023\/09\/562_0.jpg",500,375,false],"thumbnail":["https:\/\/www.gleichcom.samuraidev.ch\/wp-content\/uploads\/2023\/09\/562_0.jpg",150,113,false],"medium":["https:\/\/www.gleichcom.samuraidev.ch\/wp-content\/uploads\/2023\/09\/562_0.jpg",300,225,false],"medium_large":["https:\/\/www.gleichcom.samuraidev.ch\/wp-content\/uploads\/2023\/09\/562_0.jpg",500,375,false],"large":["https:\/\/www.gleichcom.samuraidev.ch\/wp-content\/uploads\/2023\/09\/562_0.jpg",500,375,false],"1536x1536":["https:\/\/www.gleichcom.samuraidev.ch\/wp-content\/uploads\/2023\/09\/562_0.jpg",500,375,false],"2048x2048":["https:\/\/www.gleichcom.samuraidev.ch\/wp-content\/uploads\/2023\/09\/562_0.jpg",500,375,false],"woocommerce_thumbnail":["https:\/\/www.gleichcom.samuraidev.ch\/wp-content\/uploads\/2023\/09\/562_0.jpg",300,225,false],"woocommerce_single":["https:\/\/www.gleichcom.samuraidev.ch\/wp-content\/uploads\/2023\/09\/562_0.jpg",500,375,false],"woocommerce_gallery_thumbnail":["https:\/\/www.gleichcom.samuraidev.ch\/wp-content\/uploads\/2023\/09\/562_0-100x100.jpg",100,100,true]},"uagb_author_info":{"display_name":"","author_link":"https:\/\/www.gleichcom.samuraidev.ch\/fr\/author\/"},"uagb_comment_info":0,"uagb_excerpt":"guide du syst\u00e8me Comfort Audio FM (11 - 20 participants) louer Jour","_links":{"self":[{"href":"https:\/\/www.gleichcom.samuraidev.ch\/fr\/wp-json\/wp\/v2\/product\/3384","targetHints":{"allow":["GET"]}}],"collection":[{"href":"https:\/\/www.gleichcom.samuraidev.ch\/fr\/wp-json\/wp\/v2\/product"}],"about":[{"href":"https:\/\/www.gleichcom.samuraidev.ch\/fr\/wp-json\/wp\/v2\/types\/product"}],"wp:featuredmedia":[{"embeddable":true,"href":"https:\/\/www.gleichcom.samuraidev.ch\/fr\/wp-json\/wp\/v2\/media\/3376"}],"wp:attachment":[{"href":"https:\/\/www.gleichcom.samuraidev.ch\/fr\/wp-json\/wp\/v2\/media?parent=3384"}],"wp:term":[{"taxonomy":"product_brand","embeddable":true,"href":"https:\/\/www.gleichcom.samuraidev.ch\/fr\/wp-json\/wp\/v2\/product_brand?post=3384"},{"taxonomy":"product_cat","embeddable":true,"href":"https:\/\/www.gleichcom.samuraidev.ch\/fr\/wp-json\/wp\/v2\/product_cat?post=3384"},{"taxonomy":"product_tag","embeddable":true,"href":"https:\/\/www.gleichcom.samuraidev.ch\/fr\/wp-json\/wp\/v2\/product_tag?post=3384"}],"curies":[{"name":"wp","href":"https:\/\/api.w.org\/{rel}","templated":true}]}}