{"id":3471,"date":"2014-10-06T16:37:45","date_gmt":"2014-10-06T14:37:45","guid":{"rendered":"https:\/\/www.gleichcom.samuraidev.ch\/?product=bellman-visit-868-wecker-classic-mit-vibrationskissen"},"modified":"1000-01-01T00:00:00","modified_gmt":"1000-01-01T00:00:00","slug":"bellman-visit-868-wecker-classic-mit-vibrationskissen","status":"publish","type":"product","link":"https:\/\/www.gleichcom.samuraidev.ch\/fr\/shop\/bellman-visit-868-wecker-classic-mit-vibrationskissen\/","title":{"rendered":"Bellman Visit 868 R\u00e9veil classique avec coussin vibrant"},"content":{"rendered":"<p><strong>R\u00e9veil Visit<\/strong><br \/>\n\u00a0<br \/>\nR\u00e9cepteur pour l&rsquo;\u00e9metteur radio de la visite du groom<br \/>\nAvec le r\u00e9veil num\u00e9rique Visit, vous achetez deux appareils en un ! Le r\u00e9veil sert de r\u00e9cepteur pour tous les \u00e9metteurs radio de Bellman Visit et est \u00e9galement un r\u00e9veil moderne \u00e0 lumi\u00e8re num\u00e9rique. Il re\u00e7oit les signaux radio des diff\u00e9rents \u00e9metteurs radio et signale ensuite l&rsquo;\u00e9v\u00e9nement (par exemple, la sonnerie de votre t\u00e9l\u00e9phone) \u00e0 l&rsquo;aide de signaux lumineux et sonores. Le flash lumineux tr\u00e8s brillant et le signal sonore extra fort (jusqu&rsquo;\u00e0 100 dB) vous alertent non seulement d&rsquo;une alarme d&rsquo;\u00e9metteur, mais vous r\u00e9veillent aussi de mani\u00e8re fiable le matin.<\/p>\n<p>Gr\u00e2ce au syst\u00e8me de signalisation Bellman Visit, vous pouvez \u00eatre inform\u00e9 de divers \u00e9v\u00e9nements (par exemple, la sonnerie du t\u00e9l\u00e9phone, de la porte ou les pleurs du b\u00e9b\u00e9) dans votre maison sans avoir \u00e0 poser de c\u00e2bles. Le r\u00e9veil reconna\u00eet automatiquement les signaux des \u00e9metteurs radio. D\u00e8s que le r\u00e9veil re\u00e7oit les signaux, il vous indique l&rsquo;\u00e9v\u00e9nement par un flash lumineux, une forte vibration d&rsquo;alarme et un signal sonore fort. Il y a \u00e9galement 4 LED diff\u00e9rentes sur le r\u00e9veil. Avec ces LED, le r\u00e9veil vous indique \u00e0 partir de quel \u00e9metteur l&rsquo;alarme a \u00e9t\u00e9 d\u00e9clench\u00e9e. Vous savez donc imm\u00e9diatement si la sonnette a sonn\u00e9 ou si votre b\u00e9b\u00e9 pleure.<\/p>\n<p>Le r\u00e9veil parfait est non seulement bruyant et avec un flash lumineux, mais aussi avec un grand \u00e9cran. De plus, une veilleuse bleue tamis\u00e9e est int\u00e9gr\u00e9e au r\u00e9veil. Ainsi, le r\u00e9veil vous indique le chemin du lit lorsque vous devez sortir la nuit. La fonction de r\u00e9p\u00e9tition de r\u00e9veil int\u00e9gr\u00e9e est \u00e9galement dot\u00e9e d&rsquo;une caract\u00e9ristique technique. L&rsquo;intervalle de temps de la fonction \u00ab\u00a0snooze\u00a0\u00bb est automatiquement r\u00e9duit de 9 \u00e0 2 minutes. Cela garantit que vous \u00eates r\u00e9veill\u00e9 en douceur mais de mani\u00e8re fiable.<\/p>\n<p>PROPRI\u00c9T\u00c9S<\/p>\n<p>Alarme sonore flexible : augmente progressivement jusqu&rsquo;\u00e0 plus de 100Db<br \/>\nLumi\u00e8re intense : contient quatre LED lumineuses<br \/>\nCoussin \u00e0 forte vibration : Vibrations sous votre oreiller ou votre matelas<br \/>\nFonction veilleuse : vous guide vers le lit<br \/>\nS\u00e9curit\u00e9 : fonctionne m\u00eame sans alimentation \u00e9lectrique<\/p>\n<p>\u00c9TENDUE DE LA PRESTATION<\/p>\n<p>\u00a0\u00a0\u00a0 Visiter le r\u00e9veil flash<br \/>\n\u00a0\u00a0\u00a0 4 x piles NiMH AAA<br \/>\n\u00a0\u00a0\u00a0 Coussin de vibration<br \/>\n\u00a0\u00a0\u00a0 Unit\u00e9 d&rsquo;alimentation \u00e9lectrique<br \/>\n\u00a0\u00a0\u00a0 Instructions d&rsquo;utilisation<\/p>\n<p>LES SP\u00c9CIFICATIONS TECHNIQUES<\/p>\n<p>Fonctionnement sur piles : fonctionnement avec un bloc d&rsquo;alimentation de 7,5 V, y compris 4 x AAA NiMH comme r\u00e9serve en cas de panne de courant<br \/>\nFr\u00e9quence radio : 868,3 MHz<br \/>\nCouleur : blanc<br \/>\nDimensions et poids : 108x 121x 92 mm (L x H x P), Avec batterie : 390g<\/p>\n","protected":false},"excerpt":{"rendered":"<p>Bellman Classic, r\u00e9veil num\u00e9rique vibrant<br \/>\nLe r\u00e9veil flash Visit (max. 100 dB) vous r\u00e9veille par un signal sonore, une lumi\u00e8re flash et\/ou une vibration du coussin vibreur lorsqu&rsquo;il est temps de vous lever. Il vous informe \u00e9galement lorsque la sonnette de la porte, le t\u00e9l\u00e9phone sonne, votre b\u00e9b\u00e9 a besoin d&rsquo;attention ou lorsque le d\u00e9tecteur de fum\u00e9e a \u00e9t\u00e9 activ\u00e9.<br \/>\n\u00a0<\/p>\n","protected":false},"featured_media":3457,"template":"","meta":{"inline_featured_image":false,"_uag_custom_page_level_css":"","site-sidebar-layout":"default","site-content-layout":"","ast-site-content-layout":"default","site-content-style":"default","site-sidebar-style":"default","ast-global-header-display":"","ast-banner-title-visibility":"","ast-main-header-display":"","ast-hfb-above-header-display":"","ast-hfb-below-header-display":"","ast-hfb-mobile-header-display":"","site-post-title":"","ast-breadcrumbs-content":"","ast-featured-img":"","footer-sml-layout":"","ast-disable-related-posts":"","theme-transparent-header-meta":"","adv-header-id-meta":"","stick-header-meta":"","header-above-stick-meta":"","header-main-stick-meta":"","header-below-stick-meta":"","astra-migrate-meta-layouts":"default","ast-page-background-enabled":"default","ast-page-background-meta":{"desktop":{"background-color":"","background-image":"","background-repeat":"repeat","background-position":"center center","background-size":"auto","background-attachment":"scroll","background-type":"","background-media":"","overlay-type":"","overlay-color":"","overlay-opacity":"","overlay-gradient":""},"tablet":{"background-color":"","background-image":"","background-repeat":"repeat","background-position":"center center","background-size":"auto","background-attachment":"scroll","background-type":"","background-media":"","overlay-type":"","overlay-color":"","overlay-opacity":"","overlay-gradient":""},"mobile":{"background-color":"","background-image":"","background-repeat":"repeat","background-position":"center center","background-size":"auto","background-attachment":"scroll","background-type":"","background-media":"","overlay-type":"","overlay-color":"","overlay-opacity":"","overlay-gradient":""}},"ast-content-background-meta":{"desktop":{"background-color":"var(--ast-global-color-5)","background-image":"","background-repeat":"repeat","background-position":"center center","background-size":"auto","background-attachment":"scroll","background-type":"","background-media":"","overlay-type":"","overlay-color":"","overlay-opacity":"","overlay-gradient":""},"tablet":{"background-color":"var(--ast-global-color-5)","background-image":"","background-repeat":"repeat","background-position":"center center","background-size":"auto","background-attachment":"scroll","background-type":"","background-media":"","overlay-type":"","overlay-color":"","overlay-opacity":"","overlay-gradient":""},"mobile":{"background-color":"var(--ast-global-color-5)","background-image":"","background-repeat":"repeat","background-position":"center center","background-size":"auto","background-attachment":"scroll","background-type":"","background-media":"","overlay-type":"","overlay-color":"","overlay-opacity":"","overlay-gradient":""}}},"product_brand":[],"product_cat":[1776],"product_tag":[],"class_list":{"0":"post-3471","1":"product","2":"type-product","3":"status-publish","4":"has-post-thumbnail","6":"product_cat-unkategorisiert","7":"desktop-align-center","8":"tablet-align-center","9":"mobile-align-center","10":"ast-product-gallery-layout-horizontal-slider","11":"ast-product-tabs-layout-accordion","13":"first","14":"instock","15":"taxable","16":"shipping-taxable","17":"purchasable","18":"product-type-simple"},"yoast_head":"<!-- This site is optimized with the Yoast SEO plugin v27.5 - https:\/\/yoast.com\/product\/yoast-seo-wordpress\/ -->\n<title>Bellman Visit 868 R\u00e9veil classique avec coussin vibrant im Onlineshop | Gleichcom AG<\/title>\n<meta name=\"description\" content=\"\u2705 Bellman Classic, r\u00e9veil num\u00e9rique vibrant Le r\u00e9veil flash Visit (max. 100 dB) vous r\u00e9veille par un signal sonore, une lumi\u00e8re flash et\/ou une vibration du coussin vibreur lorsqu&#039;il est temps de vous lever. Il vous informe \u00e9galement lorsque la sonnette de la porte, le t\u00e9l\u00e9phone sonne, votre b\u00e9b\u00e9 a besoin d&#039;attention ou lorsque le d\u00e9tecteur de fum\u00e9e a \u00e9t\u00e9 activ\u00e9. \u00a0\" \/>\n<meta name=\"robots\" content=\"noindex, follow, max-snippet:-1, max-image-preview:large, max-video-preview:-1\" \/>\n<meta property=\"og:locale\" content=\"fr_FR\" \/>\n<meta property=\"og:type\" content=\"article\" \/>\n<meta property=\"og:title\" content=\"Bellman Visit 868 R\u00e9veil classique avec coussin vibrant im Onlineshop | Gleichcom AG\" \/>\n<meta property=\"og:description\" content=\"\u2705 Bellman Classic, r\u00e9veil num\u00e9rique vibrant Le r\u00e9veil flash Visit (max. 100 dB) vous r\u00e9veille par un signal sonore, une lumi\u00e8re flash et\/ou une vibration du coussin vibreur lorsqu&#039;il est temps de vous lever. Il vous informe \u00e9galement lorsque la sonnette de la porte, le t\u00e9l\u00e9phone sonne, votre b\u00e9b\u00e9 a besoin d&#039;attention ou lorsque le d\u00e9tecteur de fum\u00e9e a \u00e9t\u00e9 activ\u00e9. \u00a0\" \/>\n<meta property=\"og:url\" content=\"https:\/\/www.gleichcom.samuraidev.ch\/fr\/shop\/bellman-visit-868-wecker-classic-mit-vibrationskissen\/\" \/>\n<meta property=\"og:site_name\" content=\"Gleichcom AG\" \/>\n<meta property=\"article:publisher\" content=\"https:\/\/www.facebook.com\/profile.php?id=100068749126981\" \/>\n<meta property=\"og:image\" content=\"https:\/\/www.gleichcom.samuraidev.ch\/wp-content\/uploads\/2023\/09\/classicalarmclockwbedshaker_z1_604_0.jpg\" \/>\n\t<meta property=\"og:image:width\" content=\"500\" \/>\n\t<meta property=\"og:image:height\" content=\"400\" \/>\n\t<meta property=\"og:image:type\" content=\"image\/jpeg\" \/>\n<meta name=\"twitter:card\" content=\"summary_large_image\" \/>\n<script type=\"application\/ld+json\" class=\"yoast-schema-graph\">{\"@context\":\"https:\\\/\\\/schema.org\",\"@graph\":[{\"@type\":\"WebPage\",\"@id\":\"https:\\\/\\\/www.gleichcom.samuraidev.ch\\\/fr\\\/shop\\\/bellman-visit-868-wecker-classic-mit-vibrationskissen\\\/\",\"url\":\"https:\\\/\\\/www.gleichcom.samuraidev.ch\\\/fr\\\/shop\\\/bellman-visit-868-wecker-classic-mit-vibrationskissen\\\/\",\"name\":\"Bellman Visit 868 R\u00e9veil classique avec coussin vibrant im Onlineshop | Gleichcom AG\",\"isPartOf\":{\"@id\":\"https:\\\/\\\/www.gleichcom.samuraidev.ch\\\/fr\\\/#website\"},\"primaryImageOfPage\":{\"@id\":\"https:\\\/\\\/www.gleichcom.samuraidev.ch\\\/fr\\\/shop\\\/bellman-visit-868-wecker-classic-mit-vibrationskissen\\\/#primaryimage\"},\"image\":{\"@id\":\"https:\\\/\\\/www.gleichcom.samuraidev.ch\\\/fr\\\/shop\\\/bellman-visit-868-wecker-classic-mit-vibrationskissen\\\/#primaryimage\"},\"thumbnailUrl\":\"https:\\\/\\\/www.gleichcom.samuraidev.ch\\\/wp-content\\\/uploads\\\/2023\\\/09\\\/classicalarmclockwbedshaker_z1_604_0.jpg\",\"datePublished\":\"2014-10-06T14:37:45+00:00\",\"description\":\"\u2705 Bellman Classic, r\u00e9veil num\u00e9rique vibrant Le r\u00e9veil flash Visit (max. 100 dB) vous r\u00e9veille par un signal sonore, une lumi\u00e8re flash et\\\/ou une vibration du coussin vibreur lorsqu'il est temps de vous lever. Il vous informe \u00e9galement lorsque la sonnette de la porte, le t\u00e9l\u00e9phone sonne, votre b\u00e9b\u00e9 a besoin d'attention ou lorsque le d\u00e9tecteur de fum\u00e9e a \u00e9t\u00e9 activ\u00e9. \u00a0\",\"breadcrumb\":{\"@id\":\"https:\\\/\\\/www.gleichcom.samuraidev.ch\\\/fr\\\/shop\\\/bellman-visit-868-wecker-classic-mit-vibrationskissen\\\/#breadcrumb\"},\"inLanguage\":\"fr-FR\",\"potentialAction\":[{\"@type\":\"ReadAction\",\"target\":[\"https:\\\/\\\/www.gleichcom.samuraidev.ch\\\/fr\\\/shop\\\/bellman-visit-868-wecker-classic-mit-vibrationskissen\\\/\"]}]},{\"@type\":\"ImageObject\",\"inLanguage\":\"fr-FR\",\"@id\":\"https:\\\/\\\/www.gleichcom.samuraidev.ch\\\/fr\\\/shop\\\/bellman-visit-868-wecker-classic-mit-vibrationskissen\\\/#primaryimage\",\"url\":\"https:\\\/\\\/www.gleichcom.samuraidev.ch\\\/wp-content\\\/uploads\\\/2023\\\/09\\\/classicalarmclockwbedshaker_z1_604_0.jpg\",\"contentUrl\":\"https:\\\/\\\/www.gleichcom.samuraidev.ch\\\/wp-content\\\/uploads\\\/2023\\\/09\\\/classicalarmclockwbedshaker_z1_604_0.jpg\",\"width\":500,\"height\":400},{\"@type\":\"BreadcrumbList\",\"@id\":\"https:\\\/\\\/www.gleichcom.samuraidev.ch\\\/fr\\\/shop\\\/bellman-visit-868-wecker-classic-mit-vibrationskissen\\\/#breadcrumb\",\"itemListElement\":[{\"@type\":\"ListItem\",\"position\":1,\"name\":\"Startseite\",\"item\":\"https:\\\/\\\/www.gleichcom.samuraidev.ch\\\/fr\\\/\"},{\"@type\":\"ListItem\",\"position\":2,\"name\":\"Shop\",\"item\":\"https:\\\/\\\/www.gleichcom.samuraidev.ch\\\/fr\\\/shop\\\/\"},{\"@type\":\"ListItem\",\"position\":3,\"name\":\"Bellman Visit 868 R\u00e9veil classique avec coussin vibrant\"}]},{\"@type\":\"WebSite\",\"@id\":\"https:\\\/\\\/www.gleichcom.samuraidev.ch\\\/fr\\\/#website\",\"url\":\"https:\\\/\\\/www.gleichcom.samuraidev.ch\\\/fr\\\/\",\"name\":\"Gleichcom AG\",\"description\":\"besser h\u00f6ren. besser sehen. besser leben.\",\"publisher\":{\"@id\":\"https:\\\/\\\/www.gleichcom.samuraidev.ch\\\/fr\\\/#organization\"},\"alternateName\":\"Gleichcom\",\"potentialAction\":[{\"@type\":\"SearchAction\",\"target\":{\"@type\":\"EntryPoint\",\"urlTemplate\":\"https:\\\/\\\/www.gleichcom.samuraidev.ch\\\/fr\\\/?s={search_term_string}\"},\"query-input\":{\"@type\":\"PropertyValueSpecification\",\"valueRequired\":true,\"valueName\":\"search_term_string\"}}],\"inLanguage\":\"fr-FR\"},{\"@type\":\"Organization\",\"@id\":\"https:\\\/\\\/www.gleichcom.samuraidev.ch\\\/fr\\\/#organization\",\"name\":\"Gleichcom AG\",\"alternateName\":\"Gleichcom\",\"url\":\"https:\\\/\\\/www.gleichcom.samuraidev.ch\\\/fr\\\/\",\"logo\":{\"@type\":\"ImageObject\",\"inLanguage\":\"fr-FR\",\"@id\":\"https:\\\/\\\/www.gleichcom.samuraidev.ch\\\/fr\\\/#\\\/schema\\\/logo\\\/image\\\/\",\"url\":\"https:\\\/\\\/www.gleichcom.samuraidev.ch\\\/wp-content\\\/uploads\\\/2023\\\/09\\\/gleichcom-ag-logo-quadrat-farbig-mitte@696.png\",\"contentUrl\":\"https:\\\/\\\/www.gleichcom.samuraidev.ch\\\/wp-content\\\/uploads\\\/2023\\\/09\\\/gleichcom-ag-logo-quadrat-farbig-mitte@696.png\",\"width\":437,\"height\":437,\"caption\":\"Gleichcom AG\"},\"image\":{\"@id\":\"https:\\\/\\\/www.gleichcom.samuraidev.ch\\\/fr\\\/#\\\/schema\\\/logo\\\/image\\\/\"},\"sameAs\":[\"https:\\\/\\\/www.facebook.com\\\/profile.php?id=100068749126981\"]}]}<\/script>\n<!-- \/ Yoast SEO plugin. -->","yoast_head_json":{"title":"Bellman Visit 868 R\u00e9veil classique avec coussin vibrant im Onlineshop | Gleichcom AG","description":"\u2705 Bellman Classic, r\u00e9veil num\u00e9rique vibrant Le r\u00e9veil flash Visit (max. 100 dB) vous r\u00e9veille par un signal sonore, une lumi\u00e8re flash et\/ou une vibration du coussin vibreur lorsqu'il est temps de vous lever. Il vous informe \u00e9galement lorsque la sonnette de la porte, le t\u00e9l\u00e9phone sonne, votre b\u00e9b\u00e9 a besoin d'attention ou lorsque le d\u00e9tecteur de fum\u00e9e a \u00e9t\u00e9 activ\u00e9. \u00a0","robots":{"index":"noindex","follow":"follow","max-snippet":"max-snippet:-1","max-image-preview":"max-image-preview:large","max-video-preview":"max-video-preview:-1"},"og_locale":"fr_FR","og_type":"article","og_title":"Bellman Visit 868 R\u00e9veil classique avec coussin vibrant im Onlineshop | Gleichcom AG","og_description":"\u2705 Bellman Classic, r\u00e9veil num\u00e9rique vibrant Le r\u00e9veil flash Visit (max. 100 dB) vous r\u00e9veille par un signal sonore, une lumi\u00e8re flash et\/ou une vibration du coussin vibreur lorsqu'il est temps de vous lever. Il vous informe \u00e9galement lorsque la sonnette de la porte, le t\u00e9l\u00e9phone sonne, votre b\u00e9b\u00e9 a besoin d'attention ou lorsque le d\u00e9tecteur de fum\u00e9e a \u00e9t\u00e9 activ\u00e9. \u00a0","og_url":"https:\/\/www.gleichcom.samuraidev.ch\/fr\/shop\/bellman-visit-868-wecker-classic-mit-vibrationskissen\/","og_site_name":"Gleichcom AG","article_publisher":"https:\/\/www.facebook.com\/profile.php?id=100068749126981","og_image":[{"width":500,"height":400,"url":"https:\/\/www.gleichcom.samuraidev.ch\/wp-content\/uploads\/2023\/09\/classicalarmclockwbedshaker_z1_604_0.jpg","type":"image\/jpeg"}],"twitter_card":"summary_large_image","schema":{"@context":"https:\/\/schema.org","@graph":[{"@type":"WebPage","@id":"https:\/\/www.gleichcom.samuraidev.ch\/fr\/shop\/bellman-visit-868-wecker-classic-mit-vibrationskissen\/","url":"https:\/\/www.gleichcom.samuraidev.ch\/fr\/shop\/bellman-visit-868-wecker-classic-mit-vibrationskissen\/","name":"Bellman Visit 868 R\u00e9veil classique avec coussin vibrant im Onlineshop | Gleichcom AG","isPartOf":{"@id":"https:\/\/www.gleichcom.samuraidev.ch\/fr\/#website"},"primaryImageOfPage":{"@id":"https:\/\/www.gleichcom.samuraidev.ch\/fr\/shop\/bellman-visit-868-wecker-classic-mit-vibrationskissen\/#primaryimage"},"image":{"@id":"https:\/\/www.gleichcom.samuraidev.ch\/fr\/shop\/bellman-visit-868-wecker-classic-mit-vibrationskissen\/#primaryimage"},"thumbnailUrl":"https:\/\/www.gleichcom.samuraidev.ch\/wp-content\/uploads\/2023\/09\/classicalarmclockwbedshaker_z1_604_0.jpg","datePublished":"2014-10-06T14:37:45+00:00","description":"\u2705 Bellman Classic, r\u00e9veil num\u00e9rique vibrant Le r\u00e9veil flash Visit (max. 100 dB) vous r\u00e9veille par un signal sonore, une lumi\u00e8re flash et\/ou une vibration du coussin vibreur lorsqu'il est temps de vous lever. Il vous informe \u00e9galement lorsque la sonnette de la porte, le t\u00e9l\u00e9phone sonne, votre b\u00e9b\u00e9 a besoin d'attention ou lorsque le d\u00e9tecteur de fum\u00e9e a \u00e9t\u00e9 activ\u00e9. \u00a0","breadcrumb":{"@id":"https:\/\/www.gleichcom.samuraidev.ch\/fr\/shop\/bellman-visit-868-wecker-classic-mit-vibrationskissen\/#breadcrumb"},"inLanguage":"fr-FR","potentialAction":[{"@type":"ReadAction","target":["https:\/\/www.gleichcom.samuraidev.ch\/fr\/shop\/bellman-visit-868-wecker-classic-mit-vibrationskissen\/"]}]},{"@type":"ImageObject","inLanguage":"fr-FR","@id":"https:\/\/www.gleichcom.samuraidev.ch\/fr\/shop\/bellman-visit-868-wecker-classic-mit-vibrationskissen\/#primaryimage","url":"https:\/\/www.gleichcom.samuraidev.ch\/wp-content\/uploads\/2023\/09\/classicalarmclockwbedshaker_z1_604_0.jpg","contentUrl":"https:\/\/www.gleichcom.samuraidev.ch\/wp-content\/uploads\/2023\/09\/classicalarmclockwbedshaker_z1_604_0.jpg","width":500,"height":400},{"@type":"BreadcrumbList","@id":"https:\/\/www.gleichcom.samuraidev.ch\/fr\/shop\/bellman-visit-868-wecker-classic-mit-vibrationskissen\/#breadcrumb","itemListElement":[{"@type":"ListItem","position":1,"name":"Startseite","item":"https:\/\/www.gleichcom.samuraidev.ch\/fr\/"},{"@type":"ListItem","position":2,"name":"Shop","item":"https:\/\/www.gleichcom.samuraidev.ch\/fr\/shop\/"},{"@type":"ListItem","position":3,"name":"Bellman Visit 868 R\u00e9veil classique avec coussin vibrant"}]},{"@type":"WebSite","@id":"https:\/\/www.gleichcom.samuraidev.ch\/fr\/#website","url":"https:\/\/www.gleichcom.samuraidev.ch\/fr\/","name":"Gleichcom AG","description":"besser h\u00f6ren. besser sehen. besser leben.","publisher":{"@id":"https:\/\/www.gleichcom.samuraidev.ch\/fr\/#organization"},"alternateName":"Gleichcom","potentialAction":[{"@type":"SearchAction","target":{"@type":"EntryPoint","urlTemplate":"https:\/\/www.gleichcom.samuraidev.ch\/fr\/?s={search_term_string}"},"query-input":{"@type":"PropertyValueSpecification","valueRequired":true,"valueName":"search_term_string"}}],"inLanguage":"fr-FR"},{"@type":"Organization","@id":"https:\/\/www.gleichcom.samuraidev.ch\/fr\/#organization","name":"Gleichcom AG","alternateName":"Gleichcom","url":"https:\/\/www.gleichcom.samuraidev.ch\/fr\/","logo":{"@type":"ImageObject","inLanguage":"fr-FR","@id":"https:\/\/www.gleichcom.samuraidev.ch\/fr\/#\/schema\/logo\/image\/","url":"https:\/\/www.gleichcom.samuraidev.ch\/wp-content\/uploads\/2023\/09\/gleichcom-ag-logo-quadrat-farbig-mitte@696.png","contentUrl":"https:\/\/www.gleichcom.samuraidev.ch\/wp-content\/uploads\/2023\/09\/gleichcom-ag-logo-quadrat-farbig-mitte@696.png","width":437,"height":437,"caption":"Gleichcom AG"},"image":{"@id":"https:\/\/www.gleichcom.samuraidev.ch\/fr\/#\/schema\/logo\/image\/"},"sameAs":["https:\/\/www.facebook.com\/profile.php?id=100068749126981"]}]}},"uagb_featured_image_src":{"full":["https:\/\/www.gleichcom.samuraidev.ch\/wp-content\/uploads\/2023\/09\/classicalarmclockwbedshaker_z1_604_0.jpg",500,400,false],"thumbnail":["https:\/\/www.gleichcom.samuraidev.ch\/wp-content\/uploads\/2023\/09\/classicalarmclockwbedshaker_z1_604_0.jpg",150,120,false],"medium":["https:\/\/www.gleichcom.samuraidev.ch\/wp-content\/uploads\/2023\/09\/classicalarmclockwbedshaker_z1_604_0.jpg",300,240,false],"medium_large":["https:\/\/www.gleichcom.samuraidev.ch\/wp-content\/uploads\/2023\/09\/classicalarmclockwbedshaker_z1_604_0.jpg",500,400,false],"large":["https:\/\/www.gleichcom.samuraidev.ch\/wp-content\/uploads\/2023\/09\/classicalarmclockwbedshaker_z1_604_0.jpg",500,400,false],"1536x1536":["https:\/\/www.gleichcom.samuraidev.ch\/wp-content\/uploads\/2023\/09\/classicalarmclockwbedshaker_z1_604_0.jpg",500,400,false],"2048x2048":["https:\/\/www.gleichcom.samuraidev.ch\/wp-content\/uploads\/2023\/09\/classicalarmclockwbedshaker_z1_604_0.jpg",500,400,false],"woocommerce_thumbnail":["https:\/\/www.gleichcom.samuraidev.ch\/wp-content\/uploads\/2023\/09\/classicalarmclockwbedshaker_z1_604_0.jpg",300,240,false],"woocommerce_single":["https:\/\/www.gleichcom.samuraidev.ch\/wp-content\/uploads\/2023\/09\/classicalarmclockwbedshaker_z1_604_0.jpg",500,400,false],"woocommerce_gallery_thumbnail":["https:\/\/www.gleichcom.samuraidev.ch\/wp-content\/uploads\/2023\/09\/classicalarmclockwbedshaker_z1_604_0-100x100.jpg",100,100,true]},"uagb_author_info":{"display_name":"","author_link":"https:\/\/www.gleichcom.samuraidev.ch\/fr\/author\/"},"uagb_comment_info":0,"uagb_excerpt":"Bellman Classic, r\u00e9veil num\u00e9rique vibrant Le r\u00e9veil flash Visit (max. 100 dB) vous r\u00e9veille par un signal sonore, une lumi\u00e8re flash et\/ou une vibration du coussin vibreur lorsqu'il est temps de vous lever. Il vous informe \u00e9galement lorsque la sonnette de la porte, le t\u00e9l\u00e9phone sonne, votre b\u00e9b\u00e9 a besoin d'attention ou lorsque le d\u00e9tecteur\u2026","_links":{"self":[{"href":"https:\/\/www.gleichcom.samuraidev.ch\/fr\/wp-json\/wp\/v2\/product\/3471","targetHints":{"allow":["GET"]}}],"collection":[{"href":"https:\/\/www.gleichcom.samuraidev.ch\/fr\/wp-json\/wp\/v2\/product"}],"about":[{"href":"https:\/\/www.gleichcom.samuraidev.ch\/fr\/wp-json\/wp\/v2\/types\/product"}],"wp:featuredmedia":[{"embeddable":true,"href":"https:\/\/www.gleichcom.samuraidev.ch\/fr\/wp-json\/wp\/v2\/media\/3457"}],"wp:attachment":[{"href":"https:\/\/www.gleichcom.samuraidev.ch\/fr\/wp-json\/wp\/v2\/media?parent=3471"}],"wp:term":[{"taxonomy":"product_brand","embeddable":true,"href":"https:\/\/www.gleichcom.samuraidev.ch\/fr\/wp-json\/wp\/v2\/product_brand?post=3471"},{"taxonomy":"product_cat","embeddable":true,"href":"https:\/\/www.gleichcom.samuraidev.ch\/fr\/wp-json\/wp\/v2\/product_cat?post=3471"},{"taxonomy":"product_tag","embeddable":true,"href":"https:\/\/www.gleichcom.samuraidev.ch\/fr\/wp-json\/wp\/v2\/product_tag?post=3471"}],"curies":[{"name":"wp","href":"https:\/\/api.w.org\/{rel}","templated":true}]}}