{"id":3669,"date":"2015-09-01T17:00:26","date_gmt":"2015-09-01T15:00:26","guid":{"rendered":"https:\/\/www.gleichcom.samuraidev.ch\/?product=cochlear-wireless-telefonclip-bluetooth"},"modified":"1000-01-01T00:00:00","modified_gmt":"1000-01-01T00:00:00","slug":"cochlear-wireless-telefonclip-bluetooth","status":"publish","type":"product","link":"https:\/\/www.gleichcom.samuraidev.ch\/fr\/shop\/cochlear-wireless-telefonclip-bluetooth\/","title":{"rendered":"Phone Clip sans fil Cochlear\u2122 Bluetooth"},"content":{"rendered":"<p><strong>Clip t\u00e9l\u00e9phonique Cochlear Wireless<\/strong><\/p>\n<p>Le Wireless Phone Clip permet aux utilisateurs d&rsquo;implants cochl\u00e9aires de r\u00e9pondre \u00e0 des appels t\u00e9l\u00e9phoniques en utilisant une fonction mains libres. La parole est clairement et distinctement transmise directement \u00e0 l&rsquo;IC, m\u00eame en pr\u00e9sence de bruits et de bruits de fond. La petite taille et le design pratique permettent d&#8217;emporter le clip partout. Le contr\u00f4le du volume est possible directement sur le clip. Gr\u00e2ce \u00e0 sa petite taille et \u00e0 sa conception pratique, le clip peut \u00eatre emport\u00e9 partout.<\/p>\n<p>Caract\u00e9ristiques :<\/p>\n<p>\u00a0\u00a0\u00a0 6 heures de temps de parole<br \/>\n\u00a0\u00a0\u00a0 80 heures de veille<br \/>\n\u00a0\u00a0\u00a0 Fonctions de rejet et de transfert d&rsquo;appel, de r\u00e9p\u00e9tition du dernier num\u00e9ro compos\u00e9 et de num\u00e9rotation vocale<br \/>\n\u00a0\u00a0\u00a0 Bouton de mise en sourdine du microphone du processeur de son pour supprimer le bruit ambiant<br \/>\n\u00a0\u00a0\u00a0 Se connecter simultan\u00e9ment \u00e0 deux appareils Bluetooth (tels qu&rsquo;un t\u00e9l\u00e9phone et une tablette PC)<br \/>\n\u00a0\u00a0\u00a0 Fonctions de contr\u00f4le \u00e0 distance faciles \u00e0 utiliser<br \/>\n\u00a0\u00a0\u00a0 Un son st\u00e9r\u00e9o de haute qualit\u00e9 pour la transmission de la musique<\/p>\n<p>Tous les c\u00e2bles et l&rsquo;alimentation \u00e9lectrique n\u00e9cessaires sont inclus dans le volume de livraison.<br \/>\nDemandez votre appareil d\u00e8s aujourd&rsquo;hui pour un essai gratuit de 10 jours \u00e0 votre domicile.<\/p>\n<p>Nous serons \u00e9galement heureux de vous conseiller, sur rendez-vous, dans notre salle d&rsquo;exposition<\/p>\n","protected":false},"excerpt":{"rendered":"<p>Le Wireless Phone Clip permet aux utilisateurs d&rsquo;implants cochl\u00e9aires de r\u00e9pondre \u00e0 des appels t\u00e9l\u00e9phoniques en utilisant une fonction mains libres. La parole est clairement et distinctement transmise directement \u00e0 l&rsquo;IC, m\u00eame en pr\u00e9sence de bruit et de bruits de fond.<\/p>\n","protected":false},"featured_media":3664,"template":"","meta":{"inline_featured_image":false,"_uag_custom_page_level_css":"","site-sidebar-layout":"default","site-content-layout":"","ast-site-content-layout":"default","site-content-style":"default","site-sidebar-style":"default","ast-global-header-display":"","ast-banner-title-visibility":"","ast-main-header-display":"","ast-hfb-above-header-display":"","ast-hfb-below-header-display":"","ast-hfb-mobile-header-display":"","site-post-title":"","ast-breadcrumbs-content":"","ast-featured-img":"","footer-sml-layout":"","ast-disable-related-posts":"","theme-transparent-header-meta":"","adv-header-id-meta":"","stick-header-meta":"","header-above-stick-meta":"","header-main-stick-meta":"","header-below-stick-meta":"","astra-migrate-meta-layouts":"default","ast-page-background-enabled":"default","ast-page-background-meta":{"desktop":{"background-color":"","background-image":"","background-repeat":"repeat","background-position":"center center","background-size":"auto","background-attachment":"scroll","background-type":"","background-media":"","overlay-type":"","overlay-color":"","overlay-opacity":"","overlay-gradient":""},"tablet":{"background-color":"","background-image":"","background-repeat":"repeat","background-position":"center center","background-size":"auto","background-attachment":"scroll","background-type":"","background-media":"","overlay-type":"","overlay-color":"","overlay-opacity":"","overlay-gradient":""},"mobile":{"background-color":"","background-image":"","background-repeat":"repeat","background-position":"center center","background-size":"auto","background-attachment":"scroll","background-type":"","background-media":"","overlay-type":"","overlay-color":"","overlay-opacity":"","overlay-gradient":""}},"ast-content-background-meta":{"desktop":{"background-color":"var(--ast-global-color-5)","background-image":"","background-repeat":"repeat","background-position":"center center","background-size":"auto","background-attachment":"scroll","background-type":"","background-media":"","overlay-type":"","overlay-color":"","overlay-opacity":"","overlay-gradient":""},"tablet":{"background-color":"var(--ast-global-color-5)","background-image":"","background-repeat":"repeat","background-position":"center center","background-size":"auto","background-attachment":"scroll","background-type":"","background-media":"","overlay-type":"","overlay-color":"","overlay-opacity":"","overlay-gradient":""},"mobile":{"background-color":"var(--ast-global-color-5)","background-image":"","background-repeat":"repeat","background-position":"center center","background-size":"auto","background-attachment":"scroll","background-type":"","background-media":"","overlay-type":"","overlay-color":"","overlay-opacity":"","overlay-gradient":""}}},"product_brand":[],"product_cat":[2927],"product_tag":[],"class_list":{"0":"post-3669","1":"product","2":"type-product","3":"status-publish","4":"has-post-thumbnail","6":"product_cat-microphones-supplementaires-pour-implant-cochleaire-fr","7":"desktop-align-center","8":"tablet-align-center","9":"mobile-align-center","10":"ast-product-gallery-layout-horizontal-slider","11":"ast-product-tabs-layout-accordion","13":"first","14":"outofstock","15":"taxable","16":"shipping-taxable","17":"purchasable","18":"product-type-simple"},"yoast_head":"<!-- This site is optimized with the Yoast SEO plugin v27.5 - https:\/\/yoast.com\/product\/yoast-seo-wordpress\/ -->\n<title>Phone Clip sans fil Cochlear\u2122 Bluetooth im Onlineshop | Gleichcom AG<\/title>\n<meta name=\"description\" content=\"\u2705 Le Wireless Phone Clip permet aux utilisateurs d&#039;implants cochl\u00e9aires de r\u00e9pondre \u00e0 des appels t\u00e9l\u00e9phoniques en utilisant une fonction mains libres. La parole est clairement et distinctement transmise directement \u00e0 l&#039;IC, m\u00eame en pr\u00e9sence de bruit et de bruits de fond.\" \/>\n<meta name=\"robots\" content=\"noindex, follow, max-snippet:-1, max-image-preview:large, max-video-preview:-1\" \/>\n<meta property=\"og:locale\" content=\"fr_FR\" \/>\n<meta property=\"og:type\" content=\"article\" \/>\n<meta property=\"og:title\" content=\"Phone Clip sans fil Cochlear\u2122 Bluetooth im Onlineshop | Gleichcom AG\" \/>\n<meta property=\"og:description\" content=\"\u2705 Le Wireless Phone Clip permet aux utilisateurs d&#039;implants cochl\u00e9aires de r\u00e9pondre \u00e0 des appels t\u00e9l\u00e9phoniques en utilisant une fonction mains libres. La parole est clairement et distinctement transmise directement \u00e0 l&#039;IC, m\u00eame en pr\u00e9sence de bruit et de bruits de fond.\" \/>\n<meta property=\"og:url\" content=\"https:\/\/www.gleichcom.samuraidev.ch\/fr\/shop\/cochlear-wireless-telefonclip-bluetooth\/\" \/>\n<meta property=\"og:site_name\" content=\"Gleichcom AG\" \/>\n<meta property=\"article:publisher\" content=\"https:\/\/www.facebook.com\/profile.php?id=100068749126981\" \/>\n<meta property=\"og:image\" content=\"https:\/\/www.gleichcom.samuraidev.ch\/wp-content\/uploads\/2023\/09\/en_product_cochlearwirelessaccessories_phoneclip_featuredimage_250x200.jpg\" \/>\n\t<meta property=\"og:image:width\" content=\"500\" \/>\n\t<meta property=\"og:image:height\" content=\"400\" \/>\n\t<meta property=\"og:image:type\" content=\"image\/jpeg\" \/>\n<meta name=\"twitter:card\" content=\"summary_large_image\" \/>\n<script type=\"application\/ld+json\" class=\"yoast-schema-graph\">{\"@context\":\"https:\\\/\\\/schema.org\",\"@graph\":[{\"@type\":\"WebPage\",\"@id\":\"https:\\\/\\\/www.gleichcom.samuraidev.ch\\\/fr\\\/shop\\\/cochlear-wireless-telefonclip-bluetooth\\\/\",\"url\":\"https:\\\/\\\/www.gleichcom.samuraidev.ch\\\/fr\\\/shop\\\/cochlear-wireless-telefonclip-bluetooth\\\/\",\"name\":\"Phone Clip sans fil Cochlear\u2122 Bluetooth im Onlineshop | Gleichcom AG\",\"isPartOf\":{\"@id\":\"https:\\\/\\\/www.gleichcom.samuraidev.ch\\\/fr\\\/#website\"},\"primaryImageOfPage\":{\"@id\":\"https:\\\/\\\/www.gleichcom.samuraidev.ch\\\/fr\\\/shop\\\/cochlear-wireless-telefonclip-bluetooth\\\/#primaryimage\"},\"image\":{\"@id\":\"https:\\\/\\\/www.gleichcom.samuraidev.ch\\\/fr\\\/shop\\\/cochlear-wireless-telefonclip-bluetooth\\\/#primaryimage\"},\"thumbnailUrl\":\"https:\\\/\\\/www.gleichcom.samuraidev.ch\\\/wp-content\\\/uploads\\\/2023\\\/09\\\/en_product_cochlearwirelessaccessories_phoneclip_featuredimage_250x200.jpg\",\"datePublished\":\"2015-09-01T15:00:26+00:00\",\"description\":\"\u2705 Le Wireless Phone Clip permet aux utilisateurs d'implants cochl\u00e9aires de r\u00e9pondre \u00e0 des appels t\u00e9l\u00e9phoniques en utilisant une fonction mains libres. La parole est clairement et distinctement transmise directement \u00e0 l'IC, m\u00eame en pr\u00e9sence de bruit et de bruits de fond.\",\"breadcrumb\":{\"@id\":\"https:\\\/\\\/www.gleichcom.samuraidev.ch\\\/fr\\\/shop\\\/cochlear-wireless-telefonclip-bluetooth\\\/#breadcrumb\"},\"inLanguage\":\"fr-FR\",\"potentialAction\":[{\"@type\":\"ReadAction\",\"target\":[\"https:\\\/\\\/www.gleichcom.samuraidev.ch\\\/fr\\\/shop\\\/cochlear-wireless-telefonclip-bluetooth\\\/\"]}]},{\"@type\":\"ImageObject\",\"inLanguage\":\"fr-FR\",\"@id\":\"https:\\\/\\\/www.gleichcom.samuraidev.ch\\\/fr\\\/shop\\\/cochlear-wireless-telefonclip-bluetooth\\\/#primaryimage\",\"url\":\"https:\\\/\\\/www.gleichcom.samuraidev.ch\\\/wp-content\\\/uploads\\\/2023\\\/09\\\/en_product_cochlearwirelessaccessories_phoneclip_featuredimage_250x200.jpg\",\"contentUrl\":\"https:\\\/\\\/www.gleichcom.samuraidev.ch\\\/wp-content\\\/uploads\\\/2023\\\/09\\\/en_product_cochlearwirelessaccessories_phoneclip_featuredimage_250x200.jpg\",\"width\":500,\"height\":400,\"caption\":\"Cochlear Wireless Phone Clip\"},{\"@type\":\"BreadcrumbList\",\"@id\":\"https:\\\/\\\/www.gleichcom.samuraidev.ch\\\/fr\\\/shop\\\/cochlear-wireless-telefonclip-bluetooth\\\/#breadcrumb\",\"itemListElement\":[{\"@type\":\"ListItem\",\"position\":1,\"name\":\"Startseite\",\"item\":\"https:\\\/\\\/www.gleichcom.samuraidev.ch\\\/fr\\\/\"},{\"@type\":\"ListItem\",\"position\":2,\"name\":\"Shop\",\"item\":\"https:\\\/\\\/www.gleichcom.samuraidev.ch\\\/fr\\\/shop\\\/\"},{\"@type\":\"ListItem\",\"position\":3,\"name\":\"Phone Clip sans fil Cochlear\u2122 Bluetooth\"}]},{\"@type\":\"WebSite\",\"@id\":\"https:\\\/\\\/www.gleichcom.samuraidev.ch\\\/fr\\\/#website\",\"url\":\"https:\\\/\\\/www.gleichcom.samuraidev.ch\\\/fr\\\/\",\"name\":\"Gleichcom AG\",\"description\":\"besser h\u00f6ren. besser sehen. besser leben.\",\"publisher\":{\"@id\":\"https:\\\/\\\/www.gleichcom.samuraidev.ch\\\/fr\\\/#organization\"},\"alternateName\":\"Gleichcom\",\"potentialAction\":[{\"@type\":\"SearchAction\",\"target\":{\"@type\":\"EntryPoint\",\"urlTemplate\":\"https:\\\/\\\/www.gleichcom.samuraidev.ch\\\/fr\\\/?s={search_term_string}\"},\"query-input\":{\"@type\":\"PropertyValueSpecification\",\"valueRequired\":true,\"valueName\":\"search_term_string\"}}],\"inLanguage\":\"fr-FR\"},{\"@type\":\"Organization\",\"@id\":\"https:\\\/\\\/www.gleichcom.samuraidev.ch\\\/fr\\\/#organization\",\"name\":\"Gleichcom AG\",\"alternateName\":\"Gleichcom\",\"url\":\"https:\\\/\\\/www.gleichcom.samuraidev.ch\\\/fr\\\/\",\"logo\":{\"@type\":\"ImageObject\",\"inLanguage\":\"fr-FR\",\"@id\":\"https:\\\/\\\/www.gleichcom.samuraidev.ch\\\/fr\\\/#\\\/schema\\\/logo\\\/image\\\/\",\"url\":\"https:\\\/\\\/www.gleichcom.samuraidev.ch\\\/wp-content\\\/uploads\\\/2023\\\/09\\\/gleichcom-ag-logo-quadrat-farbig-mitte@696.png\",\"contentUrl\":\"https:\\\/\\\/www.gleichcom.samuraidev.ch\\\/wp-content\\\/uploads\\\/2023\\\/09\\\/gleichcom-ag-logo-quadrat-farbig-mitte@696.png\",\"width\":437,\"height\":437,\"caption\":\"Gleichcom AG\"},\"image\":{\"@id\":\"https:\\\/\\\/www.gleichcom.samuraidev.ch\\\/fr\\\/#\\\/schema\\\/logo\\\/image\\\/\"},\"sameAs\":[\"https:\\\/\\\/www.facebook.com\\\/profile.php?id=100068749126981\"]}]}<\/script>\n<!-- \/ Yoast SEO plugin. -->","yoast_head_json":{"title":"Phone Clip sans fil Cochlear\u2122 Bluetooth im Onlineshop | Gleichcom AG","description":"\u2705 Le Wireless Phone Clip permet aux utilisateurs d'implants cochl\u00e9aires de r\u00e9pondre \u00e0 des appels t\u00e9l\u00e9phoniques en utilisant une fonction mains libres. La parole est clairement et distinctement transmise directement \u00e0 l'IC, m\u00eame en pr\u00e9sence de bruit et de bruits de fond.","robots":{"index":"noindex","follow":"follow","max-snippet":"max-snippet:-1","max-image-preview":"max-image-preview:large","max-video-preview":"max-video-preview:-1"},"og_locale":"fr_FR","og_type":"article","og_title":"Phone Clip sans fil Cochlear\u2122 Bluetooth im Onlineshop | Gleichcom AG","og_description":"\u2705 Le Wireless Phone Clip permet aux utilisateurs d'implants cochl\u00e9aires de r\u00e9pondre \u00e0 des appels t\u00e9l\u00e9phoniques en utilisant une fonction mains libres. La parole est clairement et distinctement transmise directement \u00e0 l'IC, m\u00eame en pr\u00e9sence de bruit et de bruits de fond.","og_url":"https:\/\/www.gleichcom.samuraidev.ch\/fr\/shop\/cochlear-wireless-telefonclip-bluetooth\/","og_site_name":"Gleichcom AG","article_publisher":"https:\/\/www.facebook.com\/profile.php?id=100068749126981","og_image":[{"width":500,"height":400,"url":"https:\/\/www.gleichcom.samuraidev.ch\/wp-content\/uploads\/2023\/09\/en_product_cochlearwirelessaccessories_phoneclip_featuredimage_250x200.jpg","type":"image\/jpeg"}],"twitter_card":"summary_large_image","schema":{"@context":"https:\/\/schema.org","@graph":[{"@type":"WebPage","@id":"https:\/\/www.gleichcom.samuraidev.ch\/fr\/shop\/cochlear-wireless-telefonclip-bluetooth\/","url":"https:\/\/www.gleichcom.samuraidev.ch\/fr\/shop\/cochlear-wireless-telefonclip-bluetooth\/","name":"Phone Clip sans fil Cochlear\u2122 Bluetooth im Onlineshop | Gleichcom AG","isPartOf":{"@id":"https:\/\/www.gleichcom.samuraidev.ch\/fr\/#website"},"primaryImageOfPage":{"@id":"https:\/\/www.gleichcom.samuraidev.ch\/fr\/shop\/cochlear-wireless-telefonclip-bluetooth\/#primaryimage"},"image":{"@id":"https:\/\/www.gleichcom.samuraidev.ch\/fr\/shop\/cochlear-wireless-telefonclip-bluetooth\/#primaryimage"},"thumbnailUrl":"https:\/\/www.gleichcom.samuraidev.ch\/wp-content\/uploads\/2023\/09\/en_product_cochlearwirelessaccessories_phoneclip_featuredimage_250x200.jpg","datePublished":"2015-09-01T15:00:26+00:00","description":"\u2705 Le Wireless Phone Clip permet aux utilisateurs d'implants cochl\u00e9aires de r\u00e9pondre \u00e0 des appels t\u00e9l\u00e9phoniques en utilisant une fonction mains libres. La parole est clairement et distinctement transmise directement \u00e0 l'IC, m\u00eame en pr\u00e9sence de bruit et de bruits de fond.","breadcrumb":{"@id":"https:\/\/www.gleichcom.samuraidev.ch\/fr\/shop\/cochlear-wireless-telefonclip-bluetooth\/#breadcrumb"},"inLanguage":"fr-FR","potentialAction":[{"@type":"ReadAction","target":["https:\/\/www.gleichcom.samuraidev.ch\/fr\/shop\/cochlear-wireless-telefonclip-bluetooth\/"]}]},{"@type":"ImageObject","inLanguage":"fr-FR","@id":"https:\/\/www.gleichcom.samuraidev.ch\/fr\/shop\/cochlear-wireless-telefonclip-bluetooth\/#primaryimage","url":"https:\/\/www.gleichcom.samuraidev.ch\/wp-content\/uploads\/2023\/09\/en_product_cochlearwirelessaccessories_phoneclip_featuredimage_250x200.jpg","contentUrl":"https:\/\/www.gleichcom.samuraidev.ch\/wp-content\/uploads\/2023\/09\/en_product_cochlearwirelessaccessories_phoneclip_featuredimage_250x200.jpg","width":500,"height":400,"caption":"Cochlear Wireless Phone Clip"},{"@type":"BreadcrumbList","@id":"https:\/\/www.gleichcom.samuraidev.ch\/fr\/shop\/cochlear-wireless-telefonclip-bluetooth\/#breadcrumb","itemListElement":[{"@type":"ListItem","position":1,"name":"Startseite","item":"https:\/\/www.gleichcom.samuraidev.ch\/fr\/"},{"@type":"ListItem","position":2,"name":"Shop","item":"https:\/\/www.gleichcom.samuraidev.ch\/fr\/shop\/"},{"@type":"ListItem","position":3,"name":"Phone Clip sans fil Cochlear\u2122 Bluetooth"}]},{"@type":"WebSite","@id":"https:\/\/www.gleichcom.samuraidev.ch\/fr\/#website","url":"https:\/\/www.gleichcom.samuraidev.ch\/fr\/","name":"Gleichcom AG","description":"besser h\u00f6ren. besser sehen. besser leben.","publisher":{"@id":"https:\/\/www.gleichcom.samuraidev.ch\/fr\/#organization"},"alternateName":"Gleichcom","potentialAction":[{"@type":"SearchAction","target":{"@type":"EntryPoint","urlTemplate":"https:\/\/www.gleichcom.samuraidev.ch\/fr\/?s={search_term_string}"},"query-input":{"@type":"PropertyValueSpecification","valueRequired":true,"valueName":"search_term_string"}}],"inLanguage":"fr-FR"},{"@type":"Organization","@id":"https:\/\/www.gleichcom.samuraidev.ch\/fr\/#organization","name":"Gleichcom AG","alternateName":"Gleichcom","url":"https:\/\/www.gleichcom.samuraidev.ch\/fr\/","logo":{"@type":"ImageObject","inLanguage":"fr-FR","@id":"https:\/\/www.gleichcom.samuraidev.ch\/fr\/#\/schema\/logo\/image\/","url":"https:\/\/www.gleichcom.samuraidev.ch\/wp-content\/uploads\/2023\/09\/gleichcom-ag-logo-quadrat-farbig-mitte@696.png","contentUrl":"https:\/\/www.gleichcom.samuraidev.ch\/wp-content\/uploads\/2023\/09\/gleichcom-ag-logo-quadrat-farbig-mitte@696.png","width":437,"height":437,"caption":"Gleichcom AG"},"image":{"@id":"https:\/\/www.gleichcom.samuraidev.ch\/fr\/#\/schema\/logo\/image\/"},"sameAs":["https:\/\/www.facebook.com\/profile.php?id=100068749126981"]}]}},"uagb_featured_image_src":{"full":["https:\/\/www.gleichcom.samuraidev.ch\/wp-content\/uploads\/2023\/09\/en_product_cochlearwirelessaccessories_phoneclip_featuredimage_250x200.jpg",500,400,false],"thumbnail":["https:\/\/www.gleichcom.samuraidev.ch\/wp-content\/uploads\/2023\/09\/en_product_cochlearwirelessaccessories_phoneclip_featuredimage_250x200.jpg",150,120,false],"medium":["https:\/\/www.gleichcom.samuraidev.ch\/wp-content\/uploads\/2023\/09\/en_product_cochlearwirelessaccessories_phoneclip_featuredimage_250x200.jpg",300,240,false],"medium_large":["https:\/\/www.gleichcom.samuraidev.ch\/wp-content\/uploads\/2023\/09\/en_product_cochlearwirelessaccessories_phoneclip_featuredimage_250x200.jpg",500,400,false],"large":["https:\/\/www.gleichcom.samuraidev.ch\/wp-content\/uploads\/2023\/09\/en_product_cochlearwirelessaccessories_phoneclip_featuredimage_250x200.jpg",500,400,false],"1536x1536":["https:\/\/www.gleichcom.samuraidev.ch\/wp-content\/uploads\/2023\/09\/en_product_cochlearwirelessaccessories_phoneclip_featuredimage_250x200.jpg",500,400,false],"2048x2048":["https:\/\/www.gleichcom.samuraidev.ch\/wp-content\/uploads\/2023\/09\/en_product_cochlearwirelessaccessories_phoneclip_featuredimage_250x200.jpg",500,400,false],"woocommerce_thumbnail":["https:\/\/www.gleichcom.samuraidev.ch\/wp-content\/uploads\/2023\/09\/en_product_cochlearwirelessaccessories_phoneclip_featuredimage_250x200.jpg",300,240,false],"woocommerce_single":["https:\/\/www.gleichcom.samuraidev.ch\/wp-content\/uploads\/2023\/09\/en_product_cochlearwirelessaccessories_phoneclip_featuredimage_250x200.jpg",500,400,false],"woocommerce_gallery_thumbnail":["https:\/\/www.gleichcom.samuraidev.ch\/wp-content\/uploads\/2023\/09\/en_product_cochlearwirelessaccessories_phoneclip_featuredimage_250x200-100x100.jpg",100,100,true]},"uagb_author_info":{"display_name":"","author_link":"https:\/\/www.gleichcom.samuraidev.ch\/fr\/author\/"},"uagb_comment_info":0,"uagb_excerpt":"Le Wireless Phone Clip permet aux utilisateurs d'implants cochl\u00e9aires de r\u00e9pondre \u00e0 des appels t\u00e9l\u00e9phoniques en utilisant une fonction mains libres. La parole est clairement et distinctement transmise directement \u00e0 l'IC, m\u00eame en pr\u00e9sence de bruit et de bruits de fond.","_links":{"self":[{"href":"https:\/\/www.gleichcom.samuraidev.ch\/fr\/wp-json\/wp\/v2\/product\/3669","targetHints":{"allow":["GET"]}}],"collection":[{"href":"https:\/\/www.gleichcom.samuraidev.ch\/fr\/wp-json\/wp\/v2\/product"}],"about":[{"href":"https:\/\/www.gleichcom.samuraidev.ch\/fr\/wp-json\/wp\/v2\/types\/product"}],"wp:featuredmedia":[{"embeddable":true,"href":"https:\/\/www.gleichcom.samuraidev.ch\/fr\/wp-json\/wp\/v2\/media\/3664"}],"wp:attachment":[{"href":"https:\/\/www.gleichcom.samuraidev.ch\/fr\/wp-json\/wp\/v2\/media?parent=3669"}],"wp:term":[{"taxonomy":"product_brand","embeddable":true,"href":"https:\/\/www.gleichcom.samuraidev.ch\/fr\/wp-json\/wp\/v2\/product_brand?post=3669"},{"taxonomy":"product_cat","embeddable":true,"href":"https:\/\/www.gleichcom.samuraidev.ch\/fr\/wp-json\/wp\/v2\/product_cat?post=3669"},{"taxonomy":"product_tag","embeddable":true,"href":"https:\/\/www.gleichcom.samuraidev.ch\/fr\/wp-json\/wp\/v2\/product_tag?post=3669"}],"curies":[{"name":"wp","href":"https:\/\/api.w.org\/{rel}","templated":true}]}}