{"id":3918,"date":"2016-05-23T11:05:04","date_gmt":"2016-05-23T09:05:04","guid":{"rendered":"https:\/\/www.gleichcom.samuraidev.ch\/?product=signolux-alarmo"},"modified":"1000-01-01T00:00:00","modified_gmt":"1000-01-01T00:00:00","slug":"signolux-alarmo","status":"publish","type":"product","link":"https:\/\/www.gleichcom.samuraidev.ch\/fr\/shop\/signolux-alarmo\/","title":{"rendered":"Humantechnik D\u00e9tecteur universel d&rsquo;alarme signolux"},"content":{"rendered":"<div>\n\t<strong><span style=\"font-size:16px;\">Humantechnik D\u00e9tecteur universel d&rsquo;alarme signolux\u200b<\/span><\/strong><br \/>\n\t\u00a0<\/p>\n<table border=\"0\" cellpadding=\"0\" cellspacing=\"0\" style=\"width:96.0%;\" width=\"96%\">\n<tbody>\n<tr>\n<td>\u00bbalar<strong>mo<\/strong>\u00ab a \u00e9t\u00e9 con\u00e7u pour coupler des d\u00e9tecteurs de fum\u00e9e ou des syst\u00e8mes d\u2019alarme incendie d\u00e9j\u00e0 install\u00e9s au syst\u00e8me de signalisation radio signolux et ceci sans modifications ou travaux de c\u00e2blage.<br \/>\n\t\t\t\t\u00bbalar<strong>mo<\/strong>\u00ab compare les bruits ambiants environnants avec les sons typiques des d\u00e9tecteurs de fum\u00e9e ou des alarmes incendie.<br \/>\n\t\t\t\tLes d\u00e9clenchements intempestifs dus \u00e0 des sonneries d\u2019alarme ne provenant pas des pi\u00e8ces environnantes (passage de v\u00e9hicules de secours, sons provenant du t\u00e9l\u00e9viseur) sont \u00e9limin\u00e9s gr\u00e2ce \u00e0 une analyse intelligente et au filtrage des sons per\u00e7us.\u00a0<\/p>\n<p>\t\t\t\tLorsqu\u2019un son d\u2019un d\u00e9tecteur de fum\u00e9e est d\u00e9tect\u00e9, \u00bbalar<strong>mo<\/strong>\u00ab \u00e9met un signal radio vers tous les r\u00e9cepteurs signolux appair\u00e9s et se trouvant dans le rayon d\u2019action.<\/td>\n<\/tr>\n<\/tbody>\n<\/table>\n<p>\t\u00a0<\/p>\n<table border=\"0\" cellpadding=\"0\" style=\"width:100.0%;\" width=\"100%\">\n<tbody>\n<tr>\n<td colspan=\"2\"><strong>Caract\u00e9ristiques techniques :<\/strong><\/td>\n<\/tr>\n<tr>\n<td colspan=\"2\" style=\"height:5px;\">\u00a0<\/td>\n<\/tr>\n<tr>\n<td style=\"width: 244px;\">Dimensions (haut. x larg. x prof.) :<\/td>\n<td style=\"width: 959px;\">65x93x150 mm<\/td>\n<\/tr>\n<tr>\n<td style=\"width: 244px;\">Coloris :<\/td>\n<td style=\"width: 959px;\">bronze-m\u00e9tallique<\/td>\n<\/tr>\n<tr>\n<td style=\"width: 244px;\">Poids :<\/td>\n<td style=\"width: 959px;\">220 g<\/td>\n<\/tr>\n<tr>\n<td style=\"width: 244px;\">Alimentation \u00e9lectrique :<br \/>\n\t\t\t\t\u00a0<\/td>\n<td style=\"width: 959px;\">bloc-secteur 12 V \/ 230 V, 50 Hz<br \/>\n\t\t\t\talimentation secourue par accu rechargeable 9 V, pour 2 heures<\/td>\n<\/tr>\n<\/tbody>\n<\/table>\n<\/div>\n","protected":false},"excerpt":{"rendered":"<p>\t\u00bbalarmo\u00ab a \u00e9t\u00e9 con\u00e7u pour coupler des d\u00e9tecteurs de fum\u00e9e ou des syst\u00e8mes d\u2019alarme incendie d\u00e9j\u00e0 install\u00e9s au syst\u00e8me de signalisation radio signolux et ceci sans modifications ou travaux de c\u00e2blage.<\/p>\n","protected":false},"featured_media":3916,"template":"","meta":{"inline_featured_image":false,"_uag_custom_page_level_css":"","site-sidebar-layout":"default","site-content-layout":"","ast-site-content-layout":"default","site-content-style":"default","site-sidebar-style":"default","ast-global-header-display":"","ast-banner-title-visibility":"","ast-main-header-display":"","ast-hfb-above-header-display":"","ast-hfb-below-header-display":"","ast-hfb-mobile-header-display":"","site-post-title":"","ast-breadcrumbs-content":"","ast-featured-img":"","footer-sml-layout":"","ast-disable-related-posts":"","theme-transparent-header-meta":"","adv-header-id-meta":"","stick-header-meta":"","header-above-stick-meta":"","header-main-stick-meta":"","header-below-stick-meta":"","astra-migrate-meta-layouts":"default","ast-page-background-enabled":"default","ast-page-background-meta":{"desktop":{"background-color":"","background-image":"","background-repeat":"repeat","background-position":"center center","background-size":"auto","background-attachment":"scroll","background-type":"","background-media":"","overlay-type":"","overlay-color":"","overlay-opacity":"","overlay-gradient":""},"tablet":{"background-color":"","background-image":"","background-repeat":"repeat","background-position":"center center","background-size":"auto","background-attachment":"scroll","background-type":"","background-media":"","overlay-type":"","overlay-color":"","overlay-opacity":"","overlay-gradient":""},"mobile":{"background-color":"","background-image":"","background-repeat":"repeat","background-position":"center center","background-size":"auto","background-attachment":"scroll","background-type":"","background-media":"","overlay-type":"","overlay-color":"","overlay-opacity":"","overlay-gradient":""}},"ast-content-background-meta":{"desktop":{"background-color":"var(--ast-global-color-5)","background-image":"","background-repeat":"repeat","background-position":"center center","background-size":"auto","background-attachment":"scroll","background-type":"","background-media":"","overlay-type":"","overlay-color":"","overlay-opacity":"","overlay-gradient":""},"tablet":{"background-color":"var(--ast-global-color-5)","background-image":"","background-repeat":"repeat","background-position":"center center","background-size":"auto","background-attachment":"scroll","background-type":"","background-media":"","overlay-type":"","overlay-color":"","overlay-opacity":"","overlay-gradient":""},"mobile":{"background-color":"var(--ast-global-color-5)","background-image":"","background-repeat":"repeat","background-position":"center center","background-size":"auto","background-attachment":"scroll","background-type":"","background-media":"","overlay-type":"","overlay-color":"","overlay-opacity":"","overlay-gradient":""}}},"product_brand":[],"product_cat":[1776],"product_tag":[],"class_list":{"0":"post-3918","1":"product","2":"type-product","3":"status-publish","4":"has-post-thumbnail","6":"product_cat-unkategorisiert","7":"desktop-align-center","8":"tablet-align-center","9":"mobile-align-center","10":"ast-product-gallery-layout-horizontal-slider","11":"ast-product-gallery-with-no-image","12":"ast-product-tabs-layout-accordion","14":"first","15":"instock","16":"taxable","17":"shipping-taxable","18":"purchasable","19":"product-type-simple"},"yoast_head":"<!-- This site is optimized with the Yoast SEO plugin v27.5 - https:\/\/yoast.com\/product\/yoast-seo-wordpress\/ -->\n<title>Humantechnik D\u00e9tecteur universel d&#039;alarme signolux im Onlineshop | Gleichcom AG<\/title>\n<meta name=\"description\" content=\"\u2705 \u00bbalarmo\u00ab a \u00e9t\u00e9 con\u00e7u pour coupler des d\u00e9tecteurs de fum\u00e9e ou des syst\u00e8mes d\u2019alarme incendie d\u00e9j\u00e0 install\u00e9s au syst\u00e8me de signalisation radio signolux et ceci sans modifications ou travaux de c\u00e2blage.\" \/>\n<meta name=\"robots\" content=\"noindex, follow, max-snippet:-1, max-image-preview:large, max-video-preview:-1\" \/>\n<meta property=\"og:locale\" content=\"fr_FR\" \/>\n<meta property=\"og:type\" content=\"article\" \/>\n<meta property=\"og:title\" content=\"Humantechnik D\u00e9tecteur universel d&#039;alarme signolux im Onlineshop | Gleichcom AG\" \/>\n<meta property=\"og:description\" content=\"\u2705 \u00bbalarmo\u00ab a \u00e9t\u00e9 con\u00e7u pour coupler des d\u00e9tecteurs de fum\u00e9e ou des syst\u00e8mes d\u2019alarme incendie d\u00e9j\u00e0 install\u00e9s au syst\u00e8me de signalisation radio signolux et ceci sans modifications ou travaux de c\u00e2blage.\" \/>\n<meta property=\"og:url\" content=\"https:\/\/www.gleichcom.samuraidev.ch\/fr\/shop\/signolux-alarmo\/\" \/>\n<meta property=\"og:site_name\" content=\"Gleichcom AG\" \/>\n<meta property=\"article:publisher\" content=\"https:\/\/www.facebook.com\/profile.php?id=100068749126981\" \/>\n<meta property=\"og:image\" content=\"https:\/\/www.gleichcom.samuraidev.ch\/wp-content\/uploads\/2023\/09\/signoluxalarmo2654.jpg\" \/>\n\t<meta property=\"og:image:width\" content=\"500\" \/>\n\t<meta property=\"og:image:height\" content=\"500\" \/>\n\t<meta property=\"og:image:type\" content=\"image\/jpeg\" \/>\n<meta name=\"twitter:card\" content=\"summary_large_image\" \/>\n<script type=\"application\/ld+json\" class=\"yoast-schema-graph\">{\"@context\":\"https:\\\/\\\/schema.org\",\"@graph\":[{\"@type\":\"WebPage\",\"@id\":\"https:\\\/\\\/www.gleichcom.samuraidev.ch\\\/fr\\\/shop\\\/signolux-alarmo\\\/\",\"url\":\"https:\\\/\\\/www.gleichcom.samuraidev.ch\\\/fr\\\/shop\\\/signolux-alarmo\\\/\",\"name\":\"Humantechnik D\u00e9tecteur universel d'alarme signolux im Onlineshop | Gleichcom AG\",\"isPartOf\":{\"@id\":\"https:\\\/\\\/www.gleichcom.samuraidev.ch\\\/fr\\\/#website\"},\"primaryImageOfPage\":{\"@id\":\"https:\\\/\\\/www.gleichcom.samuraidev.ch\\\/fr\\\/shop\\\/signolux-alarmo\\\/#primaryimage\"},\"image\":{\"@id\":\"https:\\\/\\\/www.gleichcom.samuraidev.ch\\\/fr\\\/shop\\\/signolux-alarmo\\\/#primaryimage\"},\"thumbnailUrl\":\"https:\\\/\\\/www.gleichcom.samuraidev.ch\\\/wp-content\\\/uploads\\\/2023\\\/09\\\/signoluxalarmo2654.jpg\",\"datePublished\":\"2016-05-23T09:05:04+00:00\",\"description\":\"\u2705 \u00bbalarmo\u00ab a \u00e9t\u00e9 con\u00e7u pour coupler des d\u00e9tecteurs de fum\u00e9e ou des syst\u00e8mes d\u2019alarme incendie d\u00e9j\u00e0 install\u00e9s au syst\u00e8me de signalisation radio signolux et ceci sans modifications ou travaux de c\u00e2blage.\",\"breadcrumb\":{\"@id\":\"https:\\\/\\\/www.gleichcom.samuraidev.ch\\\/fr\\\/shop\\\/signolux-alarmo\\\/#breadcrumb\"},\"inLanguage\":\"fr-FR\",\"potentialAction\":[{\"@type\":\"ReadAction\",\"target\":[\"https:\\\/\\\/www.gleichcom.samuraidev.ch\\\/fr\\\/shop\\\/signolux-alarmo\\\/\"]}]},{\"@type\":\"ImageObject\",\"inLanguage\":\"fr-FR\",\"@id\":\"https:\\\/\\\/www.gleichcom.samuraidev.ch\\\/fr\\\/shop\\\/signolux-alarmo\\\/#primaryimage\",\"url\":\"https:\\\/\\\/www.gleichcom.samuraidev.ch\\\/wp-content\\\/uploads\\\/2023\\\/09\\\/signoluxalarmo2654.jpg\",\"contentUrl\":\"https:\\\/\\\/www.gleichcom.samuraidev.ch\\\/wp-content\\\/uploads\\\/2023\\\/09\\\/signoluxalarmo2654.jpg\",\"width\":500,\"height\":500},{\"@type\":\"BreadcrumbList\",\"@id\":\"https:\\\/\\\/www.gleichcom.samuraidev.ch\\\/fr\\\/shop\\\/signolux-alarmo\\\/#breadcrumb\",\"itemListElement\":[{\"@type\":\"ListItem\",\"position\":1,\"name\":\"Startseite\",\"item\":\"https:\\\/\\\/www.gleichcom.samuraidev.ch\\\/fr\\\/\"},{\"@type\":\"ListItem\",\"position\":2,\"name\":\"Shop\",\"item\":\"https:\\\/\\\/www.gleichcom.samuraidev.ch\\\/fr\\\/shop\\\/\"},{\"@type\":\"ListItem\",\"position\":3,\"name\":\"Humantechnik D\u00e9tecteur universel d&#8217;alarme signolux\"}]},{\"@type\":\"WebSite\",\"@id\":\"https:\\\/\\\/www.gleichcom.samuraidev.ch\\\/fr\\\/#website\",\"url\":\"https:\\\/\\\/www.gleichcom.samuraidev.ch\\\/fr\\\/\",\"name\":\"Gleichcom AG\",\"description\":\"besser h\u00f6ren. besser sehen. besser leben.\",\"publisher\":{\"@id\":\"https:\\\/\\\/www.gleichcom.samuraidev.ch\\\/fr\\\/#organization\"},\"alternateName\":\"Gleichcom\",\"potentialAction\":[{\"@type\":\"SearchAction\",\"target\":{\"@type\":\"EntryPoint\",\"urlTemplate\":\"https:\\\/\\\/www.gleichcom.samuraidev.ch\\\/fr\\\/?s={search_term_string}\"},\"query-input\":{\"@type\":\"PropertyValueSpecification\",\"valueRequired\":true,\"valueName\":\"search_term_string\"}}],\"inLanguage\":\"fr-FR\"},{\"@type\":\"Organization\",\"@id\":\"https:\\\/\\\/www.gleichcom.samuraidev.ch\\\/fr\\\/#organization\",\"name\":\"Gleichcom AG\",\"alternateName\":\"Gleichcom\",\"url\":\"https:\\\/\\\/www.gleichcom.samuraidev.ch\\\/fr\\\/\",\"logo\":{\"@type\":\"ImageObject\",\"inLanguage\":\"fr-FR\",\"@id\":\"https:\\\/\\\/www.gleichcom.samuraidev.ch\\\/fr\\\/#\\\/schema\\\/logo\\\/image\\\/\",\"url\":\"https:\\\/\\\/www.gleichcom.samuraidev.ch\\\/wp-content\\\/uploads\\\/2023\\\/09\\\/gleichcom-ag-logo-quadrat-farbig-mitte@696.png\",\"contentUrl\":\"https:\\\/\\\/www.gleichcom.samuraidev.ch\\\/wp-content\\\/uploads\\\/2023\\\/09\\\/gleichcom-ag-logo-quadrat-farbig-mitte@696.png\",\"width\":437,\"height\":437,\"caption\":\"Gleichcom AG\"},\"image\":{\"@id\":\"https:\\\/\\\/www.gleichcom.samuraidev.ch\\\/fr\\\/#\\\/schema\\\/logo\\\/image\\\/\"},\"sameAs\":[\"https:\\\/\\\/www.facebook.com\\\/profile.php?id=100068749126981\"]}]}<\/script>\n<!-- \/ Yoast SEO plugin. -->","yoast_head_json":{"title":"Humantechnik D\u00e9tecteur universel d'alarme signolux im Onlineshop | Gleichcom AG","description":"\u2705 \u00bbalarmo\u00ab a \u00e9t\u00e9 con\u00e7u pour coupler des d\u00e9tecteurs de fum\u00e9e ou des syst\u00e8mes d\u2019alarme incendie d\u00e9j\u00e0 install\u00e9s au syst\u00e8me de signalisation radio signolux et ceci sans modifications ou travaux de c\u00e2blage.","robots":{"index":"noindex","follow":"follow","max-snippet":"max-snippet:-1","max-image-preview":"max-image-preview:large","max-video-preview":"max-video-preview:-1"},"og_locale":"fr_FR","og_type":"article","og_title":"Humantechnik D\u00e9tecteur universel d'alarme signolux im Onlineshop | Gleichcom AG","og_description":"\u2705 \u00bbalarmo\u00ab a \u00e9t\u00e9 con\u00e7u pour coupler des d\u00e9tecteurs de fum\u00e9e ou des syst\u00e8mes d\u2019alarme incendie d\u00e9j\u00e0 install\u00e9s au syst\u00e8me de signalisation radio signolux et ceci sans modifications ou travaux de c\u00e2blage.","og_url":"https:\/\/www.gleichcom.samuraidev.ch\/fr\/shop\/signolux-alarmo\/","og_site_name":"Gleichcom AG","article_publisher":"https:\/\/www.facebook.com\/profile.php?id=100068749126981","og_image":[{"width":500,"height":500,"url":"https:\/\/www.gleichcom.samuraidev.ch\/wp-content\/uploads\/2023\/09\/signoluxalarmo2654.jpg","type":"image\/jpeg"}],"twitter_card":"summary_large_image","schema":{"@context":"https:\/\/schema.org","@graph":[{"@type":"WebPage","@id":"https:\/\/www.gleichcom.samuraidev.ch\/fr\/shop\/signolux-alarmo\/","url":"https:\/\/www.gleichcom.samuraidev.ch\/fr\/shop\/signolux-alarmo\/","name":"Humantechnik D\u00e9tecteur universel d'alarme signolux im Onlineshop | Gleichcom AG","isPartOf":{"@id":"https:\/\/www.gleichcom.samuraidev.ch\/fr\/#website"},"primaryImageOfPage":{"@id":"https:\/\/www.gleichcom.samuraidev.ch\/fr\/shop\/signolux-alarmo\/#primaryimage"},"image":{"@id":"https:\/\/www.gleichcom.samuraidev.ch\/fr\/shop\/signolux-alarmo\/#primaryimage"},"thumbnailUrl":"https:\/\/www.gleichcom.samuraidev.ch\/wp-content\/uploads\/2023\/09\/signoluxalarmo2654.jpg","datePublished":"2016-05-23T09:05:04+00:00","description":"\u2705 \u00bbalarmo\u00ab a \u00e9t\u00e9 con\u00e7u pour coupler des d\u00e9tecteurs de fum\u00e9e ou des syst\u00e8mes d\u2019alarme incendie d\u00e9j\u00e0 install\u00e9s au syst\u00e8me de signalisation radio signolux et ceci sans modifications ou travaux de c\u00e2blage.","breadcrumb":{"@id":"https:\/\/www.gleichcom.samuraidev.ch\/fr\/shop\/signolux-alarmo\/#breadcrumb"},"inLanguage":"fr-FR","potentialAction":[{"@type":"ReadAction","target":["https:\/\/www.gleichcom.samuraidev.ch\/fr\/shop\/signolux-alarmo\/"]}]},{"@type":"ImageObject","inLanguage":"fr-FR","@id":"https:\/\/www.gleichcom.samuraidev.ch\/fr\/shop\/signolux-alarmo\/#primaryimage","url":"https:\/\/www.gleichcom.samuraidev.ch\/wp-content\/uploads\/2023\/09\/signoluxalarmo2654.jpg","contentUrl":"https:\/\/www.gleichcom.samuraidev.ch\/wp-content\/uploads\/2023\/09\/signoluxalarmo2654.jpg","width":500,"height":500},{"@type":"BreadcrumbList","@id":"https:\/\/www.gleichcom.samuraidev.ch\/fr\/shop\/signolux-alarmo\/#breadcrumb","itemListElement":[{"@type":"ListItem","position":1,"name":"Startseite","item":"https:\/\/www.gleichcom.samuraidev.ch\/fr\/"},{"@type":"ListItem","position":2,"name":"Shop","item":"https:\/\/www.gleichcom.samuraidev.ch\/fr\/shop\/"},{"@type":"ListItem","position":3,"name":"Humantechnik D\u00e9tecteur universel d&#8217;alarme signolux"}]},{"@type":"WebSite","@id":"https:\/\/www.gleichcom.samuraidev.ch\/fr\/#website","url":"https:\/\/www.gleichcom.samuraidev.ch\/fr\/","name":"Gleichcom AG","description":"besser h\u00f6ren. besser sehen. besser leben.","publisher":{"@id":"https:\/\/www.gleichcom.samuraidev.ch\/fr\/#organization"},"alternateName":"Gleichcom","potentialAction":[{"@type":"SearchAction","target":{"@type":"EntryPoint","urlTemplate":"https:\/\/www.gleichcom.samuraidev.ch\/fr\/?s={search_term_string}"},"query-input":{"@type":"PropertyValueSpecification","valueRequired":true,"valueName":"search_term_string"}}],"inLanguage":"fr-FR"},{"@type":"Organization","@id":"https:\/\/www.gleichcom.samuraidev.ch\/fr\/#organization","name":"Gleichcom AG","alternateName":"Gleichcom","url":"https:\/\/www.gleichcom.samuraidev.ch\/fr\/","logo":{"@type":"ImageObject","inLanguage":"fr-FR","@id":"https:\/\/www.gleichcom.samuraidev.ch\/fr\/#\/schema\/logo\/image\/","url":"https:\/\/www.gleichcom.samuraidev.ch\/wp-content\/uploads\/2023\/09\/gleichcom-ag-logo-quadrat-farbig-mitte@696.png","contentUrl":"https:\/\/www.gleichcom.samuraidev.ch\/wp-content\/uploads\/2023\/09\/gleichcom-ag-logo-quadrat-farbig-mitte@696.png","width":437,"height":437,"caption":"Gleichcom AG"},"image":{"@id":"https:\/\/www.gleichcom.samuraidev.ch\/fr\/#\/schema\/logo\/image\/"},"sameAs":["https:\/\/www.facebook.com\/profile.php?id=100068749126981"]}]}},"uagb_featured_image_src":{"full":["https:\/\/www.gleichcom.samuraidev.ch\/wp-content\/uploads\/2023\/09\/signoluxalarmo2654.jpg",500,500,false],"thumbnail":["https:\/\/www.gleichcom.samuraidev.ch\/wp-content\/uploads\/2023\/09\/signoluxalarmo2654.jpg",150,150,false],"medium":["https:\/\/www.gleichcom.samuraidev.ch\/wp-content\/uploads\/2023\/09\/signoluxalarmo2654.jpg",300,300,false],"medium_large":["https:\/\/www.gleichcom.samuraidev.ch\/wp-content\/uploads\/2023\/09\/signoluxalarmo2654.jpg",500,500,false],"large":["https:\/\/www.gleichcom.samuraidev.ch\/wp-content\/uploads\/2023\/09\/signoluxalarmo2654.jpg",500,500,false],"1536x1536":["https:\/\/www.gleichcom.samuraidev.ch\/wp-content\/uploads\/2023\/09\/signoluxalarmo2654.jpg",500,500,false],"2048x2048":["https:\/\/www.gleichcom.samuraidev.ch\/wp-content\/uploads\/2023\/09\/signoluxalarmo2654.jpg",500,500,false],"woocommerce_thumbnail":["https:\/\/www.gleichcom.samuraidev.ch\/wp-content\/uploads\/2023\/09\/signoluxalarmo2654.jpg",300,300,false],"woocommerce_single":["https:\/\/www.gleichcom.samuraidev.ch\/wp-content\/uploads\/2023\/09\/signoluxalarmo2654.jpg",500,500,false],"woocommerce_gallery_thumbnail":["https:\/\/www.gleichcom.samuraidev.ch\/wp-content\/uploads\/2023\/09\/signoluxalarmo2654.jpg",100,100,false]},"uagb_author_info":{"display_name":"","author_link":"https:\/\/www.gleichcom.samuraidev.ch\/fr\/author\/"},"uagb_comment_info":0,"uagb_excerpt":"\u00bbalarmo\u00ab a \u00e9t\u00e9 con\u00e7u pour coupler des d\u00e9tecteurs de fum\u00e9e ou des syst\u00e8mes d\u2019alarme incendie d\u00e9j\u00e0 install\u00e9s au syst\u00e8me de signalisation radio signolux et ceci sans modifications ou travaux de c\u00e2blage.","_links":{"self":[{"href":"https:\/\/www.gleichcom.samuraidev.ch\/fr\/wp-json\/wp\/v2\/product\/3918","targetHints":{"allow":["GET"]}}],"collection":[{"href":"https:\/\/www.gleichcom.samuraidev.ch\/fr\/wp-json\/wp\/v2\/product"}],"about":[{"href":"https:\/\/www.gleichcom.samuraidev.ch\/fr\/wp-json\/wp\/v2\/types\/product"}],"wp:featuredmedia":[{"embeddable":true,"href":"https:\/\/www.gleichcom.samuraidev.ch\/fr\/wp-json\/wp\/v2\/media\/3916"}],"wp:attachment":[{"href":"https:\/\/www.gleichcom.samuraidev.ch\/fr\/wp-json\/wp\/v2\/media?parent=3918"}],"wp:term":[{"taxonomy":"product_brand","embeddable":true,"href":"https:\/\/www.gleichcom.samuraidev.ch\/fr\/wp-json\/wp\/v2\/product_brand?post=3918"},{"taxonomy":"product_cat","embeddable":true,"href":"https:\/\/www.gleichcom.samuraidev.ch\/fr\/wp-json\/wp\/v2\/product_cat?post=3918"},{"taxonomy":"product_tag","embeddable":true,"href":"https:\/\/www.gleichcom.samuraidev.ch\/fr\/wp-json\/wp\/v2\/product_tag?post=3918"}],"curies":[{"name":"wp","href":"https:\/\/api.w.org\/{rel}","templated":true}]}}