{"id":3920,"date":"2016-05-24T13:55:54","date_gmt":"2016-05-24T13:55:54","guid":{"rendered":"https:\/\/www.gleichcom.samuraidev.ch\/?product=signolux-standard-empfaenger"},"modified":"2023-12-03T15:16:48","modified_gmt":"2023-12-03T14:16:48","slug":"signolux-standard-empfaenger","status":"publish","type":"product","link":"https:\/\/www.gleichcom.samuraidev.ch\/fr\/shop\/signolux-standard-empfaenger\/","title":{"rendered":"Signolux Standard-Empf\u00e4nger"},"content":{"rendered":"<div>\n\t<span style=\"color:#000000;\"><strong><span style=\"font-size:16px;\">Signolux Standard-Empf\u00e4nger<\/span><\/strong><\/p>\n<p>\t<strong>Ihr signolux-System kann um eine beliebige Anzahl Empf\u00e4ngerger\u00e4te erweitert werden!<\/strong><br \/>\n\tDie vorhandenen Sendeger\u00e4te zeigt dieser Empf\u00e4nger ganz nach Wunsch und Verwendung an: T\u00fcrklingeln, Telefonanruf, Personenruf, diverse Alarmmeldungen und Babyweinen. Optisch sowie auch akustisch: Die Anzeigesignale k\u00f6nnen auch mit verschiedenen ausw\u00e4hlbaren Echt-T\u00f6nen unterlegt werden. In hoher Lautst\u00e4rke!\u00a0<br \/>\n\tDer\u00a0<strong><em>signolux<\/em>\u00a0Standard-Empf\u00e4nger<\/strong>\u00a0l\u00e4sst Sie Dank der deutlichen optischen- und wahlweise akustischen Signale nichts verpassen.<br \/>\n\tFerner k\u00f6nnen weitere Module, wie zum Beispiel das Vibrationskissen, angeschlossen werden.<br \/>\n\t\u00a0<br \/>\n\tMit weiteren Komponenten k\u00f6nnen Sie Ihr\u00a0<em>signolux<\/em>-System individuell erweitern und Ihrer Situation anpassen.<br \/>\n\t\u00a0<br \/>\n\t<strong>Die ben\u00f6tigten Batterien sind im Lieferumfang enthalten.<\/strong>\u00a0<br \/>\n\t\u00a0<br \/>\n\t<strong>Achtung:\u00a0<em>signolux<\/em>-Ger\u00e4te sind nicht mit lisa-Sendern und Empf\u00e4ngern kompatibel!<\/strong><\/p>\n<p>\t<a href=\"images\/Humantechnik\/BA-2614-0_signolux-standardRCV_2015-11.pdf\" target=\"_blank\" rel=\"noopener\"><strong>Anleitung<\/strong><\/a><br \/>\n\t\u00a0<\/span>\n<\/div>\n<table border=\"0\" cellpadding=\"0\" cellspacing=\"0\">\n<tbody>\n<tr>\n<td style=\"width: 184px;\">\n<div>\n\t\t\t\t<span style=\"color:#000000;\"><strong>Technische Daten:<\/strong><\/span>\n\t\t\t<\/div>\n<\/td>\n<td style=\"width: 420px;\">\n<div>\n\t\t\t\t<span style=\"color:#000000;\">\u00a0<\/span>\n\t\t\t<\/div>\n<\/td>\n<\/tr>\n<tr>\n<td style=\"width: 184px;\">\n<div>\n\t\t\t\t<span style=\"color:#000000;\">\u00a0<\/span>\n\t\t\t<\/div>\n<\/td>\n<td style=\"width: 420px;\">\n<div>\n\t\t\t\t<span style=\"color:#000000;\">\u00a0<\/span>\n\t\t\t<\/div>\n<\/td>\n<\/tr>\n<tr>\n<td style=\"width: 184px;\">\n<div>\n\t\t\t\t<span style=\"color:#000000;\"><strong>Masse (HxBxT):<\/strong><\/span>\n\t\t\t<\/div>\n<\/td>\n<td style=\"width: 420px;\">\n<div>\n\t\t\t\t<span style=\"color:#000000;\">H 153 x B 121 x T 41 mm<\/span>\n\t\t\t<\/div>\n<\/td>\n<\/tr>\n<tr>\n<td style=\"width: 184px;\">\n<div>\n\t\t\t\t<span style=\"color:#000000;\"><strong>Farbe:<\/strong><\/span>\n\t\t\t<\/div>\n<\/td>\n<td style=\"width: 420px;\">\n<div>\n\t\t\t\t<span style=\"color:#000000;\">Bronze-metallic \/ Rauchglas<\/span>\n\t\t\t<\/div>\n<\/td>\n<\/tr>\n<tr>\n<td style=\"width: 184px;\">\n<div>\n\t\t\t\t<span style=\"color:#000000;\"><strong>Gewicht:<\/strong><\/span>\n\t\t\t<\/div>\n<\/td>\n<td style=\"width: 420px;\">\n<div>\n\t\t\t\t<span style=\"color:#000000;\">566 g (inkl. Batterien)<\/span>\n\t\t\t<\/div>\n<\/td>\n<\/tr>\n<tr>\n<td style=\"width: 184px;\">\n<div>\n\t\t\t\t<span style=\"color:#000000;\"><strong>Stromversorgung:<\/strong><\/span><br \/>\n\t\t\t\t\u00a0\n\t\t\t<\/div>\n<\/td>\n<td style=\"width: 420px;\">\n<div>\n\t\t\t\t<span style=\"color:#000000;\">4 St\u00fcck Batterien Typ LR14 \u00abBaby-Zelle\u00bb (oder Netzteit A-2690-0, Zubeh\u00f6r)<\/span>\n\t\t\t<\/div>\n<\/td>\n<\/tr>\n<tr>\n<td style=\"width: 184px;\">\n<div>\n\t\t\t\t<span style=\"color:#000000;\"><strong>Lebensdauer Batterien:<\/strong><\/span>\n\t\t\t<\/div>\n<\/td>\n<td style=\"width: 420px;\">\n<div>\n\t\t\t\t<span style=\"color:#000000;\">Ca. 1 Jahr bei 5 Ereignissen pro Tag<\/span>\n\t\t\t<\/div>\n<\/td>\n<\/tr>\n<\/tbody>\n<\/table>\n","protected":false},"excerpt":{"rendered":"<p>\tEmpf\u00e4nger zur Erweiterung der Signolux Lichtsignalanlage. Mit optischer Signalanzeige. Ton- und Lichtsignale w\u00e4hlbar.<\/p>\n","protected":false},"featured_media":3921,"template":"","meta":{"inline_featured_image":false,"_uag_custom_page_level_css":"","site-sidebar-layout":"default","site-content-layout":"","ast-site-content-layout":"default","site-content-style":"default","site-sidebar-style":"default","ast-global-header-display":"","ast-banner-title-visibility":"","ast-main-header-display":"","ast-hfb-above-header-display":"","ast-hfb-below-header-display":"","ast-hfb-mobile-header-display":"","site-post-title":"","ast-breadcrumbs-content":"","ast-featured-img":"","footer-sml-layout":"","ast-disable-related-posts":"","theme-transparent-header-meta":"","adv-header-id-meta":"","stick-header-meta":"","header-above-stick-meta":"","header-main-stick-meta":"","header-below-stick-meta":"","astra-migrate-meta-layouts":"default","ast-page-background-enabled":"default","ast-page-background-meta":{"desktop":{"background-color":"","background-image":"","background-repeat":"repeat","background-position":"center center","background-size":"auto","background-attachment":"scroll","background-type":"","background-media":"","overlay-type":"","overlay-color":"","overlay-opacity":"","overlay-gradient":""},"tablet":{"background-color":"","background-image":"","background-repeat":"repeat","background-position":"center center","background-size":"auto","background-attachment":"scroll","background-type":"","background-media":"","overlay-type":"","overlay-color":"","overlay-opacity":"","overlay-gradient":""},"mobile":{"background-color":"","background-image":"","background-repeat":"repeat","background-position":"center center","background-size":"auto","background-attachment":"scroll","background-type":"","background-media":"","overlay-type":"","overlay-color":"","overlay-opacity":"","overlay-gradient":""}},"ast-content-background-meta":{"desktop":{"background-color":"var(--ast-global-color-5)","background-image":"","background-repeat":"repeat","background-position":"center center","background-size":"auto","background-attachment":"scroll","background-type":"","background-media":"","overlay-type":"","overlay-color":"","overlay-opacity":"","overlay-gradient":""},"tablet":{"background-color":"var(--ast-global-color-5)","background-image":"","background-repeat":"repeat","background-position":"center center","background-size":"auto","background-attachment":"scroll","background-type":"","background-media":"","overlay-type":"","overlay-color":"","overlay-opacity":"","overlay-gradient":""},"mobile":{"background-color":"var(--ast-global-color-5)","background-image":"","background-repeat":"repeat","background-position":"center center","background-size":"auto","background-attachment":"scroll","background-type":"","background-media":"","overlay-type":"","overlay-color":"","overlay-opacity":"","overlay-gradient":""}}},"product_brand":[],"product_cat":[2821],"product_tag":[],"class_list":{"0":"post-3920","1":"product","2":"type-product","3":"status-publish","4":"has-post-thumbnail","6":"product_cat-humantechnik-signoulux","7":"desktop-align-center","8":"tablet-align-center","9":"mobile-align-center","10":"ast-product-gallery-layout-horizontal-slider","11":"ast-product-tabs-layout-accordion","13":"first","14":"outofstock","15":"taxable","16":"shipping-taxable","17":"purchasable","18":"product-type-simple"},"yoast_head":"<!-- This site is optimized with the Yoast SEO plugin v27.5 - https:\/\/yoast.com\/product\/yoast-seo-wordpress\/ -->\n<title>Signolux Standard-Empf\u00e4nger im Onlineshop | Gleichcom AG<\/title>\n<meta name=\"description\" content=\"\u2705 Empf\u00e4nger zur Erweiterung der Signolux Lichtsignalanlage. Mit optischer Signalanzeige. Ton- und Lichtsignale w\u00e4hlbar.\" \/>\n<meta name=\"robots\" content=\"noindex, follow, max-snippet:-1, max-image-preview:large, max-video-preview:-1\" \/>\n<meta property=\"og:locale\" content=\"fr_FR\" \/>\n<meta property=\"og:type\" content=\"article\" \/>\n<meta property=\"og:title\" content=\"Signolux Standard-Empf\u00e4nger im Onlineshop | Gleichcom AG\" \/>\n<meta property=\"og:description\" content=\"\u2705 Empf\u00e4nger zur Erweiterung der Signolux Lichtsignalanlage. Mit optischer Signalanzeige. Ton- und Lichtsignale w\u00e4hlbar.\" \/>\n<meta property=\"og:url\" content=\"https:\/\/www.gleichcom.samuraidev.ch\/fr\/shop\/signolux-standard-empfaenger\/\" \/>\n<meta property=\"og:site_name\" content=\"Gleichcom AG\" \/>\n<meta property=\"article:publisher\" content=\"https:\/\/www.facebook.com\/profile.php?id=100068749126981\" \/>\n<meta property=\"article:modified_time\" content=\"2023-12-03T14:16:48+00:00\" \/>\n<meta property=\"og:image\" content=\"https:\/\/www.gleichcom.samuraidev.ch\/wp-content\/uploads\/2023\/09\/signoluxstandardempf_nger2614.jpg\" \/>\n\t<meta property=\"og:image:width\" content=\"500\" \/>\n\t<meta property=\"og:image:height\" content=\"500\" \/>\n\t<meta property=\"og:image:type\" content=\"image\/jpeg\" \/>\n<meta name=\"twitter:card\" content=\"summary_large_image\" \/>\n<script type=\"application\/ld+json\" class=\"yoast-schema-graph\">{\"@context\":\"https:\\\/\\\/schema.org\",\"@graph\":[{\"@type\":\"WebPage\",\"@id\":\"https:\\\/\\\/www.gleichcom.samuraidev.ch\\\/fr\\\/shop\\\/signolux-standard-empfaenger\\\/\",\"url\":\"https:\\\/\\\/www.gleichcom.samuraidev.ch\\\/fr\\\/shop\\\/signolux-standard-empfaenger\\\/\",\"name\":\"Signolux Standard-Empf\u00e4nger im Onlineshop | Gleichcom AG\",\"isPartOf\":{\"@id\":\"https:\\\/\\\/www.gleichcom.samuraidev.ch\\\/fr\\\/#website\"},\"primaryImageOfPage\":{\"@id\":\"https:\\\/\\\/www.gleichcom.samuraidev.ch\\\/fr\\\/shop\\\/signolux-standard-empfaenger\\\/#primaryimage\"},\"image\":{\"@id\":\"https:\\\/\\\/www.gleichcom.samuraidev.ch\\\/fr\\\/shop\\\/signolux-standard-empfaenger\\\/#primaryimage\"},\"thumbnailUrl\":\"https:\\\/\\\/www.gleichcom.samuraidev.ch\\\/wp-content\\\/uploads\\\/2023\\\/09\\\/signoluxstandardempf_nger2614.jpg\",\"datePublished\":\"2016-05-24T13:55:54+00:00\",\"dateModified\":\"2023-12-03T14:16:48+00:00\",\"description\":\"\u2705 Empf\u00e4nger zur Erweiterung der Signolux Lichtsignalanlage. Mit optischer Signalanzeige. Ton- und Lichtsignale w\u00e4hlbar.\",\"breadcrumb\":{\"@id\":\"https:\\\/\\\/www.gleichcom.samuraidev.ch\\\/fr\\\/shop\\\/signolux-standard-empfaenger\\\/#breadcrumb\"},\"inLanguage\":\"fr-FR\",\"potentialAction\":[{\"@type\":\"ReadAction\",\"target\":[\"https:\\\/\\\/www.gleichcom.samuraidev.ch\\\/fr\\\/shop\\\/signolux-standard-empfaenger\\\/\"]}]},{\"@type\":\"ImageObject\",\"inLanguage\":\"fr-FR\",\"@id\":\"https:\\\/\\\/www.gleichcom.samuraidev.ch\\\/fr\\\/shop\\\/signolux-standard-empfaenger\\\/#primaryimage\",\"url\":\"https:\\\/\\\/www.gleichcom.samuraidev.ch\\\/wp-content\\\/uploads\\\/2023\\\/09\\\/signoluxstandardempf_nger2614.jpg\",\"contentUrl\":\"https:\\\/\\\/www.gleichcom.samuraidev.ch\\\/wp-content\\\/uploads\\\/2023\\\/09\\\/signoluxstandardempf_nger2614.jpg\",\"width\":500,\"height\":500,\"caption\":\"Signolux Standard-Empf\u00e4nger - Gleichcom AG - - Onlineshop besser h\u00f6ren. besser sehen. besser leben. - H\u00fcnenberg 2\"},{\"@type\":\"BreadcrumbList\",\"@id\":\"https:\\\/\\\/www.gleichcom.samuraidev.ch\\\/fr\\\/shop\\\/signolux-standard-empfaenger\\\/#breadcrumb\",\"itemListElement\":[{\"@type\":\"ListItem\",\"position\":1,\"name\":\"Startseite\",\"item\":\"https:\\\/\\\/www.gleichcom.samuraidev.ch\\\/fr\\\/\"},{\"@type\":\"ListItem\",\"position\":2,\"name\":\"Shop\",\"item\":\"https:\\\/\\\/www.gleichcom.samuraidev.ch\\\/fr\\\/shop\\\/\"},{\"@type\":\"ListItem\",\"position\":3,\"name\":\"Signolux Standard-Empf\u00e4nger\"}]},{\"@type\":\"WebSite\",\"@id\":\"https:\\\/\\\/www.gleichcom.samuraidev.ch\\\/fr\\\/#website\",\"url\":\"https:\\\/\\\/www.gleichcom.samuraidev.ch\\\/fr\\\/\",\"name\":\"Gleichcom AG\",\"description\":\"besser h\u00f6ren. besser sehen. besser leben.\",\"publisher\":{\"@id\":\"https:\\\/\\\/www.gleichcom.samuraidev.ch\\\/fr\\\/#organization\"},\"alternateName\":\"Gleichcom\",\"potentialAction\":[{\"@type\":\"SearchAction\",\"target\":{\"@type\":\"EntryPoint\",\"urlTemplate\":\"https:\\\/\\\/www.gleichcom.samuraidev.ch\\\/fr\\\/?s={search_term_string}\"},\"query-input\":{\"@type\":\"PropertyValueSpecification\",\"valueRequired\":true,\"valueName\":\"search_term_string\"}}],\"inLanguage\":\"fr-FR\"},{\"@type\":\"Organization\",\"@id\":\"https:\\\/\\\/www.gleichcom.samuraidev.ch\\\/fr\\\/#organization\",\"name\":\"Gleichcom AG\",\"alternateName\":\"Gleichcom\",\"url\":\"https:\\\/\\\/www.gleichcom.samuraidev.ch\\\/fr\\\/\",\"logo\":{\"@type\":\"ImageObject\",\"inLanguage\":\"fr-FR\",\"@id\":\"https:\\\/\\\/www.gleichcom.samuraidev.ch\\\/fr\\\/#\\\/schema\\\/logo\\\/image\\\/\",\"url\":\"https:\\\/\\\/www.gleichcom.samuraidev.ch\\\/wp-content\\\/uploads\\\/2023\\\/09\\\/gleichcom-ag-logo-quadrat-farbig-mitte@696.png\",\"contentUrl\":\"https:\\\/\\\/www.gleichcom.samuraidev.ch\\\/wp-content\\\/uploads\\\/2023\\\/09\\\/gleichcom-ag-logo-quadrat-farbig-mitte@696.png\",\"width\":437,\"height\":437,\"caption\":\"Gleichcom AG\"},\"image\":{\"@id\":\"https:\\\/\\\/www.gleichcom.samuraidev.ch\\\/fr\\\/#\\\/schema\\\/logo\\\/image\\\/\"},\"sameAs\":[\"https:\\\/\\\/www.facebook.com\\\/profile.php?id=100068749126981\"]}]}<\/script>\n<!-- \/ Yoast SEO plugin. -->","yoast_head_json":{"title":"Signolux Standard-Empf\u00e4nger im Onlineshop | Gleichcom AG","description":"\u2705 Empf\u00e4nger zur Erweiterung der Signolux Lichtsignalanlage. Mit optischer Signalanzeige. Ton- und Lichtsignale w\u00e4hlbar.","robots":{"index":"noindex","follow":"follow","max-snippet":"max-snippet:-1","max-image-preview":"max-image-preview:large","max-video-preview":"max-video-preview:-1"},"og_locale":"fr_FR","og_type":"article","og_title":"Signolux Standard-Empf\u00e4nger im Onlineshop | Gleichcom AG","og_description":"\u2705 Empf\u00e4nger zur Erweiterung der Signolux Lichtsignalanlage. Mit optischer Signalanzeige. Ton- und Lichtsignale w\u00e4hlbar.","og_url":"https:\/\/www.gleichcom.samuraidev.ch\/fr\/shop\/signolux-standard-empfaenger\/","og_site_name":"Gleichcom AG","article_publisher":"https:\/\/www.facebook.com\/profile.php?id=100068749126981","article_modified_time":"2023-12-03T14:16:48+00:00","og_image":[{"width":500,"height":500,"url":"https:\/\/www.gleichcom.samuraidev.ch\/wp-content\/uploads\/2023\/09\/signoluxstandardempf_nger2614.jpg","type":"image\/jpeg"}],"twitter_card":"summary_large_image","schema":{"@context":"https:\/\/schema.org","@graph":[{"@type":"WebPage","@id":"https:\/\/www.gleichcom.samuraidev.ch\/fr\/shop\/signolux-standard-empfaenger\/","url":"https:\/\/www.gleichcom.samuraidev.ch\/fr\/shop\/signolux-standard-empfaenger\/","name":"Signolux Standard-Empf\u00e4nger im Onlineshop | Gleichcom AG","isPartOf":{"@id":"https:\/\/www.gleichcom.samuraidev.ch\/fr\/#website"},"primaryImageOfPage":{"@id":"https:\/\/www.gleichcom.samuraidev.ch\/fr\/shop\/signolux-standard-empfaenger\/#primaryimage"},"image":{"@id":"https:\/\/www.gleichcom.samuraidev.ch\/fr\/shop\/signolux-standard-empfaenger\/#primaryimage"},"thumbnailUrl":"https:\/\/www.gleichcom.samuraidev.ch\/wp-content\/uploads\/2023\/09\/signoluxstandardempf_nger2614.jpg","datePublished":"2016-05-24T13:55:54+00:00","dateModified":"2023-12-03T14:16:48+00:00","description":"\u2705 Empf\u00e4nger zur Erweiterung der Signolux Lichtsignalanlage. Mit optischer Signalanzeige. Ton- und Lichtsignale w\u00e4hlbar.","breadcrumb":{"@id":"https:\/\/www.gleichcom.samuraidev.ch\/fr\/shop\/signolux-standard-empfaenger\/#breadcrumb"},"inLanguage":"fr-FR","potentialAction":[{"@type":"ReadAction","target":["https:\/\/www.gleichcom.samuraidev.ch\/fr\/shop\/signolux-standard-empfaenger\/"]}]},{"@type":"ImageObject","inLanguage":"fr-FR","@id":"https:\/\/www.gleichcom.samuraidev.ch\/fr\/shop\/signolux-standard-empfaenger\/#primaryimage","url":"https:\/\/www.gleichcom.samuraidev.ch\/wp-content\/uploads\/2023\/09\/signoluxstandardempf_nger2614.jpg","contentUrl":"https:\/\/www.gleichcom.samuraidev.ch\/wp-content\/uploads\/2023\/09\/signoluxstandardempf_nger2614.jpg","width":500,"height":500,"caption":"Signolux Standard-Empf\u00e4nger - Gleichcom AG - - Onlineshop besser h\u00f6ren. besser sehen. besser leben. - H\u00fcnenberg 2"},{"@type":"BreadcrumbList","@id":"https:\/\/www.gleichcom.samuraidev.ch\/fr\/shop\/signolux-standard-empfaenger\/#breadcrumb","itemListElement":[{"@type":"ListItem","position":1,"name":"Startseite","item":"https:\/\/www.gleichcom.samuraidev.ch\/fr\/"},{"@type":"ListItem","position":2,"name":"Shop","item":"https:\/\/www.gleichcom.samuraidev.ch\/fr\/shop\/"},{"@type":"ListItem","position":3,"name":"Signolux Standard-Empf\u00e4nger"}]},{"@type":"WebSite","@id":"https:\/\/www.gleichcom.samuraidev.ch\/fr\/#website","url":"https:\/\/www.gleichcom.samuraidev.ch\/fr\/","name":"Gleichcom AG","description":"besser h\u00f6ren. besser sehen. besser leben.","publisher":{"@id":"https:\/\/www.gleichcom.samuraidev.ch\/fr\/#organization"},"alternateName":"Gleichcom","potentialAction":[{"@type":"SearchAction","target":{"@type":"EntryPoint","urlTemplate":"https:\/\/www.gleichcom.samuraidev.ch\/fr\/?s={search_term_string}"},"query-input":{"@type":"PropertyValueSpecification","valueRequired":true,"valueName":"search_term_string"}}],"inLanguage":"fr-FR"},{"@type":"Organization","@id":"https:\/\/www.gleichcom.samuraidev.ch\/fr\/#organization","name":"Gleichcom AG","alternateName":"Gleichcom","url":"https:\/\/www.gleichcom.samuraidev.ch\/fr\/","logo":{"@type":"ImageObject","inLanguage":"fr-FR","@id":"https:\/\/www.gleichcom.samuraidev.ch\/fr\/#\/schema\/logo\/image\/","url":"https:\/\/www.gleichcom.samuraidev.ch\/wp-content\/uploads\/2023\/09\/gleichcom-ag-logo-quadrat-farbig-mitte@696.png","contentUrl":"https:\/\/www.gleichcom.samuraidev.ch\/wp-content\/uploads\/2023\/09\/gleichcom-ag-logo-quadrat-farbig-mitte@696.png","width":437,"height":437,"caption":"Gleichcom AG"},"image":{"@id":"https:\/\/www.gleichcom.samuraidev.ch\/fr\/#\/schema\/logo\/image\/"},"sameAs":["https:\/\/www.facebook.com\/profile.php?id=100068749126981"]}]}},"uagb_featured_image_src":{"full":["https:\/\/www.gleichcom.samuraidev.ch\/wp-content\/uploads\/2023\/09\/signoluxstandardempf_nger2614.jpg",500,500,false],"thumbnail":["https:\/\/www.gleichcom.samuraidev.ch\/wp-content\/uploads\/2023\/09\/signoluxstandardempf_nger2614.jpg",150,150,false],"medium":["https:\/\/www.gleichcom.samuraidev.ch\/wp-content\/uploads\/2023\/09\/signoluxstandardempf_nger2614.jpg",300,300,false],"medium_large":["https:\/\/www.gleichcom.samuraidev.ch\/wp-content\/uploads\/2023\/09\/signoluxstandardempf_nger2614.jpg",500,500,false],"large":["https:\/\/www.gleichcom.samuraidev.ch\/wp-content\/uploads\/2023\/09\/signoluxstandardempf_nger2614.jpg",500,500,false],"1536x1536":["https:\/\/www.gleichcom.samuraidev.ch\/wp-content\/uploads\/2023\/09\/signoluxstandardempf_nger2614.jpg",500,500,false],"2048x2048":["https:\/\/www.gleichcom.samuraidev.ch\/wp-content\/uploads\/2023\/09\/signoluxstandardempf_nger2614.jpg",500,500,false],"woocommerce_thumbnail":["https:\/\/www.gleichcom.samuraidev.ch\/wp-content\/uploads\/2023\/09\/signoluxstandardempf_nger2614.jpg",300,300,false],"woocommerce_single":["https:\/\/www.gleichcom.samuraidev.ch\/wp-content\/uploads\/2023\/09\/signoluxstandardempf_nger2614.jpg",500,500,false],"woocommerce_gallery_thumbnail":["https:\/\/www.gleichcom.samuraidev.ch\/wp-content\/uploads\/2023\/09\/signoluxstandardempf_nger2614.jpg",100,100,false]},"uagb_author_info":{"display_name":"","author_link":"https:\/\/www.gleichcom.samuraidev.ch\/fr\/author\/"},"uagb_comment_info":0,"uagb_excerpt":"Empf\u00e4nger zur Erweiterung der Signolux Lichtsignalanlage. Mit optischer Signalanzeige. Ton- und Lichtsignale w\u00e4hlbar.","_links":{"self":[{"href":"https:\/\/www.gleichcom.samuraidev.ch\/fr\/wp-json\/wp\/v2\/product\/3920","targetHints":{"allow":["GET"]}}],"collection":[{"href":"https:\/\/www.gleichcom.samuraidev.ch\/fr\/wp-json\/wp\/v2\/product"}],"about":[{"href":"https:\/\/www.gleichcom.samuraidev.ch\/fr\/wp-json\/wp\/v2\/types\/product"}],"wp:featuredmedia":[{"embeddable":true,"href":"https:\/\/www.gleichcom.samuraidev.ch\/fr\/wp-json\/wp\/v2\/media\/3921"}],"wp:attachment":[{"href":"https:\/\/www.gleichcom.samuraidev.ch\/fr\/wp-json\/wp\/v2\/media?parent=3920"}],"wp:term":[{"taxonomy":"product_brand","embeddable":true,"href":"https:\/\/www.gleichcom.samuraidev.ch\/fr\/wp-json\/wp\/v2\/product_brand?post=3920"},{"taxonomy":"product_cat","embeddable":true,"href":"https:\/\/www.gleichcom.samuraidev.ch\/fr\/wp-json\/wp\/v2\/product_cat?post=3920"},{"taxonomy":"product_tag","embeddable":true,"href":"https:\/\/www.gleichcom.samuraidev.ch\/fr\/wp-json\/wp\/v2\/product_tag?post=3920"}],"curies":[{"name":"wp","href":"https:\/\/api.w.org\/{rel}","templated":true}]}}