{"id":3957,"date":"2016-05-24T15:13:04","date_gmt":"2016-05-24T13:13:04","guid":{"rendered":"https:\/\/www.gleichcom.samuraidev.ch\/?product=signolux-set-2"},"modified":"1000-01-01T00:00:00","modified_gmt":"1000-01-01T00:00:00","slug":"signolux-set-2","status":"publish","type":"product","link":"https:\/\/www.gleichcom.samuraidev.ch\/fr\/shop\/signolux-set-2\/","title":{"rendered":"Signolux Set 2"},"content":{"rendered":"<table border=\"0\" cellpadding=\"0\" cellspacing=\"0\" style=\"width:96.0%;\" width=\"96%\">\n<tbody>\n<tr>\n<td>\n<h3><span style=\"font-size:16px;\"><strong>Set\u00a0<em>signolux<\/em>\u00a02<\/strong><\/span><\/h3>\n<p>\t\t\tLe Set 2 comprend le r\u00e9cepteur standard signolux et le bouton d\u2019appel de personnes signolux. Comme le mode de repr\u00e9sentation est programmable sur les r\u00e9cepteurs signolux, ce bouton peut \u00eatre utilis\u00e9 pour deux fonctions : comme bouton d\u2019appel de personnes ou comme bouton de sonnette de porte.<\/p>\n<p>\t\t\tPour la derni\u00e8re application, placer le bouton de sonnette de porte pr\u00e8s ou \u00e0 la place du bouton existant. Placer le r\u00e9cepteur standard signolux \u00e0 n\u2019importe quel endroit \u00e0 l\u2019int\u00e9rieur de la port\u00e9e du bouton de sonnette (jusqu\u2019\u00e0 maximum 200 m), mettez en route, cela fonctionne.<\/p>\n<p>\t\t\tLe r\u00e9cepteur averti des visites par des signaux optiques clairs et, au choix, acoustique.<br \/>\n\t\t\tAvec d\u2019autres accessoires vous pourrez compl\u00e9ter individuellement votre syst\u00e8me signolux et le personnaliser \u00e0 votre situation.<\/p>\n<p>\t\t\tLes piles n\u00e9cessaires sont incluses dans la livraison.<\/p>\n<p>\t\t\t<strong>Attention : les appareils<\/strong>\u00a0<em><strong>signolux<\/strong><\/em>\u00a0<strong>ne sont pas compatibles avec les \u00e9metteurs et r\u00e9cepteurs lisa !<\/strong><\/td>\n<\/tr>\n<\/tbody>\n<\/table>\n<p>\u00a0<\/p>\n<table border=\"0\" cellpadding=\"0\" style=\"width:100.0%;\" width=\"100%\">\n<tbody>\n<tr>\n<td colspan=\"2\"><strong>Caract\u00e9ristiques techniques :<\/strong><\/td>\n<\/tr>\n<tr>\n<td colspan=\"2\" style=\"height:5px;\">\u00a0<\/td>\n<\/tr>\n<tr>\n<td style=\"width: 250px;\"><strong>Bouton d\u2019appel :<\/strong><\/td>\n<td style=\"width: 953px;\">\u00a0<\/td>\n<\/tr>\n<tr>\n<td style=\"width: 250px;\">Dimensions (haut. x larg. x prof.) :<\/td>\n<td style=\"width: 953px;\">L 80 x B 40 x P 16 mm<\/td>\n<\/tr>\n<tr>\n<td style=\"width: 250px;\">Coloris :<\/td>\n<td style=\"width: 953px;\">bronze-m\u00e9tallique \/ transparent<\/td>\n<\/tr>\n<tr>\n<td style=\"width: 250px;\">Poids :<\/td>\n<td style=\"width: 953px;\">41 g (pile incluse)<\/td>\n<\/tr>\n<tr>\n<td style=\"width: 250px;\">Alimentation \u00e9lectrique :<\/td>\n<td style=\"width: 953px;\">1x 3V piles CR 2032<\/td>\n<\/tr>\n<tr>\n<td style=\"width: 250px;\">Autonomie de la batterie :<\/td>\n<td style=\"width: 953px;\">env. 18 mois<\/td>\n<\/tr>\n<tr>\n<td colspan=\"2\" style=\"height:5px;\">\u00a0<\/td>\n<\/tr>\n<tr>\n<td style=\"width: 250px;\"><strong>R\u00e9cepteur standard :<\/strong><\/td>\n<td style=\"width: 953px;\">\u00a0<\/td>\n<\/tr>\n<tr>\n<td style=\"width: 250px;\">Dimensions (haut. x larg. x prof.) :<\/td>\n<td style=\"width: 953px;\">H 153 x L 121 x P 43 mm<\/td>\n<\/tr>\n<tr>\n<td style=\"width: 250px;\">Coloris :<\/td>\n<td style=\"width: 953px;\">bronze-m\u00e9tallique \/ verre fum\u00e9e<\/td>\n<\/tr>\n<tr>\n<td style=\"width: 250px;\">Poids :<\/td>\n<td style=\"width: 953px;\">566 g (piles incluses)<\/td>\n<\/tr>\n<tr>\n<td style=\"width: 250px;\">Alimentation \u00e9lectrique :<\/td>\n<td style=\"width: 953px;\">4x 1,5V piles LR14 (ou bloc-secteur A-2690-0, accessoire \u00e0 commander s\u00e9par\u00e9ment)<\/td>\n<\/tr>\n<tr>\n<td style=\"width: 250px;\">Autonomie de la batterie :<\/td>\n<td style=\"width: 953px;\">env. 1 an<\/td>\n<\/tr>\n<\/tbody>\n<\/table>\n","protected":false},"excerpt":{"rendered":"<p>\tLe Set 2 comprend le r\u00e9cepteur standard signolux et le bouton d\u2019appel de personnes signolux. Comme le mode de repr\u00e9sentation est programmable sur les r\u00e9cepteurs signolux, ce bouton peut \u00eatre utilis\u00e9 pour deux fonctions : comme bouton d\u2019appel de personnes ou comme bouton de sonnette de porte.<\/p>\n","protected":false},"featured_media":3955,"template":"","meta":{"inline_featured_image":false,"_uag_custom_page_level_css":"","site-sidebar-layout":"default","site-content-layout":"","ast-site-content-layout":"default","site-content-style":"default","site-sidebar-style":"default","ast-global-header-display":"","ast-banner-title-visibility":"","ast-main-header-display":"","ast-hfb-above-header-display":"","ast-hfb-below-header-display":"","ast-hfb-mobile-header-display":"","site-post-title":"","ast-breadcrumbs-content":"","ast-featured-img":"","footer-sml-layout":"","ast-disable-related-posts":"","theme-transparent-header-meta":"","adv-header-id-meta":"","stick-header-meta":"","header-above-stick-meta":"","header-main-stick-meta":"","header-below-stick-meta":"","astra-migrate-meta-layouts":"default","ast-page-background-enabled":"default","ast-page-background-meta":{"desktop":{"background-color":"","background-image":"","background-repeat":"repeat","background-position":"center center","background-size":"auto","background-attachment":"scroll","background-type":"","background-media":"","overlay-type":"","overlay-color":"","overlay-opacity":"","overlay-gradient":""},"tablet":{"background-color":"","background-image":"","background-repeat":"repeat","background-position":"center center","background-size":"auto","background-attachment":"scroll","background-type":"","background-media":"","overlay-type":"","overlay-color":"","overlay-opacity":"","overlay-gradient":""},"mobile":{"background-color":"","background-image":"","background-repeat":"repeat","background-position":"center center","background-size":"auto","background-attachment":"scroll","background-type":"","background-media":"","overlay-type":"","overlay-color":"","overlay-opacity":"","overlay-gradient":""}},"ast-content-background-meta":{"desktop":{"background-color":"var(--ast-global-color-5)","background-image":"","background-repeat":"repeat","background-position":"center center","background-size":"auto","background-attachment":"scroll","background-type":"","background-media":"","overlay-type":"","overlay-color":"","overlay-opacity":"","overlay-gradient":""},"tablet":{"background-color":"var(--ast-global-color-5)","background-image":"","background-repeat":"repeat","background-position":"center center","background-size":"auto","background-attachment":"scroll","background-type":"","background-media":"","overlay-type":"","overlay-color":"","overlay-opacity":"","overlay-gradient":""},"mobile":{"background-color":"var(--ast-global-color-5)","background-image":"","background-repeat":"repeat","background-position":"center center","background-size":"auto","background-attachment":"scroll","background-type":"","background-media":"","overlay-type":"","overlay-color":"","overlay-opacity":"","overlay-gradient":""}}},"product_brand":[],"product_cat":[1776],"product_tag":[],"class_list":{"0":"post-3957","1":"product","2":"type-product","3":"status-publish","4":"has-post-thumbnail","6":"product_cat-unkategorisiert","7":"desktop-align-center","8":"tablet-align-center","9":"mobile-align-center","10":"ast-product-gallery-layout-horizontal-slider","11":"ast-product-gallery-with-no-image","12":"ast-product-tabs-layout-accordion","14":"first","15":"outofstock","16":"taxable","17":"shipping-taxable","18":"purchasable","19":"product-type-simple"},"yoast_head":"<!-- This site is optimized with the Yoast SEO plugin v27.5 - https:\/\/yoast.com\/product\/yoast-seo-wordpress\/ -->\n<title>Signolux Set 2 im Onlineshop | Gleichcom AG<\/title>\n<meta name=\"description\" content=\"\u2705 Le Set 2 comprend le r\u00e9cepteur standard signolux et le bouton d\u2019appel de personnes signolux. Comme le mode de repr\u00e9sentation est programmable sur les r\u00e9cepteurs signolux, ce bouton peut \u00eatre utilis\u00e9 pour deux fonctions : comme bouton d\u2019appel de personnes ou comme bouton de sonnette de porte.\" \/>\n<meta name=\"robots\" content=\"noindex, follow, max-snippet:-1, max-image-preview:large, max-video-preview:-1\" \/>\n<meta property=\"og:locale\" content=\"fr_FR\" \/>\n<meta property=\"og:type\" content=\"article\" \/>\n<meta property=\"og:title\" content=\"Signolux Set 2 im Onlineshop | Gleichcom AG\" \/>\n<meta property=\"og:description\" content=\"\u2705 Le Set 2 comprend le r\u00e9cepteur standard signolux et le bouton d\u2019appel de personnes signolux. Comme le mode de repr\u00e9sentation est programmable sur les r\u00e9cepteurs signolux, ce bouton peut \u00eatre utilis\u00e9 pour deux fonctions : comme bouton d\u2019appel de personnes ou comme bouton de sonnette de porte.\" \/>\n<meta property=\"og:url\" content=\"https:\/\/www.gleichcom.samuraidev.ch\/fr\/shop\/signolux-set-2\/\" \/>\n<meta property=\"og:site_name\" content=\"Gleichcom AG\" \/>\n<meta property=\"article:publisher\" content=\"https:\/\/www.facebook.com\/profile.php?id=100068749126981\" \/>\n<meta property=\"og:image\" content=\"https:\/\/www.gleichcom.samuraidev.ch\/wp-content\/uploads\/2023\/09\/signoluxset22659und26142622.jpg\" \/>\n\t<meta property=\"og:image:width\" content=\"500\" \/>\n\t<meta property=\"og:image:height\" content=\"500\" \/>\n\t<meta property=\"og:image:type\" content=\"image\/jpeg\" \/>\n<meta name=\"twitter:card\" content=\"summary_large_image\" \/>\n<script type=\"application\/ld+json\" class=\"yoast-schema-graph\">{\"@context\":\"https:\\\/\\\/schema.org\",\"@graph\":[{\"@type\":\"WebPage\",\"@id\":\"https:\\\/\\\/www.gleichcom.samuraidev.ch\\\/fr\\\/shop\\\/signolux-set-2\\\/\",\"url\":\"https:\\\/\\\/www.gleichcom.samuraidev.ch\\\/fr\\\/shop\\\/signolux-set-2\\\/\",\"name\":\"Signolux Set 2 im Onlineshop | Gleichcom AG\",\"isPartOf\":{\"@id\":\"https:\\\/\\\/www.gleichcom.samuraidev.ch\\\/fr\\\/#website\"},\"primaryImageOfPage\":{\"@id\":\"https:\\\/\\\/www.gleichcom.samuraidev.ch\\\/fr\\\/shop\\\/signolux-set-2\\\/#primaryimage\"},\"image\":{\"@id\":\"https:\\\/\\\/www.gleichcom.samuraidev.ch\\\/fr\\\/shop\\\/signolux-set-2\\\/#primaryimage\"},\"thumbnailUrl\":\"https:\\\/\\\/www.gleichcom.samuraidev.ch\\\/wp-content\\\/uploads\\\/2023\\\/09\\\/signoluxset22659und26142622.jpg\",\"datePublished\":\"2016-05-24T13:13:04+00:00\",\"description\":\"\u2705 Le Set 2 comprend le r\u00e9cepteur standard signolux et le bouton d\u2019appel de personnes signolux. Comme le mode de repr\u00e9sentation est programmable sur les r\u00e9cepteurs signolux, ce bouton peut \u00eatre utilis\u00e9 pour deux fonctions : comme bouton d\u2019appel de personnes ou comme bouton de sonnette de porte.\",\"breadcrumb\":{\"@id\":\"https:\\\/\\\/www.gleichcom.samuraidev.ch\\\/fr\\\/shop\\\/signolux-set-2\\\/#breadcrumb\"},\"inLanguage\":\"fr-FR\",\"potentialAction\":[{\"@type\":\"ReadAction\",\"target\":[\"https:\\\/\\\/www.gleichcom.samuraidev.ch\\\/fr\\\/shop\\\/signolux-set-2\\\/\"]}]},{\"@type\":\"ImageObject\",\"inLanguage\":\"fr-FR\",\"@id\":\"https:\\\/\\\/www.gleichcom.samuraidev.ch\\\/fr\\\/shop\\\/signolux-set-2\\\/#primaryimage\",\"url\":\"https:\\\/\\\/www.gleichcom.samuraidev.ch\\\/wp-content\\\/uploads\\\/2023\\\/09\\\/signoluxset22659und26142622.jpg\",\"contentUrl\":\"https:\\\/\\\/www.gleichcom.samuraidev.ch\\\/wp-content\\\/uploads\\\/2023\\\/09\\\/signoluxset22659und26142622.jpg\",\"width\":500,\"height\":500},{\"@type\":\"BreadcrumbList\",\"@id\":\"https:\\\/\\\/www.gleichcom.samuraidev.ch\\\/fr\\\/shop\\\/signolux-set-2\\\/#breadcrumb\",\"itemListElement\":[{\"@type\":\"ListItem\",\"position\":1,\"name\":\"Startseite\",\"item\":\"https:\\\/\\\/www.gleichcom.samuraidev.ch\\\/fr\\\/\"},{\"@type\":\"ListItem\",\"position\":2,\"name\":\"Shop\",\"item\":\"https:\\\/\\\/www.gleichcom.samuraidev.ch\\\/fr\\\/shop\\\/\"},{\"@type\":\"ListItem\",\"position\":3,\"name\":\"Signolux Set 2\"}]},{\"@type\":\"WebSite\",\"@id\":\"https:\\\/\\\/www.gleichcom.samuraidev.ch\\\/fr\\\/#website\",\"url\":\"https:\\\/\\\/www.gleichcom.samuraidev.ch\\\/fr\\\/\",\"name\":\"Gleichcom AG\",\"description\":\"besser h\u00f6ren. besser sehen. besser leben.\",\"publisher\":{\"@id\":\"https:\\\/\\\/www.gleichcom.samuraidev.ch\\\/fr\\\/#organization\"},\"alternateName\":\"Gleichcom\",\"potentialAction\":[{\"@type\":\"SearchAction\",\"target\":{\"@type\":\"EntryPoint\",\"urlTemplate\":\"https:\\\/\\\/www.gleichcom.samuraidev.ch\\\/fr\\\/?s={search_term_string}\"},\"query-input\":{\"@type\":\"PropertyValueSpecification\",\"valueRequired\":true,\"valueName\":\"search_term_string\"}}],\"inLanguage\":\"fr-FR\"},{\"@type\":\"Organization\",\"@id\":\"https:\\\/\\\/www.gleichcom.samuraidev.ch\\\/fr\\\/#organization\",\"name\":\"Gleichcom AG\",\"alternateName\":\"Gleichcom\",\"url\":\"https:\\\/\\\/www.gleichcom.samuraidev.ch\\\/fr\\\/\",\"logo\":{\"@type\":\"ImageObject\",\"inLanguage\":\"fr-FR\",\"@id\":\"https:\\\/\\\/www.gleichcom.samuraidev.ch\\\/fr\\\/#\\\/schema\\\/logo\\\/image\\\/\",\"url\":\"https:\\\/\\\/www.gleichcom.samuraidev.ch\\\/wp-content\\\/uploads\\\/2023\\\/09\\\/gleichcom-ag-logo-quadrat-farbig-mitte@696.png\",\"contentUrl\":\"https:\\\/\\\/www.gleichcom.samuraidev.ch\\\/wp-content\\\/uploads\\\/2023\\\/09\\\/gleichcom-ag-logo-quadrat-farbig-mitte@696.png\",\"width\":437,\"height\":437,\"caption\":\"Gleichcom AG\"},\"image\":{\"@id\":\"https:\\\/\\\/www.gleichcom.samuraidev.ch\\\/fr\\\/#\\\/schema\\\/logo\\\/image\\\/\"},\"sameAs\":[\"https:\\\/\\\/www.facebook.com\\\/profile.php?id=100068749126981\"]}]}<\/script>\n<!-- \/ Yoast SEO plugin. -->","yoast_head_json":{"title":"Signolux Set 2 im Onlineshop | Gleichcom AG","description":"\u2705 Le Set 2 comprend le r\u00e9cepteur standard signolux et le bouton d\u2019appel de personnes signolux. Comme le mode de repr\u00e9sentation est programmable sur les r\u00e9cepteurs signolux, ce bouton peut \u00eatre utilis\u00e9 pour deux fonctions : comme bouton d\u2019appel de personnes ou comme bouton de sonnette de porte.","robots":{"index":"noindex","follow":"follow","max-snippet":"max-snippet:-1","max-image-preview":"max-image-preview:large","max-video-preview":"max-video-preview:-1"},"og_locale":"fr_FR","og_type":"article","og_title":"Signolux Set 2 im Onlineshop | Gleichcom AG","og_description":"\u2705 Le Set 2 comprend le r\u00e9cepteur standard signolux et le bouton d\u2019appel de personnes signolux. Comme le mode de repr\u00e9sentation est programmable sur les r\u00e9cepteurs signolux, ce bouton peut \u00eatre utilis\u00e9 pour deux fonctions : comme bouton d\u2019appel de personnes ou comme bouton de sonnette de porte.","og_url":"https:\/\/www.gleichcom.samuraidev.ch\/fr\/shop\/signolux-set-2\/","og_site_name":"Gleichcom AG","article_publisher":"https:\/\/www.facebook.com\/profile.php?id=100068749126981","og_image":[{"width":500,"height":500,"url":"https:\/\/www.gleichcom.samuraidev.ch\/wp-content\/uploads\/2023\/09\/signoluxset22659und26142622.jpg","type":"image\/jpeg"}],"twitter_card":"summary_large_image","schema":{"@context":"https:\/\/schema.org","@graph":[{"@type":"WebPage","@id":"https:\/\/www.gleichcom.samuraidev.ch\/fr\/shop\/signolux-set-2\/","url":"https:\/\/www.gleichcom.samuraidev.ch\/fr\/shop\/signolux-set-2\/","name":"Signolux Set 2 im Onlineshop | Gleichcom AG","isPartOf":{"@id":"https:\/\/www.gleichcom.samuraidev.ch\/fr\/#website"},"primaryImageOfPage":{"@id":"https:\/\/www.gleichcom.samuraidev.ch\/fr\/shop\/signolux-set-2\/#primaryimage"},"image":{"@id":"https:\/\/www.gleichcom.samuraidev.ch\/fr\/shop\/signolux-set-2\/#primaryimage"},"thumbnailUrl":"https:\/\/www.gleichcom.samuraidev.ch\/wp-content\/uploads\/2023\/09\/signoluxset22659und26142622.jpg","datePublished":"2016-05-24T13:13:04+00:00","description":"\u2705 Le Set 2 comprend le r\u00e9cepteur standard signolux et le bouton d\u2019appel de personnes signolux. Comme le mode de repr\u00e9sentation est programmable sur les r\u00e9cepteurs signolux, ce bouton peut \u00eatre utilis\u00e9 pour deux fonctions : comme bouton d\u2019appel de personnes ou comme bouton de sonnette de porte.","breadcrumb":{"@id":"https:\/\/www.gleichcom.samuraidev.ch\/fr\/shop\/signolux-set-2\/#breadcrumb"},"inLanguage":"fr-FR","potentialAction":[{"@type":"ReadAction","target":["https:\/\/www.gleichcom.samuraidev.ch\/fr\/shop\/signolux-set-2\/"]}]},{"@type":"ImageObject","inLanguage":"fr-FR","@id":"https:\/\/www.gleichcom.samuraidev.ch\/fr\/shop\/signolux-set-2\/#primaryimage","url":"https:\/\/www.gleichcom.samuraidev.ch\/wp-content\/uploads\/2023\/09\/signoluxset22659und26142622.jpg","contentUrl":"https:\/\/www.gleichcom.samuraidev.ch\/wp-content\/uploads\/2023\/09\/signoluxset22659und26142622.jpg","width":500,"height":500},{"@type":"BreadcrumbList","@id":"https:\/\/www.gleichcom.samuraidev.ch\/fr\/shop\/signolux-set-2\/#breadcrumb","itemListElement":[{"@type":"ListItem","position":1,"name":"Startseite","item":"https:\/\/www.gleichcom.samuraidev.ch\/fr\/"},{"@type":"ListItem","position":2,"name":"Shop","item":"https:\/\/www.gleichcom.samuraidev.ch\/fr\/shop\/"},{"@type":"ListItem","position":3,"name":"Signolux Set 2"}]},{"@type":"WebSite","@id":"https:\/\/www.gleichcom.samuraidev.ch\/fr\/#website","url":"https:\/\/www.gleichcom.samuraidev.ch\/fr\/","name":"Gleichcom AG","description":"besser h\u00f6ren. besser sehen. besser leben.","publisher":{"@id":"https:\/\/www.gleichcom.samuraidev.ch\/fr\/#organization"},"alternateName":"Gleichcom","potentialAction":[{"@type":"SearchAction","target":{"@type":"EntryPoint","urlTemplate":"https:\/\/www.gleichcom.samuraidev.ch\/fr\/?s={search_term_string}"},"query-input":{"@type":"PropertyValueSpecification","valueRequired":true,"valueName":"search_term_string"}}],"inLanguage":"fr-FR"},{"@type":"Organization","@id":"https:\/\/www.gleichcom.samuraidev.ch\/fr\/#organization","name":"Gleichcom AG","alternateName":"Gleichcom","url":"https:\/\/www.gleichcom.samuraidev.ch\/fr\/","logo":{"@type":"ImageObject","inLanguage":"fr-FR","@id":"https:\/\/www.gleichcom.samuraidev.ch\/fr\/#\/schema\/logo\/image\/","url":"https:\/\/www.gleichcom.samuraidev.ch\/wp-content\/uploads\/2023\/09\/gleichcom-ag-logo-quadrat-farbig-mitte@696.png","contentUrl":"https:\/\/www.gleichcom.samuraidev.ch\/wp-content\/uploads\/2023\/09\/gleichcom-ag-logo-quadrat-farbig-mitte@696.png","width":437,"height":437,"caption":"Gleichcom AG"},"image":{"@id":"https:\/\/www.gleichcom.samuraidev.ch\/fr\/#\/schema\/logo\/image\/"},"sameAs":["https:\/\/www.facebook.com\/profile.php?id=100068749126981"]}]}},"uagb_featured_image_src":{"full":["https:\/\/www.gleichcom.samuraidev.ch\/wp-content\/uploads\/2023\/09\/signoluxset22659und26142622.jpg",500,500,false],"thumbnail":["https:\/\/www.gleichcom.samuraidev.ch\/wp-content\/uploads\/2023\/09\/signoluxset22659und26142622.jpg",150,150,false],"medium":["https:\/\/www.gleichcom.samuraidev.ch\/wp-content\/uploads\/2023\/09\/signoluxset22659und26142622.jpg",300,300,false],"medium_large":["https:\/\/www.gleichcom.samuraidev.ch\/wp-content\/uploads\/2023\/09\/signoluxset22659und26142622.jpg",500,500,false],"large":["https:\/\/www.gleichcom.samuraidev.ch\/wp-content\/uploads\/2023\/09\/signoluxset22659und26142622.jpg",500,500,false],"1536x1536":["https:\/\/www.gleichcom.samuraidev.ch\/wp-content\/uploads\/2023\/09\/signoluxset22659und26142622.jpg",500,500,false],"2048x2048":["https:\/\/www.gleichcom.samuraidev.ch\/wp-content\/uploads\/2023\/09\/signoluxset22659und26142622.jpg",500,500,false],"woocommerce_thumbnail":["https:\/\/www.gleichcom.samuraidev.ch\/wp-content\/uploads\/2023\/09\/signoluxset22659und26142622.jpg",300,300,false],"woocommerce_single":["https:\/\/www.gleichcom.samuraidev.ch\/wp-content\/uploads\/2023\/09\/signoluxset22659und26142622.jpg",500,500,false],"woocommerce_gallery_thumbnail":["https:\/\/www.gleichcom.samuraidev.ch\/wp-content\/uploads\/2023\/09\/signoluxset22659und26142622.jpg",100,100,false]},"uagb_author_info":{"display_name":"","author_link":"https:\/\/www.gleichcom.samuraidev.ch\/fr\/author\/"},"uagb_comment_info":0,"uagb_excerpt":"Le Set 2 comprend le r\u00e9cepteur standard signolux et le bouton d\u2019appel de personnes signolux. Comme le mode de repr\u00e9sentation est programmable sur les r\u00e9cepteurs signolux, ce bouton peut \u00eatre utilis\u00e9 pour deux fonctions : comme bouton d\u2019appel de personnes ou comme bouton de sonnette de porte.","_links":{"self":[{"href":"https:\/\/www.gleichcom.samuraidev.ch\/fr\/wp-json\/wp\/v2\/product\/3957","targetHints":{"allow":["GET"]}}],"collection":[{"href":"https:\/\/www.gleichcom.samuraidev.ch\/fr\/wp-json\/wp\/v2\/product"}],"about":[{"href":"https:\/\/www.gleichcom.samuraidev.ch\/fr\/wp-json\/wp\/v2\/types\/product"}],"wp:featuredmedia":[{"embeddable":true,"href":"https:\/\/www.gleichcom.samuraidev.ch\/fr\/wp-json\/wp\/v2\/media\/3955"}],"wp:attachment":[{"href":"https:\/\/www.gleichcom.samuraidev.ch\/fr\/wp-json\/wp\/v2\/media?parent=3957"}],"wp:term":[{"taxonomy":"product_brand","embeddable":true,"href":"https:\/\/www.gleichcom.samuraidev.ch\/fr\/wp-json\/wp\/v2\/product_brand?post=3957"},{"taxonomy":"product_cat","embeddable":true,"href":"https:\/\/www.gleichcom.samuraidev.ch\/fr\/wp-json\/wp\/v2\/product_cat?post=3957"},{"taxonomy":"product_tag","embeddable":true,"href":"https:\/\/www.gleichcom.samuraidev.ch\/fr\/wp-json\/wp\/v2\/product_tag?post=3957"}],"curies":[{"name":"wp","href":"https:\/\/api.w.org\/{rel}","templated":true}]}}