{"id":4029,"date":"2016-06-10T11:14:43","date_gmt":"2016-06-10T09:14:43","guid":{"rendered":"https:\/\/www.gleichcom.samuraidev.ch\/?product=zusatz-notrufarmband-fuer-das-serenities-telefon-walt-sos-geemarc"},"modified":"1000-01-01T00:00:00","modified_gmt":"1000-01-01T00:00:00","slug":"zusatz-notrufarmband-fuer-das-serenities-telefon-walt-sos-geemarc","status":"publish","type":"product","link":"https:\/\/www.gleichcom.samuraidev.ch\/fr\/shop\/zusatz-notrufarmband-fuer-das-serenities-telefon-walt-sos-geemarc\/","title":{"rendered":"Bracelet d&rsquo;urgence suppl\u00e9mentaire pour le t\u00e9l\u00e9phone Serenities Walt SOS Geemarc"},"content":{"rendered":"<div>\n\t<span style=\"color:#000000;\"><span style=\"font-size:16px;\"><strong>Bracelet d&rsquo;urgence suppl\u00e9mentaire pour le t\u00e9l\u00e9phone Serenities Walt SOS Geemarc<\/strong><\/span><\/span>\n<\/div>\n<div>\n\t<br \/>\n\t<span style=\"color:#000000;\"><strong>Bracelet d&rsquo;urgence suppl\u00e9mentaire<\/strong><br \/>\n\tIl suffit de porter l&rsquo;\u00e9metteur SOS autour du poignet comme un bracelet et d&rsquo;appuyer sur le gros bouton rouge en cas d&rsquo;urgence. Le t\u00e9l\u00e9phone compose ensuite les num\u00e9ros pr\u00e9c\u00e9demment programm\u00e9s et \u00e9met un message enregistr\u00e9 d\u00e8s que l&rsquo;appel est r\u00e9pondu. L&rsquo;\u00e9metteur d&rsquo;urgence a une port\u00e9e allant jusqu&rsquo;\u00e0 30 m et peut \u00eatre combin\u00e9 avec d&rsquo;autres bracelets d&rsquo;urgence et de chute pour la s\u00e9r\u00e9nit\u00e9. Vous pouvez utiliser un total de 4 bracelets avec le t\u00e9l\u00e9phone d&rsquo;urgence Serenities.<\/p>\n<p>\t<strong>En un coup d&rsquo;\u0153il<\/strong><\/span>\n<\/div>\n<ul>\n<li><span style=\"color:#000000;\">\u00a0\u00a0\u00a0 Bracelet d&rsquo;urgence de Geemarc<\/span><\/li>\n<li><span style=\"color:#000000;\">\u00a0\u00a0\u00a0 Emetteur d&rsquo;urgence : 20 m \u00e0 30 m de port\u00e9e<\/span><\/li>\n<li><span style=\"color:#000000;\">\u00a0\u00a0\u00a0 5 num\u00e9ros d&rsquo;urgence peuvent \u00eatre m\u00e9moris\u00e9s<\/span><\/li>\n<li><span style=\"color:#000000;\">\u00a0\u00a0\u00a0 Message SOS auto-enregistrable<\/span><\/li>\n<li><span style=\"color:#000000;\">\u00a0\u00a0\u00a0 R\u00e9ception et mise en place \u00e0 distance via l&rsquo;\u00e9metteur SOS<\/span><\/li>\n<li><span style=\"color:#000000;\">\u00a0\u00a0\u00a0 Bip pour confirmer la transmission de l&rsquo;appel d&rsquo;urgence<\/span><\/li>\n<li><span style=\"color:#000000;\">\u00a0\u00a0\u00a0 Peut \u00eatre combin\u00e9 avec d&rsquo;autres bracelets d&rsquo;urgence ou \u00e0 capteur de chute<\/span><\/li>\n<li><span style=\"color:#000000;\">\u00a0\u00a0\u00a0 Jusqu&rsquo;\u00e0 4 bracelets possibles<\/span><\/li>\n<li><span style=\"color:#000000;\">\u00a0\u00a0\u00a0 Convient pour : T\u00e9l\u00e9phone d&rsquo;urgence Serenities<\/span><\/li>\n<\/ul>\n<div>\n\t<br \/>\n\t<span style=\"color:#000000;\"><strong>Contenu de la livraison<\/strong><\/span>\n<\/div>\n<ul>\n<li><span style=\"color:#000000;\">\u00a0\u00a0\u00a0 1 x bracelet d&rsquo;urgence<\/span><\/li>\n<\/ul>\n<p>\n<a href=\"http:\/\/geemarc.com\/de\/wp-content\/uploads\/sites\/5\/2017\/02\/UGWRemote_v1.6.pdf\"><span style=\"color:#000000;\"><strong>Notice d&rsquo;utilisation<\/strong><\/span><\/a><\/p>\n","protected":false},"excerpt":{"rendered":"<p>Bouton d&rsquo;urgence avec bracelet utilis\u00e9 comme t\u00e9l\u00e9commande pour le t\u00e9l\u00e9phone d&rsquo;urgence Serenities. Avec 5 num\u00e9ros d&rsquo;urgence programmables et annonce d&rsquo;urgence auto-enregistr\u00e9e.<\/p>\n","protected":false},"featured_media":4018,"template":"","meta":{"inline_featured_image":false,"_uag_custom_page_level_css":"","site-sidebar-layout":"default","site-content-layout":"","ast-site-content-layout":"default","site-content-style":"default","site-sidebar-style":"default","ast-global-header-display":"","ast-banner-title-visibility":"","ast-main-header-display":"","ast-hfb-above-header-display":"","ast-hfb-below-header-display":"","ast-hfb-mobile-header-display":"","site-post-title":"","ast-breadcrumbs-content":"","ast-featured-img":"","footer-sml-layout":"","ast-disable-related-posts":"","theme-transparent-header-meta":"","adv-header-id-meta":"","stick-header-meta":"","header-above-stick-meta":"","header-main-stick-meta":"","header-below-stick-meta":"","astra-migrate-meta-layouts":"default","ast-page-background-enabled":"default","ast-page-background-meta":{"desktop":{"background-color":"","background-image":"","background-repeat":"repeat","background-position":"center center","background-size":"auto","background-attachment":"scroll","background-type":"","background-media":"","overlay-type":"","overlay-color":"","overlay-opacity":"","overlay-gradient":""},"tablet":{"background-color":"","background-image":"","background-repeat":"repeat","background-position":"center center","background-size":"auto","background-attachment":"scroll","background-type":"","background-media":"","overlay-type":"","overlay-color":"","overlay-opacity":"","overlay-gradient":""},"mobile":{"background-color":"","background-image":"","background-repeat":"repeat","background-position":"center center","background-size":"auto","background-attachment":"scroll","background-type":"","background-media":"","overlay-type":"","overlay-color":"","overlay-opacity":"","overlay-gradient":""}},"ast-content-background-meta":{"desktop":{"background-color":"var(--ast-global-color-5)","background-image":"","background-repeat":"repeat","background-position":"center center","background-size":"auto","background-attachment":"scroll","background-type":"","background-media":"","overlay-type":"","overlay-color":"","overlay-opacity":"","overlay-gradient":""},"tablet":{"background-color":"var(--ast-global-color-5)","background-image":"","background-repeat":"repeat","background-position":"center center","background-size":"auto","background-attachment":"scroll","background-type":"","background-media":"","overlay-type":"","overlay-color":"","overlay-opacity":"","overlay-gradient":""},"mobile":{"background-color":"var(--ast-global-color-5)","background-image":"","background-repeat":"repeat","background-position":"center center","background-size":"auto","background-attachment":"scroll","background-type":"","background-media":"","overlay-type":"","overlay-color":"","overlay-opacity":"","overlay-gradient":""}}},"product_brand":[],"product_cat":[1776],"product_tag":[],"class_list":{"0":"post-4029","1":"product","2":"type-product","3":"status-publish","4":"has-post-thumbnail","6":"product_cat-unkategorisiert","7":"desktop-align-center","8":"tablet-align-center","9":"mobile-align-center","10":"ast-product-gallery-layout-horizontal-slider","11":"ast-product-tabs-layout-accordion","13":"first","14":"outofstock","15":"taxable","16":"shipping-taxable","17":"purchasable","18":"product-type-simple"},"yoast_head":"<!-- This site is optimized with the Yoast SEO plugin v27.5 - https:\/\/yoast.com\/product\/yoast-seo-wordpress\/ -->\n<title>Bracelet d&#039;urgence suppl\u00e9mentaire pour le t\u00e9l\u00e9phone Serenities Walt SOS Geemarc im Onlineshop | Gleichcom AG<\/title>\n<meta name=\"description\" content=\"\u2705 Bouton d&#039;urgence avec bracelet utilis\u00e9 comme t\u00e9l\u00e9commande pour le t\u00e9l\u00e9phone d&#039;urgence Serenities. Avec 5 num\u00e9ros d&#039;urgence programmables et annonce d&#039;urgence auto-enregistr\u00e9e.\" \/>\n<meta name=\"robots\" content=\"noindex, follow, max-snippet:-1, max-image-preview:large, max-video-preview:-1\" \/>\n<meta property=\"og:locale\" content=\"fr_FR\" \/>\n<meta property=\"og:type\" content=\"article\" \/>\n<meta property=\"og:title\" content=\"Bracelet d&#039;urgence suppl\u00e9mentaire pour le t\u00e9l\u00e9phone Serenities Walt SOS Geemarc im Onlineshop | Gleichcom AG\" \/>\n<meta property=\"og:description\" content=\"\u2705 Bouton d&#039;urgence avec bracelet utilis\u00e9 comme t\u00e9l\u00e9commande pour le t\u00e9l\u00e9phone d&#039;urgence Serenities. Avec 5 num\u00e9ros d&#039;urgence programmables et annonce d&#039;urgence auto-enregistr\u00e9e.\" \/>\n<meta property=\"og:url\" content=\"https:\/\/www.gleichcom.samuraidev.ch\/fr\/shop\/zusatz-notrufarmband-fuer-das-serenities-telefon-walt-sos-geemarc\/\" \/>\n<meta property=\"og:site_name\" content=\"Gleichcom AG\" \/>\n<meta property=\"article:publisher\" content=\"https:\/\/www.facebook.com\/profile.php?id=100068749126981\" \/>\n<meta property=\"og:image\" content=\"https:\/\/www.gleichcom.samuraidev.ch\/wp-content\/uploads\/2023\/09\/ZusatzNotrufarmbandfrdasSerenitiesTelefonWaltSOSGeemarc.png\" \/>\n\t<meta property=\"og:image:width\" content=\"349\" \/>\n\t<meta property=\"og:image:height\" content=\"500\" \/>\n\t<meta property=\"og:image:type\" content=\"image\/png\" \/>\n<meta name=\"twitter:card\" content=\"summary_large_image\" \/>\n<script type=\"application\/ld+json\" class=\"yoast-schema-graph\">{\"@context\":\"https:\\\/\\\/schema.org\",\"@graph\":[{\"@type\":\"WebPage\",\"@id\":\"https:\\\/\\\/www.gleichcom.samuraidev.ch\\\/fr\\\/shop\\\/zusatz-notrufarmband-fuer-das-serenities-telefon-walt-sos-geemarc\\\/\",\"url\":\"https:\\\/\\\/www.gleichcom.samuraidev.ch\\\/fr\\\/shop\\\/zusatz-notrufarmband-fuer-das-serenities-telefon-walt-sos-geemarc\\\/\",\"name\":\"Bracelet d'urgence suppl\u00e9mentaire pour le t\u00e9l\u00e9phone Serenities Walt SOS Geemarc im Onlineshop | Gleichcom AG\",\"isPartOf\":{\"@id\":\"https:\\\/\\\/www.gleichcom.samuraidev.ch\\\/fr\\\/#website\"},\"primaryImageOfPage\":{\"@id\":\"https:\\\/\\\/www.gleichcom.samuraidev.ch\\\/fr\\\/shop\\\/zusatz-notrufarmband-fuer-das-serenities-telefon-walt-sos-geemarc\\\/#primaryimage\"},\"image\":{\"@id\":\"https:\\\/\\\/www.gleichcom.samuraidev.ch\\\/fr\\\/shop\\\/zusatz-notrufarmband-fuer-das-serenities-telefon-walt-sos-geemarc\\\/#primaryimage\"},\"thumbnailUrl\":\"https:\\\/\\\/www.gleichcom.samuraidev.ch\\\/wp-content\\\/uploads\\\/2023\\\/09\\\/ZusatzNotrufarmbandfrdasSerenitiesTelefonWaltSOSGeemarc.png\",\"datePublished\":\"2016-06-10T09:14:43+00:00\",\"description\":\"\u2705 Bouton d'urgence avec bracelet utilis\u00e9 comme t\u00e9l\u00e9commande pour le t\u00e9l\u00e9phone d'urgence Serenities. Avec 5 num\u00e9ros d'urgence programmables et annonce d'urgence auto-enregistr\u00e9e.\",\"breadcrumb\":{\"@id\":\"https:\\\/\\\/www.gleichcom.samuraidev.ch\\\/fr\\\/shop\\\/zusatz-notrufarmband-fuer-das-serenities-telefon-walt-sos-geemarc\\\/#breadcrumb\"},\"inLanguage\":\"fr-FR\",\"potentialAction\":[{\"@type\":\"ReadAction\",\"target\":[\"https:\\\/\\\/www.gleichcom.samuraidev.ch\\\/fr\\\/shop\\\/zusatz-notrufarmband-fuer-das-serenities-telefon-walt-sos-geemarc\\\/\"]}]},{\"@type\":\"ImageObject\",\"inLanguage\":\"fr-FR\",\"@id\":\"https:\\\/\\\/www.gleichcom.samuraidev.ch\\\/fr\\\/shop\\\/zusatz-notrufarmband-fuer-das-serenities-telefon-walt-sos-geemarc\\\/#primaryimage\",\"url\":\"https:\\\/\\\/www.gleichcom.samuraidev.ch\\\/wp-content\\\/uploads\\\/2023\\\/09\\\/ZusatzNotrufarmbandfrdasSerenitiesTelefonWaltSOSGeemarc.png\",\"contentUrl\":\"https:\\\/\\\/www.gleichcom.samuraidev.ch\\\/wp-content\\\/uploads\\\/2023\\\/09\\\/ZusatzNotrufarmbandfrdasSerenitiesTelefonWaltSOSGeemarc.png\",\"width\":349,\"height\":500},{\"@type\":\"BreadcrumbList\",\"@id\":\"https:\\\/\\\/www.gleichcom.samuraidev.ch\\\/fr\\\/shop\\\/zusatz-notrufarmband-fuer-das-serenities-telefon-walt-sos-geemarc\\\/#breadcrumb\",\"itemListElement\":[{\"@type\":\"ListItem\",\"position\":1,\"name\":\"Startseite\",\"item\":\"https:\\\/\\\/www.gleichcom.samuraidev.ch\\\/fr\\\/\"},{\"@type\":\"ListItem\",\"position\":2,\"name\":\"Shop\",\"item\":\"https:\\\/\\\/www.gleichcom.samuraidev.ch\\\/fr\\\/shop\\\/\"},{\"@type\":\"ListItem\",\"position\":3,\"name\":\"Bracelet d&#8217;urgence suppl\u00e9mentaire pour le t\u00e9l\u00e9phone Serenities Walt SOS Geemarc\"}]},{\"@type\":\"WebSite\",\"@id\":\"https:\\\/\\\/www.gleichcom.samuraidev.ch\\\/fr\\\/#website\",\"url\":\"https:\\\/\\\/www.gleichcom.samuraidev.ch\\\/fr\\\/\",\"name\":\"Gleichcom AG\",\"description\":\"besser h\u00f6ren. besser sehen. besser leben.\",\"publisher\":{\"@id\":\"https:\\\/\\\/www.gleichcom.samuraidev.ch\\\/fr\\\/#organization\"},\"alternateName\":\"Gleichcom\",\"potentialAction\":[{\"@type\":\"SearchAction\",\"target\":{\"@type\":\"EntryPoint\",\"urlTemplate\":\"https:\\\/\\\/www.gleichcom.samuraidev.ch\\\/fr\\\/?s={search_term_string}\"},\"query-input\":{\"@type\":\"PropertyValueSpecification\",\"valueRequired\":true,\"valueName\":\"search_term_string\"}}],\"inLanguage\":\"fr-FR\"},{\"@type\":\"Organization\",\"@id\":\"https:\\\/\\\/www.gleichcom.samuraidev.ch\\\/fr\\\/#organization\",\"name\":\"Gleichcom AG\",\"alternateName\":\"Gleichcom\",\"url\":\"https:\\\/\\\/www.gleichcom.samuraidev.ch\\\/fr\\\/\",\"logo\":{\"@type\":\"ImageObject\",\"inLanguage\":\"fr-FR\",\"@id\":\"https:\\\/\\\/www.gleichcom.samuraidev.ch\\\/fr\\\/#\\\/schema\\\/logo\\\/image\\\/\",\"url\":\"https:\\\/\\\/www.gleichcom.samuraidev.ch\\\/wp-content\\\/uploads\\\/2023\\\/09\\\/gleichcom-ag-logo-quadrat-farbig-mitte@696.png\",\"contentUrl\":\"https:\\\/\\\/www.gleichcom.samuraidev.ch\\\/wp-content\\\/uploads\\\/2023\\\/09\\\/gleichcom-ag-logo-quadrat-farbig-mitte@696.png\",\"width\":437,\"height\":437,\"caption\":\"Gleichcom AG\"},\"image\":{\"@id\":\"https:\\\/\\\/www.gleichcom.samuraidev.ch\\\/fr\\\/#\\\/schema\\\/logo\\\/image\\\/\"},\"sameAs\":[\"https:\\\/\\\/www.facebook.com\\\/profile.php?id=100068749126981\"]}]}<\/script>\n<!-- \/ Yoast SEO plugin. -->","yoast_head_json":{"title":"Bracelet d'urgence suppl\u00e9mentaire pour le t\u00e9l\u00e9phone Serenities Walt SOS Geemarc im Onlineshop | Gleichcom AG","description":"\u2705 Bouton d'urgence avec bracelet utilis\u00e9 comme t\u00e9l\u00e9commande pour le t\u00e9l\u00e9phone d'urgence Serenities. Avec 5 num\u00e9ros d'urgence programmables et annonce d'urgence auto-enregistr\u00e9e.","robots":{"index":"noindex","follow":"follow","max-snippet":"max-snippet:-1","max-image-preview":"max-image-preview:large","max-video-preview":"max-video-preview:-1"},"og_locale":"fr_FR","og_type":"article","og_title":"Bracelet d'urgence suppl\u00e9mentaire pour le t\u00e9l\u00e9phone Serenities Walt SOS Geemarc im Onlineshop | Gleichcom AG","og_description":"\u2705 Bouton d'urgence avec bracelet utilis\u00e9 comme t\u00e9l\u00e9commande pour le t\u00e9l\u00e9phone d'urgence Serenities. Avec 5 num\u00e9ros d'urgence programmables et annonce d'urgence auto-enregistr\u00e9e.","og_url":"https:\/\/www.gleichcom.samuraidev.ch\/fr\/shop\/zusatz-notrufarmband-fuer-das-serenities-telefon-walt-sos-geemarc\/","og_site_name":"Gleichcom AG","article_publisher":"https:\/\/www.facebook.com\/profile.php?id=100068749126981","og_image":[{"width":349,"height":500,"url":"https:\/\/www.gleichcom.samuraidev.ch\/wp-content\/uploads\/2023\/09\/ZusatzNotrufarmbandfrdasSerenitiesTelefonWaltSOSGeemarc.png","type":"image\/png"}],"twitter_card":"summary_large_image","schema":{"@context":"https:\/\/schema.org","@graph":[{"@type":"WebPage","@id":"https:\/\/www.gleichcom.samuraidev.ch\/fr\/shop\/zusatz-notrufarmband-fuer-das-serenities-telefon-walt-sos-geemarc\/","url":"https:\/\/www.gleichcom.samuraidev.ch\/fr\/shop\/zusatz-notrufarmband-fuer-das-serenities-telefon-walt-sos-geemarc\/","name":"Bracelet d'urgence suppl\u00e9mentaire pour le t\u00e9l\u00e9phone Serenities Walt SOS Geemarc im Onlineshop | Gleichcom AG","isPartOf":{"@id":"https:\/\/www.gleichcom.samuraidev.ch\/fr\/#website"},"primaryImageOfPage":{"@id":"https:\/\/www.gleichcom.samuraidev.ch\/fr\/shop\/zusatz-notrufarmband-fuer-das-serenities-telefon-walt-sos-geemarc\/#primaryimage"},"image":{"@id":"https:\/\/www.gleichcom.samuraidev.ch\/fr\/shop\/zusatz-notrufarmband-fuer-das-serenities-telefon-walt-sos-geemarc\/#primaryimage"},"thumbnailUrl":"https:\/\/www.gleichcom.samuraidev.ch\/wp-content\/uploads\/2023\/09\/ZusatzNotrufarmbandfrdasSerenitiesTelefonWaltSOSGeemarc.png","datePublished":"2016-06-10T09:14:43+00:00","description":"\u2705 Bouton d'urgence avec bracelet utilis\u00e9 comme t\u00e9l\u00e9commande pour le t\u00e9l\u00e9phone d'urgence Serenities. Avec 5 num\u00e9ros d'urgence programmables et annonce d'urgence auto-enregistr\u00e9e.","breadcrumb":{"@id":"https:\/\/www.gleichcom.samuraidev.ch\/fr\/shop\/zusatz-notrufarmband-fuer-das-serenities-telefon-walt-sos-geemarc\/#breadcrumb"},"inLanguage":"fr-FR","potentialAction":[{"@type":"ReadAction","target":["https:\/\/www.gleichcom.samuraidev.ch\/fr\/shop\/zusatz-notrufarmband-fuer-das-serenities-telefon-walt-sos-geemarc\/"]}]},{"@type":"ImageObject","inLanguage":"fr-FR","@id":"https:\/\/www.gleichcom.samuraidev.ch\/fr\/shop\/zusatz-notrufarmband-fuer-das-serenities-telefon-walt-sos-geemarc\/#primaryimage","url":"https:\/\/www.gleichcom.samuraidev.ch\/wp-content\/uploads\/2023\/09\/ZusatzNotrufarmbandfrdasSerenitiesTelefonWaltSOSGeemarc.png","contentUrl":"https:\/\/www.gleichcom.samuraidev.ch\/wp-content\/uploads\/2023\/09\/ZusatzNotrufarmbandfrdasSerenitiesTelefonWaltSOSGeemarc.png","width":349,"height":500},{"@type":"BreadcrumbList","@id":"https:\/\/www.gleichcom.samuraidev.ch\/fr\/shop\/zusatz-notrufarmband-fuer-das-serenities-telefon-walt-sos-geemarc\/#breadcrumb","itemListElement":[{"@type":"ListItem","position":1,"name":"Startseite","item":"https:\/\/www.gleichcom.samuraidev.ch\/fr\/"},{"@type":"ListItem","position":2,"name":"Shop","item":"https:\/\/www.gleichcom.samuraidev.ch\/fr\/shop\/"},{"@type":"ListItem","position":3,"name":"Bracelet d&#8217;urgence suppl\u00e9mentaire pour le t\u00e9l\u00e9phone Serenities Walt SOS Geemarc"}]},{"@type":"WebSite","@id":"https:\/\/www.gleichcom.samuraidev.ch\/fr\/#website","url":"https:\/\/www.gleichcom.samuraidev.ch\/fr\/","name":"Gleichcom AG","description":"besser h\u00f6ren. besser sehen. besser leben.","publisher":{"@id":"https:\/\/www.gleichcom.samuraidev.ch\/fr\/#organization"},"alternateName":"Gleichcom","potentialAction":[{"@type":"SearchAction","target":{"@type":"EntryPoint","urlTemplate":"https:\/\/www.gleichcom.samuraidev.ch\/fr\/?s={search_term_string}"},"query-input":{"@type":"PropertyValueSpecification","valueRequired":true,"valueName":"search_term_string"}}],"inLanguage":"fr-FR"},{"@type":"Organization","@id":"https:\/\/www.gleichcom.samuraidev.ch\/fr\/#organization","name":"Gleichcom AG","alternateName":"Gleichcom","url":"https:\/\/www.gleichcom.samuraidev.ch\/fr\/","logo":{"@type":"ImageObject","inLanguage":"fr-FR","@id":"https:\/\/www.gleichcom.samuraidev.ch\/fr\/#\/schema\/logo\/image\/","url":"https:\/\/www.gleichcom.samuraidev.ch\/wp-content\/uploads\/2023\/09\/gleichcom-ag-logo-quadrat-farbig-mitte@696.png","contentUrl":"https:\/\/www.gleichcom.samuraidev.ch\/wp-content\/uploads\/2023\/09\/gleichcom-ag-logo-quadrat-farbig-mitte@696.png","width":437,"height":437,"caption":"Gleichcom AG"},"image":{"@id":"https:\/\/www.gleichcom.samuraidev.ch\/fr\/#\/schema\/logo\/image\/"},"sameAs":["https:\/\/www.facebook.com\/profile.php?id=100068749126981"]}]}},"uagb_featured_image_src":{"full":["https:\/\/www.gleichcom.samuraidev.ch\/wp-content\/uploads\/2023\/09\/ZusatzNotrufarmbandfrdasSerenitiesTelefonWaltSOSGeemarc.png",349,500,false],"thumbnail":["https:\/\/www.gleichcom.samuraidev.ch\/wp-content\/uploads\/2023\/09\/ZusatzNotrufarmbandfrdasSerenitiesTelefonWaltSOSGeemarc.png",105,150,false],"medium":["https:\/\/www.gleichcom.samuraidev.ch\/wp-content\/uploads\/2023\/09\/ZusatzNotrufarmbandfrdasSerenitiesTelefonWaltSOSGeemarc.png",209,300,false],"medium_large":["https:\/\/www.gleichcom.samuraidev.ch\/wp-content\/uploads\/2023\/09\/ZusatzNotrufarmbandfrdasSerenitiesTelefonWaltSOSGeemarc.png",349,500,false],"large":["https:\/\/www.gleichcom.samuraidev.ch\/wp-content\/uploads\/2023\/09\/ZusatzNotrufarmbandfrdasSerenitiesTelefonWaltSOSGeemarc.png",349,500,false],"1536x1536":["https:\/\/www.gleichcom.samuraidev.ch\/wp-content\/uploads\/2023\/09\/ZusatzNotrufarmbandfrdasSerenitiesTelefonWaltSOSGeemarc.png",349,500,false],"2048x2048":["https:\/\/www.gleichcom.samuraidev.ch\/wp-content\/uploads\/2023\/09\/ZusatzNotrufarmbandfrdasSerenitiesTelefonWaltSOSGeemarc.png",349,500,false],"woocommerce_thumbnail":["https:\/\/www.gleichcom.samuraidev.ch\/wp-content\/uploads\/2023\/09\/ZusatzNotrufarmbandfrdasSerenitiesTelefonWaltSOSGeemarc.png",300,430,false],"woocommerce_single":["https:\/\/www.gleichcom.samuraidev.ch\/wp-content\/uploads\/2023\/09\/ZusatzNotrufarmbandfrdasSerenitiesTelefonWaltSOSGeemarc.png",349,500,false],"woocommerce_gallery_thumbnail":["https:\/\/www.gleichcom.samuraidev.ch\/wp-content\/uploads\/2023\/09\/ZusatzNotrufarmbandfrdasSerenitiesTelefonWaltSOSGeemarc-100x100.png",100,100,true]},"uagb_author_info":{"display_name":"","author_link":"https:\/\/www.gleichcom.samuraidev.ch\/fr\/author\/"},"uagb_comment_info":0,"uagb_excerpt":"Bouton d'urgence avec bracelet utilis\u00e9 comme t\u00e9l\u00e9commande pour le t\u00e9l\u00e9phone d'urgence Serenities. Avec 5 num\u00e9ros d'urgence programmables et annonce d'urgence auto-enregistr\u00e9e.","_links":{"self":[{"href":"https:\/\/www.gleichcom.samuraidev.ch\/fr\/wp-json\/wp\/v2\/product\/4029","targetHints":{"allow":["GET"]}}],"collection":[{"href":"https:\/\/www.gleichcom.samuraidev.ch\/fr\/wp-json\/wp\/v2\/product"}],"about":[{"href":"https:\/\/www.gleichcom.samuraidev.ch\/fr\/wp-json\/wp\/v2\/types\/product"}],"wp:featuredmedia":[{"embeddable":true,"href":"https:\/\/www.gleichcom.samuraidev.ch\/fr\/wp-json\/wp\/v2\/media\/4018"}],"wp:attachment":[{"href":"https:\/\/www.gleichcom.samuraidev.ch\/fr\/wp-json\/wp\/v2\/media?parent=4029"}],"wp:term":[{"taxonomy":"product_brand","embeddable":true,"href":"https:\/\/www.gleichcom.samuraidev.ch\/fr\/wp-json\/wp\/v2\/product_brand?post=4029"},{"taxonomy":"product_cat","embeddable":true,"href":"https:\/\/www.gleichcom.samuraidev.ch\/fr\/wp-json\/wp\/v2\/product_cat?post=4029"},{"taxonomy":"product_tag","embeddable":true,"href":"https:\/\/www.gleichcom.samuraidev.ch\/fr\/wp-json\/wp\/v2\/product_tag?post=4029"}],"curies":[{"name":"wp","href":"https:\/\/api.w.org\/{rel}","templated":true}]}}