{"id":4362,"date":"2017-04-12T11:29:07","date_gmt":"2017-04-12T09:29:07","guid":{"rendered":"https:\/\/www.gleichcom.samuraidev.ch\/?product=aktion-hoerverstaerker-set-humantechnik-cm-2-4"},"modified":"1000-01-01T00:00:00","modified_gmt":"1000-01-01T00:00:00","slug":"aktion-hoerverstaerker-set-humantechnik-cm-2-4","status":"publish","type":"product","link":"https:\/\/www.gleichcom.samuraidev.ch\/fr\/shop\/aktion-hoerverstaerker-set-humantechnik-cm-2-4\/","title":{"rendered":"Ensemble d&rsquo;amplificateurs acoustiques Humantechnik CM-2.4"},"content":{"rendered":"<p><span style=\"color:#000000;\"><strong><span style=\"font-size:16px;\">Ensemble d&rsquo;amplificateurs de Humantechnik CM-2.4<\/span><\/strong><\/p>\n<p><strong>Aides utiles au quotidien<\/strong><br \/>\nLe syst\u00e8me de communication CM-2.4 est particuli\u00e8rement adapt\u00e9 aux personnes malentendantes. Le kit en plusieurs parties se compose d&rsquo;un \u00e9metteur, d&rsquo;un r\u00e9cepteur, d&rsquo;un microphone et d&rsquo;un casque et vous aide \u00e0 comprendre ce qui se dit m\u00eame dans des environnements bruyants. Vous pouvez ainsi communiquer en toute confiance et sans crainte ! La transmission via la bande de fr\u00e9quences de 2,4 GHz est la voie de transmission sans fil de la plus haute qualit\u00e9 et vous garantit une qualit\u00e9 sonore parfaite.<\/p>\n<p><strong>R\u00e9glable individuellement pour un plaisir d&rsquo;\u00e9coute parfait<\/strong><br \/>\nLa voix, les sons et la musique sont enregistr\u00e9s par l&rsquo;\u00e9metteur et transmis au r\u00e9cepteur, la port\u00e9e est particuli\u00e8rement \u00e9lev\u00e9e et est d&rsquo;environ 300 m\u00e8tres. Pour assurer une transmission parfaite, vous pouvez connecter divers composants auditifs au r\u00e9cepteur, tels que des \u00e9couteurs ou une boucle t\u00e9l\u00e9phonique pour une audition inductive via l&rsquo;aide auditive. Lorsque vous utilisez la boucle magn\u00e9tique, r\u00e9glez votre aide auditive sur \u00ab\u00a0T\u00a0\u00bb ou \u00ab\u00a0MT\u00a0\u00bb pour entendre directement via le capteur T. Cela garantit une meilleure audition sans perturber le bruit ambiant.<\/p>\n<p><strong>Mise en service simple<\/strong><br \/>\nLa mise en service est simple : apr\u00e8s le chargement, les appareils sont imm\u00e9diatement pr\u00eats \u00e0 l&#8217;emploi. Ins\u00e9rez le microphone dans le r\u00e9cepteur et placez-le pr\u00e8s de la source sonore. Ensuite, la boucle t\u00e9l\u00e9phonique ou les \u00e9couteurs doivent \u00eatre branch\u00e9s dans le r\u00e9cepteur.<\/p>\n<p><strong>En un coup d&rsquo;\u0153il<\/strong><\/span><\/p>\n<ul>\n<li><span style=\"color:#000000;\">\u00a0\u00a0\u00a0 Ensemble compos\u00e9 d&rsquo;un \u00e9metteur, d&rsquo;un r\u00e9cepteur, d&rsquo;un microphone enfichable, de bouchons d&rsquo;oreille, d&rsquo;un casque d&rsquo;\u00e9coute, d&rsquo;une boucle d&rsquo;\u00e9coute, d&rsquo;un clip ceinture, d&rsquo;une boucle de ceinture,\u00a0 \u00a0 \u00a0 \u00a0 \u00a0 d&rsquo;un c\u00e2ble de chargement USB et d&rsquo;un bloc d&rsquo;alimentation USB<\/span><\/li>\n<li><span style=\"color:#000000;\">\u00a0\u00a0\u00a0 CM-2.4 facilite l&rsquo;audition m\u00eame dans les environnements bruyants<\/span><\/li>\n<li><span style=\"color:#000000;\">\u00a0\u00a0\u00a0 Bande de fr\u00e9quence de 2,4 GHz : voie de transmission sans fil de la plus haute qualit\u00e9 et qualit\u00e9 sonore parfaite<\/span><\/li>\n<li><span style=\"color:#000000;\">\u00a0\u00a0\u00a0 R\u00e9glage du volume en 9 \u00e9tapes possible<\/span><\/li>\n<li><span style=\"color:#000000;\">\u00a0\u00a0\u00a0 Emetteur et r\u00e9cepteur avec \u00e9cran LCD<\/span><\/li>\n<li><span style=\"color:#000000;\">\u00a0\u00a0\u00a0 Utilisation particuli\u00e8rement simple gr\u00e2ce aux trois touches de l&rsquo;appareil<\/span><\/li>\n<li><span style=\"color:#000000;\">\u00a0\u00a0\u00a0 R\u00e9cepteur : Possibilit\u00e9 de brancher des \u00e9couteurs, des bouchons d&rsquo;oreilles ou des boucles d&rsquo;\u00e9coute pour l&rsquo;audition inductive.<\/span><\/li>\n<li><span style=\"color:#000000;\">\u00a0\u00a0\u00a0 \u00c9metteur : Connexions pour casque d&rsquo;\u00e9coute et microphone enfichable<\/span><\/li>\n<li><span style=\"color:#000000;\">\u00a0\u00a0\u00a0 Dimensions de l&rsquo;\u00e9metteur\/r\u00e9cepteur (H x L x P) : 8,5 cm x 5,0 cm x 1,5 cm<\/span><\/li>\n<li><span style=\"color:#000000;\">\u00a0\u00a0\u00a0 Poids \u00e9metteur\/r\u00e9cepteur : env. 66 g chacun<\/span><\/li>\n<li><span style=\"color:#000000;\">\u00a0\u00a0\u00a0 Port\u00e9e radio jusqu&rsquo;\u00e0 300 m\u00e8tres<\/span><\/li>\n<li><span style=\"color:#000000;\">\u00a0\u00a0\u00a0 Type de radiofr\u00e9quence : ISM 2403 -2480 MHz<\/span><\/li>\n<li><span style=\"color:#000000;\">\u00a0\u00a0\u00a0 Batterie : LI-Ion 3,7 V \/ 1100 mAh<\/span><\/li>\n<li><span style=\"color:#000000;\">\u00a0\u00a0\u00a0 Autonomie de la batterie : env. 20 heures<\/span><\/li>\n<li><span style=\"color:#000000;\">\u00a0\u00a0\u00a0 Livr\u00e9 dans un \u00e9l\u00e9gant bo\u00eetier en aluminium<\/span><\/li>\n<\/ul>\n<p>\n<span style=\"color:#000000;\"><strong>Contenu de la livraison<\/strong><\/span><\/p>\n<ul>\n<li><span style=\"color:#000000;\">\u00a0\u00a0\u00a0 1 x \u00e9metteur CM-2.4<\/span><\/li>\n<li><span style=\"color:#000000;\">\u00a0\u00a0\u00a0 1 x CM-2.4 R\u00e9cepteur<\/span><\/li>\n<li><span style=\"color:#000000;\">\u00a0\u00a0\u00a0 1 x microphone enfichable<\/span><\/li>\n<li><span style=\"color:#000000;\">\u00a0\u00a0\u00a0 1 x casque intra-auriculaire<\/span><\/li>\n<li><span style=\"color:#000000;\">\u00a0\u00a0\u00a0 1 x casque d&rsquo;\u00e9coute<\/span><\/li>\n<li><span style=\"color:#000000;\">\u00a0\u00a0\u00a0 1 x \u00e9lingue Tel<\/span><\/li>\n<li><span style=\"color:#000000;\">\u00a0\u00a0\u00a0 2 x clip ceinture<\/span><\/li>\n<li><span style=\"color:#000000;\">\u00a0\u00a0\u00a0 2 x sangle<\/span><\/li>\n<li><span style=\"color:#000000;\">\u00a0\u00a0\u00a0 2 x c\u00e2bles de charge USB<\/span><\/li>\n<li><span style=\"color:#000000;\">\u00a0\u00a0\u00a0 2 x bloc d&rsquo;alimentation USB<\/span><\/li>\n<li><span style=\"color:#000000;\">\u00a0\u00a0\u00a0 1 x carte de garantie<\/span><\/li>\n<li><span style=\"color:#000000;\">\u00a0\u00a0\u00a0 1 x Mode d&#8217;emploi d\u00e9taill\u00e9<\/span><\/li>\n<\/ul>\n","protected":false},"excerpt":{"rendered":"<p>Le syst\u00e8me de communication CM-2.4 est particuli\u00e8rement adapt\u00e9 aux personnes malentendantes.<\/p>\n","protected":false},"featured_media":4357,"template":"","meta":{"inline_featured_image":false,"_uag_custom_page_level_css":"","site-sidebar-layout":"default","site-content-layout":"","ast-site-content-layout":"default","site-content-style":"default","site-sidebar-style":"default","ast-global-header-display":"","ast-banner-title-visibility":"","ast-main-header-display":"","ast-hfb-above-header-display":"","ast-hfb-below-header-display":"","ast-hfb-mobile-header-display":"","site-post-title":"","ast-breadcrumbs-content":"","ast-featured-img":"","footer-sml-layout":"","ast-disable-related-posts":"","theme-transparent-header-meta":"","adv-header-id-meta":"","stick-header-meta":"","header-above-stick-meta":"","header-main-stick-meta":"","header-below-stick-meta":"","astra-migrate-meta-layouts":"default","ast-page-background-enabled":"default","ast-page-background-meta":{"desktop":{"background-color":"","background-image":"","background-repeat":"repeat","background-position":"center center","background-size":"auto","background-attachment":"scroll","background-type":"","background-media":"","overlay-type":"","overlay-color":"","overlay-opacity":"","overlay-gradient":""},"tablet":{"background-color":"","background-image":"","background-repeat":"repeat","background-position":"center center","background-size":"auto","background-attachment":"scroll","background-type":"","background-media":"","overlay-type":"","overlay-color":"","overlay-opacity":"","overlay-gradient":""},"mobile":{"background-color":"","background-image":"","background-repeat":"repeat","background-position":"center center","background-size":"auto","background-attachment":"scroll","background-type":"","background-media":"","overlay-type":"","overlay-color":"","overlay-opacity":"","overlay-gradient":""}},"ast-content-background-meta":{"desktop":{"background-color":"var(--ast-global-color-5)","background-image":"","background-repeat":"repeat","background-position":"center center","background-size":"auto","background-attachment":"scroll","background-type":"","background-media":"","overlay-type":"","overlay-color":"","overlay-opacity":"","overlay-gradient":""},"tablet":{"background-color":"var(--ast-global-color-5)","background-image":"","background-repeat":"repeat","background-position":"center center","background-size":"auto","background-attachment":"scroll","background-type":"","background-media":"","overlay-type":"","overlay-color":"","overlay-opacity":"","overlay-gradient":""},"mobile":{"background-color":"var(--ast-global-color-5)","background-image":"","background-repeat":"repeat","background-position":"center center","background-size":"auto","background-attachment":"scroll","background-type":"","background-media":"","overlay-type":"","overlay-color":"","overlay-opacity":"","overlay-gradient":""}}},"product_brand":[],"product_cat":[2928],"product_tag":[],"class_list":{"0":"post-4362","1":"product","2":"type-product","3":"status-publish","4":"has-post-thumbnail","6":"product_cat-amplificateurs-auditifs-fr","7":"desktop-align-center","8":"tablet-align-center","9":"mobile-align-center","10":"ast-product-gallery-layout-horizontal-slider","11":"ast-product-tabs-layout-accordion","13":"first","14":"outofstock","15":"taxable","16":"shipping-taxable","17":"purchasable","18":"product-type-simple"},"yoast_head":"<!-- This site is optimized with the Yoast SEO plugin v27.6 - https:\/\/yoast.com\/product\/yoast-seo-wordpress\/ -->\n<title>Ensemble d&#039;amplificateurs acoustiques Humantechnik CM-2.4 im Onlineshop | Gleichcom AG<\/title>\n<meta name=\"description\" content=\"\u2705 Le syst\u00e8me de communication CM-2.4 est particuli\u00e8rement adapt\u00e9 aux personnes malentendantes.\" \/>\n<meta name=\"robots\" content=\"noindex, follow, max-snippet:-1, max-image-preview:large, max-video-preview:-1\" \/>\n<meta property=\"og:locale\" content=\"fr_FR\" \/>\n<meta property=\"og:type\" content=\"article\" \/>\n<meta property=\"og:title\" content=\"Ensemble d&#039;amplificateurs acoustiques Humantechnik CM-2.4 im Onlineshop | Gleichcom AG\" \/>\n<meta property=\"og:description\" content=\"\u2705 Le syst\u00e8me de communication CM-2.4 est particuli\u00e8rement adapt\u00e9 aux personnes malentendantes.\" \/>\n<meta property=\"og:url\" content=\"https:\/\/www.gleichcom.samuraidev.ch\/fr\/shop\/aktion-hoerverstaerker-set-humantechnik-cm-2-4\/\" \/>\n<meta property=\"og:site_name\" content=\"Gleichcom AG\" \/>\n<meta property=\"article:publisher\" content=\"https:\/\/www.facebook.com\/profile.php?id=100068749126981\" \/>\n<meta property=\"og:image\" content=\"https:\/\/www.gleichcom.samuraidev.ch\/wp-content\/uploads\/2023\/09\/cm2.4_frei.jpg\" \/>\n\t<meta property=\"og:image:width\" content=\"385\" \/>\n\t<meta property=\"og:image:height\" content=\"500\" \/>\n\t<meta property=\"og:image:type\" content=\"image\/jpeg\" \/>\n<meta name=\"twitter:card\" content=\"summary_large_image\" \/>\n<script type=\"application\/ld+json\" class=\"yoast-schema-graph\">{\"@context\":\"https:\\\/\\\/schema.org\",\"@graph\":[{\"@type\":\"WebPage\",\"@id\":\"https:\\\/\\\/www.gleichcom.samuraidev.ch\\\/fr\\\/shop\\\/aktion-hoerverstaerker-set-humantechnik-cm-2-4\\\/\",\"url\":\"https:\\\/\\\/www.gleichcom.samuraidev.ch\\\/fr\\\/shop\\\/aktion-hoerverstaerker-set-humantechnik-cm-2-4\\\/\",\"name\":\"Ensemble d'amplificateurs acoustiques Humantechnik CM-2.4 im Onlineshop | Gleichcom AG\",\"isPartOf\":{\"@id\":\"https:\\\/\\\/www.gleichcom.samuraidev.ch\\\/fr\\\/#website\"},\"primaryImageOfPage\":{\"@id\":\"https:\\\/\\\/www.gleichcom.samuraidev.ch\\\/fr\\\/shop\\\/aktion-hoerverstaerker-set-humantechnik-cm-2-4\\\/#primaryimage\"},\"image\":{\"@id\":\"https:\\\/\\\/www.gleichcom.samuraidev.ch\\\/fr\\\/shop\\\/aktion-hoerverstaerker-set-humantechnik-cm-2-4\\\/#primaryimage\"},\"thumbnailUrl\":\"https:\\\/\\\/www.gleichcom.samuraidev.ch\\\/wp-content\\\/uploads\\\/2023\\\/09\\\/cm2.4_frei.jpg\",\"datePublished\":\"2017-04-12T09:29:07+00:00\",\"description\":\"\u2705 Le syst\u00e8me de communication CM-2.4 est particuli\u00e8rement adapt\u00e9 aux personnes malentendantes.\",\"breadcrumb\":{\"@id\":\"https:\\\/\\\/www.gleichcom.samuraidev.ch\\\/fr\\\/shop\\\/aktion-hoerverstaerker-set-humantechnik-cm-2-4\\\/#breadcrumb\"},\"inLanguage\":\"fr-FR\",\"potentialAction\":[{\"@type\":\"ReadAction\",\"target\":[\"https:\\\/\\\/www.gleichcom.samuraidev.ch\\\/fr\\\/shop\\\/aktion-hoerverstaerker-set-humantechnik-cm-2-4\\\/\"]}]},{\"@type\":\"ImageObject\",\"inLanguage\":\"fr-FR\",\"@id\":\"https:\\\/\\\/www.gleichcom.samuraidev.ch\\\/fr\\\/shop\\\/aktion-hoerverstaerker-set-humantechnik-cm-2-4\\\/#primaryimage\",\"url\":\"https:\\\/\\\/www.gleichcom.samuraidev.ch\\\/wp-content\\\/uploads\\\/2023\\\/09\\\/cm2.4_frei.jpg\",\"contentUrl\":\"https:\\\/\\\/www.gleichcom.samuraidev.ch\\\/wp-content\\\/uploads\\\/2023\\\/09\\\/cm2.4_frei.jpg\",\"width\":385,\"height\":500,\"caption\":\"H\u00f6rverst\u00e4rker-Set Humantechnik CM-2.4\"},{\"@type\":\"BreadcrumbList\",\"@id\":\"https:\\\/\\\/www.gleichcom.samuraidev.ch\\\/fr\\\/shop\\\/aktion-hoerverstaerker-set-humantechnik-cm-2-4\\\/#breadcrumb\",\"itemListElement\":[{\"@type\":\"ListItem\",\"position\":1,\"name\":\"Startseite\",\"item\":\"https:\\\/\\\/www.gleichcom.samuraidev.ch\\\/fr\\\/\"},{\"@type\":\"ListItem\",\"position\":2,\"name\":\"Shop\",\"item\":\"https:\\\/\\\/www.gleichcom.samuraidev.ch\\\/fr\\\/shop\\\/\"},{\"@type\":\"ListItem\",\"position\":3,\"name\":\"Ensemble d&#8217;amplificateurs acoustiques Humantechnik CM-2.4\"}]},{\"@type\":\"WebSite\",\"@id\":\"https:\\\/\\\/www.gleichcom.samuraidev.ch\\\/fr\\\/#website\",\"url\":\"https:\\\/\\\/www.gleichcom.samuraidev.ch\\\/fr\\\/\",\"name\":\"Gleichcom AG\",\"description\":\"besser h\u00f6ren. besser sehen. besser leben.\",\"publisher\":{\"@id\":\"https:\\\/\\\/www.gleichcom.samuraidev.ch\\\/fr\\\/#organization\"},\"alternateName\":\"Gleichcom\",\"potentialAction\":[{\"@type\":\"SearchAction\",\"target\":{\"@type\":\"EntryPoint\",\"urlTemplate\":\"https:\\\/\\\/www.gleichcom.samuraidev.ch\\\/fr\\\/?s={search_term_string}\"},\"query-input\":{\"@type\":\"PropertyValueSpecification\",\"valueRequired\":true,\"valueName\":\"search_term_string\"}}],\"inLanguage\":\"fr-FR\"},{\"@type\":\"Organization\",\"@id\":\"https:\\\/\\\/www.gleichcom.samuraidev.ch\\\/fr\\\/#organization\",\"name\":\"Gleichcom AG\",\"alternateName\":\"Gleichcom\",\"url\":\"https:\\\/\\\/www.gleichcom.samuraidev.ch\\\/fr\\\/\",\"logo\":{\"@type\":\"ImageObject\",\"inLanguage\":\"fr-FR\",\"@id\":\"https:\\\/\\\/www.gleichcom.samuraidev.ch\\\/fr\\\/#\\\/schema\\\/logo\\\/image\\\/\",\"url\":\"https:\\\/\\\/www.gleichcom.samuraidev.ch\\\/wp-content\\\/uploads\\\/2023\\\/09\\\/gleichcom-ag-logo-quadrat-farbig-mitte@696.png\",\"contentUrl\":\"https:\\\/\\\/www.gleichcom.samuraidev.ch\\\/wp-content\\\/uploads\\\/2023\\\/09\\\/gleichcom-ag-logo-quadrat-farbig-mitte@696.png\",\"width\":437,\"height\":437,\"caption\":\"Gleichcom AG\"},\"image\":{\"@id\":\"https:\\\/\\\/www.gleichcom.samuraidev.ch\\\/fr\\\/#\\\/schema\\\/logo\\\/image\\\/\"},\"sameAs\":[\"https:\\\/\\\/www.facebook.com\\\/profile.php?id=100068749126981\"]}]}<\/script>\n<!-- \/ Yoast SEO plugin. -->","yoast_head_json":{"title":"Ensemble d'amplificateurs acoustiques Humantechnik CM-2.4 im Onlineshop | Gleichcom AG","description":"\u2705 Le syst\u00e8me de communication CM-2.4 est particuli\u00e8rement adapt\u00e9 aux personnes malentendantes.","robots":{"index":"noindex","follow":"follow","max-snippet":"max-snippet:-1","max-image-preview":"max-image-preview:large","max-video-preview":"max-video-preview:-1"},"og_locale":"fr_FR","og_type":"article","og_title":"Ensemble d'amplificateurs acoustiques Humantechnik CM-2.4 im Onlineshop | Gleichcom AG","og_description":"\u2705 Le syst\u00e8me de communication CM-2.4 est particuli\u00e8rement adapt\u00e9 aux personnes malentendantes.","og_url":"https:\/\/www.gleichcom.samuraidev.ch\/fr\/shop\/aktion-hoerverstaerker-set-humantechnik-cm-2-4\/","og_site_name":"Gleichcom AG","article_publisher":"https:\/\/www.facebook.com\/profile.php?id=100068749126981","og_image":[{"width":385,"height":500,"url":"https:\/\/www.gleichcom.samuraidev.ch\/wp-content\/uploads\/2023\/09\/cm2.4_frei.jpg","type":"image\/jpeg"}],"twitter_card":"summary_large_image","schema":{"@context":"https:\/\/schema.org","@graph":[{"@type":"WebPage","@id":"https:\/\/www.gleichcom.samuraidev.ch\/fr\/shop\/aktion-hoerverstaerker-set-humantechnik-cm-2-4\/","url":"https:\/\/www.gleichcom.samuraidev.ch\/fr\/shop\/aktion-hoerverstaerker-set-humantechnik-cm-2-4\/","name":"Ensemble d'amplificateurs acoustiques Humantechnik CM-2.4 im Onlineshop | Gleichcom AG","isPartOf":{"@id":"https:\/\/www.gleichcom.samuraidev.ch\/fr\/#website"},"primaryImageOfPage":{"@id":"https:\/\/www.gleichcom.samuraidev.ch\/fr\/shop\/aktion-hoerverstaerker-set-humantechnik-cm-2-4\/#primaryimage"},"image":{"@id":"https:\/\/www.gleichcom.samuraidev.ch\/fr\/shop\/aktion-hoerverstaerker-set-humantechnik-cm-2-4\/#primaryimage"},"thumbnailUrl":"https:\/\/www.gleichcom.samuraidev.ch\/wp-content\/uploads\/2023\/09\/cm2.4_frei.jpg","datePublished":"2017-04-12T09:29:07+00:00","description":"\u2705 Le syst\u00e8me de communication CM-2.4 est particuli\u00e8rement adapt\u00e9 aux personnes malentendantes.","breadcrumb":{"@id":"https:\/\/www.gleichcom.samuraidev.ch\/fr\/shop\/aktion-hoerverstaerker-set-humantechnik-cm-2-4\/#breadcrumb"},"inLanguage":"fr-FR","potentialAction":[{"@type":"ReadAction","target":["https:\/\/www.gleichcom.samuraidev.ch\/fr\/shop\/aktion-hoerverstaerker-set-humantechnik-cm-2-4\/"]}]},{"@type":"ImageObject","inLanguage":"fr-FR","@id":"https:\/\/www.gleichcom.samuraidev.ch\/fr\/shop\/aktion-hoerverstaerker-set-humantechnik-cm-2-4\/#primaryimage","url":"https:\/\/www.gleichcom.samuraidev.ch\/wp-content\/uploads\/2023\/09\/cm2.4_frei.jpg","contentUrl":"https:\/\/www.gleichcom.samuraidev.ch\/wp-content\/uploads\/2023\/09\/cm2.4_frei.jpg","width":385,"height":500,"caption":"H\u00f6rverst\u00e4rker-Set Humantechnik CM-2.4"},{"@type":"BreadcrumbList","@id":"https:\/\/www.gleichcom.samuraidev.ch\/fr\/shop\/aktion-hoerverstaerker-set-humantechnik-cm-2-4\/#breadcrumb","itemListElement":[{"@type":"ListItem","position":1,"name":"Startseite","item":"https:\/\/www.gleichcom.samuraidev.ch\/fr\/"},{"@type":"ListItem","position":2,"name":"Shop","item":"https:\/\/www.gleichcom.samuraidev.ch\/fr\/shop\/"},{"@type":"ListItem","position":3,"name":"Ensemble d&#8217;amplificateurs acoustiques Humantechnik CM-2.4"}]},{"@type":"WebSite","@id":"https:\/\/www.gleichcom.samuraidev.ch\/fr\/#website","url":"https:\/\/www.gleichcom.samuraidev.ch\/fr\/","name":"Gleichcom AG","description":"besser h\u00f6ren. besser sehen. besser leben.","publisher":{"@id":"https:\/\/www.gleichcom.samuraidev.ch\/fr\/#organization"},"alternateName":"Gleichcom","potentialAction":[{"@type":"SearchAction","target":{"@type":"EntryPoint","urlTemplate":"https:\/\/www.gleichcom.samuraidev.ch\/fr\/?s={search_term_string}"},"query-input":{"@type":"PropertyValueSpecification","valueRequired":true,"valueName":"search_term_string"}}],"inLanguage":"fr-FR"},{"@type":"Organization","@id":"https:\/\/www.gleichcom.samuraidev.ch\/fr\/#organization","name":"Gleichcom AG","alternateName":"Gleichcom","url":"https:\/\/www.gleichcom.samuraidev.ch\/fr\/","logo":{"@type":"ImageObject","inLanguage":"fr-FR","@id":"https:\/\/www.gleichcom.samuraidev.ch\/fr\/#\/schema\/logo\/image\/","url":"https:\/\/www.gleichcom.samuraidev.ch\/wp-content\/uploads\/2023\/09\/gleichcom-ag-logo-quadrat-farbig-mitte@696.png","contentUrl":"https:\/\/www.gleichcom.samuraidev.ch\/wp-content\/uploads\/2023\/09\/gleichcom-ag-logo-quadrat-farbig-mitte@696.png","width":437,"height":437,"caption":"Gleichcom AG"},"image":{"@id":"https:\/\/www.gleichcom.samuraidev.ch\/fr\/#\/schema\/logo\/image\/"},"sameAs":["https:\/\/www.facebook.com\/profile.php?id=100068749126981"]}]}},"uagb_featured_image_src":{"full":["https:\/\/www.gleichcom.samuraidev.ch\/wp-content\/uploads\/2023\/09\/cm2.4_frei.jpg",385,500,false],"thumbnail":["https:\/\/www.gleichcom.samuraidev.ch\/wp-content\/uploads\/2023\/09\/cm2.4_frei.jpg",116,150,false],"medium":["https:\/\/www.gleichcom.samuraidev.ch\/wp-content\/uploads\/2023\/09\/cm2.4_frei.jpg",231,300,false],"medium_large":["https:\/\/www.gleichcom.samuraidev.ch\/wp-content\/uploads\/2023\/09\/cm2.4_frei.jpg",385,500,false],"large":["https:\/\/www.gleichcom.samuraidev.ch\/wp-content\/uploads\/2023\/09\/cm2.4_frei.jpg",385,500,false],"1536x1536":["https:\/\/www.gleichcom.samuraidev.ch\/wp-content\/uploads\/2023\/09\/cm2.4_frei.jpg",385,500,false],"2048x2048":["https:\/\/www.gleichcom.samuraidev.ch\/wp-content\/uploads\/2023\/09\/cm2.4_frei.jpg",385,500,false],"woocommerce_thumbnail":["https:\/\/www.gleichcom.samuraidev.ch\/wp-content\/uploads\/2023\/09\/cm2.4_frei.jpg",300,390,false],"woocommerce_single":["https:\/\/www.gleichcom.samuraidev.ch\/wp-content\/uploads\/2023\/09\/cm2.4_frei.jpg",385,500,false],"woocommerce_gallery_thumbnail":["https:\/\/www.gleichcom.samuraidev.ch\/wp-content\/uploads\/2023\/09\/cm2.4_frei-100x100.jpg",100,100,true]},"uagb_author_info":{"display_name":"","author_link":"https:\/\/www.gleichcom.samuraidev.ch\/fr\/author\/"},"uagb_comment_info":0,"uagb_excerpt":"Le syst\u00e8me de communication CM-2.4 est particuli\u00e8rement adapt\u00e9 aux personnes malentendantes.","_links":{"self":[{"href":"https:\/\/www.gleichcom.samuraidev.ch\/fr\/wp-json\/wp\/v2\/product\/4362","targetHints":{"allow":["GET"]}}],"collection":[{"href":"https:\/\/www.gleichcom.samuraidev.ch\/fr\/wp-json\/wp\/v2\/product"}],"about":[{"href":"https:\/\/www.gleichcom.samuraidev.ch\/fr\/wp-json\/wp\/v2\/types\/product"}],"wp:featuredmedia":[{"embeddable":true,"href":"https:\/\/www.gleichcom.samuraidev.ch\/fr\/wp-json\/wp\/v2\/media\/4357"}],"wp:attachment":[{"href":"https:\/\/www.gleichcom.samuraidev.ch\/fr\/wp-json\/wp\/v2\/media?parent=4362"}],"wp:term":[{"taxonomy":"product_brand","embeddable":true,"href":"https:\/\/www.gleichcom.samuraidev.ch\/fr\/wp-json\/wp\/v2\/product_brand?post=4362"},{"taxonomy":"product_cat","embeddable":true,"href":"https:\/\/www.gleichcom.samuraidev.ch\/fr\/wp-json\/wp\/v2\/product_cat?post=4362"},{"taxonomy":"product_tag","embeddable":true,"href":"https:\/\/www.gleichcom.samuraidev.ch\/fr\/wp-json\/wp\/v2\/product_tag?post=4362"}],"curies":[{"name":"wp","href":"https:\/\/api.w.org\/{rel}","templated":true}]}}