{"id":4650,"date":"2018-02-10T21:21:06","date_gmt":"2018-02-10T20:21:06","guid":{"rendered":"https:\/\/www.gleichcom.samuraidev.ch\/?product=hoergeraetebatterien-icelltech-p312"},"modified":"1000-01-01T00:00:00","modified_gmt":"1000-01-01T00:00:00","slug":"hoergeraetebatterien-icelltech-p312","status":"publish","type":"product","link":"https:\/\/www.gleichcom.samuraidev.ch\/fr\/shop\/hoergeraetebatterien-icelltech-p312\/","title":{"rendered":"Piles auditives iCellTech P312"},"content":{"rendered":"<p><span style=\"font-size:16px;\"><strong>Piles auditives iCellTech P312 MERCURY-FREE<\/strong><\/span><br \/>\n\u00a0<br \/>\n1 bo\u00eete contient 60 piles (10 blisters \u00e0 6 pcs.)<br \/>\n\u00a0<br \/>\nLa nouvelle g\u00e9n\u00e9ration de piles pour proth\u00e8ses auditives iCellTech a \u00e9t\u00e9 sp\u00e9cialement d\u00e9velopp\u00e9e pour assurer une longue dur\u00e9e de vie \u00e0 forte charge de courant puls\u00e9 avec une tension de fonctionnement \u00e9lev\u00e9e et donc une r\u00e9serve de tension accrue par rapport au crit\u00e8re de coupure de 1,10 V des aides auditives num\u00e9riques modernes. Les piles auditives ICellTech sont fabriqu\u00e9es en Asie et sont conformes aux directives europ\u00e9ennes en mati\u00e8re d&rsquo;environnement et de d\u00e9veloppement durable.<br \/>\n\u00a0<br \/>\n<strong>Sp\u00e9cifications des piles auditives iCellTech P312:<\/strong><\/p>\n<div>\n\t\u00a0\n<\/div>\n<table align=\"left\" border=\"0\" cellpadding=\"0\" cellspacing=\"0\">\n<tbody>\n<tr>\n<td style=\"width: 151px;\">\n<div>\n\t\t\t\t<span style=\"color: rgb(0, 0, 0);\"><strong>Typ Nr.<\/strong><\/span>\n\t\t\t<\/div>\n<\/td>\n<td style=\"width: 76px;\">\n<div>\n\t\t\t\t<span style=\"color: rgb(0, 0, 0);\">\u00a0312 brun<\/span>\n\t\t\t<\/div>\n<\/td>\n<\/tr>\n<tr>\n<td style=\"width: 151px;\">\n<div>\n\t\t\t\t<span style=\"color: rgb(0, 0, 0);\"><strong>System<\/strong><\/span>\n\t\t\t<\/div>\n<\/td>\n<td style=\"width: 76px;\">\n<div>\n\t\t\t\t<span style=\"color: rgb(0, 0, 0);\">\u00a0Zinc-Air<\/span>\n\t\t\t<\/div>\n<\/td>\n<\/tr>\n<tr>\n<td style=\"width: 151px;\">\n<div>\n\t\t\t\t<span style=\"color: rgb(0, 0, 0);\"><strong>Tension<\/strong><\/span>\n\t\t\t<\/div>\n<\/td>\n<td style=\"width: 76px;\">\n<div>\n\t\t\t\t<span style=\"color: rgb(0, 0, 0);\">\u00a01.45 V<\/span>\n\t\t\t<\/div>\n<\/td>\n<\/tr>\n<tr>\n<td style=\"width: 151px;\">\n<div>\n\t\t\t\t<span style=\"color: rgb(0, 0, 0);\"><strong>Poids<\/strong><\/span>\n\t\t\t<\/div>\n<\/td>\n<td style=\"width: 76px;\">\n<div>\n\t\t\t\t<span style=\"color: rgb(0, 0, 0);\">\u00a00.53g<\/span>\n\t\t\t<\/div>\n<\/td>\n<\/tr>\n<tr>\n<td style=\"width: 151px;\">\n<div>\n\t\t\t\t<span style=\"color: rgb(0, 0, 0);\"><strong>Capacit\u00e9 typique<\/strong><\/span>\n\t\t\t<\/div>\n<\/td>\n<td style=\"width: 76px;\">\n<div>\n\t\t\t\t<span style=\"color: rgb(0, 0, 0);\">\u00a0165 mAh<\/span>\n\t\t\t<\/div>\n<\/td>\n<\/tr>\n<tr>\n<td style=\"width: 151px;\">\n<div>\n\t\t\t\t<span style=\"color: rgb(0, 0, 0);\"><strong>Diam\u00e8tre<\/strong><\/span>\n\t\t\t<\/div>\n<\/td>\n<td style=\"width: 76px;\">\n<div>\n\t\t\t\t<span style=\"color: rgb(0, 0, 0);\">\u00a07.82 mm<\/span>\n\t\t\t<\/div>\n<\/td>\n<\/tr>\n<tr>\n<td style=\"width: 151px;\">\n<div>\n\t\t\t\t<span style=\"color: rgb(0, 0, 0);\"><strong>Hauteur<br \/>\n\t\t\t\tCode IEC<\/strong><\/span>\n\t\t\t<\/div>\n<\/td>\n<td style=\"width: 76px;\">\n<div>\n\t\t\t\t<span style=\"color: rgb(0, 0, 0);\">\u00a03.45 mm<\/span><br \/>\n\t\t\t\t\u00a0PR41\n\t\t\t<\/div>\n<\/td>\n<\/tr>\n<\/tbody>\n<\/table>\n<div>\n\t<span style=\"color: rgb(0, 0, 0);\">\u00a0<img decoding=\"async\" alt=\"\" src=\"https:\/\/www.gleichcom.samuraidev.ch\/wp-content\/uploads\/content\/Bild6.gif\" style=\"width: 108px; height: 160px;\" \/><\/span><\/p>\n<p>\t\u00a0\n<\/p><\/div>\n<p><strong>Pourquoi la technologie zinc-air dans les piles pour appareils auditifs?<\/strong><br \/>\n<strong>Les piles auditives zinc-air<\/strong> ont une densit\u00e9 d&rsquo;\u00e9nergie particuli\u00e8rement \u00e9lev\u00e9e et offrent une courbe de d\u00e9charge presque horizontale. Ils constituent donc la source d&rsquo;alimentation optimale, en particulier pour les appareils auditifs. Les trous d&rsquo;a\u00e9ration de la batterie sont d&rsquo;abord recouverts d&rsquo;un film protecteur. De cette fa\u00e7on, il est maintenu dans un \u00a0\u00bb \u00e9tat de repos \u00a0\u00bb jusqu&rsquo;\u00e0 ce qu&rsquo;il soit n\u00e9cessaire. L&rsquo;autod\u00e9charge induite par le syst\u00e8me des batteries zinc-air avec film de protection adh\u00e9sif n&rsquo;est que d&rsquo;environ 3 % par an. La feuille d&rsquo;aluminium est retir\u00e9e lorsqu&rsquo;elle est ins\u00e9r\u00e9e dans l&rsquo;aide auditive. Apr\u00e8s quelques secondes de <strong>temps d&rsquo;activation (nous vous recommandons d&rsquo;attendre au moins 1 \u00e0 2 minutes avant d&rsquo;ins\u00e9rer la pile dans l&rsquo;aide auditive<\/strong>), la pile commence \u00e0 se d\u00e9charger. Lorsqu&rsquo;elles sont activ\u00e9es (film de protection enlev\u00e9), les piles zinc-air ont une capacit\u00e9 de stockage limit\u00e9e et doivent \u00eatre utilis\u00e9es d\u00e8s que possible.<\/p>\n<p><a href=\"http:\/\/icelltech.com\/wp\/wp-content\/uploads\/2019\/04\/%EC%98%81%EC%83%81.mp4?title=0&#038;byline=0&#038;portrait=0&#038;autoplay=1&#038;color=cfa144\" target=\"_blank\"><strong>Video Icelltech<\/strong><\/a><\/p>\n","protected":false},"excerpt":{"rendered":"<p>1 bo\u00eete contient 60 piles (10 blisters \u00e0 6 pcs.)<\/p>\n","protected":false},"featured_media":4648,"template":"","meta":{"inline_featured_image":false,"_uag_custom_page_level_css":"","site-sidebar-layout":"default","site-content-layout":"","ast-site-content-layout":"default","site-content-style":"default","site-sidebar-style":"default","ast-global-header-display":"","ast-banner-title-visibility":"","ast-main-header-display":"","ast-hfb-above-header-display":"","ast-hfb-below-header-display":"","ast-hfb-mobile-header-display":"","site-post-title":"","ast-breadcrumbs-content":"","ast-featured-img":"","footer-sml-layout":"","ast-disable-related-posts":"","theme-transparent-header-meta":"","adv-header-id-meta":"","stick-header-meta":"","header-above-stick-meta":"","header-main-stick-meta":"","header-below-stick-meta":"","astra-migrate-meta-layouts":"default","ast-page-background-enabled":"default","ast-page-background-meta":{"desktop":{"background-color":"","background-image":"","background-repeat":"repeat","background-position":"center center","background-size":"auto","background-attachment":"scroll","background-type":"","background-media":"","overlay-type":"","overlay-color":"","overlay-opacity":"","overlay-gradient":""},"tablet":{"background-color":"","background-image":"","background-repeat":"repeat","background-position":"center center","background-size":"auto","background-attachment":"scroll","background-type":"","background-media":"","overlay-type":"","overlay-color":"","overlay-opacity":"","overlay-gradient":""},"mobile":{"background-color":"","background-image":"","background-repeat":"repeat","background-position":"center center","background-size":"auto","background-attachment":"scroll","background-type":"","background-media":"","overlay-type":"","overlay-color":"","overlay-opacity":"","overlay-gradient":""}},"ast-content-background-meta":{"desktop":{"background-color":"var(--ast-global-color-5)","background-image":"","background-repeat":"repeat","background-position":"center center","background-size":"auto","background-attachment":"scroll","background-type":"","background-media":"","overlay-type":"","overlay-color":"","overlay-opacity":"","overlay-gradient":""},"tablet":{"background-color":"var(--ast-global-color-5)","background-image":"","background-repeat":"repeat","background-position":"center center","background-size":"auto","background-attachment":"scroll","background-type":"","background-media":"","overlay-type":"","overlay-color":"","overlay-opacity":"","overlay-gradient":""},"mobile":{"background-color":"var(--ast-global-color-5)","background-image":"","background-repeat":"repeat","background-position":"center center","background-size":"auto","background-attachment":"scroll","background-type":"","background-media":"","overlay-type":"","overlay-color":"","overlay-opacity":"","overlay-gradient":""}}},"product_brand":[],"product_cat":[2888],"product_tag":[],"class_list":{"0":"post-4650","1":"product","2":"type-product","3":"status-publish","4":"has-post-thumbnail","6":"product_cat-piles-pour-appareils-auditifs-nr-312-fr","7":"desktop-align-center","8":"tablet-align-center","9":"mobile-align-center","10":"ast-product-gallery-layout-horizontal-slider","11":"ast-product-gallery-with-no-image","12":"ast-product-tabs-layout-accordion","14":"first","15":"instock","16":"taxable","17":"shipping-taxable","18":"purchasable","19":"product-type-simple"},"yoast_head":"<!-- This site is optimized with the Yoast SEO plugin v27.5 - https:\/\/yoast.com\/product\/yoast-seo-wordpress\/ -->\n<title>Piles auditives iCellTech P312 im Onlineshop | Gleichcom AG<\/title>\n<meta name=\"description\" content=\"\u2705 1 bo\u00eete contient 60 piles (10 blisters \u00e0 6 pcs.)\" \/>\n<meta name=\"robots\" content=\"noindex, follow, max-snippet:-1, max-image-preview:large, max-video-preview:-1\" \/>\n<meta property=\"og:locale\" content=\"fr_FR\" \/>\n<meta property=\"og:type\" content=\"article\" \/>\n<meta property=\"og:title\" content=\"Piles auditives iCellTech P312 im Onlineshop | Gleichcom AG\" \/>\n<meta property=\"og:description\" content=\"\u2705 1 bo\u00eete contient 60 piles (10 blisters \u00e0 6 pcs.)\" \/>\n<meta property=\"og:url\" content=\"https:\/\/www.gleichcom.samuraidev.ch\/fr\/shop\/hoergeraetebatterien-icelltech-p312\/\" \/>\n<meta property=\"og:site_name\" content=\"Gleichcom AG\" \/>\n<meta property=\"article:publisher\" content=\"https:\/\/www.facebook.com\/profile.php?id=100068749126981\" \/>\n<meta property=\"og:image\" content=\"https:\/\/www.gleichcom.samuraidev.ch\/wp-content\/uploads\/2023\/09\/ICellTech312.png\" \/>\n\t<meta property=\"og:image:width\" content=\"319\" \/>\n\t<meta property=\"og:image:height\" content=\"500\" \/>\n\t<meta property=\"og:image:type\" content=\"image\/png\" \/>\n<meta name=\"twitter:card\" content=\"summary_large_image\" \/>\n<script type=\"application\/ld+json\" class=\"yoast-schema-graph\">{\"@context\":\"https:\\\/\\\/schema.org\",\"@graph\":[{\"@type\":\"WebPage\",\"@id\":\"https:\\\/\\\/www.gleichcom.samuraidev.ch\\\/fr\\\/shop\\\/hoergeraetebatterien-icelltech-p312\\\/\",\"url\":\"https:\\\/\\\/www.gleichcom.samuraidev.ch\\\/fr\\\/shop\\\/hoergeraetebatterien-icelltech-p312\\\/\",\"name\":\"Piles auditives iCellTech P312 im Onlineshop | Gleichcom AG\",\"isPartOf\":{\"@id\":\"https:\\\/\\\/www.gleichcom.samuraidev.ch\\\/fr\\\/#website\"},\"primaryImageOfPage\":{\"@id\":\"https:\\\/\\\/www.gleichcom.samuraidev.ch\\\/fr\\\/shop\\\/hoergeraetebatterien-icelltech-p312\\\/#primaryimage\"},\"image\":{\"@id\":\"https:\\\/\\\/www.gleichcom.samuraidev.ch\\\/fr\\\/shop\\\/hoergeraetebatterien-icelltech-p312\\\/#primaryimage\"},\"thumbnailUrl\":\"https:\\\/\\\/www.gleichcom.samuraidev.ch\\\/wp-content\\\/uploads\\\/2023\\\/09\\\/ICellTech312.png\",\"datePublished\":\"2018-02-10T20:21:06+00:00\",\"description\":\"\u2705 1 bo\u00eete contient 60 piles (10 blisters \u00e0 6 pcs.)\",\"breadcrumb\":{\"@id\":\"https:\\\/\\\/www.gleichcom.samuraidev.ch\\\/fr\\\/shop\\\/hoergeraetebatterien-icelltech-p312\\\/#breadcrumb\"},\"inLanguage\":\"fr-FR\",\"potentialAction\":[{\"@type\":\"ReadAction\",\"target\":[\"https:\\\/\\\/www.gleichcom.samuraidev.ch\\\/fr\\\/shop\\\/hoergeraetebatterien-icelltech-p312\\\/\"]}]},{\"@type\":\"ImageObject\",\"inLanguage\":\"fr-FR\",\"@id\":\"https:\\\/\\\/www.gleichcom.samuraidev.ch\\\/fr\\\/shop\\\/hoergeraetebatterien-icelltech-p312\\\/#primaryimage\",\"url\":\"https:\\\/\\\/www.gleichcom.samuraidev.ch\\\/wp-content\\\/uploads\\\/2023\\\/09\\\/ICellTech312.png\",\"contentUrl\":\"https:\\\/\\\/www.gleichcom.samuraidev.ch\\\/wp-content\\\/uploads\\\/2023\\\/09\\\/ICellTech312.png\",\"width\":319,\"height\":500},{\"@type\":\"BreadcrumbList\",\"@id\":\"https:\\\/\\\/www.gleichcom.samuraidev.ch\\\/fr\\\/shop\\\/hoergeraetebatterien-icelltech-p312\\\/#breadcrumb\",\"itemListElement\":[{\"@type\":\"ListItem\",\"position\":1,\"name\":\"Startseite\",\"item\":\"https:\\\/\\\/www.gleichcom.samuraidev.ch\\\/fr\\\/\"},{\"@type\":\"ListItem\",\"position\":2,\"name\":\"Shop\",\"item\":\"https:\\\/\\\/www.gleichcom.samuraidev.ch\\\/fr\\\/shop\\\/\"},{\"@type\":\"ListItem\",\"position\":3,\"name\":\"Piles auditives iCellTech P312\"}]},{\"@type\":\"WebSite\",\"@id\":\"https:\\\/\\\/www.gleichcom.samuraidev.ch\\\/fr\\\/#website\",\"url\":\"https:\\\/\\\/www.gleichcom.samuraidev.ch\\\/fr\\\/\",\"name\":\"Gleichcom AG\",\"description\":\"besser h\u00f6ren. besser sehen. besser leben.\",\"publisher\":{\"@id\":\"https:\\\/\\\/www.gleichcom.samuraidev.ch\\\/fr\\\/#organization\"},\"alternateName\":\"Gleichcom\",\"potentialAction\":[{\"@type\":\"SearchAction\",\"target\":{\"@type\":\"EntryPoint\",\"urlTemplate\":\"https:\\\/\\\/www.gleichcom.samuraidev.ch\\\/fr\\\/?s={search_term_string}\"},\"query-input\":{\"@type\":\"PropertyValueSpecification\",\"valueRequired\":true,\"valueName\":\"search_term_string\"}}],\"inLanguage\":\"fr-FR\"},{\"@type\":\"Organization\",\"@id\":\"https:\\\/\\\/www.gleichcom.samuraidev.ch\\\/fr\\\/#organization\",\"name\":\"Gleichcom AG\",\"alternateName\":\"Gleichcom\",\"url\":\"https:\\\/\\\/www.gleichcom.samuraidev.ch\\\/fr\\\/\",\"logo\":{\"@type\":\"ImageObject\",\"inLanguage\":\"fr-FR\",\"@id\":\"https:\\\/\\\/www.gleichcom.samuraidev.ch\\\/fr\\\/#\\\/schema\\\/logo\\\/image\\\/\",\"url\":\"https:\\\/\\\/www.gleichcom.samuraidev.ch\\\/wp-content\\\/uploads\\\/2023\\\/09\\\/gleichcom-ag-logo-quadrat-farbig-mitte@696.png\",\"contentUrl\":\"https:\\\/\\\/www.gleichcom.samuraidev.ch\\\/wp-content\\\/uploads\\\/2023\\\/09\\\/gleichcom-ag-logo-quadrat-farbig-mitte@696.png\",\"width\":437,\"height\":437,\"caption\":\"Gleichcom AG\"},\"image\":{\"@id\":\"https:\\\/\\\/www.gleichcom.samuraidev.ch\\\/fr\\\/#\\\/schema\\\/logo\\\/image\\\/\"},\"sameAs\":[\"https:\\\/\\\/www.facebook.com\\\/profile.php?id=100068749126981\"]}]}<\/script>\n<!-- \/ Yoast SEO plugin. -->","yoast_head_json":{"title":"Piles auditives iCellTech P312 im Onlineshop | Gleichcom AG","description":"\u2705 1 bo\u00eete contient 60 piles (10 blisters \u00e0 6 pcs.)","robots":{"index":"noindex","follow":"follow","max-snippet":"max-snippet:-1","max-image-preview":"max-image-preview:large","max-video-preview":"max-video-preview:-1"},"og_locale":"fr_FR","og_type":"article","og_title":"Piles auditives iCellTech P312 im Onlineshop | Gleichcom AG","og_description":"\u2705 1 bo\u00eete contient 60 piles (10 blisters \u00e0 6 pcs.)","og_url":"https:\/\/www.gleichcom.samuraidev.ch\/fr\/shop\/hoergeraetebatterien-icelltech-p312\/","og_site_name":"Gleichcom AG","article_publisher":"https:\/\/www.facebook.com\/profile.php?id=100068749126981","og_image":[{"width":319,"height":500,"url":"https:\/\/www.gleichcom.samuraidev.ch\/wp-content\/uploads\/2023\/09\/ICellTech312.png","type":"image\/png"}],"twitter_card":"summary_large_image","schema":{"@context":"https:\/\/schema.org","@graph":[{"@type":"WebPage","@id":"https:\/\/www.gleichcom.samuraidev.ch\/fr\/shop\/hoergeraetebatterien-icelltech-p312\/","url":"https:\/\/www.gleichcom.samuraidev.ch\/fr\/shop\/hoergeraetebatterien-icelltech-p312\/","name":"Piles auditives iCellTech P312 im Onlineshop | Gleichcom AG","isPartOf":{"@id":"https:\/\/www.gleichcom.samuraidev.ch\/fr\/#website"},"primaryImageOfPage":{"@id":"https:\/\/www.gleichcom.samuraidev.ch\/fr\/shop\/hoergeraetebatterien-icelltech-p312\/#primaryimage"},"image":{"@id":"https:\/\/www.gleichcom.samuraidev.ch\/fr\/shop\/hoergeraetebatterien-icelltech-p312\/#primaryimage"},"thumbnailUrl":"https:\/\/www.gleichcom.samuraidev.ch\/wp-content\/uploads\/2023\/09\/ICellTech312.png","datePublished":"2018-02-10T20:21:06+00:00","description":"\u2705 1 bo\u00eete contient 60 piles (10 blisters \u00e0 6 pcs.)","breadcrumb":{"@id":"https:\/\/www.gleichcom.samuraidev.ch\/fr\/shop\/hoergeraetebatterien-icelltech-p312\/#breadcrumb"},"inLanguage":"fr-FR","potentialAction":[{"@type":"ReadAction","target":["https:\/\/www.gleichcom.samuraidev.ch\/fr\/shop\/hoergeraetebatterien-icelltech-p312\/"]}]},{"@type":"ImageObject","inLanguage":"fr-FR","@id":"https:\/\/www.gleichcom.samuraidev.ch\/fr\/shop\/hoergeraetebatterien-icelltech-p312\/#primaryimage","url":"https:\/\/www.gleichcom.samuraidev.ch\/wp-content\/uploads\/2023\/09\/ICellTech312.png","contentUrl":"https:\/\/www.gleichcom.samuraidev.ch\/wp-content\/uploads\/2023\/09\/ICellTech312.png","width":319,"height":500},{"@type":"BreadcrumbList","@id":"https:\/\/www.gleichcom.samuraidev.ch\/fr\/shop\/hoergeraetebatterien-icelltech-p312\/#breadcrumb","itemListElement":[{"@type":"ListItem","position":1,"name":"Startseite","item":"https:\/\/www.gleichcom.samuraidev.ch\/fr\/"},{"@type":"ListItem","position":2,"name":"Shop","item":"https:\/\/www.gleichcom.samuraidev.ch\/fr\/shop\/"},{"@type":"ListItem","position":3,"name":"Piles auditives iCellTech P312"}]},{"@type":"WebSite","@id":"https:\/\/www.gleichcom.samuraidev.ch\/fr\/#website","url":"https:\/\/www.gleichcom.samuraidev.ch\/fr\/","name":"Gleichcom AG","description":"besser h\u00f6ren. besser sehen. besser leben.","publisher":{"@id":"https:\/\/www.gleichcom.samuraidev.ch\/fr\/#organization"},"alternateName":"Gleichcom","potentialAction":[{"@type":"SearchAction","target":{"@type":"EntryPoint","urlTemplate":"https:\/\/www.gleichcom.samuraidev.ch\/fr\/?s={search_term_string}"},"query-input":{"@type":"PropertyValueSpecification","valueRequired":true,"valueName":"search_term_string"}}],"inLanguage":"fr-FR"},{"@type":"Organization","@id":"https:\/\/www.gleichcom.samuraidev.ch\/fr\/#organization","name":"Gleichcom AG","alternateName":"Gleichcom","url":"https:\/\/www.gleichcom.samuraidev.ch\/fr\/","logo":{"@type":"ImageObject","inLanguage":"fr-FR","@id":"https:\/\/www.gleichcom.samuraidev.ch\/fr\/#\/schema\/logo\/image\/","url":"https:\/\/www.gleichcom.samuraidev.ch\/wp-content\/uploads\/2023\/09\/gleichcom-ag-logo-quadrat-farbig-mitte@696.png","contentUrl":"https:\/\/www.gleichcom.samuraidev.ch\/wp-content\/uploads\/2023\/09\/gleichcom-ag-logo-quadrat-farbig-mitte@696.png","width":437,"height":437,"caption":"Gleichcom AG"},"image":{"@id":"https:\/\/www.gleichcom.samuraidev.ch\/fr\/#\/schema\/logo\/image\/"},"sameAs":["https:\/\/www.facebook.com\/profile.php?id=100068749126981"]}]}},"uagb_featured_image_src":{"full":["https:\/\/www.gleichcom.samuraidev.ch\/wp-content\/uploads\/2023\/09\/ICellTech312.png",319,500,false],"thumbnail":["https:\/\/www.gleichcom.samuraidev.ch\/wp-content\/uploads\/2023\/09\/ICellTech312.png",96,150,false],"medium":["https:\/\/www.gleichcom.samuraidev.ch\/wp-content\/uploads\/2023\/09\/ICellTech312.png",191,300,false],"medium_large":["https:\/\/www.gleichcom.samuraidev.ch\/wp-content\/uploads\/2023\/09\/ICellTech312.png",319,500,false],"large":["https:\/\/www.gleichcom.samuraidev.ch\/wp-content\/uploads\/2023\/09\/ICellTech312.png",319,500,false],"1536x1536":["https:\/\/www.gleichcom.samuraidev.ch\/wp-content\/uploads\/2023\/09\/ICellTech312.png",319,500,false],"2048x2048":["https:\/\/www.gleichcom.samuraidev.ch\/wp-content\/uploads\/2023\/09\/ICellTech312.png",319,500,false],"woocommerce_thumbnail":["https:\/\/www.gleichcom.samuraidev.ch\/wp-content\/uploads\/2023\/09\/ICellTech312.png",300,470,false],"woocommerce_single":["https:\/\/www.gleichcom.samuraidev.ch\/wp-content\/uploads\/2023\/09\/ICellTech312.png",319,500,false],"woocommerce_gallery_thumbnail":["https:\/\/www.gleichcom.samuraidev.ch\/wp-content\/uploads\/2023\/09\/ICellTech312-100x100.png",100,100,true]},"uagb_author_info":{"display_name":"","author_link":"https:\/\/www.gleichcom.samuraidev.ch\/fr\/author\/"},"uagb_comment_info":0,"uagb_excerpt":"1 bo\u00eete contient 60 piles (10 blisters \u00e0 6 pcs.)","_links":{"self":[{"href":"https:\/\/www.gleichcom.samuraidev.ch\/fr\/wp-json\/wp\/v2\/product\/4650","targetHints":{"allow":["GET"]}}],"collection":[{"href":"https:\/\/www.gleichcom.samuraidev.ch\/fr\/wp-json\/wp\/v2\/product"}],"about":[{"href":"https:\/\/www.gleichcom.samuraidev.ch\/fr\/wp-json\/wp\/v2\/types\/product"}],"wp:featuredmedia":[{"embeddable":true,"href":"https:\/\/www.gleichcom.samuraidev.ch\/fr\/wp-json\/wp\/v2\/media\/4648"}],"wp:attachment":[{"href":"https:\/\/www.gleichcom.samuraidev.ch\/fr\/wp-json\/wp\/v2\/media?parent=4650"}],"wp:term":[{"taxonomy":"product_brand","embeddable":true,"href":"https:\/\/www.gleichcom.samuraidev.ch\/fr\/wp-json\/wp\/v2\/product_brand?post=4650"},{"taxonomy":"product_cat","embeddable":true,"href":"https:\/\/www.gleichcom.samuraidev.ch\/fr\/wp-json\/wp\/v2\/product_cat?post=4650"},{"taxonomy":"product_tag","embeddable":true,"href":"https:\/\/www.gleichcom.samuraidev.ch\/fr\/wp-json\/wp\/v2\/product_tag?post=4650"}],"curies":[{"name":"wp","href":"https:\/\/api.w.org\/{rel}","templated":true}]}}