{"id":4686,"date":"2018-03-12T18:31:13","date_gmt":"2018-03-12T17:31:13","guid":{"rendered":"https:\/\/www.gleichcom.samuraidev.ch\/?product=medel-wasserschutz-waterwear-fuer-opus-2-und-sonnet-2"},"modified":"1000-01-01T00:00:00","modified_gmt":"1000-01-01T00:00:00","slug":"medel-wasserschutz-waterwear-fuer-opus-2-und-sonnet-2","status":"publish","type":"product","link":"https:\/\/www.gleichcom.samuraidev.ch\/fr\/shop\/medel-wasserschutz-waterwear-fuer-opus-2-und-sonnet-2\/","title":{"rendered":"Protection de l&rsquo;eau Medel WaterWear pour contour d&rsquo;oreille Opus 2 et Sonnet 2"},"content":{"rendered":"<div>\n\t<span style=\"color:#000000;\"><span style=\"font-size:16px;\"><strong>Protection de l&rsquo;eau Medel WaterWear pour contour d&rsquo;oreille paquet Opus 2 et Sonnet 2 (3 piece)<\/strong><\/span><\/span>\n<\/div>\n<div>\n\t<br \/>\n\t<span style=\"color:#000000;\">WaterWear est <strong>un bo\u00eetier de protection compl\u00e8tement \u00e9tanche qui peut \u00eatre utilis\u00e9 pour le processeur audio OPUS 2 ou SONNET<\/strong>. Que vous alliez vous baigner dans le lac, la piscine ou la mer &#8211; la housse de protection WaterWear prot\u00e8ge votre processeur audio en toute s\u00e9curit\u00e9 et fiabilit\u00e9, que ce soit en eau douce, en eau sal\u00e9e ou en eau chlor\u00e9e.<br \/>\n\tVous ne remarquez m\u00eame pas qu&rsquo;il est l\u00e0, car la housse de protection est confortable \u00e0 porter et limite \u00e0 peine les performances auditives. Avec la housse de protection WaterWear \u00e9conomique et r\u00e9utilisable, vous pouvez faire tout ce que vous voulez.<\/p>\n<p>\tPour plus d&rsquo;informations, vous pouvez nous contacter directement.<br \/>\n\tNous sommes le partenaire de distribution officiel pour les accessoires de produits Medel.<\/span><br \/>\n\t\u00a0\n<\/div>\n","protected":false},"excerpt":{"rendered":"<p>WaterWear est un bo\u00eetier de protection compl\u00e8tement \u00e9tanche qui peut \u00eatre utilis\u00e9 pour le processeur audio OPUS 2 ou SONNET 2. (3 piece)\u00a0 Que vous alliez vous baigner dans le lac, la piscine ou la mer &#8211; la housse de protection WaterWear prot\u00e8ge votre processeur audio en toute s\u00e9curit\u00e9 et fiabilit\u00e9, que ce soit en eau douce, en eau sal\u00e9e ou en eau chlor\u00e9e.<\/p>\n","protected":false},"featured_media":4684,"template":"","meta":{"inline_featured_image":false,"_uag_custom_page_level_css":"","site-sidebar-layout":"default","site-content-layout":"","ast-site-content-layout":"default","site-content-style":"default","site-sidebar-style":"default","ast-global-header-display":"","ast-banner-title-visibility":"","ast-main-header-display":"","ast-hfb-above-header-display":"","ast-hfb-below-header-display":"","ast-hfb-mobile-header-display":"","site-post-title":"","ast-breadcrumbs-content":"","ast-featured-img":"","footer-sml-layout":"","ast-disable-related-posts":"","theme-transparent-header-meta":"","adv-header-id-meta":"","stick-header-meta":"","header-above-stick-meta":"","header-main-stick-meta":"","header-below-stick-meta":"","astra-migrate-meta-layouts":"default","ast-page-background-enabled":"default","ast-page-background-meta":{"desktop":{"background-color":"","background-image":"","background-repeat":"repeat","background-position":"center center","background-size":"auto","background-attachment":"scroll","background-type":"","background-media":"","overlay-type":"","overlay-color":"","overlay-opacity":"","overlay-gradient":""},"tablet":{"background-color":"","background-image":"","background-repeat":"repeat","background-position":"center center","background-size":"auto","background-attachment":"scroll","background-type":"","background-media":"","overlay-type":"","overlay-color":"","overlay-opacity":"","overlay-gradient":""},"mobile":{"background-color":"","background-image":"","background-repeat":"repeat","background-position":"center center","background-size":"auto","background-attachment":"scroll","background-type":"","background-media":"","overlay-type":"","overlay-color":"","overlay-opacity":"","overlay-gradient":""}},"ast-content-background-meta":{"desktop":{"background-color":"var(--ast-global-color-5)","background-image":"","background-repeat":"repeat","background-position":"center center","background-size":"auto","background-attachment":"scroll","background-type":"","background-media":"","overlay-type":"","overlay-color":"","overlay-opacity":"","overlay-gradient":""},"tablet":{"background-color":"var(--ast-global-color-5)","background-image":"","background-repeat":"repeat","background-position":"center center","background-size":"auto","background-attachment":"scroll","background-type":"","background-media":"","overlay-type":"","overlay-color":"","overlay-opacity":"","overlay-gradient":""},"mobile":{"background-color":"var(--ast-global-color-5)","background-image":"","background-repeat":"repeat","background-position":"center center","background-size":"auto","background-attachment":"scroll","background-type":"","background-media":"","overlay-type":"","overlay-color":"","overlay-opacity":"","overlay-gradient":""}}},"product_brand":[],"product_cat":[2884],"product_tag":[],"class_list":{"0":"post-4686","1":"product","2":"type-product","3":"status-publish","4":"has-post-thumbnail","6":"product_cat-medel-fr","7":"desktop-align-center","8":"tablet-align-center","9":"mobile-align-center","10":"ast-product-gallery-layout-horizontal-slider","11":"ast-product-gallery-with-no-image","12":"ast-product-tabs-layout-accordion","14":"first","15":"outofstock","16":"taxable","17":"shipping-taxable","18":"purchasable","19":"product-type-simple"},"yoast_head":"<!-- This site is optimized with the Yoast SEO plugin v27.5 - https:\/\/yoast.com\/product\/yoast-seo-wordpress\/ -->\n<title>Protection de l&#039;eau Medel WaterWear pour contour d&#039;oreille Opus 2 et Sonnet 2 im Onlineshop | Gleichcom AG<\/title>\n<meta name=\"description\" content=\"\u2705 WaterWear est un bo\u00eetier de protection compl\u00e8tement \u00e9tanche qui peut \u00eatre utilis\u00e9 pour le processeur audio OPUS 2 ou SONNET 2. (3 piece)\u00a0 Que vous alliez vous baigner dans le lac, la piscine ou la mer - la housse de protection WaterWear prot\u00e8ge votre processeur audio en toute s\u00e9curit\u00e9 et fiabilit\u00e9, que ce soit en eau douce, en eau sal\u00e9e ou en eau chlor\u00e9e.\" \/>\n<meta name=\"robots\" content=\"noindex, follow, max-snippet:-1, max-image-preview:large, max-video-preview:-1\" \/>\n<meta property=\"og:locale\" content=\"fr_FR\" \/>\n<meta property=\"og:type\" content=\"article\" \/>\n<meta property=\"og:title\" content=\"Protection de l&#039;eau Medel WaterWear pour contour d&#039;oreille Opus 2 et Sonnet 2 im Onlineshop | Gleichcom AG\" \/>\n<meta property=\"og:description\" content=\"\u2705 WaterWear est un bo\u00eetier de protection compl\u00e8tement \u00e9tanche qui peut \u00eatre utilis\u00e9 pour le processeur audio OPUS 2 ou SONNET 2. (3 piece)\u00a0 Que vous alliez vous baigner dans le lac, la piscine ou la mer - la housse de protection WaterWear prot\u00e8ge votre processeur audio en toute s\u00e9curit\u00e9 et fiabilit\u00e9, que ce soit en eau douce, en eau sal\u00e9e ou en eau chlor\u00e9e.\" \/>\n<meta property=\"og:url\" content=\"https:\/\/www.gleichcom.samuraidev.ch\/fr\/shop\/medel-wasserschutz-waterwear-fuer-opus-2-und-sonnet-2\/\" \/>\n<meta property=\"og:site_name\" content=\"Gleichcom AG\" \/>\n<meta property=\"article:publisher\" content=\"https:\/\/www.facebook.com\/profile.php?id=100068749126981\" \/>\n<meta property=\"og:image\" content=\"https:\/\/www.gleichcom.samuraidev.ch\/wp-content\/uploads\/2023\/09\/33068_WaterWearforBTE_01.jpg\" \/>\n\t<meta property=\"og:image:width\" content=\"500\" \/>\n\t<meta property=\"og:image:height\" content=\"402\" \/>\n\t<meta property=\"og:image:type\" content=\"image\/jpeg\" \/>\n<meta name=\"twitter:card\" content=\"summary_large_image\" \/>\n<script type=\"application\/ld+json\" class=\"yoast-schema-graph\">{\"@context\":\"https:\\\/\\\/schema.org\",\"@graph\":[{\"@type\":\"WebPage\",\"@id\":\"https:\\\/\\\/www.gleichcom.samuraidev.ch\\\/fr\\\/shop\\\/medel-wasserschutz-waterwear-fuer-opus-2-und-sonnet-2\\\/\",\"url\":\"https:\\\/\\\/www.gleichcom.samuraidev.ch\\\/fr\\\/shop\\\/medel-wasserschutz-waterwear-fuer-opus-2-und-sonnet-2\\\/\",\"name\":\"Protection de l'eau Medel WaterWear pour contour d'oreille Opus 2 et Sonnet 2 im Onlineshop | Gleichcom AG\",\"isPartOf\":{\"@id\":\"https:\\\/\\\/www.gleichcom.samuraidev.ch\\\/fr\\\/#website\"},\"primaryImageOfPage\":{\"@id\":\"https:\\\/\\\/www.gleichcom.samuraidev.ch\\\/fr\\\/shop\\\/medel-wasserschutz-waterwear-fuer-opus-2-und-sonnet-2\\\/#primaryimage\"},\"image\":{\"@id\":\"https:\\\/\\\/www.gleichcom.samuraidev.ch\\\/fr\\\/shop\\\/medel-wasserschutz-waterwear-fuer-opus-2-und-sonnet-2\\\/#primaryimage\"},\"thumbnailUrl\":\"https:\\\/\\\/www.gleichcom.samuraidev.ch\\\/wp-content\\\/uploads\\\/2023\\\/09\\\/33068_WaterWearforBTE_01.jpg\",\"datePublished\":\"2018-03-12T17:31:13+00:00\",\"description\":\"\u2705 WaterWear est un bo\u00eetier de protection compl\u00e8tement \u00e9tanche qui peut \u00eatre utilis\u00e9 pour le processeur audio OPUS 2 ou SONNET 2. (3 piece)\u00a0 Que vous alliez vous baigner dans le lac, la piscine ou la mer - la housse de protection WaterWear prot\u00e8ge votre processeur audio en toute s\u00e9curit\u00e9 et fiabilit\u00e9, que ce soit en eau douce, en eau sal\u00e9e ou en eau chlor\u00e9e.\",\"breadcrumb\":{\"@id\":\"https:\\\/\\\/www.gleichcom.samuraidev.ch\\\/fr\\\/shop\\\/medel-wasserschutz-waterwear-fuer-opus-2-und-sonnet-2\\\/#breadcrumb\"},\"inLanguage\":\"fr-FR\",\"potentialAction\":[{\"@type\":\"ReadAction\",\"target\":[\"https:\\\/\\\/www.gleichcom.samuraidev.ch\\\/fr\\\/shop\\\/medel-wasserschutz-waterwear-fuer-opus-2-und-sonnet-2\\\/\"]}]},{\"@type\":\"ImageObject\",\"inLanguage\":\"fr-FR\",\"@id\":\"https:\\\/\\\/www.gleichcom.samuraidev.ch\\\/fr\\\/shop\\\/medel-wasserschutz-waterwear-fuer-opus-2-und-sonnet-2\\\/#primaryimage\",\"url\":\"https:\\\/\\\/www.gleichcom.samuraidev.ch\\\/wp-content\\\/uploads\\\/2023\\\/09\\\/33068_WaterWearforBTE_01.jpg\",\"contentUrl\":\"https:\\\/\\\/www.gleichcom.samuraidev.ch\\\/wp-content\\\/uploads\\\/2023\\\/09\\\/33068_WaterWearforBTE_01.jpg\",\"width\":500,\"height\":402},{\"@type\":\"BreadcrumbList\",\"@id\":\"https:\\\/\\\/www.gleichcom.samuraidev.ch\\\/fr\\\/shop\\\/medel-wasserschutz-waterwear-fuer-opus-2-und-sonnet-2\\\/#breadcrumb\",\"itemListElement\":[{\"@type\":\"ListItem\",\"position\":1,\"name\":\"Startseite\",\"item\":\"https:\\\/\\\/www.gleichcom.samuraidev.ch\\\/fr\\\/\"},{\"@type\":\"ListItem\",\"position\":2,\"name\":\"Shop\",\"item\":\"https:\\\/\\\/www.gleichcom.samuraidev.ch\\\/fr\\\/shop\\\/\"},{\"@type\":\"ListItem\",\"position\":3,\"name\":\"Protection de l&#8217;eau Medel WaterWear pour contour d&#8217;oreille Opus 2 et Sonnet 2\"}]},{\"@type\":\"WebSite\",\"@id\":\"https:\\\/\\\/www.gleichcom.samuraidev.ch\\\/fr\\\/#website\",\"url\":\"https:\\\/\\\/www.gleichcom.samuraidev.ch\\\/fr\\\/\",\"name\":\"Gleichcom AG\",\"description\":\"besser h\u00f6ren. besser sehen. besser leben.\",\"publisher\":{\"@id\":\"https:\\\/\\\/www.gleichcom.samuraidev.ch\\\/fr\\\/#organization\"},\"alternateName\":\"Gleichcom\",\"potentialAction\":[{\"@type\":\"SearchAction\",\"target\":{\"@type\":\"EntryPoint\",\"urlTemplate\":\"https:\\\/\\\/www.gleichcom.samuraidev.ch\\\/fr\\\/?s={search_term_string}\"},\"query-input\":{\"@type\":\"PropertyValueSpecification\",\"valueRequired\":true,\"valueName\":\"search_term_string\"}}],\"inLanguage\":\"fr-FR\"},{\"@type\":\"Organization\",\"@id\":\"https:\\\/\\\/www.gleichcom.samuraidev.ch\\\/fr\\\/#organization\",\"name\":\"Gleichcom AG\",\"alternateName\":\"Gleichcom\",\"url\":\"https:\\\/\\\/www.gleichcom.samuraidev.ch\\\/fr\\\/\",\"logo\":{\"@type\":\"ImageObject\",\"inLanguage\":\"fr-FR\",\"@id\":\"https:\\\/\\\/www.gleichcom.samuraidev.ch\\\/fr\\\/#\\\/schema\\\/logo\\\/image\\\/\",\"url\":\"https:\\\/\\\/www.gleichcom.samuraidev.ch\\\/wp-content\\\/uploads\\\/2023\\\/09\\\/gleichcom-ag-logo-quadrat-farbig-mitte@696.png\",\"contentUrl\":\"https:\\\/\\\/www.gleichcom.samuraidev.ch\\\/wp-content\\\/uploads\\\/2023\\\/09\\\/gleichcom-ag-logo-quadrat-farbig-mitte@696.png\",\"width\":437,\"height\":437,\"caption\":\"Gleichcom AG\"},\"image\":{\"@id\":\"https:\\\/\\\/www.gleichcom.samuraidev.ch\\\/fr\\\/#\\\/schema\\\/logo\\\/image\\\/\"},\"sameAs\":[\"https:\\\/\\\/www.facebook.com\\\/profile.php?id=100068749126981\"]}]}<\/script>\n<!-- \/ Yoast SEO plugin. -->","yoast_head_json":{"title":"Protection de l'eau Medel WaterWear pour contour d'oreille Opus 2 et Sonnet 2 im Onlineshop | Gleichcom AG","description":"\u2705 WaterWear est un bo\u00eetier de protection compl\u00e8tement \u00e9tanche qui peut \u00eatre utilis\u00e9 pour le processeur audio OPUS 2 ou SONNET 2. (3 piece)\u00a0 Que vous alliez vous baigner dans le lac, la piscine ou la mer - la housse de protection WaterWear prot\u00e8ge votre processeur audio en toute s\u00e9curit\u00e9 et fiabilit\u00e9, que ce soit en eau douce, en eau sal\u00e9e ou en eau chlor\u00e9e.","robots":{"index":"noindex","follow":"follow","max-snippet":"max-snippet:-1","max-image-preview":"max-image-preview:large","max-video-preview":"max-video-preview:-1"},"og_locale":"fr_FR","og_type":"article","og_title":"Protection de l'eau Medel WaterWear pour contour d'oreille Opus 2 et Sonnet 2 im Onlineshop | Gleichcom AG","og_description":"\u2705 WaterWear est un bo\u00eetier de protection compl\u00e8tement \u00e9tanche qui peut \u00eatre utilis\u00e9 pour le processeur audio OPUS 2 ou SONNET 2. (3 piece)\u00a0 Que vous alliez vous baigner dans le lac, la piscine ou la mer - la housse de protection WaterWear prot\u00e8ge votre processeur audio en toute s\u00e9curit\u00e9 et fiabilit\u00e9, que ce soit en eau douce, en eau sal\u00e9e ou en eau chlor\u00e9e.","og_url":"https:\/\/www.gleichcom.samuraidev.ch\/fr\/shop\/medel-wasserschutz-waterwear-fuer-opus-2-und-sonnet-2\/","og_site_name":"Gleichcom AG","article_publisher":"https:\/\/www.facebook.com\/profile.php?id=100068749126981","og_image":[{"width":500,"height":402,"url":"https:\/\/www.gleichcom.samuraidev.ch\/wp-content\/uploads\/2023\/09\/33068_WaterWearforBTE_01.jpg","type":"image\/jpeg"}],"twitter_card":"summary_large_image","schema":{"@context":"https:\/\/schema.org","@graph":[{"@type":"WebPage","@id":"https:\/\/www.gleichcom.samuraidev.ch\/fr\/shop\/medel-wasserschutz-waterwear-fuer-opus-2-und-sonnet-2\/","url":"https:\/\/www.gleichcom.samuraidev.ch\/fr\/shop\/medel-wasserschutz-waterwear-fuer-opus-2-und-sonnet-2\/","name":"Protection de l'eau Medel WaterWear pour contour d'oreille Opus 2 et Sonnet 2 im Onlineshop | Gleichcom AG","isPartOf":{"@id":"https:\/\/www.gleichcom.samuraidev.ch\/fr\/#website"},"primaryImageOfPage":{"@id":"https:\/\/www.gleichcom.samuraidev.ch\/fr\/shop\/medel-wasserschutz-waterwear-fuer-opus-2-und-sonnet-2\/#primaryimage"},"image":{"@id":"https:\/\/www.gleichcom.samuraidev.ch\/fr\/shop\/medel-wasserschutz-waterwear-fuer-opus-2-und-sonnet-2\/#primaryimage"},"thumbnailUrl":"https:\/\/www.gleichcom.samuraidev.ch\/wp-content\/uploads\/2023\/09\/33068_WaterWearforBTE_01.jpg","datePublished":"2018-03-12T17:31:13+00:00","description":"\u2705 WaterWear est un bo\u00eetier de protection compl\u00e8tement \u00e9tanche qui peut \u00eatre utilis\u00e9 pour le processeur audio OPUS 2 ou SONNET 2. (3 piece)\u00a0 Que vous alliez vous baigner dans le lac, la piscine ou la mer - la housse de protection WaterWear prot\u00e8ge votre processeur audio en toute s\u00e9curit\u00e9 et fiabilit\u00e9, que ce soit en eau douce, en eau sal\u00e9e ou en eau chlor\u00e9e.","breadcrumb":{"@id":"https:\/\/www.gleichcom.samuraidev.ch\/fr\/shop\/medel-wasserschutz-waterwear-fuer-opus-2-und-sonnet-2\/#breadcrumb"},"inLanguage":"fr-FR","potentialAction":[{"@type":"ReadAction","target":["https:\/\/www.gleichcom.samuraidev.ch\/fr\/shop\/medel-wasserschutz-waterwear-fuer-opus-2-und-sonnet-2\/"]}]},{"@type":"ImageObject","inLanguage":"fr-FR","@id":"https:\/\/www.gleichcom.samuraidev.ch\/fr\/shop\/medel-wasserschutz-waterwear-fuer-opus-2-und-sonnet-2\/#primaryimage","url":"https:\/\/www.gleichcom.samuraidev.ch\/wp-content\/uploads\/2023\/09\/33068_WaterWearforBTE_01.jpg","contentUrl":"https:\/\/www.gleichcom.samuraidev.ch\/wp-content\/uploads\/2023\/09\/33068_WaterWearforBTE_01.jpg","width":500,"height":402},{"@type":"BreadcrumbList","@id":"https:\/\/www.gleichcom.samuraidev.ch\/fr\/shop\/medel-wasserschutz-waterwear-fuer-opus-2-und-sonnet-2\/#breadcrumb","itemListElement":[{"@type":"ListItem","position":1,"name":"Startseite","item":"https:\/\/www.gleichcom.samuraidev.ch\/fr\/"},{"@type":"ListItem","position":2,"name":"Shop","item":"https:\/\/www.gleichcom.samuraidev.ch\/fr\/shop\/"},{"@type":"ListItem","position":3,"name":"Protection de l&#8217;eau Medel WaterWear pour contour d&#8217;oreille Opus 2 et Sonnet 2"}]},{"@type":"WebSite","@id":"https:\/\/www.gleichcom.samuraidev.ch\/fr\/#website","url":"https:\/\/www.gleichcom.samuraidev.ch\/fr\/","name":"Gleichcom AG","description":"besser h\u00f6ren. besser sehen. besser leben.","publisher":{"@id":"https:\/\/www.gleichcom.samuraidev.ch\/fr\/#organization"},"alternateName":"Gleichcom","potentialAction":[{"@type":"SearchAction","target":{"@type":"EntryPoint","urlTemplate":"https:\/\/www.gleichcom.samuraidev.ch\/fr\/?s={search_term_string}"},"query-input":{"@type":"PropertyValueSpecification","valueRequired":true,"valueName":"search_term_string"}}],"inLanguage":"fr-FR"},{"@type":"Organization","@id":"https:\/\/www.gleichcom.samuraidev.ch\/fr\/#organization","name":"Gleichcom AG","alternateName":"Gleichcom","url":"https:\/\/www.gleichcom.samuraidev.ch\/fr\/","logo":{"@type":"ImageObject","inLanguage":"fr-FR","@id":"https:\/\/www.gleichcom.samuraidev.ch\/fr\/#\/schema\/logo\/image\/","url":"https:\/\/www.gleichcom.samuraidev.ch\/wp-content\/uploads\/2023\/09\/gleichcom-ag-logo-quadrat-farbig-mitte@696.png","contentUrl":"https:\/\/www.gleichcom.samuraidev.ch\/wp-content\/uploads\/2023\/09\/gleichcom-ag-logo-quadrat-farbig-mitte@696.png","width":437,"height":437,"caption":"Gleichcom AG"},"image":{"@id":"https:\/\/www.gleichcom.samuraidev.ch\/fr\/#\/schema\/logo\/image\/"},"sameAs":["https:\/\/www.facebook.com\/profile.php?id=100068749126981"]}]}},"uagb_featured_image_src":{"full":["https:\/\/www.gleichcom.samuraidev.ch\/wp-content\/uploads\/2023\/09\/33068_WaterWearforBTE_01.jpg",500,402,false],"thumbnail":["https:\/\/www.gleichcom.samuraidev.ch\/wp-content\/uploads\/2023\/09\/33068_WaterWearforBTE_01.jpg",150,121,false],"medium":["https:\/\/www.gleichcom.samuraidev.ch\/wp-content\/uploads\/2023\/09\/33068_WaterWearforBTE_01.jpg",300,241,false],"medium_large":["https:\/\/www.gleichcom.samuraidev.ch\/wp-content\/uploads\/2023\/09\/33068_WaterWearforBTE_01.jpg",500,402,false],"large":["https:\/\/www.gleichcom.samuraidev.ch\/wp-content\/uploads\/2023\/09\/33068_WaterWearforBTE_01.jpg",500,402,false],"1536x1536":["https:\/\/www.gleichcom.samuraidev.ch\/wp-content\/uploads\/2023\/09\/33068_WaterWearforBTE_01.jpg",500,402,false],"2048x2048":["https:\/\/www.gleichcom.samuraidev.ch\/wp-content\/uploads\/2023\/09\/33068_WaterWearforBTE_01.jpg",500,402,false],"woocommerce_thumbnail":["https:\/\/www.gleichcom.samuraidev.ch\/wp-content\/uploads\/2023\/09\/33068_WaterWearforBTE_01.jpg",300,241,false],"woocommerce_single":["https:\/\/www.gleichcom.samuraidev.ch\/wp-content\/uploads\/2023\/09\/33068_WaterWearforBTE_01.jpg",500,402,false],"woocommerce_gallery_thumbnail":["https:\/\/www.gleichcom.samuraidev.ch\/wp-content\/uploads\/2023\/09\/33068_WaterWearforBTE_01-100x100.jpg",100,100,true]},"uagb_author_info":{"display_name":"","author_link":"https:\/\/www.gleichcom.samuraidev.ch\/fr\/author\/"},"uagb_comment_info":0,"uagb_excerpt":"WaterWear est un bo\u00eetier de protection compl\u00e8tement \u00e9tanche qui peut \u00eatre utilis\u00e9 pour le processeur audio OPUS 2 ou SONNET 2. (3 piece)\u00a0 Que vous alliez vous baigner dans le lac, la piscine ou la mer - la housse de protection WaterWear prot\u00e8ge votre processeur audio en toute s\u00e9curit\u00e9 et fiabilit\u00e9, que ce soit en\u2026","_links":{"self":[{"href":"https:\/\/www.gleichcom.samuraidev.ch\/fr\/wp-json\/wp\/v2\/product\/4686","targetHints":{"allow":["GET"]}}],"collection":[{"href":"https:\/\/www.gleichcom.samuraidev.ch\/fr\/wp-json\/wp\/v2\/product"}],"about":[{"href":"https:\/\/www.gleichcom.samuraidev.ch\/fr\/wp-json\/wp\/v2\/types\/product"}],"wp:featuredmedia":[{"embeddable":true,"href":"https:\/\/www.gleichcom.samuraidev.ch\/fr\/wp-json\/wp\/v2\/media\/4684"}],"wp:attachment":[{"href":"https:\/\/www.gleichcom.samuraidev.ch\/fr\/wp-json\/wp\/v2\/media?parent=4686"}],"wp:term":[{"taxonomy":"product_brand","embeddable":true,"href":"https:\/\/www.gleichcom.samuraidev.ch\/fr\/wp-json\/wp\/v2\/product_brand?post=4686"},{"taxonomy":"product_cat","embeddable":true,"href":"https:\/\/www.gleichcom.samuraidev.ch\/fr\/wp-json\/wp\/v2\/product_cat?post=4686"},{"taxonomy":"product_tag","embeddable":true,"href":"https:\/\/www.gleichcom.samuraidev.ch\/fr\/wp-json\/wp\/v2\/product_tag?post=4686"}],"curies":[{"name":"wp","href":"https:\/\/api.w.org\/{rel}","templated":true}]}}