{"id":4902,"date":"2018-06-03T18:11:13","date_gmt":"2018-06-03T16:11:13","guid":{"rendered":"https:\/\/www.gleichcom.samuraidev.ch\/?product=humantechnik-sonumaxx2-4-pr-pocket-empfaengerset"},"modified":"1000-01-01T00:00:00","modified_gmt":"1000-01-01T00:00:00","slug":"humantechnik-sonumaxx2-4-pr-pocket-empfaengerset","status":"publish","type":"product","link":"https:\/\/www.gleichcom.samuraidev.ch\/fr\/shop\/humantechnik-sonumaxx2-4-pr-pocket-empfaengerset\/","title":{"rendered":"Humantechnik Sonumaxx2.4 PR Ensemble r\u00e9cepteur de poche \u00a0"},"content":{"rendered":"<p><span style=\"color:#000000;\"><span style=\"font-size:16px;\"><strong>Humantechnik Sonumaxx2.4 PR Ensemble r\u00e9cepteur de poche<\/strong><br \/>\n\u00a0<\/span><br \/>\n<strong>\u00ab\u00a0sonumaxx 2.4 PR\u00a0\u00bb &#8211; syst\u00e8me auditif TV<\/strong><br \/>\n<strong>avec transmission 2,4 GHz, num\u00e9rique<\/strong><br \/>\n<strong>AVEC CONNEXION TOSLINK<\/strong><br \/>\n\u00a0<br \/>\nLa bande de fr\u00e9quence de 2,4 gigahertz permet la transmission sans fil de d\u00e9bits binaires \u00e9lev\u00e9s sans compression. Avec un volume r\u00e9glable jusqu&rsquo;\u00e0 120 dB, le \u00ab\u00a0sonumaxx 2.4\u00a0\u00bb convainc toujours par une reproduction sonore exceptionnellement claire et propre et un son diff\u00e9renci\u00e9 de qualit\u00e9 sup\u00e9rieure, sans interf\u00e9rences et s\u00fbr. Avec un seul bouton de commande, l&rsquo;utilisateur peut r\u00e9gler individuellement les tonalit\u00e9s aigu\u00ebs ou graves &#8211; soit s\u00e9lectivement, soit simultan\u00e9ment toutes les fr\u00e9quences. Le r\u00e9glage du volume s&rsquo;effectue \u00e0 l&rsquo;aide d&rsquo;un bouton rotatif.<br \/>\n\u00a0<br \/>\nSon TV ou communication ? \u00ab\u00a0<strong>Sonumaxx 2.4&Prime;<\/strong> supporte les deux.<br \/>\nLe \u00ab\u00a0sonumaxx 2.4\u00a0\u00bb se distingue par la possibilit\u00e9 de passer de la r\u00e9ception du son TV \u00e0 la communication par simple pression d&rsquo;un bouton. Ensuite, un microphone int\u00e9gr\u00e9 capte les sons de l&rsquo;environnement et les amplifie via le r\u00e9cepteur de la jugulaire. Il est ainsi possible de parler \u00e0 d&rsquo;autres personnes dans la pi\u00e8ce \u00e0 tout moment.<br \/>\n\u00a0<br \/>\n<strong>\u00ab\u00a0sonumaxx 2.4<\/strong> PR Set\u00a0\u00bb avec \u00ab\u00a0Pocket Receiver\u00a0\u00bb : Raccordement selon les besoins<br \/>\nLe r\u00e9cepteur de poche offre plus de polyvalence et d&rsquo;individualit\u00e9. Il permet la connexion de tous les composants audio disponibles dans le commerce, tels que casques, \u00e9couteurs ou casques avec connexion jack 3,5 mm.<br \/>\nUne boucle t\u00e9l\u00e9phonique pour l&rsquo;audition inductive est incluse dans la livraison du r\u00e9cepteur de poche.<br \/>\n\u00a0<br \/>\n<strong>Contenu de la livraison:<\/strong><\/span><\/p>\n<ul>\n<li><span style=\"color:#000000;\">&#8211; Set avec \u00e9metteur et r\u00e9cepteur de poche (2 piles incluses)<\/span><\/li>\n<li><span style=\"color:#000000;\">&#8211; boucle t\u00e9l\u00e9phonique<\/span><\/li>\n<\/ul>\n","protected":false},"excerpt":{"rendered":"<p>Le r\u00e9cepteur de poche offre plus de polyvalence et d&rsquo;individualit\u00e9. Il permet la connexion de tous les composants audio disponibles dans le commerce, tels que casques, \u00e9couteurs ou casques avec connexion jack 3,5 mm.<br \/>\nUne boucle t\u00e9l\u00e9phonique pour l&rsquo;audition inductive est incluse dans la livraison du r\u00e9cepteur de poche.<\/p>\n","protected":false},"featured_media":4894,"template":"","meta":{"inline_featured_image":false,"_uag_custom_page_level_css":"","site-sidebar-layout":"default","site-content-layout":"","ast-site-content-layout":"default","site-content-style":"default","site-sidebar-style":"default","ast-global-header-display":"","ast-banner-title-visibility":"","ast-main-header-display":"","ast-hfb-above-header-display":"","ast-hfb-below-header-display":"","ast-hfb-mobile-header-display":"","site-post-title":"","ast-breadcrumbs-content":"","ast-featured-img":"","footer-sml-layout":"","ast-disable-related-posts":"","theme-transparent-header-meta":"","adv-header-id-meta":"","stick-header-meta":"","header-above-stick-meta":"","header-main-stick-meta":"","header-below-stick-meta":"","astra-migrate-meta-layouts":"default","ast-page-background-enabled":"default","ast-page-background-meta":{"desktop":{"background-color":"","background-image":"","background-repeat":"repeat","background-position":"center center","background-size":"auto","background-attachment":"scroll","background-type":"","background-media":"","overlay-type":"","overlay-color":"","overlay-opacity":"","overlay-gradient":""},"tablet":{"background-color":"","background-image":"","background-repeat":"repeat","background-position":"center center","background-size":"auto","background-attachment":"scroll","background-type":"","background-media":"","overlay-type":"","overlay-color":"","overlay-opacity":"","overlay-gradient":""},"mobile":{"background-color":"","background-image":"","background-repeat":"repeat","background-position":"center center","background-size":"auto","background-attachment":"scroll","background-type":"","background-media":"","overlay-type":"","overlay-color":"","overlay-opacity":"","overlay-gradient":""}},"ast-content-background-meta":{"desktop":{"background-color":"var(--ast-global-color-5)","background-image":"","background-repeat":"repeat","background-position":"center center","background-size":"auto","background-attachment":"scroll","background-type":"","background-media":"","overlay-type":"","overlay-color":"","overlay-opacity":"","overlay-gradient":""},"tablet":{"background-color":"var(--ast-global-color-5)","background-image":"","background-repeat":"repeat","background-position":"center center","background-size":"auto","background-attachment":"scroll","background-type":"","background-media":"","overlay-type":"","overlay-color":"","overlay-opacity":"","overlay-gradient":""},"mobile":{"background-color":"var(--ast-global-color-5)","background-image":"","background-repeat":"repeat","background-position":"center center","background-size":"auto","background-attachment":"scroll","background-type":"","background-media":"","overlay-type":"","overlay-color":"","overlay-opacity":"","overlay-gradient":""}}},"product_brand":[],"product_cat":[2904],"product_tag":[],"class_list":{"0":"post-4902","1":"product","2":"type-product","3":"status-publish","4":"has-post-thumbnail","6":"product_cat-ecouteurs-fr","7":"desktop-align-center","8":"tablet-align-center","9":"mobile-align-center","10":"ast-product-gallery-layout-horizontal-slider","11":"ast-product-tabs-layout-accordion","13":"first","14":"outofstock","15":"taxable","16":"shipping-taxable","17":"purchasable","18":"product-type-simple"},"yoast_head":"<!-- This site is optimized with the Yoast SEO plugin v27.6 - https:\/\/yoast.com\/product\/yoast-seo-wordpress\/ -->\n<title>Humantechnik Sonumaxx2.4 PR Ensemble r\u00e9cepteur de poche \u00a0 im Onlineshop | Gleichcom AG<\/title>\n<meta name=\"description\" content=\"\u2705 Le r\u00e9cepteur de poche offre plus de polyvalence et d&#039;individualit\u00e9. Il permet la connexion de tous les composants audio disponibles dans le commerce, tels que casques, \u00e9couteurs ou casques avec connexion jack 3,5 mm. Une boucle t\u00e9l\u00e9phonique pour l&#039;audition inductive est incluse dans la livraison du r\u00e9cepteur de poche.\" \/>\n<meta name=\"robots\" content=\"noindex, follow, max-snippet:-1, max-image-preview:large, max-video-preview:-1\" \/>\n<meta property=\"og:locale\" content=\"fr_FR\" \/>\n<meta property=\"og:type\" content=\"article\" \/>\n<meta property=\"og:title\" content=\"Humantechnik Sonumaxx2.4 PR Ensemble r\u00e9cepteur de poche \u00a0 im Onlineshop | Gleichcom AG\" \/>\n<meta property=\"og:description\" content=\"\u2705 Le r\u00e9cepteur de poche offre plus de polyvalence et d&#039;individualit\u00e9. Il permet la connexion de tous les composants audio disponibles dans le commerce, tels que casques, \u00e9couteurs ou casques avec connexion jack 3,5 mm. Une boucle t\u00e9l\u00e9phonique pour l&#039;audition inductive est incluse dans la livraison du r\u00e9cepteur de poche.\" \/>\n<meta property=\"og:url\" content=\"https:\/\/www.gleichcom.samuraidev.ch\/fr\/shop\/humantechnik-sonumaxx2-4-pr-pocket-empfaengerset\/\" \/>\n<meta property=\"og:site_name\" content=\"Gleichcom AG\" \/>\n<meta property=\"article:publisher\" content=\"https:\/\/www.facebook.com\/profile.php?id=100068749126981\" \/>\n<meta property=\"og:image\" content=\"https:\/\/www.gleichcom.samuraidev.ch\/wp-content\/uploads\/2023\/09\/4118.jpg\" \/>\n\t<meta property=\"og:image:width\" content=\"500\" \/>\n\t<meta property=\"og:image:height\" content=\"500\" \/>\n\t<meta property=\"og:image:type\" content=\"image\/jpeg\" \/>\n<meta name=\"twitter:card\" content=\"summary_large_image\" \/>\n<script type=\"application\/ld+json\" class=\"yoast-schema-graph\">{\"@context\":\"https:\\\/\\\/schema.org\",\"@graph\":[{\"@type\":\"WebPage\",\"@id\":\"https:\\\/\\\/www.gleichcom.samuraidev.ch\\\/fr\\\/shop\\\/humantechnik-sonumaxx2-4-pr-pocket-empfaengerset\\\/\",\"url\":\"https:\\\/\\\/www.gleichcom.samuraidev.ch\\\/fr\\\/shop\\\/humantechnik-sonumaxx2-4-pr-pocket-empfaengerset\\\/\",\"name\":\"Humantechnik Sonumaxx2.4 PR Ensemble r\u00e9cepteur de poche \u00a0 im Onlineshop | Gleichcom AG\",\"isPartOf\":{\"@id\":\"https:\\\/\\\/www.gleichcom.samuraidev.ch\\\/fr\\\/#website\"},\"primaryImageOfPage\":{\"@id\":\"https:\\\/\\\/www.gleichcom.samuraidev.ch\\\/fr\\\/shop\\\/humantechnik-sonumaxx2-4-pr-pocket-empfaengerset\\\/#primaryimage\"},\"image\":{\"@id\":\"https:\\\/\\\/www.gleichcom.samuraidev.ch\\\/fr\\\/shop\\\/humantechnik-sonumaxx2-4-pr-pocket-empfaengerset\\\/#primaryimage\"},\"thumbnailUrl\":\"https:\\\/\\\/www.gleichcom.samuraidev.ch\\\/wp-content\\\/uploads\\\/2023\\\/09\\\/4118.jpg\",\"datePublished\":\"2018-06-03T16:11:13+00:00\",\"description\":\"\u2705 Le r\u00e9cepteur de poche offre plus de polyvalence et d'individualit\u00e9. Il permet la connexion de tous les composants audio disponibles dans le commerce, tels que casques, \u00e9couteurs ou casques avec connexion jack 3,5 mm. Une boucle t\u00e9l\u00e9phonique pour l'audition inductive est incluse dans la livraison du r\u00e9cepteur de poche.\",\"breadcrumb\":{\"@id\":\"https:\\\/\\\/www.gleichcom.samuraidev.ch\\\/fr\\\/shop\\\/humantechnik-sonumaxx2-4-pr-pocket-empfaengerset\\\/#breadcrumb\"},\"inLanguage\":\"fr-FR\",\"potentialAction\":[{\"@type\":\"ReadAction\",\"target\":[\"https:\\\/\\\/www.gleichcom.samuraidev.ch\\\/fr\\\/shop\\\/humantechnik-sonumaxx2-4-pr-pocket-empfaengerset\\\/\"]}]},{\"@type\":\"ImageObject\",\"inLanguage\":\"fr-FR\",\"@id\":\"https:\\\/\\\/www.gleichcom.samuraidev.ch\\\/fr\\\/shop\\\/humantechnik-sonumaxx2-4-pr-pocket-empfaengerset\\\/#primaryimage\",\"url\":\"https:\\\/\\\/www.gleichcom.samuraidev.ch\\\/wp-content\\\/uploads\\\/2023\\\/09\\\/4118.jpg\",\"contentUrl\":\"https:\\\/\\\/www.gleichcom.samuraidev.ch\\\/wp-content\\\/uploads\\\/2023\\\/09\\\/4118.jpg\",\"width\":500,\"height\":500},{\"@type\":\"BreadcrumbList\",\"@id\":\"https:\\\/\\\/www.gleichcom.samuraidev.ch\\\/fr\\\/shop\\\/humantechnik-sonumaxx2-4-pr-pocket-empfaengerset\\\/#breadcrumb\",\"itemListElement\":[{\"@type\":\"ListItem\",\"position\":1,\"name\":\"Startseite\",\"item\":\"https:\\\/\\\/www.gleichcom.samuraidev.ch\\\/fr\\\/\"},{\"@type\":\"ListItem\",\"position\":2,\"name\":\"Shop\",\"item\":\"https:\\\/\\\/www.gleichcom.samuraidev.ch\\\/fr\\\/shop\\\/\"},{\"@type\":\"ListItem\",\"position\":3,\"name\":\"Humantechnik Sonumaxx2.4 PR Ensemble r\u00e9cepteur de poche \u00a0\"}]},{\"@type\":\"WebSite\",\"@id\":\"https:\\\/\\\/www.gleichcom.samuraidev.ch\\\/fr\\\/#website\",\"url\":\"https:\\\/\\\/www.gleichcom.samuraidev.ch\\\/fr\\\/\",\"name\":\"Gleichcom AG\",\"description\":\"besser h\u00f6ren. besser sehen. besser leben.\",\"publisher\":{\"@id\":\"https:\\\/\\\/www.gleichcom.samuraidev.ch\\\/fr\\\/#organization\"},\"alternateName\":\"Gleichcom\",\"potentialAction\":[{\"@type\":\"SearchAction\",\"target\":{\"@type\":\"EntryPoint\",\"urlTemplate\":\"https:\\\/\\\/www.gleichcom.samuraidev.ch\\\/fr\\\/?s={search_term_string}\"},\"query-input\":{\"@type\":\"PropertyValueSpecification\",\"valueRequired\":true,\"valueName\":\"search_term_string\"}}],\"inLanguage\":\"fr-FR\"},{\"@type\":\"Organization\",\"@id\":\"https:\\\/\\\/www.gleichcom.samuraidev.ch\\\/fr\\\/#organization\",\"name\":\"Gleichcom AG\",\"alternateName\":\"Gleichcom\",\"url\":\"https:\\\/\\\/www.gleichcom.samuraidev.ch\\\/fr\\\/\",\"logo\":{\"@type\":\"ImageObject\",\"inLanguage\":\"fr-FR\",\"@id\":\"https:\\\/\\\/www.gleichcom.samuraidev.ch\\\/fr\\\/#\\\/schema\\\/logo\\\/image\\\/\",\"url\":\"https:\\\/\\\/www.gleichcom.samuraidev.ch\\\/wp-content\\\/uploads\\\/2023\\\/09\\\/gleichcom-ag-logo-quadrat-farbig-mitte@696.png\",\"contentUrl\":\"https:\\\/\\\/www.gleichcom.samuraidev.ch\\\/wp-content\\\/uploads\\\/2023\\\/09\\\/gleichcom-ag-logo-quadrat-farbig-mitte@696.png\",\"width\":437,\"height\":437,\"caption\":\"Gleichcom AG\"},\"image\":{\"@id\":\"https:\\\/\\\/www.gleichcom.samuraidev.ch\\\/fr\\\/#\\\/schema\\\/logo\\\/image\\\/\"},\"sameAs\":[\"https:\\\/\\\/www.facebook.com\\\/profile.php?id=100068749126981\"]}]}<\/script>\n<!-- \/ Yoast SEO plugin. -->","yoast_head_json":{"title":"Humantechnik Sonumaxx2.4 PR Ensemble r\u00e9cepteur de poche \u00a0 im Onlineshop | Gleichcom AG","description":"\u2705 Le r\u00e9cepteur de poche offre plus de polyvalence et d'individualit\u00e9. Il permet la connexion de tous les composants audio disponibles dans le commerce, tels que casques, \u00e9couteurs ou casques avec connexion jack 3,5 mm. Une boucle t\u00e9l\u00e9phonique pour l'audition inductive est incluse dans la livraison du r\u00e9cepteur de poche.","robots":{"index":"noindex","follow":"follow","max-snippet":"max-snippet:-1","max-image-preview":"max-image-preview:large","max-video-preview":"max-video-preview:-1"},"og_locale":"fr_FR","og_type":"article","og_title":"Humantechnik Sonumaxx2.4 PR Ensemble r\u00e9cepteur de poche \u00a0 im Onlineshop | Gleichcom AG","og_description":"\u2705 Le r\u00e9cepteur de poche offre plus de polyvalence et d'individualit\u00e9. Il permet la connexion de tous les composants audio disponibles dans le commerce, tels que casques, \u00e9couteurs ou casques avec connexion jack 3,5 mm. Une boucle t\u00e9l\u00e9phonique pour l'audition inductive est incluse dans la livraison du r\u00e9cepteur de poche.","og_url":"https:\/\/www.gleichcom.samuraidev.ch\/fr\/shop\/humantechnik-sonumaxx2-4-pr-pocket-empfaengerset\/","og_site_name":"Gleichcom AG","article_publisher":"https:\/\/www.facebook.com\/profile.php?id=100068749126981","og_image":[{"width":500,"height":500,"url":"https:\/\/www.gleichcom.samuraidev.ch\/wp-content\/uploads\/2023\/09\/4118.jpg","type":"image\/jpeg"}],"twitter_card":"summary_large_image","schema":{"@context":"https:\/\/schema.org","@graph":[{"@type":"WebPage","@id":"https:\/\/www.gleichcom.samuraidev.ch\/fr\/shop\/humantechnik-sonumaxx2-4-pr-pocket-empfaengerset\/","url":"https:\/\/www.gleichcom.samuraidev.ch\/fr\/shop\/humantechnik-sonumaxx2-4-pr-pocket-empfaengerset\/","name":"Humantechnik Sonumaxx2.4 PR Ensemble r\u00e9cepteur de poche \u00a0 im Onlineshop | Gleichcom AG","isPartOf":{"@id":"https:\/\/www.gleichcom.samuraidev.ch\/fr\/#website"},"primaryImageOfPage":{"@id":"https:\/\/www.gleichcom.samuraidev.ch\/fr\/shop\/humantechnik-sonumaxx2-4-pr-pocket-empfaengerset\/#primaryimage"},"image":{"@id":"https:\/\/www.gleichcom.samuraidev.ch\/fr\/shop\/humantechnik-sonumaxx2-4-pr-pocket-empfaengerset\/#primaryimage"},"thumbnailUrl":"https:\/\/www.gleichcom.samuraidev.ch\/wp-content\/uploads\/2023\/09\/4118.jpg","datePublished":"2018-06-03T16:11:13+00:00","description":"\u2705 Le r\u00e9cepteur de poche offre plus de polyvalence et d'individualit\u00e9. Il permet la connexion de tous les composants audio disponibles dans le commerce, tels que casques, \u00e9couteurs ou casques avec connexion jack 3,5 mm. Une boucle t\u00e9l\u00e9phonique pour l'audition inductive est incluse dans la livraison du r\u00e9cepteur de poche.","breadcrumb":{"@id":"https:\/\/www.gleichcom.samuraidev.ch\/fr\/shop\/humantechnik-sonumaxx2-4-pr-pocket-empfaengerset\/#breadcrumb"},"inLanguage":"fr-FR","potentialAction":[{"@type":"ReadAction","target":["https:\/\/www.gleichcom.samuraidev.ch\/fr\/shop\/humantechnik-sonumaxx2-4-pr-pocket-empfaengerset\/"]}]},{"@type":"ImageObject","inLanguage":"fr-FR","@id":"https:\/\/www.gleichcom.samuraidev.ch\/fr\/shop\/humantechnik-sonumaxx2-4-pr-pocket-empfaengerset\/#primaryimage","url":"https:\/\/www.gleichcom.samuraidev.ch\/wp-content\/uploads\/2023\/09\/4118.jpg","contentUrl":"https:\/\/www.gleichcom.samuraidev.ch\/wp-content\/uploads\/2023\/09\/4118.jpg","width":500,"height":500},{"@type":"BreadcrumbList","@id":"https:\/\/www.gleichcom.samuraidev.ch\/fr\/shop\/humantechnik-sonumaxx2-4-pr-pocket-empfaengerset\/#breadcrumb","itemListElement":[{"@type":"ListItem","position":1,"name":"Startseite","item":"https:\/\/www.gleichcom.samuraidev.ch\/fr\/"},{"@type":"ListItem","position":2,"name":"Shop","item":"https:\/\/www.gleichcom.samuraidev.ch\/fr\/shop\/"},{"@type":"ListItem","position":3,"name":"Humantechnik Sonumaxx2.4 PR Ensemble r\u00e9cepteur de poche \u00a0"}]},{"@type":"WebSite","@id":"https:\/\/www.gleichcom.samuraidev.ch\/fr\/#website","url":"https:\/\/www.gleichcom.samuraidev.ch\/fr\/","name":"Gleichcom AG","description":"besser h\u00f6ren. besser sehen. besser leben.","publisher":{"@id":"https:\/\/www.gleichcom.samuraidev.ch\/fr\/#organization"},"alternateName":"Gleichcom","potentialAction":[{"@type":"SearchAction","target":{"@type":"EntryPoint","urlTemplate":"https:\/\/www.gleichcom.samuraidev.ch\/fr\/?s={search_term_string}"},"query-input":{"@type":"PropertyValueSpecification","valueRequired":true,"valueName":"search_term_string"}}],"inLanguage":"fr-FR"},{"@type":"Organization","@id":"https:\/\/www.gleichcom.samuraidev.ch\/fr\/#organization","name":"Gleichcom AG","alternateName":"Gleichcom","url":"https:\/\/www.gleichcom.samuraidev.ch\/fr\/","logo":{"@type":"ImageObject","inLanguage":"fr-FR","@id":"https:\/\/www.gleichcom.samuraidev.ch\/fr\/#\/schema\/logo\/image\/","url":"https:\/\/www.gleichcom.samuraidev.ch\/wp-content\/uploads\/2023\/09\/gleichcom-ag-logo-quadrat-farbig-mitte@696.png","contentUrl":"https:\/\/www.gleichcom.samuraidev.ch\/wp-content\/uploads\/2023\/09\/gleichcom-ag-logo-quadrat-farbig-mitte@696.png","width":437,"height":437,"caption":"Gleichcom AG"},"image":{"@id":"https:\/\/www.gleichcom.samuraidev.ch\/fr\/#\/schema\/logo\/image\/"},"sameAs":["https:\/\/www.facebook.com\/profile.php?id=100068749126981"]}]}},"uagb_featured_image_src":{"full":["https:\/\/www.gleichcom.samuraidev.ch\/wp-content\/uploads\/2023\/09\/4118.jpg",500,500,false],"thumbnail":["https:\/\/www.gleichcom.samuraidev.ch\/wp-content\/uploads\/2023\/09\/4118.jpg",150,150,false],"medium":["https:\/\/www.gleichcom.samuraidev.ch\/wp-content\/uploads\/2023\/09\/4118.jpg",300,300,false],"medium_large":["https:\/\/www.gleichcom.samuraidev.ch\/wp-content\/uploads\/2023\/09\/4118.jpg",500,500,false],"large":["https:\/\/www.gleichcom.samuraidev.ch\/wp-content\/uploads\/2023\/09\/4118.jpg",500,500,false],"1536x1536":["https:\/\/www.gleichcom.samuraidev.ch\/wp-content\/uploads\/2023\/09\/4118.jpg",500,500,false],"2048x2048":["https:\/\/www.gleichcom.samuraidev.ch\/wp-content\/uploads\/2023\/09\/4118.jpg",500,500,false],"woocommerce_thumbnail":["https:\/\/www.gleichcom.samuraidev.ch\/wp-content\/uploads\/2023\/09\/4118.jpg",300,300,false],"woocommerce_single":["https:\/\/www.gleichcom.samuraidev.ch\/wp-content\/uploads\/2023\/09\/4118.jpg",500,500,false],"woocommerce_gallery_thumbnail":["https:\/\/www.gleichcom.samuraidev.ch\/wp-content\/uploads\/2023\/09\/4118.jpg",100,100,false]},"uagb_author_info":{"display_name":"","author_link":"https:\/\/www.gleichcom.samuraidev.ch\/fr\/author\/"},"uagb_comment_info":0,"uagb_excerpt":"Le r\u00e9cepteur de poche offre plus de polyvalence et d'individualit\u00e9. Il permet la connexion de tous les composants audio disponibles dans le commerce, tels que casques, \u00e9couteurs ou casques avec connexion jack 3,5 mm. Une boucle t\u00e9l\u00e9phonique pour l'audition inductive est incluse dans la livraison du r\u00e9cepteur de poche.","_links":{"self":[{"href":"https:\/\/www.gleichcom.samuraidev.ch\/fr\/wp-json\/wp\/v2\/product\/4902","targetHints":{"allow":["GET"]}}],"collection":[{"href":"https:\/\/www.gleichcom.samuraidev.ch\/fr\/wp-json\/wp\/v2\/product"}],"about":[{"href":"https:\/\/www.gleichcom.samuraidev.ch\/fr\/wp-json\/wp\/v2\/types\/product"}],"wp:featuredmedia":[{"embeddable":true,"href":"https:\/\/www.gleichcom.samuraidev.ch\/fr\/wp-json\/wp\/v2\/media\/4894"}],"wp:attachment":[{"href":"https:\/\/www.gleichcom.samuraidev.ch\/fr\/wp-json\/wp\/v2\/media?parent=4902"}],"wp:term":[{"taxonomy":"product_brand","embeddable":true,"href":"https:\/\/www.gleichcom.samuraidev.ch\/fr\/wp-json\/wp\/v2\/product_brand?post=4902"},{"taxonomy":"product_cat","embeddable":true,"href":"https:\/\/www.gleichcom.samuraidev.ch\/fr\/wp-json\/wp\/v2\/product_cat?post=4902"},{"taxonomy":"product_tag","embeddable":true,"href":"https:\/\/www.gleichcom.samuraidev.ch\/fr\/wp-json\/wp\/v2\/product_tag?post=4902"}],"curies":[{"name":"wp","href":"https:\/\/api.w.org\/{rel}","templated":true}]}}